{"id":7336,"date":"2021-12-02T22:35:05","date_gmt":"2021-12-02T22:35:05","guid":{"rendered":"https:\/\/vandapower.eu\/abertax-e%c2%b2bms\/"},"modified":"2022-05-03T14:57:37","modified_gmt":"2022-05-03T14:57:37","slug":"abertax-e%c2%b2bms","status":"publish","type":"page","link":"https:\/\/vandapower.com\/it\/componenti-delle-batterie\/sistemi-di-gestione\/abertax-e%c2%b2bms\/","title":{"rendered":"ABERTAX e\u00b2BMS"},"content":{"rendered":"<p>[et_pb_section fb_built=&#8221;1&#8243; _builder_version=&#8221;4.9.7&#8243; _module_preset=&#8221;default&#8221; custom_padding=&#8221;0px||0px||true|false&#8221; da_disable_devices=&#8221;off|off|off&#8221; global_colors_info=&#8221;{}&#8221; da_is_popup=&#8221;off&#8221; da_exit_intent=&#8221;off&#8221; da_has_close=&#8221;on&#8221; da_alt_close=&#8221;off&#8221; da_dark_close=&#8221;off&#8221; da_not_modal=&#8221;on&#8221; da_is_singular=&#8221;off&#8221; da_with_loader=&#8221;off&#8221; da_has_shadow=&#8221;on&#8221;][et_pb_row module_class=&#8221;usp-header&#8221; _builder_version=&#8221;4.14.5&#8243; _module_preset=&#8221;default&#8221; width=&#8221;85%&#8221; custom_padding=&#8221;||0px||false|false&#8221; global_module=&#8221;2256&#8243; saved_tabs=&#8221;all&#8221; global_colors_info=&#8221;{}&#8221;][et_pb_column type=&#8221;4_4&#8243; _builder_version=&#8221;4.9.7&#8243; _module_preset=&#8221;default&#8221; global_colors_info=&#8221;{}&#8221;][et_pb_blurb image=&#8221;https:\/\/vandapower.eu\/wp-content\/uploads\/\/2021\/07\/One-stop-Shop.svg&#8221; icon_placement=&#8221;left&#8221; image_icon_width=&#8221;20px&#8221; _builder_version=&#8221;4.14.5&#8243; _module_preset=&#8221;default&#8221; body_font_size=&#8221;14px&#8221; body_line_height=&#8221;1.4em&#8221; width=&#8221;13%&#8221; width_tablet=&#8221;30%&#8221; width_phone=&#8221;100%&#8221; width_last_edited=&#8221;on|phone&#8221; custom_margin=&#8221;0px||10px||false|false&#8221; custom_padding=&#8221;||0px|0px|false|false&#8221; link_option_url=&#8221;https:\/\/vandapower.eu\/it\/perche-vandapower\/#onestop&#8221; custom_css_main_element=&#8221;display: inline-block;||&#8221; image_max_width=&#8221;20px&#8221; global_colors_info=&#8221;{}&#8221; content__hover_enabled=&#8221;off|hover&#8221; content__hover=&#8221;<\/p>\n<p><span style=%22text-decoration: underline;%22><span class=%22red%22>One-stop<\/span> shop<\/span><\/p>\n<p>&#8220;]<\/p>\n<p><span class=\"red\">Sportello <\/span>unico<\/p>\n<p>[\/et_pb_blurb][et_pb_blurb image=&#8221;https:\/\/vandapower.eu\/wp-content\/uploads\/\/2021\/07\/On-time-Delivery.svg&#8221; icon_placement=&#8221;left&#8221; image_icon_width=&#8221;20px&#8221; _builder_version=&#8221;4.14.5&#8243; _module_preset=&#8221;default&#8221; body_font_size=&#8221;14px&#8221; body_line_height=&#8221;1.4em&#8221; width=&#8221;16%&#8221; width_tablet=&#8221;30%&#8221; width_phone=&#8221;100%&#8221; width_last_edited=&#8221;on|phone&#8221; custom_margin=&#8221;0px||10px||false|false&#8221; custom_padding=&#8221;||0px|0px|false|false&#8221; link_option_url=&#8221;https:\/\/vandapower.eu\/it\/perche-vandapower\/#ontime&#8221; custom_css_main_element=&#8221;display: inline-block;&#8221; image_max_width=&#8221;20px&#8221; global_colors_info=&#8221;{}&#8221; content__hover_enabled=&#8221;off|hover&#8221; content__hover=&#8221;<\/p>\n<p><span style=%22text-decoration: underline;%22><span class=%22red%22>Tijdige<\/span> levering<\/span><\/p>\n<p>&#8220;]Consegna <span class=\"red\">puntuale<\/span>[\/et_pb_blurb][et_pb_blurb image=&#8221;https:\/\/vandapower.eu\/wp-content\/uploads\/\/2021\/07\/Independent-Technical-Advice.svg&#8221; icon_placement=&#8221;left&#8221; image_icon_width=&#8221;18px&#8221; content_last_edited=&#8221;off|desktop&#8221; _builder_version=&#8221;4.14.5&#8243; _module_preset=&#8221;default&#8221; body_font_size=&#8221;14px&#8221; body_line_height=&#8221;2em&#8221; width=&#8221;25%&#8221; width_tablet=&#8221;39%&#8221; width_phone=&#8221;100%&#8221; width_last_edited=&#8221;on|phone&#8221; custom_margin=&#8221;||5px||false|false&#8221; custom_padding=&#8221;||0px|0px|false|false&#8221; link_option_url=&#8221;https:\/\/vandapower.eu\/it\/perche-vandapower\/#independent&#8221; custom_css_main_element=&#8221;display: inline-block;&#8221; image_max_width=&#8221;18px&#8221; global_colors_info=&#8221;{}&#8221; content__hover_enabled=&#8221;off|desktop&#8221; content__hover=&#8221;<\/p>\n<p><span style=%22text-decoration: underline;%22>Onafhankelijk <span class=%22red%22>technisch advies<\/span><\/span><\/p>\n<p>&#8220;]<\/p>\n<p>Consulenza <span class=\"red\">tecnica indipendente<\/span><\/p>\n<p>[\/et_pb_blurb][\/et_pb_column][\/et_pb_row][\/et_pb_section][et_pb_section fb_built=&#8221;1&#8243; _builder_version=&#8221;4.9.7&#8243; _module_preset=&#8221;default&#8221; custom_padding=&#8221;0px||0px||false|false&#8221; da_disable_devices=&#8221;off|off|off&#8221; global_colors_info=&#8221;{}&#8221; da_is_popup=&#8221;off&#8221; da_exit_intent=&#8221;off&#8221; da_has_close=&#8221;on&#8221; da_alt_close=&#8221;off&#8221; da_dark_close=&#8221;off&#8221; da_not_modal=&#8221;on&#8221; da_is_singular=&#8221;off&#8221; da_with_loader=&#8221;off&#8221; da_has_shadow=&#8221;on&#8221;][et_pb_row column_structure=&#8221;2_3,1_3&#8243; _builder_version=&#8221;4.9.7&#8243; _module_preset=&#8221;default&#8221; global_colors_info=&#8221;{}&#8221;][et_pb_column type=&#8221;2_3&#8243; _builder_version=&#8221;4.9.7&#8243; _module_preset=&#8221;default&#8221; global_colors_info=&#8221;{}&#8221;][et_pb_text _builder_version=&#8221;4.9.7&#8243; _module_preset=&#8221;default&#8221; global_colors_info=&#8221;{}&#8221;]<\/p>\n<h1 class=\"red\">ABERTAX e\u00b2BMS<\/h1>\n<p>[\/et_pb_text][et_pb_text _builder_version=&#8221;4.14.7&#8243; _module_preset=&#8221;default&#8221; custom_margin=&#8221;||40px||false|false&#8221; global_colors_info=&#8221;{}&#8221;]<\/p>\n<p>e\u00b2 BMS \u00e8 uno dei sistemi di gestione delle batterie di Abertax Technologies nella nostra gamma. Ti fornisce informazioni sullo stato di tutte le tue batterie, come la tensione, il livello di acido, la temperatura, ecc. Non solo vi mostra lo stato attuale, ma memorizza anche i dati del passato. Questo rende il monitoraggio delle batterie molto pi\u00f9 facile.<\/p>\n<p>Il BMS pu\u00f2 essere facilmente installato da chiunque abbia familiarit\u00e0 con le batterie. Non \u00e8 necessario inviare qualcuno al piano di lavoro a causa del funzionamento senza fili. Tutto ci\u00f2 di cui avete bisogno \u00e8 un browser web.<\/p>\n<p>Questo BMS \u00e8 dotato di un proprio portale web, quindi non \u00e8 pi\u00f9 necessario controllare manualmente ogni batteria. Vi mostra lo stato di ogni batteria e indica quali batterie sono andate in allarme. Inoltre, \u00e8 possibile visualizzare facilmente i dati in grafici, generare rapporti e ricevere notifiche di allarme via e-mail.<\/p>\n<p><a href=\"\/wp-content\/uploads\/2021\/07\/Abertax-e%C2%B2BMS-product-sheet-V1512.pdf\" class=\"mtli_attachment mtli_pdf\" target=\"_blank\" rel=\"noopener\">Cliccate<\/a> per maggiori informazioni su e\u00b2BMS di Abertax o sui codici d&#8217;ordine. Non esitate a contattarci <a href=\"https:\/\/vandapower.eu\/it\/contatta\/\" target=\"_blank\" rel=\"noopener\">Contattateci<\/a> se avete delle domande. Siamo felici di aiutarvi a trovare il giusto BMS per la vostra specifica installazione. State cercando anche altri componenti? Essendo un negozio unico, Vandapower pu\u00f2 fornirvi quasi tutto ci\u00f2 di cui avete bisogno per le vostre batterie.<\/p>\n<p>[\/et_pb_text][\/et_pb_column][et_pb_column type=&#8221;1_3&#8243; _builder_version=&#8221;4.9.7&#8243; _module_preset=&#8221;default&#8221; global_colors_info=&#8221;{}&#8221;][et_pb_image src=&#8221;https:\/\/vandapower.eu\/wp-content\/uploads\/2021\/07\/e2BMS.jpg&#8221; title_text=&#8221;e2BMS&#8221; _builder_version=&#8221;4.9.7&#8243; _module_preset=&#8221;default&#8221; global_colors_info=&#8221;{}&#8221;][\/et_pb_image][\/et_pb_column][\/et_pb_row][et_pb_row column_structure=&#8221;1_2,1_2&#8243; make_equal=&#8221;on&#8221; _builder_version=&#8221;4.9.7&#8243; _module_preset=&#8221;default&#8221; custom_margin=&#8221;50px||50px||false|false&#8221; custom_padding=&#8221;||||false|false&#8221; global_colors_info=&#8221;{}&#8221;][et_pb_column type=&#8221;1_2&#8243; _builder_version=&#8221;4.9.7&#8243; _module_preset=&#8221;default&#8221; custom_padding=&#8221;20px|20px|20px|20px|true|true&#8221; border_width_all=&#8221;1px&#8221; border_color_all=&#8221;#e9e7e7&#8243; box_shadow_style=&#8221;preset4&#8243; box_shadow_horizontal=&#8221;4px&#8221; box_shadow_vertical=&#8221;4px&#8221; box_shadow_blur=&#8221;2px&#8221; box_shadow_color=&#8221;rgba(50,50,50,0.2)&#8221; global_colors_info=&#8221;{}&#8221;][et_pb_text module_class=&#8221;info-block&#8221; _builder_version=&#8221;4.9.7&#8243; _module_preset=&#8221;default&#8221; positioning=&#8221;relative&#8221; custom_margin=&#8221;||30px||false|false&#8221; border_color_all=&#8221;#e9e7e7&#8243; global_module=&#8221;3223&#8243; saved_tabs=&#8221;all&#8221; global_colors_info=&#8221;{}&#8221;]<\/p>\n<h2>Maggiori informazioni su questo prodotto?<\/h2>\n<p><span>Manteniamo una scorta della nostra gamma di prodotti con la quale siamo felici di aiutarti in caso di necessit\u00e0. Non esitate a contattarci in merito in modo che possiamo consigliarvi e aiutarvi.<\/span><\/p>\n<p>[\/et_pb_text][et_pb_button button_url=&#8221;@ET-DC@eyJkeW5hbWljIjp0cnVlLCJjb250ZW50IjoicG9zdF9saW5rX3VybF9wYWdlIiwic2V0dGluZ3MiOnsicG9zdF9pZCI6IjczIn19@&#8221; button_text=&#8221;Contattateci&#8221; _builder_version=&#8221;4.9.7&#8243; _dynamic_attributes=&#8221;button_url&#8221; _module_preset=&#8221;default&#8221; global_colors_info=&#8221;{}&#8221;][\/et_pb_button][\/et_pb_column][et_pb_column type=&#8221;1_2&#8243; _builder_version=&#8221;4.9.7&#8243; _module_preset=&#8221;default&#8221; custom_padding=&#8221;20px|20px|20px|20px|true|true&#8221; border_width_all=&#8221;1px&#8221; border_color_all=&#8221;#e9e7e7&#8243; box_shadow_style=&#8221;preset4&#8243; box_shadow_horizontal=&#8221;4px&#8221; box_shadow_vertical=&#8221;4px&#8221; box_shadow_blur=&#8221;2px&#8221; box_shadow_color=&#8221;rgba(50,50,50,0.2)&#8221; global_colors_info=&#8221;{}&#8221;][et_pb_text module_class=&#8221;info-block&#8221; _builder_version=&#8221;4.9.7&#8243; _module_preset=&#8221;default&#8221; positioning=&#8221;relative&#8221; custom_margin=&#8221;||0px||false|false&#8221; custom_padding=&#8221;||0px|||&#8221; border_color_all=&#8221;#e9e7e7&#8243; global_colors_info=&#8221;{}&#8221;]<\/p>\n<h2>Attachments<\/h2>\n<p>&nbsp;<\/p>\n<p>[\/et_pb_text][et_pb_text _builder_version=&#8221;4.9.7&#8243; _module_preset=&#8221;default&#8221; global_colors_info=&#8221;{}&#8221;]<a href=\"\/wp-content\/uploads\/2021\/07\/Abertax-e%C2%B2BMS-product-sheet-V1512.pdf\" class=\"mtli_attachment mtli_pdf\" target=\"_blank\" rel=\"attachment wp-att-3234 noopener\">Abertax e\u00b2BMS &#8211; scheda prodotto V1512<\/a>[\/et_pb_text][\/et_pb_column][\/et_pb_row][\/et_pb_section]<\/p>\n","protected":false},"excerpt":{"rendered":"<p>Sportello unicoConsegna puntualeConsulenza tecnica indipendenteABERTAX e\u00b2BMSe\u00b2 BMS \u00e8 uno dei sistemi di gestione delle batterie di Abertax Technologies nella nostra gamma. Ti fornisce informazioni sullo stato di tutte le tue batterie, come la tensione, il livello di acido, la temperatura, ecc. Non solo vi mostra lo stato attuale, ma memorizza anche i dati del passato. [&hellip;]<\/p>\n","protected":false},"author":1,"featured_media":0,"parent":7547,"menu_order":0,"comment_status":"closed","ping_status":"closed","template":"","meta":{"_et_pb_use_builder":"on","_et_pb_old_content":"","_et_gb_content_width":"","om_disable_all_campaigns":false,"inline_featured_image":false,"_monsterinsights_skip_tracking":false,"_monsterinsights_sitenote_active":false,"_monsterinsights_sitenote_note":"","_monsterinsights_sitenote_category":0,"_uf_show_specific_survey":0,"_uf_disable_surveys":false,"footnotes":""},"class_list":["post-7336","page","type-page","status-publish","hentry"],"yoast_head":"<!-- This site is optimized with the Yoast SEO plugin v27.3 - https:\/\/yoast.com\/product\/yoast-seo-wordpress\/ -->\n<title>ABERTAX e\u00b2BMS - Vandapower | Components and Cable Assemblies for Industrial Batteries<\/title>\n<meta name=\"robots\" content=\"index, follow, max-snippet:-1, max-image-preview:large, max-video-preview:-1\" \/>\n<link rel=\"canonical\" href=\"https:\/\/vandapower.com\/it\/componenti-delle-batterie\/sistemi-di-gestione\/abertax-e\u00b2bms\/\" \/>\n<meta property=\"og:locale\" content=\"it_IT\" \/>\n<meta property=\"og:type\" content=\"article\" \/>\n<meta property=\"og:title\" content=\"ABERTAX e\u00b2BMS - Vandapower | Components and Cable Assemblies for Industrial Batteries\" \/>\n<meta property=\"og:description\" content=\"Sportello unicoConsegna puntualeConsulenza tecnica indipendenteABERTAX e\u00b2BMSe\u00b2 BMS \u00e8 uno dei sistemi di gestione delle batterie di Abertax Technologies nella nostra gamma. Ti fornisce informazioni sullo stato di tutte le tue batterie, come la tensione, il livello di acido, la temperatura, ecc. Non solo vi mostra lo stato attuale, ma memorizza anche i dati del passato. [&hellip;]\" \/>\n<meta property=\"og:url\" content=\"https:\/\/vandapower.com\/it\/componenti-delle-batterie\/sistemi-di-gestione\/abertax-e\u00b2bms\/\" \/>\n<meta property=\"og:site_name\" content=\"Vandapower | Components and Cable Assemblies for Industrial Batteries\" \/>\n<meta property=\"article:modified_time\" content=\"2022-05-03T14:57:37+00:00\" \/>\n<meta name=\"twitter:card\" content=\"summary_large_image\" \/>\n<meta name=\"twitter:label1\" content=\"Tempo di lettura stimato\" \/>\n\t<meta name=\"twitter:data1\" content=\"5 minuti\" \/>\n<script type=\"application\/ld+json\" class=\"yoast-schema-graph\">{\"@context\":\"https:\\\/\\\/schema.org\",\"@graph\":[{\"@type\":\"WebPage\",\"@id\":\"https:\\\/\\\/vandapower.com\\\/it\\\/componenti-delle-batterie\\\/sistemi-di-gestione\\\/abertax-e%c2%b2bms\\\/\",\"url\":\"https:\\\/\\\/vandapower.com\\\/it\\\/componenti-delle-batterie\\\/sistemi-di-gestione\\\/abertax-e%c2%b2bms\\\/\",\"name\":\"ABERTAX e\u00b2BMS - Vandapower | Components and Cable Assemblies for Industrial Batteries\",\"isPartOf\":{\"@id\":\"https:\\\/\\\/vandapower.com\\\/be-nl\\\/#website\"},\"datePublished\":\"2021-12-02T22:35:05+00:00\",\"dateModified\":\"2022-05-03T14:57:37+00:00\",\"breadcrumb\":{\"@id\":\"https:\\\/\\\/vandapower.com\\\/it\\\/componenti-delle-batterie\\\/sistemi-di-gestione\\\/abertax-e%c2%b2bms\\\/#breadcrumb\"},\"inLanguage\":\"it-IT\",\"potentialAction\":[{\"@type\":\"ReadAction\",\"target\":[\"https:\\\/\\\/vandapower.com\\\/it\\\/componenti-delle-batterie\\\/sistemi-di-gestione\\\/abertax-e%c2%b2bms\\\/\"]}]},{\"@type\":\"BreadcrumbList\",\"@id\":\"https:\\\/\\\/vandapower.com\\\/it\\\/componenti-delle-batterie\\\/sistemi-di-gestione\\\/abertax-e%c2%b2bms\\\/#breadcrumb\",\"itemListElement\":[{\"@type\":\"ListItem\",\"position\":1,\"name\":\"Home\",\"item\":\"https:\\\/\\\/vandapower.com\\\/it\\\/\"},{\"@type\":\"ListItem\",\"position\":2,\"name\":\"Prodotti\",\"item\":\"https:\\\/\\\/vandapower.com\\\/it\\\/componenti-delle-batterie\\\/\"},{\"@type\":\"ListItem\",\"position\":3,\"name\":\"Sistemi di gestione\",\"item\":\"https:\\\/\\\/vandapower.com\\\/it\\\/componenti-delle-batterie\\\/sistemi-di-gestione\\\/\"},{\"@type\":\"ListItem\",\"position\":4,\"name\":\"ABERTAX e\u00b2BMS\"}]},{\"@type\":\"WebSite\",\"@id\":\"https:\\\/\\\/vandapower.com\\\/be-nl\\\/#website\",\"url\":\"https:\\\/\\\/vandapower.com\\\/be-nl\\\/\",\"name\":\"Vandapower | Components and Cable Assemblies for Industrial Batteries\",\"description\":\"Through our product knowledge, our buffer stock and our flexible organization, we can deliver your components for industrial batteries quickly and customized to your needs\",\"publisher\":{\"@id\":\"https:\\\/\\\/vandapower.com\\\/be-nl\\\/#organization\"},\"potentialAction\":[{\"@type\":\"SearchAction\",\"target\":{\"@type\":\"EntryPoint\",\"urlTemplate\":\"https:\\\/\\\/vandapower.com\\\/be-nl\\\/?s={search_term_string}\"},\"query-input\":{\"@type\":\"PropertyValueSpecification\",\"valueRequired\":true,\"valueName\":\"search_term_string\"}}],\"inLanguage\":\"it-IT\"},{\"@type\":\"Organization\",\"@id\":\"https:\\\/\\\/vandapower.com\\\/be-nl\\\/#organization\",\"name\":\"Vandapower\",\"url\":\"https:\\\/\\\/vandapower.com\\\/be-nl\\\/\",\"logo\":{\"@type\":\"ImageObject\",\"inLanguage\":\"it-IT\",\"@id\":\"https:\\\/\\\/vandapower.com\\\/be-nl\\\/#\\\/schema\\\/logo\\\/image\\\/\",\"url\":\"https:\\\/\\\/vandapower.eu\\\/wp-content\\\/uploads\\\/2021\\\/07\\\/logo-Vandapower-tagline.svg\",\"contentUrl\":\"https:\\\/\\\/vandapower.eu\\\/wp-content\\\/uploads\\\/2021\\\/07\\\/logo-Vandapower-tagline.svg\",\"width\":1321,\"height\":1088,\"caption\":\"Vandapower\"},\"image\":{\"@id\":\"https:\\\/\\\/vandapower.com\\\/be-nl\\\/#\\\/schema\\\/logo\\\/image\\\/\"}}]}<\/script>\n<!-- \/ Yoast SEO plugin. -->","yoast_head_json":{"title":"ABERTAX e\u00b2BMS - Vandapower | Components and Cable Assemblies for Industrial Batteries","robots":{"index":"index","follow":"follow","max-snippet":"max-snippet:-1","max-image-preview":"max-image-preview:large","max-video-preview":"max-video-preview:-1"},"canonical":"https:\/\/vandapower.com\/it\/componenti-delle-batterie\/sistemi-di-gestione\/abertax-e\u00b2bms\/","og_locale":"it_IT","og_type":"article","og_title":"ABERTAX e\u00b2BMS - Vandapower | Components and Cable Assemblies for Industrial Batteries","og_description":"Sportello unicoConsegna puntualeConsulenza tecnica indipendenteABERTAX e\u00b2BMSe\u00b2 BMS \u00e8 uno dei sistemi di gestione delle batterie di Abertax Technologies nella nostra gamma. Ti fornisce informazioni sullo stato di tutte le tue batterie, come la tensione, il livello di acido, la temperatura, ecc. Non solo vi mostra lo stato attuale, ma memorizza anche i dati del passato. [&hellip;]","og_url":"https:\/\/vandapower.com\/it\/componenti-delle-batterie\/sistemi-di-gestione\/abertax-e\u00b2bms\/","og_site_name":"Vandapower | Components and Cable Assemblies for Industrial Batteries","article_modified_time":"2022-05-03T14:57:37+00:00","twitter_card":"summary_large_image","twitter_misc":{"Tempo di lettura stimato":"5 minuti"},"schema":{"@context":"https:\/\/schema.org","@graph":[{"@type":"WebPage","@id":"https:\/\/vandapower.com\/it\/componenti-delle-batterie\/sistemi-di-gestione\/abertax-e%c2%b2bms\/","url":"https:\/\/vandapower.com\/it\/componenti-delle-batterie\/sistemi-di-gestione\/abertax-e%c2%b2bms\/","name":"ABERTAX e\u00b2BMS - Vandapower | Components and Cable Assemblies for Industrial Batteries","isPartOf":{"@id":"https:\/\/vandapower.com\/be-nl\/#website"},"datePublished":"2021-12-02T22:35:05+00:00","dateModified":"2022-05-03T14:57:37+00:00","breadcrumb":{"@id":"https:\/\/vandapower.com\/it\/componenti-delle-batterie\/sistemi-di-gestione\/abertax-e%c2%b2bms\/#breadcrumb"},"inLanguage":"it-IT","potentialAction":[{"@type":"ReadAction","target":["https:\/\/vandapower.com\/it\/componenti-delle-batterie\/sistemi-di-gestione\/abertax-e%c2%b2bms\/"]}]},{"@type":"BreadcrumbList","@id":"https:\/\/vandapower.com\/it\/componenti-delle-batterie\/sistemi-di-gestione\/abertax-e%c2%b2bms\/#breadcrumb","itemListElement":[{"@type":"ListItem","position":1,"name":"Home","item":"https:\/\/vandapower.com\/it\/"},{"@type":"ListItem","position":2,"name":"Prodotti","item":"https:\/\/vandapower.com\/it\/componenti-delle-batterie\/"},{"@type":"ListItem","position":3,"name":"Sistemi di gestione","item":"https:\/\/vandapower.com\/it\/componenti-delle-batterie\/sistemi-di-gestione\/"},{"@type":"ListItem","position":4,"name":"ABERTAX e\u00b2BMS"}]},{"@type":"WebSite","@id":"https:\/\/vandapower.com\/be-nl\/#website","url":"https:\/\/vandapower.com\/be-nl\/","name":"Vandapower | Components and Cable Assemblies for Industrial Batteries","description":"Through our product knowledge, our buffer stock and our flexible organization, we can deliver your components for industrial batteries quickly and customized to your needs","publisher":{"@id":"https:\/\/vandapower.com\/be-nl\/#organization"},"potentialAction":[{"@type":"SearchAction","target":{"@type":"EntryPoint","urlTemplate":"https:\/\/vandapower.com\/be-nl\/?s={search_term_string}"},"query-input":{"@type":"PropertyValueSpecification","valueRequired":true,"valueName":"search_term_string"}}],"inLanguage":"it-IT"},{"@type":"Organization","@id":"https:\/\/vandapower.com\/be-nl\/#organization","name":"Vandapower","url":"https:\/\/vandapower.com\/be-nl\/","logo":{"@type":"ImageObject","inLanguage":"it-IT","@id":"https:\/\/vandapower.com\/be-nl\/#\/schema\/logo\/image\/","url":"https:\/\/vandapower.eu\/wp-content\/uploads\/2021\/07\/logo-Vandapower-tagline.svg","contentUrl":"https:\/\/vandapower.eu\/wp-content\/uploads\/2021\/07\/logo-Vandapower-tagline.svg","width":1321,"height":1088,"caption":"Vandapower"},"image":{"@id":"https:\/\/vandapower.com\/be-nl\/#\/schema\/logo\/image\/"}}]}},"_links":{"self":[{"href":"https:\/\/vandapower.com\/it\/wp-json\/wp\/v2\/pages\/7336","targetHints":{"allow":["GET"]}}],"collection":[{"href":"https:\/\/vandapower.com\/it\/wp-json\/wp\/v2\/pages"}],"about":[{"href":"https:\/\/vandapower.com\/it\/wp-json\/wp\/v2\/types\/page"}],"author":[{"embeddable":true,"href":"https:\/\/vandapower.com\/it\/wp-json\/wp\/v2\/users\/1"}],"replies":[{"embeddable":true,"href":"https:\/\/vandapower.com\/it\/wp-json\/wp\/v2\/comments?post=7336"}],"version-history":[{"count":9,"href":"https:\/\/vandapower.com\/it\/wp-json\/wp\/v2\/pages\/7336\/revisions"}],"predecessor-version":[{"id":15082,"href":"https:\/\/vandapower.com\/it\/wp-json\/wp\/v2\/pages\/7336\/revisions\/15082"}],"up":[{"embeddable":true,"href":"https:\/\/vandapower.com\/it\/wp-json\/wp\/v2\/pages\/7547"}],"wp:attachment":[{"href":"https:\/\/vandapower.com\/it\/wp-json\/wp\/v2\/media?parent=7336"}],"curies":[{"name":"wp","href":"https:\/\/api.w.org\/{rel}","templated":true}]}}