{"id":5151,"date":"2021-10-21T17:05:57","date_gmt":"2021-10-21T17:05:57","guid":{"rendered":"https:\/\/vandapower.eu\/lavora-con-noi\/esperto-tecnico-e-di-prodotto\/"},"modified":"2021-11-05T08:20:47","modified_gmt":"2021-11-05T08:20:47","slug":"esperto-tecnico-e-di-prodotto","status":"publish","type":"page","link":"https:\/\/vandapower.com\/it\/lavora-con-noi\/esperto-tecnico-e-di-prodotto\/","title":{"rendered":"Esperto tecnico e di prodotto"},"content":{"rendered":"<p>[et_pb_section fb_built=&#8221;1&#8243; _builder_version=&#8221;4.9.7&#8243; _module_preset=&#8221;default&#8221; custom_padding=&#8221;0px||0px||true|false&#8221;][et_pb_row module_class=&#8221;usp-header&#8221; _builder_version=&#8221;4.9.7&#8243; _module_preset=&#8221;default&#8221; custom_padding=&#8221;||0px||false|false&#8221; global_module=&#8221;2256&#8243; saved_tabs=&#8221;all&#8221;][et_pb_column type=&#8221;4_4&#8243; _builder_version=&#8221;4.9.7&#8243; _module_preset=&#8221;default&#8221;][et_pb_blurb image=&#8221;https:\/\/vandapower.eu\/wp-content\/uploads\/\/2021\/07\/One-stop-Shop.svg&#8221; icon_placement=&#8221;left&#8221; image_max_width=&#8221;20px&#8221; _builder_version=&#8221;4.9.7&#8243; _module_preset=&#8221;default&#8221; body_font_size=&#8221;14px&#8221; body_line_height=&#8221;1.4em&#8221; width=&#8221;13%&#8221; width_tablet=&#8221;30%&#8221; width_phone=&#8221;100%&#8221; width_last_edited=&#8221;on|phone&#8221; custom_margin=&#8221;0px||10px||false|false&#8221; custom_padding=&#8221;||0px|0px|false|false&#8221; link_option_url=&#8221;https:\/\/vandapower.eu\/it\/perche-vandapower\/#onestop&#8221; custom_css_main_element=&#8221;display: inline-block;||&#8221; content__hover_enabled=&#8221;on|hover&#8221; content__hover=&#8221;<\/p>\n<p><span style=%22text-decoration: underline;%22><span class=%22red%22>One-stop<\/span> shop<\/span><\/p>\n<p>&#8220;]<\/p>\n<p><span class=\"red\">Sportello<\/span>unico<\/p>\n<p>[\/et_pb_blurb][et_pb_blurb image=&#8221;https:\/\/vandapower.eu\/wp-content\/uploads\/\/2021\/07\/On-time-Delivery.svg&#8221; icon_placement=&#8221;left&#8221; image_max_width=&#8221;20px&#8221; _builder_version=&#8221;4.9.7&#8243; _module_preset=&#8221;default&#8221; body_font_size=&#8221;14px&#8221; body_line_height=&#8221;1.4em&#8221; width=&#8221;13%&#8221; width_tablet=&#8221;30%&#8221; width_phone=&#8221;100%&#8221; width_last_edited=&#8221;on|phone&#8221; custom_margin=&#8221;0px||10px||false|false&#8221; custom_padding=&#8221;||0px|0px|false|false&#8221; link_option_url=&#8221;https:\/\/vandapower.eu\/it\/perche-vandapower\/#ontime&#8221; custom_css_main_element=&#8221;display: inline-block;&#8221; content__hover_enabled=&#8221;on|hover&#8221; content__hover=&#8221;<\/p>\n<p><span style=%22text-decoration: underline;%22><span class=%22red%22>Tijdige<\/span> levering<\/span><\/p>\n<p>&#8220;]<\/p>\n<p><span class=\"red\">Consegna<\/span>puntuale<\/p>\n<p>[\/et_pb_blurb][et_pb_blurb image=&#8221;https:\/\/vandapower.eu\/wp-content\/uploads\/\/2021\/07\/Independent-Technical-Advice.svg&#8221; icon_placement=&#8221;left&#8221; image_max_width=&#8221;18px&#8221; _builder_version=&#8221;4.9.7&#8243; _module_preset=&#8221;default&#8221; body_font_size=&#8221;14px&#8221; body_line_height=&#8221;2em&#8221; width=&#8221;25%&#8221; width_tablet=&#8221;39%&#8221; width_phone=&#8221;100%&#8221; width_last_edited=&#8221;on|phone&#8221; custom_margin=&#8221;||5px||false|false&#8221; custom_padding=&#8221;||0px|0px|false|false&#8221; link_option_url=&#8221;https:\/\/vandapower.eu\/it\/perche-vandapower\/#independent&#8221; custom_css_main_element=&#8221;display: inline-block;&#8221; content__hover_enabled=&#8221;on|hover&#8221; content__hover=&#8221;<\/p>\n<p><span style=%22text-decoration: underline;%22>Onafhankelijk <span class=%22red%22>technisch advies<\/span><\/span><\/p>\n<p>&#8220;]<\/p>\n<p><span class=\"red\">Consulenza tecnica<\/span> indipendente<\/p>\n<p>[\/et_pb_blurb][\/et_pb_column][\/et_pb_row][et_pb_row _builder_version=&#8221;4.9.7&#8243; _module_preset=&#8221;default&#8221; custom_margin=&#8221;0px||||false|false&#8221; custom_padding=&#8221;0px||0px||true|false&#8221;][et_pb_column type=&#8221;4_4&#8243; _builder_version=&#8221;4.9.7&#8243; _module_preset=&#8221;default&#8221;][et_pb_code _builder_version=&#8221;4.9.7&#8243; _module_preset=&#8221;default&#8221; custom_margin=&#8221;15px||0px||false|false&#8221;]<span><span><a href=\"https:\/\/vandapower.com\/it\/\">Home<\/a><\/span><\/span>[\/et_pb_code][\/et_pb_column][\/et_pb_row][\/et_pb_section][et_pb_section fb_built=&#8221;1&#8243; _builder_version=&#8221;4.9.7&#8243; _module_preset=&#8221;default&#8221; custom_padding=&#8221;0px||0px||false|false&#8221;][et_pb_row _builder_version=&#8221;4.9.7&#8243; _module_preset=&#8221;default&#8221;][et_pb_column type=&#8221;4_4&#8243; _builder_version=&#8221;4.9.7&#8243; _module_preset=&#8221;default&#8221;][et_pb_text _builder_version=&#8221;4.9.7&#8243; _module_preset=&#8221;default&#8221; hover_enabled=&#8221;0&#8243; sticky_enabled=&#8221;0&#8243;]<\/p>\n<h1>Esperto tecnico e di prodotto<\/h1>\n<p>[\/et_pb_text][et_pb_image src=&#8221;https:\/\/vandapower.eu\/wp-content\/uploads\/2021\/07\/top-vacature.jpg&#8221; _builder_version=&#8221;4.9.7&#8243; _module_preset=&#8221;default&#8221; title_text=&#8221;top posti vacanti&#8221; hover_enabled=&#8221;0&#8243; sticky_enabled=&#8221;0&#8243;][\/et_pb_image][et_pb_text _builder_version=&#8221;4.9.7&#8243; _module_preset=&#8221;default&#8221; custom_margin=&#8221;||2px||false|false&#8221; hover_enabled=&#8221;0&#8243; sticky_enabled=&#8221;0&#8243;]<\/p>\n<p><strong>Chi \u00e8 Vandapower?<\/strong><\/p>\n<p><strong><span>Vandapower<\/span><\/strong>\u00e8 un&#8217;azienda in rapida crescita. \u00c8 leader nel mercato di nicchia della distribuzione di componenti per batterie industriali e diversi altri mercati. I nostri clienti sono sia PMI indipendenti che multinazionali. Attraverso le nostre sedi di Oosterzele, Belgio e Austin, Texas, serviamo clienti in tutto il mondo.<\/p>\n<p>Ci sforziamo di consolidare la nostra posizione di leadership in nuovi mercati e regioni. Questo \u00e8 possibile grazie alla combinazione di valori chiari, individui di talento, un&#8217;organizzazione agile e una forte attenzione all&#8217;intimit\u00e0 del cliente, alla conoscenza del mercato e alla qualit\u00e0 del servizio.<\/p>\n<p><strong>Chi stiamo cercando?<\/strong><\/p>\n<p>Stiamo cercando <span>un<\/span><strong><span>Technical &amp; Product Expert<\/span><\/strong> in Oosterzele per sostenere la nostra espansione in Europa, in particolare nel mercato dei componenti per la mobilit\u00e0 elettrica.<\/p>\n<p>In qualit\u00e0 di esperto tecnico e di prodotto, diventerai l&#8217;autorit\u00e0 tecnica in materia di componenti per la mobilit\u00e0 elettrica, in particolare controllori di elettromotori, elettromotori, interruttori e parti correlate.<\/p>\n<p><span>Le tue<\/span> <strong>responsabilit\u00e0<\/strong><span>includono:<\/span><\/p>\n<p><strong>Supporto tecnico<\/strong><\/p>\n<ul>\n<li>Fornire informazioni e consigli tecnici e relativi ai prodotti a clienti interni ed esterni come richiesto.<\/li>\n<li>Supportare i clienti nella progettazione e convalida di soluzioni di trasmissione che coinvolgono le nostre linee di prodotti.<\/li>\n<li>Formare i colleghi per essere autosufficienti dove possibile.<\/li>\n<li>Gestire ed eseguire piccoli progetti di R&amp;S.<\/li>\n<\/ul>\n<p><strong>Gestione del portafoglio prodotti e sviluppo dei prodotti<\/strong><\/p>\n<ul>\n<li>Come parte del team globale di gestione dei prodotti, specifichi, cerchi e imbarchi nuovi prodotti in linea con la strategia dell&#8217;azienda.<\/li>\n<li>Convalida i nuovi prodotti, li crea nel sistema ERP e si assicura che siano vendibili.<\/li>\n<li>Fornire la necessaria documentazione interna ed esterna e il materiale di formazione.<\/li>\n<li>Definire assemblaggi o configurazioni personalizzate e garantire la conformit\u00e0 ai requisiti del cliente. Fornire chiare linee guida di produzione, formazione e comunicazione proattiva al team di produzione. <\/li>\n<\/ul>\n<p><strong>Gestione della qualit\u00e0 del prodotto<\/strong><\/p>\n<ul>\n<li>Analizzare qualsiasi problema o domanda sulla qualit\u00e0 del prodotto.<\/li>\n<li>Condurre test di convalida del prodotto sia per i nuovi prodotti che per i metodi di assemblaggio.<\/li>\n<li>Fornire input per i rapporti 8D del cliente.<\/li>\n<\/ul>\n<p><strong>Sei la persona giusta?<\/strong><\/p>\n<ul>\n<li>Hai una laurea in<span> <\/span><strong>ingegneria<\/strong><span> <\/span>o simile attraverso l&#8217;esperienza. Hai esperienza tecnica nella mobilit\u00e0 elettrica, elettromotori e\/o soluzioni di trasmissione. Sei fluente in<span> <\/span><strong>Inglese<\/strong><span> <\/span>e preferibilmente avete una conoscenza (di base) di<span> <\/span><strong>Olandese.<\/strong><\/li>\n<li>Tu sei<span> <\/span><strong><span>guidato da soluzioni<\/span><\/strong> e<span> <\/span><strong>analitico<\/strong>. Puoi capire e spiegare offerte tecniche e di servizio complicate. Lavori con precisione. \u00c8 possibile<span> <\/span><strong>pensare commercialmente<\/strong><span> <\/span>e lavorare con i clienti. Sei esperto di computer.<\/li>\n<li>Tu sei<span> <\/span><strong>imprenditoriale<\/strong>, uno che impara in fretta e tenace. Sei lungimirante e non smetti mai di prendere iniziative per guidare il successo. Hai un curriculum di<span> <\/span><strong>il sovraccarico di lavoro.<\/strong> Lei ha una vera mentalit\u00e0 pratica.<\/li>\n<li>Lei ha un livello superiore<span> <\/span><strong>comunicazioni<\/strong><span> <\/span>abilit\u00e0 e integrit\u00e0 senza macchia. I nostri valori di franchezza, rispetto, affidabilit\u00e0 e spinta all&#8217;eccellenza sono evidenti per voi. Si accettano feedback e si impara dagli errori.<\/li>\n<\/ul>\n<p><strong>Cosa offriamo?<\/strong><\/p>\n<ul>\n<li>Ti offriamo un ruolo chiave in un<span> <\/span><strong>azienda in rapida crescita, internazionale ed eccitante.<\/strong> Offriamo un<span> <\/span>lavoro a <strong><span>tempo pieno.<\/span><\/strong><\/li>\n<li>Ti unisci a un<span> <\/span>squadra <strong><span>dinamica<\/span><\/strong>di persone appassionate, dove<span> <\/span><strong>lavoro di squadra<\/strong><span> <\/span>e<span> <\/span><strong><span>la spinta all&#8217;eccellenza<\/span><\/strong>sono fattori determinanti. Viaggi occasionalmente.<\/li>\n<li>Offriamo un <strong><span>pacchetto<\/span><\/strong><span>competitivo<\/span>con un&#8217;importante componente basata sul risultato<strong><span>,<\/span><\/strong> un&#8217;atmosfera divertente e forniamo ampie opportunit\u00e0 <span>di<\/span> <strong><span>crescita personale<\/span><\/strong> in un&#8217;azienda in rapida evoluzione con una forte cultura e visione.<\/li>\n<\/ul>\n<p><strong>Sei interessato?<\/strong><\/p>\n<p>Ti senti<span> <\/span><strong><span>eccitato<\/span><\/strong>dalla lettura di questa descrizione del lavoro? Pensi che possiamo essere la tua prossima spina dorsale di conoscenza ed esperienza? Invia il tuo curriculum e la tua motivazione a<span> <\/span><a href=\"mailto:jobs@vandapower.com\">jobs@vandapower.com<\/a><span> <\/span>all&#8217;attenzione di Audrey Van De Velde.<\/p>\n<p>[\/et_pb_text][\/et_pb_column][\/et_pb_row][et_pb_row _builder_version=&#8221;4.9.7&#8243; _module_preset=&#8221;default&#8221;][et_pb_column _builder_version=&#8221;4.9.7&#8243; _module_preset=&#8221;default&#8221; type=&#8221;4_4&#8243;][et_pb_image src=&#8221;https:\/\/vandapower.eu\/wp-content\/uploads\/2021\/07\/bottom-vacature.jpg&#8221; _builder_version=&#8221;4.9.7&#8243; _module_preset=&#8221;default&#8221; title_text=&#8221;fondo vuoto&#8221; hover_enabled=&#8221;0&#8243; sticky_enabled=&#8221;0&#8243;][\/et_pb_image][\/et_pb_column][\/et_pb_row][\/et_pb_section]<\/p>\n","protected":false},"excerpt":{"rendered":"<p>SportellounicoConsegnapuntualeConsulenza tecnica indipendente<span><span><a href=\"https:\/\/vandapower.com\/it\/\">Home<\/a><\/span><\/span>Esperto tecnico e di prodottoChi \u00e8 Vandapower? Vandapower\u00e8 un&#8217;azienda in rapida crescita. \u00c8 leader nel mercato di nicchia della distribuzione di componenti per batterie industriali e diversi altri mercati. I nostri clienti sono sia PMI indipendenti che multinazionali. Attraverso le nostre sedi di Oosterzele, Belgio e Austin, Texas, serviamo clienti in tutto il [&hellip;]<\/p>\n","protected":false},"author":1,"featured_media":0,"parent":5073,"menu_order":0,"comment_status":"closed","ping_status":"closed","template":"","meta":{"_et_pb_use_builder":"on","_et_pb_old_content":"","_et_gb_content_width":"","om_disable_all_campaigns":false,"inline_featured_image":false,"_monsterinsights_skip_tracking":false,"_monsterinsights_sitenote_active":false,"_monsterinsights_sitenote_note":"","_monsterinsights_sitenote_category":0,"_uf_show_specific_survey":0,"_uf_disable_surveys":false,"footnotes":""},"class_list":["post-5151","page","type-page","status-publish","hentry"],"yoast_head":"<!-- This site is optimized with the Yoast SEO plugin v27.4 - https:\/\/yoast.com\/product\/yoast-seo-wordpress\/ -->\n<title>Esperto tecnico e di prodotto - Vandapower | Components and Cable Assemblies for Industrial Batteries<\/title>\n<meta name=\"robots\" content=\"index, follow, max-snippet:-1, max-image-preview:large, max-video-preview:-1\" \/>\n<link rel=\"canonical\" href=\"https:\/\/vandapower.com\/it\/lavora-con-noi\/esperto-tecnico-e-di-prodotto\/\" \/>\n<meta property=\"og:locale\" content=\"it_IT\" \/>\n<meta property=\"og:type\" content=\"article\" \/>\n<meta property=\"og:title\" content=\"Esperto tecnico e di prodotto - Vandapower | Components and Cable Assemblies for Industrial Batteries\" \/>\n<meta property=\"og:description\" content=\"SportellounicoConsegnapuntualeConsulenza tecnica indipendenteEsperto tecnico e di prodottoChi \u00e8 Vandapower? Vandapower\u00e8 un&#039;azienda in rapida crescita. \u00c8 leader nel mercato di nicchia della distribuzione di componenti per batterie industriali e diversi altri mercati. I nostri clienti sono sia PMI indipendenti che multinazionali. Attraverso le nostre sedi di Oosterzele, Belgio e Austin, Texas, serviamo clienti in tutto il [&hellip;]\" \/>\n<meta property=\"og:url\" content=\"https:\/\/vandapower.com\/it\/lavora-con-noi\/esperto-tecnico-e-di-prodotto\/\" \/>\n<meta property=\"og:site_name\" content=\"Vandapower | Components and Cable Assemblies for Industrial Batteries\" \/>\n<meta property=\"article:modified_time\" content=\"2021-11-05T08:20:47+00:00\" \/>\n<meta name=\"twitter:card\" content=\"summary_large_image\" \/>\n<meta name=\"twitter:label1\" content=\"Tempo di lettura stimato\" \/>\n\t<meta name=\"twitter:data1\" content=\"5 minuti\" \/>\n<script type=\"application\/ld+json\" class=\"yoast-schema-graph\">{\"@context\":\"https:\\\/\\\/schema.org\",\"@graph\":[{\"@type\":\"WebPage\",\"@id\":\"https:\\\/\\\/vandapower.com\\\/it\\\/lavora-con-noi\\\/esperto-tecnico-e-di-prodotto\\\/\",\"url\":\"https:\\\/\\\/vandapower.com\\\/it\\\/lavora-con-noi\\\/esperto-tecnico-e-di-prodotto\\\/\",\"name\":\"Esperto tecnico e di prodotto - Vandapower | Components and Cable Assemblies for Industrial Batteries\",\"isPartOf\":{\"@id\":\"https:\\\/\\\/vandapower.com\\\/be-nl\\\/#website\"},\"datePublished\":\"2021-10-21T17:05:57+00:00\",\"dateModified\":\"2021-11-05T08:20:47+00:00\",\"breadcrumb\":{\"@id\":\"https:\\\/\\\/vandapower.com\\\/it\\\/lavora-con-noi\\\/esperto-tecnico-e-di-prodotto\\\/#breadcrumb\"},\"inLanguage\":\"it-IT\",\"potentialAction\":[{\"@type\":\"ReadAction\",\"target\":[\"https:\\\/\\\/vandapower.com\\\/it\\\/lavora-con-noi\\\/esperto-tecnico-e-di-prodotto\\\/\"]}]},{\"@type\":\"BreadcrumbList\",\"@id\":\"https:\\\/\\\/vandapower.com\\\/it\\\/lavora-con-noi\\\/esperto-tecnico-e-di-prodotto\\\/#breadcrumb\",\"itemListElement\":[{\"@type\":\"ListItem\",\"position\":1,\"name\":\"Home\",\"item\":\"https:\\\/\\\/vandapower.com\\\/it\\\/\"},{\"@type\":\"ListItem\",\"position\":2,\"name\":\"Lavora con noi\",\"item\":\"https:\\\/\\\/vandapower.com\\\/it\\\/lavora-con-noi\\\/\"},{\"@type\":\"ListItem\",\"position\":3,\"name\":\"Esperto tecnico e di prodotto\"}]},{\"@type\":\"WebSite\",\"@id\":\"https:\\\/\\\/vandapower.com\\\/be-nl\\\/#website\",\"url\":\"https:\\\/\\\/vandapower.com\\\/be-nl\\\/\",\"name\":\"Vandapower | Components and Cable Assemblies for Industrial Batteries\",\"description\":\"Through our product knowledge, our buffer stock and our flexible organization, we can deliver your components for industrial batteries quickly and customized to your needs\",\"publisher\":{\"@id\":\"https:\\\/\\\/vandapower.com\\\/be-nl\\\/#organization\"},\"potentialAction\":[{\"@type\":\"SearchAction\",\"target\":{\"@type\":\"EntryPoint\",\"urlTemplate\":\"https:\\\/\\\/vandapower.com\\\/be-nl\\\/?s={search_term_string}\"},\"query-input\":{\"@type\":\"PropertyValueSpecification\",\"valueRequired\":true,\"valueName\":\"search_term_string\"}}],\"inLanguage\":\"it-IT\"},{\"@type\":\"Organization\",\"@id\":\"https:\\\/\\\/vandapower.com\\\/be-nl\\\/#organization\",\"name\":\"Vandapower\",\"url\":\"https:\\\/\\\/vandapower.com\\\/be-nl\\\/\",\"logo\":{\"@type\":\"ImageObject\",\"inLanguage\":\"it-IT\",\"@id\":\"https:\\\/\\\/vandapower.com\\\/be-nl\\\/#\\\/schema\\\/logo\\\/image\\\/\",\"url\":\"https:\\\/\\\/vandapower.eu\\\/wp-content\\\/uploads\\\/2021\\\/07\\\/logo-Vandapower-tagline.svg\",\"contentUrl\":\"https:\\\/\\\/vandapower.eu\\\/wp-content\\\/uploads\\\/2021\\\/07\\\/logo-Vandapower-tagline.svg\",\"width\":1321,\"height\":1088,\"caption\":\"Vandapower\"},\"image\":{\"@id\":\"https:\\\/\\\/vandapower.com\\\/be-nl\\\/#\\\/schema\\\/logo\\\/image\\\/\"}}]}<\/script>\n<!-- \/ Yoast SEO plugin. -->","yoast_head_json":{"title":"Esperto tecnico e di prodotto - Vandapower | Components and Cable Assemblies for Industrial Batteries","robots":{"index":"index","follow":"follow","max-snippet":"max-snippet:-1","max-image-preview":"max-image-preview:large","max-video-preview":"max-video-preview:-1"},"canonical":"https:\/\/vandapower.com\/it\/lavora-con-noi\/esperto-tecnico-e-di-prodotto\/","og_locale":"it_IT","og_type":"article","og_title":"Esperto tecnico e di prodotto - Vandapower | Components and Cable Assemblies for Industrial Batteries","og_description":"SportellounicoConsegnapuntualeConsulenza tecnica indipendenteEsperto tecnico e di prodottoChi \u00e8 Vandapower? Vandapower\u00e8 un'azienda in rapida crescita. \u00c8 leader nel mercato di nicchia della distribuzione di componenti per batterie industriali e diversi altri mercati. I nostri clienti sono sia PMI indipendenti che multinazionali. Attraverso le nostre sedi di Oosterzele, Belgio e Austin, Texas, serviamo clienti in tutto il [&hellip;]","og_url":"https:\/\/vandapower.com\/it\/lavora-con-noi\/esperto-tecnico-e-di-prodotto\/","og_site_name":"Vandapower | Components and Cable Assemblies for Industrial Batteries","article_modified_time":"2021-11-05T08:20:47+00:00","twitter_card":"summary_large_image","twitter_misc":{"Tempo di lettura stimato":"5 minuti"},"schema":{"@context":"https:\/\/schema.org","@graph":[{"@type":"WebPage","@id":"https:\/\/vandapower.com\/it\/lavora-con-noi\/esperto-tecnico-e-di-prodotto\/","url":"https:\/\/vandapower.com\/it\/lavora-con-noi\/esperto-tecnico-e-di-prodotto\/","name":"Esperto tecnico e di prodotto - Vandapower | Components and Cable Assemblies for Industrial Batteries","isPartOf":{"@id":"https:\/\/vandapower.com\/be-nl\/#website"},"datePublished":"2021-10-21T17:05:57+00:00","dateModified":"2021-11-05T08:20:47+00:00","breadcrumb":{"@id":"https:\/\/vandapower.com\/it\/lavora-con-noi\/esperto-tecnico-e-di-prodotto\/#breadcrumb"},"inLanguage":"it-IT","potentialAction":[{"@type":"ReadAction","target":["https:\/\/vandapower.com\/it\/lavora-con-noi\/esperto-tecnico-e-di-prodotto\/"]}]},{"@type":"BreadcrumbList","@id":"https:\/\/vandapower.com\/it\/lavora-con-noi\/esperto-tecnico-e-di-prodotto\/#breadcrumb","itemListElement":[{"@type":"ListItem","position":1,"name":"Home","item":"https:\/\/vandapower.com\/it\/"},{"@type":"ListItem","position":2,"name":"Lavora con noi","item":"https:\/\/vandapower.com\/it\/lavora-con-noi\/"},{"@type":"ListItem","position":3,"name":"Esperto tecnico e di prodotto"}]},{"@type":"WebSite","@id":"https:\/\/vandapower.com\/be-nl\/#website","url":"https:\/\/vandapower.com\/be-nl\/","name":"Vandapower | Components and Cable Assemblies for Industrial Batteries","description":"Through our product knowledge, our buffer stock and our flexible organization, we can deliver your components for industrial batteries quickly and customized to your needs","publisher":{"@id":"https:\/\/vandapower.com\/be-nl\/#organization"},"potentialAction":[{"@type":"SearchAction","target":{"@type":"EntryPoint","urlTemplate":"https:\/\/vandapower.com\/be-nl\/?s={search_term_string}"},"query-input":{"@type":"PropertyValueSpecification","valueRequired":true,"valueName":"search_term_string"}}],"inLanguage":"it-IT"},{"@type":"Organization","@id":"https:\/\/vandapower.com\/be-nl\/#organization","name":"Vandapower","url":"https:\/\/vandapower.com\/be-nl\/","logo":{"@type":"ImageObject","inLanguage":"it-IT","@id":"https:\/\/vandapower.com\/be-nl\/#\/schema\/logo\/image\/","url":"https:\/\/vandapower.eu\/wp-content\/uploads\/2021\/07\/logo-Vandapower-tagline.svg","contentUrl":"https:\/\/vandapower.eu\/wp-content\/uploads\/2021\/07\/logo-Vandapower-tagline.svg","width":1321,"height":1088,"caption":"Vandapower"},"image":{"@id":"https:\/\/vandapower.com\/be-nl\/#\/schema\/logo\/image\/"}}]}},"_links":{"self":[{"href":"https:\/\/vandapower.com\/it\/wp-json\/wp\/v2\/pages\/5151","targetHints":{"allow":["GET"]}}],"collection":[{"href":"https:\/\/vandapower.com\/it\/wp-json\/wp\/v2\/pages"}],"about":[{"href":"https:\/\/vandapower.com\/it\/wp-json\/wp\/v2\/types\/page"}],"author":[{"embeddable":true,"href":"https:\/\/vandapower.com\/it\/wp-json\/wp\/v2\/users\/1"}],"replies":[{"embeddable":true,"href":"https:\/\/vandapower.com\/it\/wp-json\/wp\/v2\/comments?post=5151"}],"version-history":[{"count":5,"href":"https:\/\/vandapower.com\/it\/wp-json\/wp\/v2\/pages\/5151\/revisions"}],"predecessor-version":[{"id":6099,"href":"https:\/\/vandapower.com\/it\/wp-json\/wp\/v2\/pages\/5151\/revisions\/6099"}],"up":[{"embeddable":true,"href":"https:\/\/vandapower.com\/it\/wp-json\/wp\/v2\/pages\/5073"}],"wp:attachment":[{"href":"https:\/\/vandapower.com\/it\/wp-json\/wp\/v2\/media?parent=5151"}],"curies":[{"name":"wp","href":"https:\/\/api.w.org\/{rel}","templated":true}]}}