{"id":5147,"date":"2021-10-21T15:51:57","date_gmt":"2021-10-21T15:51:57","guid":{"rendered":"https:\/\/vandapower.eu\/lavora-con-noi\/specialista-di-programmazione-it\/"},"modified":"2021-11-05T08:20:48","modified_gmt":"2021-11-05T08:20:48","slug":"specialista-di-programmazione-it","status":"publish","type":"page","link":"https:\/\/vandapower.com\/it\/lavora-con-noi\/specialista-di-programmazione-it\/","title":{"rendered":"Specialista di programmazione IT"},"content":{"rendered":"<p>[et_pb_section fb_built=&#8221;1&#8243; _builder_version=&#8221;4.9.7&#8243; _module_preset=&#8221;default&#8221; custom_padding=&#8221;0px||0px||true|false&#8221;][et_pb_row module_class=&#8221;usp-header&#8221; _builder_version=&#8221;4.9.7&#8243; _module_preset=&#8221;default&#8221; custom_padding=&#8221;||0px||false|false&#8221; global_module=&#8221;2256&#8243; saved_tabs=&#8221;all&#8221;][et_pb_column type=&#8221;4_4&#8243; _builder_version=&#8221;4.9.7&#8243; _module_preset=&#8221;default&#8221;][et_pb_blurb image=&#8221;https:\/\/vandapower.eu\/wp-content\/uploads\/\/2021\/07\/One-stop-Shop.svg&#8221; icon_placement=&#8221;left&#8221; image_max_width=&#8221;20px&#8221; _builder_version=&#8221;4.9.7&#8243; _module_preset=&#8221;default&#8221; body_font_size=&#8221;14px&#8221; body_line_height=&#8221;1.4em&#8221; width=&#8221;13%&#8221; width_tablet=&#8221;30%&#8221; width_phone=&#8221;100%&#8221; width_last_edited=&#8221;on|phone&#8221; custom_margin=&#8221;0px||10px||false|false&#8221; custom_padding=&#8221;||0px|0px|false|false&#8221; link_option_url=&#8221;https:\/\/vandapower.eu\/it\/perche-vandapower\/#onestop&#8221; custom_css_main_element=&#8221;display: inline-block;||&#8221; content__hover_enabled=&#8221;on|hover&#8221; content__hover=&#8221;<\/p>\n<p><span style=%22text-decoration: underline;%22><span class=%22red%22>One-stop<\/span> shop<\/span><\/p>\n<p>&#8220;]<\/p>\n<p><span class=\"red\">Sportello<\/span>unico<\/p>\n<p>[\/et_pb_blurb][et_pb_blurb image=&#8221;https:\/\/vandapower.eu\/wp-content\/uploads\/\/2021\/07\/On-time-Delivery.svg&#8221; icon_placement=&#8221;left&#8221; image_max_width=&#8221;20px&#8221; _builder_version=&#8221;4.9.7&#8243; _module_preset=&#8221;default&#8221; body_font_size=&#8221;14px&#8221; body_line_height=&#8221;1.4em&#8221; width=&#8221;13%&#8221; width_tablet=&#8221;30%&#8221; width_phone=&#8221;100%&#8221; width_last_edited=&#8221;on|phone&#8221; custom_margin=&#8221;0px||10px||false|false&#8221; custom_padding=&#8221;||0px|0px|false|false&#8221; link_option_url=&#8221;https:\/\/vandapower.eu\/it\/perche-vandapower\/#ontime&#8221; custom_css_main_element=&#8221;display: inline-block;&#8221; content__hover_enabled=&#8221;on|hover&#8221; content__hover=&#8221;<\/p>\n<p><span style=%22text-decoration: underline;%22><span class=%22red%22>Tijdige<\/span> levering<\/span><\/p>\n<p>&#8220;]<\/p>\n<p><span class=\"red\">Consegna<\/span>puntuale<\/p>\n<p>[\/et_pb_blurb][et_pb_blurb image=&#8221;https:\/\/vandapower.eu\/wp-content\/uploads\/\/2021\/07\/Independent-Technical-Advice.svg&#8221; icon_placement=&#8221;left&#8221; image_max_width=&#8221;18px&#8221; _builder_version=&#8221;4.9.7&#8243; _module_preset=&#8221;default&#8221; body_font_size=&#8221;14px&#8221; body_line_height=&#8221;2em&#8221; width=&#8221;25%&#8221; width_tablet=&#8221;39%&#8221; width_phone=&#8221;100%&#8221; width_last_edited=&#8221;on|phone&#8221; custom_margin=&#8221;||5px||false|false&#8221; custom_padding=&#8221;||0px|0px|false|false&#8221; link_option_url=&#8221;https:\/\/vandapower.eu\/it\/perche-vandapower\/#independent&#8221; custom_css_main_element=&#8221;display: inline-block;&#8221; content__hover_enabled=&#8221;on|hover&#8221; content__hover=&#8221;<\/p>\n<p><span style=%22text-decoration: underline;%22>Onafhankelijk <span class=%22red%22>technisch advies<\/span><\/span><\/p>\n<p>&#8220;]<\/p>\n<p><span class=\"red\">Consulenza tecnica<\/span> indipendente<\/p>\n<p>[\/et_pb_blurb][\/et_pb_column][\/et_pb_row][et_pb_row _builder_version=&#8221;4.9.7&#8243; _module_preset=&#8221;default&#8221; custom_margin=&#8221;0px||||false|false&#8221; custom_padding=&#8221;0px||0px||true|false&#8221;][et_pb_column type=&#8221;4_4&#8243; _builder_version=&#8221;4.9.7&#8243; _module_preset=&#8221;default&#8221;][et_pb_code _builder_version=&#8221;4.9.7&#8243; _module_preset=&#8221;default&#8221; custom_margin=&#8221;15px||0px||false|false&#8221;]<span><span><a href=\"https:\/\/vandapower.com\/it\/\">Home<\/a><\/span><\/span>[\/et_pb_code][\/et_pb_column][\/et_pb_row][\/et_pb_section][et_pb_section fb_built=&#8221;1&#8243; _builder_version=&#8221;4.9.7&#8243; _module_preset=&#8221;default&#8221; custom_padding=&#8221;0px||0px||false|false&#8221;][et_pb_row _builder_version=&#8221;4.9.7&#8243; _module_preset=&#8221;default&#8221;][et_pb_column type=&#8221;4_4&#8243; _builder_version=&#8221;4.9.7&#8243; _module_preset=&#8221;default&#8221;][et_pb_text _builder_version=&#8221;4.9.7&#8243; _module_preset=&#8221;default&#8221; hover_enabled=&#8221;0&#8243; sticky_enabled=&#8221;0&#8243;]<\/p>\n<h1>Specialista di programmazione IT<\/h1>\n<p>[\/et_pb_text][et_pb_image src=&#8221;https:\/\/vandapower.eu\/wp-content\/uploads\/2021\/07\/top-vacature.jpg&#8221; title_text=&#8221;top posti vacanti&#8221; _builder_version=&#8221;4.9.7&#8243; _module_preset=&#8221;default&#8221;][\/et_pb_image][et_pb_text _builder_version=&#8221;4.9.7&#8243; _module_preset=&#8221;default&#8221; custom_margin=&#8221;||2px||false|false&#8221; hover_enabled=&#8221;0&#8243; sticky_enabled=&#8221;0&#8243;]<\/p>\n<p><strong>Chi \u00e8 Vandapower?<\/strong><\/p>\n<p><strong><span>Vandapower<\/span><\/strong>\u00e8 un&#8217;azienda in rapida crescita. \u00c8 il leader europeo nel mercato di nicchia della distribuzione di componenti per batterie industriali. I nostri clienti sono sia PMI indipendenti che multinazionali. Attraverso le nostre sedi di Oosterzele, Belgio e Austin, Texas, serviamo clienti in tutto il mondo.<\/p>\n<p>Ci sforziamo di consolidare la nostra posizione di leadership in nuovi mercati e regioni. Questo \u00e8 possibile grazie alla combinazione di un forte spirito di squadra, individui di talento, un&#8217;organizzazione agile e una forte attenzione all&#8217;intimit\u00e0 del cliente e alla qualit\u00e0 del servizio.<\/p>\n<p><strong>Chi stiamo cercando?<\/strong><\/p>\n<p>Stiamo cercando un<span> <\/span><strong>specialista<\/strong>della <strong>programmazione<\/strong><span> <\/span>che \u00e8 morso da tutto ci\u00f2 che riguarda<span> <\/span><strong>ottimizzare<\/strong><span> <\/span>l&#8217;ambiente di lavoro. Come all&#8217;interno della nostra azienda in rapida crescita, il tuo lavoro sar\u00e0 molto ampio, stimolante e diverso.<\/p>\n<p>Le tue responsabilit\u00e0 includono:<\/p>\n<p><strong>Ruolo di programmazione<\/strong><\/p>\n<ul>\n<li>Sviluppo del nostro pacchetto ERP<\/li>\n<li>Sviluppo backend per siti web aziendali<\/li>\n<li>Scrittura di software performante e time critical da utilizzare nell&#8217;ecosistema windows<\/li>\n<li>Testate i programmi software sviluppati e apportate miglioramenti dove necessario<\/li>\n<\/ul>\n<p><strong>Ruolo specialistico<\/strong><\/p>\n<p>Conoscenza di:<\/p>\n<ul>\n<li>Java script<\/li>\n<li>PHP<\/li>\n<li>SQL \/ Databases<\/li>\n<li>Java\/C#<\/li>\n<li>XML<\/li>\n<\/ul>\n<p><strong>Sviluppo<\/strong><\/p>\n<ul>\n<li>Costruire una comprensione fondamentale del business e dei servizi di Vandapower.<\/li>\n<li>Costruire una stretta relazione di lavoro con tutti i membri del team coinvolti.<\/li>\n<li>Ogni giorno \u00e8 una nuova opportunit\u00e0 di lavorare sulla gestione del cambiamento per far crescere l&#8217;azienda.<\/li>\n<li>La risoluzione dei problemi e il pensiero critico sono abilit\u00e0 fondamentali.<\/li>\n<li>Sei un giocatore di squadra e un buon comunicatore. Siete flessibili, sia nel pensare che nel fare.<\/li>\n<li>Sei preciso, analitico, impari a elaborare e snellire i processi e a fare una valutazione critica dei processi.<\/li>\n<li>Puoi lavorare bene in modo indipendente e puoi gestire un progetto &#8220;da zero&#8221;.<\/li>\n<li>Trai soddisfazione dal trovare soluzioni e trovi la struttura nel caos.<\/li>\n<\/ul>\n<p><strong>Sei la persona giusta?<\/strong><\/p>\n<ul>\n<li>Sei fluente <span>in<\/span> <strong><span>inglese<\/span><\/strong>. Altre lingue sono un vantaggio.<\/li>\n<li>Bachelor applied ICT &#8211; application development.<\/li>\n<li>Oltre a un&#8217;istruzione superiore e pertinente (min. bachelor), hai gi\u00e0 una certa esperienza pertinente. <\/li>\n<li>Tu sei<span> <\/span><strong><span>orientati<\/span><\/strong>alle soluzioni e hanno un&#8217;eccezionale<span> <\/span><strong><span>intuizione nelle persone<\/span><\/strong> e<span> <\/span><strong>intelligenza emotiva.<\/strong> Hai successo<span> <\/span><strong>esperienza<\/strong><span> <\/span>nell&#8217;informatica, pi\u00f9 specificamente in un ruolo di programmazione. Hai esperienza nell&#8217;uso di diversi strumenti informatici. <\/li>\n<li>Tu sei<span> <\/span><strong><span>imprenditoriale<\/span><\/strong>, un<span> <\/span><strong>impara in fretta, \u00e8 esperto di tecnologia e tenace.<\/strong> Un vero e proprio<span> <\/span><strong>costruttore.<span> <\/span><\/strong>Tu sei<span> <\/span><strong><span>pensare in avanti<\/span><\/strong> e non smettere mai di prendere iniziative per guidare il successo.<\/li>\n<li>Tu hai<span> <\/span><strong>capacit\u00e0 di comunicazione superiori.<\/strong> I nostri valori di<span> <\/span><strong>Parlare chiaro, Rispetto, Affidabilit\u00e0, Guida all&#8217;eccellenza<\/strong><span> <\/span>sono evidenti per voi. Accetti feedback e coaching lungo un ripido percorso di apprendimento per te stesso e per Vandapower. Si impara dagli errori. Il suo rapporto diretto \u00e8 il responsabile IT.<\/li>\n<\/ul>\n<p><strong>Cosa offriamo?<\/strong><\/p>\n<ul>\n<li>Ti offriamo un ruolo chiave in un<span> <\/span><strong>azienda in rapida crescita, internazionale ed eccitante.<\/strong> Offriamo un<span> <\/span>lavoro a <strong><span>tempo pieno.<\/span><\/strong><\/li>\n<li>Ti unisci a <span>un<\/span>team <strong><span>dinamico<\/span><\/strong>di circa 40 persone appassionate, <span>dove<\/span>il <strong>lavoro<\/strong>di squadra <span>e<\/span><span>d<\/span> l<strong>a spinta all&#8217;eccellenza<\/strong> <span>sono<\/span>molto apprezzati.<\/li>\n<li>Offriamo un <strong><span>pacchetto<\/span><\/strong><span>competitivo<\/span>, un&#8217;atmosfera divertente e forniamo ampie opportunit\u00e0 <span>di<\/span> <strong><span>crescita personale<\/span><\/strong>in un&#8217;azienda in rapida evoluzione con una forte cultura e visione.<\/li>\n<\/ul>\n<p><strong>Sei interessato?<\/strong><\/p>\n<p>Ti senti<span> <\/span><strong><span>eccitato<\/span><\/strong>dalla lettura di questo annuncio di lavoro? Pensi che possiamo essere la tua prossima spina per caricare conoscenza e potere? Invia il tuo CV e la tua motivazione a<span> <\/span><a href=\"mailto:jobs@vandapower.com\">jobs@vandapower.com<\/a><span> <\/span>all&#8217;attenzione di Audrey Van De Velde.<\/p>\n<p>[\/et_pb_text][\/et_pb_column][\/et_pb_row][et_pb_row _builder_version=&#8221;4.9.7&#8243; _module_preset=&#8221;default&#8221;][et_pb_column type=&#8221;4_4&#8243; _builder_version=&#8221;4.9.7&#8243; _module_preset=&#8221;default&#8221;][et_pb_image src=&#8221;https:\/\/vandapower.eu\/wp-content\/uploads\/2021\/07\/bottom-vacature.jpg&#8221; title_text=&#8221;fondo vuoto&#8221; _builder_version=&#8221;4.9.7&#8243; _module_preset=&#8221;default&#8221;][\/et_pb_image][\/et_pb_column][\/et_pb_row][\/et_pb_section]<\/p>\n","protected":false},"excerpt":{"rendered":"<p>SportellounicoConsegnapuntualeConsulenza tecnica indipendente<span><span><a href=\"https:\/\/vandapower.com\/it\/\">Home<\/a><\/span><\/span>Specialista di programmazione ITChi \u00e8 Vandapower? Vandapower\u00e8 un&#8217;azienda in rapida crescita. \u00c8 il leader europeo nel mercato di nicchia della distribuzione di componenti per batterie industriali. I nostri clienti sono sia PMI indipendenti che multinazionali. Attraverso le nostre sedi di Oosterzele, Belgio e Austin, Texas, serviamo clienti in tutto il mondo. Ci sforziamo [&hellip;]<\/p>\n","protected":false},"author":1,"featured_media":0,"parent":5073,"menu_order":0,"comment_status":"closed","ping_status":"closed","template":"","meta":{"_et_pb_use_builder":"on","_et_pb_old_content":"","_et_gb_content_width":"","om_disable_all_campaigns":false,"inline_featured_image":false,"_monsterinsights_skip_tracking":false,"_monsterinsights_sitenote_active":false,"_monsterinsights_sitenote_note":"","_monsterinsights_sitenote_category":0,"_uf_show_specific_survey":0,"_uf_disable_surveys":false,"footnotes":""},"class_list":["post-5147","page","type-page","status-publish","hentry"],"yoast_head":"<!-- This site is optimized with the Yoast SEO plugin v27.3 - https:\/\/yoast.com\/product\/yoast-seo-wordpress\/ -->\n<title>Specialista di programmazione IT - Vandapower | Components and Cable Assemblies for Industrial Batteries<\/title>\n<meta name=\"robots\" content=\"index, follow, max-snippet:-1, max-image-preview:large, max-video-preview:-1\" \/>\n<link rel=\"canonical\" href=\"https:\/\/vandapower.com\/it\/lavora-con-noi\/specialista-di-programmazione-it\/\" \/>\n<meta property=\"og:locale\" content=\"it_IT\" \/>\n<meta property=\"og:type\" content=\"article\" \/>\n<meta property=\"og:title\" content=\"Specialista di programmazione IT - Vandapower | Components and Cable Assemblies for Industrial Batteries\" \/>\n<meta property=\"og:description\" content=\"SportellounicoConsegnapuntualeConsulenza tecnica indipendenteSpecialista di programmazione ITChi \u00e8 Vandapower? Vandapower\u00e8 un&#039;azienda in rapida crescita. \u00c8 il leader europeo nel mercato di nicchia della distribuzione di componenti per batterie industriali. I nostri clienti sono sia PMI indipendenti che multinazionali. Attraverso le nostre sedi di Oosterzele, Belgio e Austin, Texas, serviamo clienti in tutto il mondo. Ci sforziamo [&hellip;]\" \/>\n<meta property=\"og:url\" content=\"https:\/\/vandapower.com\/it\/lavora-con-noi\/specialista-di-programmazione-it\/\" \/>\n<meta property=\"og:site_name\" content=\"Vandapower | Components and Cable Assemblies for Industrial Batteries\" \/>\n<meta property=\"article:modified_time\" content=\"2021-11-05T08:20:48+00:00\" \/>\n<meta name=\"twitter:card\" content=\"summary_large_image\" \/>\n<meta name=\"twitter:label1\" content=\"Tempo di lettura stimato\" \/>\n\t<meta name=\"twitter:data1\" content=\"5 minuti\" \/>\n<script type=\"application\/ld+json\" class=\"yoast-schema-graph\">{\"@context\":\"https:\\\/\\\/schema.org\",\"@graph\":[{\"@type\":\"WebPage\",\"@id\":\"https:\\\/\\\/vandapower.com\\\/it\\\/lavora-con-noi\\\/specialista-di-programmazione-it\\\/\",\"url\":\"https:\\\/\\\/vandapower.com\\\/it\\\/lavora-con-noi\\\/specialista-di-programmazione-it\\\/\",\"name\":\"Specialista di programmazione IT - Vandapower | Components and Cable Assemblies for Industrial Batteries\",\"isPartOf\":{\"@id\":\"https:\\\/\\\/vandapower.com\\\/be-nl\\\/#website\"},\"datePublished\":\"2021-10-21T15:51:57+00:00\",\"dateModified\":\"2021-11-05T08:20:48+00:00\",\"breadcrumb\":{\"@id\":\"https:\\\/\\\/vandapower.com\\\/it\\\/lavora-con-noi\\\/specialista-di-programmazione-it\\\/#breadcrumb\"},\"inLanguage\":\"it-IT\",\"potentialAction\":[{\"@type\":\"ReadAction\",\"target\":[\"https:\\\/\\\/vandapower.com\\\/it\\\/lavora-con-noi\\\/specialista-di-programmazione-it\\\/\"]}]},{\"@type\":\"BreadcrumbList\",\"@id\":\"https:\\\/\\\/vandapower.com\\\/it\\\/lavora-con-noi\\\/specialista-di-programmazione-it\\\/#breadcrumb\",\"itemListElement\":[{\"@type\":\"ListItem\",\"position\":1,\"name\":\"Home\",\"item\":\"https:\\\/\\\/vandapower.com\\\/it\\\/\"},{\"@type\":\"ListItem\",\"position\":2,\"name\":\"Lavora con noi\",\"item\":\"https:\\\/\\\/vandapower.com\\\/it\\\/lavora-con-noi\\\/\"},{\"@type\":\"ListItem\",\"position\":3,\"name\":\"Specialista di programmazione IT\"}]},{\"@type\":\"WebSite\",\"@id\":\"https:\\\/\\\/vandapower.com\\\/be-nl\\\/#website\",\"url\":\"https:\\\/\\\/vandapower.com\\\/be-nl\\\/\",\"name\":\"Vandapower | Components and Cable Assemblies for Industrial Batteries\",\"description\":\"Through our product knowledge, our buffer stock and our flexible organization, we can deliver your components for industrial batteries quickly and customized to your needs\",\"publisher\":{\"@id\":\"https:\\\/\\\/vandapower.com\\\/be-nl\\\/#organization\"},\"potentialAction\":[{\"@type\":\"SearchAction\",\"target\":{\"@type\":\"EntryPoint\",\"urlTemplate\":\"https:\\\/\\\/vandapower.com\\\/be-nl\\\/?s={search_term_string}\"},\"query-input\":{\"@type\":\"PropertyValueSpecification\",\"valueRequired\":true,\"valueName\":\"search_term_string\"}}],\"inLanguage\":\"it-IT\"},{\"@type\":\"Organization\",\"@id\":\"https:\\\/\\\/vandapower.com\\\/be-nl\\\/#organization\",\"name\":\"Vandapower\",\"url\":\"https:\\\/\\\/vandapower.com\\\/be-nl\\\/\",\"logo\":{\"@type\":\"ImageObject\",\"inLanguage\":\"it-IT\",\"@id\":\"https:\\\/\\\/vandapower.com\\\/be-nl\\\/#\\\/schema\\\/logo\\\/image\\\/\",\"url\":\"https:\\\/\\\/vandapower.eu\\\/wp-content\\\/uploads\\\/2021\\\/07\\\/logo-Vandapower-tagline.svg\",\"contentUrl\":\"https:\\\/\\\/vandapower.eu\\\/wp-content\\\/uploads\\\/2021\\\/07\\\/logo-Vandapower-tagline.svg\",\"width\":1321,\"height\":1088,\"caption\":\"Vandapower\"},\"image\":{\"@id\":\"https:\\\/\\\/vandapower.com\\\/be-nl\\\/#\\\/schema\\\/logo\\\/image\\\/\"}}]}<\/script>\n<!-- \/ Yoast SEO plugin. -->","yoast_head_json":{"title":"Specialista di programmazione IT - Vandapower | Components and Cable Assemblies for Industrial Batteries","robots":{"index":"index","follow":"follow","max-snippet":"max-snippet:-1","max-image-preview":"max-image-preview:large","max-video-preview":"max-video-preview:-1"},"canonical":"https:\/\/vandapower.com\/it\/lavora-con-noi\/specialista-di-programmazione-it\/","og_locale":"it_IT","og_type":"article","og_title":"Specialista di programmazione IT - Vandapower | Components and Cable Assemblies for Industrial Batteries","og_description":"SportellounicoConsegnapuntualeConsulenza tecnica indipendenteSpecialista di programmazione ITChi \u00e8 Vandapower? Vandapower\u00e8 un'azienda in rapida crescita. \u00c8 il leader europeo nel mercato di nicchia della distribuzione di componenti per batterie industriali. I nostri clienti sono sia PMI indipendenti che multinazionali. Attraverso le nostre sedi di Oosterzele, Belgio e Austin, Texas, serviamo clienti in tutto il mondo. Ci sforziamo [&hellip;]","og_url":"https:\/\/vandapower.com\/it\/lavora-con-noi\/specialista-di-programmazione-it\/","og_site_name":"Vandapower | Components and Cable Assemblies for Industrial Batteries","article_modified_time":"2021-11-05T08:20:48+00:00","twitter_card":"summary_large_image","twitter_misc":{"Tempo di lettura stimato":"5 minuti"},"schema":{"@context":"https:\/\/schema.org","@graph":[{"@type":"WebPage","@id":"https:\/\/vandapower.com\/it\/lavora-con-noi\/specialista-di-programmazione-it\/","url":"https:\/\/vandapower.com\/it\/lavora-con-noi\/specialista-di-programmazione-it\/","name":"Specialista di programmazione IT - Vandapower | Components and Cable Assemblies for Industrial Batteries","isPartOf":{"@id":"https:\/\/vandapower.com\/be-nl\/#website"},"datePublished":"2021-10-21T15:51:57+00:00","dateModified":"2021-11-05T08:20:48+00:00","breadcrumb":{"@id":"https:\/\/vandapower.com\/it\/lavora-con-noi\/specialista-di-programmazione-it\/#breadcrumb"},"inLanguage":"it-IT","potentialAction":[{"@type":"ReadAction","target":["https:\/\/vandapower.com\/it\/lavora-con-noi\/specialista-di-programmazione-it\/"]}]},{"@type":"BreadcrumbList","@id":"https:\/\/vandapower.com\/it\/lavora-con-noi\/specialista-di-programmazione-it\/#breadcrumb","itemListElement":[{"@type":"ListItem","position":1,"name":"Home","item":"https:\/\/vandapower.com\/it\/"},{"@type":"ListItem","position":2,"name":"Lavora con noi","item":"https:\/\/vandapower.com\/it\/lavora-con-noi\/"},{"@type":"ListItem","position":3,"name":"Specialista di programmazione IT"}]},{"@type":"WebSite","@id":"https:\/\/vandapower.com\/be-nl\/#website","url":"https:\/\/vandapower.com\/be-nl\/","name":"Vandapower | Components and Cable Assemblies for Industrial Batteries","description":"Through our product knowledge, our buffer stock and our flexible organization, we can deliver your components for industrial batteries quickly and customized to your needs","publisher":{"@id":"https:\/\/vandapower.com\/be-nl\/#organization"},"potentialAction":[{"@type":"SearchAction","target":{"@type":"EntryPoint","urlTemplate":"https:\/\/vandapower.com\/be-nl\/?s={search_term_string}"},"query-input":{"@type":"PropertyValueSpecification","valueRequired":true,"valueName":"search_term_string"}}],"inLanguage":"it-IT"},{"@type":"Organization","@id":"https:\/\/vandapower.com\/be-nl\/#organization","name":"Vandapower","url":"https:\/\/vandapower.com\/be-nl\/","logo":{"@type":"ImageObject","inLanguage":"it-IT","@id":"https:\/\/vandapower.com\/be-nl\/#\/schema\/logo\/image\/","url":"https:\/\/vandapower.eu\/wp-content\/uploads\/2021\/07\/logo-Vandapower-tagline.svg","contentUrl":"https:\/\/vandapower.eu\/wp-content\/uploads\/2021\/07\/logo-Vandapower-tagline.svg","width":1321,"height":1088,"caption":"Vandapower"},"image":{"@id":"https:\/\/vandapower.com\/be-nl\/#\/schema\/logo\/image\/"}}]}},"_links":{"self":[{"href":"https:\/\/vandapower.com\/it\/wp-json\/wp\/v2\/pages\/5147","targetHints":{"allow":["GET"]}}],"collection":[{"href":"https:\/\/vandapower.com\/it\/wp-json\/wp\/v2\/pages"}],"about":[{"href":"https:\/\/vandapower.com\/it\/wp-json\/wp\/v2\/types\/page"}],"author":[{"embeddable":true,"href":"https:\/\/vandapower.com\/it\/wp-json\/wp\/v2\/users\/1"}],"replies":[{"embeddable":true,"href":"https:\/\/vandapower.com\/it\/wp-json\/wp\/v2\/comments?post=5147"}],"version-history":[{"count":5,"href":"https:\/\/vandapower.com\/it\/wp-json\/wp\/v2\/pages\/5147\/revisions"}],"predecessor-version":[{"id":6103,"href":"https:\/\/vandapower.com\/it\/wp-json\/wp\/v2\/pages\/5147\/revisions\/6103"}],"up":[{"embeddable":true,"href":"https:\/\/vandapower.com\/it\/wp-json\/wp\/v2\/pages\/5073"}],"wp:attachment":[{"href":"https:\/\/vandapower.com\/it\/wp-json\/wp\/v2\/media?parent=5147"}],"curies":[{"name":"wp","href":"https:\/\/api.w.org\/{rel}","templated":true}]}}