{"id":5143,"date":"2021-10-21T15:39:07","date_gmt":"2021-10-21T15:39:07","guid":{"rendered":"https:\/\/vandapower.eu\/lavora-con-noi\/assistente-di-produzione\/"},"modified":"2021-11-05T08:20:48","modified_gmt":"2021-11-05T08:20:48","slug":"assistente-di-produzione","status":"publish","type":"page","link":"https:\/\/vandapower.com\/it\/lavora-con-noi\/assistente-di-produzione\/","title":{"rendered":"Assistente di produzione"},"content":{"rendered":"<p>[et_pb_section fb_built=&#8221;1&#8243; _builder_version=&#8221;4.9.7&#8243; _module_preset=&#8221;default&#8221; custom_padding=&#8221;0px||0px||true|false&#8221;][et_pb_row module_class=&#8221;usp-header&#8221; _builder_version=&#8221;4.9.7&#8243; _module_preset=&#8221;default&#8221; custom_padding=&#8221;||0px||false|false&#8221; global_module=&#8221;2256&#8243; saved_tabs=&#8221;all&#8221;][et_pb_column type=&#8221;4_4&#8243; _builder_version=&#8221;4.9.7&#8243; _module_preset=&#8221;default&#8221;][et_pb_blurb image=&#8221;https:\/\/vandapower.eu\/wp-content\/uploads\/\/2021\/07\/One-stop-Shop.svg&#8221; icon_placement=&#8221;left&#8221; image_max_width=&#8221;20px&#8221; _builder_version=&#8221;4.9.7&#8243; _module_preset=&#8221;default&#8221; body_font_size=&#8221;14px&#8221; body_line_height=&#8221;1.4em&#8221; width=&#8221;13%&#8221; width_tablet=&#8221;30%&#8221; width_phone=&#8221;100%&#8221; width_last_edited=&#8221;on|phone&#8221; custom_margin=&#8221;0px||10px||false|false&#8221; custom_padding=&#8221;||0px|0px|false|false&#8221; link_option_url=&#8221;https:\/\/vandapower.eu\/it\/perche-vandapower\/#onestop&#8221; custom_css_main_element=&#8221;display: inline-block;||&#8221; content__hover_enabled=&#8221;on|hover&#8221; content__hover=&#8221;<\/p>\n<p><span style=%22text-decoration: underline;%22><span class=%22red%22>One-stop<\/span> shop<\/span><\/p>\n<p>&#8220;]<\/p>\n<p><span class=\"red\">Sportello<\/span>unico<\/p>\n<p>[\/et_pb_blurb][et_pb_blurb image=&#8221;https:\/\/vandapower.eu\/wp-content\/uploads\/\/2021\/07\/On-time-Delivery.svg&#8221; icon_placement=&#8221;left&#8221; image_max_width=&#8221;20px&#8221; _builder_version=&#8221;4.9.7&#8243; _module_preset=&#8221;default&#8221; body_font_size=&#8221;14px&#8221; body_line_height=&#8221;1.4em&#8221; width=&#8221;13%&#8221; width_tablet=&#8221;30%&#8221; width_phone=&#8221;100%&#8221; width_last_edited=&#8221;on|phone&#8221; custom_margin=&#8221;0px||10px||false|false&#8221; custom_padding=&#8221;||0px|0px|false|false&#8221; link_option_url=&#8221;https:\/\/vandapower.eu\/it\/perche-vandapower\/#ontime&#8221; custom_css_main_element=&#8221;display: inline-block;&#8221; content__hover_enabled=&#8221;on|hover&#8221; content__hover=&#8221;<\/p>\n<p><span style=%22text-decoration: underline;%22><span class=%22red%22>Tijdige<\/span> levering<\/span><\/p>\n<p>&#8220;]<\/p>\n<p><span class=\"red\">Consegna<\/span>puntuale<\/p>\n<p>[\/et_pb_blurb][et_pb_blurb image=&#8221;https:\/\/vandapower.eu\/wp-content\/uploads\/\/2021\/07\/Independent-Technical-Advice.svg&#8221; icon_placement=&#8221;left&#8221; image_max_width=&#8221;18px&#8221; _builder_version=&#8221;4.9.7&#8243; _module_preset=&#8221;default&#8221; body_font_size=&#8221;14px&#8221; body_line_height=&#8221;2em&#8221; width=&#8221;25%&#8221; width_tablet=&#8221;39%&#8221; width_phone=&#8221;100%&#8221; width_last_edited=&#8221;on|phone&#8221; custom_margin=&#8221;||5px||false|false&#8221; custom_padding=&#8221;||0px|0px|false|false&#8221; link_option_url=&#8221;https:\/\/vandapower.eu\/it\/perche-vandapower\/#independent&#8221; custom_css_main_element=&#8221;display: inline-block;&#8221; content__hover_enabled=&#8221;on|hover&#8221; content__hover=&#8221;<\/p>\n<p><span style=%22text-decoration: underline;%22>Onafhankelijk <span class=%22red%22>technisch advies<\/span><\/span><\/p>\n<p>&#8220;]<\/p>\n<p><span class=\"red\">Consulenza tecnica<\/span> indipendente<\/p>\n<p>[\/et_pb_blurb][\/et_pb_column][\/et_pb_row][et_pb_row _builder_version=&#8221;4.9.7&#8243; _module_preset=&#8221;default&#8221; custom_margin=&#8221;0px||||false|false&#8221; custom_padding=&#8221;0px||0px||true|false&#8221;][et_pb_column type=&#8221;4_4&#8243; _builder_version=&#8221;4.9.7&#8243; _module_preset=&#8221;default&#8221;][et_pb_code _builder_version=&#8221;4.9.7&#8243; _module_preset=&#8221;default&#8221; custom_margin=&#8221;15px||0px||false|false&#8221;]<span><span><a href=\"https:\/\/vandapower.com\/it\/\">Home<\/a><\/span><\/span>[\/et_pb_code][\/et_pb_column][\/et_pb_row][\/et_pb_section][et_pb_section fb_built=&#8221;1&#8243; _builder_version=&#8221;4.9.7&#8243; _module_preset=&#8221;default&#8221; custom_padding=&#8221;0px||0px||false|false&#8221;][et_pb_row _builder_version=&#8221;4.9.7&#8243; _module_preset=&#8221;default&#8221;][et_pb_column type=&#8221;4_4&#8243; _builder_version=&#8221;4.9.7&#8243; _module_preset=&#8221;default&#8221;][et_pb_text _builder_version=&#8221;4.9.7&#8243; _module_preset=&#8221;default&#8221; hover_enabled=&#8221;0&#8243; sticky_enabled=&#8221;0&#8243;]<\/p>\n<h1>Assistente di produzione<\/h1>\n<p>[\/et_pb_text][et_pb_image src=&#8221;https:\/\/vandapower.eu\/wp-content\/uploads\/2021\/07\/top-vacature.jpg&#8221; title_text=&#8221;top posti vacanti&#8221; _builder_version=&#8221;4.9.7&#8243; _module_preset=&#8221;default&#8221;][\/et_pb_image][et_pb_text _builder_version=&#8221;4.9.7&#8243; _module_preset=&#8221;default&#8221; custom_margin=&#8221;||2px||false|false&#8221; hover_enabled=&#8221;0&#8243; sticky_enabled=&#8221;0&#8243;]<\/p>\n<p><strong>Chi \u00e8 Vandapower?<\/strong><\/p>\n<p><strong>Vandapower<\/strong>\u00e8 un&#8217;azienda in rapida crescita ed \u00e8 leader europeo nel mercato di nicchia della distribuzione di parti per batterie industriali. I nostri clienti sono piccole PMI indipendenti e aziende in batteria. Attraverso le nostre filiali di Oosterzele e Austin, Texas, abbiamo clienti in tutta Europa e Nord America.<\/p>\n<p>Puntiamo a rafforzare la nostra posizione di leadership in nuovi segmenti e regioni. Tutto questo \u00e8 reso possibile da una combinazione di un forte spirito di squadra, persone di talento, un&#8217;organizzazione fluida e flessibile, con un&#8217;attenzione molto pronunciata alla cordialit\u00e0 del cliente e un servizio rapido e corretto.<\/p>\n<p><strong>Che posizione abbiamo da offrire?<\/strong><\/p>\n<p>Stiamo cercando una persona <strong>forte<\/strong>che possa identificarsi pienamente con il seguente posto vacante come <strong>Assistente di produzione<\/strong><strong>.<\/strong><\/p>\n<ul>\n<li><strong>Come dipendente del nostro dipartimento<\/strong>di produzione, ti assicuri principalmente che gli <strong>assemblaggi<\/strong>richiesti siano fatti in tempo e correttamente.\n<ul>\n<li>Gli <strong>assemblaggi<\/strong>possono includere il taglio dei cavi a misura, lo smontaggio dei cavi, la saldatura, la pressatura dei contatti, il montaggio delle prese, ecc.<\/li>\n<\/ul>\n<\/li>\n<li>Lei intraprende le azioni necessarie per la preparazione <strong>accurata<\/strong>e corretta delle merci richieste<\/li>\n<li>Puoi <strong>leggere<\/strong>le <strong>schede<\/strong><strong>tecniche<\/strong>e mettere insieme le cose secondo i piani.<\/li>\n<li>Lei \u00e8 responsabile per il <strong>Imballaggio e accatastamento delle merci in uscita. Avete un&#8217;idea del corretto imballaggio delle merci.<\/strong><\/li>\n<li><strong>Si possono maneggiare i pezzi a volte un po&#8217; pi\u00f9 pesanti (max. 30 kg)<\/strong><\/li>\n<li>Fornisci le informazioni necessarie ai dipendenti e ai team leader. Quindi lei \u00e8 un buon <strong>comunicatore<\/strong>.<\/li>\n<li>Contribuisci attivamente a <strong>mantenere il magazzino in ordine.<\/strong><\/li>\n<li>Infine, si pu\u00f2 <strong>fornire il supporto<\/strong> necessario in tutti i settori per tutto il nostro magazzino. Mettere via la merce, smistare e smaltire i rifiuti in modo ordinato, tenere in ordine i luoghi di lavoro.<\/li>\n<li>L&#8217;esperienza nella guida di un carrello <strong>elevatore<\/strong>\u00e8 un vantaggio ma non essenziale<\/li>\n<\/ul>\n<p><strong>Cosa pu\u00f2 offrirci?<\/strong><\/p>\n<ul>\n<li>Hai una conoscenza solida e praticamente utilizzabile <strong>dell&#8217;olandese<\/strong> <\/li>\n<li>Sei <strong>preciso, paziente<\/strong> e hai un <strong>occhio<\/strong>per i <strong>dettagli<\/strong>. Sai affrontare situazioni stressanti e mutevoli e aiuti sempre a trovare la soluzione giusta. Sei <strong>pratico<\/strong>e hai il coraggio <strong>di prendere le iniziative necessarie.<\/strong> <\/li>\n<li>L&#8217;esperienza in un ambiente tecnico di produzione \u00e8 un plus. <\/li>\n<li><strong>Forti capacit\u00e0 di comunicazione<\/strong>, <strong>collegialit\u00e0<\/strong>e <strong>apertura mentale<\/strong>sono qualit\u00e0 alle quali puoi associarti. <\/li>\n<li>Sei intraprendente, flessibile, preciso e hai un atteggiamento positivo verso il mondo. <\/li>\n<li>Sei un <strong>malizioso <\/strong><strong>tuttofare<\/strong>che si trova a suo agio in vari campi e ti piacerebbe lavorare in modo vario, preciso e professionale in un ambiente di lavoro piacevole e familiare.<\/li>\n<\/ul>\n<p><strong>Cosa possiamo offrire?<\/strong><\/p>\n<ul>\n<li>Ti offriamo un <strong>ruolo<\/strong>in un <strong>ambiente<\/strong>di <strong>lavoro<\/strong> internazionale e in crescita in una posizione a <strong>tempo pieno<\/strong>(38 ore) con un contratto a tempo indeterminato. <\/li>\n<li>Farai parte di un team <strong>dinamico<\/strong>di circa 30 persone dove la <strong>collegialit\u00e0<\/strong>e il <strong>duro<\/strong><strong>lavoro<\/strong>sono molto apprezzati. <\/li>\n<li>Offriamo un pacchetto <strong>salariale<\/strong>attraente, una bella <strong>atmosfera<\/strong><strong>familiare<\/strong>e forniamo abbastanza vitamine durante la settimana lavorativa. <\/li>\n<\/ul>\n<p>Dal luned\u00ec al venerd\u00ec lavoriamo dalle 8.30 alle 17.00, il venerd\u00ec dalle 8.30 alle 15.00.<br \/>Sede di lavoro: Lange Ambachtstraat 16 in 9860 OOSTERZELE.<\/p>\n<p><strong>Ti senti indirizzato?<\/strong><\/p>\n<p>Leggere la descrizione del lavoro di cui sopra ti d\u00e0 <strong>l&#8217;energia<\/strong>necessaria? E pensi che potremmo essere il tuo prossimo sbocco per ricaricare le tue conoscenze e il tuo potere? Allora assicurati di inviare il tuo CV e la tua lettera di presentazione a <a href=\"mailto:jobs@vandapower.com\">jobs@vandapower.com<\/a> all&#8217;attenzione di Audrey Van De Velde.<\/p>\n<p>[\/et_pb_text][\/et_pb_column][\/et_pb_row][et_pb_row _builder_version=&#8221;4.9.7&#8243; _module_preset=&#8221;default&#8221;][et_pb_column type=&#8221;4_4&#8243; _builder_version=&#8221;4.9.7&#8243; _module_preset=&#8221;default&#8221;][et_pb_image src=&#8221;https:\/\/vandapower.eu\/wp-content\/uploads\/2021\/07\/bottom-vacature.jpg&#8221; title_text=&#8221;fondo vuoto&#8221; _builder_version=&#8221;4.9.7&#8243; _module_preset=&#8221;default&#8221;][\/et_pb_image][\/et_pb_column][\/et_pb_row][\/et_pb_section]<\/p>\n","protected":false},"excerpt":{"rendered":"<p>SportellounicoConsegnapuntualeConsulenza tecnica indipendente<span><span><a href=\"https:\/\/vandapower.com\/it\/\">Home<\/a><\/span><\/span>Assistente di produzioneChi \u00e8 Vandapower? Vandapower\u00e8 un&#8217;azienda in rapida crescita ed \u00e8 leader europeo nel mercato di nicchia della distribuzione di parti per batterie industriali. I nostri clienti sono piccole PMI indipendenti e aziende in batteria. Attraverso le nostre filiali di Oosterzele e Austin, Texas, abbiamo clienti in tutta Europa e Nord America. [&hellip;]<\/p>\n","protected":false},"author":1,"featured_media":0,"parent":5073,"menu_order":0,"comment_status":"closed","ping_status":"closed","template":"","meta":{"_et_pb_use_builder":"on","_et_pb_old_content":"","_et_gb_content_width":"","om_disable_all_campaigns":false,"inline_featured_image":false,"_monsterinsights_skip_tracking":false,"_monsterinsights_sitenote_active":false,"_monsterinsights_sitenote_note":"","_monsterinsights_sitenote_category":0,"_uf_show_specific_survey":0,"_uf_disable_surveys":false,"footnotes":""},"class_list":["post-5143","page","type-page","status-publish","hentry"],"yoast_head":"<!-- This site is optimized with the Yoast SEO plugin v27.4 - https:\/\/yoast.com\/product\/yoast-seo-wordpress\/ -->\n<title>Assistente di produzione - Vandapower | Components and Cable Assemblies for Industrial Batteries<\/title>\n<meta name=\"robots\" content=\"index, follow, max-snippet:-1, max-image-preview:large, max-video-preview:-1\" \/>\n<link rel=\"canonical\" href=\"https:\/\/vandapower.com\/it\/lavora-con-noi\/assistente-di-produzione\/\" \/>\n<meta property=\"og:locale\" content=\"it_IT\" \/>\n<meta property=\"og:type\" content=\"article\" \/>\n<meta property=\"og:title\" content=\"Assistente di produzione - Vandapower | Components and Cable Assemblies for Industrial Batteries\" \/>\n<meta property=\"og:description\" content=\"SportellounicoConsegnapuntualeConsulenza tecnica indipendenteAssistente di produzioneChi \u00e8 Vandapower? Vandapower\u00e8 un&#039;azienda in rapida crescita ed \u00e8 leader europeo nel mercato di nicchia della distribuzione di parti per batterie industriali. I nostri clienti sono piccole PMI indipendenti e aziende in batteria. Attraverso le nostre filiali di Oosterzele e Austin, Texas, abbiamo clienti in tutta Europa e Nord America. [&hellip;]\" \/>\n<meta property=\"og:url\" content=\"https:\/\/vandapower.com\/it\/lavora-con-noi\/assistente-di-produzione\/\" \/>\n<meta property=\"og:site_name\" content=\"Vandapower | Components and Cable Assemblies for Industrial Batteries\" \/>\n<meta property=\"article:modified_time\" content=\"2021-11-05T08:20:48+00:00\" \/>\n<meta name=\"twitter:card\" content=\"summary_large_image\" \/>\n<meta name=\"twitter:label1\" content=\"Tempo di lettura stimato\" \/>\n\t<meta name=\"twitter:data1\" content=\"5 minuti\" \/>\n<script type=\"application\/ld+json\" class=\"yoast-schema-graph\">{\"@context\":\"https:\\\/\\\/schema.org\",\"@graph\":[{\"@type\":\"WebPage\",\"@id\":\"https:\\\/\\\/vandapower.com\\\/it\\\/lavora-con-noi\\\/assistente-di-produzione\\\/\",\"url\":\"https:\\\/\\\/vandapower.com\\\/it\\\/lavora-con-noi\\\/assistente-di-produzione\\\/\",\"name\":\"Assistente di produzione - Vandapower | Components and Cable Assemblies for Industrial Batteries\",\"isPartOf\":{\"@id\":\"https:\\\/\\\/vandapower.com\\\/be-nl\\\/#website\"},\"datePublished\":\"2021-10-21T15:39:07+00:00\",\"dateModified\":\"2021-11-05T08:20:48+00:00\",\"breadcrumb\":{\"@id\":\"https:\\\/\\\/vandapower.com\\\/it\\\/lavora-con-noi\\\/assistente-di-produzione\\\/#breadcrumb\"},\"inLanguage\":\"it-IT\",\"potentialAction\":[{\"@type\":\"ReadAction\",\"target\":[\"https:\\\/\\\/vandapower.com\\\/it\\\/lavora-con-noi\\\/assistente-di-produzione\\\/\"]}]},{\"@type\":\"BreadcrumbList\",\"@id\":\"https:\\\/\\\/vandapower.com\\\/it\\\/lavora-con-noi\\\/assistente-di-produzione\\\/#breadcrumb\",\"itemListElement\":[{\"@type\":\"ListItem\",\"position\":1,\"name\":\"Home\",\"item\":\"https:\\\/\\\/vandapower.com\\\/it\\\/\"},{\"@type\":\"ListItem\",\"position\":2,\"name\":\"Lavora con noi\",\"item\":\"https:\\\/\\\/vandapower.com\\\/it\\\/lavora-con-noi\\\/\"},{\"@type\":\"ListItem\",\"position\":3,\"name\":\"Assistente di produzione\"}]},{\"@type\":\"WebSite\",\"@id\":\"https:\\\/\\\/vandapower.com\\\/be-nl\\\/#website\",\"url\":\"https:\\\/\\\/vandapower.com\\\/be-nl\\\/\",\"name\":\"Vandapower | Components and Cable Assemblies for Industrial Batteries\",\"description\":\"Through our product knowledge, our buffer stock and our flexible organization, we can deliver your components for industrial batteries quickly and customized to your needs\",\"publisher\":{\"@id\":\"https:\\\/\\\/vandapower.com\\\/be-nl\\\/#organization\"},\"potentialAction\":[{\"@type\":\"SearchAction\",\"target\":{\"@type\":\"EntryPoint\",\"urlTemplate\":\"https:\\\/\\\/vandapower.com\\\/be-nl\\\/?s={search_term_string}\"},\"query-input\":{\"@type\":\"PropertyValueSpecification\",\"valueRequired\":true,\"valueName\":\"search_term_string\"}}],\"inLanguage\":\"it-IT\"},{\"@type\":\"Organization\",\"@id\":\"https:\\\/\\\/vandapower.com\\\/be-nl\\\/#organization\",\"name\":\"Vandapower\",\"url\":\"https:\\\/\\\/vandapower.com\\\/be-nl\\\/\",\"logo\":{\"@type\":\"ImageObject\",\"inLanguage\":\"it-IT\",\"@id\":\"https:\\\/\\\/vandapower.com\\\/be-nl\\\/#\\\/schema\\\/logo\\\/image\\\/\",\"url\":\"https:\\\/\\\/vandapower.eu\\\/wp-content\\\/uploads\\\/2021\\\/07\\\/logo-Vandapower-tagline.svg\",\"contentUrl\":\"https:\\\/\\\/vandapower.eu\\\/wp-content\\\/uploads\\\/2021\\\/07\\\/logo-Vandapower-tagline.svg\",\"width\":1321,\"height\":1088,\"caption\":\"Vandapower\"},\"image\":{\"@id\":\"https:\\\/\\\/vandapower.com\\\/be-nl\\\/#\\\/schema\\\/logo\\\/image\\\/\"}}]}<\/script>\n<!-- \/ Yoast SEO plugin. -->","yoast_head_json":{"title":"Assistente di produzione - Vandapower | Components and Cable Assemblies for Industrial Batteries","robots":{"index":"index","follow":"follow","max-snippet":"max-snippet:-1","max-image-preview":"max-image-preview:large","max-video-preview":"max-video-preview:-1"},"canonical":"https:\/\/vandapower.com\/it\/lavora-con-noi\/assistente-di-produzione\/","og_locale":"it_IT","og_type":"article","og_title":"Assistente di produzione - Vandapower | Components and Cable Assemblies for Industrial Batteries","og_description":"SportellounicoConsegnapuntualeConsulenza tecnica indipendenteAssistente di produzioneChi \u00e8 Vandapower? Vandapower\u00e8 un'azienda in rapida crescita ed \u00e8 leader europeo nel mercato di nicchia della distribuzione di parti per batterie industriali. I nostri clienti sono piccole PMI indipendenti e aziende in batteria. Attraverso le nostre filiali di Oosterzele e Austin, Texas, abbiamo clienti in tutta Europa e Nord America. [&hellip;]","og_url":"https:\/\/vandapower.com\/it\/lavora-con-noi\/assistente-di-produzione\/","og_site_name":"Vandapower | Components and Cable Assemblies for Industrial Batteries","article_modified_time":"2021-11-05T08:20:48+00:00","twitter_card":"summary_large_image","twitter_misc":{"Tempo di lettura stimato":"5 minuti"},"schema":{"@context":"https:\/\/schema.org","@graph":[{"@type":"WebPage","@id":"https:\/\/vandapower.com\/it\/lavora-con-noi\/assistente-di-produzione\/","url":"https:\/\/vandapower.com\/it\/lavora-con-noi\/assistente-di-produzione\/","name":"Assistente di produzione - Vandapower | Components and Cable Assemblies for Industrial Batteries","isPartOf":{"@id":"https:\/\/vandapower.com\/be-nl\/#website"},"datePublished":"2021-10-21T15:39:07+00:00","dateModified":"2021-11-05T08:20:48+00:00","breadcrumb":{"@id":"https:\/\/vandapower.com\/it\/lavora-con-noi\/assistente-di-produzione\/#breadcrumb"},"inLanguage":"it-IT","potentialAction":[{"@type":"ReadAction","target":["https:\/\/vandapower.com\/it\/lavora-con-noi\/assistente-di-produzione\/"]}]},{"@type":"BreadcrumbList","@id":"https:\/\/vandapower.com\/it\/lavora-con-noi\/assistente-di-produzione\/#breadcrumb","itemListElement":[{"@type":"ListItem","position":1,"name":"Home","item":"https:\/\/vandapower.com\/it\/"},{"@type":"ListItem","position":2,"name":"Lavora con noi","item":"https:\/\/vandapower.com\/it\/lavora-con-noi\/"},{"@type":"ListItem","position":3,"name":"Assistente di produzione"}]},{"@type":"WebSite","@id":"https:\/\/vandapower.com\/be-nl\/#website","url":"https:\/\/vandapower.com\/be-nl\/","name":"Vandapower | Components and Cable Assemblies for Industrial Batteries","description":"Through our product knowledge, our buffer stock and our flexible organization, we can deliver your components for industrial batteries quickly and customized to your needs","publisher":{"@id":"https:\/\/vandapower.com\/be-nl\/#organization"},"potentialAction":[{"@type":"SearchAction","target":{"@type":"EntryPoint","urlTemplate":"https:\/\/vandapower.com\/be-nl\/?s={search_term_string}"},"query-input":{"@type":"PropertyValueSpecification","valueRequired":true,"valueName":"search_term_string"}}],"inLanguage":"it-IT"},{"@type":"Organization","@id":"https:\/\/vandapower.com\/be-nl\/#organization","name":"Vandapower","url":"https:\/\/vandapower.com\/be-nl\/","logo":{"@type":"ImageObject","inLanguage":"it-IT","@id":"https:\/\/vandapower.com\/be-nl\/#\/schema\/logo\/image\/","url":"https:\/\/vandapower.eu\/wp-content\/uploads\/2021\/07\/logo-Vandapower-tagline.svg","contentUrl":"https:\/\/vandapower.eu\/wp-content\/uploads\/2021\/07\/logo-Vandapower-tagline.svg","width":1321,"height":1088,"caption":"Vandapower"},"image":{"@id":"https:\/\/vandapower.com\/be-nl\/#\/schema\/logo\/image\/"}}]}},"_links":{"self":[{"href":"https:\/\/vandapower.com\/it\/wp-json\/wp\/v2\/pages\/5143","targetHints":{"allow":["GET"]}}],"collection":[{"href":"https:\/\/vandapower.com\/it\/wp-json\/wp\/v2\/pages"}],"about":[{"href":"https:\/\/vandapower.com\/it\/wp-json\/wp\/v2\/types\/page"}],"author":[{"embeddable":true,"href":"https:\/\/vandapower.com\/it\/wp-json\/wp\/v2\/users\/1"}],"replies":[{"embeddable":true,"href":"https:\/\/vandapower.com\/it\/wp-json\/wp\/v2\/comments?post=5143"}],"version-history":[{"count":5,"href":"https:\/\/vandapower.com\/it\/wp-json\/wp\/v2\/pages\/5143\/revisions"}],"predecessor-version":[{"id":6109,"href":"https:\/\/vandapower.com\/it\/wp-json\/wp\/v2\/pages\/5143\/revisions\/6109"}],"up":[{"embeddable":true,"href":"https:\/\/vandapower.com\/it\/wp-json\/wp\/v2\/pages\/5073"}],"wp:attachment":[{"href":"https:\/\/vandapower.com\/it\/wp-json\/wp\/v2\/media?parent=5143"}],"curies":[{"name":"wp","href":"https:\/\/api.w.org\/{rel}","templated":true}]}}