{"id":5038,"date":"2021-10-21T09:08:19","date_gmt":"2021-10-21T09:08:19","guid":{"rendered":"https:\/\/vandapower.eu\/informativa-privacy\/"},"modified":"2022-05-27T08:09:20","modified_gmt":"2022-05-27T08:09:20","slug":"informativa-privacy","status":"publish","type":"page","link":"https:\/\/vandapower.com\/it\/informativa-privacy\/","title":{"rendered":"Informativa privacy"},"content":{"rendered":"<p>[et_pb_section fb_built=&#8221;1&#8243; _builder_version=&#8221;4.9.7&#8243; _module_preset=&#8221;default&#8221; custom_padding=&#8221;0px||0px||true|false&#8221; global_colors_info=&#8221;{}&#8221; da_is_popup=&#8221;off&#8221; da_exit_intent=&#8221;off&#8221; da_has_close=&#8221;on&#8221; da_alt_close=&#8221;off&#8221; da_dark_close=&#8221;off&#8221; da_not_modal=&#8221;on&#8221; da_is_singular=&#8221;off&#8221; da_with_loader=&#8221;off&#8221; da_has_shadow=&#8221;on&#8221; da_disable_devices=&#8221;off|off|off&#8221;][et_pb_row module_class=&#8221;usp-header&#8221; _builder_version=&#8221;4.14.5&#8243; _module_preset=&#8221;default&#8221; width=&#8221;85%&#8221; custom_padding=&#8221;||0px||false|false&#8221; global_module=&#8221;2256&#8243; saved_tabs=&#8221;all&#8221; global_colors_info=&#8221;{}&#8221;][et_pb_column type=&#8221;4_4&#8243; _builder_version=&#8221;4.9.7&#8243; _module_preset=&#8221;default&#8221; global_colors_info=&#8221;{}&#8221;][et_pb_blurb image=&#8221;https:\/\/vandapower.eu\/wp-content\/uploads\/\/2021\/07\/One-stop-Shop.svg&#8221; icon_placement=&#8221;left&#8221; image_icon_width=&#8221;20px&#8221; _builder_version=&#8221;4.14.5&#8243; _module_preset=&#8221;default&#8221; body_font_size=&#8221;14px&#8221; body_line_height=&#8221;1.4em&#8221; width=&#8221;13%&#8221; width_tablet=&#8221;30%&#8221; width_phone=&#8221;100%&#8221; width_last_edited=&#8221;on|phone&#8221; custom_margin=&#8221;0px||10px||false|false&#8221; custom_padding=&#8221;||0px|0px|false|false&#8221; link_option_url=&#8221;https:\/\/vandapower.eu\/it\/perche-vandapower\/#onestop&#8221; custom_css_main_element=&#8221;display: inline-block;||&#8221; image_max_width=&#8221;20px&#8221; global_colors_info=&#8221;{}&#8221; content__hover_enabled=&#8221;off|hover&#8221; content__hover=&#8221;<\/p>\n<p><span style=%22text-decoration: underline;%22><span class=%22red%22>One-stop<\/span> shop<\/span><\/p>\n<p>&#8220;]<\/p>\n<p><span class=\"red\">Sportello <\/span>unico<\/p>\n<p>[\/et_pb_blurb][et_pb_blurb image=&#8221;https:\/\/vandapower.eu\/wp-content\/uploads\/\/2021\/07\/On-time-Delivery.svg&#8221; icon_placement=&#8221;left&#8221; image_icon_width=&#8221;20px&#8221; _builder_version=&#8221;4.14.5&#8243; _module_preset=&#8221;default&#8221; body_font_size=&#8221;14px&#8221; body_line_height=&#8221;1.4em&#8221; width=&#8221;16%&#8221; width_tablet=&#8221;30%&#8221; width_phone=&#8221;100%&#8221; width_last_edited=&#8221;on|phone&#8221; custom_margin=&#8221;0px||10px||false|false&#8221; custom_padding=&#8221;||0px|0px|false|false&#8221; link_option_url=&#8221;https:\/\/vandapower.eu\/it\/perche-vandapower\/#ontime&#8221; custom_css_main_element=&#8221;display: inline-block;&#8221; image_max_width=&#8221;20px&#8221; global_colors_info=&#8221;{}&#8221; content__hover_enabled=&#8221;off|hover&#8221; content__hover=&#8221;<\/p>\n<p><span style=%22text-decoration: underline;%22><span class=%22red%22>Tijdige<\/span> levering<\/span><\/p>\n<p>&#8220;]Consegna <span class=\"red\">puntuale<\/span>[\/et_pb_blurb][et_pb_blurb image=&#8221;https:\/\/vandapower.eu\/wp-content\/uploads\/\/2021\/07\/Independent-Technical-Advice.svg&#8221; icon_placement=&#8221;left&#8221; image_icon_width=&#8221;18px&#8221; content_last_edited=&#8221;off|desktop&#8221; _builder_version=&#8221;4.14.5&#8243; _module_preset=&#8221;default&#8221; body_font_size=&#8221;14px&#8221; body_line_height=&#8221;2em&#8221; width=&#8221;25%&#8221; width_tablet=&#8221;39%&#8221; width_phone=&#8221;100%&#8221; width_last_edited=&#8221;on|phone&#8221; custom_margin=&#8221;||5px||false|false&#8221; custom_padding=&#8221;||0px|0px|false|false&#8221; link_option_url=&#8221;https:\/\/vandapower.eu\/it\/perche-vandapower\/#independent&#8221; custom_css_main_element=&#8221;display: inline-block;&#8221; image_max_width=&#8221;18px&#8221; global_colors_info=&#8221;{}&#8221; content__hover_enabled=&#8221;off|desktop&#8221; content__hover=&#8221;<\/p>\n<p><span style=%22text-decoration: underline;%22>Onafhankelijk <span class=%22red%22>technisch advies<\/span><\/span><\/p>\n<p>&#8220;]<\/p>\n<p>Consulenza <span class=\"red\">tecnica indipendente<\/span><\/p>\n<p>[\/et_pb_blurb][\/et_pb_column][\/et_pb_row][\/et_pb_section][et_pb_section fb_built=&#8221;1&#8243; _builder_version=&#8221;4.9.7&#8243; _module_preset=&#8221;default&#8221; custom_padding=&#8221;0px||0px||false|false&#8221; global_colors_info=&#8221;{}&#8221; da_is_popup=&#8221;off&#8221; da_exit_intent=&#8221;off&#8221; da_has_close=&#8221;on&#8221; da_alt_close=&#8221;off&#8221; da_dark_close=&#8221;off&#8221; da_not_modal=&#8221;on&#8221; da_is_singular=&#8221;off&#8221; da_with_loader=&#8221;off&#8221; da_has_shadow=&#8221;on&#8221; da_disable_devices=&#8221;off|off|off&#8221;][et_pb_row _builder_version=&#8221;4.9.7&#8243; _module_preset=&#8221;default&#8221; global_colors_info=&#8221;{}&#8221;][et_pb_column type=&#8221;4_4&#8243; _builder_version=&#8221;4.9.7&#8243; _module_preset=&#8221;default&#8221; global_colors_info=&#8221;{}&#8221;][et_pb_text _builder_version=&#8221;4.9.7&#8243; _module_preset=&#8221;default&#8221; global_colors_info=&#8221;{}&#8221;]<\/p>\n<h1>Vandapower rispetta la vostra privacy.<\/h1>\n<p>[\/et_pb_text][et_pb_text _builder_version=&#8221;4.9.7&#8243; _module_preset=&#8221;default&#8221; global_colors_info=&#8221;{}&#8221;]<\/p>\n<p><em>La vostra privacy \u00e8 di grande importanza per Vandapower BVBA. Desideriamo informarvi tramite la nostra Informativa sulla privacy in merito al modo in cui gestiamo la raccolta di informazioni sugli utenti del nostro sito web. Utilizzando il sito web si accettano le seguenti condizioni.<\/em><\/p>\n<p><em><strong>Cosa raccogliamo?<\/strong><span> <\/span>\u00c8 possibile visitare il nostro sito Web in modo anonimo e in questo modo saperne di pi\u00f9 su Vandapower BVBA. Raccogliamo regolarmente informazioni sugli utenti del nostro sito Web, come il tipo di browser, la durata della visita, le pagine utilizzate, ecc. Non possiamo identificarvi con questi dati. Raccogliamo anche indirizzi IP, ma queste informazioni generalmente non sono direttamente riconducibili alla vostra identit\u00e0. Il vostro indirizzo IP sar\u00e0 tracciabile solo con il nome del vostro provider di accesso o della vostra rete aziendale. Raccogliamo i vostri dati personali solo se fornite volontariamente il vostro indirizzo e-mail, ad esempio per ricevere la nostra newsletter o per ricevere ulteriori informazioni.<\/em><\/p>\n<p><em><strong>Come lo usiamo?<\/strong><span> <\/span>Se ci fornite il vostro indirizzo e-mail o altri dati personali (indirettamente identificabili),useremo queste informazioni solo per inviarvi la nostra newsletter o per rispondere alle vostre domande. Se avete indicato di non voler pi\u00f9 ricevere la newsletter, il vostro indirizzo e-mail verr\u00e0 rimosso dal nostro database. Se una riorganizzazione (in qualsiasi modo) dovesse avvenire all&#8217;interno di Vandapower BVBA, potrebbe essere necessario per noi trasferire i dati personali a un&#8217;altra organizzazione. Divulgheremo le vostre informazioni personali se siamo ragionevolmente dell&#8217;opinione che siamo obbligati a farlo sulla base della legge o dei regolamenti pertinenti. Ad eccezione di quanto sopra, tuttavia, non forniremo i vostri dati personali a terze parti, per qualsiasi scopo, incluso ma non limitato ai fini di marketing diretto.<\/em><\/p>\n<p><em><strong>Statistiche di Google<\/strong><span> <\/span>Vandapower BVBA utilizza Google Analytics, un servizio di analisi web offerto da Google Inc. (&#8220;Google&#8221;). Google Analytics utilizza i cookie per aiutare Vandapower BVBA ad analizzare come si utilizza il sito Web. Le informazioni generate dal cookie (compreso il tuo indirizzo IP) vengono trasferite e archiviate da Google sui server negli Stati Uniti. Google utilizza queste informazioni per tenere traccia di come si utilizza il sito Web per Vandapower BVBA, per preparare report sulle attivit\u00e0 del sito Web per Vandapower BVBA e per offrire altri servizi relativi alle attivit\u00e0 del sito Web e all&#8217;utilizzo di Internet. Google pu\u00f2 fornire queste informazioni a terzi se Google \u00e8 legalmente obbligato a farlo, o se queste terze parti elaborano le informazioni per conto di Google. Google non combiner\u00e0 il tuo indirizzo IP con altri dati detenuti da Google. Google e tutte le sue consociate, inclusa Google Analytics, aderiscono ai principi sulla privacy e sono affiliati a Privacy Shield del Dipartimento degli affari economici degli Stati Uniti e alla Commissione Europea. \u00c8 possibile rifiutare di inserire questi cookie impostando il browser in modo tale da non ricevere cookie durante il prossimo utilizzo del sito web. Maggiori informazioni su come accendere e spegnere i cookie possono essere trovate nelle istruzioni e \/ o utilizzando la funzione di guida del browser.<\/em><\/p>\n<p><em><strong>Collegamenti ipertestuali.<\/strong><span> <\/span>Per vostra comodit\u00e0, abbiamo incluso collegamenti ipertestuali sul nostro sito Web a siti Web di terzi, inclusi siti Web di numerosi fornitori di Vandapower BVBA. Desideriamo richiamare la vostra attenzione sul fatto che, se visitate questi siti Web, l&#8217;informativa sulla privacy di queste terze parti, e non quella di Vandapower BVBA, \u00e8 applicabile alle attivit\u00e0 che eseguite su questi siti Web e alle informazioni che pubblicate l\u00ec.<\/em><\/p>\n<p><em><strong>Sicurezza.<\/strong><span> <\/span>Poich\u00e9 la fornitura online di dati personali a Vandapower BVBA \u00e8 puramente volontaria e questi dati non sono particolarmente sensibili, non adottiamo alcuna misura di sicurezza. Non usiamo metodi di crittografia speciali. Per ulteriori informazioni sulla comunicazione con Vandapower BVBA e l&#8217;uso del sito Web, fare riferimento al nostro Regolamento.<\/em><\/p>\n<p><em><strong>Modifiche<\/strong><span> <\/span>Vandapower BVBA si riserva il diritto di modificare questa Informativa sulla privacy. Queste modifiche saranno annunciate su questo sito. Se si continua a utilizzare il sito Web dopo la rettifica, l&#8217;Informativa sulla privacy adattata si applicher\u00e0 a questo uso.<\/em><\/p>\n<p><em><strong>Domande e aggiornamenti.<\/strong><span> <\/span>In caso di domande o suggerimenti in merito alla privacy o se si desidera modificare i dati personali a noi forniti, \u00e8 possibile contattarci tramite la nostra pagina di contatto.<\/em><\/p>\n<p>[\/et_pb_text][\/et_pb_column][\/et_pb_row][\/et_pb_section]<\/p>\n","protected":false},"excerpt":{"rendered":"<p>Sportello unicoConsegna puntualeConsulenza tecnica indipendenteVandapower rispetta la vostra privacy.La vostra privacy \u00e8 di grande importanza per Vandapower BVBA. Desideriamo informarvi tramite la nostra Informativa sulla privacy in merito al modo in cui gestiamo la raccolta di informazioni sugli utenti del nostro sito web. Utilizzando il sito web si accettano le seguenti condizioni. Cosa raccogliamo? \u00c8 [&hellip;]<\/p>\n","protected":false},"author":1,"featured_media":0,"parent":0,"menu_order":0,"comment_status":"closed","ping_status":"closed","template":"","meta":{"_et_pb_use_builder":"on","_et_pb_old_content":"","_et_gb_content_width":"","om_disable_all_campaigns":false,"inline_featured_image":false,"_monsterinsights_skip_tracking":false,"_monsterinsights_sitenote_active":false,"_monsterinsights_sitenote_note":"","_monsterinsights_sitenote_category":0,"_uf_show_specific_survey":0,"_uf_disable_surveys":false,"footnotes":""},"class_list":["post-5038","page","type-page","status-publish","hentry"],"yoast_head":"<!-- This site is optimized with the Yoast SEO plugin v27.4 - https:\/\/yoast.com\/product\/yoast-seo-wordpress\/ -->\n<title>Informativa privacy - Vandapower | Components and Cable Assemblies for Industrial Batteries<\/title>\n<meta name=\"robots\" content=\"index, follow, max-snippet:-1, max-image-preview:large, max-video-preview:-1\" \/>\n<link rel=\"canonical\" href=\"https:\/\/vandapower.com\/it\/informativa-privacy\/\" \/>\n<meta property=\"og:locale\" content=\"it_IT\" \/>\n<meta property=\"og:type\" content=\"article\" \/>\n<meta property=\"og:title\" content=\"Informativa privacy - Vandapower | Components and Cable Assemblies for Industrial Batteries\" \/>\n<meta property=\"og:description\" content=\"Sportello unicoConsegna puntualeConsulenza tecnica indipendenteVandapower rispetta la vostra privacy.La vostra privacy \u00e8 di grande importanza per Vandapower BVBA. Desideriamo informarvi tramite la nostra Informativa sulla privacy in merito al modo in cui gestiamo la raccolta di informazioni sugli utenti del nostro sito web. Utilizzando il sito web si accettano le seguenti condizioni. Cosa raccogliamo? \u00c8 [&hellip;]\" \/>\n<meta property=\"og:url\" content=\"https:\/\/vandapower.com\/it\/informativa-privacy\/\" \/>\n<meta property=\"og:site_name\" content=\"Vandapower | Components and Cable Assemblies for Industrial Batteries\" \/>\n<meta property=\"article:modified_time\" content=\"2022-05-27T08:09:20+00:00\" \/>\n<meta name=\"twitter:card\" content=\"summary_large_image\" \/>\n<meta name=\"twitter:label1\" content=\"Tempo di lettura stimato\" \/>\n\t<meta name=\"twitter:data1\" content=\"6 minuti\" \/>\n<script type=\"application\/ld+json\" class=\"yoast-schema-graph\">{\"@context\":\"https:\\\/\\\/schema.org\",\"@graph\":[{\"@type\":\"WebPage\",\"@id\":\"https:\\\/\\\/vandapower.com\\\/it\\\/informativa-privacy\\\/\",\"url\":\"https:\\\/\\\/vandapower.com\\\/it\\\/informativa-privacy\\\/\",\"name\":\"Informativa privacy - Vandapower | Components and Cable Assemblies for Industrial Batteries\",\"isPartOf\":{\"@id\":\"https:\\\/\\\/vandapower.com\\\/be-nl\\\/#website\"},\"datePublished\":\"2021-10-21T09:08:19+00:00\",\"dateModified\":\"2022-05-27T08:09:20+00:00\",\"breadcrumb\":{\"@id\":\"https:\\\/\\\/vandapower.com\\\/it\\\/informativa-privacy\\\/#breadcrumb\"},\"inLanguage\":\"it-IT\",\"potentialAction\":[{\"@type\":\"ReadAction\",\"target\":[\"https:\\\/\\\/vandapower.com\\\/it\\\/informativa-privacy\\\/\"]}]},{\"@type\":\"BreadcrumbList\",\"@id\":\"https:\\\/\\\/vandapower.com\\\/it\\\/informativa-privacy\\\/#breadcrumb\",\"itemListElement\":[{\"@type\":\"ListItem\",\"position\":1,\"name\":\"Home\",\"item\":\"https:\\\/\\\/vandapower.com\\\/it\\\/\"},{\"@type\":\"ListItem\",\"position\":2,\"name\":\"Informativa privacy\"}]},{\"@type\":\"WebSite\",\"@id\":\"https:\\\/\\\/vandapower.com\\\/be-nl\\\/#website\",\"url\":\"https:\\\/\\\/vandapower.com\\\/be-nl\\\/\",\"name\":\"Vandapower | Components and Cable Assemblies for Industrial Batteries\",\"description\":\"Through our product knowledge, our buffer stock and our flexible organization, we can deliver your components for industrial batteries quickly and customized to your needs\",\"publisher\":{\"@id\":\"https:\\\/\\\/vandapower.com\\\/be-nl\\\/#organization\"},\"potentialAction\":[{\"@type\":\"SearchAction\",\"target\":{\"@type\":\"EntryPoint\",\"urlTemplate\":\"https:\\\/\\\/vandapower.com\\\/be-nl\\\/?s={search_term_string}\"},\"query-input\":{\"@type\":\"PropertyValueSpecification\",\"valueRequired\":true,\"valueName\":\"search_term_string\"}}],\"inLanguage\":\"it-IT\"},{\"@type\":\"Organization\",\"@id\":\"https:\\\/\\\/vandapower.com\\\/be-nl\\\/#organization\",\"name\":\"Vandapower\",\"url\":\"https:\\\/\\\/vandapower.com\\\/be-nl\\\/\",\"logo\":{\"@type\":\"ImageObject\",\"inLanguage\":\"it-IT\",\"@id\":\"https:\\\/\\\/vandapower.com\\\/be-nl\\\/#\\\/schema\\\/logo\\\/image\\\/\",\"url\":\"https:\\\/\\\/vandapower.eu\\\/wp-content\\\/uploads\\\/2021\\\/07\\\/logo-Vandapower-tagline.svg\",\"contentUrl\":\"https:\\\/\\\/vandapower.eu\\\/wp-content\\\/uploads\\\/2021\\\/07\\\/logo-Vandapower-tagline.svg\",\"width\":1321,\"height\":1088,\"caption\":\"Vandapower\"},\"image\":{\"@id\":\"https:\\\/\\\/vandapower.com\\\/be-nl\\\/#\\\/schema\\\/logo\\\/image\\\/\"}}]}<\/script>\n<!-- \/ Yoast SEO plugin. -->","yoast_head_json":{"title":"Informativa privacy - Vandapower | Components and Cable Assemblies for Industrial Batteries","robots":{"index":"index","follow":"follow","max-snippet":"max-snippet:-1","max-image-preview":"max-image-preview:large","max-video-preview":"max-video-preview:-1"},"canonical":"https:\/\/vandapower.com\/it\/informativa-privacy\/","og_locale":"it_IT","og_type":"article","og_title":"Informativa privacy - Vandapower | Components and Cable Assemblies for Industrial Batteries","og_description":"Sportello unicoConsegna puntualeConsulenza tecnica indipendenteVandapower rispetta la vostra privacy.La vostra privacy \u00e8 di grande importanza per Vandapower BVBA. Desideriamo informarvi tramite la nostra Informativa sulla privacy in merito al modo in cui gestiamo la raccolta di informazioni sugli utenti del nostro sito web. Utilizzando il sito web si accettano le seguenti condizioni. Cosa raccogliamo? \u00c8 [&hellip;]","og_url":"https:\/\/vandapower.com\/it\/informativa-privacy\/","og_site_name":"Vandapower | Components and Cable Assemblies for Industrial Batteries","article_modified_time":"2022-05-27T08:09:20+00:00","twitter_card":"summary_large_image","twitter_misc":{"Tempo di lettura stimato":"6 minuti"},"schema":{"@context":"https:\/\/schema.org","@graph":[{"@type":"WebPage","@id":"https:\/\/vandapower.com\/it\/informativa-privacy\/","url":"https:\/\/vandapower.com\/it\/informativa-privacy\/","name":"Informativa privacy - Vandapower | Components and Cable Assemblies for Industrial Batteries","isPartOf":{"@id":"https:\/\/vandapower.com\/be-nl\/#website"},"datePublished":"2021-10-21T09:08:19+00:00","dateModified":"2022-05-27T08:09:20+00:00","breadcrumb":{"@id":"https:\/\/vandapower.com\/it\/informativa-privacy\/#breadcrumb"},"inLanguage":"it-IT","potentialAction":[{"@type":"ReadAction","target":["https:\/\/vandapower.com\/it\/informativa-privacy\/"]}]},{"@type":"BreadcrumbList","@id":"https:\/\/vandapower.com\/it\/informativa-privacy\/#breadcrumb","itemListElement":[{"@type":"ListItem","position":1,"name":"Home","item":"https:\/\/vandapower.com\/it\/"},{"@type":"ListItem","position":2,"name":"Informativa privacy"}]},{"@type":"WebSite","@id":"https:\/\/vandapower.com\/be-nl\/#website","url":"https:\/\/vandapower.com\/be-nl\/","name":"Vandapower | Components and Cable Assemblies for Industrial Batteries","description":"Through our product knowledge, our buffer stock and our flexible organization, we can deliver your components for industrial batteries quickly and customized to your needs","publisher":{"@id":"https:\/\/vandapower.com\/be-nl\/#organization"},"potentialAction":[{"@type":"SearchAction","target":{"@type":"EntryPoint","urlTemplate":"https:\/\/vandapower.com\/be-nl\/?s={search_term_string}"},"query-input":{"@type":"PropertyValueSpecification","valueRequired":true,"valueName":"search_term_string"}}],"inLanguage":"it-IT"},{"@type":"Organization","@id":"https:\/\/vandapower.com\/be-nl\/#organization","name":"Vandapower","url":"https:\/\/vandapower.com\/be-nl\/","logo":{"@type":"ImageObject","inLanguage":"it-IT","@id":"https:\/\/vandapower.com\/be-nl\/#\/schema\/logo\/image\/","url":"https:\/\/vandapower.eu\/wp-content\/uploads\/2021\/07\/logo-Vandapower-tagline.svg","contentUrl":"https:\/\/vandapower.eu\/wp-content\/uploads\/2021\/07\/logo-Vandapower-tagline.svg","width":1321,"height":1088,"caption":"Vandapower"},"image":{"@id":"https:\/\/vandapower.com\/be-nl\/#\/schema\/logo\/image\/"}}]}},"_links":{"self":[{"href":"https:\/\/vandapower.com\/it\/wp-json\/wp\/v2\/pages\/5038","targetHints":{"allow":["GET"]}}],"collection":[{"href":"https:\/\/vandapower.com\/it\/wp-json\/wp\/v2\/pages"}],"about":[{"href":"https:\/\/vandapower.com\/it\/wp-json\/wp\/v2\/types\/page"}],"author":[{"embeddable":true,"href":"https:\/\/vandapower.com\/it\/wp-json\/wp\/v2\/users\/1"}],"replies":[{"embeddable":true,"href":"https:\/\/vandapower.com\/it\/wp-json\/wp\/v2\/comments?post=5038"}],"version-history":[{"count":7,"href":"https:\/\/vandapower.com\/it\/wp-json\/wp\/v2\/pages\/5038\/revisions"}],"predecessor-version":[{"id":15485,"href":"https:\/\/vandapower.com\/it\/wp-json\/wp\/v2\/pages\/5038\/revisions\/15485"}],"wp:attachment":[{"href":"https:\/\/vandapower.com\/it\/wp-json\/wp\/v2\/media?parent=5038"}],"curies":[{"name":"wp","href":"https:\/\/api.w.org\/{rel}","templated":true}]}}