{"id":4785,"date":"2021-10-19T10:04:10","date_gmt":"2021-10-19T10:04:10","guid":{"rendered":"https:\/\/vandapower.eu\/conseil-technique\/"},"modified":"2022-05-27T08:37:42","modified_gmt":"2022-05-27T08:37:42","slug":"conseil-technique","status":"publish","type":"page","link":"https:\/\/vandapower.com\/fr\/conseil-technique\/","title":{"rendered":"Conseil technique"},"content":{"rendered":"<p>[et_pb_section fb_built=\u00a0\u00bb1&Prime; _builder_version=\u00a0\u00bb4.9.7&Prime; _module_preset=\u00a0\u00bbdefault\u00a0\u00bb background_image=\u00a0\u00bbhttps:\/\/vandapower.eu\/wp-content\/uploads\/2021\/07\/technicaladvice.jpg\u00a0\u00bb height=\u00a0\u00bb360px\u00a0\u00bb global_colors_info=\u00a0\u00bb{}\u00a0\u00bb da_is_popup=\u00a0\u00bboff\u00a0\u00bb da_exit_intent=\u00a0\u00bboff\u00a0\u00bb da_has_close=\u00a0\u00bbon\u00a0\u00bb da_alt_close=\u00a0\u00bboff\u00a0\u00bb da_dark_close=\u00a0\u00bboff\u00a0\u00bb da_not_modal=\u00a0\u00bbon\u00a0\u00bb da_is_singular=\u00a0\u00bboff\u00a0\u00bb da_with_loader=\u00a0\u00bboff\u00a0\u00bb da_has_shadow=\u00a0\u00bbon\u00a0\u00bb da_disable_devices=\u00a0\u00bboff|off|off\u00a0\u00bb][et_pb_row _builder_version=\u00a0\u00bb4.9.7&Prime; _module_preset=\u00a0\u00bbdefault\u00a0\u00bb global_colors_info=\u00a0\u00bb{}\u00a0\u00bb][et_pb_column type=\u00a0\u00bb4_4&Prime; _builder_version=\u00a0\u00bb4.9.7&Prime; _module_preset=\u00a0\u00bbdefault\u00a0\u00bb global_colors_info=\u00a0\u00bb{}\u00a0\u00bb][et_pb_text _builder_version=\u00a0\u00bb4.9.7&Prime; _module_preset=\u00a0\u00bbdefault\u00a0\u00bb global_colors_info=\u00a0\u00bb{}\u00a0\u00bb][\/et_pb_text][\/et_pb_column][\/et_pb_row][\/et_pb_section][et_pb_section fb_built=\u00a0\u00bb1&Prime; _builder_version=\u00a0\u00bb4.9.7&Prime; _module_preset=\u00a0\u00bbdefault\u00a0\u00bb custom_padding=\u00a0\u00bb0px||0px||true|false\u00a0\u00bb global_colors_info=\u00a0\u00bb{}\u00a0\u00bb da_is_popup=\u00a0\u00bboff\u00a0\u00bb da_exit_intent=\u00a0\u00bboff\u00a0\u00bb da_has_close=\u00a0\u00bbon\u00a0\u00bb da_alt_close=\u00a0\u00bboff\u00a0\u00bb da_dark_close=\u00a0\u00bboff\u00a0\u00bb da_not_modal=\u00a0\u00bbon\u00a0\u00bb da_is_singular=\u00a0\u00bboff\u00a0\u00bb da_with_loader=\u00a0\u00bboff\u00a0\u00bb da_has_shadow=\u00a0\u00bbon\u00a0\u00bb da_disable_devices=\u00a0\u00bboff|off|off\u00a0\u00bb][et_pb_row module_class=\u00a0\u00bbusp-header\u00a0\u00bb _builder_version=\u00a0\u00bb4.14.5&Prime; _module_preset=\u00a0\u00bbdefault\u00a0\u00bb width=\u00a0\u00bb85%\u00a0\u00bb custom_padding=\u00a0\u00bb||0px||false|false\u00a0\u00bb global_module=\u00a0\u00bb2256&Prime; saved_tabs=\u00a0\u00bball\u00a0\u00bb global_colors_info=\u00a0\u00bb{}\u00a0\u00bb][et_pb_column type=\u00a0\u00bb4_4&Prime; _builder_version=\u00a0\u00bb4.9.7&Prime; _module_preset=\u00a0\u00bbdefault\u00a0\u00bb global_colors_info=\u00a0\u00bb{}\u00a0\u00bb][et_pb_blurb image=\u00a0\u00bbhttps:\/\/vandapower.eu\/wp-content\/uploads\/\/2021\/07\/One-stop-Shop.svg\u00a0\u00bb icon_placement=\u00a0\u00bbleft\u00a0\u00bb image_icon_width=\u00a0\u00bb20px\u00a0\u00bb _builder_version=\u00a0\u00bb4.14.5&Prime; _module_preset=\u00a0\u00bbdefault\u00a0\u00bb body_font_size=\u00a0\u00bb14px\u00a0\u00bb body_line_height=\u00a0\u00bb1.4em\u00a0\u00bb width=\u00a0\u00bb13%\u00a0\u00bb width_tablet=\u00a0\u00bb30%\u00a0\u00bb width_phone=\u00a0\u00bb100%\u00a0\u00bb width_last_edited=\u00a0\u00bbon|phone\u00a0\u00bb custom_margin=\u00a0\u00bb0px||10px||false|false\u00a0\u00bb custom_padding=\u00a0\u00bb||0px|0px|false|false\u00a0\u00bb link_option_url=\u00a0\u00bbhttps:\/\/vandapower.eu\/fr\/pourquoi-vandapower\/#onestop\u00a0\u00bb custom_css_main_element=\u00a0\u00bbdisplay: inline-block;||\u00a0\u00bb image_max_width=\u00a0\u00bb20px\u00a0\u00bb global_colors_info=\u00a0\u00bb{}\u00a0\u00bb content__hover_enabled=\u00a0\u00bboff|hover\u00a0\u00bb content__hover=\u00a0\u00bb<\/p>\n<p><span style=%22text-decoration: underline;%22><span class=%22red%22>One-stop<\/span> shop<\/span><\/p>\n<p>\u00ab\u00a0]<\/p>\n<p><span class=\"red\">One-stop<\/span> shop<\/p>\n<p>[\/et_pb_blurb][et_pb_blurb image=\u00a0\u00bbhttps:\/\/vandapower.eu\/wp-content\/uploads\/\/2021\/07\/On-time-Delivery.svg\u00a0\u00bb icon_placement=\u00a0\u00bbleft\u00a0\u00bb image_icon_width=\u00a0\u00bb20px\u00a0\u00bb _builder_version=\u00a0\u00bb4.14.5&Prime; _module_preset=\u00a0\u00bbdefault\u00a0\u00bb body_font_size=\u00a0\u00bb14px\u00a0\u00bb body_line_height=\u00a0\u00bb1.4em\u00a0\u00bb width=\u00a0\u00bb16%\u00a0\u00bb width_tablet=\u00a0\u00bb30%\u00a0\u00bb width_phone=\u00a0\u00bb100%\u00a0\u00bb width_last_edited=\u00a0\u00bbon|phone\u00a0\u00bb custom_margin=\u00a0\u00bb0px||10px||false|false\u00a0\u00bb custom_padding=\u00a0\u00bb||0px|0px|false|false\u00a0\u00bb link_option_url=\u00a0\u00bbhttps:\/\/vandapower.eu\/fr\/pourquoi-vandapower\/#ontime\u00a0\u00bb custom_css_main_element=\u00a0\u00bbdisplay: inline-block;\u00a0\u00bb image_max_width=\u00a0\u00bb20px\u00a0\u00bb global_colors_info=\u00a0\u00bb{}\u00a0\u00bb content__hover_enabled=\u00a0\u00bboff|hover\u00a0\u00bb content__hover=\u00a0\u00bb<\/p>\n<p><span style=%22text-decoration: underline;%22><span class=%22red%22>Tijdige<\/span> levering<\/span><\/p>\n<p>\u00ab\u00a0]Livraison <span class=\"red\">ponctuelles<\/span>[\/et_pb_blurb][et_pb_blurb image=\u00a0\u00bbhttps:\/\/vandapower.eu\/wp-content\/uploads\/\/2021\/07\/Independent-Technical-Advice.svg\u00a0\u00bb icon_placement=\u00a0\u00bbleft\u00a0\u00bb image_icon_width=\u00a0\u00bb18px\u00a0\u00bb content_last_edited=\u00a0\u00bboff|desktop\u00a0\u00bb _builder_version=\u00a0\u00bb4.14.5&Prime; _module_preset=\u00a0\u00bbdefault\u00a0\u00bb body_font_size=\u00a0\u00bb14px\u00a0\u00bb body_line_height=\u00a0\u00bb2em\u00a0\u00bb width=\u00a0\u00bb25%\u00a0\u00bb width_tablet=\u00a0\u00bb39%\u00a0\u00bb width_phone=\u00a0\u00bb100%\u00a0\u00bb width_last_edited=\u00a0\u00bbon|phone\u00a0\u00bb custom_margin=\u00a0\u00bb||5px||false|false\u00a0\u00bb custom_padding=\u00a0\u00bb||0px|0px|false|false\u00a0\u00bb link_option_url=\u00a0\u00bbhttps:\/\/vandapower.eu\/fr\/pourquoi-vandapower\/#independent\u00a0\u00bb custom_css_main_element=\u00a0\u00bbdisplay: inline-block;\u00a0\u00bb image_max_width=\u00a0\u00bb18px\u00a0\u00bb global_colors_info=\u00a0\u00bb{}\u00a0\u00bb content__hover_enabled=\u00a0\u00bboff|desktop\u00a0\u00bb content__hover=\u00a0\u00bb<\/p>\n<p><span style=%22text-decoration: underline;%22>Onafhankelijk <span class=%22red%22>technisch advies<\/span><\/span><\/p>\n<p>\u00ab\u00a0]<\/p>\n<p><span class=\"red\">Conseil technique<\/span> ind\u00e9pendant<\/p>\n<p>[\/et_pb_blurb][\/et_pb_column][\/et_pb_row][\/et_pb_section][et_pb_section fb_built=\u00a0\u00bb1&Prime; _builder_version=\u00a0\u00bb4.9.7&Prime; _module_preset=\u00a0\u00bbdefault\u00a0\u00bb custom_padding=\u00a0\u00bb7px|||||\u00a0\u00bb global_colors_info=\u00a0\u00bb{}\u00a0\u00bb da_is_popup=\u00a0\u00bboff\u00a0\u00bb da_exit_intent=\u00a0\u00bboff\u00a0\u00bb da_has_close=\u00a0\u00bbon\u00a0\u00bb da_alt_close=\u00a0\u00bboff\u00a0\u00bb da_dark_close=\u00a0\u00bboff\u00a0\u00bb da_not_modal=\u00a0\u00bbon\u00a0\u00bb da_is_singular=\u00a0\u00bboff\u00a0\u00bb da_with_loader=\u00a0\u00bboff\u00a0\u00bb da_has_shadow=\u00a0\u00bbon\u00a0\u00bb da_disable_devices=\u00a0\u00bboff|off|off\u00a0\u00bb][et_pb_row _builder_version=\u00a0\u00bb4.9.7&Prime; _module_preset=\u00a0\u00bbdefault\u00a0\u00bb global_colors_info=\u00a0\u00bb{}\u00a0\u00bb][et_pb_column type=\u00a0\u00bb4_4&Prime; _builder_version=\u00a0\u00bb4.9.7&Prime; _module_preset=\u00a0\u00bbdefault\u00a0\u00bb global_colors_info=\u00a0\u00bb{}\u00a0\u00bb][et_pb_text _builder_version=\u00a0\u00bb4.9.7&Prime; _module_preset=\u00a0\u00bbdefault\u00a0\u00bb global_colors_info=\u00a0\u00bb{}\u00a0\u00bb]<\/p>\n<h1>Vandapower offre des conseils techniques ind\u00e9pendants de haut niveau.<\/h1>\n<p>[\/et_pb_text][et_pb_text ul_type=\u00a0\u00bbnone\u00a0\u00bb _builder_version=\u00a0\u00bb4.9.10&Prime; _module_preset=\u00a0\u00bbdefault\u00a0\u00bb custom_margin=\u00a0\u00bb||40px||false|false\u00a0\u00bb global_colors_info=\u00a0\u00bb{}\u00a0\u00bb]<\/p>\n<p>Est-ce que vous employez pour vos batteries ou pour vos chargeurs les composants qui correspondent le mieux \u00e0 l&rsquo;utilisation journali\u00e8re de votre produit? Comme expert ind\u00e9pendant nous vous aidons avec plaisir \u00e0 faire le bon choix.<\/p>\n<ul class=\"technical-advice\">\n<li>Nous proposons plusieurs alternatives et nous d\u00e9terminons la solution id\u00e9ale ensemble avec vous.<\/li>\n<li>Nous offrons une gamme tr\u00e8s compl\u00e8te, compos\u00e9e de beaucoup plus d&rsquo;options que la gamme d&rsquo;un seul fabricant.<\/li>\n<li>Nous \u00e9valuons constamment de nouveaux produits et des technologies innovatrices, afin de pouvoir conseiller nos clients en toute connaissance de cause.<\/li>\n<li>Nous analysons les fa\u00e7ons pour employer et pour monter nos composants de mani\u00e8re efficace et correcte, au service de nos clients.<\/li>\n<li>Nous validons des produits pour certaines applications selon les proc\u00e9dures de test pr\u00e9scrites par nos clients.<\/li>\n<li>Nous aidons nos clients \u00e0 conceptualiser et d\u00e9velopper de nouveaux produits.<\/li>\n<\/ul>\n<p>Utilisez-vous les composants qui conviennent le mieux pour vos batteries ou vos chargeurs? Allons le d\u00e9couvrir ensemble!<\/p>\n<p>[\/et_pb_text][et_pb_button button_url=\u00a0\u00bb@ET-DC@eyJkeW5hbWljIjp0cnVlLCJjb250ZW50IjoicG9zdF9saW5rX3VybF9wYWdlIiwic2V0dGluZ3MiOnsicG9zdF9pZCI6IjczIn19@\u00a0\u00bb button_text=\u00a0\u00bbContact\u00a0\u00bb button_alignment=\u00a0\u00bbleft\u00a0\u00bb _builder_version=\u00a0\u00bb4.9.10&Prime; _dynamic_attributes=\u00a0\u00bbbutton_url\u00a0\u00bb _module_preset=\u00a0\u00bbdefault\u00a0\u00bb custom_button=\u00a0\u00bbon\u00a0\u00bb button_text_size=\u00a0\u00bb16px\u00a0\u00bb button_letter_spacing=\u00a0\u00bb0px\u00a0\u00bb custom_padding=\u00a0\u00bb|30px||30px|false|true\u00a0\u00bb global_colors_info=\u00a0\u00bb{}\u00a0\u00bb][\/et_pb_button][\/et_pb_column][\/et_pb_row][\/et_pb_section]<\/p>\n","protected":false},"excerpt":{"rendered":"<p>One-stop shopLivraison ponctuellesConseil technique ind\u00e9pendantVandapower offre des conseils techniques ind\u00e9pendants de haut niveau.Est-ce que vous employez pour vos batteries ou pour vos chargeurs les composants qui correspondent le mieux \u00e0 l&rsquo;utilisation journali\u00e8re de votre produit? Comme expert ind\u00e9pendant nous vous aidons avec plaisir \u00e0 faire le bon choix. Nous proposons plusieurs alternatives et nous d\u00e9terminons [&hellip;]<\/p>\n","protected":false},"author":1,"featured_media":0,"parent":0,"menu_order":0,"comment_status":"closed","ping_status":"closed","template":"","meta":{"_et_pb_use_builder":"on","_et_pb_old_content":"","_et_gb_content_width":"","om_disable_all_campaigns":false,"inline_featured_image":false,"_monsterinsights_skip_tracking":false,"_monsterinsights_sitenote_active":false,"_monsterinsights_sitenote_note":"","_monsterinsights_sitenote_category":0,"_uf_show_specific_survey":0,"_uf_disable_surveys":false,"footnotes":""},"class_list":["post-4785","page","type-page","status-publish","hentry"],"yoast_head":"<!-- This site is optimized with the Yoast SEO plugin v27.4 - https:\/\/yoast.com\/product\/yoast-seo-wordpress\/ -->\n<title>Conseil technique - Vandapower | Components and Cable Assemblies for Industrial Batteries<\/title>\n<meta name=\"robots\" content=\"index, follow, max-snippet:-1, max-image-preview:large, max-video-preview:-1\" \/>\n<link rel=\"canonical\" href=\"https:\/\/vandapower.com\/fr\/conseil-technique\/\" \/>\n<meta property=\"og:locale\" content=\"fr_FR\" \/>\n<meta property=\"og:type\" content=\"article\" \/>\n<meta property=\"og:title\" content=\"Conseil technique - Vandapower | Components and Cable Assemblies for Industrial Batteries\" \/>\n<meta property=\"og:description\" content=\"One-stop shopLivraison ponctuellesConseil technique ind\u00e9pendantVandapower offre des conseils techniques ind\u00e9pendants de haut niveau.Est-ce que vous employez pour vos batteries ou pour vos chargeurs les composants qui correspondent le mieux \u00e0 l&#039;utilisation journali\u00e8re de votre produit? Comme expert ind\u00e9pendant nous vous aidons avec plaisir \u00e0 faire le bon choix. Nous proposons plusieurs alternatives et nous d\u00e9terminons [&hellip;]\" \/>\n<meta property=\"og:url\" content=\"https:\/\/vandapower.com\/fr\/conseil-technique\/\" \/>\n<meta property=\"og:site_name\" content=\"Vandapower | Components and Cable Assemblies for Industrial Batteries\" \/>\n<meta property=\"article:modified_time\" content=\"2022-05-27T08:37:42+00:00\" \/>\n<meta name=\"twitter:card\" content=\"summary_large_image\" \/>\n<meta name=\"twitter:label1\" content=\"Dur\u00e9e de lecture estim\u00e9e\" \/>\n\t<meta name=\"twitter:data1\" content=\"4 minutes\" \/>\n<script type=\"application\/ld+json\" class=\"yoast-schema-graph\">{\"@context\":\"https:\\\/\\\/schema.org\",\"@graph\":[{\"@type\":\"WebPage\",\"@id\":\"https:\\\/\\\/vandapower.com\\\/fr\\\/conseil-technique\\\/\",\"url\":\"https:\\\/\\\/vandapower.com\\\/fr\\\/conseil-technique\\\/\",\"name\":\"Conseil technique - Vandapower | Components and Cable Assemblies for Industrial Batteries\",\"isPartOf\":{\"@id\":\"https:\\\/\\\/vandapower.com\\\/be-nl\\\/#website\"},\"datePublished\":\"2021-10-19T10:04:10+00:00\",\"dateModified\":\"2022-05-27T08:37:42+00:00\",\"breadcrumb\":{\"@id\":\"https:\\\/\\\/vandapower.com\\\/fr\\\/conseil-technique\\\/#breadcrumb\"},\"inLanguage\":\"fr-FR\",\"potentialAction\":[{\"@type\":\"ReadAction\",\"target\":[\"https:\\\/\\\/vandapower.com\\\/fr\\\/conseil-technique\\\/\"]}]},{\"@type\":\"BreadcrumbList\",\"@id\":\"https:\\\/\\\/vandapower.com\\\/fr\\\/conseil-technique\\\/#breadcrumb\",\"itemListElement\":[{\"@type\":\"ListItem\",\"position\":1,\"name\":\"Home\",\"item\":\"https:\\\/\\\/vandapower.com\\\/fr\\\/\"},{\"@type\":\"ListItem\",\"position\":2,\"name\":\"Conseil technique\"}]},{\"@type\":\"WebSite\",\"@id\":\"https:\\\/\\\/vandapower.com\\\/be-nl\\\/#website\",\"url\":\"https:\\\/\\\/vandapower.com\\\/be-nl\\\/\",\"name\":\"Vandapower | Components and Cable Assemblies for Industrial Batteries\",\"description\":\"Through our product knowledge, our buffer stock and our flexible organization, we can deliver your components for industrial batteries quickly and customized to your needs\",\"publisher\":{\"@id\":\"https:\\\/\\\/vandapower.com\\\/be-nl\\\/#organization\"},\"potentialAction\":[{\"@type\":\"SearchAction\",\"target\":{\"@type\":\"EntryPoint\",\"urlTemplate\":\"https:\\\/\\\/vandapower.com\\\/be-nl\\\/?s={search_term_string}\"},\"query-input\":{\"@type\":\"PropertyValueSpecification\",\"valueRequired\":true,\"valueName\":\"search_term_string\"}}],\"inLanguage\":\"fr-FR\"},{\"@type\":\"Organization\",\"@id\":\"https:\\\/\\\/vandapower.com\\\/be-nl\\\/#organization\",\"name\":\"Vandapower\",\"url\":\"https:\\\/\\\/vandapower.com\\\/be-nl\\\/\",\"logo\":{\"@type\":\"ImageObject\",\"inLanguage\":\"fr-FR\",\"@id\":\"https:\\\/\\\/vandapower.com\\\/be-nl\\\/#\\\/schema\\\/logo\\\/image\\\/\",\"url\":\"https:\\\/\\\/vandapower.eu\\\/wp-content\\\/uploads\\\/2021\\\/07\\\/logo-Vandapower-tagline.svg\",\"contentUrl\":\"https:\\\/\\\/vandapower.eu\\\/wp-content\\\/uploads\\\/2021\\\/07\\\/logo-Vandapower-tagline.svg\",\"width\":1321,\"height\":1088,\"caption\":\"Vandapower\"},\"image\":{\"@id\":\"https:\\\/\\\/vandapower.com\\\/be-nl\\\/#\\\/schema\\\/logo\\\/image\\\/\"}}]}<\/script>\n<!-- \/ Yoast SEO plugin. -->","yoast_head_json":{"title":"Conseil technique - Vandapower | Components and Cable Assemblies for Industrial Batteries","robots":{"index":"index","follow":"follow","max-snippet":"max-snippet:-1","max-image-preview":"max-image-preview:large","max-video-preview":"max-video-preview:-1"},"canonical":"https:\/\/vandapower.com\/fr\/conseil-technique\/","og_locale":"fr_FR","og_type":"article","og_title":"Conseil technique - Vandapower | Components and Cable Assemblies for Industrial Batteries","og_description":"One-stop shopLivraison ponctuellesConseil technique ind\u00e9pendantVandapower offre des conseils techniques ind\u00e9pendants de haut niveau.Est-ce que vous employez pour vos batteries ou pour vos chargeurs les composants qui correspondent le mieux \u00e0 l'utilisation journali\u00e8re de votre produit? Comme expert ind\u00e9pendant nous vous aidons avec plaisir \u00e0 faire le bon choix. Nous proposons plusieurs alternatives et nous d\u00e9terminons [&hellip;]","og_url":"https:\/\/vandapower.com\/fr\/conseil-technique\/","og_site_name":"Vandapower | Components and Cable Assemblies for Industrial Batteries","article_modified_time":"2022-05-27T08:37:42+00:00","twitter_card":"summary_large_image","twitter_misc":{"Dur\u00e9e de lecture estim\u00e9e":"4 minutes"},"schema":{"@context":"https:\/\/schema.org","@graph":[{"@type":"WebPage","@id":"https:\/\/vandapower.com\/fr\/conseil-technique\/","url":"https:\/\/vandapower.com\/fr\/conseil-technique\/","name":"Conseil technique - Vandapower | Components and Cable Assemblies for Industrial Batteries","isPartOf":{"@id":"https:\/\/vandapower.com\/be-nl\/#website"},"datePublished":"2021-10-19T10:04:10+00:00","dateModified":"2022-05-27T08:37:42+00:00","breadcrumb":{"@id":"https:\/\/vandapower.com\/fr\/conseil-technique\/#breadcrumb"},"inLanguage":"fr-FR","potentialAction":[{"@type":"ReadAction","target":["https:\/\/vandapower.com\/fr\/conseil-technique\/"]}]},{"@type":"BreadcrumbList","@id":"https:\/\/vandapower.com\/fr\/conseil-technique\/#breadcrumb","itemListElement":[{"@type":"ListItem","position":1,"name":"Home","item":"https:\/\/vandapower.com\/fr\/"},{"@type":"ListItem","position":2,"name":"Conseil technique"}]},{"@type":"WebSite","@id":"https:\/\/vandapower.com\/be-nl\/#website","url":"https:\/\/vandapower.com\/be-nl\/","name":"Vandapower | Components and Cable Assemblies for Industrial Batteries","description":"Through our product knowledge, our buffer stock and our flexible organization, we can deliver your components for industrial batteries quickly and customized to your needs","publisher":{"@id":"https:\/\/vandapower.com\/be-nl\/#organization"},"potentialAction":[{"@type":"SearchAction","target":{"@type":"EntryPoint","urlTemplate":"https:\/\/vandapower.com\/be-nl\/?s={search_term_string}"},"query-input":{"@type":"PropertyValueSpecification","valueRequired":true,"valueName":"search_term_string"}}],"inLanguage":"fr-FR"},{"@type":"Organization","@id":"https:\/\/vandapower.com\/be-nl\/#organization","name":"Vandapower","url":"https:\/\/vandapower.com\/be-nl\/","logo":{"@type":"ImageObject","inLanguage":"fr-FR","@id":"https:\/\/vandapower.com\/be-nl\/#\/schema\/logo\/image\/","url":"https:\/\/vandapower.eu\/wp-content\/uploads\/2021\/07\/logo-Vandapower-tagline.svg","contentUrl":"https:\/\/vandapower.eu\/wp-content\/uploads\/2021\/07\/logo-Vandapower-tagline.svg","width":1321,"height":1088,"caption":"Vandapower"},"image":{"@id":"https:\/\/vandapower.com\/be-nl\/#\/schema\/logo\/image\/"}}]}},"_links":{"self":[{"href":"https:\/\/vandapower.com\/fr\/wp-json\/wp\/v2\/pages\/4785","targetHints":{"allow":["GET"]}}],"collection":[{"href":"https:\/\/vandapower.com\/fr\/wp-json\/wp\/v2\/pages"}],"about":[{"href":"https:\/\/vandapower.com\/fr\/wp-json\/wp\/v2\/types\/page"}],"author":[{"embeddable":true,"href":"https:\/\/vandapower.com\/fr\/wp-json\/wp\/v2\/users\/1"}],"replies":[{"embeddable":true,"href":"https:\/\/vandapower.com\/fr\/wp-json\/wp\/v2\/comments?post=4785"}],"version-history":[{"count":6,"href":"https:\/\/vandapower.com\/fr\/wp-json\/wp\/v2\/pages\/4785\/revisions"}],"predecessor-version":[{"id":15508,"href":"https:\/\/vandapower.com\/fr\/wp-json\/wp\/v2\/pages\/4785\/revisions\/15508"}],"wp:attachment":[{"href":"https:\/\/vandapower.com\/fr\/wp-json\/wp\/v2\/media?parent=4785"}],"curies":[{"name":"wp","href":"https:\/\/api.w.org\/{rel}","templated":true}]}}