{"id":4632,"date":"2021-10-19T08:48:27","date_gmt":"2021-10-19T08:48:27","guid":{"rendered":"https:\/\/vandapower.eu\/vie-privee\/"},"modified":"2022-05-27T08:08:51","modified_gmt":"2022-05-27T08:08:51","slug":"vie-privee","status":"publish","type":"page","link":"https:\/\/vandapower.com\/fr\/vie-privee\/","title":{"rendered":"Vie priv\u00e9e"},"content":{"rendered":"<p>[et_pb_section fb_built=\u00a0\u00bb1&Prime; _builder_version=\u00a0\u00bb4.9.7&Prime; _module_preset=\u00a0\u00bbdefault\u00a0\u00bb custom_padding=\u00a0\u00bb0px||0px||true|false\u00a0\u00bb da_disable_devices=\u00a0\u00bboff|off|off\u00a0\u00bb global_colors_info=\u00a0\u00bb{}\u00a0\u00bb da_is_popup=\u00a0\u00bboff\u00a0\u00bb da_exit_intent=\u00a0\u00bboff\u00a0\u00bb da_has_close=\u00a0\u00bbon\u00a0\u00bb da_alt_close=\u00a0\u00bboff\u00a0\u00bb da_dark_close=\u00a0\u00bboff\u00a0\u00bb da_not_modal=\u00a0\u00bbon\u00a0\u00bb da_is_singular=\u00a0\u00bboff\u00a0\u00bb da_with_loader=\u00a0\u00bboff\u00a0\u00bb da_has_shadow=\u00a0\u00bbon\u00a0\u00bb][et_pb_row module_class=\u00a0\u00bbusp-header\u00a0\u00bb _builder_version=\u00a0\u00bb4.14.5&Prime; _module_preset=\u00a0\u00bbdefault\u00a0\u00bb width=\u00a0\u00bb85%\u00a0\u00bb custom_padding=\u00a0\u00bb||0px||false|false\u00a0\u00bb global_module=\u00a0\u00bb2256&Prime; saved_tabs=\u00a0\u00bball\u00a0\u00bb global_colors_info=\u00a0\u00bb{}\u00a0\u00bb][et_pb_column type=\u00a0\u00bb4_4&Prime; _builder_version=\u00a0\u00bb4.9.7&Prime; _module_preset=\u00a0\u00bbdefault\u00a0\u00bb global_colors_info=\u00a0\u00bb{}\u00a0\u00bb][et_pb_blurb image=\u00a0\u00bbhttps:\/\/vandapower.eu\/wp-content\/uploads\/\/2021\/07\/One-stop-Shop.svg\u00a0\u00bb icon_placement=\u00a0\u00bbleft\u00a0\u00bb image_icon_width=\u00a0\u00bb20px\u00a0\u00bb _builder_version=\u00a0\u00bb4.14.5&Prime; _module_preset=\u00a0\u00bbdefault\u00a0\u00bb body_font_size=\u00a0\u00bb14px\u00a0\u00bb body_line_height=\u00a0\u00bb1.4em\u00a0\u00bb width=\u00a0\u00bb13%\u00a0\u00bb width_tablet=\u00a0\u00bb30%\u00a0\u00bb width_phone=\u00a0\u00bb100%\u00a0\u00bb width_last_edited=\u00a0\u00bbon|phone\u00a0\u00bb custom_margin=\u00a0\u00bb0px||10px||false|false\u00a0\u00bb custom_padding=\u00a0\u00bb||0px|0px|false|false\u00a0\u00bb link_option_url=\u00a0\u00bbhttps:\/\/vandapower.eu\/fr\/pourquoi-vandapower\/#onestop\u00a0\u00bb custom_css_main_element=\u00a0\u00bbdisplay: inline-block;||\u00a0\u00bb image_max_width=\u00a0\u00bb20px\u00a0\u00bb global_colors_info=\u00a0\u00bb{}\u00a0\u00bb content__hover_enabled=\u00a0\u00bboff|hover\u00a0\u00bb content__hover=\u00a0\u00bb<\/p>\n<p><span style=%22text-decoration: underline;%22><span class=%22red%22>One-stop<\/span> shop<\/span><\/p>\n<p>\u00ab\u00a0]<\/p>\n<p><span class=\"red\">One-stop<\/span> shop<\/p>\n<p>[\/et_pb_blurb][et_pb_blurb image=\u00a0\u00bbhttps:\/\/vandapower.eu\/wp-content\/uploads\/\/2021\/07\/On-time-Delivery.svg\u00a0\u00bb icon_placement=\u00a0\u00bbleft\u00a0\u00bb image_icon_width=\u00a0\u00bb20px\u00a0\u00bb _builder_version=\u00a0\u00bb4.14.5&Prime; _module_preset=\u00a0\u00bbdefault\u00a0\u00bb body_font_size=\u00a0\u00bb14px\u00a0\u00bb body_line_height=\u00a0\u00bb1.4em\u00a0\u00bb width=\u00a0\u00bb16%\u00a0\u00bb width_tablet=\u00a0\u00bb30%\u00a0\u00bb width_phone=\u00a0\u00bb100%\u00a0\u00bb width_last_edited=\u00a0\u00bbon|phone\u00a0\u00bb custom_margin=\u00a0\u00bb0px||10px||false|false\u00a0\u00bb custom_padding=\u00a0\u00bb||0px|0px|false|false\u00a0\u00bb link_option_url=\u00a0\u00bbhttps:\/\/vandapower.eu\/fr\/pourquoi-vandapower\/#ontime\u00a0\u00bb custom_css_main_element=\u00a0\u00bbdisplay: inline-block;\u00a0\u00bb image_max_width=\u00a0\u00bb20px\u00a0\u00bb global_colors_info=\u00a0\u00bb{}\u00a0\u00bb content__hover_enabled=\u00a0\u00bboff|hover\u00a0\u00bb content__hover=\u00a0\u00bb<\/p>\n<p><span style=%22text-decoration: underline;%22><span class=%22red%22>Tijdige<\/span> levering<\/span><\/p>\n<p>\u00ab\u00a0]Livraison <span class=\"red\">ponctuelles<\/span>[\/et_pb_blurb][et_pb_blurb image=\u00a0\u00bbhttps:\/\/vandapower.eu\/wp-content\/uploads\/\/2021\/07\/Independent-Technical-Advice.svg\u00a0\u00bb icon_placement=\u00a0\u00bbleft\u00a0\u00bb image_icon_width=\u00a0\u00bb18px\u00a0\u00bb content_last_edited=\u00a0\u00bboff|desktop\u00a0\u00bb _builder_version=\u00a0\u00bb4.14.5&Prime; _module_preset=\u00a0\u00bbdefault\u00a0\u00bb body_font_size=\u00a0\u00bb14px\u00a0\u00bb body_line_height=\u00a0\u00bb2em\u00a0\u00bb width=\u00a0\u00bb25%\u00a0\u00bb width_tablet=\u00a0\u00bb39%\u00a0\u00bb width_phone=\u00a0\u00bb100%\u00a0\u00bb width_last_edited=\u00a0\u00bbon|phone\u00a0\u00bb custom_margin=\u00a0\u00bb||5px||false|false\u00a0\u00bb custom_padding=\u00a0\u00bb||0px|0px|false|false\u00a0\u00bb link_option_url=\u00a0\u00bbhttps:\/\/vandapower.eu\/fr\/pourquoi-vandapower\/#independent\u00a0\u00bb custom_css_main_element=\u00a0\u00bbdisplay: inline-block;\u00a0\u00bb image_max_width=\u00a0\u00bb18px\u00a0\u00bb global_colors_info=\u00a0\u00bb{}\u00a0\u00bb content__hover_enabled=\u00a0\u00bboff|desktop\u00a0\u00bb content__hover=\u00a0\u00bb<\/p>\n<p><span style=%22text-decoration: underline;%22>Onafhankelijk <span class=%22red%22>technisch advies<\/span><\/span><\/p>\n<p>\u00ab\u00a0]<\/p>\n<p><span class=\"red\">Conseil technique<\/span> ind\u00e9pendant<\/p>\n<p>[\/et_pb_blurb][\/et_pb_column][\/et_pb_row][\/et_pb_section][et_pb_section fb_built=\u00a0\u00bb1&Prime; _builder_version=\u00a0\u00bb4.9.7&Prime; _module_preset=\u00a0\u00bbdefault\u00a0\u00bb custom_padding=\u00a0\u00bb0px||0px||false|false\u00a0\u00bb da_disable_devices=\u00a0\u00bboff|off|off\u00a0\u00bb global_colors_info=\u00a0\u00bb{}\u00a0\u00bb da_is_popup=\u00a0\u00bboff\u00a0\u00bb da_exit_intent=\u00a0\u00bboff\u00a0\u00bb da_has_close=\u00a0\u00bbon\u00a0\u00bb da_alt_close=\u00a0\u00bboff\u00a0\u00bb da_dark_close=\u00a0\u00bboff\u00a0\u00bb da_not_modal=\u00a0\u00bbon\u00a0\u00bb da_is_singular=\u00a0\u00bboff\u00a0\u00bb da_with_loader=\u00a0\u00bboff\u00a0\u00bb da_has_shadow=\u00a0\u00bbon\u00a0\u00bb][et_pb_row _builder_version=\u00a0\u00bb4.9.7&Prime; _module_preset=\u00a0\u00bbdefault\u00a0\u00bb global_colors_info=\u00a0\u00bb{}\u00a0\u00bb][et_pb_column type=\u00a0\u00bb4_4&Prime; _builder_version=\u00a0\u00bb4.9.7&Prime; _module_preset=\u00a0\u00bbdefault\u00a0\u00bb global_colors_info=\u00a0\u00bb{}\u00a0\u00bb][et_pb_text _builder_version=\u00a0\u00bb4.9.7&Prime; _module_preset=\u00a0\u00bbdefault\u00a0\u00bb global_colors_info=\u00a0\u00bb{}\u00a0\u00bb]<\/p>\n<h1>Vandapower respecte votre vie priv\u00e9e.<\/h1>\n<p>[\/et_pb_text][et_pb_text _builder_version=\u00a0\u00bb4.9.7&Prime; _module_preset=\u00a0\u00bbdefault\u00a0\u00bb global_colors_info=\u00a0\u00bb{}\u00a0\u00bb]<\/p>\n<p><em>Votre vie priv\u00e9e est d&rsquo;une grande importance pour Vandapower BVBA. Nous souhaitons vous informer, par le biais de notre politique de confidentialit\u00e9, de la mani\u00e8re dont nous traitons la collecte d&rsquo;informations sur les utilisateurs de notre site web. En utilisant le site web, vous acceptez les conditions suivantes.<\/em><\/p>\n<p><em><strong>Que recueillons-nous?<\/strong><span> <\/span>Vous pouvez visiter notre site web de mani\u00e8re anonyme et en apprendre davantage sur Vandapower BVBA de cette fa\u00e7on. Nous recueillons r\u00e9guli\u00e8rement des informations sur les utilisateurs de notre site web, telles que le type de navigateur, la dur\u00e9e de la visite, les pages utilis\u00e9es, etc. Ces donn\u00e9es ne nous permettent pas de vous identifier. Nous recueillons \u00e9galement les adresses IP, mais ces informations ne permettent g\u00e9n\u00e9ralement pas de remonter directement \u00e0 votre identit\u00e9. Votre adresse IP ne pourra \u00eatre retrac\u00e9e qu&rsquo;\u00e0 partir du nom de votre fournisseur d&rsquo;acc\u00e8s ou du r\u00e9seau de votre entreprise. Nous ne recueillons vos donn\u00e9es personnelles que si vous fournissez volontairement votre adresse \u00e9lectronique, par exemple pour recevoir notre bulletin d&rsquo;information ou pour recevoir des informations compl\u00e9mentaires.<\/em><\/p>\n<p><em><strong>Comment l&rsquo;utiliser?<\/strong><span> <\/span>Si vous nous communiquez votre adresse \u00e9lectronique ou d&rsquo;autres donn\u00e9es personnelles (indirectement identifiables), nous n&rsquo;utiliserons ces informations que pour vous envoyer notre newsletter ou pour r\u00e9pondre \u00e0 vos questions. Si vous avez indiqu\u00e9 que vous ne souhaitez plus recevoir la newsletter, votre adresse \u00e9lectronique sera supprim\u00e9e de notre base de donn\u00e9es. Si une r\u00e9organisation (de quelque mani\u00e8re que ce soit) a lieu au sein de Vandapower BVBA, il peut \u00eatre n\u00e9cessaire pour nous de transf\u00e9rer vos donn\u00e9es personnelles \u00e0 une autre organisation. Nous divulguerons vos informations personnelles si nous avons des raisons de penser que nous sommes oblig\u00e9s de le faire sur la base de la loi ou des r\u00e8glements pertinents. Toutefois, \u00e0 l&rsquo;exception de ce qui pr\u00e9c\u00e8de, nous ne fournirons pas vos donn\u00e9es personnelles \u00e0 des tiers, \u00e0 quelque fin que ce soit, y compris, mais sans s&rsquo;y limiter, \u00e0 des fins de marketing direct.<\/em><\/p>\n<p><em><strong>Google Analytics.<\/strong><span> <\/span>Vandapower BVBA utilise Google Analytics, un service d&rsquo;analyse du Web propos\u00e9 par Google Inc. (\u00ab\u00a0Google\u00a0\u00bb). Google Analytics utilise des cookies pour aider Vandapower BVBA \u00e0 analyser la fa\u00e7on dont vous utilisez le site web. Les informations g\u00e9n\u00e9r\u00e9es par les cookies (y compris votre adresse IP) sont transmises et stock\u00e9es par Google sur des serveurs situ\u00e9s aux \u00c9tats-Unis. Google utilise ces informations pour suivre l&rsquo;utilisation que vous faites du site Web de Vandapower BVBA, pour \u00e9tablir des rapports sur les activit\u00e9s du site Web de Vandapower BVBA et pour offrir d&rsquo;autres services li\u00e9s \u00e0 l&rsquo;activit\u00e9 du site Web et \u00e0 l&rsquo;utilisation d&rsquo;Internet. Google est susceptible de communiquer ces informations \u00e0 des tiers si la loi l&rsquo;y oblige ou si ces tiers traitent ces informations pour le compte de Google. Google ne combinera pas votre adresse IP avec d&rsquo;autres donn\u00e9es d\u00e9tenues par Google. Google et toutes ses filiales, y compris Google Analytics, adh\u00e8rent aux principes de confidentialit\u00e9 du Privacy Shield du minist\u00e8re am\u00e9ricain des Affaires \u00e9conomiques et de la Commission europ\u00e9enne et y sont affili\u00e9s. Vous pouvez refuser de placer ces cookies en param\u00e9trant votre navigateur de mani\u00e8re \u00e0 ne pas recevoir de cookies lors de la prochaine utilisation du site web. Vous trouverez de plus amples informations sur l&rsquo;activation et la d\u00e9sactivation des cookies dans les instructions et\/ou en utilisant la fonction d&rsquo;aide de votre navigateur.<\/em><\/p>\n<p><em><strong>Hyperliens.<\/strong><span> <\/span>Pour votre commodit\u00e9, nous avons inclus sur notre site web des hyperliens vers des sites web de tiers, y compris les sites web d&rsquo;un certain nombre de fournisseurs de Vandapower BVBA. Nous souhaitons attirer votre attention sur le fait que si vous visitez ces sites web, c&rsquo;est la politique de protection de la vie priv\u00e9e de ces tiers, et non celle de Vandapower BVBA, qui s&rsquo;applique aux activit\u00e9s que vous effectuez sur ces sites web et aux informations que vous y publiez.<\/em><\/p>\n<p><em><strong>S\u00e9curit\u00e9.<\/strong><span> <\/span>\u00c9tant donn\u00e9 que la communication en ligne de vos donn\u00e9es personnelles \u00e0 Vandapower BVBA est purement volontaire et que ces donn\u00e9es ne sont pas particuli\u00e8rement sensibles, nous ne prenons aucune mesure de s\u00e9curit\u00e9. Nous n&rsquo;utilisons pas de m\u00e9thodes de cryptage sp\u00e9ciales. Pour plus d&rsquo;informations sur la communication avec Vandapower BVBA et l&rsquo;utilisation du site web, veuillez vous reporter \u00e0 notre clause de non-responsabilit\u00e9.<\/em><\/p>\n<p><em><strong>Amendements.<\/strong><span> <\/span>Vandapower BVBA se r\u00e9serve le droit de modifier cette politique de confidentialit\u00e9. Ces changements seront annonc\u00e9s sur ce site web. Si vous continuez \u00e0 utiliser le site web apr\u00e8s l&rsquo;ajustement, la politique de confidentialit\u00e9 adapt\u00e9e s&rsquo;appliquera \u00e0 cette utilisation.<\/em><\/p>\n<p><em><strong>Questions et mises \u00e0 jour.<\/strong><span> <\/span>Si vous avez des questions ou des suggestions concernant la confidentialit\u00e9 ou si vous souhaitez modifier les donn\u00e9es personnelles qui nous sont fournies, vous pouvez nous contacter via notre page de contact.<\/em><\/p>\n<p>[\/et_pb_text][\/et_pb_column][\/et_pb_row][\/et_pb_section]<\/p>\n","protected":false},"excerpt":{"rendered":"<p>One-stop shopLivraison ponctuellesConseil technique ind\u00e9pendantVandapower respecte votre vie priv\u00e9e.Votre vie priv\u00e9e est d&rsquo;une grande importance pour Vandapower BVBA. Nous souhaitons vous informer, par le biais de notre politique de confidentialit\u00e9, de la mani\u00e8re dont nous traitons la collecte d&rsquo;informations sur les utilisateurs de notre site web. En utilisant le site web, vous acceptez les conditions [&hellip;]<\/p>\n","protected":false},"author":1,"featured_media":0,"parent":0,"menu_order":0,"comment_status":"closed","ping_status":"closed","template":"","meta":{"_et_pb_use_builder":"on","_et_pb_old_content":"","_et_gb_content_width":"","om_disable_all_campaigns":false,"inline_featured_image":false,"_monsterinsights_skip_tracking":false,"_monsterinsights_sitenote_active":false,"_monsterinsights_sitenote_note":"","_monsterinsights_sitenote_category":0,"_uf_show_specific_survey":0,"_uf_disable_surveys":false,"footnotes":""},"class_list":["post-4632","page","type-page","status-publish","hentry"],"yoast_head":"<!-- This site is optimized with the Yoast SEO plugin v27.4 - https:\/\/yoast.com\/product\/yoast-seo-wordpress\/ -->\n<title>Vie priv\u00e9e - Vandapower | Components and Cable Assemblies for Industrial Batteries<\/title>\n<meta name=\"robots\" content=\"index, follow, max-snippet:-1, max-image-preview:large, max-video-preview:-1\" \/>\n<link rel=\"canonical\" href=\"https:\/\/vandapower.com\/fr\/vie-privee\/\" \/>\n<meta property=\"og:locale\" content=\"fr_FR\" \/>\n<meta property=\"og:type\" content=\"article\" \/>\n<meta property=\"og:title\" content=\"Vie priv\u00e9e - Vandapower | Components and Cable Assemblies for Industrial Batteries\" \/>\n<meta property=\"og:description\" content=\"One-stop shopLivraison ponctuellesConseil technique ind\u00e9pendantVandapower respecte votre vie priv\u00e9e.Votre vie priv\u00e9e est d&#039;une grande importance pour Vandapower BVBA. Nous souhaitons vous informer, par le biais de notre politique de confidentialit\u00e9, de la mani\u00e8re dont nous traitons la collecte d&#039;informations sur les utilisateurs de notre site web. En utilisant le site web, vous acceptez les conditions [&hellip;]\" \/>\n<meta property=\"og:url\" content=\"https:\/\/vandapower.com\/fr\/vie-privee\/\" \/>\n<meta property=\"og:site_name\" content=\"Vandapower | Components and Cable Assemblies for Industrial Batteries\" \/>\n<meta property=\"article:modified_time\" content=\"2022-05-27T08:08:51+00:00\" \/>\n<meta name=\"twitter:card\" content=\"summary_large_image\" \/>\n<meta name=\"twitter:label1\" content=\"Dur\u00e9e de lecture estim\u00e9e\" \/>\n\t<meta name=\"twitter:data1\" content=\"7 minutes\" \/>\n<script type=\"application\/ld+json\" class=\"yoast-schema-graph\">{\"@context\":\"https:\\\/\\\/schema.org\",\"@graph\":[{\"@type\":\"WebPage\",\"@id\":\"https:\\\/\\\/vandapower.com\\\/fr\\\/vie-privee\\\/\",\"url\":\"https:\\\/\\\/vandapower.com\\\/fr\\\/vie-privee\\\/\",\"name\":\"Vie priv\u00e9e - Vandapower | Components and Cable Assemblies for Industrial Batteries\",\"isPartOf\":{\"@id\":\"https:\\\/\\\/vandapower.com\\\/be-nl\\\/#website\"},\"datePublished\":\"2021-10-19T08:48:27+00:00\",\"dateModified\":\"2022-05-27T08:08:51+00:00\",\"breadcrumb\":{\"@id\":\"https:\\\/\\\/vandapower.com\\\/fr\\\/vie-privee\\\/#breadcrumb\"},\"inLanguage\":\"fr-FR\",\"potentialAction\":[{\"@type\":\"ReadAction\",\"target\":[\"https:\\\/\\\/vandapower.com\\\/fr\\\/vie-privee\\\/\"]}]},{\"@type\":\"BreadcrumbList\",\"@id\":\"https:\\\/\\\/vandapower.com\\\/fr\\\/vie-privee\\\/#breadcrumb\",\"itemListElement\":[{\"@type\":\"ListItem\",\"position\":1,\"name\":\"Home\",\"item\":\"https:\\\/\\\/vandapower.com\\\/fr\\\/\"},{\"@type\":\"ListItem\",\"position\":2,\"name\":\"Vie priv\u00e9e\"}]},{\"@type\":\"WebSite\",\"@id\":\"https:\\\/\\\/vandapower.com\\\/be-nl\\\/#website\",\"url\":\"https:\\\/\\\/vandapower.com\\\/be-nl\\\/\",\"name\":\"Vandapower | Components and Cable Assemblies for Industrial Batteries\",\"description\":\"Through our product knowledge, our buffer stock and our flexible organization, we can deliver your components for industrial batteries quickly and customized to your needs\",\"publisher\":{\"@id\":\"https:\\\/\\\/vandapower.com\\\/be-nl\\\/#organization\"},\"potentialAction\":[{\"@type\":\"SearchAction\",\"target\":{\"@type\":\"EntryPoint\",\"urlTemplate\":\"https:\\\/\\\/vandapower.com\\\/be-nl\\\/?s={search_term_string}\"},\"query-input\":{\"@type\":\"PropertyValueSpecification\",\"valueRequired\":true,\"valueName\":\"search_term_string\"}}],\"inLanguage\":\"fr-FR\"},{\"@type\":\"Organization\",\"@id\":\"https:\\\/\\\/vandapower.com\\\/be-nl\\\/#organization\",\"name\":\"Vandapower\",\"url\":\"https:\\\/\\\/vandapower.com\\\/be-nl\\\/\",\"logo\":{\"@type\":\"ImageObject\",\"inLanguage\":\"fr-FR\",\"@id\":\"https:\\\/\\\/vandapower.com\\\/be-nl\\\/#\\\/schema\\\/logo\\\/image\\\/\",\"url\":\"https:\\\/\\\/vandapower.eu\\\/wp-content\\\/uploads\\\/2021\\\/07\\\/logo-Vandapower-tagline.svg\",\"contentUrl\":\"https:\\\/\\\/vandapower.eu\\\/wp-content\\\/uploads\\\/2021\\\/07\\\/logo-Vandapower-tagline.svg\",\"width\":1321,\"height\":1088,\"caption\":\"Vandapower\"},\"image\":{\"@id\":\"https:\\\/\\\/vandapower.com\\\/be-nl\\\/#\\\/schema\\\/logo\\\/image\\\/\"}}]}<\/script>\n<!-- \/ Yoast SEO plugin. -->","yoast_head_json":{"title":"Vie priv\u00e9e - Vandapower | Components and Cable Assemblies for Industrial Batteries","robots":{"index":"index","follow":"follow","max-snippet":"max-snippet:-1","max-image-preview":"max-image-preview:large","max-video-preview":"max-video-preview:-1"},"canonical":"https:\/\/vandapower.com\/fr\/vie-privee\/","og_locale":"fr_FR","og_type":"article","og_title":"Vie priv\u00e9e - Vandapower | Components and Cable Assemblies for Industrial Batteries","og_description":"One-stop shopLivraison ponctuellesConseil technique ind\u00e9pendantVandapower respecte votre vie priv\u00e9e.Votre vie priv\u00e9e est d'une grande importance pour Vandapower BVBA. Nous souhaitons vous informer, par le biais de notre politique de confidentialit\u00e9, de la mani\u00e8re dont nous traitons la collecte d'informations sur les utilisateurs de notre site web. En utilisant le site web, vous acceptez les conditions [&hellip;]","og_url":"https:\/\/vandapower.com\/fr\/vie-privee\/","og_site_name":"Vandapower | Components and Cable Assemblies for Industrial Batteries","article_modified_time":"2022-05-27T08:08:51+00:00","twitter_card":"summary_large_image","twitter_misc":{"Dur\u00e9e de lecture estim\u00e9e":"7 minutes"},"schema":{"@context":"https:\/\/schema.org","@graph":[{"@type":"WebPage","@id":"https:\/\/vandapower.com\/fr\/vie-privee\/","url":"https:\/\/vandapower.com\/fr\/vie-privee\/","name":"Vie priv\u00e9e - Vandapower | Components and Cable Assemblies for Industrial Batteries","isPartOf":{"@id":"https:\/\/vandapower.com\/be-nl\/#website"},"datePublished":"2021-10-19T08:48:27+00:00","dateModified":"2022-05-27T08:08:51+00:00","breadcrumb":{"@id":"https:\/\/vandapower.com\/fr\/vie-privee\/#breadcrumb"},"inLanguage":"fr-FR","potentialAction":[{"@type":"ReadAction","target":["https:\/\/vandapower.com\/fr\/vie-privee\/"]}]},{"@type":"BreadcrumbList","@id":"https:\/\/vandapower.com\/fr\/vie-privee\/#breadcrumb","itemListElement":[{"@type":"ListItem","position":1,"name":"Home","item":"https:\/\/vandapower.com\/fr\/"},{"@type":"ListItem","position":2,"name":"Vie priv\u00e9e"}]},{"@type":"WebSite","@id":"https:\/\/vandapower.com\/be-nl\/#website","url":"https:\/\/vandapower.com\/be-nl\/","name":"Vandapower | Components and Cable Assemblies for Industrial Batteries","description":"Through our product knowledge, our buffer stock and our flexible organization, we can deliver your components for industrial batteries quickly and customized to your needs","publisher":{"@id":"https:\/\/vandapower.com\/be-nl\/#organization"},"potentialAction":[{"@type":"SearchAction","target":{"@type":"EntryPoint","urlTemplate":"https:\/\/vandapower.com\/be-nl\/?s={search_term_string}"},"query-input":{"@type":"PropertyValueSpecification","valueRequired":true,"valueName":"search_term_string"}}],"inLanguage":"fr-FR"},{"@type":"Organization","@id":"https:\/\/vandapower.com\/be-nl\/#organization","name":"Vandapower","url":"https:\/\/vandapower.com\/be-nl\/","logo":{"@type":"ImageObject","inLanguage":"fr-FR","@id":"https:\/\/vandapower.com\/be-nl\/#\/schema\/logo\/image\/","url":"https:\/\/vandapower.eu\/wp-content\/uploads\/2021\/07\/logo-Vandapower-tagline.svg","contentUrl":"https:\/\/vandapower.eu\/wp-content\/uploads\/2021\/07\/logo-Vandapower-tagline.svg","width":1321,"height":1088,"caption":"Vandapower"},"image":{"@id":"https:\/\/vandapower.com\/be-nl\/#\/schema\/logo\/image\/"}}]}},"_links":{"self":[{"href":"https:\/\/vandapower.com\/fr\/wp-json\/wp\/v2\/pages\/4632","targetHints":{"allow":["GET"]}}],"collection":[{"href":"https:\/\/vandapower.com\/fr\/wp-json\/wp\/v2\/pages"}],"about":[{"href":"https:\/\/vandapower.com\/fr\/wp-json\/wp\/v2\/types\/page"}],"author":[{"embeddable":true,"href":"https:\/\/vandapower.com\/fr\/wp-json\/wp\/v2\/users\/1"}],"replies":[{"embeddable":true,"href":"https:\/\/vandapower.com\/fr\/wp-json\/wp\/v2\/comments?post=4632"}],"version-history":[{"count":17,"href":"https:\/\/vandapower.com\/fr\/wp-json\/wp\/v2\/pages\/4632\/revisions"}],"predecessor-version":[{"id":15484,"href":"https:\/\/vandapower.com\/fr\/wp-json\/wp\/v2\/pages\/4632\/revisions\/15484"}],"wp:attachment":[{"href":"https:\/\/vandapower.com\/fr\/wp-json\/wp\/v2\/media?parent=4632"}],"curies":[{"name":"wp","href":"https:\/\/api.w.org\/{rel}","templated":true}]}}