{"id":4605,"date":"2021-10-19T08:11:40","date_gmt":"2021-10-19T08:11:40","guid":{"rendered":"https:\/\/vandapower.eu\/cablots-et-cables-terminaux\/"},"modified":"2023-07-11T14:48:46","modified_gmt":"2023-07-11T12:48:46","slug":"cablots-et-cables-terminaux","status":"publish","type":"page","link":"https:\/\/vandapower.com\/fr\/composants-de-batteries\/cablots-et-cables-terminaux\/","title":{"rendered":"C\u00e2blots et c\u00e2bles terminaux"},"content":{"rendered":"<p>[et_pb_section fb_built=\u00a0\u00bb1&Prime; _builder_version=\u00a0\u00bb4.16&Prime; _module_preset=\u00a0\u00bbdefault\u00a0\u00bb custom_padding=\u00a0\u00bb0px||0px||true|false\u00a0\u00bb da_disable_devices=\u00a0\u00bboff|off|off\u00a0\u00bb global_colors_info=\u00a0\u00bb{}\u00a0\u00bb da_is_popup=\u00a0\u00bboff\u00a0\u00bb da_exit_intent=\u00a0\u00bboff\u00a0\u00bb da_has_close=\u00a0\u00bbon\u00a0\u00bb da_alt_close=\u00a0\u00bboff\u00a0\u00bb da_dark_close=\u00a0\u00bboff\u00a0\u00bb da_not_modal=\u00a0\u00bbon\u00a0\u00bb da_is_singular=\u00a0\u00bboff\u00a0\u00bb da_with_loader=\u00a0\u00bboff\u00a0\u00bb da_has_shadow=\u00a0\u00bbon\u00a0\u00bb][et_pb_row module_class=\u00a0\u00bbusp-header\u00a0\u00bb _builder_version=\u00a0\u00bb4.14.5&Prime; _module_preset=\u00a0\u00bbdefault\u00a0\u00bb width=\u00a0\u00bb85%\u00a0\u00bb custom_padding=\u00a0\u00bb||0px||false|false\u00a0\u00bb global_module=\u00a0\u00bb2256&Prime; saved_tabs=\u00a0\u00bball\u00a0\u00bb global_colors_info=\u00a0\u00bb{}\u00a0\u00bb][et_pb_column type=\u00a0\u00bb4_4&Prime; _builder_version=\u00a0\u00bb4.16&Prime; _module_preset=\u00a0\u00bbdefault\u00a0\u00bb global_colors_info=\u00a0\u00bb{}\u00a0\u00bb][et_pb_blurb image=\u00a0\u00bbhttps:\/\/vandapower.eu\/wp-content\/uploads\/\/2021\/07\/One-stop-Shop.svg\u00a0\u00bb icon_placement=\u00a0\u00bbleft\u00a0\u00bb image_icon_width=\u00a0\u00bb20px\u00a0\u00bb _builder_version=\u00a0\u00bb4.16&Prime; _module_preset=\u00a0\u00bbdefault\u00a0\u00bb body_font_size=\u00a0\u00bb14px\u00a0\u00bb body_line_height=\u00a0\u00bb1.4em\u00a0\u00bb width=\u00a0\u00bb13%\u00a0\u00bb width_tablet=\u00a0\u00bb30%\u00a0\u00bb width_phone=\u00a0\u00bb100%\u00a0\u00bb width_last_edited=\u00a0\u00bbon|phone\u00a0\u00bb custom_margin=\u00a0\u00bb0px||10px||false|false\u00a0\u00bb custom_padding=\u00a0\u00bb||0px|0px|false|false\u00a0\u00bb link_option_url=\u00a0\u00bbhttps:\/\/vandapower.eu\/en\/why-vandapower\/#onestop\u00a0\u00bb custom_css_main_element=\u00a0\u00bbdisplay: inline-block;||\u00a0\u00bb image_max_width=\u00a0\u00bb20px\u00a0\u00bb global_colors_info=\u00a0\u00bb{}\u00a0\u00bb content__hover_enabled=\u00a0\u00bboff|hover\u00a0\u00bb content__hover=\u00a0\u00bb<\/p>\n<p><span style=%22text-decoration: underline;%22><span class=%22red%22>One-stop<\/span> shop<\/span><\/p>\n<p>\u00ab\u00a0]<\/p>\n<p><span class=\"red\">One-stop<\/span> shop<\/p>\n<p>[\/et_pb_blurb][et_pb_blurb image=\u00a0\u00bbhttps:\/\/vandapower.eu\/wp-content\/uploads\/\/2021\/07\/On-time-Delivery.svg\u00a0\u00bb icon_placement=\u00a0\u00bbleft\u00a0\u00bb image_icon_width=\u00a0\u00bb20px\u00a0\u00bb _builder_version=\u00a0\u00bb4.16&Prime; _module_preset=\u00a0\u00bbdefault\u00a0\u00bb body_font_size=\u00a0\u00bb14px\u00a0\u00bb body_line_height=\u00a0\u00bb1.4em\u00a0\u00bb width=\u00a0\u00bb16%\u00a0\u00bb width_tablet=\u00a0\u00bb30%\u00a0\u00bb width_phone=\u00a0\u00bb100%\u00a0\u00bb width_last_edited=\u00a0\u00bbon|phone\u00a0\u00bb custom_margin=\u00a0\u00bb0px||10px||false|false\u00a0\u00bb custom_padding=\u00a0\u00bb||0px|0px|false|false\u00a0\u00bb link_option_url=\u00a0\u00bbhttps:\/\/vandapower.eu\/en\/why-vandapower\/#ontime\u00a0\u00bb custom_css_main_element=\u00a0\u00bbdisplay: inline-block;\u00a0\u00bb image_max_width=\u00a0\u00bb20px\u00a0\u00bb global_colors_info=\u00a0\u00bb{}\u00a0\u00bb content__hover_enabled=\u00a0\u00bboff|hover\u00a0\u00bb content__hover=\u00a0\u00bb<\/p>\n<p><span style=%22text-decoration: underline;%22><span class=%22red%22>Tijdige<\/span> levering<\/span><\/p>\n<p>\u00ab\u00a0]Livraison <span class=\"red\">ponctuelles<\/span>[\/et_pb_blurb][et_pb_blurb image=\u00a0\u00bbhttps:\/\/vandapower.eu\/wp-content\/uploads\/\/2021\/07\/Independent-Technical-Advice.svg\u00a0\u00bb icon_placement=\u00a0\u00bbleft\u00a0\u00bb image_icon_width=\u00a0\u00bb18px\u00a0\u00bb content_last_edited=\u00a0\u00bboff|desktop\u00a0\u00bb _builder_version=\u00a0\u00bb4.19.4&Prime; _module_preset=\u00a0\u00bbdefault\u00a0\u00bb body_font_size=\u00a0\u00bb14px\u00a0\u00bb body_line_height=\u00a0\u00bb2em\u00a0\u00bb width=\u00a0\u00bb25%\u00a0\u00bb width_tablet=\u00a0\u00bb39%\u00a0\u00bb width_phone=\u00a0\u00bb100%\u00a0\u00bb width_last_edited=\u00a0\u00bbon|phone\u00a0\u00bb custom_margin=\u00a0\u00bb||5px|-25px|false|false\u00a0\u00bb custom_padding=\u00a0\u00bb||0px|0px|false|false\u00a0\u00bb link_option_url=\u00a0\u00bbhttps:\/\/vandapower.eu\/en\/why-vandapower\/#independent\u00a0\u00bb custom_css_main_element=\u00a0\u00bbdisplay: inline-block;\u00a0\u00bb image_max_width=\u00a0\u00bb18px\u00a0\u00bb global_colors_info=\u00a0\u00bb{}\u00a0\u00bb content__hover_enabled=\u00a0\u00bboff|desktop\u00a0\u00bb content__hover=\u00a0\u00bb<\/p>\n<p><span style=%22text-decoration: underline;%22>Onafhankelijk <span class=%22red%22>technisch advies<\/span><\/span><\/p>\n<p>\u00ab\u00a0]<\/p>\n<p><span class=\"red\">Independent<\/span> technical advice<\/p>\n<p>[\/et_pb_blurb][\/et_pb_column][\/et_pb_row][\/et_pb_section][et_pb_section fb_built=\u00a0\u00bb1&Prime; _builder_version=\u00a0\u00bb4.16&Prime; _module_preset=\u00a0\u00bbdefault\u00a0\u00bb custom_padding=\u00a0\u00bb0px||0px||false|false\u00a0\u00bb da_disable_devices=\u00a0\u00bboff|off|off\u00a0\u00bb global_colors_info=\u00a0\u00bb{}\u00a0\u00bb da_is_popup=\u00a0\u00bboff\u00a0\u00bb da_exit_intent=\u00a0\u00bboff\u00a0\u00bb da_has_close=\u00a0\u00bbon\u00a0\u00bb da_alt_close=\u00a0\u00bboff\u00a0\u00bb da_dark_close=\u00a0\u00bboff\u00a0\u00bb da_not_modal=\u00a0\u00bbon\u00a0\u00bb da_is_singular=\u00a0\u00bboff\u00a0\u00bb da_with_loader=\u00a0\u00bboff\u00a0\u00bb da_has_shadow=\u00a0\u00bbon\u00a0\u00bb][et_pb_row _builder_version=\u00a0\u00bb4.16&Prime; _module_preset=\u00a0\u00bbdefault\u00a0\u00bb global_colors_info=\u00a0\u00bb{}\u00a0\u00bb][et_pb_column type=\u00a0\u00bb4_4&Prime; _builder_version=\u00a0\u00bb4.16&Prime; _module_preset=\u00a0\u00bbdefault\u00a0\u00bb global_colors_info=\u00a0\u00bb{}\u00a0\u00bb][et_pb_text _builder_version=\u00a0\u00bb4.16&Prime; _module_preset=\u00a0\u00bbdefault\u00a0\u00bb global_colors_info=\u00a0\u00bb{}\u00a0\u00bb]<\/p>\n<h1>C\u00e2blots et c\u00e2bles terminaux<\/h1>\n<p>[\/et_pb_text][et_pb_text _builder_version=\u00a0\u00bb4.16&Prime; _module_preset=\u00a0\u00bbdefault\u00a0\u00bb custom_margin=\u00a0\u00bb||40px||false|false\u00a0\u00bb global_colors_info=\u00a0\u00bb{}\u00a0\u00bb]C\u00e2blots et c\u00e2bles terminaux en cuivre, boulons isol\u00e9s pour des batteries au plomb.[\/et_pb_text][\/et_pb_column][\/et_pb_row][\/et_pb_section][et_pb_section fb_built=\u00a0\u00bb1&Prime; _builder_version=\u00a0\u00bb4.16&Prime; _module_preset=\u00a0\u00bbdefault\u00a0\u00bb background_color=\u00a0\u00bb#f5f5f5&Prime; da_disable_devices=\u00a0\u00bboff|off|off\u00a0\u00bb global_colors_info=\u00a0\u00bb{}\u00a0\u00bb da_is_popup=\u00a0\u00bboff\u00a0\u00bb da_exit_intent=\u00a0\u00bboff\u00a0\u00bb da_has_close=\u00a0\u00bbon\u00a0\u00bb da_alt_close=\u00a0\u00bboff\u00a0\u00bb da_dark_close=\u00a0\u00bboff\u00a0\u00bb da_not_modal=\u00a0\u00bbon\u00a0\u00bb da_is_singular=\u00a0\u00bboff\u00a0\u00bb da_with_loader=\u00a0\u00bboff\u00a0\u00bb da_has_shadow=\u00a0\u00bbon\u00a0\u00bb][et_pb_row column_structure=\u00a0\u00bb1_4,1_4,1_4,1_4&Prime; use_custom_gutter=\u00a0\u00bbon\u00a0\u00bb gutter_width=\u00a0\u00bb2&Prime; make_equal=\u00a0\u00bbon\u00a0\u00bb _builder_version=\u00a0\u00bb4.16&Prime; _module_preset=\u00a0\u00bbdefault\u00a0\u00bb global_colors_info=\u00a0\u00bb{}\u00a0\u00bb][et_pb_column type=\u00a0\u00bb1_4&Prime; _builder_version=\u00a0\u00bb4.16&Prime; _module_preset=\u00a0\u00bbdefault\u00a0\u00bb global_colors_info=\u00a0\u00bb{}\u00a0\u00bb][et_pb_blurb title=\u00a0\u00bbC\u00e2blots et c\u00e2bles terminaux\u00a0\u00bb image=\u00a0\u00bbhttps:\/\/vandapower.com\/wp-content\/uploads\/2023\/07\/intercell-connectors-and-take-off-leads-1.png\u00a0\u00bb _builder_version=\u00a0\u00bb4.21.0&Prime; _dynamic_attributes=\u00a0\u00bblink_option_url\u00a0\u00bb _module_preset=\u00a0\u00bbdefault\u00a0\u00bb header_text_align=\u00a0\u00bbcenter\u00a0\u00bb header_font_size=\u00a0\u00bb16px\u00a0\u00bb height=\u00a0\u00bb320px\u00a0\u00bb custom_margin=\u00a0\u00bb||28px||false|false\u00a0\u00bb custom_padding=\u00a0\u00bb|0px||0px|false|true\u00a0\u00bb link_option_url=\u00a0\u00bb@ET-DC@eyJkeW5hbWljIjp0cnVlLCJjb250ZW50IjoicG9zdF9saW5rX3VybF9wYWdlIiwic2V0dGluZ3MiOnsicG9zdF9pZCI6IjI2MDEifX0=@\u00a0\u00bb hover_enabled=\u00a0\u00bb0&Prime; global_colors_info=\u00a0\u00bb{}\u00a0\u00bb header_text_color__hover_enabled=\u00a0\u00bbon|desktop\u00a0\u00bb header_text_color__hover=\u00a0\u00bb#E41800&Prime; title_text=\u00a0\u00bbintercell connectors and take off leads (1)\u00a0\u00bb sticky_enabled=\u00a0\u00bb0&Prime;][\/et_pb_blurb][\/et_pb_column][et_pb_column type=\u00a0\u00bb1_4&Prime; _builder_version=\u00a0\u00bb4.16&Prime; _module_preset=\u00a0\u00bbdefault\u00a0\u00bb global_colors_info=\u00a0\u00bb{}\u00a0\u00bb][\/et_pb_column][et_pb_column type=\u00a0\u00bb1_4&Prime; _builder_version=\u00a0\u00bb4.16&Prime; _module_preset=\u00a0\u00bbdefault\u00a0\u00bb global_colors_info=\u00a0\u00bb{}\u00a0\u00bb][\/et_pb_column][et_pb_column type=\u00a0\u00bb1_4&Prime; _builder_version=\u00a0\u00bb4.16&Prime; _module_preset=\u00a0\u00bbdefault\u00a0\u00bb global_colors_info=\u00a0\u00bb{}\u00a0\u00bb][\/et_pb_column][\/et_pb_row][\/et_pb_section]<\/p>\n","protected":false},"excerpt":{"rendered":"<p>One-stop shopLivraison ponctuellesIndependent technical adviceC\u00e2blots et c\u00e2bles terminaux C\u00e2blots et c\u00e2bles terminaux en cuivre, boulons isol\u00e9s pour des batteries au plomb.<\/p>\n","protected":false},"author":1,"featured_media":4606,"parent":4796,"menu_order":0,"comment_status":"closed","ping_status":"closed","template":"","meta":{"_et_pb_use_builder":"on","_et_pb_old_content":"","_et_gb_content_width":"","om_disable_all_campaigns":false,"inline_featured_image":false,"_monsterinsights_skip_tracking":false,"_monsterinsights_sitenote_active":false,"_monsterinsights_sitenote_note":"","_monsterinsights_sitenote_category":0,"_uf_show_specific_survey":0,"_uf_disable_surveys":false,"footnotes":""},"class_list":["post-4605","page","type-page","status-publish","has-post-thumbnail","hentry"],"yoast_head":"<!-- This site is optimized with the Yoast SEO plugin v27.4 - https:\/\/yoast.com\/product\/yoast-seo-wordpress\/ -->\n<title>C\u00e2blots et c\u00e2bles terminaux -<\/title>\n<meta name=\"description\" content=\"Vandapower propose des boulons de connexion en cuivre et isol\u00e9s pour les batteries plomb-acide. De la marque FR\u00d6TEK, connecteurs de cellules et c\u00e2bles d&#039;extr\u00e9mit\u00e9. Vandapower dispose d&#039;une gamme \u00e9tendue de connecteurs Fr\u00f6tek : soud\u00e9s et press\u00e9s (en version standard et &quot;Perfect Hawker&quot;), connecteurs \u00e0 fil flexible, connecteurs \u00e0 fil solide, connecteurs hybrides, connecteurs de charge. Nous fournissons \u00e9galement des c\u00e2bles d&#039;extr\u00e9mit\u00e9 pour la connexion aux batteries avec des cellules \u00e0 vis, ainsi que diff\u00e9rents types de vis et de couvercles. Nous livrons des faisceaux avec connecteurs et autres composants d\u00e9j\u00e0 mont\u00e9s.\" \/>\n<meta name=\"robots\" content=\"index, follow, max-snippet:-1, max-image-preview:large, max-video-preview:-1\" \/>\n<link rel=\"canonical\" href=\"https:\/\/vandapower.com\/fr\/composants-de-batteries\/cablots-et-cables-terminaux\/\" \/>\n<meta property=\"og:locale\" content=\"fr_FR\" \/>\n<meta property=\"og:type\" content=\"article\" \/>\n<meta property=\"og:title\" content=\"C\u00e2blots et c\u00e2bles terminaux -\" \/>\n<meta property=\"og:description\" content=\"Vandapower propose des boulons de connexion en cuivre et isol\u00e9s pour les batteries plomb-acide. De la marque FR\u00d6TEK, connecteurs de cellules et c\u00e2bles d&#039;extr\u00e9mit\u00e9. Vandapower dispose d&#039;une gamme \u00e9tendue de connecteurs Fr\u00f6tek : soud\u00e9s et press\u00e9s (en version standard et &quot;Perfect Hawker&quot;), connecteurs \u00e0 fil flexible, connecteurs \u00e0 fil solide, connecteurs hybrides, connecteurs de charge. Nous fournissons \u00e9galement des c\u00e2bles d&#039;extr\u00e9mit\u00e9 pour la connexion aux batteries avec des cellules \u00e0 vis, ainsi que diff\u00e9rents types de vis et de couvercles. Nous livrons des faisceaux avec connecteurs et autres composants d\u00e9j\u00e0 mont\u00e9s.\" \/>\n<meta property=\"og:url\" content=\"https:\/\/vandapower.com\/fr\/composants-de-batteries\/cablots-et-cables-terminaux\/\" \/>\n<meta property=\"og:site_name\" content=\"Vandapower | Components and Cable Assemblies for Industrial Batteries\" \/>\n<meta property=\"article:modified_time\" content=\"2023-07-11T12:48:46+00:00\" \/>\n<meta property=\"og:image\" content=\"https:\/\/vandapower.com\/wp-content\/uploads\/2021\/07\/intercell.jpg\" \/>\n\t<meta property=\"og:image:width\" content=\"720\" \/>\n\t<meta property=\"og:image:height\" content=\"640\" \/>\n\t<meta property=\"og:image:type\" content=\"image\/jpeg\" \/>\n<meta name=\"twitter:card\" content=\"summary_large_image\" \/>\n<meta name=\"twitter:label1\" content=\"Dur\u00e9e de lecture estim\u00e9e\" \/>\n\t<meta name=\"twitter:data1\" content=\"4 minutes\" \/>\n<script type=\"application\/ld+json\" class=\"yoast-schema-graph\">{\"@context\":\"https:\\\/\\\/schema.org\",\"@graph\":[{\"@type\":\"WebPage\",\"@id\":\"https:\\\/\\\/vandapower.com\\\/fr\\\/composants-de-batteries\\\/cablots-et-cables-terminaux\\\/\",\"url\":\"https:\\\/\\\/vandapower.com\\\/fr\\\/composants-de-batteries\\\/cablots-et-cables-terminaux\\\/\",\"name\":\"C\u00e2blots et c\u00e2bles terminaux -\",\"isPartOf\":{\"@id\":\"https:\\\/\\\/vandapower.com\\\/be-nl\\\/#website\"},\"primaryImageOfPage\":{\"@id\":\"https:\\\/\\\/vandapower.com\\\/fr\\\/composants-de-batteries\\\/cablots-et-cables-terminaux\\\/#primaryimage\"},\"image\":{\"@id\":\"https:\\\/\\\/vandapower.com\\\/fr\\\/composants-de-batteries\\\/cablots-et-cables-terminaux\\\/#primaryimage\"},\"thumbnailUrl\":\"https:\\\/\\\/vandapower.com\\\/wp-content\\\/uploads\\\/2021\\\/07\\\/intercell.jpg\",\"datePublished\":\"2021-10-19T08:11:40+00:00\",\"dateModified\":\"2023-07-11T12:48:46+00:00\",\"description\":\"Vandapower propose des boulons de connexion en cuivre et isol\u00e9s pour les batteries plomb-acide. De la marque FR\u00d6TEK, connecteurs de cellules et c\u00e2bles d'extr\u00e9mit\u00e9. Vandapower dispose d'une gamme \u00e9tendue de connecteurs Fr\u00f6tek : soud\u00e9s et press\u00e9s (en version standard et \\\"Perfect Hawker\\\"), connecteurs \u00e0 fil flexible, connecteurs \u00e0 fil solide, connecteurs hybrides, connecteurs de charge. Nous fournissons \u00e9galement des c\u00e2bles d'extr\u00e9mit\u00e9 pour la connexion aux batteries avec des cellules \u00e0 vis, ainsi que diff\u00e9rents types de vis et de couvercles. Nous livrons des faisceaux avec connecteurs et autres composants d\u00e9j\u00e0 mont\u00e9s.\",\"breadcrumb\":{\"@id\":\"https:\\\/\\\/vandapower.com\\\/fr\\\/composants-de-batteries\\\/cablots-et-cables-terminaux\\\/#breadcrumb\"},\"inLanguage\":\"fr-FR\",\"potentialAction\":[{\"@type\":\"ReadAction\",\"target\":[\"https:\\\/\\\/vandapower.com\\\/fr\\\/composants-de-batteries\\\/cablots-et-cables-terminaux\\\/\"]}]},{\"@type\":\"ImageObject\",\"inLanguage\":\"fr-FR\",\"@id\":\"https:\\\/\\\/vandapower.com\\\/fr\\\/composants-de-batteries\\\/cablots-et-cables-terminaux\\\/#primaryimage\",\"url\":\"https:\\\/\\\/vandapower.com\\\/wp-content\\\/uploads\\\/2021\\\/07\\\/intercell.jpg\",\"contentUrl\":\"https:\\\/\\\/vandapower.com\\\/wp-content\\\/uploads\\\/2021\\\/07\\\/intercell.jpg\",\"width\":720,\"height\":640},{\"@type\":\"BreadcrumbList\",\"@id\":\"https:\\\/\\\/vandapower.com\\\/fr\\\/composants-de-batteries\\\/cablots-et-cables-terminaux\\\/#breadcrumb\",\"itemListElement\":[{\"@type\":\"ListItem\",\"position\":1,\"name\":\"Home\",\"item\":\"https:\\\/\\\/vandapower.com\\\/fr\\\/\"},{\"@type\":\"ListItem\",\"position\":2,\"name\":\"Produits\",\"item\":\"https:\\\/\\\/vandapower.com\\\/fr\\\/composants-de-batteries\\\/\"},{\"@type\":\"ListItem\",\"position\":3,\"name\":\"C\u00e2blots et c\u00e2bles terminaux\"}]},{\"@type\":\"WebSite\",\"@id\":\"https:\\\/\\\/vandapower.com\\\/be-nl\\\/#website\",\"url\":\"https:\\\/\\\/vandapower.com\\\/be-nl\\\/\",\"name\":\"Vandapower | Components and Cable Assemblies for Industrial Batteries\",\"description\":\"Through our product knowledge, our buffer stock and our flexible organization, we can deliver your components for industrial batteries quickly and customized to your needs\",\"publisher\":{\"@id\":\"https:\\\/\\\/vandapower.com\\\/be-nl\\\/#organization\"},\"potentialAction\":[{\"@type\":\"SearchAction\",\"target\":{\"@type\":\"EntryPoint\",\"urlTemplate\":\"https:\\\/\\\/vandapower.com\\\/be-nl\\\/?s={search_term_string}\"},\"query-input\":{\"@type\":\"PropertyValueSpecification\",\"valueRequired\":true,\"valueName\":\"search_term_string\"}}],\"inLanguage\":\"fr-FR\"},{\"@type\":\"Organization\",\"@id\":\"https:\\\/\\\/vandapower.com\\\/be-nl\\\/#organization\",\"name\":\"Vandapower\",\"url\":\"https:\\\/\\\/vandapower.com\\\/be-nl\\\/\",\"logo\":{\"@type\":\"ImageObject\",\"inLanguage\":\"fr-FR\",\"@id\":\"https:\\\/\\\/vandapower.com\\\/be-nl\\\/#\\\/schema\\\/logo\\\/image\\\/\",\"url\":\"https:\\\/\\\/vandapower.eu\\\/wp-content\\\/uploads\\\/2021\\\/07\\\/logo-Vandapower-tagline.svg\",\"contentUrl\":\"https:\\\/\\\/vandapower.eu\\\/wp-content\\\/uploads\\\/2021\\\/07\\\/logo-Vandapower-tagline.svg\",\"width\":1321,\"height\":1088,\"caption\":\"Vandapower\"},\"image\":{\"@id\":\"https:\\\/\\\/vandapower.com\\\/be-nl\\\/#\\\/schema\\\/logo\\\/image\\\/\"}}]}<\/script>\n<!-- \/ Yoast SEO plugin. -->","yoast_head_json":{"title":"C\u00e2blots et c\u00e2bles terminaux -","description":"Vandapower propose des boulons de connexion en cuivre et isol\u00e9s pour les batteries plomb-acide. De la marque FR\u00d6TEK, connecteurs de cellules et c\u00e2bles d'extr\u00e9mit\u00e9. Vandapower dispose d'une gamme \u00e9tendue de connecteurs Fr\u00f6tek : soud\u00e9s et press\u00e9s (en version standard et \"Perfect Hawker\"), connecteurs \u00e0 fil flexible, connecteurs \u00e0 fil solide, connecteurs hybrides, connecteurs de charge. Nous fournissons \u00e9galement des c\u00e2bles d'extr\u00e9mit\u00e9 pour la connexion aux batteries avec des cellules \u00e0 vis, ainsi que diff\u00e9rents types de vis et de couvercles. Nous livrons des faisceaux avec connecteurs et autres composants d\u00e9j\u00e0 mont\u00e9s.","robots":{"index":"index","follow":"follow","max-snippet":"max-snippet:-1","max-image-preview":"max-image-preview:large","max-video-preview":"max-video-preview:-1"},"canonical":"https:\/\/vandapower.com\/fr\/composants-de-batteries\/cablots-et-cables-terminaux\/","og_locale":"fr_FR","og_type":"article","og_title":"C\u00e2blots et c\u00e2bles terminaux -","og_description":"Vandapower propose des boulons de connexion en cuivre et isol\u00e9s pour les batteries plomb-acide. De la marque FR\u00d6TEK, connecteurs de cellules et c\u00e2bles d'extr\u00e9mit\u00e9. Vandapower dispose d'une gamme \u00e9tendue de connecteurs Fr\u00f6tek : soud\u00e9s et press\u00e9s (en version standard et \"Perfect Hawker\"), connecteurs \u00e0 fil flexible, connecteurs \u00e0 fil solide, connecteurs hybrides, connecteurs de charge. Nous fournissons \u00e9galement des c\u00e2bles d'extr\u00e9mit\u00e9 pour la connexion aux batteries avec des cellules \u00e0 vis, ainsi que diff\u00e9rents types de vis et de couvercles. Nous livrons des faisceaux avec connecteurs et autres composants d\u00e9j\u00e0 mont\u00e9s.","og_url":"https:\/\/vandapower.com\/fr\/composants-de-batteries\/cablots-et-cables-terminaux\/","og_site_name":"Vandapower | Components and Cable Assemblies for Industrial Batteries","article_modified_time":"2023-07-11T12:48:46+00:00","og_image":[{"width":720,"height":640,"url":"https:\/\/vandapower.com\/wp-content\/uploads\/2021\/07\/intercell.jpg","type":"image\/jpeg"}],"twitter_card":"summary_large_image","twitter_misc":{"Dur\u00e9e de lecture estim\u00e9e":"4 minutes"},"schema":{"@context":"https:\/\/schema.org","@graph":[{"@type":"WebPage","@id":"https:\/\/vandapower.com\/fr\/composants-de-batteries\/cablots-et-cables-terminaux\/","url":"https:\/\/vandapower.com\/fr\/composants-de-batteries\/cablots-et-cables-terminaux\/","name":"C\u00e2blots et c\u00e2bles terminaux -","isPartOf":{"@id":"https:\/\/vandapower.com\/be-nl\/#website"},"primaryImageOfPage":{"@id":"https:\/\/vandapower.com\/fr\/composants-de-batteries\/cablots-et-cables-terminaux\/#primaryimage"},"image":{"@id":"https:\/\/vandapower.com\/fr\/composants-de-batteries\/cablots-et-cables-terminaux\/#primaryimage"},"thumbnailUrl":"https:\/\/vandapower.com\/wp-content\/uploads\/2021\/07\/intercell.jpg","datePublished":"2021-10-19T08:11:40+00:00","dateModified":"2023-07-11T12:48:46+00:00","description":"Vandapower propose des boulons de connexion en cuivre et isol\u00e9s pour les batteries plomb-acide. De la marque FR\u00d6TEK, connecteurs de cellules et c\u00e2bles d'extr\u00e9mit\u00e9. Vandapower dispose d'une gamme \u00e9tendue de connecteurs Fr\u00f6tek : soud\u00e9s et press\u00e9s (en version standard et \"Perfect Hawker\"), connecteurs \u00e0 fil flexible, connecteurs \u00e0 fil solide, connecteurs hybrides, connecteurs de charge. Nous fournissons \u00e9galement des c\u00e2bles d'extr\u00e9mit\u00e9 pour la connexion aux batteries avec des cellules \u00e0 vis, ainsi que diff\u00e9rents types de vis et de couvercles. Nous livrons des faisceaux avec connecteurs et autres composants d\u00e9j\u00e0 mont\u00e9s.","breadcrumb":{"@id":"https:\/\/vandapower.com\/fr\/composants-de-batteries\/cablots-et-cables-terminaux\/#breadcrumb"},"inLanguage":"fr-FR","potentialAction":[{"@type":"ReadAction","target":["https:\/\/vandapower.com\/fr\/composants-de-batteries\/cablots-et-cables-terminaux\/"]}]},{"@type":"ImageObject","inLanguage":"fr-FR","@id":"https:\/\/vandapower.com\/fr\/composants-de-batteries\/cablots-et-cables-terminaux\/#primaryimage","url":"https:\/\/vandapower.com\/wp-content\/uploads\/2021\/07\/intercell.jpg","contentUrl":"https:\/\/vandapower.com\/wp-content\/uploads\/2021\/07\/intercell.jpg","width":720,"height":640},{"@type":"BreadcrumbList","@id":"https:\/\/vandapower.com\/fr\/composants-de-batteries\/cablots-et-cables-terminaux\/#breadcrumb","itemListElement":[{"@type":"ListItem","position":1,"name":"Home","item":"https:\/\/vandapower.com\/fr\/"},{"@type":"ListItem","position":2,"name":"Produits","item":"https:\/\/vandapower.com\/fr\/composants-de-batteries\/"},{"@type":"ListItem","position":3,"name":"C\u00e2blots et c\u00e2bles terminaux"}]},{"@type":"WebSite","@id":"https:\/\/vandapower.com\/be-nl\/#website","url":"https:\/\/vandapower.com\/be-nl\/","name":"Vandapower | Components and Cable Assemblies for Industrial Batteries","description":"Through our product knowledge, our buffer stock and our flexible organization, we can deliver your components for industrial batteries quickly and customized to your needs","publisher":{"@id":"https:\/\/vandapower.com\/be-nl\/#organization"},"potentialAction":[{"@type":"SearchAction","target":{"@type":"EntryPoint","urlTemplate":"https:\/\/vandapower.com\/be-nl\/?s={search_term_string}"},"query-input":{"@type":"PropertyValueSpecification","valueRequired":true,"valueName":"search_term_string"}}],"inLanguage":"fr-FR"},{"@type":"Organization","@id":"https:\/\/vandapower.com\/be-nl\/#organization","name":"Vandapower","url":"https:\/\/vandapower.com\/be-nl\/","logo":{"@type":"ImageObject","inLanguage":"fr-FR","@id":"https:\/\/vandapower.com\/be-nl\/#\/schema\/logo\/image\/","url":"https:\/\/vandapower.eu\/wp-content\/uploads\/2021\/07\/logo-Vandapower-tagline.svg","contentUrl":"https:\/\/vandapower.eu\/wp-content\/uploads\/2021\/07\/logo-Vandapower-tagline.svg","width":1321,"height":1088,"caption":"Vandapower"},"image":{"@id":"https:\/\/vandapower.com\/be-nl\/#\/schema\/logo\/image\/"}}]}},"_links":{"self":[{"href":"https:\/\/vandapower.com\/fr\/wp-json\/wp\/v2\/pages\/4605","targetHints":{"allow":["GET"]}}],"collection":[{"href":"https:\/\/vandapower.com\/fr\/wp-json\/wp\/v2\/pages"}],"about":[{"href":"https:\/\/vandapower.com\/fr\/wp-json\/wp\/v2\/types\/page"}],"author":[{"embeddable":true,"href":"https:\/\/vandapower.com\/fr\/wp-json\/wp\/v2\/users\/1"}],"replies":[{"embeddable":true,"href":"https:\/\/vandapower.com\/fr\/wp-json\/wp\/v2\/comments?post=4605"}],"version-history":[{"count":14,"href":"https:\/\/vandapower.com\/fr\/wp-json\/wp\/v2\/pages\/4605\/revisions"}],"predecessor-version":[{"id":21749,"href":"https:\/\/vandapower.com\/fr\/wp-json\/wp\/v2\/pages\/4605\/revisions\/21749"}],"up":[{"embeddable":true,"href":"https:\/\/vandapower.com\/fr\/wp-json\/wp\/v2\/pages\/4796"}],"wp:featuredmedia":[{"embeddable":true,"href":"https:\/\/vandapower.com\/fr\/wp-json\/wp\/v2\/media\/4606"}],"wp:attachment":[{"href":"https:\/\/vandapower.com\/fr\/wp-json\/wp\/v2\/media?parent=4605"}],"curies":[{"name":"wp","href":"https:\/\/api.w.org\/{rel}","templated":true}]}}