{"id":4601,"date":"2021-10-19T08:04:05","date_gmt":"2021-10-19T08:04:05","guid":{"rendered":"https:\/\/vandapower.eu\/connecteurs-dalimentation-compact-app\/"},"modified":"2023-06-13T11:11:45","modified_gmt":"2023-06-13T09:11:45","slug":"connecteurs-dalimentation-compact-app","status":"publish","type":"page","link":"https:\/\/vandapower.com\/fr\/composants-de-batteries\/connecteurs\/connecteurs-dalimentation-compact-app\/","title":{"rendered":"Connecteurs d&rsquo;alimentation compact Anderson Power\u2122"},"content":{"rendered":"<p>[et_pb_section fb_built=\u00a0\u00bb1&Prime; _builder_version=\u00a0\u00bb4.16&Prime; _module_preset=\u00a0\u00bbdefault\u00a0\u00bb custom_padding=\u00a0\u00bb0px||0px||true|false\u00a0\u00bb da_disable_devices=\u00a0\u00bboff|off|off\u00a0\u00bb global_colors_info=\u00a0\u00bb{}\u00a0\u00bb da_is_popup=\u00a0\u00bboff\u00a0\u00bb da_exit_intent=\u00a0\u00bboff\u00a0\u00bb da_has_close=\u00a0\u00bbon\u00a0\u00bb da_alt_close=\u00a0\u00bboff\u00a0\u00bb da_dark_close=\u00a0\u00bboff\u00a0\u00bb da_not_modal=\u00a0\u00bbon\u00a0\u00bb da_is_singular=\u00a0\u00bboff\u00a0\u00bb da_with_loader=\u00a0\u00bboff\u00a0\u00bb da_has_shadow=\u00a0\u00bbon\u00a0\u00bb][et_pb_row module_class=\u00a0\u00bbusp-header\u00a0\u00bb _builder_version=\u00a0\u00bb4.14.5&Prime; _module_preset=\u00a0\u00bbdefault\u00a0\u00bb width=\u00a0\u00bb85%\u00a0\u00bb custom_padding=\u00a0\u00bb||0px||false|false\u00a0\u00bb global_module=\u00a0\u00bb2256&Prime; saved_tabs=\u00a0\u00bball\u00a0\u00bb global_colors_info=\u00a0\u00bb{}\u00a0\u00bb][et_pb_column type=\u00a0\u00bb4_4&Prime; _builder_version=\u00a0\u00bb4.16&Prime; _module_preset=\u00a0\u00bbdefault\u00a0\u00bb global_colors_info=\u00a0\u00bb{}\u00a0\u00bb][et_pb_blurb image=\u00a0\u00bbhttps:\/\/vandapower.eu\/wp-content\/uploads\/\/2021\/07\/One-stop-Shop.svg\u00a0\u00bb icon_placement=\u00a0\u00bbleft\u00a0\u00bb image_icon_width=\u00a0\u00bb20px\u00a0\u00bb _builder_version=\u00a0\u00bb4.16&Prime; _module_preset=\u00a0\u00bbdefault\u00a0\u00bb body_font_size=\u00a0\u00bb14px\u00a0\u00bb body_line_height=\u00a0\u00bb1.4em\u00a0\u00bb width=\u00a0\u00bb13%\u00a0\u00bb width_tablet=\u00a0\u00bb30%\u00a0\u00bb width_phone=\u00a0\u00bb100%\u00a0\u00bb width_last_edited=\u00a0\u00bbon|phone\u00a0\u00bb custom_margin=\u00a0\u00bb0px||10px||false|false\u00a0\u00bb custom_padding=\u00a0\u00bb||0px|0px|false|false\u00a0\u00bb link_option_url=\u00a0\u00bbhttps:\/\/vandapower.eu\/en\/why-vandapower\/#onestop\u00a0\u00bb custom_css_main_element=\u00a0\u00bbdisplay: inline-block;||\u00a0\u00bb image_max_width=\u00a0\u00bb20px\u00a0\u00bb global_colors_info=\u00a0\u00bb{}\u00a0\u00bb content__hover_enabled=\u00a0\u00bboff|hover\u00a0\u00bb content__hover=\u00a0\u00bb<\/p>\n<p><span style=%22text-decoration: underline;%22><span class=%22red%22>One-stop<\/span> shop<\/span><\/p>\n<p>\u00ab\u00a0]<\/p>\n<p><span class=\"red\">One-stop<\/span> shop<\/p>\n<p>[\/et_pb_blurb][et_pb_blurb image=\u00a0\u00bbhttps:\/\/vandapower.eu\/wp-content\/uploads\/\/2021\/07\/On-time-Delivery.svg\u00a0\u00bb icon_placement=\u00a0\u00bbleft\u00a0\u00bb image_icon_width=\u00a0\u00bb20px\u00a0\u00bb _builder_version=\u00a0\u00bb4.16&Prime; _module_preset=\u00a0\u00bbdefault\u00a0\u00bb body_font_size=\u00a0\u00bb14px\u00a0\u00bb body_line_height=\u00a0\u00bb1.4em\u00a0\u00bb width=\u00a0\u00bb16%\u00a0\u00bb width_tablet=\u00a0\u00bb30%\u00a0\u00bb width_phone=\u00a0\u00bb100%\u00a0\u00bb width_last_edited=\u00a0\u00bbon|phone\u00a0\u00bb custom_margin=\u00a0\u00bb0px||10px||false|false\u00a0\u00bb custom_padding=\u00a0\u00bb||0px|0px|false|false\u00a0\u00bb link_option_url=\u00a0\u00bbhttps:\/\/vandapower.eu\/en\/why-vandapower\/#ontime\u00a0\u00bb custom_css_main_element=\u00a0\u00bbdisplay: inline-block;\u00a0\u00bb image_max_width=\u00a0\u00bb20px\u00a0\u00bb global_colors_info=\u00a0\u00bb{}\u00a0\u00bb content__hover_enabled=\u00a0\u00bboff|hover\u00a0\u00bb content__hover=\u00a0\u00bb<\/p>\n<p><span style=%22text-decoration: underline;%22><span class=%22red%22>Tijdige<\/span> levering<\/span><\/p>\n<p>\u00ab\u00a0]Livraison <span class=\"red\">ponctuelles<\/span>[\/et_pb_blurb][et_pb_blurb image=\u00a0\u00bbhttps:\/\/vandapower.eu\/wp-content\/uploads\/\/2021\/07\/Independent-Technical-Advice.svg\u00a0\u00bb icon_placement=\u00a0\u00bbleft\u00a0\u00bb image_icon_width=\u00a0\u00bb18px\u00a0\u00bb content_last_edited=\u00a0\u00bboff|desktop\u00a0\u00bb _builder_version=\u00a0\u00bb4.19.4&Prime; _module_preset=\u00a0\u00bbdefault\u00a0\u00bb body_font_size=\u00a0\u00bb14px\u00a0\u00bb body_line_height=\u00a0\u00bb2em\u00a0\u00bb width=\u00a0\u00bb25%\u00a0\u00bb width_tablet=\u00a0\u00bb39%\u00a0\u00bb width_phone=\u00a0\u00bb100%\u00a0\u00bb width_last_edited=\u00a0\u00bbon|phone\u00a0\u00bb custom_margin=\u00a0\u00bb||5px|-25px|false|false\u00a0\u00bb custom_padding=\u00a0\u00bb||0px|0px|false|false\u00a0\u00bb link_option_url=\u00a0\u00bbhttps:\/\/vandapower.eu\/en\/why-vandapower\/#independent\u00a0\u00bb custom_css_main_element=\u00a0\u00bbdisplay: inline-block;\u00a0\u00bb image_max_width=\u00a0\u00bb18px\u00a0\u00bb global_colors_info=\u00a0\u00bb{}\u00a0\u00bb content__hover_enabled=\u00a0\u00bboff|desktop\u00a0\u00bb content__hover=\u00a0\u00bb<\/p>\n<p><span style=%22text-decoration: underline;%22>Onafhankelijk <span class=%22red%22>technisch advies<\/span><\/span><\/p>\n<p>\u00ab\u00a0]<\/p>\n<p><span class=\"red\">Independent<\/span> technical advice<\/p>\n<p>[\/et_pb_blurb][\/et_pb_column][\/et_pb_row][\/et_pb_section][et_pb_section fb_built=\u00a0\u00bb1&Prime; _builder_version=\u00a0\u00bb4.16&Prime; _module_preset=\u00a0\u00bbdefault\u00a0\u00bb custom_padding=\u00a0\u00bb0px||0px||false|false\u00a0\u00bb da_disable_devices=\u00a0\u00bboff|off|off\u00a0\u00bb global_colors_info=\u00a0\u00bb{}\u00a0\u00bb da_is_popup=\u00a0\u00bboff\u00a0\u00bb da_exit_intent=\u00a0\u00bboff\u00a0\u00bb da_has_close=\u00a0\u00bbon\u00a0\u00bb da_alt_close=\u00a0\u00bboff\u00a0\u00bb da_dark_close=\u00a0\u00bboff\u00a0\u00bb da_not_modal=\u00a0\u00bbon\u00a0\u00bb da_is_singular=\u00a0\u00bboff\u00a0\u00bb da_with_loader=\u00a0\u00bboff\u00a0\u00bb da_has_shadow=\u00a0\u00bbon\u00a0\u00bb][et_pb_row column_structure=\u00a0\u00bb2_3,1_3&Prime; _builder_version=\u00a0\u00bb4.16&Prime; _module_preset=\u00a0\u00bbdefault\u00a0\u00bb global_colors_info=\u00a0\u00bb{}\u00a0\u00bb][et_pb_column type=\u00a0\u00bb2_3&Prime; _builder_version=\u00a0\u00bb4.16&Prime; _module_preset=\u00a0\u00bbdefault\u00a0\u00bb global_colors_info=\u00a0\u00bb{}\u00a0\u00bb][et_pb_text _builder_version=\u00a0\u00bb4.21.0&Prime; _module_preset=\u00a0\u00bbdefault\u00a0\u00bb hover_enabled=\u00a0\u00bb0&Prime; global_colors_info=\u00a0\u00bb{}\u00a0\u00bb sticky_enabled=\u00a0\u00bb0&Prime;]<\/p>\n<h1 class=\"red\">Connecteurs d&rsquo;alimentation compact Anderson Power\u2122<\/h1>\n<p>[\/et_pb_text][et_pb_text _builder_version=\u00a0\u00bb4.21.0&Prime; _module_preset=\u00a0\u00bbdefault\u00a0\u00bb custom_margin=\u00a0\u00bb||40px||false|false\u00a0\u00bb hover_enabled=\u00a0\u00bb0&Prime; global_colors_info=\u00a0\u00bb{}\u00a0\u00bb sticky_enabled=\u00a0\u00bb0&Prime;]<\/p>\n<p>Les prises Anderson Power\u2122 Power Drawer donnent \u00e0 nos clients plus de choix que jamais pour r\u00e9pondre \u00e0 leurs besoins en mati\u00e8re de connexion \u00e9lectrique. Ces connecteurs pour prendre du courant et des signaux sont fabriqu\u00e9s selon des normes de qualit\u00e9 tr\u00e8s \u00e9l\u00e9v\u00e9es. La s\u00e9rie &lsquo;drawer&rsquo; peut \u00eatre utilis\u00e9e pour une gamme d&rsquo;applications du type &lsquo;drawer&rsquo;, comme des redresseurs, des ordinateurs centrals et des appareils de t\u00e9l\u00e9communication et de r\u00e9seau.<\/p>\n<p>Il existe \u00e9galement la s\u00e9rie Powermod HP, tr\u00e8s facile \u00e0 utiliser et flexible, avec une protection IP20 et une protection tactile de la fiche femelle. Un produit de tr\u00e8s haute qualit\u00e9 de la part d&rsquo;Anderson Power\u2122.<\/p>\n<p>[\/et_pb_text][\/et_pb_column][et_pb_column type=\u00a0\u00bb1_3&Prime; _builder_version=\u00a0\u00bb4.16&Prime; _module_preset=\u00a0\u00bbdefault\u00a0\u00bb global_colors_info=\u00a0\u00bb{}\u00a0\u00bb][et_pb_image src=\u00a0\u00bbhttps:\/\/vandapower.eu\/wp-content\/uploads\/2021\/07\/Compact_power_connector.jpg\u00a0\u00bb title_text=\u00a0\u00bbCompact_power_connecteur\u00a0\u00bb _builder_version=\u00a0\u00bb4.16&Prime; _module_preset=\u00a0\u00bbdefault\u00a0\u00bb global_colors_info=\u00a0\u00bb{}\u00a0\u00bb][\/et_pb_image][et_pb_image src=\u00a0\u00bbhttps:\/\/vandapower.com\/wp-content\/uploads\/2022\/09\/app-new-logo.png\u00a0\u00bb _builder_version=\u00a0\u00bb4.21.0&Prime; _module_preset=\u00a0\u00bbdefault\u00a0\u00bb title_text=\u00a0\u00bbapp new logo\u00a0\u00bb url=\u00a0\u00bbhttps:\/\/www.andersonpower.com\/us\/en.html\u00a0\u00bb hover_enabled=\u00a0\u00bb0&Prime; sticky_enabled=\u00a0\u00bb0&Prime;][\/et_pb_image][\/et_pb_column][\/et_pb_row][et_pb_row make_equal=\u00a0\u00bbon\u00a0\u00bb _builder_version=\u00a0\u00bb4.16&Prime; _module_preset=\u00a0\u00bbdefault\u00a0\u00bb custom_margin=\u00a0\u00bb||50px||false|false\u00a0\u00bb custom_padding=\u00a0\u00bb||||false|false\u00a0\u00bb global_colors_info=\u00a0\u00bb{}\u00a0\u00bb][et_pb_column type=\u00a0\u00bb4_4&Prime; _builder_version=\u00a0\u00bb4.16&Prime; _module_preset=\u00a0\u00bbdefault\u00a0\u00bb custom_padding=\u00a0\u00bb20px|20px|20px|20px|true|true\u00a0\u00bb border_width_all=\u00a0\u00bb1px\u00a0\u00bb border_color_all=\u00a0\u00bb#e9e7e7&Prime; box_shadow_style=\u00a0\u00bbpreset4&Prime; box_shadow_horizontal=\u00a0\u00bb4px\u00a0\u00bb box_shadow_vertical=\u00a0\u00bb4px\u00a0\u00bb box_shadow_blur=\u00a0\u00bb2px\u00a0\u00bb box_shadow_color=\u00a0\u00bbrgba(50,50,50,0.2)\u00a0\u00bb global_colors_info=\u00a0\u00bb{}\u00a0\u00bb][et_pb_text module_class=\u00a0\u00bbinfo-block\u00a0\u00bb _builder_version=\u00a0\u00bb4.9.7&Prime; _module_preset=\u00a0\u00bbdefault\u00a0\u00bb positioning=\u00a0\u00bbrelative\u00a0\u00bb custom_margin=\u00a0\u00bb||30px||false|false\u00a0\u00bb border_color_all=\u00a0\u00bb#e9e7e7&Prime; global_module=\u00a0\u00bb3223&Prime; saved_tabs=\u00a0\u00bball\u00a0\u00bb global_colors_info=\u00a0\u00bb{}\u00a0\u00bb]<\/p>\n<h2>Meer informatie over dit product?<\/h2>\n<p><span>We houden van ons productgamma een buffervoorraad aan waarmee we u graag uit de nood helpen. Aarzel niet om ons daarover aan te spreken zodat we u kunnen adviseren en helpen.<\/span><\/p>\n<p>[\/et_pb_text][et_pb_button button_url=\u00a0\u00bb@ET-DC@eyJkeW5hbWljIjp0cnVlLCJjb250ZW50IjoicG9zdF9saW5rX3VybF9wYWdlIiwic2V0dGluZ3MiOnsicG9zdF9pZCI6IjczIn19@\u00a0\u00bb button_text=\u00a0\u00bbcontactez-nous\u00a0\u00bb _builder_version=\u00a0\u00bb4.16&Prime; _dynamic_attributes=\u00a0\u00bbbutton_url\u00a0\u00bb _module_preset=\u00a0\u00bbdefault\u00a0\u00bb global_colors_info=\u00a0\u00bb{}\u00a0\u00bb][\/et_pb_button][\/et_pb_column][\/et_pb_row][\/et_pb_section]<\/p>\n","protected":false},"excerpt":{"rendered":"<p>One-stop shopLivraison ponctuellesIndependent technical adviceConnecteurs d&rsquo;alimentation compact Anderson Power\u2122Les prises Anderson Power\u2122 Power Drawer donnent \u00e0 nos clients plus de choix que jamais pour r\u00e9pondre \u00e0 leurs besoins en mati\u00e8re de connexion \u00e9lectrique. Ces connecteurs pour prendre du courant et des signaux sont fabriqu\u00e9s selon des normes de qualit\u00e9 tr\u00e8s \u00e9l\u00e9v\u00e9es. La s\u00e9rie &lsquo;drawer&rsquo; peut [&hellip;]<\/p>\n","protected":false},"author":1,"featured_media":0,"parent":4615,"menu_order":0,"comment_status":"closed","ping_status":"closed","template":"","meta":{"_et_pb_use_builder":"on","_et_pb_old_content":"","_et_gb_content_width":"","om_disable_all_campaigns":false,"inline_featured_image":false,"_monsterinsights_skip_tracking":false,"_monsterinsights_sitenote_active":false,"_monsterinsights_sitenote_note":"","_monsterinsights_sitenote_category":0,"_uf_show_specific_survey":0,"_uf_disable_surveys":false,"footnotes":""},"class_list":["post-4601","page","type-page","status-publish","hentry"],"yoast_head":"<!-- This site is optimized with the Yoast SEO plugin v27.4 - https:\/\/yoast.com\/product\/yoast-seo-wordpress\/ -->\n<title>Connecteurs d&#039;alimentation compact Anderson Power\u2122 - Vandapower<\/title>\n<meta name=\"description\" content=\"Les prises de courant d&#039;Anderson Power Products offrent \u00e0 nos clients plus de choix que jamais pour r\u00e9pondre \u00e0 leurs besoins en mati\u00e8re de connexion \u00e9lectrique. Ces connecteurs pour prendre du courant et des signaux sont fabriqu\u00e9s selon des normes de qualit\u00e9 tr\u00e8s \u00e9l\u00e9v\u00e9es. La s\u00e9rie de tiroirs peut \u00eatre utilis\u00e9e pour une large gamme d&#039;applications de type tiroir telles que les redresseurs, les ordinateurs centraux, les t\u00e9l\u00e9communications et les \u00e9quipements de r\u00e9seau. Il existe \u00e9galement la s\u00e9rie Powermod HP, tr\u00e8s facile \u00e0 utiliser et flexible, avec une protection IP20 et une protection tactile de la fiche femelle.\" \/>\n<meta name=\"robots\" content=\"index, follow, max-snippet:-1, max-image-preview:large, max-video-preview:-1\" \/>\n<link rel=\"canonical\" href=\"https:\/\/vandapower.com\/fr\/composants-de-batteries\/connecteurs\/connecteurs-dalimentation-compact-app\/\" \/>\n<meta property=\"og:locale\" content=\"fr_FR\" \/>\n<meta property=\"og:type\" content=\"article\" \/>\n<meta property=\"og:title\" content=\"Connecteurs d&#039;alimentation compact Anderson Power\u2122 - Vandapower\" \/>\n<meta property=\"og:description\" content=\"Les prises de courant d&#039;Anderson Power Products offrent \u00e0 nos clients plus de choix que jamais pour r\u00e9pondre \u00e0 leurs besoins en mati\u00e8re de connexion \u00e9lectrique. Ces connecteurs pour prendre du courant et des signaux sont fabriqu\u00e9s selon des normes de qualit\u00e9 tr\u00e8s \u00e9l\u00e9v\u00e9es. La s\u00e9rie de tiroirs peut \u00eatre utilis\u00e9e pour une large gamme d&#039;applications de type tiroir telles que les redresseurs, les ordinateurs centraux, les t\u00e9l\u00e9communications et les \u00e9quipements de r\u00e9seau. Il existe \u00e9galement la s\u00e9rie Powermod HP, tr\u00e8s facile \u00e0 utiliser et flexible, avec une protection IP20 et une protection tactile de la fiche femelle.\" \/>\n<meta property=\"og:url\" content=\"https:\/\/vandapower.com\/fr\/composants-de-batteries\/connecteurs\/connecteurs-dalimentation-compact-app\/\" \/>\n<meta property=\"og:site_name\" content=\"Vandapower | Components and Cable Assemblies for Industrial Batteries\" \/>\n<meta property=\"article:modified_time\" content=\"2023-06-13T09:11:45+00:00\" \/>\n<meta name=\"twitter:card\" content=\"summary_large_image\" \/>\n<meta name=\"twitter:label1\" content=\"Dur\u00e9e de lecture estim\u00e9e\" \/>\n\t<meta name=\"twitter:data1\" content=\"5 minutes\" \/>\n<script type=\"application\/ld+json\" class=\"yoast-schema-graph\">{\"@context\":\"https:\\\/\\\/schema.org\",\"@graph\":[{\"@type\":\"WebPage\",\"@id\":\"https:\\\/\\\/vandapower.com\\\/fr\\\/composants-de-batteries\\\/connecteurs\\\/connecteurs-dalimentation-compact-app\\\/\",\"url\":\"https:\\\/\\\/vandapower.com\\\/fr\\\/composants-de-batteries\\\/connecteurs\\\/connecteurs-dalimentation-compact-app\\\/\",\"name\":\"Connecteurs d'alimentation compact Anderson Power\u2122 - Vandapower\",\"isPartOf\":{\"@id\":\"https:\\\/\\\/vandapower.com\\\/be-nl\\\/#website\"},\"datePublished\":\"2021-10-19T08:04:05+00:00\",\"dateModified\":\"2023-06-13T09:11:45+00:00\",\"description\":\"Les prises de courant d'Anderson Power Products offrent \u00e0 nos clients plus de choix que jamais pour r\u00e9pondre \u00e0 leurs besoins en mati\u00e8re de connexion \u00e9lectrique. Ces connecteurs pour prendre du courant et des signaux sont fabriqu\u00e9s selon des normes de qualit\u00e9 tr\u00e8s \u00e9l\u00e9v\u00e9es. La s\u00e9rie de tiroirs peut \u00eatre utilis\u00e9e pour une large gamme d'applications de type tiroir telles que les redresseurs, les ordinateurs centraux, les t\u00e9l\u00e9communications et les \u00e9quipements de r\u00e9seau. Il existe \u00e9galement la s\u00e9rie Powermod HP, tr\u00e8s facile \u00e0 utiliser et flexible, avec une protection IP20 et une protection tactile de la fiche femelle.\",\"breadcrumb\":{\"@id\":\"https:\\\/\\\/vandapower.com\\\/fr\\\/composants-de-batteries\\\/connecteurs\\\/connecteurs-dalimentation-compact-app\\\/#breadcrumb\"},\"inLanguage\":\"fr-FR\",\"potentialAction\":[{\"@type\":\"ReadAction\",\"target\":[\"https:\\\/\\\/vandapower.com\\\/fr\\\/composants-de-batteries\\\/connecteurs\\\/connecteurs-dalimentation-compact-app\\\/\"]}]},{\"@type\":\"BreadcrumbList\",\"@id\":\"https:\\\/\\\/vandapower.com\\\/fr\\\/composants-de-batteries\\\/connecteurs\\\/connecteurs-dalimentation-compact-app\\\/#breadcrumb\",\"itemListElement\":[{\"@type\":\"ListItem\",\"position\":1,\"name\":\"Home\",\"item\":\"https:\\\/\\\/vandapower.com\\\/fr\\\/\"},{\"@type\":\"ListItem\",\"position\":2,\"name\":\"Produits\",\"item\":\"https:\\\/\\\/vandapower.com\\\/fr\\\/composants-de-batteries\\\/\"},{\"@type\":\"ListItem\",\"position\":3,\"name\":\"Connecteurs\",\"item\":\"https:\\\/\\\/vandapower.com\\\/fr\\\/composants-de-batteries\\\/connecteurs\\\/\"},{\"@type\":\"ListItem\",\"position\":4,\"name\":\"Connecteurs d&#8217;alimentation compact Anderson Power\u2122\"}]},{\"@type\":\"WebSite\",\"@id\":\"https:\\\/\\\/vandapower.com\\\/be-nl\\\/#website\",\"url\":\"https:\\\/\\\/vandapower.com\\\/be-nl\\\/\",\"name\":\"Vandapower | Components and Cable Assemblies for Industrial Batteries\",\"description\":\"Through our product knowledge, our buffer stock and our flexible organization, we can deliver your components for industrial batteries quickly and customized to your needs\",\"publisher\":{\"@id\":\"https:\\\/\\\/vandapower.com\\\/be-nl\\\/#organization\"},\"potentialAction\":[{\"@type\":\"SearchAction\",\"target\":{\"@type\":\"EntryPoint\",\"urlTemplate\":\"https:\\\/\\\/vandapower.com\\\/be-nl\\\/?s={search_term_string}\"},\"query-input\":{\"@type\":\"PropertyValueSpecification\",\"valueRequired\":true,\"valueName\":\"search_term_string\"}}],\"inLanguage\":\"fr-FR\"},{\"@type\":\"Organization\",\"@id\":\"https:\\\/\\\/vandapower.com\\\/be-nl\\\/#organization\",\"name\":\"Vandapower\",\"url\":\"https:\\\/\\\/vandapower.com\\\/be-nl\\\/\",\"logo\":{\"@type\":\"ImageObject\",\"inLanguage\":\"fr-FR\",\"@id\":\"https:\\\/\\\/vandapower.com\\\/be-nl\\\/#\\\/schema\\\/logo\\\/image\\\/\",\"url\":\"https:\\\/\\\/vandapower.eu\\\/wp-content\\\/uploads\\\/2021\\\/07\\\/logo-Vandapower-tagline.svg\",\"contentUrl\":\"https:\\\/\\\/vandapower.eu\\\/wp-content\\\/uploads\\\/2021\\\/07\\\/logo-Vandapower-tagline.svg\",\"width\":1321,\"height\":1088,\"caption\":\"Vandapower\"},\"image\":{\"@id\":\"https:\\\/\\\/vandapower.com\\\/be-nl\\\/#\\\/schema\\\/logo\\\/image\\\/\"}}]}<\/script>\n<!-- \/ Yoast SEO plugin. -->","yoast_head_json":{"title":"Connecteurs d'alimentation compact Anderson Power\u2122 - Vandapower","description":"Les prises de courant d'Anderson Power Products offrent \u00e0 nos clients plus de choix que jamais pour r\u00e9pondre \u00e0 leurs besoins en mati\u00e8re de connexion \u00e9lectrique. Ces connecteurs pour prendre du courant et des signaux sont fabriqu\u00e9s selon des normes de qualit\u00e9 tr\u00e8s \u00e9l\u00e9v\u00e9es. La s\u00e9rie de tiroirs peut \u00eatre utilis\u00e9e pour une large gamme d'applications de type tiroir telles que les redresseurs, les ordinateurs centraux, les t\u00e9l\u00e9communications et les \u00e9quipements de r\u00e9seau. Il existe \u00e9galement la s\u00e9rie Powermod HP, tr\u00e8s facile \u00e0 utiliser et flexible, avec une protection IP20 et une protection tactile de la fiche femelle.","robots":{"index":"index","follow":"follow","max-snippet":"max-snippet:-1","max-image-preview":"max-image-preview:large","max-video-preview":"max-video-preview:-1"},"canonical":"https:\/\/vandapower.com\/fr\/composants-de-batteries\/connecteurs\/connecteurs-dalimentation-compact-app\/","og_locale":"fr_FR","og_type":"article","og_title":"Connecteurs d'alimentation compact Anderson Power\u2122 - Vandapower","og_description":"Les prises de courant d'Anderson Power Products offrent \u00e0 nos clients plus de choix que jamais pour r\u00e9pondre \u00e0 leurs besoins en mati\u00e8re de connexion \u00e9lectrique. Ces connecteurs pour prendre du courant et des signaux sont fabriqu\u00e9s selon des normes de qualit\u00e9 tr\u00e8s \u00e9l\u00e9v\u00e9es. La s\u00e9rie de tiroirs peut \u00eatre utilis\u00e9e pour une large gamme d'applications de type tiroir telles que les redresseurs, les ordinateurs centraux, les t\u00e9l\u00e9communications et les \u00e9quipements de r\u00e9seau. Il existe \u00e9galement la s\u00e9rie Powermod HP, tr\u00e8s facile \u00e0 utiliser et flexible, avec une protection IP20 et une protection tactile de la fiche femelle.","og_url":"https:\/\/vandapower.com\/fr\/composants-de-batteries\/connecteurs\/connecteurs-dalimentation-compact-app\/","og_site_name":"Vandapower | Components and Cable Assemblies for Industrial Batteries","article_modified_time":"2023-06-13T09:11:45+00:00","twitter_card":"summary_large_image","twitter_misc":{"Dur\u00e9e de lecture estim\u00e9e":"5 minutes"},"schema":{"@context":"https:\/\/schema.org","@graph":[{"@type":"WebPage","@id":"https:\/\/vandapower.com\/fr\/composants-de-batteries\/connecteurs\/connecteurs-dalimentation-compact-app\/","url":"https:\/\/vandapower.com\/fr\/composants-de-batteries\/connecteurs\/connecteurs-dalimentation-compact-app\/","name":"Connecteurs d'alimentation compact Anderson Power\u2122 - Vandapower","isPartOf":{"@id":"https:\/\/vandapower.com\/be-nl\/#website"},"datePublished":"2021-10-19T08:04:05+00:00","dateModified":"2023-06-13T09:11:45+00:00","description":"Les prises de courant d'Anderson Power Products offrent \u00e0 nos clients plus de choix que jamais pour r\u00e9pondre \u00e0 leurs besoins en mati\u00e8re de connexion \u00e9lectrique. Ces connecteurs pour prendre du courant et des signaux sont fabriqu\u00e9s selon des normes de qualit\u00e9 tr\u00e8s \u00e9l\u00e9v\u00e9es. La s\u00e9rie de tiroirs peut \u00eatre utilis\u00e9e pour une large gamme d'applications de type tiroir telles que les redresseurs, les ordinateurs centraux, les t\u00e9l\u00e9communications et les \u00e9quipements de r\u00e9seau. Il existe \u00e9galement la s\u00e9rie Powermod HP, tr\u00e8s facile \u00e0 utiliser et flexible, avec une protection IP20 et une protection tactile de la fiche femelle.","breadcrumb":{"@id":"https:\/\/vandapower.com\/fr\/composants-de-batteries\/connecteurs\/connecteurs-dalimentation-compact-app\/#breadcrumb"},"inLanguage":"fr-FR","potentialAction":[{"@type":"ReadAction","target":["https:\/\/vandapower.com\/fr\/composants-de-batteries\/connecteurs\/connecteurs-dalimentation-compact-app\/"]}]},{"@type":"BreadcrumbList","@id":"https:\/\/vandapower.com\/fr\/composants-de-batteries\/connecteurs\/connecteurs-dalimentation-compact-app\/#breadcrumb","itemListElement":[{"@type":"ListItem","position":1,"name":"Home","item":"https:\/\/vandapower.com\/fr\/"},{"@type":"ListItem","position":2,"name":"Produits","item":"https:\/\/vandapower.com\/fr\/composants-de-batteries\/"},{"@type":"ListItem","position":3,"name":"Connecteurs","item":"https:\/\/vandapower.com\/fr\/composants-de-batteries\/connecteurs\/"},{"@type":"ListItem","position":4,"name":"Connecteurs d&#8217;alimentation compact Anderson Power\u2122"}]},{"@type":"WebSite","@id":"https:\/\/vandapower.com\/be-nl\/#website","url":"https:\/\/vandapower.com\/be-nl\/","name":"Vandapower | Components and Cable Assemblies for Industrial Batteries","description":"Through our product knowledge, our buffer stock and our flexible organization, we can deliver your components for industrial batteries quickly and customized to your needs","publisher":{"@id":"https:\/\/vandapower.com\/be-nl\/#organization"},"potentialAction":[{"@type":"SearchAction","target":{"@type":"EntryPoint","urlTemplate":"https:\/\/vandapower.com\/be-nl\/?s={search_term_string}"},"query-input":{"@type":"PropertyValueSpecification","valueRequired":true,"valueName":"search_term_string"}}],"inLanguage":"fr-FR"},{"@type":"Organization","@id":"https:\/\/vandapower.com\/be-nl\/#organization","name":"Vandapower","url":"https:\/\/vandapower.com\/be-nl\/","logo":{"@type":"ImageObject","inLanguage":"fr-FR","@id":"https:\/\/vandapower.com\/be-nl\/#\/schema\/logo\/image\/","url":"https:\/\/vandapower.eu\/wp-content\/uploads\/2021\/07\/logo-Vandapower-tagline.svg","contentUrl":"https:\/\/vandapower.eu\/wp-content\/uploads\/2021\/07\/logo-Vandapower-tagline.svg","width":1321,"height":1088,"caption":"Vandapower"},"image":{"@id":"https:\/\/vandapower.com\/be-nl\/#\/schema\/logo\/image\/"}}]}},"_links":{"self":[{"href":"https:\/\/vandapower.com\/fr\/wp-json\/wp\/v2\/pages\/4601","targetHints":{"allow":["GET"]}}],"collection":[{"href":"https:\/\/vandapower.com\/fr\/wp-json\/wp\/v2\/pages"}],"about":[{"href":"https:\/\/vandapower.com\/fr\/wp-json\/wp\/v2\/types\/page"}],"author":[{"embeddable":true,"href":"https:\/\/vandapower.com\/fr\/wp-json\/wp\/v2\/users\/1"}],"replies":[{"embeddable":true,"href":"https:\/\/vandapower.com\/fr\/wp-json\/wp\/v2\/comments?post=4601"}],"version-history":[{"count":18,"href":"https:\/\/vandapower.com\/fr\/wp-json\/wp\/v2\/pages\/4601\/revisions"}],"predecessor-version":[{"id":20722,"href":"https:\/\/vandapower.com\/fr\/wp-json\/wp\/v2\/pages\/4601\/revisions\/20722"}],"up":[{"embeddable":true,"href":"https:\/\/vandapower.com\/fr\/wp-json\/wp\/v2\/pages\/4615"}],"wp:attachment":[{"href":"https:\/\/vandapower.com\/fr\/wp-json\/wp\/v2\/media?parent=4601"}],"curies":[{"name":"wp","href":"https:\/\/api.w.org\/{rel}","templated":true}]}}