{"id":4528,"date":"2021-10-18T18:44:26","date_gmt":"2021-10-18T18:44:26","guid":{"rendered":"https:\/\/vandapower.eu\/expert-technique-et-produit\/"},"modified":"2021-11-05T08:20:48","modified_gmt":"2021-11-05T08:20:48","slug":"expert-technique-et-produit","status":"publish","type":"page","link":"https:\/\/vandapower.com\/fr\/jobs\/expert-technique-et-produit\/","title":{"rendered":"Expert technique et produit"},"content":{"rendered":"<p>[et_pb_section fb_built=\u00a0\u00bb1&Prime; _builder_version=\u00a0\u00bb4.9.7&Prime; _module_preset=\u00a0\u00bbdefault\u00a0\u00bb custom_padding=\u00a0\u00bb0px||0px||true|false\u00a0\u00bb][et_pb_row module_class=\u00a0\u00bbusp-header\u00a0\u00bb _builder_version=\u00a0\u00bb4.9.7&Prime; _module_preset=\u00a0\u00bbdefault\u00a0\u00bb custom_padding=\u00a0\u00bb||0px||false|false\u00a0\u00bb global_module=\u00a0\u00bb2256&Prime; saved_tabs=\u00a0\u00bball\u00a0\u00bb][et_pb_column type=\u00a0\u00bb4_4&Prime; _builder_version=\u00a0\u00bb4.9.7&Prime; _module_preset=\u00a0\u00bbdefault\u00a0\u00bb][et_pb_blurb image=\u00a0\u00bbhttps:\/\/vandapower.eu\/wp-content\/uploads\/\/2021\/07\/One-stop-Shop.svg\u00a0\u00bb icon_placement=\u00a0\u00bbleft\u00a0\u00bb image_max_width=\u00a0\u00bb20px\u00a0\u00bb _builder_version=\u00a0\u00bb4.9.7&Prime; _module_preset=\u00a0\u00bbdefault\u00a0\u00bb body_font_size=\u00a0\u00bb14px\u00a0\u00bb body_line_height=\u00a0\u00bb1.4em\u00a0\u00bb width=\u00a0\u00bb13%\u00a0\u00bb width_tablet=\u00a0\u00bb30%\u00a0\u00bb width_phone=\u00a0\u00bb100%\u00a0\u00bb width_last_edited=\u00a0\u00bbon|phone\u00a0\u00bb custom_margin=\u00a0\u00bb0px||10px||false|false\u00a0\u00bb custom_padding=\u00a0\u00bb||0px|0px|false|false\u00a0\u00bb link_option_url=\u00a0\u00bbhttps:\/\/vandapower.eu\/fr\/pourquoi-vandapower\/#onestop\u00a0\u00bb custom_css_main_element=\u00a0\u00bbdisplay: inline-block;||\u00a0\u00bb content__hover_enabled=\u00a0\u00bbon|hover\u00a0\u00bb content__hover=\u00a0\u00bb<\/p>\n<p><span style=%22text-decoration: underline;%22><span class=%22red%22>One-stop<\/span> shop<\/span><\/p>\n<p>\u00ab\u00a0]<\/p>\n<p><span class=\"red\">One-stop<\/span> shop<\/p>\n<p>[\/et_pb_blurb][et_pb_blurb image=\u00a0\u00bbhttps:\/\/vandapower.eu\/wp-content\/uploads\/\/2021\/07\/On-time-Delivery.svg\u00a0\u00bb icon_placement=\u00a0\u00bbleft\u00a0\u00bb image_max_width=\u00a0\u00bb20px\u00a0\u00bb _builder_version=\u00a0\u00bb4.9.7&Prime; _module_preset=\u00a0\u00bbdefault\u00a0\u00bb body_font_size=\u00a0\u00bb14px\u00a0\u00bb body_line_height=\u00a0\u00bb1.4em\u00a0\u00bb width=\u00a0\u00bb13%\u00a0\u00bb width_tablet=\u00a0\u00bb30%\u00a0\u00bb width_phone=\u00a0\u00bb100%\u00a0\u00bb width_last_edited=\u00a0\u00bbon|phone\u00a0\u00bb custom_margin=\u00a0\u00bb0px||10px||false|false\u00a0\u00bb custom_padding=\u00a0\u00bb||0px|0px|false|false\u00a0\u00bb link_option_url=\u00a0\u00bbhttps:\/\/vandapower.eu\/fr\/pourquoi-vandapower\/#ontime\u00a0\u00bb custom_css_main_element=\u00a0\u00bbdisplay: inline-block;\u00a0\u00bb content__hover_enabled=\u00a0\u00bbon|hover\u00a0\u00bb content__hover=\u00a0\u00bb<\/p>\n<p><span style=%22text-decoration: underline;%22><span class=%22red%22>Tijdige<\/span> levering<\/span><\/p>\n<p>\u00ab\u00a0]<\/p>\n<p><span class=\"red\">Livraison<\/span>ponctuelle<\/p>\n<p>[\/et_pb_blurb][et_pb_blurb image=\u00a0\u00bbhttps:\/\/vandapower.eu\/wp-content\/uploads\/\/2021\/07\/Independent-Technical-Advice.svg\u00a0\u00bb icon_placement=\u00a0\u00bbleft\u00a0\u00bb image_max_width=\u00a0\u00bb18px\u00a0\u00bb _builder_version=\u00a0\u00bb4.9.7&Prime; _module_preset=\u00a0\u00bbdefault\u00a0\u00bb body_font_size=\u00a0\u00bb14px\u00a0\u00bb body_line_height=\u00a0\u00bb2em\u00a0\u00bb width=\u00a0\u00bb25%\u00a0\u00bb width_tablet=\u00a0\u00bb39%\u00a0\u00bb width_phone=\u00a0\u00bb100%\u00a0\u00bb width_last_edited=\u00a0\u00bbon|phone\u00a0\u00bb custom_margin=\u00a0\u00bb||5px||false|false\u00a0\u00bb custom_padding=\u00a0\u00bb||0px|0px|false|false\u00a0\u00bb link_option_url=\u00a0\u00bbhttps:\/\/vandapower.eu\/fr\/pourquoi-vandapower\/#independent\u00a0\u00bb custom_css_main_element=\u00a0\u00bbdisplay: inline-block;\u00a0\u00bb content__hover_enabled=\u00a0\u00bbon|hover\u00a0\u00bb content__hover=\u00a0\u00bb<\/p>\n<p><span style=%22text-decoration: underline;%22>Onafhankelijk <span class=%22red%22>technisch advies<\/span><\/span><\/p>\n<p>\u00ab\u00a0]<\/p>\n<p><span class=\"red\">Conseil technique<\/span>ind\u00e9pendant<\/p>\n<p>[\/et_pb_blurb][\/et_pb_column][\/et_pb_row][et_pb_row _builder_version=\u00a0\u00bb4.9.7&Prime; _module_preset=\u00a0\u00bbdefault\u00a0\u00bb custom_margin=\u00a0\u00bb0px||||false|false\u00a0\u00bb custom_padding=\u00a0\u00bb0px||0px||true|false\u00a0\u00bb][et_pb_column type=\u00a0\u00bb4_4&Prime; _builder_version=\u00a0\u00bb4.9.7&Prime; _module_preset=\u00a0\u00bbdefault\u00a0\u00bb][et_pb_code _builder_version=\u00a0\u00bb4.9.7&Prime; _module_preset=\u00a0\u00bbdefault\u00a0\u00bb custom_margin=\u00a0\u00bb15px||0px||false|false\u00a0\u00bb]<span><span><a href=\"https:\/\/vandapower.com\/fr\/\">Home<\/a><\/span><\/span>[\/et_pb_code][\/et_pb_column][\/et_pb_row][\/et_pb_section][et_pb_section fb_built=\u00a0\u00bb1&Prime; _builder_version=\u00a0\u00bb4.9.7&Prime; _module_preset=\u00a0\u00bbdefault\u00a0\u00bb custom_padding=\u00a0\u00bb0px||0px||false|false\u00a0\u00bb][et_pb_row _builder_version=\u00a0\u00bb4.9.7&Prime; _module_preset=\u00a0\u00bbdefault\u00a0\u00bb][et_pb_column type=\u00a0\u00bb4_4&Prime; _builder_version=\u00a0\u00bb4.9.7&Prime; _module_preset=\u00a0\u00bbdefault\u00a0\u00bb][et_pb_text _builder_version=\u00a0\u00bb4.9.7&Prime; _module_preset=\u00a0\u00bbdefault\u00a0\u00bb hover_enabled=\u00a0\u00bb0&Prime; sticky_enabled=\u00a0\u00bb0&Prime;]<\/p>\n<h1>Expert technique et produit<\/h1>\n<p>[\/et_pb_text][et_pb_image src=\u00a0\u00bbhttps:\/\/vandapower.eu\/wp-content\/uploads\/2021\/07\/top-vacature.jpg\u00a0\u00bb _builder_version=\u00a0\u00bb4.9.7&Prime; _module_preset=\u00a0\u00bbdefault\u00a0\u00bb title_text=\u00a0\u00bbpremier poste vacant\u00a0\u00bb hover_enabled=\u00a0\u00bb0&Prime; sticky_enabled=\u00a0\u00bb0&Prime;][\/et_pb_image][et_pb_text _builder_version=\u00a0\u00bb4.9.7&Prime; _module_preset=\u00a0\u00bbdefault\u00a0\u00bb custom_margin=\u00a0\u00bb||2px||false|false\u00a0\u00bb hover_enabled=\u00a0\u00bb0&Prime; sticky_enabled=\u00a0\u00bb0&Prime;]<\/p>\n<p><strong>Qui est Vandapower?<\/strong><\/p>\n<p><strong><span>Vandapower<\/span><\/strong>est une entreprise en pleine croissance. Elle est leader sur le march\u00e9 de niche de la distribution de composants pour les batteries industrielles et plusieurs autres march\u00e9s. Nos clients sont aussi bien des PME ind\u00e9pendantes que des multinationales. Gr\u00e2ce \u00e0 nos op\u00e9rations \u00e0 Oosterzele, en Belgique, et \u00e0 Austin, au Texas, nous servons des clients dans le monde entier.<\/p>\n<p>Nous nous effor\u00e7ons d&rsquo;asseoir notre position de leader sur de nouveaux march\u00e9s et r\u00e9gions. Cela est rendu possible par la combinaison de nos valeurs claires, de personnes talentueuses, d&rsquo;une organisation agile et d&rsquo;une attention particuli\u00e8re \u00e0 l&rsquo;intimit\u00e9 avec le client, \u00e0 la connaissance du march\u00e9 et \u00e0 la qualit\u00e9 du service.<\/p>\n<p><strong>Qui recherchons-nous?<\/strong><\/p>\n<p>Nous recherchons <span>un<\/span><strong><span>expert technique<\/span><\/strong> et produit \u00e0 Oosterzele pour soutenir notre expansion en Europe, plus particuli\u00e8rement sur le march\u00e9 des composants pour l&rsquo;e-mobilit\u00e9.<\/p>\n<p>En tant qu&rsquo;expert technique et produit, vous deviendrez l&rsquo;autorit\u00e9 technique en mati\u00e8re de composants d&rsquo;e-mobilit\u00e9, notamment les contr\u00f4leurs d&rsquo;\u00e9lectromoteurs, les \u00e9lectromoteurs, les interrupteurs et les pi\u00e8ces connexes.<\/p>\n<p><span>Vos <\/span><strong>responsabilit\u00e9s<\/strong><span>comprennent:<\/span><\/p>\n<p><strong>Assistance technique<\/strong><\/p>\n<ul>\n<li>Fournir des informations et des conseils techniques et relatifs aux produits aux clients internes et externes, selon les besoins.<\/li>\n<li>Aidez les clients \u00e0 concevoir et \u00e0 valider des solutions de transmission impliquant nos lignes de produits.<\/li>\n<li>Former les coll\u00e8gues afin qu&rsquo;ils soient autonomes dans la mesure du possible.<\/li>\n<li>G\u00e9rer et ex\u00e9cuter de petits projets de R&amp;D.<\/li>\n<\/ul>\n<p><strong>Gestion du portefeuille de produits et d\u00e9veloppement de produits<\/strong><\/p>\n<ul>\n<li>En tant que membre de l&rsquo;\u00e9quipe mondiale de gestion des produits, vous sp\u00e9cifiez, recherchez et embarquez de nouveaux produits en accord avec la strat\u00e9gie de l&rsquo;entreprise.<\/li>\n<li>Valider les nouveaux produits, les cr\u00e9er dans le syst\u00e8me ERP et s&rsquo;assurer qu&rsquo;ils sont vendables.<\/li>\n<li>Fournir la documentation et le mat\u00e9riel de formation internes et externes n\u00e9cessaires.<\/li>\n<li>D\u00e9finir des assemblages ou des configurations sur mesure et garantir la conformit\u00e9 aux exigences du client. Fournir des directives de production claires, une formation et une communication proactive \u00e0 l&rsquo;\u00e9quipe de production. <\/li>\n<\/ul>\n<p><strong>Gestion de la qualit\u00e9 des produits<\/strong><\/p>\n<ul>\n<li>Analyser tout probl\u00e8me ou question concernant la qualit\u00e9 des produits.<\/li>\n<li>R\u00e9aliser des tests de validation des produits, tant pour les nouveaux produits que pour les m\u00e9thodes d&rsquo;assemblage.<\/li>\n<li>Fournir des donn\u00e9es pour les rapports 8D des clients.<\/li>\n<\/ul>\n<p><strong>\u00cates-vous la bonne personne?<\/strong><\/p>\n<ul>\n<li>Vous avez un dipl\u00f4me en<span> <\/span><strong>ing\u00e9nierie<\/strong><span> <\/span>ou similaire par exp\u00e9rience. Vous avez une exp\u00e9rience technique en mati\u00e8re d&rsquo;e-mobilit\u00e9, d&rsquo;\u00e9lectromoteurs et\/ou de solutions de transmission. Vous parlez couramment<span> <\/span><strong>Anglais<\/strong><span> <\/span>et vous avez, de pr\u00e9f\u00e9rence, des connaissances (de base) en mati\u00e8re de<span> <\/span><strong>N\u00e9erlandais.<\/strong><\/li>\n<li>Vous \u00eates<span> <\/span><strong><span>ax\u00e9e sur les solutions<\/span><\/strong> et<span> <\/span><strong>analytique<\/strong>. Vous pouvez comprendre et expliquer des offres techniques et de services complexes. Vous travaillez avec pr\u00e9cision. Vous pouvez<span> <\/span><strong>penser de mani\u00e8re commerciale<\/strong><span> <\/span>et travailler avec les clients. Vous vous y connaissez en informatique.<\/li>\n<li>Vous \u00eates<span> <\/span><strong>entreprenant<\/strong>, apprenant rapidement et tenace. Vous \u00eates tourn\u00e9 vers l&rsquo;avenir et ne cessez de prendre des initiatives pour favoriser la r\u00e9ussite. Vous avez des ant\u00e9c\u00e9dents en mati\u00e8re de<span> <\/span><strong>la surperformance.<\/strong> Vous avez une vraie mentalit\u00e9 pratique.<\/li>\n<li>Vous \u00eates sup\u00e9rieur<span> <\/span><strong>communication<\/strong><span> <\/span>des comp\u00e9tences et une int\u00e9grit\u00e9 sans faille. Nos valeurs de franchise, de respect, de fiabilit\u00e9 et de recherche de l&rsquo;excellence sont \u00e9videntes pour vous. Vous acceptez le retour d&rsquo;information et vous apprenez de vos erreurs.<\/li>\n<\/ul>\n<p><strong>Que proposons-nous?<\/strong><\/p>\n<ul>\n<li>Nous vous offrons un r\u00f4le cl\u00e9 dans une<span> <\/span><strong>entreprise internationale \u00e0 croissance rapide et passionnante.<\/strong> Nous offrons un<span> <\/span><strong><span>un emploi \u00e0 temps<\/span><\/strong> plein.<\/li>\n<li>Vous rejoignez un<span> <\/span>une \u00e9quipe <strong><span>dynamique<\/span><\/strong>de personnes passionn\u00e9es, o\u00f9<span> <\/span><strong>travail d&rsquo;\u00e9quipe<\/strong><span> <\/span>et<span> <\/span><strong><span>la volont\u00e9 d&rsquo;excellence<\/span><\/strong> sont des facteurs d\u00e9terminants. Vous voyagez occasionnellement.<\/li>\n<li>Nous offrons un <strong><span>salaire<\/span><\/strong><span>comp\u00e9titif<\/span>avec une composante importante bas\u00e9e sur les r\u00e9sultats<strong>,<\/strong> <span>une<\/span>atmosph\u00e8re agr\u00e9able et de nombreuses possibilit\u00e9s de <strong><span>d\u00e9veloppement<\/span><span>personnel<\/span><\/strong>dans une entreprise en \u00e9volution rapide avec une culture et une vision fortes.<\/li>\n<\/ul>\n<p><strong>\u00cates-vous int\u00e9ress\u00e9?<\/strong><\/p>\n<p>Vous sentez-vous<span> <\/span><strong><span>La lecture<\/span><\/strong> decette description de poste vous a donn\u00e9 de l&rsquo;\u00e9nergie ? Pensez-vous que nous pouvons \u00eatre votre prochaine prise de connaissance et d&rsquo;exp\u00e9rience ? Envoyez votre CV et votre motivation \u00e0<span> <\/span><a href=\"mailto:jobs@vandapower.com\">jobs@vandapower.com<\/a><span> <\/span>\u00e0 l&rsquo;attention d&rsquo;Audrey Van De Velde.<\/p>\n<p>[\/et_pb_text][\/et_pb_column][\/et_pb_row][et_pb_row _builder_version=\u00a0\u00bb4.9.7&Prime; _module_preset=\u00a0\u00bbdefault\u00a0\u00bb][et_pb_column _builder_version=\u00a0\u00bb4.9.7&Prime; _module_preset=\u00a0\u00bbdefault\u00a0\u00bb type=\u00a0\u00bb4_4&Prime;][et_pb_image src=\u00a0\u00bbhttps:\/\/vandapower.eu\/wp-content\/uploads\/2021\/07\/bottom-vacature.jpg\u00a0\u00bb _builder_version=\u00a0\u00bb4.9.7&Prime; _module_preset=\u00a0\u00bbdefault\u00a0\u00bb title_text=\u00a0\u00bbvacance du fond\u00a0\u00bb hover_enabled=\u00a0\u00bb0&Prime; sticky_enabled=\u00a0\u00bb0&Prime;][\/et_pb_image][\/et_pb_column][\/et_pb_row][\/et_pb_section]<\/p>\n","protected":false},"excerpt":{"rendered":"<p>One-stop shopLivraisonponctuelleConseil techniqueind\u00e9pendant<span><span><a href=\"https:\/\/vandapower.com\/fr\/\">Home<\/a><\/span><\/span>Expert technique et produitQui est Vandapower? Vandapowerest une entreprise en pleine croissance. Elle est leader sur le march\u00e9 de niche de la distribution de composants pour les batteries industrielles et plusieurs autres march\u00e9s. Nos clients sont aussi bien des PME ind\u00e9pendantes que des multinationales. Gr\u00e2ce \u00e0 nos op\u00e9rations \u00e0 Oosterzele, en Belgique, et [&hellip;]<\/p>\n","protected":false},"author":1,"featured_media":0,"parent":7130,"menu_order":0,"comment_status":"closed","ping_status":"closed","template":"","meta":{"_et_pb_use_builder":"on","_et_pb_old_content":"","_et_gb_content_width":"","om_disable_all_campaigns":false,"inline_featured_image":false,"_monsterinsights_skip_tracking":false,"_monsterinsights_sitenote_active":false,"_monsterinsights_sitenote_note":"","_monsterinsights_sitenote_category":0,"_uf_show_specific_survey":0,"_uf_disable_surveys":false,"footnotes":""},"class_list":["post-4528","page","type-page","status-publish","hentry"],"yoast_head":"<!-- This site is optimized with the Yoast SEO plugin v27.4 - https:\/\/yoast.com\/product\/yoast-seo-wordpress\/ -->\n<title>Expert technique et produit - Vandapower | Components and Cable Assemblies for Industrial Batteries<\/title>\n<meta name=\"robots\" content=\"index, follow, max-snippet:-1, max-image-preview:large, max-video-preview:-1\" \/>\n<link rel=\"canonical\" href=\"https:\/\/vandapower.com\/fr\/jobs\/expert-technique-et-produit\/\" \/>\n<meta property=\"og:locale\" content=\"fr_FR\" \/>\n<meta property=\"og:type\" content=\"article\" \/>\n<meta property=\"og:title\" content=\"Expert technique et produit - Vandapower | Components and Cable Assemblies for Industrial Batteries\" \/>\n<meta property=\"og:description\" content=\"One-stop shopLivraisonponctuelleConseil techniqueind\u00e9pendantExpert technique et produitQui est Vandapower? Vandapowerest une entreprise en pleine croissance. Elle est leader sur le march\u00e9 de niche de la distribution de composants pour les batteries industrielles et plusieurs autres march\u00e9s. Nos clients sont aussi bien des PME ind\u00e9pendantes que des multinationales. Gr\u00e2ce \u00e0 nos op\u00e9rations \u00e0 Oosterzele, en Belgique, et [&hellip;]\" \/>\n<meta property=\"og:url\" content=\"https:\/\/vandapower.com\/fr\/jobs\/expert-technique-et-produit\/\" \/>\n<meta property=\"og:site_name\" content=\"Vandapower | Components and Cable Assemblies for Industrial Batteries\" \/>\n<meta property=\"article:modified_time\" content=\"2021-11-05T08:20:48+00:00\" \/>\n<meta name=\"twitter:card\" content=\"summary_large_image\" \/>\n<meta name=\"twitter:label1\" content=\"Dur\u00e9e de lecture estim\u00e9e\" \/>\n\t<meta name=\"twitter:data1\" content=\"6 minutes\" \/>\n<script type=\"application\/ld+json\" class=\"yoast-schema-graph\">{\"@context\":\"https:\\\/\\\/schema.org\",\"@graph\":[{\"@type\":\"WebPage\",\"@id\":\"https:\\\/\\\/vandapower.com\\\/fr\\\/jobs\\\/expert-technique-et-produit\\\/\",\"url\":\"https:\\\/\\\/vandapower.com\\\/fr\\\/jobs\\\/expert-technique-et-produit\\\/\",\"name\":\"Expert technique et produit - Vandapower | Components and Cable Assemblies for Industrial Batteries\",\"isPartOf\":{\"@id\":\"https:\\\/\\\/vandapower.com\\\/be-nl\\\/#website\"},\"datePublished\":\"2021-10-18T18:44:26+00:00\",\"dateModified\":\"2021-11-05T08:20:48+00:00\",\"breadcrumb\":{\"@id\":\"https:\\\/\\\/vandapower.com\\\/fr\\\/jobs\\\/expert-technique-et-produit\\\/#breadcrumb\"},\"inLanguage\":\"fr-FR\",\"potentialAction\":[{\"@type\":\"ReadAction\",\"target\":[\"https:\\\/\\\/vandapower.com\\\/fr\\\/jobs\\\/expert-technique-et-produit\\\/\"]}]},{\"@type\":\"BreadcrumbList\",\"@id\":\"https:\\\/\\\/vandapower.com\\\/fr\\\/jobs\\\/expert-technique-et-produit\\\/#breadcrumb\",\"itemListElement\":[{\"@type\":\"ListItem\",\"position\":1,\"name\":\"Home\",\"item\":\"https:\\\/\\\/vandapower.com\\\/fr\\\/\"},{\"@type\":\"ListItem\",\"position\":2,\"name\":\"Jobs\",\"item\":\"https:\\\/\\\/vandapower.com\\\/fr\\\/jobs\\\/\"},{\"@type\":\"ListItem\",\"position\":3,\"name\":\"Expert technique et produit\"}]},{\"@type\":\"WebSite\",\"@id\":\"https:\\\/\\\/vandapower.com\\\/be-nl\\\/#website\",\"url\":\"https:\\\/\\\/vandapower.com\\\/be-nl\\\/\",\"name\":\"Vandapower | Components and Cable Assemblies for Industrial Batteries\",\"description\":\"Through our product knowledge, our buffer stock and our flexible organization, we can deliver your components for industrial batteries quickly and customized to your needs\",\"publisher\":{\"@id\":\"https:\\\/\\\/vandapower.com\\\/be-nl\\\/#organization\"},\"potentialAction\":[{\"@type\":\"SearchAction\",\"target\":{\"@type\":\"EntryPoint\",\"urlTemplate\":\"https:\\\/\\\/vandapower.com\\\/be-nl\\\/?s={search_term_string}\"},\"query-input\":{\"@type\":\"PropertyValueSpecification\",\"valueRequired\":true,\"valueName\":\"search_term_string\"}}],\"inLanguage\":\"fr-FR\"},{\"@type\":\"Organization\",\"@id\":\"https:\\\/\\\/vandapower.com\\\/be-nl\\\/#organization\",\"name\":\"Vandapower\",\"url\":\"https:\\\/\\\/vandapower.com\\\/be-nl\\\/\",\"logo\":{\"@type\":\"ImageObject\",\"inLanguage\":\"fr-FR\",\"@id\":\"https:\\\/\\\/vandapower.com\\\/be-nl\\\/#\\\/schema\\\/logo\\\/image\\\/\",\"url\":\"https:\\\/\\\/vandapower.eu\\\/wp-content\\\/uploads\\\/2021\\\/07\\\/logo-Vandapower-tagline.svg\",\"contentUrl\":\"https:\\\/\\\/vandapower.eu\\\/wp-content\\\/uploads\\\/2021\\\/07\\\/logo-Vandapower-tagline.svg\",\"width\":1321,\"height\":1088,\"caption\":\"Vandapower\"},\"image\":{\"@id\":\"https:\\\/\\\/vandapower.com\\\/be-nl\\\/#\\\/schema\\\/logo\\\/image\\\/\"}}]}<\/script>\n<!-- \/ Yoast SEO plugin. -->","yoast_head_json":{"title":"Expert technique et produit - Vandapower | Components and Cable Assemblies for Industrial Batteries","robots":{"index":"index","follow":"follow","max-snippet":"max-snippet:-1","max-image-preview":"max-image-preview:large","max-video-preview":"max-video-preview:-1"},"canonical":"https:\/\/vandapower.com\/fr\/jobs\/expert-technique-et-produit\/","og_locale":"fr_FR","og_type":"article","og_title":"Expert technique et produit - Vandapower | Components and Cable Assemblies for Industrial Batteries","og_description":"One-stop shopLivraisonponctuelleConseil techniqueind\u00e9pendantExpert technique et produitQui est Vandapower? Vandapowerest une entreprise en pleine croissance. Elle est leader sur le march\u00e9 de niche de la distribution de composants pour les batteries industrielles et plusieurs autres march\u00e9s. Nos clients sont aussi bien des PME ind\u00e9pendantes que des multinationales. Gr\u00e2ce \u00e0 nos op\u00e9rations \u00e0 Oosterzele, en Belgique, et [&hellip;]","og_url":"https:\/\/vandapower.com\/fr\/jobs\/expert-technique-et-produit\/","og_site_name":"Vandapower | Components and Cable Assemblies for Industrial Batteries","article_modified_time":"2021-11-05T08:20:48+00:00","twitter_card":"summary_large_image","twitter_misc":{"Dur\u00e9e de lecture estim\u00e9e":"6 minutes"},"schema":{"@context":"https:\/\/schema.org","@graph":[{"@type":"WebPage","@id":"https:\/\/vandapower.com\/fr\/jobs\/expert-technique-et-produit\/","url":"https:\/\/vandapower.com\/fr\/jobs\/expert-technique-et-produit\/","name":"Expert technique et produit - Vandapower | Components and Cable Assemblies for Industrial Batteries","isPartOf":{"@id":"https:\/\/vandapower.com\/be-nl\/#website"},"datePublished":"2021-10-18T18:44:26+00:00","dateModified":"2021-11-05T08:20:48+00:00","breadcrumb":{"@id":"https:\/\/vandapower.com\/fr\/jobs\/expert-technique-et-produit\/#breadcrumb"},"inLanguage":"fr-FR","potentialAction":[{"@type":"ReadAction","target":["https:\/\/vandapower.com\/fr\/jobs\/expert-technique-et-produit\/"]}]},{"@type":"BreadcrumbList","@id":"https:\/\/vandapower.com\/fr\/jobs\/expert-technique-et-produit\/#breadcrumb","itemListElement":[{"@type":"ListItem","position":1,"name":"Home","item":"https:\/\/vandapower.com\/fr\/"},{"@type":"ListItem","position":2,"name":"Jobs","item":"https:\/\/vandapower.com\/fr\/jobs\/"},{"@type":"ListItem","position":3,"name":"Expert technique et produit"}]},{"@type":"WebSite","@id":"https:\/\/vandapower.com\/be-nl\/#website","url":"https:\/\/vandapower.com\/be-nl\/","name":"Vandapower | Components and Cable Assemblies for Industrial Batteries","description":"Through our product knowledge, our buffer stock and our flexible organization, we can deliver your components for industrial batteries quickly and customized to your needs","publisher":{"@id":"https:\/\/vandapower.com\/be-nl\/#organization"},"potentialAction":[{"@type":"SearchAction","target":{"@type":"EntryPoint","urlTemplate":"https:\/\/vandapower.com\/be-nl\/?s={search_term_string}"},"query-input":{"@type":"PropertyValueSpecification","valueRequired":true,"valueName":"search_term_string"}}],"inLanguage":"fr-FR"},{"@type":"Organization","@id":"https:\/\/vandapower.com\/be-nl\/#organization","name":"Vandapower","url":"https:\/\/vandapower.com\/be-nl\/","logo":{"@type":"ImageObject","inLanguage":"fr-FR","@id":"https:\/\/vandapower.com\/be-nl\/#\/schema\/logo\/image\/","url":"https:\/\/vandapower.eu\/wp-content\/uploads\/2021\/07\/logo-Vandapower-tagline.svg","contentUrl":"https:\/\/vandapower.eu\/wp-content\/uploads\/2021\/07\/logo-Vandapower-tagline.svg","width":1321,"height":1088,"caption":"Vandapower"},"image":{"@id":"https:\/\/vandapower.com\/be-nl\/#\/schema\/logo\/image\/"}}]}},"_links":{"self":[{"href":"https:\/\/vandapower.com\/fr\/wp-json\/wp\/v2\/pages\/4528","targetHints":{"allow":["GET"]}}],"collection":[{"href":"https:\/\/vandapower.com\/fr\/wp-json\/wp\/v2\/pages"}],"about":[{"href":"https:\/\/vandapower.com\/fr\/wp-json\/wp\/v2\/types\/page"}],"author":[{"embeddable":true,"href":"https:\/\/vandapower.com\/fr\/wp-json\/wp\/v2\/users\/1"}],"replies":[{"embeddable":true,"href":"https:\/\/vandapower.com\/fr\/wp-json\/wp\/v2\/comments?post=4528"}],"version-history":[{"count":13,"href":"https:\/\/vandapower.com\/fr\/wp-json\/wp\/v2\/pages\/4528\/revisions"}],"predecessor-version":[{"id":6106,"href":"https:\/\/vandapower.com\/fr\/wp-json\/wp\/v2\/pages\/4528\/revisions\/6106"}],"up":[{"embeddable":true,"href":"https:\/\/vandapower.com\/fr\/wp-json\/wp\/v2\/pages\/7130"}],"wp:attachment":[{"href":"https:\/\/vandapower.com\/fr\/wp-json\/wp\/v2\/media?parent=4528"}],"curies":[{"name":"wp","href":"https:\/\/api.w.org\/{rel}","templated":true}]}}