{"id":4504,"date":"2021-10-18T10:33:37","date_gmt":"2021-10-18T10:33:37","guid":{"rendered":"https:\/\/vandapower.eu\/specialiste-en-programmation-informatique\/"},"modified":"2021-11-05T08:20:47","modified_gmt":"2021-11-05T08:20:47","slug":"specialiste-en-programmation-informatique","status":"publish","type":"page","link":"https:\/\/vandapower.com\/fr\/jobs\/specialiste-en-programmation-informatique\/","title":{"rendered":"Sp\u00e9cialiste en programmation informatique"},"content":{"rendered":"<p>[et_pb_section fb_built=\u00a0\u00bb1&Prime; _builder_version=\u00a0\u00bb4.9.7&Prime; _module_preset=\u00a0\u00bbdefault\u00a0\u00bb custom_padding=\u00a0\u00bb0px||0px||true|false\u00a0\u00bb][et_pb_row module_class=\u00a0\u00bbusp-header\u00a0\u00bb _builder_version=\u00a0\u00bb4.9.7&Prime; _module_preset=\u00a0\u00bbdefault\u00a0\u00bb custom_padding=\u00a0\u00bb||0px||false|false\u00a0\u00bb global_module=\u00a0\u00bb2256&Prime; saved_tabs=\u00a0\u00bball\u00a0\u00bb][et_pb_column type=\u00a0\u00bb4_4&Prime; _builder_version=\u00a0\u00bb4.9.7&Prime; _module_preset=\u00a0\u00bbdefault\u00a0\u00bb][et_pb_blurb image=\u00a0\u00bbhttps:\/\/vandapower.eu\/wp-content\/uploads\/\/2021\/07\/One-stop-Shop.svg\u00a0\u00bb icon_placement=\u00a0\u00bbleft\u00a0\u00bb image_max_width=\u00a0\u00bb20px\u00a0\u00bb _builder_version=\u00a0\u00bb4.9.7&Prime; _module_preset=\u00a0\u00bbdefault\u00a0\u00bb body_font_size=\u00a0\u00bb14px\u00a0\u00bb body_line_height=\u00a0\u00bb1.4em\u00a0\u00bb width=\u00a0\u00bb13%\u00a0\u00bb width_tablet=\u00a0\u00bb30%\u00a0\u00bb width_phone=\u00a0\u00bb100%\u00a0\u00bb width_last_edited=\u00a0\u00bbon|phone\u00a0\u00bb custom_margin=\u00a0\u00bb0px||10px||false|false\u00a0\u00bb custom_padding=\u00a0\u00bb||0px|0px|false|false\u00a0\u00bb link_option_url=\u00a0\u00bbhttps:\/\/vandapower.eu\/fr\/pourquoi-vandapower\/#onestop\u00a0\u00bb custom_css_main_element=\u00a0\u00bbdisplay: inline-block;||\u00a0\u00bb content__hover_enabled=\u00a0\u00bbon|hover\u00a0\u00bb content__hover=\u00a0\u00bb<\/p>\n<p><span style=%22text-decoration: underline;%22><span class=%22red%22>One-stop<\/span> shop<\/span><\/p>\n<p>\u00ab\u00a0]<\/p>\n<p><span class=\"red\">One-stop<\/span> shop<\/p>\n<p>[\/et_pb_blurb][et_pb_blurb image=\u00a0\u00bbhttps:\/\/vandapower.eu\/wp-content\/uploads\/\/2021\/07\/On-time-Delivery.svg\u00a0\u00bb icon_placement=\u00a0\u00bbleft\u00a0\u00bb image_max_width=\u00a0\u00bb20px\u00a0\u00bb _builder_version=\u00a0\u00bb4.9.7&Prime; _module_preset=\u00a0\u00bbdefault\u00a0\u00bb body_font_size=\u00a0\u00bb14px\u00a0\u00bb body_line_height=\u00a0\u00bb1.4em\u00a0\u00bb width=\u00a0\u00bb13%\u00a0\u00bb width_tablet=\u00a0\u00bb30%\u00a0\u00bb width_phone=\u00a0\u00bb100%\u00a0\u00bb width_last_edited=\u00a0\u00bbon|phone\u00a0\u00bb custom_margin=\u00a0\u00bb0px||10px||false|false\u00a0\u00bb custom_padding=\u00a0\u00bb||0px|0px|false|false\u00a0\u00bb link_option_url=\u00a0\u00bbhttps:\/\/vandapower.eu\/fr\/pourquoi-vandapower\/#ontime\u00a0\u00bb custom_css_main_element=\u00a0\u00bbdisplay: inline-block;\u00a0\u00bb content__hover_enabled=\u00a0\u00bbon|hover\u00a0\u00bb content__hover=\u00a0\u00bb<\/p>\n<p><span style=%22text-decoration: underline;%22><span class=%22red%22>Tijdige<\/span> levering<\/span><\/p>\n<p>\u00ab\u00a0]<\/p>\n<p><span class=\"red\">Livraison<\/span>ponctuelle<\/p>\n<p>[\/et_pb_blurb][et_pb_blurb image=\u00a0\u00bbhttps:\/\/vandapower.eu\/wp-content\/uploads\/\/2021\/07\/Independent-Technical-Advice.svg\u00a0\u00bb icon_placement=\u00a0\u00bbleft\u00a0\u00bb image_max_width=\u00a0\u00bb18px\u00a0\u00bb _builder_version=\u00a0\u00bb4.9.7&Prime; _module_preset=\u00a0\u00bbdefault\u00a0\u00bb body_font_size=\u00a0\u00bb14px\u00a0\u00bb body_line_height=\u00a0\u00bb2em\u00a0\u00bb width=\u00a0\u00bb25%\u00a0\u00bb width_tablet=\u00a0\u00bb39%\u00a0\u00bb width_phone=\u00a0\u00bb100%\u00a0\u00bb width_last_edited=\u00a0\u00bbon|phone\u00a0\u00bb custom_margin=\u00a0\u00bb||5px||false|false\u00a0\u00bb custom_padding=\u00a0\u00bb||0px|0px|false|false\u00a0\u00bb link_option_url=\u00a0\u00bbhttps:\/\/vandapower.eu\/fr\/pourquoi-vandapower\/#independent\u00a0\u00bb custom_css_main_element=\u00a0\u00bbdisplay: inline-block;\u00a0\u00bb content__hover_enabled=\u00a0\u00bbon|hover\u00a0\u00bb content__hover=\u00a0\u00bb<\/p>\n<p><span style=%22text-decoration: underline;%22>Onafhankelijk <span class=%22red%22>technisch advies<\/span><\/span><\/p>\n<p>\u00ab\u00a0]<\/p>\n<p><span class=\"red\">Conseil technique<\/span>ind\u00e9pendant<\/p>\n<p>[\/et_pb_blurb][\/et_pb_column][\/et_pb_row][et_pb_row _builder_version=\u00a0\u00bb4.9.7&Prime; _module_preset=\u00a0\u00bbdefault\u00a0\u00bb custom_margin=\u00a0\u00bb0px||||false|false\u00a0\u00bb custom_padding=\u00a0\u00bb0px||0px||true|false\u00a0\u00bb][et_pb_column type=\u00a0\u00bb4_4&Prime; _builder_version=\u00a0\u00bb4.9.7&Prime; _module_preset=\u00a0\u00bbdefault\u00a0\u00bb][et_pb_code _builder_version=\u00a0\u00bb4.9.7&Prime; _module_preset=\u00a0\u00bbdefault\u00a0\u00bb custom_margin=\u00a0\u00bb15px||0px||false|false\u00a0\u00bb]<span><span><a href=\"https:\/\/vandapower.com\/fr\/\">Home<\/a><\/span><\/span>[\/et_pb_code][\/et_pb_column][\/et_pb_row][\/et_pb_section][et_pb_section fb_built=\u00a0\u00bb1&Prime; _builder_version=\u00a0\u00bb4.9.7&Prime; _module_preset=\u00a0\u00bbdefault\u00a0\u00bb custom_padding=\u00a0\u00bb0px||0px||false|false\u00a0\u00bb][et_pb_row _builder_version=\u00a0\u00bb4.9.7&Prime; _module_preset=\u00a0\u00bbdefault\u00a0\u00bb][et_pb_column type=\u00a0\u00bb4_4&Prime; _builder_version=\u00a0\u00bb4.9.7&Prime; _module_preset=\u00a0\u00bbdefault\u00a0\u00bb][et_pb_text _builder_version=\u00a0\u00bb4.9.7&Prime; _module_preset=\u00a0\u00bbdefault\u00a0\u00bb hover_enabled=\u00a0\u00bb0&Prime; sticky_enabled=\u00a0\u00bb0&Prime;]<\/p>\n<h1>Sp\u00e9cialiste en programmation informatique<\/h1>\n<p>[\/et_pb_text][et_pb_image src=\u00a0\u00bbhttps:\/\/vandapower.eu\/wp-content\/uploads\/2021\/07\/top-vacature.jpg\u00a0\u00bb title_text=\u00a0\u00bbpremier poste vacant\u00a0\u00bb _builder_version=\u00a0\u00bb4.9.7&Prime; _module_preset=\u00a0\u00bbdefault\u00a0\u00bb][\/et_pb_image][et_pb_text _builder_version=\u00a0\u00bb4.9.7&Prime; _module_preset=\u00a0\u00bbdefault\u00a0\u00bb custom_margin=\u00a0\u00bb||2px||false|false\u00a0\u00bb hover_enabled=\u00a0\u00bb0&Prime; sticky_enabled=\u00a0\u00bb0&Prime;]<\/p>\n<p><strong>Qui est Vandapower?<\/strong><\/p>\n<p><strong><span>Vandapower<\/span><\/strong>est une entreprise en pleine croissance. Elle est le leader europ\u00e9en sur le march\u00e9 de niche de la distribution de composants pour batteries industrielles. Nos clients sont aussi bien des PME ind\u00e9pendantes que des multinationales. Gr\u00e2ce \u00e0 nos op\u00e9rations \u00e0 Oosterzele, en Belgique, et \u00e0 Austin, au Texas, nous servons des clients dans le monde entier.<\/p>\n<p>Nous nous effor\u00e7ons d&rsquo;asseoir notre position de leader sur de nouveaux march\u00e9s et r\u00e9gions. Cela est rendu possible par la combinaison d&rsquo;un fort esprit d&rsquo;\u00e9quipe, de personnes talentueuses, d&rsquo;une organisation agile et d&rsquo;une attention particuli\u00e8re port\u00e9e \u00e0 l&rsquo;intimit\u00e9 du client et \u00e0 la qualit\u00e9 du service.<\/p>\n<p><strong>Qui recherchons-nous?<\/strong><\/p>\n<p>Nous sommes \u00e0 la recherche d&rsquo;un<span> <\/span><strong>sp\u00e9cialiste<\/strong>de <strong>la programmation<\/strong><span> <\/span>qui est mordu par tout ce qui est li\u00e9 \u00e0<span> <\/span><strong>optimiser<\/strong><span> <\/span>l&rsquo;environnement de travail. Comme au sein de notre entreprise en pleine croissance, votre description de poste sera tr\u00e8s large, stimulante et diff\u00e9rente.<\/p>\n<p>Vos responsabilit\u00e9s comprennent :<\/p>\n<p><strong>R\u00f4le de programmation<\/strong><\/p>\n<ul>\n<li>D\u00e9veloppement de notre progiciel ERP<\/li>\n<li>D\u00e9veloppement du backend pour les sites web des entreprises<\/li>\n<li>\u00c9criture de logiciels performants et critiques en termes de temps \u00e0 utiliser dans l&rsquo;\u00e9co-syst\u00e8me Windows.<\/li>\n<li>Vous testez les programmes logiciels d\u00e9velopp\u00e9s et apportez des am\u00e9liorations si n\u00e9cessaire<\/li>\n<\/ul>\n<p><strong>R\u00f4le de sp\u00e9cialiste<\/strong><\/p>\n<p>Connaissance de :<\/p>\n<ul>\n<li>Script Java<\/li>\n<li>PHP<\/li>\n<li>SQL \/ Bases de donn\u00e9es<\/li>\n<li>Java\/C#<\/li>\n<li>XML<\/li>\n<\/ul>\n<p><strong>D\u00e9veloppement<\/strong><\/p>\n<ul>\n<li>Acqu\u00e9rir une compr\u00e9hension fondamentale de l&rsquo;activit\u00e9 et des services de Vandapower.<\/li>\n<li>\u00c9tablir une relation de travail \u00e9troite avec tous les membres de l&rsquo;\u00e9quipe concern\u00e9s.<\/li>\n<li>Chaque jour est une nouvelle occasion de travailler \u00e0 la gestion du changement pour faire \u00e9voluer l&rsquo;entreprise.<\/li>\n<li>La r\u00e9solution de probl\u00e8mes et la pens\u00e9e critique sont des comp\u00e9tences essentielles.<\/li>\n<li>Vous avez l&rsquo;esprit d&rsquo;\u00e9quipe et savez communiquer. Vous \u00eates flexible, tant dans vos r\u00e9flexions que dans vos actions.<\/li>\n<li>Vous \u00eates pr\u00e9cis, analytique, vous apprenez \u00e0 \u00e9laborer et \u00e0 rationaliser les processus et \u00e0 faire une \u00e9valuation critique des processus.<\/li>\n<li>Vous \u00eates capable de travailler de mani\u00e8re autonome et de g\u00e9rer un projet \u00ab\u00a0\u00e0 partir de z\u00e9ro\u00a0\u00bb.<\/li>\n<li>Vous tirez satisfaction de la recherche de solutions et trouvez une structure dans le chaos.<\/li>\n<\/ul>\n<p><strong>\u00cates-vous la bonne personne?<\/strong><\/p>\n<ul>\n<li>Vous parlez <span>couramment <\/span><strong><span>l&rsquo;anglais<\/span><\/strong>. D&rsquo;autreslangues sont un avantage.<\/li>\n<li>Baccalaur\u00e9at en TIC appliqu\u00e9es &#8211; d\u00e9veloppement d&rsquo;applications.<\/li>\n<li>En plus d&rsquo;une formation sup\u00e9rieure et pertinente (min. bachelor), vous avez d\u00e9j\u00e0 une exp\u00e9rience pertinente. <\/li>\n<li>Vous \u00eates<span> <\/span><strong><span>ax\u00e9s sur les solutions<\/span><\/strong> etdot\u00e9s d&rsquo;une<span> <\/span><strong><span>connaissance des personnes<\/span><\/strong> et<span> <\/span><strong>l&rsquo;intelligence \u00e9motionnelle.<\/strong> Vous avez r\u00e9ussi<span> <\/span><strong>exp\u00e9rience<\/strong><span> <\/span>dans l&rsquo;informatique, plus pr\u00e9cis\u00e9ment dans un r\u00f4le de programmation. Vous avez de l&rsquo;exp\u00e9rience dans l&rsquo;utilisation de diff\u00e9rents outils informatiques. <\/li>\n<li>Vous \u00eates<span> <\/span><strong><span>l&rsquo;esprit d&rsquo;entreprise<\/span><\/strong>, un<span> <\/span><strong>qui apprend vite, qui conna\u00eet la technologie et qui est tenace.<\/strong> Un vrai<span> <\/span><strong>constructeur.<span> <\/span><\/strong>Vous \u00eates<span> <\/span><strong><span>de penser \u00e0 l&rsquo;avenir<\/span><\/strong>et de ne jamais cesser de prendre des initiatives pour favoriser la r\u00e9ussite.<\/li>\n<li>Vous avez<span> <\/span><strong>des comp\u00e9tences sup\u00e9rieures<\/strong> en mati\u00e8re de communication. Nos valeurs de<span> <\/span><strong>Franc-parler, respect, fiabilit\u00e9, recherche de l&rsquo;excellence.<\/strong><span> <\/span>sont \u00e9videntes pour vous. Vous acceptez le feedback et le coaching tout au long d&rsquo;un chemin d&rsquo;apprentissage abrupt pour vous-m\u00eame et pour Vandapower. Vous apprenez de vos erreurs. Votre rapport direct est le responsable informatique.<\/li>\n<\/ul>\n<p><strong>Que proposons-nous?<\/strong><\/p>\n<ul>\n<li>Nous vous offrons un r\u00f4le cl\u00e9 dans une<span> <\/span><strong>entreprise internationale \u00e0 croissance rapide et passionnante.<\/strong> Nous offrons un<span> <\/span><strong><span>un emploi \u00e0 temps<\/span><\/strong> plein.<\/li>\n<li>Vous rejoignez <span>une <\/span>\u00e9quipe <strong><span>dynamique<\/span><\/strong>d&rsquo;environ 40 personnes passionn\u00e9es, <span>o\u00f9<\/span><strong>le travail d&rsquo;\u00e9quipe<\/strong> <span>et<\/span> <strong>la recherche de l&rsquo;excellence<\/strong> <span>sont <\/span><span>hautement<\/span>valoris\u00e9s.<\/li>\n<li>Nous offrons un <strong><span>salaire<\/span><\/strong><span>comp\u00e9titif<\/span>,une atmosph\u00e8re agr\u00e9able et denombreuses possibilit\u00e9s <span>d&rsquo;<\/span><strong><span>\u00e9panouissement personnel<\/span><\/strong> dans une entreprise qui \u00e9volue rapidement et qui poss\u00e8de une culture et une vision fortes.<\/li>\n<\/ul>\n<p><strong>\u00cates-vous int\u00e9ress\u00e9?<\/strong><\/p>\n<p>Vous sentez-vous<span> <\/span>la lecture de cette offre d&#8217;emploi vous a donn\u00e9 de <strong><span>l&rsquo;\u00e9nergie<\/span><\/strong>? Pensez-vous que nous pouvons \u00eatre votre prochaine prise pour charger la connaissance et le pouvoir ? Envoyez votre CV et votre motivation \u00e0<span> <\/span><a href=\"mailto:jobs@vandapower.com\">jobs@vandapower.com<\/a><span> <\/span>\u00e0 l&rsquo;attention d&rsquo;Audrey Van De Velde.<\/p>\n<p>[\/et_pb_text][\/et_pb_column][\/et_pb_row][et_pb_row _builder_version=\u00a0\u00bb4.9.7&Prime; _module_preset=\u00a0\u00bbdefault\u00a0\u00bb][et_pb_column type=\u00a0\u00bb4_4&Prime; _builder_version=\u00a0\u00bb4.9.7&Prime; _module_preset=\u00a0\u00bbdefault\u00a0\u00bb][et_pb_image src=\u00a0\u00bbhttps:\/\/vandapower.eu\/wp-content\/uploads\/2021\/07\/bottom-vacature.jpg\u00a0\u00bb title_text=\u00a0\u00bbvacance du fond\u00a0\u00bb _builder_version=\u00a0\u00bb4.9.7&Prime; _module_preset=\u00a0\u00bbdefault\u00a0\u00bb][\/et_pb_image][\/et_pb_column][\/et_pb_row][\/et_pb_section]<\/p>\n","protected":false},"excerpt":{"rendered":"<p>One-stop shopLivraisonponctuelleConseil techniqueind\u00e9pendant<span><span><a href=\"https:\/\/vandapower.com\/fr\/\">Home<\/a><\/span><\/span>Sp\u00e9cialiste en programmation informatiqueQui est Vandapower? Vandapowerest une entreprise en pleine croissance. Elle est le leader europ\u00e9en sur le march\u00e9 de niche de la distribution de composants pour batteries industrielles. Nos clients sont aussi bien des PME ind\u00e9pendantes que des multinationales. Gr\u00e2ce \u00e0 nos op\u00e9rations \u00e0 Oosterzele, en Belgique, et \u00e0 Austin, au [&hellip;]<\/p>\n","protected":false},"author":1,"featured_media":0,"parent":7130,"menu_order":0,"comment_status":"closed","ping_status":"closed","template":"","meta":{"_et_pb_use_builder":"on","_et_pb_old_content":"","_et_gb_content_width":"","om_disable_all_campaigns":false,"inline_featured_image":false,"_monsterinsights_skip_tracking":false,"_monsterinsights_sitenote_active":false,"_monsterinsights_sitenote_note":"","_monsterinsights_sitenote_category":0,"_uf_show_specific_survey":0,"_uf_disable_surveys":false,"footnotes":""},"class_list":["post-4504","page","type-page","status-publish","hentry"],"yoast_head":"<!-- This site is optimized with the Yoast SEO plugin v27.3 - https:\/\/yoast.com\/product\/yoast-seo-wordpress\/ -->\n<title>Sp\u00e9cialiste en programmation informatique - Vandapower | Components and Cable Assemblies for Industrial Batteries<\/title>\n<meta name=\"robots\" content=\"index, follow, max-snippet:-1, max-image-preview:large, max-video-preview:-1\" \/>\n<link rel=\"canonical\" href=\"https:\/\/vandapower.com\/fr\/jobs\/specialiste-en-programmation-informatique\/\" \/>\n<meta property=\"og:locale\" content=\"fr_FR\" \/>\n<meta property=\"og:type\" content=\"article\" \/>\n<meta property=\"og:title\" content=\"Sp\u00e9cialiste en programmation informatique - Vandapower | Components and Cable Assemblies for Industrial Batteries\" \/>\n<meta property=\"og:description\" content=\"One-stop shopLivraisonponctuelleConseil techniqueind\u00e9pendantSp\u00e9cialiste en programmation informatiqueQui est Vandapower? Vandapowerest une entreprise en pleine croissance. Elle est le leader europ\u00e9en sur le march\u00e9 de niche de la distribution de composants pour batteries industrielles. Nos clients sont aussi bien des PME ind\u00e9pendantes que des multinationales. Gr\u00e2ce \u00e0 nos op\u00e9rations \u00e0 Oosterzele, en Belgique, et \u00e0 Austin, au [&hellip;]\" \/>\n<meta property=\"og:url\" content=\"https:\/\/vandapower.com\/fr\/jobs\/specialiste-en-programmation-informatique\/\" \/>\n<meta property=\"og:site_name\" content=\"Vandapower | Components and Cable Assemblies for Industrial Batteries\" \/>\n<meta property=\"article:modified_time\" content=\"2021-11-05T08:20:47+00:00\" \/>\n<meta name=\"twitter:card\" content=\"summary_large_image\" \/>\n<meta name=\"twitter:label1\" content=\"Dur\u00e9e de lecture estim\u00e9e\" \/>\n\t<meta name=\"twitter:data1\" content=\"6 minutes\" \/>\n<script type=\"application\/ld+json\" class=\"yoast-schema-graph\">{\"@context\":\"https:\\\/\\\/schema.org\",\"@graph\":[{\"@type\":\"WebPage\",\"@id\":\"https:\\\/\\\/vandapower.com\\\/fr\\\/jobs\\\/specialiste-en-programmation-informatique\\\/\",\"url\":\"https:\\\/\\\/vandapower.com\\\/fr\\\/jobs\\\/specialiste-en-programmation-informatique\\\/\",\"name\":\"Sp\u00e9cialiste en programmation informatique - Vandapower | Components and Cable Assemblies for Industrial Batteries\",\"isPartOf\":{\"@id\":\"https:\\\/\\\/vandapower.com\\\/be-nl\\\/#website\"},\"datePublished\":\"2021-10-18T10:33:37+00:00\",\"dateModified\":\"2021-11-05T08:20:47+00:00\",\"breadcrumb\":{\"@id\":\"https:\\\/\\\/vandapower.com\\\/fr\\\/jobs\\\/specialiste-en-programmation-informatique\\\/#breadcrumb\"},\"inLanguage\":\"fr-FR\",\"potentialAction\":[{\"@type\":\"ReadAction\",\"target\":[\"https:\\\/\\\/vandapower.com\\\/fr\\\/jobs\\\/specialiste-en-programmation-informatique\\\/\"]}]},{\"@type\":\"BreadcrumbList\",\"@id\":\"https:\\\/\\\/vandapower.com\\\/fr\\\/jobs\\\/specialiste-en-programmation-informatique\\\/#breadcrumb\",\"itemListElement\":[{\"@type\":\"ListItem\",\"position\":1,\"name\":\"Home\",\"item\":\"https:\\\/\\\/vandapower.com\\\/fr\\\/\"},{\"@type\":\"ListItem\",\"position\":2,\"name\":\"Jobs\",\"item\":\"https:\\\/\\\/vandapower.com\\\/fr\\\/jobs\\\/\"},{\"@type\":\"ListItem\",\"position\":3,\"name\":\"Sp\u00e9cialiste en programmation informatique\"}]},{\"@type\":\"WebSite\",\"@id\":\"https:\\\/\\\/vandapower.com\\\/be-nl\\\/#website\",\"url\":\"https:\\\/\\\/vandapower.com\\\/be-nl\\\/\",\"name\":\"Vandapower | Components and Cable Assemblies for Industrial Batteries\",\"description\":\"Through our product knowledge, our buffer stock and our flexible organization, we can deliver your components for industrial batteries quickly and customized to your needs\",\"publisher\":{\"@id\":\"https:\\\/\\\/vandapower.com\\\/be-nl\\\/#organization\"},\"potentialAction\":[{\"@type\":\"SearchAction\",\"target\":{\"@type\":\"EntryPoint\",\"urlTemplate\":\"https:\\\/\\\/vandapower.com\\\/be-nl\\\/?s={search_term_string}\"},\"query-input\":{\"@type\":\"PropertyValueSpecification\",\"valueRequired\":true,\"valueName\":\"search_term_string\"}}],\"inLanguage\":\"fr-FR\"},{\"@type\":\"Organization\",\"@id\":\"https:\\\/\\\/vandapower.com\\\/be-nl\\\/#organization\",\"name\":\"Vandapower\",\"url\":\"https:\\\/\\\/vandapower.com\\\/be-nl\\\/\",\"logo\":{\"@type\":\"ImageObject\",\"inLanguage\":\"fr-FR\",\"@id\":\"https:\\\/\\\/vandapower.com\\\/be-nl\\\/#\\\/schema\\\/logo\\\/image\\\/\",\"url\":\"https:\\\/\\\/vandapower.eu\\\/wp-content\\\/uploads\\\/2021\\\/07\\\/logo-Vandapower-tagline.svg\",\"contentUrl\":\"https:\\\/\\\/vandapower.eu\\\/wp-content\\\/uploads\\\/2021\\\/07\\\/logo-Vandapower-tagline.svg\",\"width\":1321,\"height\":1088,\"caption\":\"Vandapower\"},\"image\":{\"@id\":\"https:\\\/\\\/vandapower.com\\\/be-nl\\\/#\\\/schema\\\/logo\\\/image\\\/\"}}]}<\/script>\n<!-- \/ Yoast SEO plugin. -->","yoast_head_json":{"title":"Sp\u00e9cialiste en programmation informatique - Vandapower | Components and Cable Assemblies for Industrial Batteries","robots":{"index":"index","follow":"follow","max-snippet":"max-snippet:-1","max-image-preview":"max-image-preview:large","max-video-preview":"max-video-preview:-1"},"canonical":"https:\/\/vandapower.com\/fr\/jobs\/specialiste-en-programmation-informatique\/","og_locale":"fr_FR","og_type":"article","og_title":"Sp\u00e9cialiste en programmation informatique - Vandapower | Components and Cable Assemblies for Industrial Batteries","og_description":"One-stop shopLivraisonponctuelleConseil techniqueind\u00e9pendantSp\u00e9cialiste en programmation informatiqueQui est Vandapower? Vandapowerest une entreprise en pleine croissance. Elle est le leader europ\u00e9en sur le march\u00e9 de niche de la distribution de composants pour batteries industrielles. Nos clients sont aussi bien des PME ind\u00e9pendantes que des multinationales. Gr\u00e2ce \u00e0 nos op\u00e9rations \u00e0 Oosterzele, en Belgique, et \u00e0 Austin, au [&hellip;]","og_url":"https:\/\/vandapower.com\/fr\/jobs\/specialiste-en-programmation-informatique\/","og_site_name":"Vandapower | Components and Cable Assemblies for Industrial Batteries","article_modified_time":"2021-11-05T08:20:47+00:00","twitter_card":"summary_large_image","twitter_misc":{"Dur\u00e9e de lecture estim\u00e9e":"6 minutes"},"schema":{"@context":"https:\/\/schema.org","@graph":[{"@type":"WebPage","@id":"https:\/\/vandapower.com\/fr\/jobs\/specialiste-en-programmation-informatique\/","url":"https:\/\/vandapower.com\/fr\/jobs\/specialiste-en-programmation-informatique\/","name":"Sp\u00e9cialiste en programmation informatique - Vandapower | Components and Cable Assemblies for Industrial Batteries","isPartOf":{"@id":"https:\/\/vandapower.com\/be-nl\/#website"},"datePublished":"2021-10-18T10:33:37+00:00","dateModified":"2021-11-05T08:20:47+00:00","breadcrumb":{"@id":"https:\/\/vandapower.com\/fr\/jobs\/specialiste-en-programmation-informatique\/#breadcrumb"},"inLanguage":"fr-FR","potentialAction":[{"@type":"ReadAction","target":["https:\/\/vandapower.com\/fr\/jobs\/specialiste-en-programmation-informatique\/"]}]},{"@type":"BreadcrumbList","@id":"https:\/\/vandapower.com\/fr\/jobs\/specialiste-en-programmation-informatique\/#breadcrumb","itemListElement":[{"@type":"ListItem","position":1,"name":"Home","item":"https:\/\/vandapower.com\/fr\/"},{"@type":"ListItem","position":2,"name":"Jobs","item":"https:\/\/vandapower.com\/fr\/jobs\/"},{"@type":"ListItem","position":3,"name":"Sp\u00e9cialiste en programmation informatique"}]},{"@type":"WebSite","@id":"https:\/\/vandapower.com\/be-nl\/#website","url":"https:\/\/vandapower.com\/be-nl\/","name":"Vandapower | Components and Cable Assemblies for Industrial Batteries","description":"Through our product knowledge, our buffer stock and our flexible organization, we can deliver your components for industrial batteries quickly and customized to your needs","publisher":{"@id":"https:\/\/vandapower.com\/be-nl\/#organization"},"potentialAction":[{"@type":"SearchAction","target":{"@type":"EntryPoint","urlTemplate":"https:\/\/vandapower.com\/be-nl\/?s={search_term_string}"},"query-input":{"@type":"PropertyValueSpecification","valueRequired":true,"valueName":"search_term_string"}}],"inLanguage":"fr-FR"},{"@type":"Organization","@id":"https:\/\/vandapower.com\/be-nl\/#organization","name":"Vandapower","url":"https:\/\/vandapower.com\/be-nl\/","logo":{"@type":"ImageObject","inLanguage":"fr-FR","@id":"https:\/\/vandapower.com\/be-nl\/#\/schema\/logo\/image\/","url":"https:\/\/vandapower.eu\/wp-content\/uploads\/2021\/07\/logo-Vandapower-tagline.svg","contentUrl":"https:\/\/vandapower.eu\/wp-content\/uploads\/2021\/07\/logo-Vandapower-tagline.svg","width":1321,"height":1088,"caption":"Vandapower"},"image":{"@id":"https:\/\/vandapower.com\/be-nl\/#\/schema\/logo\/image\/"}}]}},"_links":{"self":[{"href":"https:\/\/vandapower.com\/fr\/wp-json\/wp\/v2\/pages\/4504","targetHints":{"allow":["GET"]}}],"collection":[{"href":"https:\/\/vandapower.com\/fr\/wp-json\/wp\/v2\/pages"}],"about":[{"href":"https:\/\/vandapower.com\/fr\/wp-json\/wp\/v2\/types\/page"}],"author":[{"embeddable":true,"href":"https:\/\/vandapower.com\/fr\/wp-json\/wp\/v2\/users\/1"}],"replies":[{"embeddable":true,"href":"https:\/\/vandapower.com\/fr\/wp-json\/wp\/v2\/comments?post=4504"}],"version-history":[{"count":4,"href":"https:\/\/vandapower.com\/fr\/wp-json\/wp\/v2\/pages\/4504\/revisions"}],"predecessor-version":[{"id":6101,"href":"https:\/\/vandapower.com\/fr\/wp-json\/wp\/v2\/pages\/4504\/revisions\/6101"}],"up":[{"embeddable":true,"href":"https:\/\/vandapower.com\/fr\/wp-json\/wp\/v2\/pages\/7130"}],"wp:attachment":[{"href":"https:\/\/vandapower.com\/fr\/wp-json\/wp\/v2\/media?parent=4504"}],"curies":[{"name":"wp","href":"https:\/\/api.w.org\/{rel}","templated":true}]}}