{"id":4492,"date":"2021-10-18T09:20:45","date_gmt":"2021-10-18T09:20:45","guid":{"rendered":"https:\/\/vandapower.eu\/employe-charge-de-la-production-de-qualite\/"},"modified":"2021-11-05T08:20:56","modified_gmt":"2021-11-05T08:20:56","slug":"employe-charge-de-la-production-de-qualite","status":"publish","type":"page","link":"https:\/\/vandapower.com\/fr\/jobs\/employe-charge-de-la-production-de-qualite\/","title":{"rendered":"Employ\u00e9 charg\u00e9 de la production de qualit\u00e9"},"content":{"rendered":"<p>[et_pb_section fb_built=\u00a0\u00bb1&Prime; _builder_version=\u00a0\u00bb4.9.7&Prime; _module_preset=\u00a0\u00bbdefault\u00a0\u00bb custom_padding=\u00a0\u00bb0px||0px||true|false\u00a0\u00bb][et_pb_row module_class=\u00a0\u00bbusp-header\u00a0\u00bb _builder_version=\u00a0\u00bb4.9.7&Prime; _module_preset=\u00a0\u00bbdefault\u00a0\u00bb custom_padding=\u00a0\u00bb||0px||false|false\u00a0\u00bb global_module=\u00a0\u00bb2256&Prime; saved_tabs=\u00a0\u00bball\u00a0\u00bb][et_pb_column type=\u00a0\u00bb4_4&Prime; _builder_version=\u00a0\u00bb4.9.7&Prime; _module_preset=\u00a0\u00bbdefault\u00a0\u00bb][et_pb_blurb image=\u00a0\u00bbhttps:\/\/vandapower.eu\/wp-content\/uploads\/\/2021\/07\/One-stop-Shop.svg\u00a0\u00bb icon_placement=\u00a0\u00bbleft\u00a0\u00bb image_max_width=\u00a0\u00bb20px\u00a0\u00bb _builder_version=\u00a0\u00bb4.9.7&Prime; _module_preset=\u00a0\u00bbdefault\u00a0\u00bb body_font_size=\u00a0\u00bb14px\u00a0\u00bb body_line_height=\u00a0\u00bb1.4em\u00a0\u00bb width=\u00a0\u00bb13%\u00a0\u00bb width_tablet=\u00a0\u00bb30%\u00a0\u00bb width_phone=\u00a0\u00bb100%\u00a0\u00bb width_last_edited=\u00a0\u00bbon|phone\u00a0\u00bb custom_margin=\u00a0\u00bb0px||10px||false|false\u00a0\u00bb custom_padding=\u00a0\u00bb||0px|0px|false|false\u00a0\u00bb link_option_url=\u00a0\u00bbhttps:\/\/vandapower.eu\/fr\/pourquoi-vandapower\/#onestop\u00a0\u00bb custom_css_main_element=\u00a0\u00bbdisplay: inline-block;||\u00a0\u00bb content__hover_enabled=\u00a0\u00bbon|hover\u00a0\u00bb content__hover=\u00a0\u00bb<\/p>\n<p><span style=%22text-decoration: underline;%22><span class=%22red%22>One-stop<\/span> shop<\/span><\/p>\n<p>\u00ab\u00a0]<\/p>\n<p><span class=\"red\">One-stop<\/span> shop<\/p>\n<p>[\/et_pb_blurb][et_pb_blurb image=\u00a0\u00bbhttps:\/\/vandapower.eu\/wp-content\/uploads\/\/2021\/07\/On-time-Delivery.svg\u00a0\u00bb icon_placement=\u00a0\u00bbleft\u00a0\u00bb image_max_width=\u00a0\u00bb20px\u00a0\u00bb _builder_version=\u00a0\u00bb4.9.7&Prime; _module_preset=\u00a0\u00bbdefault\u00a0\u00bb body_font_size=\u00a0\u00bb14px\u00a0\u00bb body_line_height=\u00a0\u00bb1.4em\u00a0\u00bb width=\u00a0\u00bb13%\u00a0\u00bb width_tablet=\u00a0\u00bb30%\u00a0\u00bb width_phone=\u00a0\u00bb100%\u00a0\u00bb width_last_edited=\u00a0\u00bbon|phone\u00a0\u00bb custom_margin=\u00a0\u00bb0px||10px||false|false\u00a0\u00bb custom_padding=\u00a0\u00bb||0px|0px|false|false\u00a0\u00bb link_option_url=\u00a0\u00bbhttps:\/\/vandapower.eu\/fr\/pourquoi-vandapower\/#ontime\u00a0\u00bb custom_css_main_element=\u00a0\u00bbdisplay: inline-block;\u00a0\u00bb content__hover_enabled=\u00a0\u00bbon|hover\u00a0\u00bb content__hover=\u00a0\u00bb<\/p>\n<p><span style=%22text-decoration: underline;%22><span class=%22red%22>Tijdige<\/span> levering<\/span><\/p>\n<p>\u00ab\u00a0]<\/p>\n<p><span class=\"red\">Livraison<\/span>ponctuelle<\/p>\n<p>[\/et_pb_blurb][et_pb_blurb image=\u00a0\u00bbhttps:\/\/vandapower.eu\/wp-content\/uploads\/\/2021\/07\/Independent-Technical-Advice.svg\u00a0\u00bb icon_placement=\u00a0\u00bbleft\u00a0\u00bb image_max_width=\u00a0\u00bb18px\u00a0\u00bb _builder_version=\u00a0\u00bb4.9.7&Prime; _module_preset=\u00a0\u00bbdefault\u00a0\u00bb body_font_size=\u00a0\u00bb14px\u00a0\u00bb body_line_height=\u00a0\u00bb2em\u00a0\u00bb width=\u00a0\u00bb25%\u00a0\u00bb width_tablet=\u00a0\u00bb39%\u00a0\u00bb width_phone=\u00a0\u00bb100%\u00a0\u00bb width_last_edited=\u00a0\u00bbon|phone\u00a0\u00bb custom_margin=\u00a0\u00bb||5px||false|false\u00a0\u00bb custom_padding=\u00a0\u00bb||0px|0px|false|false\u00a0\u00bb link_option_url=\u00a0\u00bbhttps:\/\/vandapower.eu\/fr\/pourquoi-vandapower\/#independent\u00a0\u00bb custom_css_main_element=\u00a0\u00bbdisplay: inline-block;\u00a0\u00bb content__hover_enabled=\u00a0\u00bbon|hover\u00a0\u00bb content__hover=\u00a0\u00bb<\/p>\n<p><span style=%22text-decoration: underline;%22>Onafhankelijk <span class=%22red%22>technisch advies<\/span><\/span><\/p>\n<p>\u00ab\u00a0]<\/p>\n<p><span class=\"red\">Conseil technique<\/span>ind\u00e9pendant<\/p>\n<p>[\/et_pb_blurb][\/et_pb_column][\/et_pb_row][et_pb_row _builder_version=\u00a0\u00bb4.9.7&Prime; _module_preset=\u00a0\u00bbdefault\u00a0\u00bb custom_margin=\u00a0\u00bb0px||||false|false\u00a0\u00bb custom_padding=\u00a0\u00bb0px||0px||true|false\u00a0\u00bb][et_pb_column type=\u00a0\u00bb4_4&Prime; _builder_version=\u00a0\u00bb4.9.7&Prime; _module_preset=\u00a0\u00bbdefault\u00a0\u00bb][et_pb_code _builder_version=\u00a0\u00bb4.9.7&Prime; _module_preset=\u00a0\u00bbdefault\u00a0\u00bb custom_margin=\u00a0\u00bb15px||0px||false|false\u00a0\u00bb]<span><span><a href=\"https:\/\/vandapower.com\/fr\/\">Home<\/a><\/span><\/span>[\/et_pb_code][\/et_pb_column][\/et_pb_row][\/et_pb_section][et_pb_section fb_built=\u00a0\u00bb1&Prime; _builder_version=\u00a0\u00bb4.9.7&Prime; _module_preset=\u00a0\u00bbdefault\u00a0\u00bb custom_padding=\u00a0\u00bb0px||0px||false|false\u00a0\u00bb][et_pb_row _builder_version=\u00a0\u00bb4.9.7&Prime; _module_preset=\u00a0\u00bbdefault\u00a0\u00bb][et_pb_column type=\u00a0\u00bb4_4&Prime; _builder_version=\u00a0\u00bb4.9.7&Prime; _module_preset=\u00a0\u00bbdefault\u00a0\u00bb][et_pb_text _builder_version=\u00a0\u00bb4.9.7&Prime; _module_preset=\u00a0\u00bbdefault\u00a0\u00bb hover_enabled=\u00a0\u00bb0&Prime; sticky_enabled=\u00a0\u00bb0&Prime;]<\/p>\n<h1>Employ\u00e9 charg\u00e9 de la production de qualit\u00e9<\/h1>\n<p>[\/et_pb_text][et_pb_image src=\u00a0\u00bbhttps:\/\/vandapower.eu\/wp-content\/uploads\/2021\/07\/top-vacature.jpg\u00a0\u00bb title_text=\u00a0\u00bbpremier poste vacant\u00a0\u00bb _builder_version=\u00a0\u00bb4.9.7&Prime; _module_preset=\u00a0\u00bbdefault\u00a0\u00bb][\/et_pb_image][et_pb_text _builder_version=\u00a0\u00bb4.9.7&Prime; _module_preset=\u00a0\u00bbdefault\u00a0\u00bb custom_margin=\u00a0\u00bb||2px||false|false\u00a0\u00bb hover_enabled=\u00a0\u00bb0&Prime; sticky_enabled=\u00a0\u00bb0&Prime;]<\/p>\n<p><strong>Qui est Vandapower?<\/strong><\/p>\n<p><strong><span>Vandapower<\/span><\/strong>est une entreprise en pleine croissance et est le leader europ\u00e9en sur le march\u00e9 de niche de la distribution de composants pour batteries industrielles. Nos clients sont de petites PME ind\u00e9pendantes ainsi que des entreprises de piles. Gr\u00e2ce \u00e0 nos succursales d&rsquo;Oosterzele et d&rsquo;Austin, au Texas, nous avons des clients dans toute l&rsquo;Europe et en Am\u00e9rique du Nord.<\/p>\n<p>Nous voulons renforcer notre position de leader dans de nouveaux segments et r\u00e9gions. Tout cela est rendu possible par la combinaison d&rsquo;un fort esprit d&rsquo;\u00e9quipe, de personnes talentueuses, d&rsquo;une organisation souple et flexible, avec un accent tr\u00e8s prononc\u00e9 sur la convivialit\u00e9 pour le client et un service rapide et correct.<\/p>\n<p><strong>Quel poste avons-nous \u00e0 offrir?<\/strong><\/p>\n<p>Nous recherchons <span>un<\/span> <strong>travailleur<\/strong><span>qui<\/span> puisse s&rsquo;identifier pleinement au poste suivant <span>en tant que<\/span> <strong><span>figure de contr\u00f4le dans notre d\u00e9partement de production<\/span><\/strong><strong>.<\/strong><\/p>\n<ul>\n<li>Comme<span> <\/span><strong>Employ\u00e9 de qualit\u00e9 dans notre d\u00e9partement de logistique et de production<\/strong><br \/>vous veillez sur le<span> <\/span><strong>Qualit\u00e9<\/strong><span> <\/span>de notre service et effectuer<span> <\/span><strong>contr\u00f4le<\/strong><span> <\/span>sur nos marchandises entrantes et sortantes.<\/li>\n<li>Vous prenez les mesures n\u00e9cessaires pour la bonne tenue de <span>notre <\/span><strong>stock <\/strong><span><span>eteffectuez<\/span><strong>les inventaires n\u00e9cessaires<\/strong><span>.<\/span><\/span><\/li>\n<li>Vous fournissez les informations n\u00e9cessaires aux employ\u00e9s et aux chefs d&rsquo;\u00e9quipe.<br \/>Donc vous \u00eates un bon<span> <\/span><strong>communicateur<\/strong>.<\/li>\n<li>Vous contribuez activement <span>au<\/span><strong>maintien de l&rsquo;ordre dans l&rsquo;entrep\u00f4t.<\/strong><\/li>\n<li>Vous avez les connaissances et l&rsquo;exp\u00e9rience pour conduire <span>un<\/span><strong>chariot \u00e9l\u00e9vateur \u00e0 fourche <br \/> ou vous \u00eates pr\u00eat \u00e0 suivre une formation \u00e0 cet effet.<\/strong><\/li>\n<li>En plus des t\u00e2ches de contr\u00f4le, vous pouvez \u00eatre appel\u00e9 \u00e0<span> <\/span><strong>Employ\u00e9 de notre d\u00e9partement de production.<\/strong><br \/>En tant qu&#8217;employ\u00e9 de production, vous \u00eates principalement charg\u00e9 de<br \/>pour cette demande<span> <\/span><strong>assemblages<\/strong><span> <\/span>sont cr\u00e9\u00e9es et personnalis\u00e9es en temps voulu et de mani\u00e8re correcte.\n<ul>\n<li><strong>Les travaux d&rsquo;assemblage<\/strong> <span>peuvent<\/span>comprendre la coupe de c\u00e2bles \u00e0 la longueur voulue, le d\u00e9montage de c\u00e2bles, la soudure, le pressage de contacts, l&rsquo;assemblage de douilles&#8230;<\/li>\n<\/ul>\n<\/li>\n<li><span>Vous pouvez<\/span> <strong>lire<\/strong>des <strong>fiches<\/strong><strong>techniques<\/strong><span>et<\/span> assembler les choses selon le plan.<\/li>\n<li>Vous \u00eates responsable <span>de<\/span><strong>l&#8217;emballage et de l&#8217;empilage des marchandises sortantes. <br \/> Vous avez une id\u00e9e de l&#8217;emballage correct des marchandises.<\/strong><\/li>\n<li><strong>Vous pouvez manipuler les pi\u00e8ces parfois un peu plus lourdes (30 kg maximum).<\/strong><\/li>\n<li>Enfin, vous pouvez faire le n\u00e9cessaire<span> <\/span><strong>offrir un soutien<\/strong><span> <\/span>dans tous les domaines pour l&rsquo;ensemble de notre entrep\u00f4t.<br \/>Ranger les marchandises, trier et \u00e9liminer les d\u00e9chets avec soin, garder les lieux de travail en ordre.<\/li>\n<li>Vous serez d\u00e9ploy\u00e9 dans notre \u00e9quipe de production \u00e0 des moments r\u00e9guliers. Le changement de vitesse n&rsquo;est donc pas un probl\u00e8me pour vous.<\/li>\n<\/ul>\n<p><strong>Que pouvez-vous nous offrir?<\/strong><\/p>\n<ul>\n<li>Vous avez une connaissance solide et pratique <span>du<\/span><strong>n\u00e9erlandais<\/strong>. <\/li>\n<li>Vous \u00eates<span> <\/span><strong>pr\u00e9cis, patient<\/strong><span> <\/span>et ont<span> <\/span><strong>\u0153il<\/strong><span> <\/span>pour<span> <\/span><strong>d\u00e9tail.<\/strong> Vous avez un grand sens des responsabilit\u00e9s et vous pouvez g\u00e9rer des situations stressantes et changeantes et<br \/>se joint toujours \u00e0 la recherche de la solution appropri\u00e9e. Vous \u00eates<span> <\/span><strong><span>les mains<\/span><\/strong> et l&rsquo;audace<span> <\/span>prendre <strong><span>les initiatives n\u00e9cessaires<\/span><\/strong>. <\/li>\n<li>Une exp\u00e9rience dans un environnement de production et dans un service logistique est un atout. <\/li>\n<li><strong>Solides comp\u00e9tences en communication,<\/strong><span> <\/span><strong>coll\u00e9gialit\u00e9<\/strong><span> <\/span>et<span> <\/span><strong>ouverture d&rsquo;esprit<\/strong><span> <\/span>sont des qualit\u00e9s auxquelles vous pouvez vous associer. Vous \u00eates entreprenant, flexible, pr\u00e9cis et avez une attitude positive envers le monde. Vous \u00eates un<span> <\/span><strong>mille-pattes<\/strong> <strong>malicieux<\/strong><span> <\/span>Mille-pattes espi\u00e8gle, \u00e0 l&rsquo;aise dans divers domaines et d\u00e9sireux de travailler de mani\u00e8re vari\u00e9e, pr\u00e9cise et professionnelle dans une ambiance de travail agr\u00e9able et familiale.oot<\/li>\n<\/ul>\n<p><strong>Que pouvons-nous offrir?<\/strong><\/p>\n<ul>\n<li>Nous vous offrons <span>un <\/span><strong>r\u00f4le<\/strong><span>dans<\/span> <strong>un environnement de travail international<\/strong> <span>et<\/span> en <strong>pleine expansion<\/strong>, <span>dans<\/span> <span>un <\/span><span>poste<\/span><strong>\u00e0 temps plein<\/strong> (38 heures) avec un contrat \u00e0 dur\u00e9e ind\u00e9termin\u00e9e.<\/li>\n<li>Vous rejoindrez <span>une <\/span><strong>\u00e9quipe <\/strong><span>dynamique<\/span>d&rsquo;environ 35 personnes <span>o\u00f9<\/span><span>la<\/span><strong>coll\u00e9gialit\u00e9 <\/strong><span>et<\/span><strong>le travail<\/strong> <span>sont <\/span><span>tr\u00e8s<\/span><strong>appr\u00e9ci\u00e9s<\/strong>.<\/li>\n<li>Nous offrons un <strong>salaire<\/strong><span>attrayant<\/span>, une <span>bonne <\/span><strong>ambiance<\/strong><strong>familiale <\/strong><span>et<\/span>nous fournissons de nombreuses vitamines pendant la semaine de travail.<\/li>\n<\/ul>\n<p><strong>Vous sentez-vous vis\u00e9?<\/strong><\/p>\n<p>Obtenez-vous le n\u00e9cessaire<span> <\/span><strong>\u00e9nergie<\/strong><span> <\/span>en lisant la description du poste ci-dessus? Et pensez-vous que nous pourrions \u00eatre votre prochain d\u00e9bouch\u00e9 pour recharger vos connaissances et votre pouvoir ? N&rsquo;oubliez pas d&rsquo;envoyer votre CV et votre lettre de motivation \u00e0 l&rsquo;adresse suivante<span> <\/span><a href=\"mailto:jobs@vandapower.com\">jobs@vandapower.com<\/a><span> <\/span>\u00c0 l&rsquo;attention de : Audrey Van De Velde <\/p>\n<p>[\/et_pb_text][\/et_pb_column][\/et_pb_row][et_pb_row _builder_version=\u00a0\u00bb4.9.7&Prime; _module_preset=\u00a0\u00bbdefault\u00a0\u00bb][et_pb_column type=\u00a0\u00bb4_4&Prime; _builder_version=\u00a0\u00bb4.9.7&Prime; _module_preset=\u00a0\u00bbdefault\u00a0\u00bb][et_pb_image src=\u00a0\u00bbhttps:\/\/vandapower.eu\/wp-content\/uploads\/2021\/07\/bottom-vacature.jpg\u00a0\u00bb title_text=\u00a0\u00bbvacance du fond\u00a0\u00bb _builder_version=\u00a0\u00bb4.9.7&Prime; _module_preset=\u00a0\u00bbdefault\u00a0\u00bb][\/et_pb_image][\/et_pb_column][\/et_pb_row][\/et_pb_section]<\/p>\n","protected":false},"excerpt":{"rendered":"<p>One-stop shopLivraisonponctuelleConseil techniqueind\u00e9pendant<span><span><a href=\"https:\/\/vandapower.com\/fr\/\">Home<\/a><\/span><\/span>Employ\u00e9 charg\u00e9 de la production de qualit\u00e9Qui est Vandapower? Vandapowerest une entreprise en pleine croissance et est le leader europ\u00e9en sur le march\u00e9 de niche de la distribution de composants pour batteries industrielles. Nos clients sont de petites PME ind\u00e9pendantes ainsi que des entreprises de piles. Gr\u00e2ce \u00e0 nos succursales d&rsquo;Oosterzele et d&rsquo;Austin, [&hellip;]<\/p>\n","protected":false},"author":1,"featured_media":0,"parent":7130,"menu_order":0,"comment_status":"closed","ping_status":"closed","template":"","meta":{"_et_pb_use_builder":"on","_et_pb_old_content":"","_et_gb_content_width":"","om_disable_all_campaigns":false,"inline_featured_image":false,"_monsterinsights_skip_tracking":false,"_monsterinsights_sitenote_active":false,"_monsterinsights_sitenote_note":"","_monsterinsights_sitenote_category":0,"_uf_show_specific_survey":0,"_uf_disable_surveys":false,"footnotes":""},"class_list":["post-4492","page","type-page","status-publish","hentry"],"yoast_head":"<!-- This site is optimized with the Yoast SEO plugin v27.4 - https:\/\/yoast.com\/product\/yoast-seo-wordpress\/ -->\n<title>Employ\u00e9 charg\u00e9 de la production de qualit\u00e9 - Vandapower | Components and Cable Assemblies for Industrial Batteries<\/title>\n<meta name=\"robots\" content=\"index, follow, max-snippet:-1, max-image-preview:large, max-video-preview:-1\" \/>\n<link rel=\"canonical\" href=\"https:\/\/vandapower.com\/fr\/jobs\/employe-charge-de-la-production-de-qualite\/\" \/>\n<meta property=\"og:locale\" content=\"fr_FR\" \/>\n<meta property=\"og:type\" content=\"article\" \/>\n<meta property=\"og:title\" content=\"Employ\u00e9 charg\u00e9 de la production de qualit\u00e9 - Vandapower | Components and Cable Assemblies for Industrial Batteries\" \/>\n<meta property=\"og:description\" content=\"One-stop shopLivraisonponctuelleConseil techniqueind\u00e9pendantEmploy\u00e9 charg\u00e9 de la production de qualit\u00e9Qui est Vandapower? Vandapowerest une entreprise en pleine croissance et est le leader europ\u00e9en sur le march\u00e9 de niche de la distribution de composants pour batteries industrielles. Nos clients sont de petites PME ind\u00e9pendantes ainsi que des entreprises de piles. Gr\u00e2ce \u00e0 nos succursales d&#039;Oosterzele et d&#039;Austin, [&hellip;]\" \/>\n<meta property=\"og:url\" content=\"https:\/\/vandapower.com\/fr\/jobs\/employe-charge-de-la-production-de-qualite\/\" \/>\n<meta property=\"og:site_name\" content=\"Vandapower | Components and Cable Assemblies for Industrial Batteries\" \/>\n<meta property=\"article:modified_time\" content=\"2021-11-05T08:20:56+00:00\" \/>\n<meta name=\"twitter:card\" content=\"summary_large_image\" \/>\n<meta name=\"twitter:label1\" content=\"Dur\u00e9e de lecture estim\u00e9e\" \/>\n\t<meta name=\"twitter:data1\" content=\"6 minutes\" \/>\n<script type=\"application\/ld+json\" class=\"yoast-schema-graph\">{\"@context\":\"https:\\\/\\\/schema.org\",\"@graph\":[{\"@type\":\"WebPage\",\"@id\":\"https:\\\/\\\/vandapower.com\\\/fr\\\/jobs\\\/employe-charge-de-la-production-de-qualite\\\/\",\"url\":\"https:\\\/\\\/vandapower.com\\\/fr\\\/jobs\\\/employe-charge-de-la-production-de-qualite\\\/\",\"name\":\"Employ\u00e9 charg\u00e9 de la production de qualit\u00e9 - Vandapower | Components and Cable Assemblies for Industrial Batteries\",\"isPartOf\":{\"@id\":\"https:\\\/\\\/vandapower.com\\\/be-nl\\\/#website\"},\"datePublished\":\"2021-10-18T09:20:45+00:00\",\"dateModified\":\"2021-11-05T08:20:56+00:00\",\"breadcrumb\":{\"@id\":\"https:\\\/\\\/vandapower.com\\\/fr\\\/jobs\\\/employe-charge-de-la-production-de-qualite\\\/#breadcrumb\"},\"inLanguage\":\"fr-FR\",\"potentialAction\":[{\"@type\":\"ReadAction\",\"target\":[\"https:\\\/\\\/vandapower.com\\\/fr\\\/jobs\\\/employe-charge-de-la-production-de-qualite\\\/\"]}]},{\"@type\":\"BreadcrumbList\",\"@id\":\"https:\\\/\\\/vandapower.com\\\/fr\\\/jobs\\\/employe-charge-de-la-production-de-qualite\\\/#breadcrumb\",\"itemListElement\":[{\"@type\":\"ListItem\",\"position\":1,\"name\":\"Home\",\"item\":\"https:\\\/\\\/vandapower.com\\\/fr\\\/\"},{\"@type\":\"ListItem\",\"position\":2,\"name\":\"Jobs\",\"item\":\"https:\\\/\\\/vandapower.com\\\/fr\\\/jobs\\\/\"},{\"@type\":\"ListItem\",\"position\":3,\"name\":\"Employ\u00e9 charg\u00e9 de la production de qualit\u00e9\"}]},{\"@type\":\"WebSite\",\"@id\":\"https:\\\/\\\/vandapower.com\\\/be-nl\\\/#website\",\"url\":\"https:\\\/\\\/vandapower.com\\\/be-nl\\\/\",\"name\":\"Vandapower | Components and Cable Assemblies for Industrial Batteries\",\"description\":\"Through our product knowledge, our buffer stock and our flexible organization, we can deliver your components for industrial batteries quickly and customized to your needs\",\"publisher\":{\"@id\":\"https:\\\/\\\/vandapower.com\\\/be-nl\\\/#organization\"},\"potentialAction\":[{\"@type\":\"SearchAction\",\"target\":{\"@type\":\"EntryPoint\",\"urlTemplate\":\"https:\\\/\\\/vandapower.com\\\/be-nl\\\/?s={search_term_string}\"},\"query-input\":{\"@type\":\"PropertyValueSpecification\",\"valueRequired\":true,\"valueName\":\"search_term_string\"}}],\"inLanguage\":\"fr-FR\"},{\"@type\":\"Organization\",\"@id\":\"https:\\\/\\\/vandapower.com\\\/be-nl\\\/#organization\",\"name\":\"Vandapower\",\"url\":\"https:\\\/\\\/vandapower.com\\\/be-nl\\\/\",\"logo\":{\"@type\":\"ImageObject\",\"inLanguage\":\"fr-FR\",\"@id\":\"https:\\\/\\\/vandapower.com\\\/be-nl\\\/#\\\/schema\\\/logo\\\/image\\\/\",\"url\":\"https:\\\/\\\/vandapower.eu\\\/wp-content\\\/uploads\\\/2021\\\/07\\\/logo-Vandapower-tagline.svg\",\"contentUrl\":\"https:\\\/\\\/vandapower.eu\\\/wp-content\\\/uploads\\\/2021\\\/07\\\/logo-Vandapower-tagline.svg\",\"width\":1321,\"height\":1088,\"caption\":\"Vandapower\"},\"image\":{\"@id\":\"https:\\\/\\\/vandapower.com\\\/be-nl\\\/#\\\/schema\\\/logo\\\/image\\\/\"}}]}<\/script>\n<!-- \/ Yoast SEO plugin. -->","yoast_head_json":{"title":"Employ\u00e9 charg\u00e9 de la production de qualit\u00e9 - Vandapower | Components and Cable Assemblies for Industrial Batteries","robots":{"index":"index","follow":"follow","max-snippet":"max-snippet:-1","max-image-preview":"max-image-preview:large","max-video-preview":"max-video-preview:-1"},"canonical":"https:\/\/vandapower.com\/fr\/jobs\/employe-charge-de-la-production-de-qualite\/","og_locale":"fr_FR","og_type":"article","og_title":"Employ\u00e9 charg\u00e9 de la production de qualit\u00e9 - Vandapower | Components and Cable Assemblies for Industrial Batteries","og_description":"One-stop shopLivraisonponctuelleConseil techniqueind\u00e9pendantEmploy\u00e9 charg\u00e9 de la production de qualit\u00e9Qui est Vandapower? Vandapowerest une entreprise en pleine croissance et est le leader europ\u00e9en sur le march\u00e9 de niche de la distribution de composants pour batteries industrielles. Nos clients sont de petites PME ind\u00e9pendantes ainsi que des entreprises de piles. Gr\u00e2ce \u00e0 nos succursales d'Oosterzele et d'Austin, [&hellip;]","og_url":"https:\/\/vandapower.com\/fr\/jobs\/employe-charge-de-la-production-de-qualite\/","og_site_name":"Vandapower | Components and Cable Assemblies for Industrial Batteries","article_modified_time":"2021-11-05T08:20:56+00:00","twitter_card":"summary_large_image","twitter_misc":{"Dur\u00e9e de lecture estim\u00e9e":"6 minutes"},"schema":{"@context":"https:\/\/schema.org","@graph":[{"@type":"WebPage","@id":"https:\/\/vandapower.com\/fr\/jobs\/employe-charge-de-la-production-de-qualite\/","url":"https:\/\/vandapower.com\/fr\/jobs\/employe-charge-de-la-production-de-qualite\/","name":"Employ\u00e9 charg\u00e9 de la production de qualit\u00e9 - Vandapower | Components and Cable Assemblies for Industrial Batteries","isPartOf":{"@id":"https:\/\/vandapower.com\/be-nl\/#website"},"datePublished":"2021-10-18T09:20:45+00:00","dateModified":"2021-11-05T08:20:56+00:00","breadcrumb":{"@id":"https:\/\/vandapower.com\/fr\/jobs\/employe-charge-de-la-production-de-qualite\/#breadcrumb"},"inLanguage":"fr-FR","potentialAction":[{"@type":"ReadAction","target":["https:\/\/vandapower.com\/fr\/jobs\/employe-charge-de-la-production-de-qualite\/"]}]},{"@type":"BreadcrumbList","@id":"https:\/\/vandapower.com\/fr\/jobs\/employe-charge-de-la-production-de-qualite\/#breadcrumb","itemListElement":[{"@type":"ListItem","position":1,"name":"Home","item":"https:\/\/vandapower.com\/fr\/"},{"@type":"ListItem","position":2,"name":"Jobs","item":"https:\/\/vandapower.com\/fr\/jobs\/"},{"@type":"ListItem","position":3,"name":"Employ\u00e9 charg\u00e9 de la production de qualit\u00e9"}]},{"@type":"WebSite","@id":"https:\/\/vandapower.com\/be-nl\/#website","url":"https:\/\/vandapower.com\/be-nl\/","name":"Vandapower | Components and Cable Assemblies for Industrial Batteries","description":"Through our product knowledge, our buffer stock and our flexible organization, we can deliver your components for industrial batteries quickly and customized to your needs","publisher":{"@id":"https:\/\/vandapower.com\/be-nl\/#organization"},"potentialAction":[{"@type":"SearchAction","target":{"@type":"EntryPoint","urlTemplate":"https:\/\/vandapower.com\/be-nl\/?s={search_term_string}"},"query-input":{"@type":"PropertyValueSpecification","valueRequired":true,"valueName":"search_term_string"}}],"inLanguage":"fr-FR"},{"@type":"Organization","@id":"https:\/\/vandapower.com\/be-nl\/#organization","name":"Vandapower","url":"https:\/\/vandapower.com\/be-nl\/","logo":{"@type":"ImageObject","inLanguage":"fr-FR","@id":"https:\/\/vandapower.com\/be-nl\/#\/schema\/logo\/image\/","url":"https:\/\/vandapower.eu\/wp-content\/uploads\/2021\/07\/logo-Vandapower-tagline.svg","contentUrl":"https:\/\/vandapower.eu\/wp-content\/uploads\/2021\/07\/logo-Vandapower-tagline.svg","width":1321,"height":1088,"caption":"Vandapower"},"image":{"@id":"https:\/\/vandapower.com\/be-nl\/#\/schema\/logo\/image\/"}}]}},"_links":{"self":[{"href":"https:\/\/vandapower.com\/fr\/wp-json\/wp\/v2\/pages\/4492","targetHints":{"allow":["GET"]}}],"collection":[{"href":"https:\/\/vandapower.com\/fr\/wp-json\/wp\/v2\/pages"}],"about":[{"href":"https:\/\/vandapower.com\/fr\/wp-json\/wp\/v2\/types\/page"}],"author":[{"embeddable":true,"href":"https:\/\/vandapower.com\/fr\/wp-json\/wp\/v2\/users\/1"}],"replies":[{"embeddable":true,"href":"https:\/\/vandapower.com\/fr\/wp-json\/wp\/v2\/comments?post=4492"}],"version-history":[{"count":16,"href":"https:\/\/vandapower.com\/fr\/wp-json\/wp\/v2\/pages\/4492\/revisions"}],"predecessor-version":[{"id":6167,"href":"https:\/\/vandapower.com\/fr\/wp-json\/wp\/v2\/pages\/4492\/revisions\/6167"}],"up":[{"embeddable":true,"href":"https:\/\/vandapower.com\/fr\/wp-json\/wp\/v2\/pages\/7130"}],"wp:attachment":[{"href":"https:\/\/vandapower.com\/fr\/wp-json\/wp\/v2\/media?parent=4492"}],"curies":[{"name":"wp","href":"https:\/\/api.w.org\/{rel}","templated":true}]}}