{"id":7372,"date":"2021-12-03T10:50:53","date_gmt":"2021-12-03T10:50:53","guid":{"rendered":"https:\/\/vandapower.eu\/abertax-e%c2%b2bms\/"},"modified":"2022-05-03T14:57:13","modified_gmt":"2022-05-03T14:57:13","slug":"abertax-e%c2%b2bms","status":"publish","type":"page","link":"https:\/\/vandapower.com\/es\/componentes-de-la-bateria\/sistemas-de-gestion\/abertax-e%c2%b2bms\/","title":{"rendered":"ABERTAX e\u00b2BMS"},"content":{"rendered":"<p>[et_pb_section fb_built=\u00bb1&#8243; _builder_version=\u00bb4.9.7&#8243; _module_preset=\u00bbdefault\u00bb custom_padding=\u00bb0px||0px||true|false\u00bb da_disable_devices=\u00bboff|off|off\u00bb global_colors_info=\u00bb{}\u00bb da_is_popup=\u00bboff\u00bb da_exit_intent=\u00bboff\u00bb da_has_close=\u00bbon\u00bb da_alt_close=\u00bboff\u00bb da_dark_close=\u00bboff\u00bb da_not_modal=\u00bbon\u00bb da_is_singular=\u00bboff\u00bb da_with_loader=\u00bboff\u00bb da_has_shadow=\u00bbon\u00bb][et_pb_row module_class=\u00bbusp-header\u00bb _builder_version=\u00bb4.14.5&#8243; _module_preset=\u00bbdefault\u00bb width=\u00bb85%\u00bb custom_padding=\u00bb||0px||false|false\u00bb global_module=\u00bb2256&#8243; saved_tabs=\u00bball\u00bb global_colors_info=\u00bb{}\u00bb][et_pb_column type=\u00bb4_4&#8243; _builder_version=\u00bb4.9.7&#8243; _module_preset=\u00bbdefault\u00bb global_colors_info=\u00bb{}\u00bb][et_pb_blurb image=\u00bbhttps:\/\/vandapower.eu\/wp-content\/uploads\/\/2021\/07\/One-stop-Shop.svg\u00bb icon_placement=\u00bbleft\u00bb image_icon_width=\u00bb20px\u00bb _builder_version=\u00bb4.14.5&#8243; _module_preset=\u00bbdefault\u00bb body_font_size=\u00bb14px\u00bb body_line_height=\u00bb1.4em\u00bb width=\u00bb13%\u00bb width_tablet=\u00bb30%\u00bb width_phone=\u00bb100%\u00bb width_last_edited=\u00bbon|phone\u00bb custom_margin=\u00bb0px||10px||false|false\u00bb custom_padding=\u00bb||0px|0px|false|false\u00bb link_option_url=\u00bbhttps:\/\/vandapower.eu\/es\/por-que-vandapower\/#onestop\u00bb custom_css_main_element=\u00bbdisplay: inline-block;||\u00bb image_max_width=\u00bb20px\u00bb global_colors_info=\u00bb{}\u00bb content__hover_enabled=\u00bboff|hover\u00bb content__hover=\u00bb<\/p>\n<p><span style=%22text-decoration: underline;%22><span class=%22red%22>One-stop<\/span> shop<\/span><\/p>\n<p>\u00ab]<\/p>\n<p><span class=\"red\">One-stop<\/span> shop<\/p>\n<p>[\/et_pb_blurb][et_pb_blurb image=\u00bbhttps:\/\/vandapower.eu\/wp-content\/uploads\/\/2021\/07\/On-time-Delivery.svg\u00bb icon_placement=\u00bbleft\u00bb image_icon_width=\u00bb20px\u00bb _builder_version=\u00bb4.14.5&#8243; _module_preset=\u00bbdefault\u00bb body_font_size=\u00bb14px\u00bb body_line_height=\u00bb1.4em\u00bb width=\u00bb16%\u00bb width_tablet=\u00bb30%\u00bb width_phone=\u00bb100%\u00bb width_last_edited=\u00bbon|phone\u00bb custom_margin=\u00bb0px||10px||false|false\u00bb custom_padding=\u00bb||0px|0px|false|false\u00bb link_option_url=\u00bbhttps:\/\/vandapower.eu\/es\/por-que-vandapower\/#ontime\u00bb custom_css_main_element=\u00bbdisplay: inline-block;\u00bb image_max_width=\u00bb20px\u00bb global_colors_info=\u00bb{}\u00bb content__hover_enabled=\u00bboff|hover\u00bb content__hover=\u00bb<\/p>\n<p><span style=%22text-decoration: underline;%22><span class=%22red%22>Tijdige<\/span> levering<\/span><\/p>\n<p>\u00ab]Entrega <span class=\"red\">puntual<\/span>[\/et_pb_blurb][et_pb_blurb image=\u00bbhttps:\/\/vandapower.eu\/wp-content\/uploads\/\/2021\/07\/Independent-Technical-Advice.svg\u00bb icon_placement=\u00bbleft\u00bb image_icon_width=\u00bb18px\u00bb content_last_edited=\u00bboff|desktop\u00bb _builder_version=\u00bb4.14.5&#8243; _module_preset=\u00bbdefault\u00bb body_font_size=\u00bb14px\u00bb body_line_height=\u00bb2em\u00bb width=\u00bb25%\u00bb width_tablet=\u00bb39%\u00bb width_phone=\u00bb100%\u00bb width_last_edited=\u00bbon|phone\u00bb custom_margin=\u00bb||5px||false|false\u00bb custom_padding=\u00bb||0px|0px|false|false\u00bb link_option_url=\u00bbhttps:\/\/vandapower.eu\/es\/por-que-vandapower\/#independent\u00bb custom_css_main_element=\u00bbdisplay: inline-block;\u00bb image_max_width=\u00bb18px\u00bb global_colors_info=\u00bb{}\u00bb content__hover_enabled=\u00bboff|desktop\u00bb content__hover=\u00bb<\/p>\n<p><span style=%22text-decoration: underline;%22>Onafhankelijk <span class=%22red%22>technisch advies<\/span><\/span><\/p>\n<p>\u00ab]<\/p>\n<p>Asesoramiento <span class=\"red\">t\u00e9cnico independiente<\/span><\/p>\n<p>[\/et_pb_blurb][\/et_pb_column][\/et_pb_row][\/et_pb_section][et_pb_section fb_built=\u00bb1&#8243; _builder_version=\u00bb4.9.7&#8243; _module_preset=\u00bbdefault\u00bb custom_padding=\u00bb0px||0px||false|false\u00bb da_disable_devices=\u00bboff|off|off\u00bb global_colors_info=\u00bb{}\u00bb da_is_popup=\u00bboff\u00bb da_exit_intent=\u00bboff\u00bb da_has_close=\u00bbon\u00bb da_alt_close=\u00bboff\u00bb da_dark_close=\u00bboff\u00bb da_not_modal=\u00bbon\u00bb da_is_singular=\u00bboff\u00bb da_with_loader=\u00bboff\u00bb da_has_shadow=\u00bbon\u00bb][et_pb_row column_structure=\u00bb2_3,1_3&#8243; _builder_version=\u00bb4.9.7&#8243; _module_preset=\u00bbdefault\u00bb global_colors_info=\u00bb{}\u00bb][et_pb_column type=\u00bb2_3&#8243; _builder_version=\u00bb4.9.7&#8243; _module_preset=\u00bbdefault\u00bb global_colors_info=\u00bb{}\u00bb][et_pb_text _builder_version=\u00bb4.9.7&#8243; _module_preset=\u00bbdefault\u00bb global_colors_info=\u00bb{}\u00bb]<\/p>\n<h1 class=\"red\">ABERTAX e\u00b2BMS<\/h1>\n<p>[\/et_pb_text][et_pb_text _builder_version=\u00bb4.14.7&#8243; _module_preset=\u00bbdefault\u00bb custom_margin=\u00bb||40px||false|false\u00bb global_colors_info=\u00bb{}\u00bb]<\/p>\n<p>e\u00b2 BMS es uno de los sistemas de gesti\u00f3n de bater\u00edas de Abertax Technologies de nuestra gama. Le proporciona informaci\u00f3n sobre el estado de todas sus bater\u00edas, como el voltaje, el nivel de \u00e1cido, la temperatura, etc. No s\u00f3lo le muestra el estado actual, sino que tambi\u00e9n almacena datos del pasado. Esto hace que el control de las bater\u00edas sea mucho m\u00e1s f\u00e1cil.<\/p>\n<p>Cualquiera que est\u00e9 familiarizado con las bater\u00edas puede instalar f\u00e1cilmente el BMS. No es necesario enviar a alguien a la planta de trabajo debido al funcionamiento inal\u00e1mbrico. Todo lo que necesitas es un navegador web.<\/p>\n<p>Este BMS viene con su propio portal web, por lo que ya no es necesario comprobar cada bater\u00eda manualmente. Te muestra el estado de cada bater\u00eda e indica qu\u00e9 bater\u00edas han entrado en alarma. Adem\u00e1s, puedes ver f\u00e1cilmente los datos en gr\u00e1ficos, generar informes y recibir notificaciones de alarma por correo electr\u00f3nico.<\/p>\n<p><a href=\"\/wp-content\/uploads\/2021\/07\/Abertax-e%C2%B2BMS-product-sheet-V1512.pdf\" class=\"mtli_attachment mtli_pdf\" target=\"_blank\" rel=\"noopener\">Haga clic aqu\u00ed<\/a> para m\u00e1s informaci\u00f3n sobre el e\u00b2BMS de Abertax o los c\u00f3digos de pedido. No dude en ponerse en contacto con nosotros P\u00f3ngase en <a href=\"https:\/\/vandapower.eu\/es\/contacto\/\" target=\"_blank\" rel=\"noopener\">contacto<\/a> con nosotros si tiene alguna duda. Estaremos encantados de ayudarle a encontrar el BMS adecuado para su instalaci\u00f3n espec\u00edfica. \u00bfBusca tambi\u00e9n otros componentes? Como tienda \u00fanica, Vandapower puede proporcionarle casi todo lo que pueda necesitar para sus bater\u00edas.<\/p>\n<p>[\/et_pb_text][\/et_pb_column][et_pb_column type=\u00bb1_3&#8243; _builder_version=\u00bb4.9.7&#8243; _module_preset=\u00bbdefault\u00bb global_colors_info=\u00bb{}\u00bb][et_pb_image src=\u00bbhttps:\/\/vandapower.eu\/wp-content\/uploads\/2021\/07\/e2BMS.jpg\u00bb title_text=\u00bbe2BMS\u00bb _builder_version=\u00bb4.9.7&#8243; _module_preset=\u00bbdefault\u00bb global_colors_info=\u00bb{}\u00bb][\/et_pb_image][\/et_pb_column][\/et_pb_row][et_pb_row column_structure=\u00bb1_2,1_2&#8243; make_equal=\u00bbon\u00bb _builder_version=\u00bb4.9.7&#8243; _module_preset=\u00bbdefault\u00bb custom_margin=\u00bb50px||50px||false|false\u00bb custom_padding=\u00bb||||false|false\u00bb global_colors_info=\u00bb{}\u00bb][et_pb_column type=\u00bb1_2&#8243; _builder_version=\u00bb4.9.7&#8243; _module_preset=\u00bbdefault\u00bb custom_padding=\u00bb20px|20px|20px|20px|true|true\u00bb border_width_all=\u00bb1px\u00bb border_color_all=\u00bb#e9e7e7&#8243; box_shadow_style=\u00bbpreset4&#8243; box_shadow_horizontal=\u00bb4px\u00bb box_shadow_vertical=\u00bb4px\u00bb box_shadow_blur=\u00bb2px\u00bb box_shadow_color=\u00bbrgba(50,50,50,0.2)\u00bb global_colors_info=\u00bb{}\u00bb][et_pb_text module_class=\u00bbinfo-block\u00bb _builder_version=\u00bb4.9.7&#8243; _module_preset=\u00bbdefault\u00bb positioning=\u00bbrelative\u00bb custom_margin=\u00bb||30px||false|false\u00bb border_color_all=\u00bb#e9e7e7&#8243; global_module=\u00bb3223&#8243; saved_tabs=\u00bball\u00bb global_colors_info=\u00bb{}\u00bb]<\/p>\n<h2>\u00bfM\u00e1s informaci\u00f3n acerca de este producto?<\/h2>\n<p><span>Mantenemos un stock de reserva de nuestra gama de productos con el que estamos encantados de ayudarle en caso de necesidad. No dudes en contactarnos al respecto para que podamos asesorarte y ayudarte.<\/span><\/p>\n<p>[\/et_pb_text][et_pb_button button_url=\u00bb@ET-DC@eyJkeW5hbWljIjp0cnVlLCJjb250ZW50IjoicG9zdF9saW5rX3VybF9wYWdlIiwic2V0dGluZ3MiOnsicG9zdF9pZCI6IjczIn19@\u00bb button_text=\u00bbContacto con nosotros\u00bb _builder_version=\u00bb4.9.7&#8243; _dynamic_attributes=\u00bbbutton_url\u00bb _module_preset=\u00bbdefault\u00bb global_colors_info=\u00bb{}\u00bb][\/et_pb_button][\/et_pb_column][et_pb_column type=\u00bb1_2&#8243; _builder_version=\u00bb4.9.7&#8243; _module_preset=\u00bbdefault\u00bb custom_padding=\u00bb20px|20px|20px|20px|true|true\u00bb border_width_all=\u00bb1px\u00bb border_color_all=\u00bb#e9e7e7&#8243; box_shadow_style=\u00bbpreset4&#8243; box_shadow_horizontal=\u00bb4px\u00bb box_shadow_vertical=\u00bb4px\u00bb box_shadow_blur=\u00bb2px\u00bb box_shadow_color=\u00bbrgba(50,50,50,0.2)\u00bb global_colors_info=\u00bb{}\u00bb][et_pb_text module_class=\u00bbinfo-block\u00bb _builder_version=\u00bb4.9.7&#8243; _module_preset=\u00bbdefault\u00bb positioning=\u00bbrelative\u00bb custom_margin=\u00bb||0px||false|false\u00bb custom_padding=\u00bb||0px|||\u00bb border_color_all=\u00bb#e9e7e7&#8243; global_colors_info=\u00bb{}\u00bb]<\/p>\n<h2>Archivos adjuntos<\/h2>\n<p>&nbsp;<\/p>\n<p>[\/et_pb_text][et_pb_text _builder_version=\u00bb4.9.7&#8243; _module_preset=\u00bbdefault\u00bb global_colors_info=\u00bb{}\u00bb]<a href=\"\/wp-content\/uploads\/2021\/07\/Abertax-e%C2%B2BMS-product-sheet-V1512.pdf\" class=\"mtli_attachment mtli_pdf\" target=\"_blank\" rel=\"attachment wp-att-3234 noopener\">Abertax e\u00b2BMS &#8211; hoja de producto V1512<\/a>[\/et_pb_text][\/et_pb_column][\/et_pb_row][\/et_pb_section]<\/p>\n","protected":false},"excerpt":{"rendered":"<p>One-stop shopEntrega puntualAsesoramiento t\u00e9cnico independienteABERTAX e\u00b2BMSe\u00b2 BMS es uno de los sistemas de gesti\u00f3n de bater\u00edas de Abertax Technologies de nuestra gama. Le proporciona informaci\u00f3n sobre el estado de todas sus bater\u00edas, como el voltaje, el nivel de \u00e1cido, la temperatura, etc. No s\u00f3lo le muestra el estado actual, sino que tambi\u00e9n almacena datos del [&hellip;]<\/p>\n","protected":false},"author":1,"featured_media":0,"parent":7555,"menu_order":0,"comment_status":"closed","ping_status":"closed","template":"","meta":{"_et_pb_use_builder":"on","_et_pb_old_content":"","_et_gb_content_width":"","om_disable_all_campaigns":false,"inline_featured_image":false,"_monsterinsights_skip_tracking":false,"_monsterinsights_sitenote_active":false,"_monsterinsights_sitenote_note":"","_monsterinsights_sitenote_category":0,"_uf_show_specific_survey":0,"_uf_disable_surveys":false,"footnotes":""},"class_list":["post-7372","page","type-page","status-publish","hentry"],"yoast_head":"<!-- This site is optimized with the Yoast SEO plugin v27.3 - https:\/\/yoast.com\/product\/yoast-seo-wordpress\/ -->\n<title>ABERTAX e\u00b2BMS - Vandapower | Components and Cable Assemblies for Industrial Batteries<\/title>\n<meta name=\"robots\" content=\"index, follow, max-snippet:-1, max-image-preview:large, max-video-preview:-1\" \/>\n<link rel=\"canonical\" href=\"https:\/\/vandapower.com\/es\/componentes-de-la-bateria\/sistemas-de-gestion\/abertax-e\u00b2bms\/\" \/>\n<meta property=\"og:locale\" content=\"es_ES\" \/>\n<meta property=\"og:type\" content=\"article\" \/>\n<meta property=\"og:title\" content=\"ABERTAX e\u00b2BMS - Vandapower | Components and Cable Assemblies for Industrial Batteries\" \/>\n<meta property=\"og:description\" content=\"One-stop shopEntrega puntualAsesoramiento t\u00e9cnico independienteABERTAX e\u00b2BMSe\u00b2 BMS es uno de los sistemas de gesti\u00f3n de bater\u00edas de Abertax Technologies de nuestra gama. Le proporciona informaci\u00f3n sobre el estado de todas sus bater\u00edas, como el voltaje, el nivel de \u00e1cido, la temperatura, etc. No s\u00f3lo le muestra el estado actual, sino que tambi\u00e9n almacena datos del [&hellip;]\" \/>\n<meta property=\"og:url\" content=\"https:\/\/vandapower.com\/es\/componentes-de-la-bateria\/sistemas-de-gestion\/abertax-e\u00b2bms\/\" \/>\n<meta property=\"og:site_name\" content=\"Vandapower | Components and Cable Assemblies for Industrial Batteries\" \/>\n<meta property=\"article:modified_time\" content=\"2022-05-03T14:57:13+00:00\" \/>\n<meta name=\"twitter:card\" content=\"summary_large_image\" \/>\n<meta name=\"twitter:label1\" content=\"Tiempo de lectura\" \/>\n\t<meta name=\"twitter:data1\" content=\"6 minutos\" \/>\n<script type=\"application\/ld+json\" class=\"yoast-schema-graph\">{\"@context\":\"https:\\\/\\\/schema.org\",\"@graph\":[{\"@type\":\"WebPage\",\"@id\":\"https:\\\/\\\/vandapower.com\\\/es\\\/componentes-de-la-bateria\\\/sistemas-de-gestion\\\/abertax-e%c2%b2bms\\\/\",\"url\":\"https:\\\/\\\/vandapower.com\\\/es\\\/componentes-de-la-bateria\\\/sistemas-de-gestion\\\/abertax-e%c2%b2bms\\\/\",\"name\":\"ABERTAX e\u00b2BMS - Vandapower | Components and Cable Assemblies for Industrial Batteries\",\"isPartOf\":{\"@id\":\"https:\\\/\\\/vandapower.com\\\/be-nl\\\/#website\"},\"datePublished\":\"2021-12-03T10:50:53+00:00\",\"dateModified\":\"2022-05-03T14:57:13+00:00\",\"breadcrumb\":{\"@id\":\"https:\\\/\\\/vandapower.com\\\/es\\\/componentes-de-la-bateria\\\/sistemas-de-gestion\\\/abertax-e%c2%b2bms\\\/#breadcrumb\"},\"inLanguage\":\"es\",\"potentialAction\":[{\"@type\":\"ReadAction\",\"target\":[\"https:\\\/\\\/vandapower.com\\\/es\\\/componentes-de-la-bateria\\\/sistemas-de-gestion\\\/abertax-e%c2%b2bms\\\/\"]}]},{\"@type\":\"BreadcrumbList\",\"@id\":\"https:\\\/\\\/vandapower.com\\\/es\\\/componentes-de-la-bateria\\\/sistemas-de-gestion\\\/abertax-e%c2%b2bms\\\/#breadcrumb\",\"itemListElement\":[{\"@type\":\"ListItem\",\"position\":1,\"name\":\"Home\",\"item\":\"https:\\\/\\\/vandapower.com\\\/es\\\/home\\\/\"},{\"@type\":\"ListItem\",\"position\":2,\"name\":\"Productos\",\"item\":\"https:\\\/\\\/vandapower.com\\\/es\\\/componentes-de-la-bateria\\\/\"},{\"@type\":\"ListItem\",\"position\":3,\"name\":\"Sistemas de gesti\u00f3n\",\"item\":\"https:\\\/\\\/vandapower.com\\\/es\\\/componentes-de-la-bateria\\\/sistemas-de-gestion\\\/\"},{\"@type\":\"ListItem\",\"position\":4,\"name\":\"ABERTAX e\u00b2BMS\"}]},{\"@type\":\"WebSite\",\"@id\":\"https:\\\/\\\/vandapower.com\\\/be-nl\\\/#website\",\"url\":\"https:\\\/\\\/vandapower.com\\\/be-nl\\\/\",\"name\":\"Vandapower | Components and Cable Assemblies for Industrial Batteries\",\"description\":\"Through our product knowledge, our buffer stock and our flexible organization, we can deliver your components for industrial batteries quickly and customized to your needs\",\"publisher\":{\"@id\":\"https:\\\/\\\/vandapower.com\\\/be-nl\\\/#organization\"},\"potentialAction\":[{\"@type\":\"SearchAction\",\"target\":{\"@type\":\"EntryPoint\",\"urlTemplate\":\"https:\\\/\\\/vandapower.com\\\/be-nl\\\/?s={search_term_string}\"},\"query-input\":{\"@type\":\"PropertyValueSpecification\",\"valueRequired\":true,\"valueName\":\"search_term_string\"}}],\"inLanguage\":\"es\"},{\"@type\":\"Organization\",\"@id\":\"https:\\\/\\\/vandapower.com\\\/be-nl\\\/#organization\",\"name\":\"Vandapower\",\"url\":\"https:\\\/\\\/vandapower.com\\\/be-nl\\\/\",\"logo\":{\"@type\":\"ImageObject\",\"inLanguage\":\"es\",\"@id\":\"https:\\\/\\\/vandapower.com\\\/be-nl\\\/#\\\/schema\\\/logo\\\/image\\\/\",\"url\":\"https:\\\/\\\/vandapower.eu\\\/wp-content\\\/uploads\\\/2021\\\/07\\\/logo-Vandapower-tagline.svg\",\"contentUrl\":\"https:\\\/\\\/vandapower.eu\\\/wp-content\\\/uploads\\\/2021\\\/07\\\/logo-Vandapower-tagline.svg\",\"width\":1321,\"height\":1088,\"caption\":\"Vandapower\"},\"image\":{\"@id\":\"https:\\\/\\\/vandapower.com\\\/be-nl\\\/#\\\/schema\\\/logo\\\/image\\\/\"}}]}<\/script>\n<!-- \/ Yoast SEO plugin. -->","yoast_head_json":{"title":"ABERTAX e\u00b2BMS - Vandapower | Components and Cable Assemblies for Industrial Batteries","robots":{"index":"index","follow":"follow","max-snippet":"max-snippet:-1","max-image-preview":"max-image-preview:large","max-video-preview":"max-video-preview:-1"},"canonical":"https:\/\/vandapower.com\/es\/componentes-de-la-bateria\/sistemas-de-gestion\/abertax-e\u00b2bms\/","og_locale":"es_ES","og_type":"article","og_title":"ABERTAX e\u00b2BMS - Vandapower | Components and Cable Assemblies for Industrial Batteries","og_description":"One-stop shopEntrega puntualAsesoramiento t\u00e9cnico independienteABERTAX e\u00b2BMSe\u00b2 BMS es uno de los sistemas de gesti\u00f3n de bater\u00edas de Abertax Technologies de nuestra gama. Le proporciona informaci\u00f3n sobre el estado de todas sus bater\u00edas, como el voltaje, el nivel de \u00e1cido, la temperatura, etc. No s\u00f3lo le muestra el estado actual, sino que tambi\u00e9n almacena datos del [&hellip;]","og_url":"https:\/\/vandapower.com\/es\/componentes-de-la-bateria\/sistemas-de-gestion\/abertax-e\u00b2bms\/","og_site_name":"Vandapower | Components and Cable Assemblies for Industrial Batteries","article_modified_time":"2022-05-03T14:57:13+00:00","twitter_card":"summary_large_image","twitter_misc":{"Tiempo de lectura":"6 minutos"},"schema":{"@context":"https:\/\/schema.org","@graph":[{"@type":"WebPage","@id":"https:\/\/vandapower.com\/es\/componentes-de-la-bateria\/sistemas-de-gestion\/abertax-e%c2%b2bms\/","url":"https:\/\/vandapower.com\/es\/componentes-de-la-bateria\/sistemas-de-gestion\/abertax-e%c2%b2bms\/","name":"ABERTAX e\u00b2BMS - Vandapower | Components and Cable Assemblies for Industrial Batteries","isPartOf":{"@id":"https:\/\/vandapower.com\/be-nl\/#website"},"datePublished":"2021-12-03T10:50:53+00:00","dateModified":"2022-05-03T14:57:13+00:00","breadcrumb":{"@id":"https:\/\/vandapower.com\/es\/componentes-de-la-bateria\/sistemas-de-gestion\/abertax-e%c2%b2bms\/#breadcrumb"},"inLanguage":"es","potentialAction":[{"@type":"ReadAction","target":["https:\/\/vandapower.com\/es\/componentes-de-la-bateria\/sistemas-de-gestion\/abertax-e%c2%b2bms\/"]}]},{"@type":"BreadcrumbList","@id":"https:\/\/vandapower.com\/es\/componentes-de-la-bateria\/sistemas-de-gestion\/abertax-e%c2%b2bms\/#breadcrumb","itemListElement":[{"@type":"ListItem","position":1,"name":"Home","item":"https:\/\/vandapower.com\/es\/home\/"},{"@type":"ListItem","position":2,"name":"Productos","item":"https:\/\/vandapower.com\/es\/componentes-de-la-bateria\/"},{"@type":"ListItem","position":3,"name":"Sistemas de gesti\u00f3n","item":"https:\/\/vandapower.com\/es\/componentes-de-la-bateria\/sistemas-de-gestion\/"},{"@type":"ListItem","position":4,"name":"ABERTAX e\u00b2BMS"}]},{"@type":"WebSite","@id":"https:\/\/vandapower.com\/be-nl\/#website","url":"https:\/\/vandapower.com\/be-nl\/","name":"Vandapower | Components and Cable Assemblies for Industrial Batteries","description":"Through our product knowledge, our buffer stock and our flexible organization, we can deliver your components for industrial batteries quickly and customized to your needs","publisher":{"@id":"https:\/\/vandapower.com\/be-nl\/#organization"},"potentialAction":[{"@type":"SearchAction","target":{"@type":"EntryPoint","urlTemplate":"https:\/\/vandapower.com\/be-nl\/?s={search_term_string}"},"query-input":{"@type":"PropertyValueSpecification","valueRequired":true,"valueName":"search_term_string"}}],"inLanguage":"es"},{"@type":"Organization","@id":"https:\/\/vandapower.com\/be-nl\/#organization","name":"Vandapower","url":"https:\/\/vandapower.com\/be-nl\/","logo":{"@type":"ImageObject","inLanguage":"es","@id":"https:\/\/vandapower.com\/be-nl\/#\/schema\/logo\/image\/","url":"https:\/\/vandapower.eu\/wp-content\/uploads\/2021\/07\/logo-Vandapower-tagline.svg","contentUrl":"https:\/\/vandapower.eu\/wp-content\/uploads\/2021\/07\/logo-Vandapower-tagline.svg","width":1321,"height":1088,"caption":"Vandapower"},"image":{"@id":"https:\/\/vandapower.com\/be-nl\/#\/schema\/logo\/image\/"}}]}},"_links":{"self":[{"href":"https:\/\/vandapower.com\/es\/wp-json\/wp\/v2\/pages\/7372","targetHints":{"allow":["GET"]}}],"collection":[{"href":"https:\/\/vandapower.com\/es\/wp-json\/wp\/v2\/pages"}],"about":[{"href":"https:\/\/vandapower.com\/es\/wp-json\/wp\/v2\/types\/page"}],"author":[{"embeddable":true,"href":"https:\/\/vandapower.com\/es\/wp-json\/wp\/v2\/users\/1"}],"replies":[{"embeddable":true,"href":"https:\/\/vandapower.com\/es\/wp-json\/wp\/v2\/comments?post=7372"}],"version-history":[{"count":9,"href":"https:\/\/vandapower.com\/es\/wp-json\/wp\/v2\/pages\/7372\/revisions"}],"predecessor-version":[{"id":15081,"href":"https:\/\/vandapower.com\/es\/wp-json\/wp\/v2\/pages\/7372\/revisions\/15081"}],"up":[{"embeddable":true,"href":"https:\/\/vandapower.com\/es\/wp-json\/wp\/v2\/pages\/7555"}],"wp:attachment":[{"href":"https:\/\/vandapower.com\/es\/wp-json\/wp\/v2\/media?parent=7372"}],"curies":[{"name":"wp","href":"https:\/\/api.w.org\/{rel}","templated":true}]}}