{"id":7203,"date":"2021-12-02T20:27:44","date_gmt":"2021-12-02T20:27:44","guid":{"rendered":"https:\/\/vandapower.eu\/componentes-de-la-bateria\/accesorios-para-el-sistema-de-llenado\/"},"modified":"2023-07-11T16:22:40","modified_gmt":"2023-07-11T14:22:40","slug":"accesorios-para-el-sistema-de-llenado","status":"publish","type":"page","link":"https:\/\/vandapower.com\/es\/componentes-de-la-bateria\/accesorios-para-el-sistema-de-llenado\/","title":{"rendered":"Accesorios para el sistema de llenado"},"content":{"rendered":"<p>[et_pb_section fb_built=\u00bb1&#8243; _builder_version=\u00bb4.16&#8243; _module_preset=\u00bbdefault\u00bb custom_padding=\u00bb0px||0px||true|false\u00bb da_disable_devices=\u00bboff|off|off\u00bb global_colors_info=\u00bb{}\u00bb da_is_popup=\u00bboff\u00bb da_exit_intent=\u00bboff\u00bb da_has_close=\u00bbon\u00bb da_alt_close=\u00bboff\u00bb da_dark_close=\u00bboff\u00bb da_not_modal=\u00bbon\u00bb da_is_singular=\u00bboff\u00bb da_with_loader=\u00bboff\u00bb da_has_shadow=\u00bbon\u00bb][et_pb_row module_class=\u00bbusp-header\u00bb _builder_version=\u00bb4.14.5&#8243; _module_preset=\u00bbdefault\u00bb width=\u00bb85%\u00bb custom_padding=\u00bb||0px||false|false\u00bb global_module=\u00bb2256&#8243; saved_tabs=\u00bball\u00bb global_colors_info=\u00bb{}\u00bb][et_pb_column type=\u00bb4_4&#8243; _builder_version=\u00bb4.16&#8243; _module_preset=\u00bbdefault\u00bb global_colors_info=\u00bb{}\u00bb][et_pb_blurb image=\u00bbhttps:\/\/vandapower.eu\/wp-content\/uploads\/\/2021\/07\/One-stop-Shop.svg\u00bb icon_placement=\u00bbleft\u00bb image_icon_width=\u00bb20px\u00bb _builder_version=\u00bb4.16&#8243; _module_preset=\u00bbdefault\u00bb body_font_size=\u00bb14px\u00bb body_line_height=\u00bb1.4em\u00bb width=\u00bb13%\u00bb width_tablet=\u00bb30%\u00bb width_phone=\u00bb100%\u00bb width_last_edited=\u00bbon|phone\u00bb custom_margin=\u00bb0px||10px||false|false\u00bb custom_padding=\u00bb||0px|0px|false|false\u00bb link_option_url=\u00bbhttps:\/\/vandapower.eu\/en\/why-vandapower\/#onestop\u00bb custom_css_main_element=\u00bbdisplay: inline-block;||\u00bb image_max_width=\u00bb20px\u00bb global_colors_info=\u00bb{}\u00bb content__hover_enabled=\u00bboff|hover\u00bb content__hover=\u00bb<\/p>\n<p><span style=%22text-decoration: underline;%22><span class=%22red%22>One-stop<\/span> shop<\/span><\/p>\n<p>\u00ab]<\/p>\n<p><span class=\"red\">One-stop<\/span> shop<\/p>\n<p>[\/et_pb_blurb][et_pb_blurb image=\u00bbhttps:\/\/vandapower.eu\/wp-content\/uploads\/\/2021\/07\/On-time-Delivery.svg\u00bb icon_placement=\u00bbleft\u00bb image_icon_width=\u00bb20px\u00bb _builder_version=\u00bb4.16&#8243; _module_preset=\u00bbdefault\u00bb body_font_size=\u00bb14px\u00bb body_line_height=\u00bb1.4em\u00bb width=\u00bb16%\u00bb width_tablet=\u00bb30%\u00bb width_phone=\u00bb100%\u00bb width_last_edited=\u00bbon|phone\u00bb custom_margin=\u00bb0px||10px||false|false\u00bb custom_padding=\u00bb||0px|0px|false|false\u00bb link_option_url=\u00bbhttps:\/\/vandapower.eu\/en\/why-vandapower\/#ontime\u00bb custom_css_main_element=\u00bbdisplay: inline-block;\u00bb image_max_width=\u00bb20px\u00bb global_colors_info=\u00bb{}\u00bb content__hover_enabled=\u00bboff|hover\u00bb content__hover=\u00bb<\/p>\n<p><span style=%22text-decoration: underline;%22><span class=%22red%22>Tijdige<\/span> levering<\/span><\/p>\n<p>\u00ab]<span class=\"red\">Entrega<\/span> completa[\/et_pb_blurb][et_pb_blurb image=\u00bbhttps:\/\/vandapower.eu\/wp-content\/uploads\/\/2021\/07\/Independent-Technical-Advice.svg\u00bb icon_placement=\u00bbleft\u00bb image_icon_width=\u00bb18px\u00bb content_last_edited=\u00bboff|desktop\u00bb _builder_version=\u00bb4.19.4&#8243; _module_preset=\u00bbdefault\u00bb body_font_size=\u00bb14px\u00bb body_line_height=\u00bb2em\u00bb width=\u00bb25%\u00bb width_tablet=\u00bb39%\u00bb width_phone=\u00bb100%\u00bb width_last_edited=\u00bbon|phone\u00bb custom_margin=\u00bb||5px|-25px|false|false\u00bb custom_padding=\u00bb||0px|0px|false|false\u00bb link_option_url=\u00bbhttps:\/\/vandapower.eu\/en\/why-vandapower\/#independent\u00bb custom_css_main_element=\u00bbdisplay: inline-block;\u00bb image_max_width=\u00bb18px\u00bb global_colors_info=\u00bb{}\u00bb content__hover_enabled=\u00bboff|desktop\u00bb content__hover=\u00bb<\/p>\n<p><span style=%22text-decoration: underline;%22>Onafhankelijk <span class=%22red%22>technisch advies<\/span><\/span><\/p>\n<p>\u00ab]<\/p>\n<p><span class=\"red\">Independent<\/span> technical advice<\/p>\n<p>[\/et_pb_blurb][\/et_pb_column][\/et_pb_row][\/et_pb_section][et_pb_section fb_built=\u00bb1&#8243; _builder_version=\u00bb4.16&#8243; _module_preset=\u00bbdefault\u00bb custom_padding=\u00bb0px||0px||false|false\u00bb da_disable_devices=\u00bboff|off|off\u00bb global_colors_info=\u00bb{}\u00bb da_is_popup=\u00bboff\u00bb da_exit_intent=\u00bboff\u00bb da_has_close=\u00bbon\u00bb da_alt_close=\u00bboff\u00bb da_dark_close=\u00bboff\u00bb da_not_modal=\u00bbon\u00bb da_is_singular=\u00bboff\u00bb da_with_loader=\u00bboff\u00bb da_has_shadow=\u00bbon\u00bb][et_pb_row _builder_version=\u00bb4.16&#8243; _module_preset=\u00bbdefault\u00bb global_colors_info=\u00bb{}\u00bb][et_pb_column type=\u00bb4_4&#8243; _builder_version=\u00bb4.16&#8243; _module_preset=\u00bbdefault\u00bb global_colors_info=\u00bb{}\u00bb][et_pb_text _builder_version=\u00bb4.16&#8243; _module_preset=\u00bbdefault\u00bb global_colors_info=\u00bb{}\u00bb]<\/p>\n<h1>Accesorios para el sistema de llenado<\/h1>\n<p>[\/et_pb_text][et_pb_text _builder_version=\u00bb4.16&#8243; _module_preset=\u00bbdefault\u00bb custom_margin=\u00bb||40px||false|false\u00bb global_colors_info=\u00bb{}\u00bb]<\/p>\n<p>Las bater\u00edas de plomo contienen agua y \u00e1cido sulf\u00farico. Cuando la bater\u00eda est\u00e1 en uso, esta agua se evapora y el nivel del electrolito desciende. Para mantener la bater\u00eda de plomo en buen estado y segura, hay que rellenar el agua regularmente. Ah\u00ed es donde estos sistemas de recarga de agua y accesorios resultan \u00fatiles. Te ayudar\u00e1n a la hora de recargar las pilas.<\/p>\n<p>En vandapower, disponemos de varios tipos de herramientas, piezas y sistemas para rellenar las bater\u00edas de plomo. No dude en pedirnos<span> <\/span><a href=\"https:\/\/www.vandapower.com\/be-nl\/contact\" target=\"_blank\" rel=\"noopener\">consejo<\/a><span> <\/span>para preguntar por el sistema que mejor se adapte a sus necesidades. Nuestro personal, con conocimientos y experiencia, le ayudar\u00e1 a encontrarlo. Tambi\u00e9n ofrecemos todos los dem\u00e1s tipos de componentes para bater\u00edas, lo que convierte a Vandapower en una ventanilla \u00fanica que opera en todo el mundo.<\/p>\n<p>[\/et_pb_text][\/et_pb_column][\/et_pb_row][\/et_pb_section][et_pb_section fb_built=\u00bb1&#8243; _builder_version=\u00bb4.16&#8243; _module_preset=\u00bbdefault\u00bb background_color=\u00bb#f5f5f5&#8243; da_disable_devices=\u00bboff|off|off\u00bb global_colors_info=\u00bb{}\u00bb da_is_popup=\u00bboff\u00bb da_exit_intent=\u00bboff\u00bb da_has_close=\u00bbon\u00bb da_alt_close=\u00bboff\u00bb da_dark_close=\u00bboff\u00bb da_not_modal=\u00bbon\u00bb da_is_singular=\u00bboff\u00bb da_with_loader=\u00bboff\u00bb da_has_shadow=\u00bbon\u00bb][et_pb_row column_structure=\u00bb1_4,1_4,1_4,1_4&#8243; use_custom_gutter=\u00bbon\u00bb gutter_width=\u00bb2&#8243; make_equal=\u00bbon\u00bb _builder_version=\u00bb4.16&#8243; _module_preset=\u00bbdefault\u00bb global_colors_info=\u00bb{}\u00bb][et_pb_column type=\u00bb1_4&#8243; _builder_version=\u00bb4.16&#8243; _module_preset=\u00bbdefault\u00bb global_colors_info=\u00bb{}\u00bb][et_pb_blurb title=\u00bbSistema de llenado de bater\u00edas BFS\u00bb image=\u00bbhttps:\/\/vandapower.com\/wp-content\/uploads\/2023\/07\/BFS-1.png\u00bb _builder_version=\u00bb4.21.0&#8243; _dynamic_attributes=\u00bblink_option_url\u00bb _module_preset=\u00bbdefault\u00bb header_text_align=\u00bbcenter\u00bb header_font_size=\u00bb16px\u00bb height=\u00bb320px\u00bb custom_margin=\u00bb||28px||false|false\u00bb custom_padding=\u00bb|0px||0px|false|true\u00bb link_option_url=\u00bb@ET-DC@eyJkeW5hbWljIjp0cnVlLCJjb250ZW50IjoicG9zdF9saW5rX3VybF9wYWdlIiwic2V0dGluZ3MiOnsicG9zdF9pZCI6IjI2MjgifX0=@\u00bb global_colors_info=\u00bb{}\u00bb header_text_color__hover_enabled=\u00bbon|desktop\u00bb header_text_color__hover=\u00bb#E41800&#8243;][\/et_pb_blurb][\/et_pb_column][et_pb_column type=\u00bb1_4&#8243; _builder_version=\u00bb4.16&#8243; _module_preset=\u00bbdefault\u00bb global_colors_info=\u00bb{}\u00bb][et_pb_blurb title=\u00bbPHILADELPHIA SCIENTIFIC Water Injectors\u00bb image=\u00bbhttps:\/\/vandapower.com\/wp-content\/uploads\/2023\/07\/Water-injector-systems.png\u00bb _builder_version=\u00bb4.21.0&#8243; _dynamic_attributes=\u00bblink_option_url\u00bb _module_preset=\u00bbdefault\u00bb header_text_align=\u00bbcenter\u00bb header_font_size=\u00bb16px\u00bb custom_margin=\u00bb||28px||false|false\u00bb custom_padding=\u00bb|0px||0px|false|true\u00bb link_option_url=\u00bb@ET-DC@eyJkeW5hbWljIjp0cnVlLCJjb250ZW50IjoicG9zdF9saW5rX3VybF9wYWdlIiwic2V0dGluZ3MiOnsicG9zdF9pZCI6IjI2MzAifX0=@\u00bb global_colors_info=\u00bb{}\u00bb header_text_color__hover_enabled=\u00bbon|desktop\u00bb header_text_color__hover=\u00bb#E41800&#8243;][\/et_pb_blurb][\/et_pb_column][et_pb_column type=\u00bb1_4&#8243; _builder_version=\u00bb4.16&#8243; _module_preset=\u00bbdefault\u00bb global_colors_info=\u00bb{}\u00bb][et_pb_blurb title=\u00bbAtajos\u00bb image=\u00bbhttps:\/\/vandapower.com\/wp-content\/uploads\/2023\/07\/Watervaten-1.png\u00bb _builder_version=\u00bb4.21.0&#8243; _dynamic_attributes=\u00bblink_option_url\u00bb _module_preset=\u00bbdefault\u00bb header_text_align=\u00bbcenter\u00bb header_font_size=\u00bb16px\u00bb custom_margin=\u00bb||28px||false|false\u00bb custom_padding=\u00bb|0px||0px|false|true\u00bb link_option_url=\u00bb@ET-DC@eyJkeW5hbWljIjp0cnVlLCJjb250ZW50IjoicG9zdF9saW5rX3VybF9wYWdlIiwic2V0dGluZ3MiOnsicG9zdF9pZCI6IjI2MzIifX0=@\u00bb hover_enabled=\u00bb0&#8243; global_colors_info=\u00bb{}\u00bb header_text_color__hover_enabled=\u00bbon|desktop\u00bb header_text_color__hover=\u00bb#E41800&#8243; title_text=\u00bbWatervaten (1)\u00bb sticky_enabled=\u00bb0&#8243;][\/et_pb_blurb][\/et_pb_column][et_pb_column type=\u00bb1_4&#8243; _builder_version=\u00bb4.16&#8243; _module_preset=\u00bbdefault\u00bb global_colors_info=\u00bb{}\u00bb][et_pb_blurb title=\u00bbDesmineralizadores\u00bb image=\u00bbhttps:\/\/vandapower.com\/wp-content\/uploads\/2023\/07\/Demineralisator-1.png\u00bb _builder_version=\u00bb4.21.0&#8243; _dynamic_attributes=\u00bblink_option_url\u00bb _module_preset=\u00bbdefault\u00bb header_text_align=\u00bbcenter\u00bb header_font_size=\u00bb16px\u00bb custom_margin=\u00bb||28px||false|false\u00bb custom_padding=\u00bb|0px||0px|false|true\u00bb link_option_url=\u00bb@ET-DC@eyJkeW5hbWljIjp0cnVlLCJjb250ZW50IjoicG9zdF9saW5rX3VybF9wYWdlIiwic2V0dGluZ3MiOnsicG9zdF9pZCI6IjI2MzQifX0=@\u00bb hover_enabled=\u00bb0&#8243; global_colors_info=\u00bb{}\u00bb header_text_color__hover_enabled=\u00bbon|desktop\u00bb header_text_color__hover=\u00bb#E41800&#8243; title_text=\u00bbDemineralisator (1)\u00bb sticky_enabled=\u00bb0&#8243;][\/et_pb_blurb][\/et_pb_column][\/et_pb_row][et_pb_row column_structure=\u00bb1_4,1_4,1_4,1_4&#8243; use_custom_gutter=\u00bbon\u00bb gutter_width=\u00bb2&#8243; make_equal=\u00bbon\u00bb _builder_version=\u00bb4.16&#8243; _module_preset=\u00bbdefault\u00bb global_colors_info=\u00bb{}\u00bb][et_pb_column type=\u00bb1_4&#8243; _builder_version=\u00bb4.16&#8243; _module_preset=\u00bbdefault\u00bb global_colors_info=\u00bb{}\u00bb][et_pb_blurb title=\u00bbWatercaddy&#8217;s\u00bb image=\u00bbhttps:\/\/vandapower.com\/wp-content\/uploads\/2023\/07\/Philadelphia-Scientific-Watercart-1-1.png\u00bb _builder_version=\u00bb4.21.0&#8243; _dynamic_attributes=\u00bblink_option_url\u00bb _module_preset=\u00bbdefault\u00bb header_text_align=\u00bbcenter\u00bb header_font_size=\u00bb16px\u00bb custom_margin=\u00bb||28px||false|false\u00bb custom_padding=\u00bb|0px||0px|false|true\u00bb link_option_url=\u00bb@ET-DC@eyJkeW5hbWljIjp0cnVlLCJjb250ZW50IjoicG9zdF9saW5rX3VybF9wYWdlIiwic2V0dGluZ3MiOnsicG9zdF9pZCI6IjI2MzYifX0=@\u00bb global_colors_info=\u00bb{}\u00bb header_text_color__hover_enabled=\u00bbon|desktop\u00bb header_text_color__hover=\u00bb#E41800&#8243;][\/et_pb_blurb][\/et_pb_column][et_pb_column type=\u00bb1_4&#8243; _builder_version=\u00bb4.16&#8243; _module_preset=\u00bbdefault\u00bb global_colors_info=\u00bb{}\u00bb][et_pb_blurb title=\u00bbPistolas de agua\u00bb image=\u00bbhttps:\/\/vandapower.com\/wp-content\/uploads\/2023\/07\/Battery-watering-gun-.png\u00bb _builder_version=\u00bb4.21.0&#8243; _dynamic_attributes=\u00bblink_option_url\u00bb _module_preset=\u00bbdefault\u00bb header_text_align=\u00bbcenter\u00bb header_font_size=\u00bb16px\u00bb custom_margin=\u00bb||28px||false|false\u00bb custom_padding=\u00bb|0px||0px|false|true\u00bb link_option_url=\u00bb@ET-DC@eyJkeW5hbWljIjp0cnVlLCJjb250ZW50IjoicG9zdF9saW5rX3VybF9wYWdlIiwic2V0dGluZ3MiOnsicG9zdF9pZCI6IjI2MzgifX0=@\u00bb global_colors_info=\u00bb{}\u00bb header_text_color__hover_enabled=\u00bbon|desktop\u00bb header_text_color__hover=\u00bb#E41800&#8243;][\/et_pb_blurb][\/et_pb_column][et_pb_column type=\u00bb1_4&#8243; _builder_version=\u00bb4.16&#8243; _module_preset=\u00bbdefault\u00bb global_colors_info=\u00bb{}\u00bb][et_pb_blurb title=\u00bbBarriles de agua\u00bb image=\u00bbhttps:\/\/vandapower.com\/wp-content\/uploads\/2023\/07\/Watervaten.png\u00bb _builder_version=\u00bb4.21.0&#8243; _dynamic_attributes=\u00bblink_option_url\u00bb _module_preset=\u00bbdefault\u00bb header_text_align=\u00bbcenter\u00bb header_font_size=\u00bb16px\u00bb custom_margin=\u00bb||28px||false|false\u00bb custom_padding=\u00bb|0px||0px|false|true\u00bb link_option_url=\u00bb@ET-DC@eyJkeW5hbWljIjp0cnVlLCJjb250ZW50IjoicG9zdF9saW5rX3VybF9wYWdlIiwic2V0dGluZ3MiOnsicG9zdF9pZCI6IjI2NDAifX0=@\u00bb global_colors_info=\u00bb{}\u00bb header_text_color__hover_enabled=\u00bbon|desktop\u00bb header_text_color__hover=\u00bb#E41800&#8243;][\/et_pb_blurb][\/et_pb_column][et_pb_column type=\u00bb1_4&#8243; _builder_version=\u00bb4.16&#8243; _module_preset=\u00bbdefault\u00bb global_colors_info=\u00bb{}\u00bb][\/et_pb_column][\/et_pb_row][\/et_pb_section]<\/p>\n","protected":false},"excerpt":{"rendered":"<p>One-stop shopEntrega completaIndependent technical adviceAccesorios para el sistema de llenadoLas bater\u00edas de plomo contienen agua y \u00e1cido sulf\u00farico. Cuando la bater\u00eda est\u00e1 en uso, esta agua se evapora y el nivel del electrolito desciende. Para mantener la bater\u00eda de plomo en buen estado y segura, hay que rellenar el agua regularmente. Ah\u00ed es donde estos [&hellip;]<\/p>\n","protected":false},"author":1,"featured_media":0,"parent":5247,"menu_order":0,"comment_status":"closed","ping_status":"closed","template":"","meta":{"_et_pb_use_builder":"on","_et_pb_old_content":"","_et_gb_content_width":"","om_disable_all_campaigns":false,"inline_featured_image":false,"_monsterinsights_skip_tracking":false,"_monsterinsights_sitenote_active":false,"_monsterinsights_sitenote_note":"","_monsterinsights_sitenote_category":0,"_uf_show_specific_survey":0,"_uf_disable_surveys":false,"footnotes":""},"class_list":["post-7203","page","type-page","status-publish","hentry"],"yoast_head":"<!-- This site is optimized with the Yoast SEO plugin v27.4 - https:\/\/yoast.com\/product\/yoast-seo-wordpress\/ -->\n<title>Accesorios para el sistema de llenado - Vandapower<\/title>\n<meta name=\"description\" content=\"Las bater\u00edas de plomo contienen agua y \u00e1cido sulf\u00farico. Cuando la bater\u00eda est\u00e1 en uso, esta agua se evapora y el nivel del electrolito desciende. Para mantener la bater\u00eda de plomo en buen estado y segura, hay que rellenar el agua regularmente. Ah\u00ed es donde estos sistemas de recarga de agua y accesorios resultan \u00fatiles. Te ayudar\u00e1n a la hora de recargar las pilas.\" \/>\n<meta name=\"robots\" content=\"index, follow, max-snippet:-1, max-image-preview:large, max-video-preview:-1\" \/>\n<link rel=\"canonical\" href=\"https:\/\/vandapower.com\/es\/componentes-de-la-bateria\/accesorios-para-el-sistema-de-llenado\/\" \/>\n<meta property=\"og:locale\" content=\"es_ES\" \/>\n<meta property=\"og:type\" content=\"article\" \/>\n<meta property=\"og:title\" content=\"Accesorios para el sistema de llenado - Vandapower\" \/>\n<meta property=\"og:description\" content=\"Las bater\u00edas de plomo contienen agua y \u00e1cido sulf\u00farico. Cuando la bater\u00eda est\u00e1 en uso, esta agua se evapora y el nivel del electrolito desciende. Para mantener la bater\u00eda de plomo en buen estado y segura, hay que rellenar el agua regularmente. Ah\u00ed es donde estos sistemas de recarga de agua y accesorios resultan \u00fatiles. Te ayudar\u00e1n a la hora de recargar las pilas.\" \/>\n<meta property=\"og:url\" content=\"https:\/\/vandapower.com\/es\/componentes-de-la-bateria\/accesorios-para-el-sistema-de-llenado\/\" \/>\n<meta property=\"og:site_name\" content=\"Vandapower | Components and Cable Assemblies for Industrial Batteries\" \/>\n<meta property=\"article:modified_time\" content=\"2023-07-11T14:22:40+00:00\" \/>\n<meta name=\"twitter:card\" content=\"summary_large_image\" \/>\n<meta name=\"twitter:label1\" content=\"Tiempo de lectura\" \/>\n\t<meta name=\"twitter:data1\" content=\"7 minutos\" \/>\n<script type=\"application\/ld+json\" class=\"yoast-schema-graph\">{\"@context\":\"https:\\\/\\\/schema.org\",\"@graph\":[{\"@type\":\"WebPage\",\"@id\":\"https:\\\/\\\/vandapower.com\\\/es\\\/componentes-de-la-bateria\\\/accesorios-para-el-sistema-de-llenado\\\/\",\"url\":\"https:\\\/\\\/vandapower.com\\\/es\\\/componentes-de-la-bateria\\\/accesorios-para-el-sistema-de-llenado\\\/\",\"name\":\"Accesorios para el sistema de llenado - Vandapower\",\"isPartOf\":{\"@id\":\"https:\\\/\\\/vandapower.com\\\/be-nl\\\/#website\"},\"datePublished\":\"2021-12-02T20:27:44+00:00\",\"dateModified\":\"2023-07-11T14:22:40+00:00\",\"description\":\"Las bater\u00edas de plomo contienen agua y \u00e1cido sulf\u00farico. Cuando la bater\u00eda est\u00e1 en uso, esta agua se evapora y el nivel del electrolito desciende. Para mantener la bater\u00eda de plomo en buen estado y segura, hay que rellenar el agua regularmente. Ah\u00ed es donde estos sistemas de recarga de agua y accesorios resultan \u00fatiles. Te ayudar\u00e1n a la hora de recargar las pilas.\",\"breadcrumb\":{\"@id\":\"https:\\\/\\\/vandapower.com\\\/es\\\/componentes-de-la-bateria\\\/accesorios-para-el-sistema-de-llenado\\\/#breadcrumb\"},\"inLanguage\":\"es\",\"potentialAction\":[{\"@type\":\"ReadAction\",\"target\":[\"https:\\\/\\\/vandapower.com\\\/es\\\/componentes-de-la-bateria\\\/accesorios-para-el-sistema-de-llenado\\\/\"]}]},{\"@type\":\"BreadcrumbList\",\"@id\":\"https:\\\/\\\/vandapower.com\\\/es\\\/componentes-de-la-bateria\\\/accesorios-para-el-sistema-de-llenado\\\/#breadcrumb\",\"itemListElement\":[{\"@type\":\"ListItem\",\"position\":1,\"name\":\"Home\",\"item\":\"https:\\\/\\\/vandapower.com\\\/es\\\/home\\\/\"},{\"@type\":\"ListItem\",\"position\":2,\"name\":\"Productos\",\"item\":\"https:\\\/\\\/vandapower.com\\\/es\\\/componentes-de-la-bateria\\\/\"},{\"@type\":\"ListItem\",\"position\":3,\"name\":\"Accesorios para el sistema de llenado\"}]},{\"@type\":\"WebSite\",\"@id\":\"https:\\\/\\\/vandapower.com\\\/be-nl\\\/#website\",\"url\":\"https:\\\/\\\/vandapower.com\\\/be-nl\\\/\",\"name\":\"Vandapower | Components and Cable Assemblies for Industrial Batteries\",\"description\":\"Through our product knowledge, our buffer stock and our flexible organization, we can deliver your components for industrial batteries quickly and customized to your needs\",\"publisher\":{\"@id\":\"https:\\\/\\\/vandapower.com\\\/be-nl\\\/#organization\"},\"potentialAction\":[{\"@type\":\"SearchAction\",\"target\":{\"@type\":\"EntryPoint\",\"urlTemplate\":\"https:\\\/\\\/vandapower.com\\\/be-nl\\\/?s={search_term_string}\"},\"query-input\":{\"@type\":\"PropertyValueSpecification\",\"valueRequired\":true,\"valueName\":\"search_term_string\"}}],\"inLanguage\":\"es\"},{\"@type\":\"Organization\",\"@id\":\"https:\\\/\\\/vandapower.com\\\/be-nl\\\/#organization\",\"name\":\"Vandapower\",\"url\":\"https:\\\/\\\/vandapower.com\\\/be-nl\\\/\",\"logo\":{\"@type\":\"ImageObject\",\"inLanguage\":\"es\",\"@id\":\"https:\\\/\\\/vandapower.com\\\/be-nl\\\/#\\\/schema\\\/logo\\\/image\\\/\",\"url\":\"https:\\\/\\\/vandapower.eu\\\/wp-content\\\/uploads\\\/2021\\\/07\\\/logo-Vandapower-tagline.svg\",\"contentUrl\":\"https:\\\/\\\/vandapower.eu\\\/wp-content\\\/uploads\\\/2021\\\/07\\\/logo-Vandapower-tagline.svg\",\"width\":1321,\"height\":1088,\"caption\":\"Vandapower\"},\"image\":{\"@id\":\"https:\\\/\\\/vandapower.com\\\/be-nl\\\/#\\\/schema\\\/logo\\\/image\\\/\"}}]}<\/script>\n<!-- \/ Yoast SEO plugin. -->","yoast_head_json":{"title":"Accesorios para el sistema de llenado - Vandapower","description":"Las bater\u00edas de plomo contienen agua y \u00e1cido sulf\u00farico. Cuando la bater\u00eda est\u00e1 en uso, esta agua se evapora y el nivel del electrolito desciende. Para mantener la bater\u00eda de plomo en buen estado y segura, hay que rellenar el agua regularmente. Ah\u00ed es donde estos sistemas de recarga de agua y accesorios resultan \u00fatiles. Te ayudar\u00e1n a la hora de recargar las pilas.","robots":{"index":"index","follow":"follow","max-snippet":"max-snippet:-1","max-image-preview":"max-image-preview:large","max-video-preview":"max-video-preview:-1"},"canonical":"https:\/\/vandapower.com\/es\/componentes-de-la-bateria\/accesorios-para-el-sistema-de-llenado\/","og_locale":"es_ES","og_type":"article","og_title":"Accesorios para el sistema de llenado - Vandapower","og_description":"Las bater\u00edas de plomo contienen agua y \u00e1cido sulf\u00farico. Cuando la bater\u00eda est\u00e1 en uso, esta agua se evapora y el nivel del electrolito desciende. Para mantener la bater\u00eda de plomo en buen estado y segura, hay que rellenar el agua regularmente. Ah\u00ed es donde estos sistemas de recarga de agua y accesorios resultan \u00fatiles. Te ayudar\u00e1n a la hora de recargar las pilas.","og_url":"https:\/\/vandapower.com\/es\/componentes-de-la-bateria\/accesorios-para-el-sistema-de-llenado\/","og_site_name":"Vandapower | Components and Cable Assemblies for Industrial Batteries","article_modified_time":"2023-07-11T14:22:40+00:00","twitter_card":"summary_large_image","twitter_misc":{"Tiempo de lectura":"7 minutos"},"schema":{"@context":"https:\/\/schema.org","@graph":[{"@type":"WebPage","@id":"https:\/\/vandapower.com\/es\/componentes-de-la-bateria\/accesorios-para-el-sistema-de-llenado\/","url":"https:\/\/vandapower.com\/es\/componentes-de-la-bateria\/accesorios-para-el-sistema-de-llenado\/","name":"Accesorios para el sistema de llenado - Vandapower","isPartOf":{"@id":"https:\/\/vandapower.com\/be-nl\/#website"},"datePublished":"2021-12-02T20:27:44+00:00","dateModified":"2023-07-11T14:22:40+00:00","description":"Las bater\u00edas de plomo contienen agua y \u00e1cido sulf\u00farico. Cuando la bater\u00eda est\u00e1 en uso, esta agua se evapora y el nivel del electrolito desciende. Para mantener la bater\u00eda de plomo en buen estado y segura, hay que rellenar el agua regularmente. Ah\u00ed es donde estos sistemas de recarga de agua y accesorios resultan \u00fatiles. Te ayudar\u00e1n a la hora de recargar las pilas.","breadcrumb":{"@id":"https:\/\/vandapower.com\/es\/componentes-de-la-bateria\/accesorios-para-el-sistema-de-llenado\/#breadcrumb"},"inLanguage":"es","potentialAction":[{"@type":"ReadAction","target":["https:\/\/vandapower.com\/es\/componentes-de-la-bateria\/accesorios-para-el-sistema-de-llenado\/"]}]},{"@type":"BreadcrumbList","@id":"https:\/\/vandapower.com\/es\/componentes-de-la-bateria\/accesorios-para-el-sistema-de-llenado\/#breadcrumb","itemListElement":[{"@type":"ListItem","position":1,"name":"Home","item":"https:\/\/vandapower.com\/es\/home\/"},{"@type":"ListItem","position":2,"name":"Productos","item":"https:\/\/vandapower.com\/es\/componentes-de-la-bateria\/"},{"@type":"ListItem","position":3,"name":"Accesorios para el sistema de llenado"}]},{"@type":"WebSite","@id":"https:\/\/vandapower.com\/be-nl\/#website","url":"https:\/\/vandapower.com\/be-nl\/","name":"Vandapower | Components and Cable Assemblies for Industrial Batteries","description":"Through our product knowledge, our buffer stock and our flexible organization, we can deliver your components for industrial batteries quickly and customized to your needs","publisher":{"@id":"https:\/\/vandapower.com\/be-nl\/#organization"},"potentialAction":[{"@type":"SearchAction","target":{"@type":"EntryPoint","urlTemplate":"https:\/\/vandapower.com\/be-nl\/?s={search_term_string}"},"query-input":{"@type":"PropertyValueSpecification","valueRequired":true,"valueName":"search_term_string"}}],"inLanguage":"es"},{"@type":"Organization","@id":"https:\/\/vandapower.com\/be-nl\/#organization","name":"Vandapower","url":"https:\/\/vandapower.com\/be-nl\/","logo":{"@type":"ImageObject","inLanguage":"es","@id":"https:\/\/vandapower.com\/be-nl\/#\/schema\/logo\/image\/","url":"https:\/\/vandapower.eu\/wp-content\/uploads\/2021\/07\/logo-Vandapower-tagline.svg","contentUrl":"https:\/\/vandapower.eu\/wp-content\/uploads\/2021\/07\/logo-Vandapower-tagline.svg","width":1321,"height":1088,"caption":"Vandapower"},"image":{"@id":"https:\/\/vandapower.com\/be-nl\/#\/schema\/logo\/image\/"}}]}},"_links":{"self":[{"href":"https:\/\/vandapower.com\/es\/wp-json\/wp\/v2\/pages\/7203","targetHints":{"allow":["GET"]}}],"collection":[{"href":"https:\/\/vandapower.com\/es\/wp-json\/wp\/v2\/pages"}],"about":[{"href":"https:\/\/vandapower.com\/es\/wp-json\/wp\/v2\/types\/page"}],"author":[{"embeddable":true,"href":"https:\/\/vandapower.com\/es\/wp-json\/wp\/v2\/users\/1"}],"replies":[{"embeddable":true,"href":"https:\/\/vandapower.com\/es\/wp-json\/wp\/v2\/comments?post=7203"}],"version-history":[{"count":10,"href":"https:\/\/vandapower.com\/es\/wp-json\/wp\/v2\/pages\/7203\/revisions"}],"predecessor-version":[{"id":21848,"href":"https:\/\/vandapower.com\/es\/wp-json\/wp\/v2\/pages\/7203\/revisions\/21848"}],"up":[{"embeddable":true,"href":"https:\/\/vandapower.com\/es\/wp-json\/wp\/v2\/pages\/5247"}],"wp:attachment":[{"href":"https:\/\/vandapower.com\/es\/wp-json\/wp\/v2\/media?parent=7203"}],"curies":[{"name":"wp","href":"https:\/\/api.w.org\/{rel}","templated":true}]}}