{"id":7195,"date":"2021-12-02T20:25:29","date_gmt":"2021-12-02T20:25:29","guid":{"rendered":"https:\/\/vandapower.eu\/test\/"},"modified":"2021-12-02T20:25:35","modified_gmt":"2021-12-02T20:25:35","slug":"test","status":"publish","type":"page","link":"https:\/\/vandapower.com\/es\/test\/","title":{"rendered":"Test"},"content":{"rendered":"<p>[et_pb_section fb_built=\u00bb1&#8243; _builder_version=\u00bb4.9.7&#8243; _module_preset=\u00bbdefault\u00bb custom_padding=\u00bb0px||0px||true|false\u00bb global_colors_info=\u00bb{}\u00bb da_is_popup=\u00bboff\u00bb da_exit_intent=\u00bboff\u00bb da_has_close=\u00bbon\u00bb da_alt_close=\u00bboff\u00bb da_dark_close=\u00bboff\u00bb da_not_modal=\u00bbon\u00bb da_is_singular=\u00bboff\u00bb da_with_loader=\u00bboff\u00bb da_has_shadow=\u00bbon\u00bb da_disable_devices=\u00bboff|off|off\u00bb][et_pb_row module_class=\u00bbusp-header\u00bb _builder_version=\u00bb4.9.7&#8243; _module_preset=\u00bbdefault\u00bb custom_padding=\u00bb||0px||false|false\u00bb global_module=\u00bb2256&#8243; saved_tabs=\u00bball\u00bb global_colors_info=\u00bb{}\u00bb][et_pb_column type=\u00bb4_4&#8243; _builder_version=\u00bb4.9.7&#8243; _module_preset=\u00bbdefault\u00bb global_colors_info=\u00bb{}\u00bb][et_pb_blurb image=\u00bbhttps:\/\/vandapower.eu\/wp-content\/uploads\/\/2021\/07\/One-stop-Shop.svg\u00bb icon_placement=\u00bbleft\u00bb image_max_width=\u00bb20px\u00bb _builder_version=\u00bb4.9.7&#8243; _module_preset=\u00bbdefault\u00bb body_font_size=\u00bb14px\u00bb body_line_height=\u00bb1.4em\u00bb width=\u00bb13%\u00bb width_tablet=\u00bb30%\u00bb width_phone=\u00bb100%\u00bb width_last_edited=\u00bbon|phone\u00bb custom_margin=\u00bb0px||10px||false|false\u00bb custom_padding=\u00bb||0px|0px|false|false\u00bb link_option_url=\u00bbhttps:\/\/vandapower.eu\/es\/por-que-vandapower\/#onestop\u00bb custom_css_main_element=\u00bbdisplay: inline-block;||\u00bb global_colors_info=\u00bb{}\u00bb content__hover_enabled=\u00bbon|hover\u00bb content__hover=\u00bb<\/p>\n<p><span><span class=\"%22red%22\">One-stop<\/span> shop<\/span><\/p>\n<p>\u00ab]<\/p>\n<p><span class=\"red\">One-stop<\/span> shop<\/p>\n<p>[\/et_pb_blurb][et_pb_blurb image=\u00bbhttps:\/\/vandapower.eu\/wp-content\/uploads\/\/2021\/07\/On-time-Delivery.svg\u00bb icon_placement=\u00bbleft\u00bb image_max_width=\u00bb20px\u00bb _builder_version=\u00bb4.9.7&#8243; _module_preset=\u00bbdefault\u00bb body_font_size=\u00bb14px\u00bb body_line_height=\u00bb1.4em\u00bb width=\u00bb13%\u00bb width_tablet=\u00bb30%\u00bb width_phone=\u00bb100%\u00bb width_last_edited=\u00bbon|phone\u00bb custom_margin=\u00bb0px||10px||false|false\u00bb custom_padding=\u00bb||0px|0px|false|false\u00bb link_option_url=\u00bbhttps:\/\/vandapower.eu\/es\/por-que-vandapower\/#ontime\u00bb custom_css_main_element=\u00bbdisplay: inline-block;\u00bb global_colors_info=\u00bb{}\u00bb content__hover_enabled=\u00bbon|hover\u00bb content__hover=\u00bb<\/p>\n<p><span><span class=\"%22red%22\">Tijdige<\/span> levering<\/span><\/p>\n<p>\u00ab]<\/p>\n<p>Entrega <span class=\"red\">completa<\/span><\/p>\n<p>[\/et_pb_blurb][et_pb_blurb image=\u00bbhttps:\/\/vandapower.eu\/wp-content\/uploads\/\/2021\/07\/Independent-Technical-Advice.svg\u00bb icon_placement=\u00bbleft\u00bb image_max_width=\u00bb18px\u00bb _builder_version=\u00bb4.9.7&#8243; _module_preset=\u00bbdefault\u00bb body_font_size=\u00bb14px\u00bb body_line_height=\u00bb2em\u00bb width=\u00bb25%\u00bb width_tablet=\u00bb39%\u00bb width_phone=\u00bb100%\u00bb width_last_edited=\u00bbon|phone\u00bb custom_margin=\u00bb||5px||false|false\u00bb custom_padding=\u00bb||0px|0px|false|false\u00bb link_option_url=\u00bbhttps:\/\/vandapower.eu\/es\/por-que-vandapower\/#independent\u00bb custom_css_main_element=\u00bbdisplay: inline-block;\u00bb global_colors_info=\u00bb{}\u00bb content__hover_enabled=\u00bbon|hover\u00bb content__hover=\u00bb<\/p>\n<p><span>Onafhankelijk <span class=\"%22red%22\">technisch advies<\/span><\/span><\/p>\n<p>\u00ab]<\/p>\n<p><span class=\"red\">Asesoramiento t\u00e9cnico<\/span> independiente<\/p>\n<p>[\/et_pb_blurb][\/et_pb_column][\/et_pb_row][et_pb_row _builder_version=\u00bb4.9.7&#8243; _module_preset=\u00bbdefault\u00bb custom_margin=\u00bb0px||||false|false\u00bb custom_padding=\u00bb0px||0px||true|false\u00bb global_colors_info=\u00bb{}\u00bb][et_pb_column type=\u00bb4_4&#8243; _builder_version=\u00bb4.9.7&#8243; _module_preset=\u00bbdefault\u00bb global_colors_info=\u00bb{}\u00bb][et_pb_code _builder_version=\u00bb4.9.7&#8243; _module_preset=\u00bbdefault\u00bb custom_margin=\u00bb15px||0px||false|false\u00bb global_colors_info=\u00bb{}\u00bb]<span><span><a href=\"https:\/\/vandapower.com\/es\/home\/\">Home<\/a><\/span><\/span>[\/et_pb_code][\/et_pb_column][\/et_pb_row][\/et_pb_section][et_pb_section fb_built=\u00bb1&#8243; _builder_version=\u00bb4.9.7&#8243; _module_preset=\u00bbdefault\u00bb custom_padding=\u00bb0px||20px||false|false\u00bb global_colors_info=\u00bb{}\u00bb da_is_popup=\u00bboff\u00bb da_exit_intent=\u00bboff\u00bb da_has_close=\u00bbon\u00bb da_alt_close=\u00bboff\u00bb da_dark_close=\u00bboff\u00bb da_not_modal=\u00bbon\u00bb da_is_singular=\u00bboff\u00bb da_with_loader=\u00bboff\u00bb da_has_shadow=\u00bbon\u00bb da_disable_devices=\u00bboff|off|off\u00bb][et_pb_row column_structure=\u00bb2_3,1_3&#8243; _builder_version=\u00bb4.9.7&#8243; _module_preset=\u00bbdefault\u00bb global_colors_info=\u00bb{}\u00bb][et_pb_column type=\u00bb2_3&#8243; _builder_version=\u00bb4.9.7&#8243; _module_preset=\u00bbdefault\u00bb global_colors_info=\u00bb{}\u00bb][et_pb_text _builder_version=\u00bb4.9.7&#8243; _module_preset=\u00bbdefault\u00bb global_colors_info=\u00bb{}\u00bb]<\/p>\n<h1>\u00bfC\u00f3mo le podemos ayudar?<\/h1>\n<p>[\/et_pb_text][et_pb_text _builder_version=\u00bb4.9.7&#8243; _module_preset=\u00bbdefault\u00bb custom_margin=\u00bb||40px||false|false\u00bb global_colors_info=\u00bb{}\u00bb]<\/p>\n<p>\u00bfTiene alguna pregunta acerca de los productos que ofrecemos o necesita asesoramiento acerca de los componentes de bater\u00eda industriales?<\/p>\n<p>Ll\u00e1menos al <a href=\"tel:8775095888\">+32 9 362 91 33,<\/a> envi\u00e9nos un correo el\u00e9ctronico a <a href=\"mailto:info@vandapower.com\">info@vandapower.com<\/a> o simplemente d\u00e9jenos su pregunta en el formulario m\u00e1s abajo. Nos contactaremos con Usted en 24 horas.<\/p>\n<p>[\/et_pb_text][et_pb_contact_form captcha=\u00bboff\u00bb submit_button_text=\u00bbEnviar\u00bb _builder_version=\u00bb4.9.7&#8243; _module_preset=\u00bbdefault\u00bb form_field_background_color=\u00bb#FFFFFF\u00bb form_field_focus_background_color=\u00bb#FFFFFF\u00bb border_radii=\u00bbon|4px|4px|4px|4px\u00bb border_width_all=\u00bb1px\u00bb border_color_all=\u00bb#cccccc\u00bb global_colors_info=\u00bb{}\u00bb][et_pb_contact_field field_id=\u00bbMessage\u00bb field_title=\u00bbMensaje*\u00bb field_type=\u00bbtext\u00bb fullwidth_field=\u00bbon\u00bb _builder_version=\u00bb4.9.7&#8243; global_colors_info=\u00bb{}\u00bb button_text_size__hover_enabled=\u00bboff\u00bb button_one_text_size__hover_enabled=\u00bboff\u00bb button_two_text_size__hover_enabled=\u00bboff\u00bb button_text_color__hover_enabled=\u00bboff\u00bb button_one_text_color__hover_enabled=\u00bboff\u00bb button_two_text_color__hover_enabled=\u00bboff\u00bb button_border_width__hover_enabled=\u00bboff\u00bb button_one_border_width__hover_enabled=\u00bboff\u00bb button_two_border_width__hover_enabled=\u00bboff\u00bb button_border_color__hover_enabled=\u00bboff\u00bb button_one_border_color__hover_enabled=\u00bboff\u00bb button_two_border_color__hover_enabled=\u00bboff\u00bb button_border_radius__hover_enabled=\u00bboff\u00bb button_one_border_radius__hover_enabled=\u00bboff\u00bb button_two_border_radius__hover_enabled=\u00bboff\u00bb button_letter_spacing__hover_enabled=\u00bboff\u00bb button_one_letter_spacing__hover_enabled=\u00bboff\u00bb button_two_letter_spacing__hover_enabled=\u00bboff\u00bb button_bg_color__hover_enabled=\u00bboff\u00bb button_one_bg_color__hover_enabled=\u00bboff\u00bb button_two_bg_color__hover_enabled=\u00bboff\u00bb][\/et_pb_contact_field][et_pb_contact_field field_id=\u00bbName\u00bb field_title=\u00bbNombre*\u00bb fullwidth_field=\u00bbon\u00bb _builder_version=\u00bb4.9.7&#8243; global_colors_info=\u00bb{}\u00bb button_text_size__hover_enabled=\u00bboff\u00bb button_one_text_size__hover_enabled=\u00bboff\u00bb button_two_text_size__hover_enabled=\u00bboff\u00bb button_text_color__hover_enabled=\u00bboff\u00bb button_one_text_color__hover_enabled=\u00bboff\u00bb button_two_text_color__hover_enabled=\u00bboff\u00bb button_border_width__hover_enabled=\u00bboff\u00bb button_one_border_width__hover_enabled=\u00bboff\u00bb button_two_border_width__hover_enabled=\u00bboff\u00bb button_border_color__hover_enabled=\u00bboff\u00bb button_one_border_color__hover_enabled=\u00bboff\u00bb button_two_border_color__hover_enabled=\u00bboff\u00bb button_border_radius__hover_enabled=\u00bboff\u00bb button_one_border_radius__hover_enabled=\u00bboff\u00bb button_two_border_radius__hover_enabled=\u00bboff\u00bb button_letter_spacing__hover_enabled=\u00bboff\u00bb button_one_letter_spacing__hover_enabled=\u00bboff\u00bb button_two_letter_spacing__hover_enabled=\u00bboff\u00bb button_bg_color__hover_enabled=\u00bboff\u00bb button_one_bg_color__hover_enabled=\u00bboff\u00bb button_two_bg_color__hover_enabled=\u00bboff\u00bb][\/et_pb_contact_field][et_pb_contact_field field_id=\u00bbEmail\u00bb field_title=\u00bbDirecci\u00f3n electr\u00f3nica*\u00bb field_type=\u00bbemail\u00bb fullwidth_field=\u00bbon\u00bb _builder_version=\u00bb4.9.7&#8243; global_colors_info=\u00bb{}\u00bb button_text_size__hover_enabled=\u00bboff\u00bb button_one_text_size__hover_enabled=\u00bboff\u00bb button_two_text_size__hover_enabled=\u00bboff\u00bb button_text_color__hover_enabled=\u00bboff\u00bb button_one_text_color__hover_enabled=\u00bboff\u00bb button_two_text_color__hover_enabled=\u00bboff\u00bb button_border_width__hover_enabled=\u00bboff\u00bb button_one_border_width__hover_enabled=\u00bboff\u00bb button_two_border_width__hover_enabled=\u00bboff\u00bb button_border_color__hover_enabled=\u00bboff\u00bb button_one_border_color__hover_enabled=\u00bboff\u00bb button_two_border_color__hover_enabled=\u00bboff\u00bb button_border_radius__hover_enabled=\u00bboff\u00bb button_one_border_radius__hover_enabled=\u00bboff\u00bb button_two_border_radius__hover_enabled=\u00bboff\u00bb button_letter_spacing__hover_enabled=\u00bboff\u00bb button_one_letter_spacing__hover_enabled=\u00bboff\u00bb button_two_letter_spacing__hover_enabled=\u00bboff\u00bb button_bg_color__hover_enabled=\u00bboff\u00bb button_one_bg_color__hover_enabled=\u00bboff\u00bb button_two_bg_color__hover_enabled=\u00bboff\u00bb][\/et_pb_contact_field][et_pb_contact_field field_id=\u00bbtel\u00bb field_title=\u00bbTel\u00e9fono\u00bb required_mark=\u00bboff\u00bb fullwidth_field=\u00bbon\u00bb _builder_version=\u00bb4.9.7&#8243; _module_preset=\u00bbdefault\u00bb global_colors_info=\u00bb{}\u00bb][\/et_pb_contact_field][et_pb_contact_field field_id=\u00bbField_5&#8243; field_title=\u00bb \u00bb field_type=\u00bbcheckbox\u00bb checkbox_options=\u00bb%91{%22value%22:%22I agree with the privacy statement* %22,%22checked%22:0,%22dragID%22:-1,%22link_url%22:%22\\\/privacidad%22,%22link_text%22:%22declaraci\u00f3n de confidencialidad*.%22}%93&#8243; fullwidth_field=\u00bbon\u00bb _builder_version=\u00bb4.9.7&#8243; _module_preset=\u00bbdefault\u00bb global_colors_info=\u00bb{}\u00bb][\/et_pb_contact_field][\/et_pb_contact_form][\/et_pb_column][et_pb_column type=\u00bb1_3&#8243; _builder_version=\u00bb4.9.7&#8243; _module_preset=\u00bbdefault\u00bb global_colors_info=\u00bb{}\u00bb][et_pb_text _builder_version=\u00bb4.9.7&#8243; _module_preset=\u00bbdefault\u00bb global_colors_info=\u00bb{}\u00bb]<\/p>\n<h4>VANDAPOWER CUSTOMER SERVICE<\/h4>\n<p>[\/et_pb_text][et_pb_text _builder_version=\u00bb4.9.7&#8243; _module_preset=\u00bbdefault\u00bb global_colors_info=\u00bb{}\u00bb]<\/p>\n<table class=\"customer-service\" border=\"0\" style=\"border-collapse: collapse;width: 100%;height: 197px\">\n<tbody>\n<tr style=\"height: 157px\">\n<td style=\"width: 50%;text-align: center;height: 157px\"><img loading=\"lazy\" decoding=\"async\" src=\"https:\/\/vandapower.eu\/wp-content\/uploads\/2021\/07\/aurelie23-150x150.png\" width=\"150\" height=\"150\" alt=\"\" class=\"wp-image-2973 alignnone size-thumbnail\">Aurelie<\/td>\n<td style=\"width: 50%;text-align: center;height: 157px\"><img loading=\"lazy\" decoding=\"async\" src=\"https:\/\/vandapower.eu\/wp-content\/uploads\/2021\/07\/Eileen-medium-150x150.png\" width=\"150\" height=\"150\" alt=\"\" class=\"wp-image-2980 alignnone size-thumbnail\">Eileen<\/td>\n<\/tr>\n<tr style=\"height: 10px\">\n<td style=\"width: 50%;height: 10px;text-align: center\"><img loading=\"lazy\" decoding=\"async\" src=\"https:\/\/vandapower.eu\/wp-content\/uploads\/2021\/07\/Helen-150x150.png\" width=\"150\" height=\"150\" alt=\"\" class=\"wp-image-2982 alignnone size-thumbnail\">Helen<\/td>\n<td style=\"width: 50%;height: 10px;text-align: center\"><img loading=\"lazy\" decoding=\"async\" src=\"https:\/\/vandapower.eu\/wp-content\/uploads\/2021\/07\/Hilke2-150x150.png\" width=\"150\" height=\"150\" alt=\"\" class=\"wp-image-2984 alignnone size-thumbnail\">Hilke<\/td>\n<\/tr>\n<tr style=\"height: 10px\">\n<td style=\"width: 50%;height: 10px;text-align: center\"><img loading=\"lazy\" decoding=\"async\" src=\"https:\/\/vandapower.eu\/wp-content\/uploads\/2021\/07\/Laura-150x150.png\" width=\"150\" height=\"150\" alt=\"\" class=\"wp-image-2986 alignnone size-thumbnail\">Laura<\/td>\n<td style=\"width: 50%;height: 10px;text-align: center\"><img loading=\"lazy\" decoding=\"async\" src=\"https:\/\/vandapower.eu\/wp-content\/uploads\/2021\/07\/vandapower-marnic-150x150.png\" width=\"150\" height=\"150\" alt=\"\" class=\"wp-image-2988 alignnone size-thumbnail\">Marnic<\/td>\n<\/tr>\n<tr style=\"height: 10px\">\n<td style=\"width: 50%;height: 10px;text-align: center\"><img loading=\"lazy\" decoding=\"async\" src=\"https:\/\/vandapower.eu\/wp-content\/uploads\/2021\/07\/nele31-150x150.png\" width=\"150\" height=\"150\" alt=\"\" class=\"wp-image-2990 alignnone size-thumbnail\">Nele<\/td>\n<td style=\"width: 50%;height: 10px;text-align: center\"><img loading=\"lazy\" decoding=\"async\" src=\"https:\/\/vandapower.eu\/wp-content\/uploads\/2021\/07\/tatiana41-150x150.png\" width=\"150\" height=\"150\" alt=\"\" class=\"wp-image-2992 alignnone size-thumbnail\">Tatiana<\/td>\n<\/tr>\n<tr style=\"height: 10px\">\n<td style=\"width: 50%;height: 10px;text-align: center\"><img loading=\"lazy\" decoding=\"async\" src=\"https:\/\/vandapower.eu\/wp-content\/uploads\/2021\/07\/thalia11-150x150.png\" width=\"150\" height=\"150\" alt=\"\" class=\"wp-image-2994 alignnone size-thumbnail\">Thalia<\/td>\n<td style=\"width: 50%;height: 10px\"><\/td>\n<\/tr>\n<\/tbody>\n<\/table>\n<p>[\/et_pb_text][et_pb_text _builder_version=\u00bb4.9.7&#8243; _module_preset=\u00bbdefault\u00bb global_colors_info=\u00bb{}\u00bb]<\/p>\n<p><span>Vea<\/span>nuestro <a href=\"https:\/\/www.vandapower.com\/be-nl\/company\">equipo<\/a>para <span>los datos de contacto.<\/span><\/p>\n<p>[\/et_pb_text][et_pb_text _builder_version=\u00bb4.9.7&#8243; _module_preset=\u00bbdefault\u00bb header_3_font=\u00bb|700|||||||\u00bb header_3_font_size=\u00bb24px\u00bb header_3_line_height=\u00bb1.2em\u00bb global_colors_info=\u00bb{}\u00bb]<\/p>\n<h3>Informaci\u00f3n de contacto<\/h3>\n<p><span>Encuentre f\u00e1cilmente nuestros datos de contacto (direcci\u00f3n, n\u00famero de tel\u00e9fono, IVA, cuenta bancaria,&#8230;) de una entidad espec\u00edficia de Vandapower en nuestra p\u00e1gina &#8216;informaci\u00f3n de contacto&#8217;. <\/span><\/p>\n<p>[\/et_pb_text][et_pb_button button_url=\u00bb@ET-DC@eyJkeW5hbWljIjp0cnVlLCJjb250ZW50IjoicG9zdF9saW5rX3VybF9wYWdlIiwic2V0dGluZ3MiOnsicG9zdF9pZCI6IjQwNjYifX0=@\u00bb button_text=\u00bbInformaci\u00f3n de contacto\u00bb _builder_version=\u00bb4.9.10&#8243; _dynamic_attributes=\u00bbbutton_url\u00bb _module_preset=\u00bbdefault\u00bb custom_button=\u00bbon\u00bb button_text_color=\u00bb#666666&#8243; button_bg_color=\u00bbRGBA(0,0,0,0)\u00bb button_border_color=\u00bb#666666&#8243; global_colors_info=\u00bb{}\u00bb button_text_color__hover_enabled=\u00bbon|hover\u00bb button_text_color__hover=\u00bb#FFFFFF\u00bb button_bg_color__hover_enabled=\u00bbon|hover\u00bb button_bg_color__hover=\u00bb#666666&#8243; button_bg_enable_color__hover=\u00bbon\u00bb][\/et_pb_button][\/et_pb_column][\/et_pb_row][\/et_pb_section]<\/p>\n","protected":false},"excerpt":{"rendered":"<p>One-stop shopEntrega completaAsesoramiento t\u00e9cnico independiente<span><span><a href=\"https:\/\/vandapower.com\/es\/home\/\">Home<\/a><\/span><\/span>\u00bfC\u00f3mo le podemos ayudar?\u00bfTiene alguna pregunta acerca de los productos que ofrecemos o necesita asesoramiento acerca de los componentes de bater\u00eda industriales? Ll\u00e1menos al +32 9 362 91 33, envi\u00e9nos un correo el\u00e9ctronico a info@vandapower.com o simplemente d\u00e9jenos su pregunta en el formulario m\u00e1s abajo. Nos contactaremos con Usted en 24 [&hellip;]<\/p>\n","protected":false},"author":1,"featured_media":0,"parent":0,"menu_order":0,"comment_status":"closed","ping_status":"closed","template":"","meta":{"_et_pb_use_builder":"on","_et_pb_old_content":"","_et_gb_content_width":"","om_disable_all_campaigns":false,"inline_featured_image":false,"_monsterinsights_skip_tracking":false,"_monsterinsights_sitenote_active":false,"_monsterinsights_sitenote_note":"","_monsterinsights_sitenote_category":0,"_uf_show_specific_survey":0,"_uf_disable_surveys":false,"footnotes":""},"class_list":["post-7195","page","type-page","status-publish","hentry"],"yoast_head":"<!-- This site is optimized with the Yoast SEO plugin v27.3 - https:\/\/yoast.com\/product\/yoast-seo-wordpress\/ -->\n<title>Test - Vandapower | Components and Cable Assemblies for Industrial Batteries<\/title>\n<meta name=\"robots\" content=\"index, follow, max-snippet:-1, max-image-preview:large, max-video-preview:-1\" \/>\n<link rel=\"canonical\" href=\"https:\/\/vandapower.com\/es\/test\/\" \/>\n<meta property=\"og:locale\" content=\"es_ES\" \/>\n<meta property=\"og:type\" content=\"article\" \/>\n<meta property=\"og:title\" content=\"Test - Vandapower | Components and Cable Assemblies for Industrial Batteries\" \/>\n<meta property=\"og:description\" content=\"One-stop shopEntrega completaAsesoramiento t\u00e9cnico independiente\u00bfC\u00f3mo le podemos ayudar?\u00bfTiene alguna pregunta acerca de los productos que ofrecemos o necesita asesoramiento acerca de los componentes de bater\u00eda industriales? Ll\u00e1menos al +32 9 362 91 33, envi\u00e9nos un correo el\u00e9ctronico a info@vandapower.com o simplemente d\u00e9jenos su pregunta en el formulario m\u00e1s abajo. Nos contactaremos con Usted en 24 [&hellip;]\" \/>\n<meta property=\"og:url\" content=\"https:\/\/vandapower.com\/es\/test\/\" \/>\n<meta property=\"og:site_name\" content=\"Vandapower | Components and Cable Assemblies for Industrial Batteries\" \/>\n<meta property=\"article:modified_time\" content=\"2021-12-02T20:25:35+00:00\" \/>\n<meta property=\"og:image\" content=\"https:\/\/vandapower.eu\/wp-content\/uploads\/2021\/07\/aurelie23-150x150.png\" \/>\n<meta name=\"twitter:card\" content=\"summary_large_image\" \/>\n<meta name=\"twitter:label1\" content=\"Tiempo de lectura\" \/>\n\t<meta name=\"twitter:data1\" content=\"7 minutos\" \/>\n<script type=\"application\/ld+json\" class=\"yoast-schema-graph\">{\"@context\":\"https:\\\/\\\/schema.org\",\"@graph\":[{\"@type\":\"WebPage\",\"@id\":\"https:\\\/\\\/vandapower.com\\\/es\\\/test\\\/\",\"url\":\"https:\\\/\\\/vandapower.com\\\/es\\\/test\\\/\",\"name\":\"Test - Vandapower | Components and Cable Assemblies for Industrial Batteries\",\"isPartOf\":{\"@id\":\"https:\\\/\\\/vandapower.com\\\/be-nl\\\/#website\"},\"primaryImageOfPage\":{\"@id\":\"https:\\\/\\\/vandapower.com\\\/es\\\/test\\\/#primaryimage\"},\"image\":{\"@id\":\"https:\\\/\\\/vandapower.com\\\/es\\\/test\\\/#primaryimage\"},\"thumbnailUrl\":\"https:\\\/\\\/vandapower.eu\\\/wp-content\\\/uploads\\\/2021\\\/07\\\/aurelie23-150x150.png\",\"datePublished\":\"2021-12-02T20:25:29+00:00\",\"dateModified\":\"2021-12-02T20:25:35+00:00\",\"breadcrumb\":{\"@id\":\"https:\\\/\\\/vandapower.com\\\/es\\\/test\\\/#breadcrumb\"},\"inLanguage\":\"es\",\"potentialAction\":[{\"@type\":\"ReadAction\",\"target\":[\"https:\\\/\\\/vandapower.com\\\/es\\\/test\\\/\"]}]},{\"@type\":\"ImageObject\",\"inLanguage\":\"es\",\"@id\":\"https:\\\/\\\/vandapower.com\\\/es\\\/test\\\/#primaryimage\",\"url\":\"https:\\\/\\\/vandapower.eu\\\/wp-content\\\/uploads\\\/2021\\\/07\\\/aurelie23-150x150.png\",\"contentUrl\":\"https:\\\/\\\/vandapower.eu\\\/wp-content\\\/uploads\\\/2021\\\/07\\\/aurelie23-150x150.png\"},{\"@type\":\"BreadcrumbList\",\"@id\":\"https:\\\/\\\/vandapower.com\\\/es\\\/test\\\/#breadcrumb\",\"itemListElement\":[{\"@type\":\"ListItem\",\"position\":1,\"name\":\"Home\",\"item\":\"https:\\\/\\\/vandapower.com\\\/es\\\/home\\\/\"},{\"@type\":\"ListItem\",\"position\":2,\"name\":\"Test\"}]},{\"@type\":\"WebSite\",\"@id\":\"https:\\\/\\\/vandapower.com\\\/be-nl\\\/#website\",\"url\":\"https:\\\/\\\/vandapower.com\\\/be-nl\\\/\",\"name\":\"Vandapower | Components and Cable Assemblies for Industrial Batteries\",\"description\":\"Through our product knowledge, our buffer stock and our flexible organization, we can deliver your components for industrial batteries quickly and customized to your needs\",\"publisher\":{\"@id\":\"https:\\\/\\\/vandapower.com\\\/be-nl\\\/#organization\"},\"potentialAction\":[{\"@type\":\"SearchAction\",\"target\":{\"@type\":\"EntryPoint\",\"urlTemplate\":\"https:\\\/\\\/vandapower.com\\\/be-nl\\\/?s={search_term_string}\"},\"query-input\":{\"@type\":\"PropertyValueSpecification\",\"valueRequired\":true,\"valueName\":\"search_term_string\"}}],\"inLanguage\":\"es\"},{\"@type\":\"Organization\",\"@id\":\"https:\\\/\\\/vandapower.com\\\/be-nl\\\/#organization\",\"name\":\"Vandapower\",\"url\":\"https:\\\/\\\/vandapower.com\\\/be-nl\\\/\",\"logo\":{\"@type\":\"ImageObject\",\"inLanguage\":\"es\",\"@id\":\"https:\\\/\\\/vandapower.com\\\/be-nl\\\/#\\\/schema\\\/logo\\\/image\\\/\",\"url\":\"https:\\\/\\\/vandapower.eu\\\/wp-content\\\/uploads\\\/2021\\\/07\\\/logo-Vandapower-tagline.svg\",\"contentUrl\":\"https:\\\/\\\/vandapower.eu\\\/wp-content\\\/uploads\\\/2021\\\/07\\\/logo-Vandapower-tagline.svg\",\"width\":1321,\"height\":1088,\"caption\":\"Vandapower\"},\"image\":{\"@id\":\"https:\\\/\\\/vandapower.com\\\/be-nl\\\/#\\\/schema\\\/logo\\\/image\\\/\"}}]}<\/script>\n<!-- \/ Yoast SEO plugin. -->","yoast_head_json":{"title":"Test - Vandapower | Components and Cable Assemblies for Industrial Batteries","robots":{"index":"index","follow":"follow","max-snippet":"max-snippet:-1","max-image-preview":"max-image-preview:large","max-video-preview":"max-video-preview:-1"},"canonical":"https:\/\/vandapower.com\/es\/test\/","og_locale":"es_ES","og_type":"article","og_title":"Test - Vandapower | Components and Cable Assemblies for Industrial Batteries","og_description":"One-stop shopEntrega completaAsesoramiento t\u00e9cnico independiente\u00bfC\u00f3mo le podemos ayudar?\u00bfTiene alguna pregunta acerca de los productos que ofrecemos o necesita asesoramiento acerca de los componentes de bater\u00eda industriales? Ll\u00e1menos al +32 9 362 91 33, envi\u00e9nos un correo el\u00e9ctronico a info@vandapower.com o simplemente d\u00e9jenos su pregunta en el formulario m\u00e1s abajo. Nos contactaremos con Usted en 24 [&hellip;]","og_url":"https:\/\/vandapower.com\/es\/test\/","og_site_name":"Vandapower | Components and Cable Assemblies for Industrial Batteries","article_modified_time":"2021-12-02T20:25:35+00:00","og_image":[{"url":"https:\/\/vandapower.eu\/wp-content\/uploads\/2021\/07\/aurelie23-150x150.png","type":"","width":"","height":""}],"twitter_card":"summary_large_image","twitter_misc":{"Tiempo de lectura":"7 minutos"},"schema":{"@context":"https:\/\/schema.org","@graph":[{"@type":"WebPage","@id":"https:\/\/vandapower.com\/es\/test\/","url":"https:\/\/vandapower.com\/es\/test\/","name":"Test - Vandapower | Components and Cable Assemblies for Industrial Batteries","isPartOf":{"@id":"https:\/\/vandapower.com\/be-nl\/#website"},"primaryImageOfPage":{"@id":"https:\/\/vandapower.com\/es\/test\/#primaryimage"},"image":{"@id":"https:\/\/vandapower.com\/es\/test\/#primaryimage"},"thumbnailUrl":"https:\/\/vandapower.eu\/wp-content\/uploads\/2021\/07\/aurelie23-150x150.png","datePublished":"2021-12-02T20:25:29+00:00","dateModified":"2021-12-02T20:25:35+00:00","breadcrumb":{"@id":"https:\/\/vandapower.com\/es\/test\/#breadcrumb"},"inLanguage":"es","potentialAction":[{"@type":"ReadAction","target":["https:\/\/vandapower.com\/es\/test\/"]}]},{"@type":"ImageObject","inLanguage":"es","@id":"https:\/\/vandapower.com\/es\/test\/#primaryimage","url":"https:\/\/vandapower.eu\/wp-content\/uploads\/2021\/07\/aurelie23-150x150.png","contentUrl":"https:\/\/vandapower.eu\/wp-content\/uploads\/2021\/07\/aurelie23-150x150.png"},{"@type":"BreadcrumbList","@id":"https:\/\/vandapower.com\/es\/test\/#breadcrumb","itemListElement":[{"@type":"ListItem","position":1,"name":"Home","item":"https:\/\/vandapower.com\/es\/home\/"},{"@type":"ListItem","position":2,"name":"Test"}]},{"@type":"WebSite","@id":"https:\/\/vandapower.com\/be-nl\/#website","url":"https:\/\/vandapower.com\/be-nl\/","name":"Vandapower | Components and Cable Assemblies for Industrial Batteries","description":"Through our product knowledge, our buffer stock and our flexible organization, we can deliver your components for industrial batteries quickly and customized to your needs","publisher":{"@id":"https:\/\/vandapower.com\/be-nl\/#organization"},"potentialAction":[{"@type":"SearchAction","target":{"@type":"EntryPoint","urlTemplate":"https:\/\/vandapower.com\/be-nl\/?s={search_term_string}"},"query-input":{"@type":"PropertyValueSpecification","valueRequired":true,"valueName":"search_term_string"}}],"inLanguage":"es"},{"@type":"Organization","@id":"https:\/\/vandapower.com\/be-nl\/#organization","name":"Vandapower","url":"https:\/\/vandapower.com\/be-nl\/","logo":{"@type":"ImageObject","inLanguage":"es","@id":"https:\/\/vandapower.com\/be-nl\/#\/schema\/logo\/image\/","url":"https:\/\/vandapower.eu\/wp-content\/uploads\/2021\/07\/logo-Vandapower-tagline.svg","contentUrl":"https:\/\/vandapower.eu\/wp-content\/uploads\/2021\/07\/logo-Vandapower-tagline.svg","width":1321,"height":1088,"caption":"Vandapower"},"image":{"@id":"https:\/\/vandapower.com\/be-nl\/#\/schema\/logo\/image\/"}}]}},"_links":{"self":[{"href":"https:\/\/vandapower.com\/es\/wp-json\/wp\/v2\/pages\/7195","targetHints":{"allow":["GET"]}}],"collection":[{"href":"https:\/\/vandapower.com\/es\/wp-json\/wp\/v2\/pages"}],"about":[{"href":"https:\/\/vandapower.com\/es\/wp-json\/wp\/v2\/types\/page"}],"author":[{"embeddable":true,"href":"https:\/\/vandapower.com\/es\/wp-json\/wp\/v2\/users\/1"}],"replies":[{"embeddable":true,"href":"https:\/\/vandapower.com\/es\/wp-json\/wp\/v2\/comments?post=7195"}],"version-history":[{"count":7,"href":"https:\/\/vandapower.com\/es\/wp-json\/wp\/v2\/pages\/7195\/revisions"}],"predecessor-version":[{"id":7202,"href":"https:\/\/vandapower.com\/es\/wp-json\/wp\/v2\/pages\/7195\/revisions\/7202"}],"wp:attachment":[{"href":"https:\/\/vandapower.com\/es\/wp-json\/wp\/v2\/media?parent=7195"}],"curies":[{"name":"wp","href":"https:\/\/api.w.org\/{rel}","templated":true}]}}