{"id":6787,"date":"2021-11-29T08:14:00","date_gmt":"2021-11-29T08:14:00","guid":{"rendered":"https:\/\/vandapower.eu\/componentes-de-la-bateria\/conectores\/powerpole-pak-app\/"},"modified":"2023-07-11T09:46:44","modified_gmt":"2023-07-11T07:46:44","slug":"powerpole-pak-app","status":"publish","type":"page","link":"https:\/\/vandapower.com\/es\/componentes-de-la-bateria\/conectores\/powerpole-pak-app\/","title":{"rendered":"PowerPole\u00ae Pak Anderson Power\u2122"},"content":{"rendered":"<p>[et_pb_section fb_built=\u00bb1&#8243; _builder_version=\u00bb4.16&#8243; _module_preset=\u00bbdefault\u00bb custom_padding=\u00bb0px||0px||true|false\u00bb da_disable_devices=\u00bboff|off|off\u00bb global_colors_info=\u00bb{}\u00bb da_is_popup=\u00bboff\u00bb da_exit_intent=\u00bboff\u00bb da_has_close=\u00bbon\u00bb da_alt_close=\u00bboff\u00bb da_dark_close=\u00bboff\u00bb da_not_modal=\u00bbon\u00bb da_is_singular=\u00bboff\u00bb da_with_loader=\u00bboff\u00bb da_has_shadow=\u00bbon\u00bb][et_pb_row module_class=\u00bbusp-header\u00bb _builder_version=\u00bb4.14.5&#8243; _module_preset=\u00bbdefault\u00bb width=\u00bb85%\u00bb custom_padding=\u00bb||0px||false|false\u00bb global_module=\u00bb2256&#8243; saved_tabs=\u00bball\u00bb global_colors_info=\u00bb{}\u00bb][et_pb_column type=\u00bb4_4&#8243; _builder_version=\u00bb4.16&#8243; _module_preset=\u00bbdefault\u00bb global_colors_info=\u00bb{}\u00bb][et_pb_blurb image=\u00bbhttps:\/\/vandapower.eu\/wp-content\/uploads\/\/2021\/07\/One-stop-Shop.svg\u00bb icon_placement=\u00bbleft\u00bb image_icon_width=\u00bb20px\u00bb _builder_version=\u00bb4.16&#8243; _module_preset=\u00bbdefault\u00bb body_font_size=\u00bb14px\u00bb body_line_height=\u00bb1.4em\u00bb width=\u00bb13%\u00bb width_tablet=\u00bb30%\u00bb width_phone=\u00bb100%\u00bb width_last_edited=\u00bbon|phone\u00bb custom_margin=\u00bb0px||10px||false|false\u00bb custom_padding=\u00bb||0px|0px|false|false\u00bb link_option_url=\u00bbhttps:\/\/vandapower.eu\/en\/why-vandapower\/#onestop\u00bb custom_css_main_element=\u00bbdisplay: inline-block;||\u00bb image_max_width=\u00bb20px\u00bb global_colors_info=\u00bb{}\u00bb content__hover_enabled=\u00bboff|hover\u00bb content__hover=\u00bb<\/p>\n<p><span style=%22text-decoration: underline;%22><span class=%22red%22>One-stop<\/span> shop<\/span><\/p>\n<p>\u00ab]<\/p>\n<p><span class=\"red\">One-stop<\/span> shop<\/p>\n<p>[\/et_pb_blurb][et_pb_blurb image=\u00bbhttps:\/\/vandapower.eu\/wp-content\/uploads\/\/2021\/07\/On-time-Delivery.svg\u00bb icon_placement=\u00bbleft\u00bb image_icon_width=\u00bb20px\u00bb _builder_version=\u00bb4.16&#8243; _module_preset=\u00bbdefault\u00bb body_font_size=\u00bb14px\u00bb body_line_height=\u00bb1.4em\u00bb width=\u00bb16%\u00bb width_tablet=\u00bb30%\u00bb width_phone=\u00bb100%\u00bb width_last_edited=\u00bbon|phone\u00bb custom_margin=\u00bb0px||10px||false|false\u00bb custom_padding=\u00bb||0px|0px|false|false\u00bb link_option_url=\u00bbhttps:\/\/vandapower.eu\/en\/why-vandapower\/#ontime\u00bb custom_css_main_element=\u00bbdisplay: inline-block;\u00bb image_max_width=\u00bb20px\u00bb global_colors_info=\u00bb{}\u00bb content__hover_enabled=\u00bboff|hover\u00bb content__hover=\u00bb<\/p>\n<p><span style=%22text-decoration: underline;%22><span class=%22red%22>Tijdige<\/span> levering<\/span><\/p>\n<p>\u00ab]<span class=\"red\">Entrega<\/span> completa[\/et_pb_blurb][et_pb_blurb image=\u00bbhttps:\/\/vandapower.eu\/wp-content\/uploads\/\/2021\/07\/Independent-Technical-Advice.svg\u00bb icon_placement=\u00bbleft\u00bb image_icon_width=\u00bb18px\u00bb content_last_edited=\u00bboff|desktop\u00bb _builder_version=\u00bb4.19.4&#8243; _module_preset=\u00bbdefault\u00bb body_font_size=\u00bb14px\u00bb body_line_height=\u00bb2em\u00bb width=\u00bb25%\u00bb width_tablet=\u00bb39%\u00bb width_phone=\u00bb100%\u00bb width_last_edited=\u00bbon|phone\u00bb custom_margin=\u00bb||5px|-25px|false|false\u00bb custom_padding=\u00bb||0px|0px|false|false\u00bb link_option_url=\u00bbhttps:\/\/vandapower.eu\/en\/why-vandapower\/#independent\u00bb custom_css_main_element=\u00bbdisplay: inline-block;\u00bb image_max_width=\u00bb18px\u00bb global_colors_info=\u00bb{}\u00bb content__hover_enabled=\u00bboff|desktop\u00bb content__hover=\u00bb<\/p>\n<p><span style=%22text-decoration: underline;%22>Onafhankelijk <span class=%22red%22>technisch advies<\/span><\/span><\/p>\n<p>\u00ab]<\/p>\n<p><span class=\"red\">Independent<\/span> technical advice<\/p>\n<p>[\/et_pb_blurb][\/et_pb_column][\/et_pb_row][\/et_pb_section][et_pb_section fb_built=\u00bb1&#8243; _builder_version=\u00bb4.16&#8243; _module_preset=\u00bbdefault\u00bb custom_padding=\u00bb0px||0px||false|false\u00bb da_disable_devices=\u00bboff|off|off\u00bb global_colors_info=\u00bb{}\u00bb da_is_popup=\u00bboff\u00bb da_exit_intent=\u00bboff\u00bb da_has_close=\u00bbon\u00bb da_alt_close=\u00bboff\u00bb da_dark_close=\u00bboff\u00bb da_not_modal=\u00bbon\u00bb da_is_singular=\u00bboff\u00bb da_with_loader=\u00bboff\u00bb da_has_shadow=\u00bbon\u00bb][et_pb_row column_structure=\u00bb2_3,1_3&#8243; _builder_version=\u00bb4.16&#8243; _module_preset=\u00bbdefault\u00bb global_colors_info=\u00bb{}\u00bb][et_pb_column type=\u00bb2_3&#8243; _builder_version=\u00bb4.16&#8243; _module_preset=\u00bbdefault\u00bb global_colors_info=\u00bb{}\u00bb][et_pb_text _builder_version=\u00bb4.21.0&#8243; _module_preset=\u00bbdefault\u00bb hover_enabled=\u00bb0&#8243; global_colors_info=\u00bb{}\u00bb sticky_enabled=\u00bb0&#8243;]<\/p>\n<h1 class=\"red\">PowerPole\u00ae Pak Anderson Power\u2122<\/h1>\n<p>[\/et_pb_text][et_pb_text _builder_version=\u00bb4.21.0&#8243; _module_preset=\u00bbdefault\u00bb custom_margin=\u00bb||40px||false|false\u00bb global_colors_info=\u00bb{}\u00bb]<\/p>\n<p>Los Powerpole Paks (Anderson Power\u2122) son carcasas termopl\u00e1sticas negras que pueden colocarse alrededor de \u00abbloques\u00bb de enchufes Powerpole (10 a 45 A). Son muy resistentes a golpes y a la corrosi\u00f3n.<\/p>\n<p>Permiten el acoplado y desacoplado sencillo de aparatos el\u00e9ctricos en aplicaciones comerciales e industriales. Los sujetacables aseguran la descarga de tracci\u00f3n y el bloqueo integrado evita el desacoplado imprevisto de sus aparatos. Los tres tipos de carcasa -conector con cierre, conector sin cierre y carcasa \u00abhembra\u00bb encajable- pueden alojar de 2 a 8 circuitos.<\/p>\n<p>El Blindmate Powerpole Pak fue desarrollado por Anderson Power\u2122 para satisfacer la demanda de conexiones modulares Blindmate de la industria de suministro el\u00e9ctrico y telecomunicaciones. Estas cajas permiten la conexi\u00f3n a ciegas de una configuraci\u00f3n 2&#215;4 de conectores Powerpole Anderson 15\/45, as\u00ed como contactos 10 A y 30 A &#8216;make-first \/ break-last&#8217; para fines de toma de tierra.<\/p>\n<p>[\/et_pb_text][\/et_pb_column][et_pb_column type=\u00bb1_3&#8243; _builder_version=\u00bb4.16&#8243; _module_preset=\u00bbdefault\u00bb global_colors_info=\u00bb{}\u00bb][et_pb_image src=\u00bbhttps:\/\/vandapower.eu\/wp-content\/uploads\/2021\/07\/APP_powerpolepak.jpg\u00bb title_text=\u00bbAPP_powerpolepak\u00bb _builder_version=\u00bb4.16&#8243; _module_preset=\u00bbdefault\u00bb global_colors_info=\u00bb{}\u00bb][\/et_pb_image][et_pb_image src=\u00bbhttps:\/\/vandapower.com\/wp-content\/uploads\/2022\/09\/app-new-logo.png\u00bb title_text=\u00bbapp new logo\u00bb url=\u00bbhttps:\/\/www.andersonpower.com\/us\/en.html\u00bb _builder_version=\u00bb4.21.0&#8243; _module_preset=\u00bbdefault\u00bb global_colors_info=\u00bb{}\u00bb][\/et_pb_image][\/et_pb_column][\/et_pb_row][et_pb_row make_equal=\u00bbon\u00bb _builder_version=\u00bb4.16&#8243; _module_preset=\u00bbdefault\u00bb custom_margin=\u00bb||50px||false|false\u00bb custom_padding=\u00bb||||false|false\u00bb global_colors_info=\u00bb{}\u00bb][et_pb_column type=\u00bb4_4&#8243; _builder_version=\u00bb4.16&#8243; _module_preset=\u00bbdefault\u00bb custom_padding=\u00bb20px|20px|20px|20px|true|true\u00bb border_width_all=\u00bb1px\u00bb border_color_all=\u00bb#e9e7e7&#8243; box_shadow_style=\u00bbpreset4&#8243; box_shadow_horizontal=\u00bb4px\u00bb box_shadow_vertical=\u00bb4px\u00bb box_shadow_blur=\u00bb2px\u00bb box_shadow_color=\u00bbrgba(50,50,50,0.2)\u00bb global_colors_info=\u00bb{}\u00bb][et_pb_text module_class=\u00bbinfo-block\u00bb _builder_version=\u00bb4.9.7&#8243; _module_preset=\u00bbdefault\u00bb positioning=\u00bbrelative\u00bb custom_margin=\u00bb||30px||false|false\u00bb border_color_all=\u00bb#e9e7e7&#8243; global_module=\u00bb3223&#8243; saved_tabs=\u00bball\u00bb global_colors_info=\u00bb{}\u00bb]<\/p>\n<h2>Meer informatie over dit product?<\/h2>\n<p><span>We houden van ons productgamma een buffervoorraad aan waarmee we u graag uit de nood helpen. Aarzel niet om ons daarover aan te spreken zodat we u kunnen adviseren en helpen.<\/span><\/p>\n<p>[\/et_pb_text][et_pb_button button_url=\u00bb@ET-DC@eyJkeW5hbWljIjp0cnVlLCJjb250ZW50IjoicG9zdF9saW5rX3VybF9wYWdlIiwic2V0dGluZ3MiOnsicG9zdF9pZCI6IjczIn19@\u00bb button_text=\u00bbContacto con nosotros\u00bb _builder_version=\u00bb4.16&#8243; _dynamic_attributes=\u00bbbutton_url\u00bb _module_preset=\u00bbdefault\u00bb global_colors_info=\u00bb{}\u00bb][\/et_pb_button][\/et_pb_column][\/et_pb_row][\/et_pb_section]<\/p>\n","protected":false},"excerpt":{"rendered":"<p>One-stop shopEntrega completaIndependent technical advicePowerPole\u00ae Pak Anderson Power\u2122Los Powerpole Paks (Anderson Power\u2122) son carcasas termopl\u00e1sticas negras que pueden colocarse alrededor de \u00abbloques\u00bb de enchufes Powerpole (10 a 45 A). Son muy resistentes a golpes y a la corrosi\u00f3n. Permiten el acoplado y desacoplado sencillo de aparatos el\u00e9ctricos en aplicaciones comerciales e industriales. Los sujetacables aseguran [&hellip;]<\/p>\n","protected":false},"author":1,"featured_media":0,"parent":5215,"menu_order":0,"comment_status":"closed","ping_status":"closed","template":"","meta":{"_et_pb_use_builder":"on","_et_pb_old_content":"","_et_gb_content_width":"","om_disable_all_campaigns":false,"inline_featured_image":false,"_monsterinsights_skip_tracking":false,"_monsterinsights_sitenote_active":false,"_monsterinsights_sitenote_note":"","_monsterinsights_sitenote_category":0,"_uf_show_specific_survey":0,"_uf_disable_surveys":false,"footnotes":""},"class_list":["post-6787","page","type-page","status-publish","hentry"],"yoast_head":"<!-- This site is optimized with the Yoast SEO plugin v27.3 - https:\/\/yoast.com\/product\/yoast-seo-wordpress\/ -->\n<title>PowerPole\u00ae Pak Anderson Power\u2122 - Vandapower | Components and Cable Assemblies for Industrial Batteries<\/title>\n<meta name=\"description\" content=\"Los Powerpole Paks (Anderson Power Products) son carcasas de termopl\u00e1stico negro que pueden colocarse alrededor de &quot;bloques&quot; de enchufes Powerpole (de 10 a 45 A). Son muy resistentes a golpes y a la corrosi\u00f3n. Permiten el acoplado y desacoplado sencillo de aparatos el\u00e9ctricos en aplicaciones comerciales e industriales. Los sujetacables aseguran la descarga de tracci\u00f3n y el bloqueo integrado evita el desacoplado imprevisto de sus aparatos. Los tres tipos de carcasa -conector con cierre, conector sin cierre y carcasa &quot;hembra&quot; encajable- pueden alojar de 2 a 8 circuitos. El Blindmate Powerpole Pak ha sido concebido para satisfacer la demanda de conexiones Blindmate modulares de la industria de suministro el\u00e9ctrico y la industria de comunicaci\u00f3n. Estas carcasas no s\u00f3lo permiten el acoplamiento ciego de una configuraci\u00f3n 2\u00d74 de clavijas Powerpole 15\/45 de Anderson, sino tambi\u00e9n de los contactos de 10 A y 30 A de apertura\/cierre a tierra.\" \/>\n<meta name=\"robots\" content=\"index, follow, max-snippet:-1, max-image-preview:large, max-video-preview:-1\" \/>\n<link rel=\"canonical\" href=\"https:\/\/vandapower.com\/es\/componentes-de-la-bateria\/conectores\/powerpole-pak-app\/\" \/>\n<meta property=\"og:locale\" content=\"es_ES\" \/>\n<meta property=\"og:type\" content=\"article\" \/>\n<meta property=\"og:title\" content=\"PowerPole\u00ae Pak Anderson Power\u2122 - Vandapower | Components and Cable Assemblies for Industrial Batteries\" \/>\n<meta property=\"og:description\" content=\"Los Powerpole Paks (Anderson Power Products) son carcasas de termopl\u00e1stico negro que pueden colocarse alrededor de &quot;bloques&quot; de enchufes Powerpole (de 10 a 45 A). Son muy resistentes a golpes y a la corrosi\u00f3n. Permiten el acoplado y desacoplado sencillo de aparatos el\u00e9ctricos en aplicaciones comerciales e industriales. Los sujetacables aseguran la descarga de tracci\u00f3n y el bloqueo integrado evita el desacoplado imprevisto de sus aparatos. Los tres tipos de carcasa -conector con cierre, conector sin cierre y carcasa &quot;hembra&quot; encajable- pueden alojar de 2 a 8 circuitos. El Blindmate Powerpole Pak ha sido concebido para satisfacer la demanda de conexiones Blindmate modulares de la industria de suministro el\u00e9ctrico y la industria de comunicaci\u00f3n. Estas carcasas no s\u00f3lo permiten el acoplamiento ciego de una configuraci\u00f3n 2\u00d74 de clavijas Powerpole 15\/45 de Anderson, sino tambi\u00e9n de los contactos de 10 A y 30 A de apertura\/cierre a tierra.\" \/>\n<meta property=\"og:url\" content=\"https:\/\/vandapower.com\/es\/componentes-de-la-bateria\/conectores\/powerpole-pak-app\/\" \/>\n<meta property=\"og:site_name\" content=\"Vandapower | Components and Cable Assemblies for Industrial Batteries\" \/>\n<meta property=\"article:modified_time\" content=\"2023-07-11T07:46:44+00:00\" \/>\n<meta name=\"twitter:card\" content=\"summary_large_image\" \/>\n<meta name=\"twitter:label1\" content=\"Tiempo de lectura\" \/>\n\t<meta name=\"twitter:data1\" content=\"5 minutos\" \/>\n<script type=\"application\/ld+json\" class=\"yoast-schema-graph\">{\"@context\":\"https:\\\/\\\/schema.org\",\"@graph\":[{\"@type\":\"WebPage\",\"@id\":\"https:\\\/\\\/vandapower.com\\\/es\\\/componentes-de-la-bateria\\\/conectores\\\/powerpole-pak-app\\\/\",\"url\":\"https:\\\/\\\/vandapower.com\\\/es\\\/componentes-de-la-bateria\\\/conectores\\\/powerpole-pak-app\\\/\",\"name\":\"PowerPole\u00ae Pak Anderson Power\u2122 - Vandapower | Components and Cable Assemblies for Industrial Batteries\",\"isPartOf\":{\"@id\":\"https:\\\/\\\/vandapower.com\\\/be-nl\\\/#website\"},\"datePublished\":\"2021-11-29T08:14:00+00:00\",\"dateModified\":\"2023-07-11T07:46:44+00:00\",\"description\":\"Los Powerpole Paks (Anderson Power Products) son carcasas de termopl\u00e1stico negro que pueden colocarse alrededor de \\\"bloques\\\" de enchufes Powerpole (de 10 a 45 A). Son muy resistentes a golpes y a la corrosi\u00f3n. Permiten el acoplado y desacoplado sencillo de aparatos el\u00e9ctricos en aplicaciones comerciales e industriales. Los sujetacables aseguran la descarga de tracci\u00f3n y el bloqueo integrado evita el desacoplado imprevisto de sus aparatos. Los tres tipos de carcasa -conector con cierre, conector sin cierre y carcasa \\\"hembra\\\" encajable- pueden alojar de 2 a 8 circuitos. El Blindmate Powerpole Pak ha sido concebido para satisfacer la demanda de conexiones Blindmate modulares de la industria de suministro el\u00e9ctrico y la industria de comunicaci\u00f3n. Estas carcasas no s\u00f3lo permiten el acoplamiento ciego de una configuraci\u00f3n 2\u00d74 de clavijas Powerpole 15\\\/45 de Anderson, sino tambi\u00e9n de los contactos de 10 A y 30 A de apertura\\\/cierre a tierra.\",\"breadcrumb\":{\"@id\":\"https:\\\/\\\/vandapower.com\\\/es\\\/componentes-de-la-bateria\\\/conectores\\\/powerpole-pak-app\\\/#breadcrumb\"},\"inLanguage\":\"es\",\"potentialAction\":[{\"@type\":\"ReadAction\",\"target\":[\"https:\\\/\\\/vandapower.com\\\/es\\\/componentes-de-la-bateria\\\/conectores\\\/powerpole-pak-app\\\/\"]}]},{\"@type\":\"BreadcrumbList\",\"@id\":\"https:\\\/\\\/vandapower.com\\\/es\\\/componentes-de-la-bateria\\\/conectores\\\/powerpole-pak-app\\\/#breadcrumb\",\"itemListElement\":[{\"@type\":\"ListItem\",\"position\":1,\"name\":\"Home\",\"item\":\"https:\\\/\\\/vandapower.com\\\/es\\\/home\\\/\"},{\"@type\":\"ListItem\",\"position\":2,\"name\":\"Productos\",\"item\":\"https:\\\/\\\/vandapower.com\\\/es\\\/componentes-de-la-bateria\\\/\"},{\"@type\":\"ListItem\",\"position\":3,\"name\":\"Conectores\",\"item\":\"https:\\\/\\\/vandapower.com\\\/es\\\/componentes-de-la-bateria\\\/conectores\\\/\"},{\"@type\":\"ListItem\",\"position\":4,\"name\":\"PowerPole\u00ae Pak Anderson Power\u2122\"}]},{\"@type\":\"WebSite\",\"@id\":\"https:\\\/\\\/vandapower.com\\\/be-nl\\\/#website\",\"url\":\"https:\\\/\\\/vandapower.com\\\/be-nl\\\/\",\"name\":\"Vandapower | Components and Cable Assemblies for Industrial Batteries\",\"description\":\"Through our product knowledge, our buffer stock and our flexible organization, we can deliver your components for industrial batteries quickly and customized to your needs\",\"publisher\":{\"@id\":\"https:\\\/\\\/vandapower.com\\\/be-nl\\\/#organization\"},\"potentialAction\":[{\"@type\":\"SearchAction\",\"target\":{\"@type\":\"EntryPoint\",\"urlTemplate\":\"https:\\\/\\\/vandapower.com\\\/be-nl\\\/?s={search_term_string}\"},\"query-input\":{\"@type\":\"PropertyValueSpecification\",\"valueRequired\":true,\"valueName\":\"search_term_string\"}}],\"inLanguage\":\"es\"},{\"@type\":\"Organization\",\"@id\":\"https:\\\/\\\/vandapower.com\\\/be-nl\\\/#organization\",\"name\":\"Vandapower\",\"url\":\"https:\\\/\\\/vandapower.com\\\/be-nl\\\/\",\"logo\":{\"@type\":\"ImageObject\",\"inLanguage\":\"es\",\"@id\":\"https:\\\/\\\/vandapower.com\\\/be-nl\\\/#\\\/schema\\\/logo\\\/image\\\/\",\"url\":\"https:\\\/\\\/vandapower.eu\\\/wp-content\\\/uploads\\\/2021\\\/07\\\/logo-Vandapower-tagline.svg\",\"contentUrl\":\"https:\\\/\\\/vandapower.eu\\\/wp-content\\\/uploads\\\/2021\\\/07\\\/logo-Vandapower-tagline.svg\",\"width\":1321,\"height\":1088,\"caption\":\"Vandapower\"},\"image\":{\"@id\":\"https:\\\/\\\/vandapower.com\\\/be-nl\\\/#\\\/schema\\\/logo\\\/image\\\/\"}}]}<\/script>\n<!-- \/ Yoast SEO plugin. -->","yoast_head_json":{"title":"PowerPole\u00ae Pak Anderson Power\u2122 - Vandapower | Components and Cable Assemblies for Industrial Batteries","description":"Los Powerpole Paks (Anderson Power Products) son carcasas de termopl\u00e1stico negro que pueden colocarse alrededor de \"bloques\" de enchufes Powerpole (de 10 a 45 A). Son muy resistentes a golpes y a la corrosi\u00f3n. Permiten el acoplado y desacoplado sencillo de aparatos el\u00e9ctricos en aplicaciones comerciales e industriales. Los sujetacables aseguran la descarga de tracci\u00f3n y el bloqueo integrado evita el desacoplado imprevisto de sus aparatos. Los tres tipos de carcasa -conector con cierre, conector sin cierre y carcasa \"hembra\" encajable- pueden alojar de 2 a 8 circuitos. El Blindmate Powerpole Pak ha sido concebido para satisfacer la demanda de conexiones Blindmate modulares de la industria de suministro el\u00e9ctrico y la industria de comunicaci\u00f3n. Estas carcasas no s\u00f3lo permiten el acoplamiento ciego de una configuraci\u00f3n 2\u00d74 de clavijas Powerpole 15\/45 de Anderson, sino tambi\u00e9n de los contactos de 10 A y 30 A de apertura\/cierre a tierra.","robots":{"index":"index","follow":"follow","max-snippet":"max-snippet:-1","max-image-preview":"max-image-preview:large","max-video-preview":"max-video-preview:-1"},"canonical":"https:\/\/vandapower.com\/es\/componentes-de-la-bateria\/conectores\/powerpole-pak-app\/","og_locale":"es_ES","og_type":"article","og_title":"PowerPole\u00ae Pak Anderson Power\u2122 - Vandapower | Components and Cable Assemblies for Industrial Batteries","og_description":"Los Powerpole Paks (Anderson Power Products) son carcasas de termopl\u00e1stico negro que pueden colocarse alrededor de \"bloques\" de enchufes Powerpole (de 10 a 45 A). Son muy resistentes a golpes y a la corrosi\u00f3n. Permiten el acoplado y desacoplado sencillo de aparatos el\u00e9ctricos en aplicaciones comerciales e industriales. Los sujetacables aseguran la descarga de tracci\u00f3n y el bloqueo integrado evita el desacoplado imprevisto de sus aparatos. Los tres tipos de carcasa -conector con cierre, conector sin cierre y carcasa \"hembra\" encajable- pueden alojar de 2 a 8 circuitos. El Blindmate Powerpole Pak ha sido concebido para satisfacer la demanda de conexiones Blindmate modulares de la industria de suministro el\u00e9ctrico y la industria de comunicaci\u00f3n. Estas carcasas no s\u00f3lo permiten el acoplamiento ciego de una configuraci\u00f3n 2\u00d74 de clavijas Powerpole 15\/45 de Anderson, sino tambi\u00e9n de los contactos de 10 A y 30 A de apertura\/cierre a tierra.","og_url":"https:\/\/vandapower.com\/es\/componentes-de-la-bateria\/conectores\/powerpole-pak-app\/","og_site_name":"Vandapower | Components and Cable Assemblies for Industrial Batteries","article_modified_time":"2023-07-11T07:46:44+00:00","twitter_card":"summary_large_image","twitter_misc":{"Tiempo de lectura":"5 minutos"},"schema":{"@context":"https:\/\/schema.org","@graph":[{"@type":"WebPage","@id":"https:\/\/vandapower.com\/es\/componentes-de-la-bateria\/conectores\/powerpole-pak-app\/","url":"https:\/\/vandapower.com\/es\/componentes-de-la-bateria\/conectores\/powerpole-pak-app\/","name":"PowerPole\u00ae Pak Anderson Power\u2122 - Vandapower | Components and Cable Assemblies for Industrial Batteries","isPartOf":{"@id":"https:\/\/vandapower.com\/be-nl\/#website"},"datePublished":"2021-11-29T08:14:00+00:00","dateModified":"2023-07-11T07:46:44+00:00","description":"Los Powerpole Paks (Anderson Power Products) son carcasas de termopl\u00e1stico negro que pueden colocarse alrededor de \"bloques\" de enchufes Powerpole (de 10 a 45 A). Son muy resistentes a golpes y a la corrosi\u00f3n. Permiten el acoplado y desacoplado sencillo de aparatos el\u00e9ctricos en aplicaciones comerciales e industriales. Los sujetacables aseguran la descarga de tracci\u00f3n y el bloqueo integrado evita el desacoplado imprevisto de sus aparatos. Los tres tipos de carcasa -conector con cierre, conector sin cierre y carcasa \"hembra\" encajable- pueden alojar de 2 a 8 circuitos. El Blindmate Powerpole Pak ha sido concebido para satisfacer la demanda de conexiones Blindmate modulares de la industria de suministro el\u00e9ctrico y la industria de comunicaci\u00f3n. Estas carcasas no s\u00f3lo permiten el acoplamiento ciego de una configuraci\u00f3n 2\u00d74 de clavijas Powerpole 15\/45 de Anderson, sino tambi\u00e9n de los contactos de 10 A y 30 A de apertura\/cierre a tierra.","breadcrumb":{"@id":"https:\/\/vandapower.com\/es\/componentes-de-la-bateria\/conectores\/powerpole-pak-app\/#breadcrumb"},"inLanguage":"es","potentialAction":[{"@type":"ReadAction","target":["https:\/\/vandapower.com\/es\/componentes-de-la-bateria\/conectores\/powerpole-pak-app\/"]}]},{"@type":"BreadcrumbList","@id":"https:\/\/vandapower.com\/es\/componentes-de-la-bateria\/conectores\/powerpole-pak-app\/#breadcrumb","itemListElement":[{"@type":"ListItem","position":1,"name":"Home","item":"https:\/\/vandapower.com\/es\/home\/"},{"@type":"ListItem","position":2,"name":"Productos","item":"https:\/\/vandapower.com\/es\/componentes-de-la-bateria\/"},{"@type":"ListItem","position":3,"name":"Conectores","item":"https:\/\/vandapower.com\/es\/componentes-de-la-bateria\/conectores\/"},{"@type":"ListItem","position":4,"name":"PowerPole\u00ae Pak Anderson Power\u2122"}]},{"@type":"WebSite","@id":"https:\/\/vandapower.com\/be-nl\/#website","url":"https:\/\/vandapower.com\/be-nl\/","name":"Vandapower | Components and Cable Assemblies for Industrial Batteries","description":"Through our product knowledge, our buffer stock and our flexible organization, we can deliver your components for industrial batteries quickly and customized to your needs","publisher":{"@id":"https:\/\/vandapower.com\/be-nl\/#organization"},"potentialAction":[{"@type":"SearchAction","target":{"@type":"EntryPoint","urlTemplate":"https:\/\/vandapower.com\/be-nl\/?s={search_term_string}"},"query-input":{"@type":"PropertyValueSpecification","valueRequired":true,"valueName":"search_term_string"}}],"inLanguage":"es"},{"@type":"Organization","@id":"https:\/\/vandapower.com\/be-nl\/#organization","name":"Vandapower","url":"https:\/\/vandapower.com\/be-nl\/","logo":{"@type":"ImageObject","inLanguage":"es","@id":"https:\/\/vandapower.com\/be-nl\/#\/schema\/logo\/image\/","url":"https:\/\/vandapower.eu\/wp-content\/uploads\/2021\/07\/logo-Vandapower-tagline.svg","contentUrl":"https:\/\/vandapower.eu\/wp-content\/uploads\/2021\/07\/logo-Vandapower-tagline.svg","width":1321,"height":1088,"caption":"Vandapower"},"image":{"@id":"https:\/\/vandapower.com\/be-nl\/#\/schema\/logo\/image\/"}}]}},"_links":{"self":[{"href":"https:\/\/vandapower.com\/es\/wp-json\/wp\/v2\/pages\/6787","targetHints":{"allow":["GET"]}}],"collection":[{"href":"https:\/\/vandapower.com\/es\/wp-json\/wp\/v2\/pages"}],"about":[{"href":"https:\/\/vandapower.com\/es\/wp-json\/wp\/v2\/types\/page"}],"author":[{"embeddable":true,"href":"https:\/\/vandapower.com\/es\/wp-json\/wp\/v2\/users\/1"}],"replies":[{"embeddable":true,"href":"https:\/\/vandapower.com\/es\/wp-json\/wp\/v2\/comments?post=6787"}],"version-history":[{"count":11,"href":"https:\/\/vandapower.com\/es\/wp-json\/wp\/v2\/pages\/6787\/revisions"}],"predecessor-version":[{"id":21500,"href":"https:\/\/vandapower.com\/es\/wp-json\/wp\/v2\/pages\/6787\/revisions\/21500"}],"up":[{"embeddable":true,"href":"https:\/\/vandapower.com\/es\/wp-json\/wp\/v2\/pages\/5215"}],"wp:attachment":[{"href":"https:\/\/vandapower.com\/es\/wp-json\/wp\/v2\/media?parent=6787"}],"curies":[{"name":"wp","href":"https:\/\/api.w.org\/{rel}","templated":true}]}}