{"id":5319,"date":"2021-10-22T10:19:00","date_gmt":"2021-10-22T10:19:00","guid":{"rendered":"https:\/\/vandapower.eu\/empleo\/especialista-en-programacion-informatica\/"},"modified":"2021-11-05T08:20:48","modified_gmt":"2021-11-05T08:20:48","slug":"especialista-en-programacion-informatica","status":"publish","type":"page","link":"https:\/\/vandapower.com\/es\/empleo\/especialista-en-programacion-informatica\/","title":{"rendered":"Especialista en programaci\u00f3n inform\u00e1tica"},"content":{"rendered":"<p>[et_pb_section fb_built=\u00bb1&#8243; _builder_version=\u00bb4.9.7&#8243; _module_preset=\u00bbdefault\u00bb custom_padding=\u00bb0px||0px||true|false\u00bb][et_pb_row module_class=\u00bbusp-header\u00bb _builder_version=\u00bb4.9.7&#8243; _module_preset=\u00bbdefault\u00bb custom_padding=\u00bb||0px||false|false\u00bb global_module=\u00bb2256&#8243; saved_tabs=\u00bball\u00bb][et_pb_column type=\u00bb4_4&#8243; _builder_version=\u00bb4.9.7&#8243; _module_preset=\u00bbdefault\u00bb][et_pb_blurb image=\u00bbhttps:\/\/vandapower.eu\/wp-content\/uploads\/\/2021\/07\/One-stop-Shop.svg\u00bb icon_placement=\u00bbleft\u00bb image_max_width=\u00bb20px\u00bb _builder_version=\u00bb4.9.7&#8243; _module_preset=\u00bbdefault\u00bb body_font_size=\u00bb14px\u00bb body_line_height=\u00bb1.4em\u00bb width=\u00bb13%\u00bb width_tablet=\u00bb30%\u00bb width_phone=\u00bb100%\u00bb width_last_edited=\u00bbon|phone\u00bb custom_margin=\u00bb0px||10px||false|false\u00bb custom_padding=\u00bb||0px|0px|false|false\u00bb link_option_url=\u00bbhttps:\/\/vandapower.eu\/es\/por-que-vandapower\/#onestop\u00bb custom_css_main_element=\u00bbdisplay: inline-block;||\u00bb content__hover_enabled=\u00bbon|hover\u00bb content__hover=\u00bb<\/p>\n<p><span style=%22text-decoration: underline;%22><span class=%22red%22>One-stop<\/span> shop<\/span><\/p>\n<p>\u00ab]<\/p>\n<p><span class=\"red\">One-stop<\/span> shop<\/p>\n<p>[\/et_pb_blurb][et_pb_blurb image=\u00bbhttps:\/\/vandapower.eu\/wp-content\/uploads\/\/2021\/07\/On-time-Delivery.svg\u00bb icon_placement=\u00bbleft\u00bb image_max_width=\u00bb20px\u00bb _builder_version=\u00bb4.9.7&#8243; _module_preset=\u00bbdefault\u00bb body_font_size=\u00bb14px\u00bb body_line_height=\u00bb1.4em\u00bb width=\u00bb13%\u00bb width_tablet=\u00bb30%\u00bb width_phone=\u00bb100%\u00bb width_last_edited=\u00bbon|phone\u00bb custom_margin=\u00bb0px||10px||false|false\u00bb custom_padding=\u00bb||0px|0px|false|false\u00bb link_option_url=\u00bbhttps:\/\/vandapower.eu\/es\/por-que-vandapower\/#ontime\u00bb custom_css_main_element=\u00bbdisplay: inline-block;\u00bb content__hover_enabled=\u00bbon|hover\u00bb content__hover=\u00bb<\/p>\n<p><span style=%22text-decoration: underline;%22><span class=%22red%22>Tijdige<\/span> levering<\/span><\/p>\n<p>\u00ab]<\/p>\n<p>Entrega <span class=\"red\">completa<\/span><\/p>\n<p>[\/et_pb_blurb][et_pb_blurb image=\u00bbhttps:\/\/vandapower.eu\/wp-content\/uploads\/\/2021\/07\/Independent-Technical-Advice.svg\u00bb icon_placement=\u00bbleft\u00bb image_max_width=\u00bb18px\u00bb _builder_version=\u00bb4.9.7&#8243; _module_preset=\u00bbdefault\u00bb body_font_size=\u00bb14px\u00bb body_line_height=\u00bb2em\u00bb width=\u00bb25%\u00bb width_tablet=\u00bb39%\u00bb width_phone=\u00bb100%\u00bb width_last_edited=\u00bbon|phone\u00bb custom_margin=\u00bb||5px||false|false\u00bb custom_padding=\u00bb||0px|0px|false|false\u00bb link_option_url=\u00bbhttps:\/\/vandapower.eu\/es\/por-que-vandapower\/#independent\u00bb custom_css_main_element=\u00bbdisplay: inline-block;\u00bb content__hover_enabled=\u00bbon|hover\u00bb content__hover=\u00bb<\/p>\n<p><span style=%22text-decoration: underline;%22>Onafhankelijk <span class=%22red%22>technisch advies<\/span><\/span><\/p>\n<p>\u00ab]<\/p>\n<p><span class=\"red\">Asesoramiento t\u00e9cnico<\/span> independiente<\/p>\n<p>[\/et_pb_blurb][\/et_pb_column][\/et_pb_row][et_pb_row _builder_version=\u00bb4.9.7&#8243; _module_preset=\u00bbdefault\u00bb custom_margin=\u00bb0px||||false|false\u00bb custom_padding=\u00bb0px||0px||true|false\u00bb][et_pb_column type=\u00bb4_4&#8243; _builder_version=\u00bb4.9.7&#8243; _module_preset=\u00bbdefault\u00bb][et_pb_code _builder_version=\u00bb4.9.7&#8243; _module_preset=\u00bbdefault\u00bb custom_margin=\u00bb15px||0px||false|false\u00bb]<span><span><a href=\"https:\/\/vandapower.com\/es\/home\/\">Home<\/a><\/span><\/span>[\/et_pb_code][\/et_pb_column][\/et_pb_row][\/et_pb_section][et_pb_section fb_built=\u00bb1&#8243; _builder_version=\u00bb4.9.7&#8243; _module_preset=\u00bbdefault\u00bb custom_padding=\u00bb0px||0px||false|false\u00bb][et_pb_row _builder_version=\u00bb4.9.7&#8243; _module_preset=\u00bbdefault\u00bb][et_pb_column type=\u00bb4_4&#8243; _builder_version=\u00bb4.9.7&#8243; _module_preset=\u00bbdefault\u00bb][et_pb_text _builder_version=\u00bb4.9.7&#8243; _module_preset=\u00bbdefault\u00bb hover_enabled=\u00bb0&#8243; sticky_enabled=\u00bb0&#8243;]<\/p>\n<h1>Especialista en programaci\u00f3n inform\u00e1tica<\/h1>\n<p>[\/et_pb_text][et_pb_image src=\u00bbhttps:\/\/vandapower.eu\/wp-content\/uploads\/2021\/07\/top-vacature.jpg\u00bb title_text=\u00bbtop vacante\u00bb _builder_version=\u00bb4.9.7&#8243; _module_preset=\u00bbdefault\u00bb][\/et_pb_image][et_pb_text _builder_version=\u00bb4.9.7&#8243; _module_preset=\u00bbdefault\u00bb custom_margin=\u00bb||2px||false|false\u00bb hover_enabled=\u00bb0&#8243; sticky_enabled=\u00bb0&#8243;]<\/p>\n<p><strong>\u00bfQui\u00e9n es Vandapower?<\/strong><\/p>\n<p><strong><span>Vandapower<\/span><\/strong>es una empresa de r\u00e1pido crecimiento. Es el l\u00edder europeo en el nicho de mercado de la distribuci\u00f3n de componentes para bater\u00edas industriales. Nuestros clientes son tanto pymes independientes como empresas multinacionales. A trav\u00e9s de nuestras operaciones en Oosterzele, B\u00e9lgica, y Austin, Texas, atendemos a clientes de todo el mundo.<\/p>\n<p>Nos esforzamos por asentar nuestra posici\u00f3n de liderazgo en nuevos mercados y regiones. Esto es posible gracias a la combinaci\u00f3n de nuestro fuerte esp\u00edritu de equipo, personas con talento, una organizaci\u00f3n \u00e1gil y un fuerte enfoque en la intimidad del cliente y la calidad del servicio.<\/p>\n<p><strong>\u00bfA qui\u00e9n buscamos?<\/strong><\/p>\n<p>Buscamos un<span> <\/span><strong>especialista<\/strong>en<strong>programaci\u00f3n<\/strong><span> <\/span>que es mordido por todo lo relacionado con<span> <\/span><strong>optimizar<\/strong><span> <\/span>el entorno de trabajo. Como en nuestra empresa de r\u00e1pido crecimiento, la descripci\u00f3n de su trabajo ser\u00e1 muy amplia, desafiante y diferente.<\/p>\n<p>Sus responsabilidades incluyen:<\/p>\n<p><strong>Funci\u00f3n de programaci\u00f3n<\/strong><\/p>\n<ul>\n<li>Desarrollo de nuestro paquete ERP<\/li>\n<li>Desarrollo de backend para sitios web de empresas<\/li>\n<li>Escritura de software de tiempo cr\u00edtico de alto rendimiento para ser utilizado en el ecosistema de Windows<\/li>\n<li>Probar\u00e1 los programas de software desarrollados y aportar\u00e1 mejoras cuando sea necesario<\/li>\n<\/ul>\n<p><strong>Funci\u00f3n de especialista<\/strong><\/p>\n<p>Conocimiento de:<\/p>\n<ul>\n<li>Script Java<\/li>\n<li>PHP<\/li>\n<li>SQL \/ Databases<\/li>\n<li>Java\/C#<\/li>\n<li>XML<\/li>\n<\/ul>\n<p><strong>Desarrollo<\/strong><\/p>\n<ul>\n<li>Construir una comprensi\u00f3n fundamental del negocio y los servicios de Vandapower.<\/li>\n<li>Establecer una estrecha relaci\u00f3n de trabajo con todos los miembros del equipo implicados.<\/li>\n<li>Cada d\u00eda es una nueva oportunidad para trabajar en la gesti\u00f3n del cambio para hacer crecer la empresa.<\/li>\n<li>La resoluci\u00f3n de problemas y el pensamiento cr\u00edtico son habilidades fundamentales.<\/li>\n<li>Es un jugador de equipo y un buen comunicador. Eres flexible, tanto en el pensar como en el hacer.<\/li>\n<li>Es preciso, anal\u00edtico, aprende a elaborar y racionalizar los procesos y realiza una evaluaci\u00f3n cr\u00edtica de los mismos.<\/li>\n<li>Puede trabajar bien de forma independiente y puede gestionar un proyecto \u00abdesde cero\u00bb.<\/li>\n<li>Le satisface encontrar soluciones y encontrar estructura en el caos.<\/li>\n<\/ul>\n<p><strong>\u00bfEs usted la persona adecuada?<\/strong><\/p>\n<ul>\n<li>Domina <span>el<\/span><strong><span>ingl\u00e9s<\/span><\/strong>. Otros idiomas son una ventaja.<\/li>\n<li>Licenciado en TIC aplicadas &#8211; desarrollo de aplicaciones.<\/li>\n<li>Adem\u00e1s de una formaci\u00f3n superior y pertinente (m\u00ednimo de licenciatura), ya tiene alguna experiencia relevante. <\/li>\n<li>Usted es<span> <\/span>y tienen una gran <strong><span>capacidad de respuesta.<\/span><\/strong><span> <\/span><strong><span>la visi\u00f3n de las personas<\/span><\/strong> y<span> <\/span><strong>la inteligencia emocional<\/strong>. Ha tenido \u00e9xito<span> <\/span><strong>experiencia<\/strong><span> <\/span>en inform\u00e1tica, m\u00e1s concretamente en una funci\u00f3n de programaci\u00f3n. Tienes experiencia en el uso de diferentes herramientas inform\u00e1ticas. <\/li>\n<li>Usted es<span> <\/span><strong><span>empresarial<\/span>,<\/strong> un<span> <\/span><strong>aprende r\u00e1pido, sabe de tecnolog\u00eda y es tenaz.<\/strong> Un verdadero<span> <\/span><strong>constructor.<span> <\/span><\/strong>Usted es<span> <\/span><strong><span>y nunca dejar de tomar<\/span><\/strong>iniciativas para impulsar el \u00e9xito.<\/li>\n<li>Usted tiene<span> <\/span><strong>habilidades de comunicaci\u00f3n superiores.<\/strong> Nuestros valores de<span> <\/span><strong>Hablar claro, respeto, fiabilidad, impulso a la excelencia<\/strong><span> <\/span>son evidentes para ti. Aceptas la retroalimentaci\u00f3n y el entrenamiento a lo largo de un empinado camino de aprendizaje para ti y para Vandapower. Se aprende de los errores. Su responsable directo es el director de inform\u00e1tica.<\/li>\n<\/ul>\n<p><strong>\u00bfQu\u00e9 ofrecemos?<\/strong><\/p>\n<ul>\n<li>\u00bfQu\u00e9 ofrecemos?<span> <\/span><strong>empresa de r\u00e1pido crecimiento, internacional y emocionante.<\/strong> Ofrecemos un<span> <\/span><strong><span>de tiempo<\/span><\/strong> completo.<\/li>\n<li>Te unir\u00e1s <span>a<\/span>un equipo <strong><span>din\u00e1mico<\/span><\/strong>de unas 40 personas apasionadas, en el <span>que<\/span> <span>se<\/span>valora <span>mucho<\/span><strong>el trabajo en equipo<\/strong> <span>y<\/span> <strong>el af\u00e1n de superaci\u00f3n.<\/strong><\/li>\n<li>Ofrecemos un <strong><span>paquete<\/span><\/strong><span>competitivo<\/span>, un ambiente divertido y proporcionamos amplias oportunidades <span>de <\/span><strong><span>crecimiento<\/span><\/strong> personal en una empresa en r\u00e1pida evoluci\u00f3n con una cultura y una visi\u00f3n s\u00f3lidas.<\/li>\n<\/ul>\n<p><strong>\u00bfLe interesa?<\/strong><\/p>\n<p>\u00bfSe siente<span> <\/span><strong><span>\u00bfse ha animado al leer esta oferta de empleo?<\/span><\/strong> \u00bfCree que podemos ser su pr\u00f3ximo enchufe para cargar conocimiento y poder? Env\u00ede su CV y su motivaci\u00f3n a<span> <\/span><a href=\"mailto:jobs@vandapower.com\">jobs@vandapower.com<\/a><span> <\/span>a la atenci\u00f3n de Audrey Van De Velde.<\/p>\n<p>[\/et_pb_text][\/et_pb_column][\/et_pb_row][et_pb_row _builder_version=\u00bb4.9.7&#8243; _module_preset=\u00bbdefault\u00bb][et_pb_column type=\u00bb4_4&#8243; _builder_version=\u00bb4.9.7&#8243; _module_preset=\u00bbdefault\u00bb][et_pb_image src=\u00bbhttps:\/\/vandapower.eu\/wp-content\/uploads\/2021\/07\/bottom-vacature.jpg\u00bb title_text=\u00bbvac\u00edo en el fondo\u00bb _builder_version=\u00bb4.9.7&#8243; _module_preset=\u00bbdefault\u00bb][\/et_pb_image][\/et_pb_column][\/et_pb_row][\/et_pb_section]<\/p>\n","protected":false},"excerpt":{"rendered":"<p>One-stop shopEntrega completaAsesoramiento t\u00e9cnico independiente<span><span><a href=\"https:\/\/vandapower.com\/es\/home\/\">Home<\/a><\/span><\/span>Especialista en programaci\u00f3n inform\u00e1tica\u00bfQui\u00e9n es Vandapower? Vandapoweres una empresa de r\u00e1pido crecimiento. Es el l\u00edder europeo en el nicho de mercado de la distribuci\u00f3n de componentes para bater\u00edas industriales. Nuestros clientes son tanto pymes independientes como empresas multinacionales. A trav\u00e9s de nuestras operaciones en Oosterzele, B\u00e9lgica, y Austin, Texas, atendemos a [&hellip;]<\/p>\n","protected":false},"author":1,"featured_media":0,"parent":5250,"menu_order":0,"comment_status":"closed","ping_status":"closed","template":"","meta":{"_et_pb_use_builder":"on","_et_pb_old_content":"","_et_gb_content_width":"","om_disable_all_campaigns":false,"inline_featured_image":false,"_monsterinsights_skip_tracking":false,"_monsterinsights_sitenote_active":false,"_monsterinsights_sitenote_note":"","_monsterinsights_sitenote_category":0,"_uf_show_specific_survey":0,"_uf_disable_surveys":false,"footnotes":""},"class_list":["post-5319","page","type-page","status-publish","hentry"],"yoast_head":"<!-- This site is optimized with the Yoast SEO plugin v27.3 - https:\/\/yoast.com\/product\/yoast-seo-wordpress\/ -->\n<title>Especialista en programaci\u00f3n inform\u00e1tica - Vandapower | Components and Cable Assemblies for Industrial Batteries<\/title>\n<meta name=\"robots\" content=\"index, follow, max-snippet:-1, max-image-preview:large, max-video-preview:-1\" \/>\n<link rel=\"canonical\" href=\"https:\/\/vandapower.com\/es\/empleo\/especialista-en-programacion-informatica\/\" \/>\n<meta property=\"og:locale\" content=\"es_ES\" \/>\n<meta property=\"og:type\" content=\"article\" \/>\n<meta property=\"og:title\" content=\"Especialista en programaci\u00f3n inform\u00e1tica - Vandapower | Components and Cable Assemblies for Industrial Batteries\" \/>\n<meta property=\"og:description\" content=\"One-stop shopEntrega completaAsesoramiento t\u00e9cnico independienteEspecialista en programaci\u00f3n inform\u00e1tica\u00bfQui\u00e9n es Vandapower? Vandapoweres una empresa de r\u00e1pido crecimiento. Es el l\u00edder europeo en el nicho de mercado de la distribuci\u00f3n de componentes para bater\u00edas industriales. Nuestros clientes son tanto pymes independientes como empresas multinacionales. A trav\u00e9s de nuestras operaciones en Oosterzele, B\u00e9lgica, y Austin, Texas, atendemos a [&hellip;]\" \/>\n<meta property=\"og:url\" content=\"https:\/\/vandapower.com\/es\/empleo\/especialista-en-programacion-informatica\/\" \/>\n<meta property=\"og:site_name\" content=\"Vandapower | Components and Cable Assemblies for Industrial Batteries\" \/>\n<meta property=\"article:modified_time\" content=\"2021-11-05T08:20:48+00:00\" \/>\n<meta name=\"twitter:card\" content=\"summary_large_image\" \/>\n<meta name=\"twitter:label1\" content=\"Tiempo de lectura\" \/>\n\t<meta name=\"twitter:data1\" content=\"6 minutos\" \/>\n<script type=\"application\/ld+json\" class=\"yoast-schema-graph\">{\"@context\":\"https:\\\/\\\/schema.org\",\"@graph\":[{\"@type\":\"WebPage\",\"@id\":\"https:\\\/\\\/vandapower.com\\\/es\\\/empleo\\\/especialista-en-programacion-informatica\\\/\",\"url\":\"https:\\\/\\\/vandapower.com\\\/es\\\/empleo\\\/especialista-en-programacion-informatica\\\/\",\"name\":\"Especialista en programaci\u00f3n inform\u00e1tica - Vandapower | Components and Cable Assemblies for Industrial Batteries\",\"isPartOf\":{\"@id\":\"https:\\\/\\\/vandapower.com\\\/be-nl\\\/#website\"},\"datePublished\":\"2021-10-22T10:19:00+00:00\",\"dateModified\":\"2021-11-05T08:20:48+00:00\",\"breadcrumb\":{\"@id\":\"https:\\\/\\\/vandapower.com\\\/es\\\/empleo\\\/especialista-en-programacion-informatica\\\/#breadcrumb\"},\"inLanguage\":\"es\",\"potentialAction\":[{\"@type\":\"ReadAction\",\"target\":[\"https:\\\/\\\/vandapower.com\\\/es\\\/empleo\\\/especialista-en-programacion-informatica\\\/\"]}]},{\"@type\":\"BreadcrumbList\",\"@id\":\"https:\\\/\\\/vandapower.com\\\/es\\\/empleo\\\/especialista-en-programacion-informatica\\\/#breadcrumb\",\"itemListElement\":[{\"@type\":\"ListItem\",\"position\":1,\"name\":\"Home\",\"item\":\"https:\\\/\\\/vandapower.com\\\/es\\\/home\\\/\"},{\"@type\":\"ListItem\",\"position\":2,\"name\":\"Empleo\",\"item\":\"https:\\\/\\\/vandapower.com\\\/es\\\/empleo\\\/\"},{\"@type\":\"ListItem\",\"position\":3,\"name\":\"Especialista en programaci\u00f3n inform\u00e1tica\"}]},{\"@type\":\"WebSite\",\"@id\":\"https:\\\/\\\/vandapower.com\\\/be-nl\\\/#website\",\"url\":\"https:\\\/\\\/vandapower.com\\\/be-nl\\\/\",\"name\":\"Vandapower | Components and Cable Assemblies for Industrial Batteries\",\"description\":\"Through our product knowledge, our buffer stock and our flexible organization, we can deliver your components for industrial batteries quickly and customized to your needs\",\"publisher\":{\"@id\":\"https:\\\/\\\/vandapower.com\\\/be-nl\\\/#organization\"},\"potentialAction\":[{\"@type\":\"SearchAction\",\"target\":{\"@type\":\"EntryPoint\",\"urlTemplate\":\"https:\\\/\\\/vandapower.com\\\/be-nl\\\/?s={search_term_string}\"},\"query-input\":{\"@type\":\"PropertyValueSpecification\",\"valueRequired\":true,\"valueName\":\"search_term_string\"}}],\"inLanguage\":\"es\"},{\"@type\":\"Organization\",\"@id\":\"https:\\\/\\\/vandapower.com\\\/be-nl\\\/#organization\",\"name\":\"Vandapower\",\"url\":\"https:\\\/\\\/vandapower.com\\\/be-nl\\\/\",\"logo\":{\"@type\":\"ImageObject\",\"inLanguage\":\"es\",\"@id\":\"https:\\\/\\\/vandapower.com\\\/be-nl\\\/#\\\/schema\\\/logo\\\/image\\\/\",\"url\":\"https:\\\/\\\/vandapower.eu\\\/wp-content\\\/uploads\\\/2021\\\/07\\\/logo-Vandapower-tagline.svg\",\"contentUrl\":\"https:\\\/\\\/vandapower.eu\\\/wp-content\\\/uploads\\\/2021\\\/07\\\/logo-Vandapower-tagline.svg\",\"width\":1321,\"height\":1088,\"caption\":\"Vandapower\"},\"image\":{\"@id\":\"https:\\\/\\\/vandapower.com\\\/be-nl\\\/#\\\/schema\\\/logo\\\/image\\\/\"}}]}<\/script>\n<!-- \/ Yoast SEO plugin. -->","yoast_head_json":{"title":"Especialista en programaci\u00f3n inform\u00e1tica - Vandapower | Components and Cable Assemblies for Industrial Batteries","robots":{"index":"index","follow":"follow","max-snippet":"max-snippet:-1","max-image-preview":"max-image-preview:large","max-video-preview":"max-video-preview:-1"},"canonical":"https:\/\/vandapower.com\/es\/empleo\/especialista-en-programacion-informatica\/","og_locale":"es_ES","og_type":"article","og_title":"Especialista en programaci\u00f3n inform\u00e1tica - Vandapower | Components and Cable Assemblies for Industrial Batteries","og_description":"One-stop shopEntrega completaAsesoramiento t\u00e9cnico independienteEspecialista en programaci\u00f3n inform\u00e1tica\u00bfQui\u00e9n es Vandapower? Vandapoweres una empresa de r\u00e1pido crecimiento. Es el l\u00edder europeo en el nicho de mercado de la distribuci\u00f3n de componentes para bater\u00edas industriales. Nuestros clientes son tanto pymes independientes como empresas multinacionales. A trav\u00e9s de nuestras operaciones en Oosterzele, B\u00e9lgica, y Austin, Texas, atendemos a [&hellip;]","og_url":"https:\/\/vandapower.com\/es\/empleo\/especialista-en-programacion-informatica\/","og_site_name":"Vandapower | Components and Cable Assemblies for Industrial Batteries","article_modified_time":"2021-11-05T08:20:48+00:00","twitter_card":"summary_large_image","twitter_misc":{"Tiempo de lectura":"6 minutos"},"schema":{"@context":"https:\/\/schema.org","@graph":[{"@type":"WebPage","@id":"https:\/\/vandapower.com\/es\/empleo\/especialista-en-programacion-informatica\/","url":"https:\/\/vandapower.com\/es\/empleo\/especialista-en-programacion-informatica\/","name":"Especialista en programaci\u00f3n inform\u00e1tica - Vandapower | Components and Cable Assemblies for Industrial Batteries","isPartOf":{"@id":"https:\/\/vandapower.com\/be-nl\/#website"},"datePublished":"2021-10-22T10:19:00+00:00","dateModified":"2021-11-05T08:20:48+00:00","breadcrumb":{"@id":"https:\/\/vandapower.com\/es\/empleo\/especialista-en-programacion-informatica\/#breadcrumb"},"inLanguage":"es","potentialAction":[{"@type":"ReadAction","target":["https:\/\/vandapower.com\/es\/empleo\/especialista-en-programacion-informatica\/"]}]},{"@type":"BreadcrumbList","@id":"https:\/\/vandapower.com\/es\/empleo\/especialista-en-programacion-informatica\/#breadcrumb","itemListElement":[{"@type":"ListItem","position":1,"name":"Home","item":"https:\/\/vandapower.com\/es\/home\/"},{"@type":"ListItem","position":2,"name":"Empleo","item":"https:\/\/vandapower.com\/es\/empleo\/"},{"@type":"ListItem","position":3,"name":"Especialista en programaci\u00f3n inform\u00e1tica"}]},{"@type":"WebSite","@id":"https:\/\/vandapower.com\/be-nl\/#website","url":"https:\/\/vandapower.com\/be-nl\/","name":"Vandapower | Components and Cable Assemblies for Industrial Batteries","description":"Through our product knowledge, our buffer stock and our flexible organization, we can deliver your components for industrial batteries quickly and customized to your needs","publisher":{"@id":"https:\/\/vandapower.com\/be-nl\/#organization"},"potentialAction":[{"@type":"SearchAction","target":{"@type":"EntryPoint","urlTemplate":"https:\/\/vandapower.com\/be-nl\/?s={search_term_string}"},"query-input":{"@type":"PropertyValueSpecification","valueRequired":true,"valueName":"search_term_string"}}],"inLanguage":"es"},{"@type":"Organization","@id":"https:\/\/vandapower.com\/be-nl\/#organization","name":"Vandapower","url":"https:\/\/vandapower.com\/be-nl\/","logo":{"@type":"ImageObject","inLanguage":"es","@id":"https:\/\/vandapower.com\/be-nl\/#\/schema\/logo\/image\/","url":"https:\/\/vandapower.eu\/wp-content\/uploads\/2021\/07\/logo-Vandapower-tagline.svg","contentUrl":"https:\/\/vandapower.eu\/wp-content\/uploads\/2021\/07\/logo-Vandapower-tagline.svg","width":1321,"height":1088,"caption":"Vandapower"},"image":{"@id":"https:\/\/vandapower.com\/be-nl\/#\/schema\/logo\/image\/"}}]}},"_links":{"self":[{"href":"https:\/\/vandapower.com\/es\/wp-json\/wp\/v2\/pages\/5319","targetHints":{"allow":["GET"]}}],"collection":[{"href":"https:\/\/vandapower.com\/es\/wp-json\/wp\/v2\/pages"}],"about":[{"href":"https:\/\/vandapower.com\/es\/wp-json\/wp\/v2\/types\/page"}],"author":[{"embeddable":true,"href":"https:\/\/vandapower.com\/es\/wp-json\/wp\/v2\/users\/1"}],"replies":[{"embeddable":true,"href":"https:\/\/vandapower.com\/es\/wp-json\/wp\/v2\/comments?post=5319"}],"version-history":[{"count":5,"href":"https:\/\/vandapower.com\/es\/wp-json\/wp\/v2\/pages\/5319\/revisions"}],"predecessor-version":[{"id":6102,"href":"https:\/\/vandapower.com\/es\/wp-json\/wp\/v2\/pages\/5319\/revisions\/6102"}],"up":[{"embeddable":true,"href":"https:\/\/vandapower.com\/es\/wp-json\/wp\/v2\/pages\/5250"}],"wp:attachment":[{"href":"https:\/\/vandapower.com\/es\/wp-json\/wp\/v2\/media?parent=5319"}],"curies":[{"name":"wp","href":"https:\/\/api.w.org\/{rel}","templated":true}]}}