{"id":5315,"date":"2021-10-22T10:04:31","date_gmt":"2021-10-22T10:04:31","guid":{"rendered":"https:\/\/vandapower.eu\/empleo\/asistente-de-produccion\/"},"modified":"2021-11-05T08:20:56","modified_gmt":"2021-11-05T08:20:56","slug":"asistente-de-produccion","status":"publish","type":"page","link":"https:\/\/vandapower.com\/es\/empleo\/asistente-de-produccion\/","title":{"rendered":"Asistente de producci\u00f3n"},"content":{"rendered":"<p>[et_pb_section fb_built=\u00bb1&#8243; _builder_version=\u00bb4.9.7&#8243; _module_preset=\u00bbdefault\u00bb custom_padding=\u00bb0px||0px||true|false\u00bb][et_pb_row module_class=\u00bbusp-header\u00bb _builder_version=\u00bb4.9.7&#8243; _module_preset=\u00bbdefault\u00bb custom_padding=\u00bb||0px||false|false\u00bb global_module=\u00bb2256&#8243; saved_tabs=\u00bball\u00bb][et_pb_column type=\u00bb4_4&#8243; _builder_version=\u00bb4.9.7&#8243; _module_preset=\u00bbdefault\u00bb][et_pb_blurb image=\u00bbhttps:\/\/vandapower.eu\/wp-content\/uploads\/\/2021\/07\/One-stop-Shop.svg\u00bb icon_placement=\u00bbleft\u00bb image_max_width=\u00bb20px\u00bb _builder_version=\u00bb4.9.7&#8243; _module_preset=\u00bbdefault\u00bb body_font_size=\u00bb14px\u00bb body_line_height=\u00bb1.4em\u00bb width=\u00bb13%\u00bb width_tablet=\u00bb30%\u00bb width_phone=\u00bb100%\u00bb width_last_edited=\u00bbon|phone\u00bb custom_margin=\u00bb0px||10px||false|false\u00bb custom_padding=\u00bb||0px|0px|false|false\u00bb link_option_url=\u00bbhttps:\/\/vandapower.eu\/es\/por-que-vandapower\/#onestop\u00bb custom_css_main_element=\u00bbdisplay: inline-block;||\u00bb content__hover_enabled=\u00bbon|hover\u00bb content__hover=\u00bb<\/p>\n<p><span style=%22text-decoration: underline;%22><span class=%22red%22>One-stop<\/span> shop<\/span><\/p>\n<p>\u00ab]<\/p>\n<p><span class=\"red\">One-stop<\/span> shop<\/p>\n<p>[\/et_pb_blurb][et_pb_blurb image=\u00bbhttps:\/\/vandapower.eu\/wp-content\/uploads\/\/2021\/07\/On-time-Delivery.svg\u00bb icon_placement=\u00bbleft\u00bb image_max_width=\u00bb20px\u00bb _builder_version=\u00bb4.9.7&#8243; _module_preset=\u00bbdefault\u00bb body_font_size=\u00bb14px\u00bb body_line_height=\u00bb1.4em\u00bb width=\u00bb13%\u00bb width_tablet=\u00bb30%\u00bb width_phone=\u00bb100%\u00bb width_last_edited=\u00bbon|phone\u00bb custom_margin=\u00bb0px||10px||false|false\u00bb custom_padding=\u00bb||0px|0px|false|false\u00bb link_option_url=\u00bbhttps:\/\/vandapower.eu\/es\/por-que-vandapower\/#ontime\u00bb custom_css_main_element=\u00bbdisplay: inline-block;\u00bb content__hover_enabled=\u00bbon|hover\u00bb content__hover=\u00bb<\/p>\n<p><span style=%22text-decoration: underline;%22><span class=%22red%22>Tijdige<\/span> levering<\/span><\/p>\n<p>\u00ab]<\/p>\n<p>Entrega <span class=\"red\">completa<\/span><\/p>\n<p>[\/et_pb_blurb][et_pb_blurb image=\u00bbhttps:\/\/vandapower.eu\/wp-content\/uploads\/\/2021\/07\/Independent-Technical-Advice.svg\u00bb icon_placement=\u00bbleft\u00bb image_max_width=\u00bb18px\u00bb _builder_version=\u00bb4.9.7&#8243; _module_preset=\u00bbdefault\u00bb body_font_size=\u00bb14px\u00bb body_line_height=\u00bb2em\u00bb width=\u00bb25%\u00bb width_tablet=\u00bb39%\u00bb width_phone=\u00bb100%\u00bb width_last_edited=\u00bbon|phone\u00bb custom_margin=\u00bb||5px||false|false\u00bb custom_padding=\u00bb||0px|0px|false|false\u00bb link_option_url=\u00bbhttps:\/\/vandapower.eu\/es\/por-que-vandapower\/#independent\u00bb custom_css_main_element=\u00bbdisplay: inline-block;\u00bb content__hover_enabled=\u00bbon|hover\u00bb content__hover=\u00bb<\/p>\n<p><span style=%22text-decoration: underline;%22>Onafhankelijk <span class=%22red%22>technisch advies<\/span><\/span><\/p>\n<p>\u00ab]<\/p>\n<p><span class=\"red\">Asesoramiento t\u00e9cnico<\/span> independiente<\/p>\n<p>[\/et_pb_blurb][\/et_pb_column][\/et_pb_row][et_pb_row _builder_version=\u00bb4.9.7&#8243; _module_preset=\u00bbdefault\u00bb custom_margin=\u00bb0px||||false|false\u00bb custom_padding=\u00bb0px||0px||true|false\u00bb][et_pb_column type=\u00bb4_4&#8243; _builder_version=\u00bb4.9.7&#8243; _module_preset=\u00bbdefault\u00bb][et_pb_code _builder_version=\u00bb4.9.7&#8243; _module_preset=\u00bbdefault\u00bb custom_margin=\u00bb15px||0px||false|false\u00bb]<span><span><a href=\"https:\/\/vandapower.com\/es\/home\/\">Home<\/a><\/span><\/span>[\/et_pb_code][\/et_pb_column][\/et_pb_row][\/et_pb_section][et_pb_section fb_built=\u00bb1&#8243; _builder_version=\u00bb4.9.7&#8243; _module_preset=\u00bbdefault\u00bb custom_padding=\u00bb0px||0px||false|false\u00bb][et_pb_row _builder_version=\u00bb4.9.7&#8243; _module_preset=\u00bbdefault\u00bb][et_pb_column type=\u00bb4_4&#8243; _builder_version=\u00bb4.9.7&#8243; _module_preset=\u00bbdefault\u00bb][et_pb_text _builder_version=\u00bb4.9.7&#8243; _module_preset=\u00bbdefault\u00bb hover_enabled=\u00bb0&#8243; sticky_enabled=\u00bb0&#8243;]<\/p>\n<h1>Asistente de producci\u00f3n<\/h1>\n<p>[\/et_pb_text][et_pb_image src=\u00bbhttps:\/\/vandapower.eu\/wp-content\/uploads\/2021\/07\/top-vacature.jpg\u00bb title_text=\u00bbtop vacante\u00bb _builder_version=\u00bb4.9.7&#8243; _module_preset=\u00bbdefault\u00bb][\/et_pb_image][et_pb_text _builder_version=\u00bb4.9.7&#8243; _module_preset=\u00bbdefault\u00bb custom_margin=\u00bb||2px||false|false\u00bb hover_enabled=\u00bb0&#8243; sticky_enabled=\u00bb0&#8243;]<\/p>\n<p><strong>\u00bfQui\u00e9n es Vandapower?<\/strong><\/p>\n<p><strong>Vandapower es una empresa de r\u00e1pido crecimiento y es l\u00edder del mercado europeo en el nicho de distribuci\u00f3n de piezas para bater\u00edas industriales.<\/strong> Nuestros clientes son tanto pymes independientes como empresas multinacionales. A trav\u00e9s de nuestras operaciones en Oosterzele, B\u00e9lgica, y Austin, Texas, atendemos a clientes de todo el mundo.<\/p>\n<p>Nos esforzamos por asentar nuestra posici\u00f3n de liderazgo en nuevos mercados y regiones. Esto es posible gracias a la combinaci\u00f3n de nuestros claros valores, personas con talento, una organizaci\u00f3n \u00e1gil y un fuerte enfoque en la intimidad del cliente, el conocimiento del mercado y la calidad del servicio.<\/p>\n<p><strong>\u00bfQu\u00e9 puesto podemos ofrecer?<\/strong><\/p>\n<p>Buscamos una persona <strong>fuerte<\/strong>que se identifique plenamente con la siguiente vacante como <strong>Trabajador de Producci\u00f3n<\/strong><strong>.<\/strong><\/p>\n<ul>\n<li>Como <strong>empleado de nuestro departamento de producci\u00f3n<\/strong>, se encargar\u00e1 principalmente de que los <strong>montajes<\/strong>solicitados se realicen a tiempo y correctamente.\n<ul>\n<li><strong>Los montajes<\/strong> pueden incluir el corte de cables a medida, el desmontaje de cables, la soldadura, el prensado de contactos, el montaje de enchufes, etc.<\/li>\n<\/ul>\n<\/li>\n<li>Realiza las acciones necesarias para la preparaci\u00f3n precisa y <strong>correcta<\/strong>de las mercanc\u00edas solicitadas<\/li>\n<li>Sabe <strong>leer<\/strong><strong>las fichas<\/strong> <strong>t\u00e9cnicas<\/strong>y organizar las cosas seg\u00fan el plan.<\/li>\n<li>Usted es responsable del <strong>Embalaje y apilamiento de las mercanc\u00edas en salida. Tiene conocimientos sobre el embalaje correcto de las mercanc\u00edas.<\/strong><\/li>\n<li><strong>Puede manejar las piezas a veces un poco m\u00e1s pesadas (m\u00e1x. 30 kg)<\/strong><\/li>\n<li>Usted proporciona la informaci\u00f3n necesaria a los empleados y a los jefes de equipo. As\u00ed que eres un buen <strong>comunicador<\/strong>.<\/li>\n<li>Contribuye activamente a <strong>mantener el almac\u00e9n ordenado.<\/strong><\/li>\n<li>Por \u00faltimo, puede <strong>proporcionar el apoyo<\/strong>necesario en todas las \u00e1reas para todo nuestro almac\u00e9n. Guardar las mercanc\u00edas, clasificar y eliminar los residuos de forma ordenada, mantener el lugar de trabajo en orden.<\/li>\n<li>Se valorar\u00e1 la experiencia en la conducci\u00f3n de <strong>carretillas elevadoras<\/strong>, pero no es imprescindible<\/li>\n<\/ul>\n<p><strong>\u00bfQu\u00e9 puede ofrecernos?<\/strong><\/p>\n<ul>\n<li>Tiene un conocimiento s\u00f3lido y pr\u00e1ctico del <strong>neerland\u00e9s<\/strong> <\/li>\n<li>Es <strong>preciso, paciente<\/strong> y tiene buen <strong>ojo<\/strong>para los <strong>detalles<\/strong>. Puede enfrentarse a situaciones estresantes y cambiantes y siempre ayuda a encontrar la soluci\u00f3n adecuada. Eres <strong>pr\u00e1ctico<\/strong>y te atreves a <strong>tomar las iniciativas necesarias.<\/strong> <\/li>\n<li>Se valorar\u00e1 la experiencia en un entorno t\u00e9cnico de producci\u00f3n. <\/li>\n<li><strong>Una gran capacidad de comunicaci\u00f3n<\/strong>, el <strong>compa\u00f1erismo<\/strong>y la <strong>apertura de miras<\/strong> son cualidades con las que puede asociarse. <\/li>\n<li>Eres emprendedor, flexible, preciso y tienes una actitud positiva hacia el mundo. <\/li>\n<li>Es usted un <strong>p\u00edcaro<\/strong>que se siente a <strong>gusto en<\/strong>varios campos y le gustar\u00eda trabajar de forma variada, precisa y profesional en un entorno de trabajo agradable y familiar.<\/li>\n<\/ul>\n<p><strong>\u00bfQu\u00e9 podemos ofrecer?<\/strong><\/p>\n<ul>\n<li>Te ofrecemos un <strong>papel<\/strong>en un entorno de <strong>trabajo<\/strong>internacional y en <strong>crecimiento<\/strong>en un puesto a <strong>tiempo completo<\/strong> (38 horas) con un contrato indefinido. <\/li>\n<li>Formar\u00e1s parte de un equipo <strong>din\u00e1mico<\/strong>de unas 30 personas en el que se valora mucho el <strong>compa\u00f1erismo<\/strong>y el <strong>trabajo<\/strong><strong>duro<\/strong>. <\/li>\n<li>Ofrecemos un <strong>paquete salarial<\/strong> atractivo, un <strong>ambiente<\/strong><strong>familiar<\/strong>agradable y proporcionamos suficientes vitaminas durante la semana laboral. <\/li>\n<\/ul>\n<p>De lunes a viernes trabajamos de 8.30h a 17.00h, el viernes de 8.30h a 15.00h.<br \/>Lugar de trabajo: Lange Ambachtstraat 16 en 9860 OOSTERZELE.<\/p>\n<p><strong>\u00bfTe sientes atendido?<\/strong><\/p>\n<p>\u00bfLa lectura de la descripci\u00f3n del trabajo anterior le da la <strong>energ\u00eda<\/strong>necesaria? \u00bfY cree que podemos ser su pr\u00f3xima salida para recargar su conocimiento y poder? Entonces aseg\u00farese de enviar su CV y su carta de presentaci\u00f3n a <a href=\"mailto:jobs@vandapower.com\">jobs@vandapower.com<\/a> a la atenci\u00f3n de Audrey Van De Velde.<\/p>\n<p>[\/et_pb_text][\/et_pb_column][\/et_pb_row][et_pb_row _builder_version=\u00bb4.9.7&#8243; _module_preset=\u00bbdefault\u00bb][et_pb_column type=\u00bb4_4&#8243; _builder_version=\u00bb4.9.7&#8243; _module_preset=\u00bbdefault\u00bb][et_pb_image src=\u00bbhttps:\/\/vandapower.eu\/wp-content\/uploads\/2021\/07\/bottom-vacature.jpg\u00bb title_text=\u00bbvac\u00edo en el fondo\u00bb _builder_version=\u00bb4.9.7&#8243; _module_preset=\u00bbdefault\u00bb][\/et_pb_image][\/et_pb_column][\/et_pb_row][\/et_pb_section]<\/p>\n","protected":false},"excerpt":{"rendered":"<p>One-stop shopEntrega completaAsesoramiento t\u00e9cnico independiente<span><span><a href=\"https:\/\/vandapower.com\/es\/home\/\">Home<\/a><\/span><\/span>Asistente de producci\u00f3n\u00bfQui\u00e9n es Vandapower? Vandapower es una empresa de r\u00e1pido crecimiento y es l\u00edder del mercado europeo en el nicho de distribuci\u00f3n de piezas para bater\u00edas industriales. Nuestros clientes son tanto pymes independientes como empresas multinacionales. A trav\u00e9s de nuestras operaciones en Oosterzele, B\u00e9lgica, y Austin, Texas, atendemos a clientes [&hellip;]<\/p>\n","protected":false},"author":1,"featured_media":0,"parent":5250,"menu_order":0,"comment_status":"closed","ping_status":"closed","template":"","meta":{"_et_pb_use_builder":"on","_et_pb_old_content":"","_et_gb_content_width":"","om_disable_all_campaigns":false,"inline_featured_image":false,"_monsterinsights_skip_tracking":false,"_monsterinsights_sitenote_active":false,"_monsterinsights_sitenote_note":"","_monsterinsights_sitenote_category":0,"_uf_show_specific_survey":0,"_uf_disable_surveys":false,"footnotes":""},"class_list":["post-5315","page","type-page","status-publish","hentry"],"yoast_head":"<!-- This site is optimized with the Yoast SEO plugin v27.4 - https:\/\/yoast.com\/product\/yoast-seo-wordpress\/ -->\n<title>Asistente de producci\u00f3n - Vandapower | Components and Cable Assemblies for Industrial Batteries<\/title>\n<meta name=\"robots\" content=\"index, follow, max-snippet:-1, max-image-preview:large, max-video-preview:-1\" \/>\n<link rel=\"canonical\" href=\"https:\/\/vandapower.com\/es\/empleo\/asistente-de-produccion\/\" \/>\n<meta property=\"og:locale\" content=\"es_ES\" \/>\n<meta property=\"og:type\" content=\"article\" \/>\n<meta property=\"og:title\" content=\"Asistente de producci\u00f3n - Vandapower | Components and Cable Assemblies for Industrial Batteries\" \/>\n<meta property=\"og:description\" content=\"One-stop shopEntrega completaAsesoramiento t\u00e9cnico independienteAsistente de producci\u00f3n\u00bfQui\u00e9n es Vandapower? Vandapower es una empresa de r\u00e1pido crecimiento y es l\u00edder del mercado europeo en el nicho de distribuci\u00f3n de piezas para bater\u00edas industriales. Nuestros clientes son tanto pymes independientes como empresas multinacionales. A trav\u00e9s de nuestras operaciones en Oosterzele, B\u00e9lgica, y Austin, Texas, atendemos a clientes [&hellip;]\" \/>\n<meta property=\"og:url\" content=\"https:\/\/vandapower.com\/es\/empleo\/asistente-de-produccion\/\" \/>\n<meta property=\"og:site_name\" content=\"Vandapower | Components and Cable Assemblies for Industrial Batteries\" \/>\n<meta property=\"article:modified_time\" content=\"2021-11-05T08:20:56+00:00\" \/>\n<meta name=\"twitter:card\" content=\"summary_large_image\" \/>\n<meta name=\"twitter:label1\" content=\"Tiempo de lectura\" \/>\n\t<meta name=\"twitter:data1\" content=\"5 minutos\" \/>\n<script type=\"application\/ld+json\" class=\"yoast-schema-graph\">{\"@context\":\"https:\\\/\\\/schema.org\",\"@graph\":[{\"@type\":\"WebPage\",\"@id\":\"https:\\\/\\\/vandapower.com\\\/es\\\/empleo\\\/asistente-de-produccion\\\/\",\"url\":\"https:\\\/\\\/vandapower.com\\\/es\\\/empleo\\\/asistente-de-produccion\\\/\",\"name\":\"Asistente de producci\u00f3n - Vandapower | Components and Cable Assemblies for Industrial Batteries\",\"isPartOf\":{\"@id\":\"https:\\\/\\\/vandapower.com\\\/be-nl\\\/#website\"},\"datePublished\":\"2021-10-22T10:04:31+00:00\",\"dateModified\":\"2021-11-05T08:20:56+00:00\",\"breadcrumb\":{\"@id\":\"https:\\\/\\\/vandapower.com\\\/es\\\/empleo\\\/asistente-de-produccion\\\/#breadcrumb\"},\"inLanguage\":\"es\",\"potentialAction\":[{\"@type\":\"ReadAction\",\"target\":[\"https:\\\/\\\/vandapower.com\\\/es\\\/empleo\\\/asistente-de-produccion\\\/\"]}]},{\"@type\":\"BreadcrumbList\",\"@id\":\"https:\\\/\\\/vandapower.com\\\/es\\\/empleo\\\/asistente-de-produccion\\\/#breadcrumb\",\"itemListElement\":[{\"@type\":\"ListItem\",\"position\":1,\"name\":\"Home\",\"item\":\"https:\\\/\\\/vandapower.com\\\/es\\\/home\\\/\"},{\"@type\":\"ListItem\",\"position\":2,\"name\":\"Empleo\",\"item\":\"https:\\\/\\\/vandapower.com\\\/es\\\/empleo\\\/\"},{\"@type\":\"ListItem\",\"position\":3,\"name\":\"Asistente de producci\u00f3n\"}]},{\"@type\":\"WebSite\",\"@id\":\"https:\\\/\\\/vandapower.com\\\/be-nl\\\/#website\",\"url\":\"https:\\\/\\\/vandapower.com\\\/be-nl\\\/\",\"name\":\"Vandapower | Components and Cable Assemblies for Industrial Batteries\",\"description\":\"Through our product knowledge, our buffer stock and our flexible organization, we can deliver your components for industrial batteries quickly and customized to your needs\",\"publisher\":{\"@id\":\"https:\\\/\\\/vandapower.com\\\/be-nl\\\/#organization\"},\"potentialAction\":[{\"@type\":\"SearchAction\",\"target\":{\"@type\":\"EntryPoint\",\"urlTemplate\":\"https:\\\/\\\/vandapower.com\\\/be-nl\\\/?s={search_term_string}\"},\"query-input\":{\"@type\":\"PropertyValueSpecification\",\"valueRequired\":true,\"valueName\":\"search_term_string\"}}],\"inLanguage\":\"es\"},{\"@type\":\"Organization\",\"@id\":\"https:\\\/\\\/vandapower.com\\\/be-nl\\\/#organization\",\"name\":\"Vandapower\",\"url\":\"https:\\\/\\\/vandapower.com\\\/be-nl\\\/\",\"logo\":{\"@type\":\"ImageObject\",\"inLanguage\":\"es\",\"@id\":\"https:\\\/\\\/vandapower.com\\\/be-nl\\\/#\\\/schema\\\/logo\\\/image\\\/\",\"url\":\"https:\\\/\\\/vandapower.eu\\\/wp-content\\\/uploads\\\/2021\\\/07\\\/logo-Vandapower-tagline.svg\",\"contentUrl\":\"https:\\\/\\\/vandapower.eu\\\/wp-content\\\/uploads\\\/2021\\\/07\\\/logo-Vandapower-tagline.svg\",\"width\":1321,\"height\":1088,\"caption\":\"Vandapower\"},\"image\":{\"@id\":\"https:\\\/\\\/vandapower.com\\\/be-nl\\\/#\\\/schema\\\/logo\\\/image\\\/\"}}]}<\/script>\n<!-- \/ Yoast SEO plugin. -->","yoast_head_json":{"title":"Asistente de producci\u00f3n - Vandapower | Components and Cable Assemblies for Industrial Batteries","robots":{"index":"index","follow":"follow","max-snippet":"max-snippet:-1","max-image-preview":"max-image-preview:large","max-video-preview":"max-video-preview:-1"},"canonical":"https:\/\/vandapower.com\/es\/empleo\/asistente-de-produccion\/","og_locale":"es_ES","og_type":"article","og_title":"Asistente de producci\u00f3n - Vandapower | Components and Cable Assemblies for Industrial Batteries","og_description":"One-stop shopEntrega completaAsesoramiento t\u00e9cnico independienteAsistente de producci\u00f3n\u00bfQui\u00e9n es Vandapower? Vandapower es una empresa de r\u00e1pido crecimiento y es l\u00edder del mercado europeo en el nicho de distribuci\u00f3n de piezas para bater\u00edas industriales. Nuestros clientes son tanto pymes independientes como empresas multinacionales. A trav\u00e9s de nuestras operaciones en Oosterzele, B\u00e9lgica, y Austin, Texas, atendemos a clientes [&hellip;]","og_url":"https:\/\/vandapower.com\/es\/empleo\/asistente-de-produccion\/","og_site_name":"Vandapower | Components and Cable Assemblies for Industrial Batteries","article_modified_time":"2021-11-05T08:20:56+00:00","twitter_card":"summary_large_image","twitter_misc":{"Tiempo de lectura":"5 minutos"},"schema":{"@context":"https:\/\/schema.org","@graph":[{"@type":"WebPage","@id":"https:\/\/vandapower.com\/es\/empleo\/asistente-de-produccion\/","url":"https:\/\/vandapower.com\/es\/empleo\/asistente-de-produccion\/","name":"Asistente de producci\u00f3n - Vandapower | Components and Cable Assemblies for Industrial Batteries","isPartOf":{"@id":"https:\/\/vandapower.com\/be-nl\/#website"},"datePublished":"2021-10-22T10:04:31+00:00","dateModified":"2021-11-05T08:20:56+00:00","breadcrumb":{"@id":"https:\/\/vandapower.com\/es\/empleo\/asistente-de-produccion\/#breadcrumb"},"inLanguage":"es","potentialAction":[{"@type":"ReadAction","target":["https:\/\/vandapower.com\/es\/empleo\/asistente-de-produccion\/"]}]},{"@type":"BreadcrumbList","@id":"https:\/\/vandapower.com\/es\/empleo\/asistente-de-produccion\/#breadcrumb","itemListElement":[{"@type":"ListItem","position":1,"name":"Home","item":"https:\/\/vandapower.com\/es\/home\/"},{"@type":"ListItem","position":2,"name":"Empleo","item":"https:\/\/vandapower.com\/es\/empleo\/"},{"@type":"ListItem","position":3,"name":"Asistente de producci\u00f3n"}]},{"@type":"WebSite","@id":"https:\/\/vandapower.com\/be-nl\/#website","url":"https:\/\/vandapower.com\/be-nl\/","name":"Vandapower | Components and Cable Assemblies for Industrial Batteries","description":"Through our product knowledge, our buffer stock and our flexible organization, we can deliver your components for industrial batteries quickly and customized to your needs","publisher":{"@id":"https:\/\/vandapower.com\/be-nl\/#organization"},"potentialAction":[{"@type":"SearchAction","target":{"@type":"EntryPoint","urlTemplate":"https:\/\/vandapower.com\/be-nl\/?s={search_term_string}"},"query-input":{"@type":"PropertyValueSpecification","valueRequired":true,"valueName":"search_term_string"}}],"inLanguage":"es"},{"@type":"Organization","@id":"https:\/\/vandapower.com\/be-nl\/#organization","name":"Vandapower","url":"https:\/\/vandapower.com\/be-nl\/","logo":{"@type":"ImageObject","inLanguage":"es","@id":"https:\/\/vandapower.com\/be-nl\/#\/schema\/logo\/image\/","url":"https:\/\/vandapower.eu\/wp-content\/uploads\/2021\/07\/logo-Vandapower-tagline.svg","contentUrl":"https:\/\/vandapower.eu\/wp-content\/uploads\/2021\/07\/logo-Vandapower-tagline.svg","width":1321,"height":1088,"caption":"Vandapower"},"image":{"@id":"https:\/\/vandapower.com\/be-nl\/#\/schema\/logo\/image\/"}}]}},"_links":{"self":[{"href":"https:\/\/vandapower.com\/es\/wp-json\/wp\/v2\/pages\/5315","targetHints":{"allow":["GET"]}}],"collection":[{"href":"https:\/\/vandapower.com\/es\/wp-json\/wp\/v2\/pages"}],"about":[{"href":"https:\/\/vandapower.com\/es\/wp-json\/wp\/v2\/types\/page"}],"author":[{"embeddable":true,"href":"https:\/\/vandapower.com\/es\/wp-json\/wp\/v2\/users\/1"}],"replies":[{"embeddable":true,"href":"https:\/\/vandapower.com\/es\/wp-json\/wp\/v2\/comments?post=5315"}],"version-history":[{"count":14,"href":"https:\/\/vandapower.com\/es\/wp-json\/wp\/v2\/pages\/5315\/revisions"}],"predecessor-version":[{"id":6168,"href":"https:\/\/vandapower.com\/es\/wp-json\/wp\/v2\/pages\/5315\/revisions\/6168"}],"up":[{"embeddable":true,"href":"https:\/\/vandapower.com\/es\/wp-json\/wp\/v2\/pages\/5250"}],"wp:attachment":[{"href":"https:\/\/vandapower.com\/es\/wp-json\/wp\/v2\/media?parent=5315"}],"curies":[{"name":"wp","href":"https:\/\/api.w.org\/{rel}","templated":true}]}}