{"id":5308,"date":"2021-10-22T09:37:20","date_gmt":"2021-10-22T09:37:20","guid":{"rendered":"https:\/\/vandapower.eu\/empleo\/desarrollador-de-negocios-para-clientes\/"},"modified":"2021-11-05T08:20:56","modified_gmt":"2021-11-05T08:20:56","slug":"desarrollador-de-negocios-para-clientes","status":"publish","type":"page","link":"https:\/\/vandapower.com\/es\/empleo\/desarrollador-de-negocios-para-clientes\/","title":{"rendered":"Desarrollador de negocios para clientes"},"content":{"rendered":"<p>[et_pb_section fb_built=\u00bb1&#8243; _builder_version=\u00bb4.9.7&#8243; _module_preset=\u00bbdefault\u00bb custom_padding=\u00bb0px||0px||true|false\u00bb][et_pb_row module_class=\u00bbusp-header\u00bb _builder_version=\u00bb4.9.7&#8243; _module_preset=\u00bbdefault\u00bb custom_padding=\u00bb||0px||false|false\u00bb global_module=\u00bb2256&#8243; saved_tabs=\u00bball\u00bb][et_pb_column type=\u00bb4_4&#8243; _builder_version=\u00bb4.9.7&#8243; _module_preset=\u00bbdefault\u00bb][et_pb_blurb image=\u00bbhttps:\/\/vandapower.eu\/wp-content\/uploads\/\/2021\/07\/One-stop-Shop.svg\u00bb icon_placement=\u00bbleft\u00bb image_max_width=\u00bb20px\u00bb _builder_version=\u00bb4.9.7&#8243; _module_preset=\u00bbdefault\u00bb body_font_size=\u00bb14px\u00bb body_line_height=\u00bb1.4em\u00bb width=\u00bb13%\u00bb width_tablet=\u00bb30%\u00bb width_phone=\u00bb100%\u00bb width_last_edited=\u00bbon|phone\u00bb custom_margin=\u00bb0px||10px||false|false\u00bb custom_padding=\u00bb||0px|0px|false|false\u00bb link_option_url=\u00bbhttps:\/\/vandapower.eu\/es\/por-que-vandapower\/#onestop\u00bb custom_css_main_element=\u00bbdisplay: inline-block;||\u00bb content__hover_enabled=\u00bbon|hover\u00bb content__hover=\u00bb<\/p>\n<p><span style=%22text-decoration: underline;%22><span class=%22red%22>One-stop<\/span> shop<\/span><\/p>\n<p>\u00ab]<\/p>\n<p><span class=\"red\">One-stop<\/span> shop<\/p>\n<p>[\/et_pb_blurb][et_pb_blurb image=\u00bbhttps:\/\/vandapower.eu\/wp-content\/uploads\/\/2021\/07\/On-time-Delivery.svg\u00bb icon_placement=\u00bbleft\u00bb image_max_width=\u00bb20px\u00bb _builder_version=\u00bb4.9.7&#8243; _module_preset=\u00bbdefault\u00bb body_font_size=\u00bb14px\u00bb body_line_height=\u00bb1.4em\u00bb width=\u00bb13%\u00bb width_tablet=\u00bb30%\u00bb width_phone=\u00bb100%\u00bb width_last_edited=\u00bbon|phone\u00bb custom_margin=\u00bb0px||10px||false|false\u00bb custom_padding=\u00bb||0px|0px|false|false\u00bb link_option_url=\u00bbhttps:\/\/vandapower.eu\/es\/por-que-vandapower\/#ontime\u00bb custom_css_main_element=\u00bbdisplay: inline-block;\u00bb content__hover_enabled=\u00bbon|hover\u00bb content__hover=\u00bb<\/p>\n<p><span style=%22text-decoration: underline;%22><span class=%22red%22>Tijdige<\/span> levering<\/span><\/p>\n<p>\u00ab]<\/p>\n<p>Entrega <span class=\"red\">completa<\/span><\/p>\n<p>[\/et_pb_blurb][et_pb_blurb image=\u00bbhttps:\/\/vandapower.eu\/wp-content\/uploads\/\/2021\/07\/Independent-Technical-Advice.svg\u00bb icon_placement=\u00bbleft\u00bb image_max_width=\u00bb18px\u00bb _builder_version=\u00bb4.9.7&#8243; _module_preset=\u00bbdefault\u00bb body_font_size=\u00bb14px\u00bb body_line_height=\u00bb2em\u00bb width=\u00bb25%\u00bb width_tablet=\u00bb39%\u00bb width_phone=\u00bb100%\u00bb width_last_edited=\u00bbon|phone\u00bb custom_margin=\u00bb||5px||false|false\u00bb custom_padding=\u00bb||0px|0px|false|false\u00bb link_option_url=\u00bbhttps:\/\/vandapower.eu\/es\/por-que-vandapower\/#independent\u00bb custom_css_main_element=\u00bbdisplay: inline-block;\u00bb content__hover_enabled=\u00bbon|hover\u00bb content__hover=\u00bb<\/p>\n<p><span style=%22text-decoration: underline;%22>Onafhankelijk <span class=%22red%22>technisch advies<\/span><\/span><\/p>\n<p>\u00ab]<\/p>\n<p><span class=\"red\">Asesoramiento t\u00e9cnico<\/span> independiente<\/p>\n<p>[\/et_pb_blurb][\/et_pb_column][\/et_pb_row][et_pb_row _builder_version=\u00bb4.9.7&#8243; _module_preset=\u00bbdefault\u00bb custom_margin=\u00bb0px||||false|false\u00bb custom_padding=\u00bb0px||0px||true|false\u00bb][et_pb_column type=\u00bb4_4&#8243; _builder_version=\u00bb4.9.7&#8243; _module_preset=\u00bbdefault\u00bb][et_pb_code _builder_version=\u00bb4.9.7&#8243; _module_preset=\u00bbdefault\u00bb custom_margin=\u00bb15px||0px||false|false\u00bb]<span><span><a href=\"https:\/\/vandapower.com\/es\/home\/\">Home<\/a><\/span><\/span>[\/et_pb_code][\/et_pb_column][\/et_pb_row][\/et_pb_section][et_pb_section fb_built=\u00bb1&#8243; _builder_version=\u00bb4.9.7&#8243; _module_preset=\u00bbdefault\u00bb custom_padding=\u00bb0px||0px||false|false\u00bb][et_pb_row _builder_version=\u00bb4.9.7&#8243; _module_preset=\u00bbdefault\u00bb][et_pb_column type=\u00bb4_4&#8243; _builder_version=\u00bb4.9.7&#8243; _module_preset=\u00bbdefault\u00bb][et_pb_text _builder_version=\u00bb4.9.7&#8243; _module_preset=\u00bbdefault\u00bb hover_enabled=\u00bb0&#8243; sticky_enabled=\u00bb0&#8243;]<\/p>\n<h1>Desarrollador de negocios para clientes<\/h1>\n<p>[\/et_pb_text][et_pb_image src=\u00bbhttps:\/\/vandapower.eu\/wp-content\/uploads\/2021\/07\/top-vacature.jpg\u00bb title_text=\u00bbtop vacante\u00bb _builder_version=\u00bb4.9.7&#8243; _module_preset=\u00bbdefault\u00bb][\/et_pb_image][et_pb_text _builder_version=\u00bb4.9.7&#8243; _module_preset=\u00bbdefault\u00bb custom_margin=\u00bb||2px||false|false\u00bb hover_enabled=\u00bb0&#8243; sticky_enabled=\u00bb0&#8243;]<\/p>\n<p><strong>\u00bfQui\u00e9n es Vandapower?<\/strong><\/p>\n<p><strong><span>Vandapower<\/span><\/strong>es una empresa de r\u00e1pido crecimiento. Es el l\u00edder europeo en el nicho de mercado de la distribuci\u00f3n de componentes para bater\u00edas industriales. Nuestros clientes son tanto pymes independientes como empresas multinacionales. A trav\u00e9s de nuestras operaciones en Oosterzele, B\u00e9lgica, y Austin, Texas, atendemos a clientes de todo el mundo.<\/p>\n<p>Nos esforzamos por asentar nuestra posici\u00f3n de liderazgo en nuevos mercados y regiones. Esto es posible gracias a la combinaci\u00f3n de nuestros claros valores, personas con talento, una organizaci\u00f3n \u00e1gil y un fuerte enfoque en la intimidad del cliente, el conocimiento del mercado y la calidad del servicio.<\/p>\n<p><strong>\u00bfA qui\u00e9n buscamos?<\/strong><\/p>\n<p>Buscamos un<span> <\/span><strong><span>Desarrollador de negocios de clientes<\/span><\/strong> para apoyar nuestra expansi\u00f3n.<br \/>Como desarrollador de negocios con clientes, ser\u00e1 responsable de la realizaci\u00f3n de nuestros objetivos dentro de su regi\u00f3n o cartera de clientes.<\/p>\n<p><span>Sus<\/span> <strong>responsabilidades<\/strong><span>incluyen:<\/span><\/p>\n<p><strong>Desarrollo de negocios:<\/strong><\/p>\n<ul>\n<li>Contactar y visitar a nuevos clientes. Entender su modelo de negocio, sus necesidades y nuestro posible valor para ellos. Transmitir nuestros puntos fuertes y establecer una s\u00f3lida relaci\u00f3n de trabajo con ellos.<\/li>\n<li>Cierre tratos y garantice el \u00e9xito de la incorporaci\u00f3n. <\/li>\n<li>Mantener y ampliar las relaciones con los clientes existentes de forma profesional. Introducir servicios y l\u00edneas de productos adicionales con un margen \u00f3ptimo.<\/li>\n<li>Impulsar una gesti\u00f3n de precios inteligente para cada cliente con el fin de garantizar unos m\u00e1rgenes brutos absolutos \u00f3ptimos<\/li>\n<li>Establecer una s\u00f3lida colaboraci\u00f3n entre los clientes nuevos o existentes y el equipo de atenci\u00f3n al cliente, permitiendo un alto nivel de calidad de servicio e intimidad con el cliente<\/li>\n<li>Participar activamente en las reuniones de equipo para garantizar un enfoque uniforme y crear una plataforma en la que se estimule el debate sobre los problemas cotidianos. Utilizar a fondo las herramientas y procesos de previsi\u00f3n y gesti\u00f3n de ventas<\/li>\n<\/ul>\n<p><strong>Conocimiento y desarrollo<\/strong><\/p>\n<ul>\n<li>Comprender fundamentalmente el negocio, los servicios y la cartera de productos de Vandapower, as\u00ed como nuestros mercados y el \u00e1mbito de la competencia.<\/li>\n<li>Construir una amplia red con l\u00edderes de opini\u00f3n y compa\u00f1eros y compartir cualquier informaci\u00f3n relevante del campo a trav\u00e9s del Strategy Feed para ayudar a la organizaci\u00f3n a responder a las nuevas evoluciones<\/li>\n<\/ul>\n<p><strong>\u00bfEs usted la persona adecuada?<\/strong><\/p>\n<ul>\n<li>Usted domina<span> <\/span><strong>Ingl\u00e9s.<span> <\/span><\/strong>Cualquier<span> <\/span><strong>otros idiomas<\/strong><span> <\/span>son una ventaja importante. Usted es una persona natural<span> <\/span><strong>narrador de historias.<\/strong> Tiene un historial probado en<span> <\/span><strong>venta consultiva en un B2B<\/strong><span> <\/span>ambiente. Tiene un t\u00edtulo de m\u00e1ster o similar a trav\u00e9s de la experiencia. <\/li>\n<li>Usted es<span> <\/span><strong><span>orientado a las soluciones<\/span><\/strong> y<span> <\/span><strong>anal\u00edtica<\/strong>. Puede entender y promover ofertas t\u00e9cnicas y de servicios complicadas. Tiene conocimientos de inform\u00e1tica y puede utilizar un sistema CRM. <\/li>\n<li>Usted est\u00e1 listo para<span> <\/span><strong>viajar<\/strong><span> <\/span>El 60% del tiempo, principalmente en Europa. Usted es<span> <\/span><strong>emprendedor<\/strong>, aprende r\u00e1pido y es tenaz. Tienes visi\u00f3n de futuro y nunca dejas de tomar iniciativas para impulsar el \u00e9xito. Tienes un historial de superaci\u00f3n. <\/li>\n<li>Usted tiene<span> <\/span><strong><span>una capacidad de comunicaci\u00f3n superior<\/span><\/strong> y una integridad intachable. Nuestros valores de<span> <\/span><strong>Hablar claro, respeto, fiabilidad, impulso a la excelencia<\/strong><span> <\/span>son evidentes para ti. Aceptas los comentarios y aprendes de los errores.<\/li>\n<\/ul>\n<p><strong>\u00bfQu\u00e9 ofrecemos?<\/strong><\/p>\n<ul>\n<li>\u00bfQu\u00e9 ofrecemos?<span> <\/span><strong>empresa de r\u00e1pido crecimiento, internacional y emocionante.<\/strong> Ofrecemos un<span> <\/span><strong><span>de tiempo<\/span><\/strong> completo. No es necesario estar en B\u00e9lgica. <\/li>\n<li>Te unir\u00e1s a <span>un<\/span>equipo <strong><span>din\u00e1mico<\/span><\/strong>de unas 40 personas apasionadas, en el <span>que<\/span>el trabajo en <strong>equipo<\/strong> <span>y<\/span> <span>el<\/span><strong><span>impulso a la excelencia<\/span><\/strong> son factores definitorios. <\/li>\n<li>Ofrecemos <span>un<\/span><strong><span>paquete<\/span><\/strong>competitivo con un importante componente basado en los resultados<strong><span>,<\/span><\/strong>un ambiente divertido y proporcionamos amplias oportunidades <span>de<\/span> <strong><span>crecimiento personal<\/span><\/strong> en una empresa en r\u00e1pida evoluci\u00f3n con una fuerte cultura y visi\u00f3n.<\/li>\n<\/ul>\n<p><strong>\u00bfLe interesa?<\/strong><\/p>\n<p>\u00bfSe siente<span> <\/span>\u00bfte has <strong><span>animado<\/span><\/strong> al leer esta descripci\u00f3n del trabajo? \u00bfCree que podemos ser su pr\u00f3ximo enchufe para cargar conocimiento y poder? Env\u00ede su CV y su motivaci\u00f3n a<span> <\/span><a href=\"mailto:jobs@vandapower.com\">jobs@vandapower.com<\/a><span> <\/span>a la atenci\u00f3n de Audrey Van De Velde.<\/p>\n<p>[\/et_pb_text][\/et_pb_column][\/et_pb_row][et_pb_row _builder_version=\u00bb4.9.7&#8243; _module_preset=\u00bbdefault\u00bb][et_pb_column type=\u00bb4_4&#8243; _builder_version=\u00bb4.9.7&#8243; _module_preset=\u00bbdefault\u00bb][et_pb_image src=\u00bbhttps:\/\/vandapower.eu\/wp-content\/uploads\/2021\/07\/bottom-vacature.jpg\u00bb title_text=\u00bbvac\u00edo en el fondo\u00bb _builder_version=\u00bb4.9.7&#8243; _module_preset=\u00bbdefault\u00bb][\/et_pb_image][\/et_pb_column][\/et_pb_row][\/et_pb_section]<\/p>\n","protected":false},"excerpt":{"rendered":"<p>One-stop shopEntrega completaAsesoramiento t\u00e9cnico independiente<span><span><a href=\"https:\/\/vandapower.com\/es\/home\/\">Home<\/a><\/span><\/span>Desarrollador de negocios para clientes\u00bfQui\u00e9n es Vandapower? Vandapoweres una empresa de r\u00e1pido crecimiento. Es el l\u00edder europeo en el nicho de mercado de la distribuci\u00f3n de componentes para bater\u00edas industriales. Nuestros clientes son tanto pymes independientes como empresas multinacionales. A trav\u00e9s de nuestras operaciones en Oosterzele, B\u00e9lgica, y Austin, Texas, atendemos [&hellip;]<\/p>\n","protected":false},"author":1,"featured_media":0,"parent":5250,"menu_order":0,"comment_status":"closed","ping_status":"closed","template":"","meta":{"_et_pb_use_builder":"on","_et_pb_old_content":"","_et_gb_content_width":"","om_disable_all_campaigns":false,"inline_featured_image":false,"_monsterinsights_skip_tracking":false,"_monsterinsights_sitenote_active":false,"_monsterinsights_sitenote_note":"","_monsterinsights_sitenote_category":0,"_uf_show_specific_survey":0,"_uf_disable_surveys":false,"footnotes":""},"class_list":["post-5308","page","type-page","status-publish","hentry"],"yoast_head":"<!-- This site is optimized with the Yoast SEO plugin v27.4 - https:\/\/yoast.com\/product\/yoast-seo-wordpress\/ -->\n<title>Desarrollador de negocios para clientes - Vandapower | Components and Cable Assemblies for Industrial Batteries<\/title>\n<meta name=\"robots\" content=\"index, follow, max-snippet:-1, max-image-preview:large, max-video-preview:-1\" \/>\n<link rel=\"canonical\" href=\"https:\/\/vandapower.com\/es\/empleo\/desarrollador-de-negocios-para-clientes\/\" \/>\n<meta property=\"og:locale\" content=\"es_ES\" \/>\n<meta property=\"og:type\" content=\"article\" \/>\n<meta property=\"og:title\" content=\"Desarrollador de negocios para clientes - Vandapower | Components and Cable Assemblies for Industrial Batteries\" \/>\n<meta property=\"og:description\" content=\"One-stop shopEntrega completaAsesoramiento t\u00e9cnico independienteDesarrollador de negocios para clientes\u00bfQui\u00e9n es Vandapower? Vandapoweres una empresa de r\u00e1pido crecimiento. Es el l\u00edder europeo en el nicho de mercado de la distribuci\u00f3n de componentes para bater\u00edas industriales. Nuestros clientes son tanto pymes independientes como empresas multinacionales. A trav\u00e9s de nuestras operaciones en Oosterzele, B\u00e9lgica, y Austin, Texas, atendemos [&hellip;]\" \/>\n<meta property=\"og:url\" content=\"https:\/\/vandapower.com\/es\/empleo\/desarrollador-de-negocios-para-clientes\/\" \/>\n<meta property=\"og:site_name\" content=\"Vandapower | Components and Cable Assemblies for Industrial Batteries\" \/>\n<meta property=\"article:modified_time\" content=\"2021-11-05T08:20:56+00:00\" \/>\n<meta name=\"twitter:card\" content=\"summary_large_image\" \/>\n<meta name=\"twitter:label1\" content=\"Tiempo de lectura\" \/>\n\t<meta name=\"twitter:data1\" content=\"6 minutos\" \/>\n<script type=\"application\/ld+json\" class=\"yoast-schema-graph\">{\"@context\":\"https:\\\/\\\/schema.org\",\"@graph\":[{\"@type\":\"WebPage\",\"@id\":\"https:\\\/\\\/vandapower.com\\\/es\\\/empleo\\\/desarrollador-de-negocios-para-clientes\\\/\",\"url\":\"https:\\\/\\\/vandapower.com\\\/es\\\/empleo\\\/desarrollador-de-negocios-para-clientes\\\/\",\"name\":\"Desarrollador de negocios para clientes - Vandapower | Components and Cable Assemblies for Industrial Batteries\",\"isPartOf\":{\"@id\":\"https:\\\/\\\/vandapower.com\\\/be-nl\\\/#website\"},\"datePublished\":\"2021-10-22T09:37:20+00:00\",\"dateModified\":\"2021-11-05T08:20:56+00:00\",\"breadcrumb\":{\"@id\":\"https:\\\/\\\/vandapower.com\\\/es\\\/empleo\\\/desarrollador-de-negocios-para-clientes\\\/#breadcrumb\"},\"inLanguage\":\"es\",\"potentialAction\":[{\"@type\":\"ReadAction\",\"target\":[\"https:\\\/\\\/vandapower.com\\\/es\\\/empleo\\\/desarrollador-de-negocios-para-clientes\\\/\"]}]},{\"@type\":\"BreadcrumbList\",\"@id\":\"https:\\\/\\\/vandapower.com\\\/es\\\/empleo\\\/desarrollador-de-negocios-para-clientes\\\/#breadcrumb\",\"itemListElement\":[{\"@type\":\"ListItem\",\"position\":1,\"name\":\"Home\",\"item\":\"https:\\\/\\\/vandapower.com\\\/es\\\/home\\\/\"},{\"@type\":\"ListItem\",\"position\":2,\"name\":\"Empleo\",\"item\":\"https:\\\/\\\/vandapower.com\\\/es\\\/empleo\\\/\"},{\"@type\":\"ListItem\",\"position\":3,\"name\":\"Desarrollador de negocios para clientes\"}]},{\"@type\":\"WebSite\",\"@id\":\"https:\\\/\\\/vandapower.com\\\/be-nl\\\/#website\",\"url\":\"https:\\\/\\\/vandapower.com\\\/be-nl\\\/\",\"name\":\"Vandapower | Components and Cable Assemblies for Industrial Batteries\",\"description\":\"Through our product knowledge, our buffer stock and our flexible organization, we can deliver your components for industrial batteries quickly and customized to your needs\",\"publisher\":{\"@id\":\"https:\\\/\\\/vandapower.com\\\/be-nl\\\/#organization\"},\"potentialAction\":[{\"@type\":\"SearchAction\",\"target\":{\"@type\":\"EntryPoint\",\"urlTemplate\":\"https:\\\/\\\/vandapower.com\\\/be-nl\\\/?s={search_term_string}\"},\"query-input\":{\"@type\":\"PropertyValueSpecification\",\"valueRequired\":true,\"valueName\":\"search_term_string\"}}],\"inLanguage\":\"es\"},{\"@type\":\"Organization\",\"@id\":\"https:\\\/\\\/vandapower.com\\\/be-nl\\\/#organization\",\"name\":\"Vandapower\",\"url\":\"https:\\\/\\\/vandapower.com\\\/be-nl\\\/\",\"logo\":{\"@type\":\"ImageObject\",\"inLanguage\":\"es\",\"@id\":\"https:\\\/\\\/vandapower.com\\\/be-nl\\\/#\\\/schema\\\/logo\\\/image\\\/\",\"url\":\"https:\\\/\\\/vandapower.eu\\\/wp-content\\\/uploads\\\/2021\\\/07\\\/logo-Vandapower-tagline.svg\",\"contentUrl\":\"https:\\\/\\\/vandapower.eu\\\/wp-content\\\/uploads\\\/2021\\\/07\\\/logo-Vandapower-tagline.svg\",\"width\":1321,\"height\":1088,\"caption\":\"Vandapower\"},\"image\":{\"@id\":\"https:\\\/\\\/vandapower.com\\\/be-nl\\\/#\\\/schema\\\/logo\\\/image\\\/\"}}]}<\/script>\n<!-- \/ Yoast SEO plugin. -->","yoast_head_json":{"title":"Desarrollador de negocios para clientes - Vandapower | Components and Cable Assemblies for Industrial Batteries","robots":{"index":"index","follow":"follow","max-snippet":"max-snippet:-1","max-image-preview":"max-image-preview:large","max-video-preview":"max-video-preview:-1"},"canonical":"https:\/\/vandapower.com\/es\/empleo\/desarrollador-de-negocios-para-clientes\/","og_locale":"es_ES","og_type":"article","og_title":"Desarrollador de negocios para clientes - Vandapower | Components and Cable Assemblies for Industrial Batteries","og_description":"One-stop shopEntrega completaAsesoramiento t\u00e9cnico independienteDesarrollador de negocios para clientes\u00bfQui\u00e9n es Vandapower? Vandapoweres una empresa de r\u00e1pido crecimiento. Es el l\u00edder europeo en el nicho de mercado de la distribuci\u00f3n de componentes para bater\u00edas industriales. Nuestros clientes son tanto pymes independientes como empresas multinacionales. A trav\u00e9s de nuestras operaciones en Oosterzele, B\u00e9lgica, y Austin, Texas, atendemos [&hellip;]","og_url":"https:\/\/vandapower.com\/es\/empleo\/desarrollador-de-negocios-para-clientes\/","og_site_name":"Vandapower | Components and Cable Assemblies for Industrial Batteries","article_modified_time":"2021-11-05T08:20:56+00:00","twitter_card":"summary_large_image","twitter_misc":{"Tiempo de lectura":"6 minutos"},"schema":{"@context":"https:\/\/schema.org","@graph":[{"@type":"WebPage","@id":"https:\/\/vandapower.com\/es\/empleo\/desarrollador-de-negocios-para-clientes\/","url":"https:\/\/vandapower.com\/es\/empleo\/desarrollador-de-negocios-para-clientes\/","name":"Desarrollador de negocios para clientes - Vandapower | Components and Cable Assemblies for Industrial Batteries","isPartOf":{"@id":"https:\/\/vandapower.com\/be-nl\/#website"},"datePublished":"2021-10-22T09:37:20+00:00","dateModified":"2021-11-05T08:20:56+00:00","breadcrumb":{"@id":"https:\/\/vandapower.com\/es\/empleo\/desarrollador-de-negocios-para-clientes\/#breadcrumb"},"inLanguage":"es","potentialAction":[{"@type":"ReadAction","target":["https:\/\/vandapower.com\/es\/empleo\/desarrollador-de-negocios-para-clientes\/"]}]},{"@type":"BreadcrumbList","@id":"https:\/\/vandapower.com\/es\/empleo\/desarrollador-de-negocios-para-clientes\/#breadcrumb","itemListElement":[{"@type":"ListItem","position":1,"name":"Home","item":"https:\/\/vandapower.com\/es\/home\/"},{"@type":"ListItem","position":2,"name":"Empleo","item":"https:\/\/vandapower.com\/es\/empleo\/"},{"@type":"ListItem","position":3,"name":"Desarrollador de negocios para clientes"}]},{"@type":"WebSite","@id":"https:\/\/vandapower.com\/be-nl\/#website","url":"https:\/\/vandapower.com\/be-nl\/","name":"Vandapower | Components and Cable Assemblies for Industrial Batteries","description":"Through our product knowledge, our buffer stock and our flexible organization, we can deliver your components for industrial batteries quickly and customized to your needs","publisher":{"@id":"https:\/\/vandapower.com\/be-nl\/#organization"},"potentialAction":[{"@type":"SearchAction","target":{"@type":"EntryPoint","urlTemplate":"https:\/\/vandapower.com\/be-nl\/?s={search_term_string}"},"query-input":{"@type":"PropertyValueSpecification","valueRequired":true,"valueName":"search_term_string"}}],"inLanguage":"es"},{"@type":"Organization","@id":"https:\/\/vandapower.com\/be-nl\/#organization","name":"Vandapower","url":"https:\/\/vandapower.com\/be-nl\/","logo":{"@type":"ImageObject","inLanguage":"es","@id":"https:\/\/vandapower.com\/be-nl\/#\/schema\/logo\/image\/","url":"https:\/\/vandapower.eu\/wp-content\/uploads\/2021\/07\/logo-Vandapower-tagline.svg","contentUrl":"https:\/\/vandapower.eu\/wp-content\/uploads\/2021\/07\/logo-Vandapower-tagline.svg","width":1321,"height":1088,"caption":"Vandapower"},"image":{"@id":"https:\/\/vandapower.com\/be-nl\/#\/schema\/logo\/image\/"}}]}},"_links":{"self":[{"href":"https:\/\/vandapower.com\/es\/wp-json\/wp\/v2\/pages\/5308","targetHints":{"allow":["GET"]}}],"collection":[{"href":"https:\/\/vandapower.com\/es\/wp-json\/wp\/v2\/pages"}],"about":[{"href":"https:\/\/vandapower.com\/es\/wp-json\/wp\/v2\/types\/page"}],"author":[{"embeddable":true,"href":"https:\/\/vandapower.com\/es\/wp-json\/wp\/v2\/users\/1"}],"replies":[{"embeddable":true,"href":"https:\/\/vandapower.com\/es\/wp-json\/wp\/v2\/comments?post=5308"}],"version-history":[{"count":4,"href":"https:\/\/vandapower.com\/es\/wp-json\/wp\/v2\/pages\/5308\/revisions"}],"predecessor-version":[{"id":6176,"href":"https:\/\/vandapower.com\/es\/wp-json\/wp\/v2\/pages\/5308\/revisions\/6176"}],"up":[{"embeddable":true,"href":"https:\/\/vandapower.com\/es\/wp-json\/wp\/v2\/pages\/5250"}],"wp:attachment":[{"href":"https:\/\/vandapower.com\/es\/wp-json\/wp\/v2\/media?parent=5308"}],"curies":[{"name":"wp","href":"https:\/\/api.w.org\/{rel}","templated":true}]}}