{"id":5305,"date":"2021-10-22T09:37:18","date_gmt":"2021-10-22T09:37:18","guid":{"rendered":"https:\/\/vandapower.eu\/empleo\/empleado-de-produccion-de-calidad\/"},"modified":"2021-11-05T08:20:56","modified_gmt":"2021-11-05T08:20:56","slug":"empleado-de-produccion-de-calidad","status":"publish","type":"page","link":"https:\/\/vandapower.com\/es\/empleo\/empleado-de-produccion-de-calidad\/","title":{"rendered":"Empleado de producci\u00f3n de calidad"},"content":{"rendered":"<p>[et_pb_section fb_built=\u00bb1&#8243; _builder_version=\u00bb4.9.7&#8243; _module_preset=\u00bbdefault\u00bb custom_padding=\u00bb0px||0px||true|false\u00bb][et_pb_row module_class=\u00bbusp-header\u00bb _builder_version=\u00bb4.9.7&#8243; _module_preset=\u00bbdefault\u00bb custom_padding=\u00bb||0px||false|false\u00bb global_module=\u00bb2256&#8243; saved_tabs=\u00bball\u00bb][et_pb_column type=\u00bb4_4&#8243; _builder_version=\u00bb4.9.7&#8243; _module_preset=\u00bbdefault\u00bb][et_pb_blurb image=\u00bbhttps:\/\/vandapower.eu\/wp-content\/uploads\/\/2021\/07\/One-stop-Shop.svg\u00bb icon_placement=\u00bbleft\u00bb image_max_width=\u00bb20px\u00bb _builder_version=\u00bb4.9.7&#8243; _module_preset=\u00bbdefault\u00bb body_font_size=\u00bb14px\u00bb body_line_height=\u00bb1.4em\u00bb width=\u00bb13%\u00bb width_tablet=\u00bb30%\u00bb width_phone=\u00bb100%\u00bb width_last_edited=\u00bbon|phone\u00bb custom_margin=\u00bb0px||10px||false|false\u00bb custom_padding=\u00bb||0px|0px|false|false\u00bb link_option_url=\u00bbhttps:\/\/vandapower.eu\/es\/por-que-vandapower\/#onestop\u00bb custom_css_main_element=\u00bbdisplay: inline-block;||\u00bb content__hover_enabled=\u00bbon|hover\u00bb content__hover=\u00bb<\/p>\n<p><span style=%22text-decoration: underline;%22><span class=%22red%22>One-stop<\/span> shop<\/span><\/p>\n<p>\u00ab]<\/p>\n<p><span class=\"red\">One-stop<\/span> shop<\/p>\n<p>[\/et_pb_blurb][et_pb_blurb image=\u00bbhttps:\/\/vandapower.eu\/wp-content\/uploads\/\/2021\/07\/On-time-Delivery.svg\u00bb icon_placement=\u00bbleft\u00bb image_max_width=\u00bb20px\u00bb _builder_version=\u00bb4.9.7&#8243; _module_preset=\u00bbdefault\u00bb body_font_size=\u00bb14px\u00bb body_line_height=\u00bb1.4em\u00bb width=\u00bb13%\u00bb width_tablet=\u00bb30%\u00bb width_phone=\u00bb100%\u00bb width_last_edited=\u00bbon|phone\u00bb custom_margin=\u00bb0px||10px||false|false\u00bb custom_padding=\u00bb||0px|0px|false|false\u00bb link_option_url=\u00bbhttps:\/\/vandapower.eu\/es\/por-que-vandapower\/#ontime\u00bb custom_css_main_element=\u00bbdisplay: inline-block;\u00bb content__hover_enabled=\u00bbon|hover\u00bb content__hover=\u00bb<\/p>\n<p><span style=%22text-decoration: underline;%22><span class=%22red%22>Tijdige<\/span> levering<\/span><\/p>\n<p>\u00ab]<\/p>\n<p>Entrega <span class=\"red\">completa<\/span><\/p>\n<p>[\/et_pb_blurb][et_pb_blurb image=\u00bbhttps:\/\/vandapower.eu\/wp-content\/uploads\/\/2021\/07\/Independent-Technical-Advice.svg\u00bb icon_placement=\u00bbleft\u00bb image_max_width=\u00bb18px\u00bb _builder_version=\u00bb4.9.7&#8243; _module_preset=\u00bbdefault\u00bb body_font_size=\u00bb14px\u00bb body_line_height=\u00bb2em\u00bb width=\u00bb25%\u00bb width_tablet=\u00bb39%\u00bb width_phone=\u00bb100%\u00bb width_last_edited=\u00bbon|phone\u00bb custom_margin=\u00bb||5px||false|false\u00bb custom_padding=\u00bb||0px|0px|false|false\u00bb link_option_url=\u00bbhttps:\/\/vandapower.eu\/es\/por-que-vandapower\/#independent\u00bb custom_css_main_element=\u00bbdisplay: inline-block;\u00bb content__hover_enabled=\u00bbon|hover\u00bb content__hover=\u00bb<\/p>\n<p><span style=%22text-decoration: underline;%22>Onafhankelijk <span class=%22red%22>technisch advies<\/span><\/span><\/p>\n<p>\u00ab]<\/p>\n<p><span class=\"red\">Asesoramiento t\u00e9cnico<\/span> independiente<\/p>\n<p>[\/et_pb_blurb][\/et_pb_column][\/et_pb_row][et_pb_row _builder_version=\u00bb4.9.7&#8243; _module_preset=\u00bbdefault\u00bb custom_margin=\u00bb0px||||false|false\u00bb custom_padding=\u00bb0px||0px||true|false\u00bb][et_pb_column type=\u00bb4_4&#8243; _builder_version=\u00bb4.9.7&#8243; _module_preset=\u00bbdefault\u00bb][et_pb_code _builder_version=\u00bb4.9.7&#8243; _module_preset=\u00bbdefault\u00bb custom_margin=\u00bb15px||0px||false|false\u00bb]<span><span><a href=\"https:\/\/vandapower.com\/es\/home\/\">Home<\/a><\/span><\/span>[\/et_pb_code][\/et_pb_column][\/et_pb_row][\/et_pb_section][et_pb_section fb_built=\u00bb1&#8243; _builder_version=\u00bb4.9.7&#8243; _module_preset=\u00bbdefault\u00bb custom_padding=\u00bb0px||0px||false|false\u00bb][et_pb_row _builder_version=\u00bb4.9.7&#8243; _module_preset=\u00bbdefault\u00bb][et_pb_column type=\u00bb4_4&#8243; _builder_version=\u00bb4.9.7&#8243; _module_preset=\u00bbdefault\u00bb][et_pb_text _builder_version=\u00bb4.9.7&#8243; _module_preset=\u00bbdefault\u00bb hover_enabled=\u00bb0&#8243; sticky_enabled=\u00bb0&#8243;]<\/p>\n<h1>Empleado de producci\u00f3n de calidad<\/h1>\n<p>[\/et_pb_text][et_pb_image src=\u00bbhttps:\/\/vandapower.eu\/wp-content\/uploads\/2021\/07\/top-vacature.jpg\u00bb title_text=\u00bbtop vacante\u00bb _builder_version=\u00bb4.9.7&#8243; _module_preset=\u00bbdefault\u00bb][\/et_pb_image][et_pb_text _builder_version=\u00bb4.9.7&#8243; _module_preset=\u00bbdefault\u00bb custom_margin=\u00bb||2px||false|false\u00bb hover_enabled=\u00bb0&#8243; sticky_enabled=\u00bb0&#8243;]<\/p>\n<p><strong>\u00bfQui\u00e9n es Vandapower?<\/strong><\/p>\n<p><strong><span>Vandapower<\/span><\/strong>es una empresa de r\u00e1pido crecimiento y es l\u00edder del mercado europeo en el nicho de distribuci\u00f3n de piezas para bater\u00edas industriales. Nuestros clientes son tanto pymes independientes como empresas multinacionales. A trav\u00e9s de nuestras operaciones en Oosterzele, B\u00e9lgica, y Austin, Texas, atendemos a clientes de todo el mundo.<\/p>\n<p>Nos esforzamos por asentar nuestra posici\u00f3n de liderazgo en nuevos mercados y regiones. Esto es posible gracias a la combinaci\u00f3n de nuestros claros valores, personas con talento, una organizaci\u00f3n \u00e1gil y un fuerte enfoque en la intimidad del cliente, el conocimiento del mercado y la calidad del servicio.<\/p>\n<p><strong>\u00bfQu\u00e9 puesto podemos ofrecer?<\/strong><\/p>\n<p>Buscamos <span>un<\/span><strong>trabajador<\/strong> <span>que<\/span>se identifique plenamente <span>con<\/span>la siguiente vacante como <strong><span>figura de control en nuestro departamento de producci\u00f3n<\/span><\/strong><strong>.<\/strong><\/p>\n<ul>\n<li>Como<span> <\/span><strong>Empleado de calidad en nuestro departamento de log\u00edstica y producci\u00f3n<\/strong><br \/>que vigila el<span> <\/span><strong>Calidad<\/strong><span> <\/span>de nuestro servicio y realizar<span> <\/span><strong>controlar<\/strong><span> <\/span>en nuestras entradas y salidas de mercanc\u00edas.<\/li>\n<li>Realiza las acciones necesarias para la correcta conservaci\u00f3n de <span>nuestras<\/span><strong>existencias<\/strong><span>y<\/span> <span>lleva<\/span>a <span>cabo<\/span><strong>los recuentos de existencias necesarios.<\/strong><\/li>\n<li>Usted proporciona la informaci\u00f3n necesaria a los empleados y a los jefes de equipo.<br \/>As\u00ed que usted es un buen<span> <\/span><strong>comunicador<\/strong><\/li>\n<li><span>Contribuye activamente a<\/span> <strong>mantener el almac\u00e9n ordenado.<\/strong><\/li>\n<li><span>Tienes conocimientos y experiencia para conducir una<\/span> <strong>carretilla elevadora fuerte <br \/>, lbor est\u00e1s dispuesto a seguir una formaci\u00f3n para ello.<\/strong><\/li>\n<li>Adem\u00e1s de las tareas de control, se le puede pedir que<span> <\/span><strong>Empleado de nuestro departamento de producci\u00f3n.<\/strong><br \/>Como empleado de producci\u00f3n, es el principal responsable de<br \/>para lo solicitado<span> <\/span><strong>conjuntos<\/strong><span> <\/span>se crean y personalizan de manera oportuna y correcta.\n<ul>\n<li><strong>El trabajo de montaje<\/strong><span>puede<\/span> incluir el corte de cables a medida, el desmontaje de cables, la soldadura, el prensado de contactos, el montaje de enchufes&#8230;<\/li>\n<\/ul>\n<\/li>\n<li><span>Sabe <\/span><strong>leer<\/strong><strong>las fichas<\/strong> <strong>t\u00e9cnicas<\/strong><span>y<\/span> organizar las cosas seg\u00fan el plan.<\/li>\n<li><span>Es responsable del<\/span> <strong>empaquetado y apilado de las mercanc\u00edas de salida. <br \/> Tiene conocimiento del correcto empaquetado de las mercanc\u00edas.<\/strong><\/li>\n<li><strong>Puede manejar las piezas a veces un poco m\u00e1s pesadas (m\u00e1x. 30 kg)<\/strong><\/li>\n<li>Por \u00faltimo, puede hacer lo necesario<span> <\/span><strong>ofrecer apoyo<\/strong><span> <\/span>en todas las \u00e1reas para todo nuestro almac\u00e9n.<br \/>Guardar las mercanc\u00edas, clasificar y eliminar los residuos de forma ordenada, mantener el lugar de trabajo en orden.<\/li>\n<li>Se desplegar\u00e1 en nuestro equipo de producci\u00f3n en horarios regulares. As\u00ed que cambiar de marcha no es un problema para ti.<\/li>\n<\/ul>\n<p><strong>\u00bfQu\u00e9 puede ofrecernos?<\/strong><\/p>\n<ul>\n<li><span>Tiene un conocimiento s\u00f3lido y pr\u00e1cticamente utilizable del<\/span><strong>neerland\u00e9s<\/strong>. <\/li>\n<li>Usted es<span> <\/span><strong>preciso, paciente<\/strong><span> <\/span>y tienen<span> <\/span><strong>ojo<\/strong><span> <\/span>para<span> <\/span><strong>detalle<\/strong>. Tienes un gran sentido de la responsabilidad y puedes afrontar situaciones estresantes y cambiantes y<br \/>siempre se une a la b\u00fasqueda de la soluci\u00f3n adecuada. Usted es<span> <\/span><strong><span>manos a la obra<\/span><\/strong>y atrevimiento<span> <\/span>tomar <strong><span>las iniciativas necesarias.<\/span><\/strong> <\/li>\n<li>Tomar las iniciativas necesariasLa experiencia en un entorno de producci\u00f3n y el servicio log\u00edstico son ventajas. <\/li>\n<li><strong>Gran capacidad de comunicaci\u00f3n,<\/strong><span> <\/span><strong>colegialidad<\/strong><span> <\/span>y<span> <\/span><strong>apertura de mente<\/strong><span> <\/span>son cualidades con las que puedes asociarte. Eres emprendedor, flexible, preciso y tienes una actitud positiva hacia el mundo. Usted es un<span> <\/span><strong>ciempi\u00e9s<\/strong><strong>travieso<\/strong><span> <\/span>que se desenvuelve en diversos \u00e1mbitos y desea trabajar de forma variada, precisa y profesional en un ambiente agradable y familiar.<\/li>\n<\/ul>\n<p><strong>\u00bfQu\u00e9 podemos ofrecer?<\/strong><\/p>\n<ul>\n<li>Te ofrecemos <span>un<\/span><strong>papel<\/strong> <span>en<\/span><span>un<\/span>entorno de <strong>trabajo<\/strong>internacional y en <strong>crecimiento<\/strong>en <span>un<\/span><span>puesto<\/span><span>a<\/span> <strong>tiempo completo<\/strong> (38 horas) con un contrato indefinido.<\/li>\n<li>Formar\u00e1s parte de <span>un <\/span><span>equipo<\/span><strong>din\u00e1mico<\/strong>de unas 35 personas en el <span>que<\/span>se <span>valora<\/span><strong>mucho<\/strong> el <strong>compa\u00f1erismo<\/strong><span>y<\/span> <span>el<\/span> <strong>trabajo<\/strong><span>duro.<\/span><\/li>\n<li>Ofrecemos un <strong>paquete salarial<\/strong> <span>atractivo<\/span>, un <strong>ambiente<\/strong><strong>familiar<\/strong> <span>agradable<\/span> <span>y<\/span> proporcionamos suficientes vitaminas durante la semana laboral.<\/li>\n<\/ul>\n<p><strong>\u00bfTe sientes atendido?<\/strong><\/p>\n<p>\u00bfConsiguen los<span> <\/span><strong>energ\u00eda<\/strong><span> <\/span>al leer la descripci\u00f3n del trabajo anterior? \u00bfY cree que podemos ser su pr\u00f3xima salida para recargar su conocimiento y poder? Entonces, aseg\u00farese de enviar su CV y su carta de presentaci\u00f3n a<span> <\/span><a href=\"mailto:jobs@vandapower.com\">jobs@vandapower.com<\/a><span> <\/span>Attn: Audrey Van De Velde <\/p>\n<p>[\/et_pb_text][\/et_pb_column][\/et_pb_row][et_pb_row _builder_version=\u00bb4.9.7&#8243; _module_preset=\u00bbdefault\u00bb][et_pb_column type=\u00bb4_4&#8243; _builder_version=\u00bb4.9.7&#8243; _module_preset=\u00bbdefault\u00bb][et_pb_image src=\u00bbhttps:\/\/vandapower.eu\/wp-content\/uploads\/2021\/07\/bottom-vacature.jpg\u00bb title_text=\u00bbvac\u00edo en el fondo\u00bb _builder_version=\u00bb4.9.7&#8243; _module_preset=\u00bbdefault\u00bb][\/et_pb_image][\/et_pb_column][\/et_pb_row][\/et_pb_section]<\/p>\n","protected":false},"excerpt":{"rendered":"<p>One-stop shopEntrega completaAsesoramiento t\u00e9cnico independiente<span><span><a href=\"https:\/\/vandapower.com\/es\/home\/\">Home<\/a><\/span><\/span>Empleado de producci\u00f3n de calidad\u00bfQui\u00e9n es Vandapower? Vandapoweres una empresa de r\u00e1pido crecimiento y es l\u00edder del mercado europeo en el nicho de distribuci\u00f3n de piezas para bater\u00edas industriales. Nuestros clientes son tanto pymes independientes como empresas multinacionales. A trav\u00e9s de nuestras operaciones en Oosterzele, B\u00e9lgica, y Austin, Texas, atendemos a [&hellip;]<\/p>\n","protected":false},"author":1,"featured_media":0,"parent":5250,"menu_order":0,"comment_status":"closed","ping_status":"closed","template":"","meta":{"_et_pb_use_builder":"on","_et_pb_old_content":"","_et_gb_content_width":"","om_disable_all_campaigns":false,"inline_featured_image":false,"_monsterinsights_skip_tracking":false,"_monsterinsights_sitenote_active":false,"_monsterinsights_sitenote_note":"","_monsterinsights_sitenote_category":0,"_uf_show_specific_survey":0,"_uf_disable_surveys":false,"footnotes":""},"class_list":["post-5305","page","type-page","status-publish","hentry"],"yoast_head":"<!-- This site is optimized with the Yoast SEO plugin v27.4 - https:\/\/yoast.com\/product\/yoast-seo-wordpress\/ -->\n<title>Empleado de producci\u00f3n de calidad - Vandapower | Components and Cable Assemblies for Industrial Batteries<\/title>\n<meta name=\"robots\" content=\"index, follow, max-snippet:-1, max-image-preview:large, max-video-preview:-1\" \/>\n<link rel=\"canonical\" href=\"https:\/\/vandapower.com\/es\/empleo\/empleado-de-produccion-de-calidad\/\" \/>\n<meta property=\"og:locale\" content=\"es_ES\" \/>\n<meta property=\"og:type\" content=\"article\" \/>\n<meta property=\"og:title\" content=\"Empleado de producci\u00f3n de calidad - Vandapower | Components and Cable Assemblies for Industrial Batteries\" \/>\n<meta property=\"og:description\" content=\"One-stop shopEntrega completaAsesoramiento t\u00e9cnico independienteEmpleado de producci\u00f3n de calidad\u00bfQui\u00e9n es Vandapower? Vandapoweres una empresa de r\u00e1pido crecimiento y es l\u00edder del mercado europeo en el nicho de distribuci\u00f3n de piezas para bater\u00edas industriales. Nuestros clientes son tanto pymes independientes como empresas multinacionales. A trav\u00e9s de nuestras operaciones en Oosterzele, B\u00e9lgica, y Austin, Texas, atendemos a [&hellip;]\" \/>\n<meta property=\"og:url\" content=\"https:\/\/vandapower.com\/es\/empleo\/empleado-de-produccion-de-calidad\/\" \/>\n<meta property=\"og:site_name\" content=\"Vandapower | Components and Cable Assemblies for Industrial Batteries\" \/>\n<meta property=\"article:modified_time\" content=\"2021-11-05T08:20:56+00:00\" \/>\n<meta name=\"twitter:card\" content=\"summary_large_image\" \/>\n<meta name=\"twitter:label1\" content=\"Tiempo de lectura\" \/>\n\t<meta name=\"twitter:data1\" content=\"6 minutos\" \/>\n<script type=\"application\/ld+json\" class=\"yoast-schema-graph\">{\"@context\":\"https:\\\/\\\/schema.org\",\"@graph\":[{\"@type\":\"WebPage\",\"@id\":\"https:\\\/\\\/vandapower.com\\\/es\\\/empleo\\\/empleado-de-produccion-de-calidad\\\/\",\"url\":\"https:\\\/\\\/vandapower.com\\\/es\\\/empleo\\\/empleado-de-produccion-de-calidad\\\/\",\"name\":\"Empleado de producci\u00f3n de calidad - Vandapower | Components and Cable Assemblies for Industrial Batteries\",\"isPartOf\":{\"@id\":\"https:\\\/\\\/vandapower.com\\\/be-nl\\\/#website\"},\"datePublished\":\"2021-10-22T09:37:18+00:00\",\"dateModified\":\"2021-11-05T08:20:56+00:00\",\"breadcrumb\":{\"@id\":\"https:\\\/\\\/vandapower.com\\\/es\\\/empleo\\\/empleado-de-produccion-de-calidad\\\/#breadcrumb\"},\"inLanguage\":\"es\",\"potentialAction\":[{\"@type\":\"ReadAction\",\"target\":[\"https:\\\/\\\/vandapower.com\\\/es\\\/empleo\\\/empleado-de-produccion-de-calidad\\\/\"]}]},{\"@type\":\"BreadcrumbList\",\"@id\":\"https:\\\/\\\/vandapower.com\\\/es\\\/empleo\\\/empleado-de-produccion-de-calidad\\\/#breadcrumb\",\"itemListElement\":[{\"@type\":\"ListItem\",\"position\":1,\"name\":\"Home\",\"item\":\"https:\\\/\\\/vandapower.com\\\/es\\\/home\\\/\"},{\"@type\":\"ListItem\",\"position\":2,\"name\":\"Empleo\",\"item\":\"https:\\\/\\\/vandapower.com\\\/es\\\/empleo\\\/\"},{\"@type\":\"ListItem\",\"position\":3,\"name\":\"Empleado de producci\u00f3n de calidad\"}]},{\"@type\":\"WebSite\",\"@id\":\"https:\\\/\\\/vandapower.com\\\/be-nl\\\/#website\",\"url\":\"https:\\\/\\\/vandapower.com\\\/be-nl\\\/\",\"name\":\"Vandapower | Components and Cable Assemblies for Industrial Batteries\",\"description\":\"Through our product knowledge, our buffer stock and our flexible organization, we can deliver your components for industrial batteries quickly and customized to your needs\",\"publisher\":{\"@id\":\"https:\\\/\\\/vandapower.com\\\/be-nl\\\/#organization\"},\"potentialAction\":[{\"@type\":\"SearchAction\",\"target\":{\"@type\":\"EntryPoint\",\"urlTemplate\":\"https:\\\/\\\/vandapower.com\\\/be-nl\\\/?s={search_term_string}\"},\"query-input\":{\"@type\":\"PropertyValueSpecification\",\"valueRequired\":true,\"valueName\":\"search_term_string\"}}],\"inLanguage\":\"es\"},{\"@type\":\"Organization\",\"@id\":\"https:\\\/\\\/vandapower.com\\\/be-nl\\\/#organization\",\"name\":\"Vandapower\",\"url\":\"https:\\\/\\\/vandapower.com\\\/be-nl\\\/\",\"logo\":{\"@type\":\"ImageObject\",\"inLanguage\":\"es\",\"@id\":\"https:\\\/\\\/vandapower.com\\\/be-nl\\\/#\\\/schema\\\/logo\\\/image\\\/\",\"url\":\"https:\\\/\\\/vandapower.eu\\\/wp-content\\\/uploads\\\/2021\\\/07\\\/logo-Vandapower-tagline.svg\",\"contentUrl\":\"https:\\\/\\\/vandapower.eu\\\/wp-content\\\/uploads\\\/2021\\\/07\\\/logo-Vandapower-tagline.svg\",\"width\":1321,\"height\":1088,\"caption\":\"Vandapower\"},\"image\":{\"@id\":\"https:\\\/\\\/vandapower.com\\\/be-nl\\\/#\\\/schema\\\/logo\\\/image\\\/\"}}]}<\/script>\n<!-- \/ Yoast SEO plugin. -->","yoast_head_json":{"title":"Empleado de producci\u00f3n de calidad - Vandapower | Components and Cable Assemblies for Industrial Batteries","robots":{"index":"index","follow":"follow","max-snippet":"max-snippet:-1","max-image-preview":"max-image-preview:large","max-video-preview":"max-video-preview:-1"},"canonical":"https:\/\/vandapower.com\/es\/empleo\/empleado-de-produccion-de-calidad\/","og_locale":"es_ES","og_type":"article","og_title":"Empleado de producci\u00f3n de calidad - Vandapower | Components and Cable Assemblies for Industrial Batteries","og_description":"One-stop shopEntrega completaAsesoramiento t\u00e9cnico independienteEmpleado de producci\u00f3n de calidad\u00bfQui\u00e9n es Vandapower? Vandapoweres una empresa de r\u00e1pido crecimiento y es l\u00edder del mercado europeo en el nicho de distribuci\u00f3n de piezas para bater\u00edas industriales. Nuestros clientes son tanto pymes independientes como empresas multinacionales. A trav\u00e9s de nuestras operaciones en Oosterzele, B\u00e9lgica, y Austin, Texas, atendemos a [&hellip;]","og_url":"https:\/\/vandapower.com\/es\/empleo\/empleado-de-produccion-de-calidad\/","og_site_name":"Vandapower | Components and Cable Assemblies for Industrial Batteries","article_modified_time":"2021-11-05T08:20:56+00:00","twitter_card":"summary_large_image","twitter_misc":{"Tiempo de lectura":"6 minutos"},"schema":{"@context":"https:\/\/schema.org","@graph":[{"@type":"WebPage","@id":"https:\/\/vandapower.com\/es\/empleo\/empleado-de-produccion-de-calidad\/","url":"https:\/\/vandapower.com\/es\/empleo\/empleado-de-produccion-de-calidad\/","name":"Empleado de producci\u00f3n de calidad - Vandapower | Components and Cable Assemblies for Industrial Batteries","isPartOf":{"@id":"https:\/\/vandapower.com\/be-nl\/#website"},"datePublished":"2021-10-22T09:37:18+00:00","dateModified":"2021-11-05T08:20:56+00:00","breadcrumb":{"@id":"https:\/\/vandapower.com\/es\/empleo\/empleado-de-produccion-de-calidad\/#breadcrumb"},"inLanguage":"es","potentialAction":[{"@type":"ReadAction","target":["https:\/\/vandapower.com\/es\/empleo\/empleado-de-produccion-de-calidad\/"]}]},{"@type":"BreadcrumbList","@id":"https:\/\/vandapower.com\/es\/empleo\/empleado-de-produccion-de-calidad\/#breadcrumb","itemListElement":[{"@type":"ListItem","position":1,"name":"Home","item":"https:\/\/vandapower.com\/es\/home\/"},{"@type":"ListItem","position":2,"name":"Empleo","item":"https:\/\/vandapower.com\/es\/empleo\/"},{"@type":"ListItem","position":3,"name":"Empleado de producci\u00f3n de calidad"}]},{"@type":"WebSite","@id":"https:\/\/vandapower.com\/be-nl\/#website","url":"https:\/\/vandapower.com\/be-nl\/","name":"Vandapower | Components and Cable Assemblies for Industrial Batteries","description":"Through our product knowledge, our buffer stock and our flexible organization, we can deliver your components for industrial batteries quickly and customized to your needs","publisher":{"@id":"https:\/\/vandapower.com\/be-nl\/#organization"},"potentialAction":[{"@type":"SearchAction","target":{"@type":"EntryPoint","urlTemplate":"https:\/\/vandapower.com\/be-nl\/?s={search_term_string}"},"query-input":{"@type":"PropertyValueSpecification","valueRequired":true,"valueName":"search_term_string"}}],"inLanguage":"es"},{"@type":"Organization","@id":"https:\/\/vandapower.com\/be-nl\/#organization","name":"Vandapower","url":"https:\/\/vandapower.com\/be-nl\/","logo":{"@type":"ImageObject","inLanguage":"es","@id":"https:\/\/vandapower.com\/be-nl\/#\/schema\/logo\/image\/","url":"https:\/\/vandapower.eu\/wp-content\/uploads\/2021\/07\/logo-Vandapower-tagline.svg","contentUrl":"https:\/\/vandapower.eu\/wp-content\/uploads\/2021\/07\/logo-Vandapower-tagline.svg","width":1321,"height":1088,"caption":"Vandapower"},"image":{"@id":"https:\/\/vandapower.com\/be-nl\/#\/schema\/logo\/image\/"}}]}},"_links":{"self":[{"href":"https:\/\/vandapower.com\/es\/wp-json\/wp\/v2\/pages\/5305","targetHints":{"allow":["GET"]}}],"collection":[{"href":"https:\/\/vandapower.com\/es\/wp-json\/wp\/v2\/pages"}],"about":[{"href":"https:\/\/vandapower.com\/es\/wp-json\/wp\/v2\/types\/page"}],"author":[{"embeddable":true,"href":"https:\/\/vandapower.com\/es\/wp-json\/wp\/v2\/users\/1"}],"replies":[{"embeddable":true,"href":"https:\/\/vandapower.com\/es\/wp-json\/wp\/v2\/comments?post=5305"}],"version-history":[{"count":14,"href":"https:\/\/vandapower.com\/es\/wp-json\/wp\/v2\/pages\/5305\/revisions"}],"predecessor-version":[{"id":6170,"href":"https:\/\/vandapower.com\/es\/wp-json\/wp\/v2\/pages\/5305\/revisions\/6170"}],"up":[{"embeddable":true,"href":"https:\/\/vandapower.com\/es\/wp-json\/wp\/v2\/pages\/5250"}],"wp:attachment":[{"href":"https:\/\/vandapower.com\/es\/wp-json\/wp\/v2\/media?parent=5305"}],"curies":[{"name":"wp","href":"https:\/\/api.w.org\/{rel}","templated":true}]}}