{"id":5229,"date":"2021-10-22T08:14:51","date_gmt":"2021-10-22T08:14:51","guid":{"rendered":"https:\/\/vandapower.eu\/proclaimer\/"},"modified":"2022-05-27T08:16:50","modified_gmt":"2022-05-27T08:16:50","slug":"proclaimer","status":"publish","type":"page","link":"https:\/\/vandapower.com\/es\/proclaimer\/","title":{"rendered":"Proclaimer"},"content":{"rendered":"<p>[et_pb_section fb_built=\u00bb1&#8243; _builder_version=\u00bb4.9.7&#8243; _module_preset=\u00bbdefault\u00bb custom_padding=\u00bb0px||0px||true|false\u00bb global_colors_info=\u00bb{}\u00bb da_is_popup=\u00bboff\u00bb da_exit_intent=\u00bboff\u00bb da_has_close=\u00bbon\u00bb da_alt_close=\u00bboff\u00bb da_dark_close=\u00bboff\u00bb da_not_modal=\u00bbon\u00bb da_is_singular=\u00bboff\u00bb da_with_loader=\u00bboff\u00bb da_has_shadow=\u00bbon\u00bb da_disable_devices=\u00bboff|off|off\u00bb][et_pb_row module_class=\u00bbusp-header\u00bb _builder_version=\u00bb4.14.5&#8243; _module_preset=\u00bbdefault\u00bb width=\u00bb85%\u00bb custom_padding=\u00bb||0px||false|false\u00bb global_module=\u00bb2256&#8243; saved_tabs=\u00bball\u00bb global_colors_info=\u00bb{}\u00bb][et_pb_column type=\u00bb4_4&#8243; _builder_version=\u00bb4.9.7&#8243; _module_preset=\u00bbdefault\u00bb global_colors_info=\u00bb{}\u00bb][et_pb_blurb image=\u00bbhttps:\/\/vandapower.eu\/wp-content\/uploads\/\/2021\/07\/One-stop-Shop.svg\u00bb icon_placement=\u00bbleft\u00bb image_icon_width=\u00bb20px\u00bb _builder_version=\u00bb4.14.5&#8243; _module_preset=\u00bbdefault\u00bb body_font_size=\u00bb14px\u00bb body_line_height=\u00bb1.4em\u00bb width=\u00bb13%\u00bb width_tablet=\u00bb30%\u00bb width_phone=\u00bb100%\u00bb width_last_edited=\u00bbon|phone\u00bb custom_margin=\u00bb0px||10px||false|false\u00bb custom_padding=\u00bb||0px|0px|false|false\u00bb link_option_url=\u00bbhttps:\/\/vandapower.eu\/es\/por-que-vandapower\/#onestop\u00bb custom_css_main_element=\u00bbdisplay: inline-block;||\u00bb image_max_width=\u00bb20px\u00bb global_colors_info=\u00bb{}\u00bb content__hover_enabled=\u00bboff|hover\u00bb content__hover=\u00bb<\/p>\n<p><span style=%22text-decoration: underline;%22><span class=%22red%22>One-stop<\/span> shop<\/span><\/p>\n<p>\u00ab]<\/p>\n<p><span class=\"red\">One-stop<\/span> shop<\/p>\n<p>[\/et_pb_blurb][et_pb_blurb image=\u00bbhttps:\/\/vandapower.eu\/wp-content\/uploads\/\/2021\/07\/On-time-Delivery.svg\u00bb icon_placement=\u00bbleft\u00bb image_icon_width=\u00bb20px\u00bb _builder_version=\u00bb4.14.5&#8243; _module_preset=\u00bbdefault\u00bb body_font_size=\u00bb14px\u00bb body_line_height=\u00bb1.4em\u00bb width=\u00bb16%\u00bb width_tablet=\u00bb30%\u00bb width_phone=\u00bb100%\u00bb width_last_edited=\u00bbon|phone\u00bb custom_margin=\u00bb0px||10px||false|false\u00bb custom_padding=\u00bb||0px|0px|false|false\u00bb link_option_url=\u00bbhttps:\/\/vandapower.eu\/es\/por-que-vandapower\/#ontime\u00bb custom_css_main_element=\u00bbdisplay: inline-block;\u00bb image_max_width=\u00bb20px\u00bb global_colors_info=\u00bb{}\u00bb content__hover_enabled=\u00bboff|hover\u00bb content__hover=\u00bb<\/p>\n<p><span style=%22text-decoration: underline;%22><span class=%22red%22>Tijdige<\/span> levering<\/span><\/p>\n<p>\u00ab]Entrega <span class=\"red\">puntual<\/span>[\/et_pb_blurb][et_pb_blurb image=\u00bbhttps:\/\/vandapower.eu\/wp-content\/uploads\/\/2021\/07\/Independent-Technical-Advice.svg\u00bb icon_placement=\u00bbleft\u00bb image_icon_width=\u00bb18px\u00bb content_last_edited=\u00bboff|desktop\u00bb _builder_version=\u00bb4.14.5&#8243; _module_preset=\u00bbdefault\u00bb body_font_size=\u00bb14px\u00bb body_line_height=\u00bb2em\u00bb width=\u00bb25%\u00bb width_tablet=\u00bb39%\u00bb width_phone=\u00bb100%\u00bb width_last_edited=\u00bbon|phone\u00bb custom_margin=\u00bb||5px||false|false\u00bb custom_padding=\u00bb||0px|0px|false|false\u00bb link_option_url=\u00bbhttps:\/\/vandapower.eu\/es\/por-que-vandapower\/#independent\u00bb custom_css_main_element=\u00bbdisplay: inline-block;\u00bb image_max_width=\u00bb18px\u00bb global_colors_info=\u00bb{}\u00bb content__hover_enabled=\u00bboff|desktop\u00bb content__hover=\u00bb<\/p>\n<p><span style=%22text-decoration: underline;%22>Onafhankelijk <span class=%22red%22>technisch advies<\/span><\/span><\/p>\n<p>\u00ab]<\/p>\n<p>Asesoramiento <span class=\"red\">t\u00e9cnico independiente<\/span><\/p>\n<p>[\/et_pb_blurb][\/et_pb_column][\/et_pb_row][\/et_pb_section][et_pb_section fb_built=\u00bb1&#8243; _builder_version=\u00bb4.9.7&#8243; _module_preset=\u00bbdefault\u00bb custom_padding=\u00bb0px||0px||false|false\u00bb global_colors_info=\u00bb{}\u00bb da_is_popup=\u00bboff\u00bb da_exit_intent=\u00bboff\u00bb da_has_close=\u00bbon\u00bb da_alt_close=\u00bboff\u00bb da_dark_close=\u00bboff\u00bb da_not_modal=\u00bbon\u00bb da_is_singular=\u00bboff\u00bb da_with_loader=\u00bboff\u00bb da_has_shadow=\u00bbon\u00bb da_disable_devices=\u00bboff|off|off\u00bb][et_pb_row _builder_version=\u00bb4.9.7&#8243; _module_preset=\u00bbdefault\u00bb global_colors_info=\u00bb{}\u00bb][et_pb_column type=\u00bb4_4&#8243; _builder_version=\u00bb4.9.7&#8243; _module_preset=\u00bbdefault\u00bb global_colors_info=\u00bb{}\u00bb][et_pb_text _builder_version=\u00bb4.9.7&#8243; _module_preset=\u00bbdefault\u00bb global_colors_info=\u00bb{}\u00bb]<\/p>\n<h1>Vandapower es responsable del contenido en vandapower.com<\/h1>\n<p>[\/et_pb_text][et_pb_text _builder_version=\u00bb4.9.7&#8243; _module_preset=\u00bbdefault\u00bb global_colors_info=\u00bb{}\u00bb]<\/p>\n<p>Para nosotros es muy importante que Usted sepa qu\u00e9 es lo que se puede esperar de nosotros. Esta es la raz\u00f3n por la cual llamamos esta p\u00e1gina <a href=\"https:\/\/www.vandapower.com\/en\/proclaimer\">\u00abun proclaimer\u00bb<\/a> en vez de \u00abun disclaimer\u00bb. Respaldamos el contenido en vandapower.com y tomamos la responsabilidad de este proclaimer.<\/p>\n<h2>\u00bfHa encontrado informaci\u00f3n incorrecta?<\/h2>\n<p>Le agradecer\u00edamos si nos pudiera informar sobre cualquier error que encuentre en nuestro sitio web. <a href=\"https:\/\/www.vandapower.com\/en\/contact\">Puede encontrar nuestros datos de contacto aqu\u00ed.<\/a> ecibir\u00e1 una respuesta en 24 horas. De antemano muchas gracias.<\/p>\n<h2>Una respuesta en 24 horas.<\/h2>\n<p>Si nos envia un correo electr\u00f3nico o si nos contacta a trav\u00e9s de la p\u00e1gina de contacto, recibir\u00e1 una respuesta en 24 horas. Sin embargo, esto puede ser 48 horas en los fines de semana. Durante per\u00edodos m\u00e1s largos de ausencia, recibir\u00e1 un mensaje autom\u00e1tico en el cual indicamos cu\u00e1ndo puede esperar una respuesta de nosotros.<\/p>\n<p>[\/et_pb_text][\/et_pb_column][\/et_pb_row][\/et_pb_section]<\/p>\n","protected":false},"excerpt":{"rendered":"<p>One-stop shopEntrega puntualAsesoramiento t\u00e9cnico independienteVandapower es responsable del contenido en vandapower.comPara nosotros es muy importante que Usted sepa qu\u00e9 es lo que se puede esperar de nosotros. Esta es la raz\u00f3n por la cual llamamos esta p\u00e1gina \u00abun proclaimer\u00bb en vez de \u00abun disclaimer\u00bb. Respaldamos el contenido en vandapower.com y tomamos la responsabilidad de este [&hellip;]<\/p>\n","protected":false},"author":1,"featured_media":0,"parent":0,"menu_order":0,"comment_status":"closed","ping_status":"closed","template":"","meta":{"_et_pb_use_builder":"on","_et_pb_old_content":"","_et_gb_content_width":"","om_disable_all_campaigns":false,"inline_featured_image":false,"_monsterinsights_skip_tracking":false,"_monsterinsights_sitenote_active":false,"_monsterinsights_sitenote_note":"","_monsterinsights_sitenote_category":0,"_uf_show_specific_survey":0,"_uf_disable_surveys":false,"footnotes":""},"class_list":["post-5229","page","type-page","status-publish","hentry"],"yoast_head":"<!-- This site is optimized with the Yoast SEO plugin v27.4 - https:\/\/yoast.com\/product\/yoast-seo-wordpress\/ -->\n<title>Proclaimer - Vandapower | Components and Cable Assemblies for Industrial Batteries<\/title>\n<meta name=\"robots\" content=\"index, follow, max-snippet:-1, max-image-preview:large, max-video-preview:-1\" \/>\n<link rel=\"canonical\" href=\"https:\/\/vandapower.com\/es\/proclaimer\/\" \/>\n<meta property=\"og:locale\" content=\"es_ES\" \/>\n<meta property=\"og:type\" content=\"article\" \/>\n<meta property=\"og:title\" content=\"Proclaimer - Vandapower | Components and Cable Assemblies for Industrial Batteries\" \/>\n<meta property=\"og:description\" content=\"One-stop shopEntrega puntualAsesoramiento t\u00e9cnico independienteVandapower es responsable del contenido en vandapower.comPara nosotros es muy importante que Usted sepa qu\u00e9 es lo que se puede esperar de nosotros. Esta es la raz\u00f3n por la cual llamamos esta p\u00e1gina &quot;un proclaimer&quot; en vez de &quot;un disclaimer&quot;. Respaldamos el contenido en vandapower.com y tomamos la responsabilidad de este [&hellip;]\" \/>\n<meta property=\"og:url\" content=\"https:\/\/vandapower.com\/es\/proclaimer\/\" \/>\n<meta property=\"og:site_name\" content=\"Vandapower | Components and Cable Assemblies for Industrial Batteries\" \/>\n<meta property=\"article:modified_time\" content=\"2022-05-27T08:16:50+00:00\" \/>\n<meta name=\"twitter:card\" content=\"summary_large_image\" \/>\n<meta name=\"twitter:label1\" content=\"Tiempo de lectura\" \/>\n\t<meta name=\"twitter:data1\" content=\"3 minutos\" \/>\n<script type=\"application\/ld+json\" class=\"yoast-schema-graph\">{\"@context\":\"https:\\\/\\\/schema.org\",\"@graph\":[{\"@type\":\"WebPage\",\"@id\":\"https:\\\/\\\/vandapower.com\\\/es\\\/proclaimer\\\/\",\"url\":\"https:\\\/\\\/vandapower.com\\\/es\\\/proclaimer\\\/\",\"name\":\"Proclaimer - Vandapower | Components and Cable Assemblies for Industrial Batteries\",\"isPartOf\":{\"@id\":\"https:\\\/\\\/vandapower.com\\\/be-nl\\\/#website\"},\"datePublished\":\"2021-10-22T08:14:51+00:00\",\"dateModified\":\"2022-05-27T08:16:50+00:00\",\"breadcrumb\":{\"@id\":\"https:\\\/\\\/vandapower.com\\\/es\\\/proclaimer\\\/#breadcrumb\"},\"inLanguage\":\"es\",\"potentialAction\":[{\"@type\":\"ReadAction\",\"target\":[\"https:\\\/\\\/vandapower.com\\\/es\\\/proclaimer\\\/\"]}]},{\"@type\":\"BreadcrumbList\",\"@id\":\"https:\\\/\\\/vandapower.com\\\/es\\\/proclaimer\\\/#breadcrumb\",\"itemListElement\":[{\"@type\":\"ListItem\",\"position\":1,\"name\":\"Home\",\"item\":\"https:\\\/\\\/vandapower.com\\\/es\\\/home\\\/\"},{\"@type\":\"ListItem\",\"position\":2,\"name\":\"Proclaimer\"}]},{\"@type\":\"WebSite\",\"@id\":\"https:\\\/\\\/vandapower.com\\\/be-nl\\\/#website\",\"url\":\"https:\\\/\\\/vandapower.com\\\/be-nl\\\/\",\"name\":\"Vandapower | Components and Cable Assemblies for Industrial Batteries\",\"description\":\"Through our product knowledge, our buffer stock and our flexible organization, we can deliver your components for industrial batteries quickly and customized to your needs\",\"publisher\":{\"@id\":\"https:\\\/\\\/vandapower.com\\\/be-nl\\\/#organization\"},\"potentialAction\":[{\"@type\":\"SearchAction\",\"target\":{\"@type\":\"EntryPoint\",\"urlTemplate\":\"https:\\\/\\\/vandapower.com\\\/be-nl\\\/?s={search_term_string}\"},\"query-input\":{\"@type\":\"PropertyValueSpecification\",\"valueRequired\":true,\"valueName\":\"search_term_string\"}}],\"inLanguage\":\"es\"},{\"@type\":\"Organization\",\"@id\":\"https:\\\/\\\/vandapower.com\\\/be-nl\\\/#organization\",\"name\":\"Vandapower\",\"url\":\"https:\\\/\\\/vandapower.com\\\/be-nl\\\/\",\"logo\":{\"@type\":\"ImageObject\",\"inLanguage\":\"es\",\"@id\":\"https:\\\/\\\/vandapower.com\\\/be-nl\\\/#\\\/schema\\\/logo\\\/image\\\/\",\"url\":\"https:\\\/\\\/vandapower.eu\\\/wp-content\\\/uploads\\\/2021\\\/07\\\/logo-Vandapower-tagline.svg\",\"contentUrl\":\"https:\\\/\\\/vandapower.eu\\\/wp-content\\\/uploads\\\/2021\\\/07\\\/logo-Vandapower-tagline.svg\",\"width\":1321,\"height\":1088,\"caption\":\"Vandapower\"},\"image\":{\"@id\":\"https:\\\/\\\/vandapower.com\\\/be-nl\\\/#\\\/schema\\\/logo\\\/image\\\/\"}}]}<\/script>\n<!-- \/ Yoast SEO plugin. -->","yoast_head_json":{"title":"Proclaimer - Vandapower | Components and Cable Assemblies for Industrial Batteries","robots":{"index":"index","follow":"follow","max-snippet":"max-snippet:-1","max-image-preview":"max-image-preview:large","max-video-preview":"max-video-preview:-1"},"canonical":"https:\/\/vandapower.com\/es\/proclaimer\/","og_locale":"es_ES","og_type":"article","og_title":"Proclaimer - Vandapower | Components and Cable Assemblies for Industrial Batteries","og_description":"One-stop shopEntrega puntualAsesoramiento t\u00e9cnico independienteVandapower es responsable del contenido en vandapower.comPara nosotros es muy importante que Usted sepa qu\u00e9 es lo que se puede esperar de nosotros. Esta es la raz\u00f3n por la cual llamamos esta p\u00e1gina \"un proclaimer\" en vez de \"un disclaimer\". Respaldamos el contenido en vandapower.com y tomamos la responsabilidad de este [&hellip;]","og_url":"https:\/\/vandapower.com\/es\/proclaimer\/","og_site_name":"Vandapower | Components and Cable Assemblies for Industrial Batteries","article_modified_time":"2022-05-27T08:16:50+00:00","twitter_card":"summary_large_image","twitter_misc":{"Tiempo de lectura":"3 minutos"},"schema":{"@context":"https:\/\/schema.org","@graph":[{"@type":"WebPage","@id":"https:\/\/vandapower.com\/es\/proclaimer\/","url":"https:\/\/vandapower.com\/es\/proclaimer\/","name":"Proclaimer - Vandapower | Components and Cable Assemblies for Industrial Batteries","isPartOf":{"@id":"https:\/\/vandapower.com\/be-nl\/#website"},"datePublished":"2021-10-22T08:14:51+00:00","dateModified":"2022-05-27T08:16:50+00:00","breadcrumb":{"@id":"https:\/\/vandapower.com\/es\/proclaimer\/#breadcrumb"},"inLanguage":"es","potentialAction":[{"@type":"ReadAction","target":["https:\/\/vandapower.com\/es\/proclaimer\/"]}]},{"@type":"BreadcrumbList","@id":"https:\/\/vandapower.com\/es\/proclaimer\/#breadcrumb","itemListElement":[{"@type":"ListItem","position":1,"name":"Home","item":"https:\/\/vandapower.com\/es\/home\/"},{"@type":"ListItem","position":2,"name":"Proclaimer"}]},{"@type":"WebSite","@id":"https:\/\/vandapower.com\/be-nl\/#website","url":"https:\/\/vandapower.com\/be-nl\/","name":"Vandapower | Components and Cable Assemblies for Industrial Batteries","description":"Through our product knowledge, our buffer stock and our flexible organization, we can deliver your components for industrial batteries quickly and customized to your needs","publisher":{"@id":"https:\/\/vandapower.com\/be-nl\/#organization"},"potentialAction":[{"@type":"SearchAction","target":{"@type":"EntryPoint","urlTemplate":"https:\/\/vandapower.com\/be-nl\/?s={search_term_string}"},"query-input":{"@type":"PropertyValueSpecification","valueRequired":true,"valueName":"search_term_string"}}],"inLanguage":"es"},{"@type":"Organization","@id":"https:\/\/vandapower.com\/be-nl\/#organization","name":"Vandapower","url":"https:\/\/vandapower.com\/be-nl\/","logo":{"@type":"ImageObject","inLanguage":"es","@id":"https:\/\/vandapower.com\/be-nl\/#\/schema\/logo\/image\/","url":"https:\/\/vandapower.eu\/wp-content\/uploads\/2021\/07\/logo-Vandapower-tagline.svg","contentUrl":"https:\/\/vandapower.eu\/wp-content\/uploads\/2021\/07\/logo-Vandapower-tagline.svg","width":1321,"height":1088,"caption":"Vandapower"},"image":{"@id":"https:\/\/vandapower.com\/be-nl\/#\/schema\/logo\/image\/"}}]}},"_links":{"self":[{"href":"https:\/\/vandapower.com\/es\/wp-json\/wp\/v2\/pages\/5229","targetHints":{"allow":["GET"]}}],"collection":[{"href":"https:\/\/vandapower.com\/es\/wp-json\/wp\/v2\/pages"}],"about":[{"href":"https:\/\/vandapower.com\/es\/wp-json\/wp\/v2\/types\/page"}],"author":[{"embeddable":true,"href":"https:\/\/vandapower.com\/es\/wp-json\/wp\/v2\/users\/1"}],"replies":[{"embeddable":true,"href":"https:\/\/vandapower.com\/es\/wp-json\/wp\/v2\/comments?post=5229"}],"version-history":[{"count":5,"href":"https:\/\/vandapower.com\/es\/wp-json\/wp\/v2\/pages\/5229\/revisions"}],"predecessor-version":[{"id":15492,"href":"https:\/\/vandapower.com\/es\/wp-json\/wp\/v2\/pages\/5229\/revisions\/15492"}],"wp:attachment":[{"href":"https:\/\/vandapower.com\/es\/wp-json\/wp\/v2\/media?parent=5229"}],"curies":[{"name":"wp","href":"https:\/\/api.w.org\/{rel}","templated":true}]}}