{"id":5223,"date":"2021-10-22T07:12:54","date_gmt":"2021-10-22T07:12:54","guid":{"rendered":"https:\/\/vandapower.eu\/privacidad\/"},"modified":"2022-05-27T08:09:49","modified_gmt":"2022-05-27T08:09:49","slug":"privacidad","status":"publish","type":"page","link":"https:\/\/vandapower.com\/es\/privacidad\/","title":{"rendered":"Privacidad"},"content":{"rendered":"<p>[et_pb_section fb_built=\u00bb1&#8243; _builder_version=\u00bb4.9.7&#8243; _module_preset=\u00bbdefault\u00bb custom_padding=\u00bb0px||0px||true|false\u00bb global_colors_info=\u00bb{}\u00bb da_is_popup=\u00bboff\u00bb da_exit_intent=\u00bboff\u00bb da_has_close=\u00bbon\u00bb da_alt_close=\u00bboff\u00bb da_dark_close=\u00bboff\u00bb da_not_modal=\u00bbon\u00bb da_is_singular=\u00bboff\u00bb da_with_loader=\u00bboff\u00bb da_has_shadow=\u00bbon\u00bb da_disable_devices=\u00bboff|off|off\u00bb][et_pb_row module_class=\u00bbusp-header\u00bb _builder_version=\u00bb4.14.5&#8243; _module_preset=\u00bbdefault\u00bb width=\u00bb85%\u00bb custom_padding=\u00bb||0px||false|false\u00bb global_module=\u00bb2256&#8243; saved_tabs=\u00bball\u00bb global_colors_info=\u00bb{}\u00bb][et_pb_column type=\u00bb4_4&#8243; _builder_version=\u00bb4.9.7&#8243; _module_preset=\u00bbdefault\u00bb global_colors_info=\u00bb{}\u00bb][et_pb_blurb image=\u00bbhttps:\/\/vandapower.eu\/wp-content\/uploads\/\/2021\/07\/One-stop-Shop.svg\u00bb icon_placement=\u00bbleft\u00bb image_icon_width=\u00bb20px\u00bb _builder_version=\u00bb4.14.5&#8243; _module_preset=\u00bbdefault\u00bb body_font_size=\u00bb14px\u00bb body_line_height=\u00bb1.4em\u00bb width=\u00bb13%\u00bb width_tablet=\u00bb30%\u00bb width_phone=\u00bb100%\u00bb width_last_edited=\u00bbon|phone\u00bb custom_margin=\u00bb0px||10px||false|false\u00bb custom_padding=\u00bb||0px|0px|false|false\u00bb link_option_url=\u00bbhttps:\/\/vandapower.eu\/es\/por-que-vandapower\/#onestop\u00bb custom_css_main_element=\u00bbdisplay: inline-block;||\u00bb image_max_width=\u00bb20px\u00bb global_colors_info=\u00bb{}\u00bb content__hover_enabled=\u00bboff|hover\u00bb content__hover=\u00bb<\/p>\n<p><span style=%22text-decoration: underline;%22><span class=%22red%22>One-stop<\/span> shop<\/span><\/p>\n<p>\u00ab]<\/p>\n<p><span class=\"red\">One-stop<\/span> shop<\/p>\n<p>[\/et_pb_blurb][et_pb_blurb image=\u00bbhttps:\/\/vandapower.eu\/wp-content\/uploads\/\/2021\/07\/On-time-Delivery.svg\u00bb icon_placement=\u00bbleft\u00bb image_icon_width=\u00bb20px\u00bb _builder_version=\u00bb4.14.5&#8243; _module_preset=\u00bbdefault\u00bb body_font_size=\u00bb14px\u00bb body_line_height=\u00bb1.4em\u00bb width=\u00bb16%\u00bb width_tablet=\u00bb30%\u00bb width_phone=\u00bb100%\u00bb width_last_edited=\u00bbon|phone\u00bb custom_margin=\u00bb0px||10px||false|false\u00bb custom_padding=\u00bb||0px|0px|false|false\u00bb link_option_url=\u00bbhttps:\/\/vandapower.eu\/es\/por-que-vandapower\/#ontime\u00bb custom_css_main_element=\u00bbdisplay: inline-block;\u00bb image_max_width=\u00bb20px\u00bb global_colors_info=\u00bb{}\u00bb content__hover_enabled=\u00bboff|hover\u00bb content__hover=\u00bb<\/p>\n<p><span style=%22text-decoration: underline;%22><span class=%22red%22>Tijdige<\/span> levering<\/span><\/p>\n<p>\u00ab]Entrega <span class=\"red\">puntual<\/span>[\/et_pb_blurb][et_pb_blurb image=\u00bbhttps:\/\/vandapower.eu\/wp-content\/uploads\/\/2021\/07\/Independent-Technical-Advice.svg\u00bb icon_placement=\u00bbleft\u00bb image_icon_width=\u00bb18px\u00bb content_last_edited=\u00bboff|desktop\u00bb _builder_version=\u00bb4.14.5&#8243; _module_preset=\u00bbdefault\u00bb body_font_size=\u00bb14px\u00bb body_line_height=\u00bb2em\u00bb width=\u00bb25%\u00bb width_tablet=\u00bb39%\u00bb width_phone=\u00bb100%\u00bb width_last_edited=\u00bbon|phone\u00bb custom_margin=\u00bb||5px||false|false\u00bb custom_padding=\u00bb||0px|0px|false|false\u00bb link_option_url=\u00bbhttps:\/\/vandapower.eu\/es\/por-que-vandapower\/#independent\u00bb custom_css_main_element=\u00bbdisplay: inline-block;\u00bb image_max_width=\u00bb18px\u00bb global_colors_info=\u00bb{}\u00bb content__hover_enabled=\u00bboff|desktop\u00bb content__hover=\u00bb<\/p>\n<p><span style=%22text-decoration: underline;%22>Onafhankelijk <span class=%22red%22>technisch advies<\/span><\/span><\/p>\n<p>\u00ab]<\/p>\n<p>Asesoramiento <span class=\"red\">t\u00e9cnico independiente<\/span><\/p>\n<p>[\/et_pb_blurb][\/et_pb_column][\/et_pb_row][\/et_pb_section][et_pb_section fb_built=\u00bb1&#8243; _builder_version=\u00bb4.9.7&#8243; _module_preset=\u00bbdefault\u00bb custom_padding=\u00bb0px||0px||false|false\u00bb global_colors_info=\u00bb{}\u00bb da_is_popup=\u00bboff\u00bb da_exit_intent=\u00bboff\u00bb da_has_close=\u00bbon\u00bb da_alt_close=\u00bboff\u00bb da_dark_close=\u00bboff\u00bb da_not_modal=\u00bbon\u00bb da_is_singular=\u00bboff\u00bb da_with_loader=\u00bboff\u00bb da_has_shadow=\u00bbon\u00bb da_disable_devices=\u00bboff|off|off\u00bb][et_pb_row _builder_version=\u00bb4.9.7&#8243; _module_preset=\u00bbdefault\u00bb global_colors_info=\u00bb{}\u00bb][et_pb_column type=\u00bb4_4&#8243; _builder_version=\u00bb4.9.7&#8243; _module_preset=\u00bbdefault\u00bb global_colors_info=\u00bb{}\u00bb][et_pb_text _builder_version=\u00bb4.9.7&#8243; _module_preset=\u00bbdefault\u00bb global_colors_info=\u00bb{}\u00bb]<\/p>\n<h1>Asesoramiento t\u00e9cnico independiente<\/h1>\n<p>[\/et_pb_text][et_pb_text _builder_version=\u00bb4.9.7&#8243; _module_preset=\u00bbdefault\u00bb global_colors_info=\u00bb{}\u00bb]<\/p>\n<p><em>Su privacidad es de gran importancia para Vandapower BVBA. Nos gustar\u00eda informarle a trav\u00e9s de nuestra Pol\u00edtica de Privacidad sobre la forma en que tratamos la recopilaci\u00f3n de informaci\u00f3n sobre los usuarios de nuestro sitio web. Al utilizar el sitio web, usted acepta las siguientes condiciones.<\/em><\/p>\n<p><em><strong>\u00bfQu\u00e9 recogemos?<\/strong><span> <\/span>Puede visitar nuestro sitio web de forma an\u00f3nima y obtener m\u00e1s informaci\u00f3n sobre Vandapower BVBA de esta forma. Recogemos regularmente informaci\u00f3n sobre los usuarios de nuestro sitio web, como el tipo de navegador, la duraci\u00f3n de la visita, las p\u00e1ginas utilizadas, etc. No podemos identificarle con estos datos. Tambi\u00e9n recopilamos las direcciones IP, pero esta informaci\u00f3n generalmente no se puede relacionar directamente con su identidad. Su direcci\u00f3n IP s\u00f3lo ser\u00e1 rastreable hasta el nombre de su proveedor de acceso o la red de su empresa. S\u00f3lo recogemos sus datos personales si nos facilita voluntariamente su direcci\u00f3n de correo electr\u00f3nico, por ejemplo para recibir nuestro bolet\u00edn de noticias o para recibir m\u00e1s informaci\u00f3n.<\/em><\/p>\n<p><em><strong>\u00bfC\u00f3mo lo utilizamos?<\/strong><span> <\/span>Si nos proporciona su direcci\u00f3n de correo electr\u00f3nico u otros datos personales (indirectamente identificables), s\u00f3lo utilizaremos esta informaci\u00f3n para enviarle nuestro bolet\u00edn de noticias o para responder a sus preguntas. Si ha indicado que no desea seguir recibiendo el bolet\u00edn, su direcci\u00f3n de correo electr\u00f3nico se eliminar\u00e1 de nuestra base de datos. Si se produce una reorganizaci\u00f3n (de cualquier tipo) dentro de Vandapower BVBA, puede ser necesario que transfiramos sus datos personales a otra organizaci\u00f3n. Divulgaremos sus datos personales si consideramos razonablemente que estamos obligados a hacerlo en virtud de la legislaci\u00f3n o la normativa aplicable. Sin embargo, con la excepci\u00f3n de lo anterior, no proporcionaremos sus datos personales a terceros, para cualquier prop\u00f3sito, incluyendo pero no limitado a los fines de marketing directo.<\/em><\/p>\n<p><em><strong>Google Analytics.<\/strong><span> <\/span>Vandapower BVBA utiliza Google Analytics, un servicio de an\u00e1lisis web ofrecido por Google Inc. (\u00abGoogle\u00bb). Google Analytics utiliza cookies para ayudar a Vandapower BVBA a analizar el uso del sitio web. La informaci\u00f3n generada por la cookie (incluida su direcci\u00f3n IP) es transferida y almacenada por Google en servidores de Estados Unidos. Google utiliza esta informaci\u00f3n para hacer un seguimiento de c\u00f3mo se utiliza el sitio web de Vandapower BVBA, para preparar informes sobre las actividades del sitio web para Vandapower BVBA y para ofrecer otros servicios relacionados con la actividad del sitio web y el uso de Internet. Google puede proporcionar esta informaci\u00f3n a terceros si Google est\u00e1 legalmente obligado a hacerlo, o si estos terceros procesan la informaci\u00f3n en nombre de Google. Google no combinar\u00e1 su direcci\u00f3n IP con otros datos que tenga. Google y todas sus filiales, incluido Google Analytics, se adhieren a los principios de privacidad del Escudo de Privacidad del Departamento de Asuntos Econ\u00f3micos de EE.UU. y de la Comisi\u00f3n Europea y est\u00e1n afiliados a \u00e9l. Puede rechazar la colocaci\u00f3n de estas cookies configurando su navegador para que no reciba cookies durante el pr\u00f3ximo uso del sitio web. Puede encontrar m\u00e1s informaci\u00f3n sobre c\u00f3mo activar y desactivar las cookies en las instrucciones y\/o utilizando la funci\u00f3n de ayuda de su navegador.<\/em><\/p>\n<p><em><strong>Hiperv\u00ednculos.<\/strong><span> <\/span>Para su comodidad, hemos incluido en nuestro sitio web hiperv\u00ednculos a sitios web de terceros, incluidos los sitios web de una serie de proveedores de Vandapower BVBA. Nos gustar\u00eda llamar su atenci\u00f3n sobre el hecho de que si usted visita estos sitios web, la pol\u00edtica de privacidad de estos terceros, y no la de Vandapower BVBA, es aplicable a las actividades que usted realiza en estos sitios web y a la informaci\u00f3n que publica en ellos.<\/em><\/p>\n<p><em><strong>La seguridad.<\/strong><span> <\/span>Dado que el suministro en l\u00ednea de sus datos personales a Vandapower BVBA es puramente voluntario y estos datos no son especialmente sensibles, no tomamos ninguna medida de seguridad. No utilizamos m\u00e9todos especiales de encriptaci\u00f3n. Para m\u00e1s informaci\u00f3n sobre la comunicaci\u00f3n con Vandapower BVBA y el uso del sitio web, consulte nuestro Aviso Legal.<\/em><\/p>\n<p><em><strong>Enmiendas.<\/strong><span> <\/span>Vandapower BVBA se reserva el derecho de modificar esta pol\u00edtica de privacidad. Estos cambios se anunciar\u00e1n en este sitio web. Si sigue utilizando el sitio web despu\u00e9s del ajuste, se aplicar\u00e1 la pol\u00edtica de privacidad adaptada a este uso.<\/em><\/p>\n<p><em><strong>Preguntas y actualizaciones.<\/strong><span> <\/span>Si tiene alguna pregunta o sugerencia sobre la privacidad o si desea modificar los datos personales que nos ha proporcionado, puede ponerse en contacto con nosotros a trav\u00e9s de nuestra p\u00e1gina de contacto.<\/em><\/p>\n<p>[\/et_pb_text][\/et_pb_column][\/et_pb_row][\/et_pb_section]<\/p>\n","protected":false},"excerpt":{"rendered":"<p>One-stop shopEntrega puntualAsesoramiento t\u00e9cnico independienteAsesoramiento t\u00e9cnico independienteSu privacidad es de gran importancia para Vandapower BVBA. Nos gustar\u00eda informarle a trav\u00e9s de nuestra Pol\u00edtica de Privacidad sobre la forma en que tratamos la recopilaci\u00f3n de informaci\u00f3n sobre los usuarios de nuestro sitio web. Al utilizar el sitio web, usted acepta las siguientes condiciones. \u00bfQu\u00e9 recogemos? Puede [&hellip;]<\/p>\n","protected":false},"author":1,"featured_media":0,"parent":0,"menu_order":0,"comment_status":"closed","ping_status":"closed","template":"","meta":{"_et_pb_use_builder":"on","_et_pb_old_content":"","_et_gb_content_width":"","om_disable_all_campaigns":false,"inline_featured_image":false,"_monsterinsights_skip_tracking":false,"_monsterinsights_sitenote_active":false,"_monsterinsights_sitenote_note":"","_monsterinsights_sitenote_category":0,"_uf_show_specific_survey":0,"_uf_disable_surveys":false,"footnotes":""},"class_list":["post-5223","page","type-page","status-publish","hentry"],"yoast_head":"<!-- This site is optimized with the Yoast SEO plugin v27.3 - https:\/\/yoast.com\/product\/yoast-seo-wordpress\/ -->\n<title>Privacidad - Vandapower | Components and Cable Assemblies for Industrial Batteries<\/title>\n<meta name=\"robots\" content=\"index, follow, max-snippet:-1, max-image-preview:large, max-video-preview:-1\" \/>\n<link rel=\"canonical\" href=\"https:\/\/vandapower.com\/es\/privacidad\/\" \/>\n<meta property=\"og:locale\" content=\"es_ES\" \/>\n<meta property=\"og:type\" content=\"article\" \/>\n<meta property=\"og:title\" content=\"Privacidad - Vandapower | Components and Cable Assemblies for Industrial Batteries\" \/>\n<meta property=\"og:description\" content=\"One-stop shopEntrega puntualAsesoramiento t\u00e9cnico independienteAsesoramiento t\u00e9cnico independienteSu privacidad es de gran importancia para Vandapower BVBA. Nos gustar\u00eda informarle a trav\u00e9s de nuestra Pol\u00edtica de Privacidad sobre la forma en que tratamos la recopilaci\u00f3n de informaci\u00f3n sobre los usuarios de nuestro sitio web. Al utilizar el sitio web, usted acepta las siguientes condiciones. \u00bfQu\u00e9 recogemos? Puede [&hellip;]\" \/>\n<meta property=\"og:url\" content=\"https:\/\/vandapower.com\/es\/privacidad\/\" \/>\n<meta property=\"og:site_name\" content=\"Vandapower | Components and Cable Assemblies for Industrial Batteries\" \/>\n<meta property=\"article:modified_time\" content=\"2022-05-27T08:09:49+00:00\" \/>\n<meta name=\"twitter:card\" content=\"summary_large_image\" \/>\n<meta name=\"twitter:label1\" content=\"Tiempo de lectura\" \/>\n\t<meta name=\"twitter:data1\" content=\"6 minutos\" \/>\n<script type=\"application\/ld+json\" class=\"yoast-schema-graph\">{\"@context\":\"https:\\\/\\\/schema.org\",\"@graph\":[{\"@type\":\"WebPage\",\"@id\":\"https:\\\/\\\/vandapower.com\\\/es\\\/privacidad\\\/\",\"url\":\"https:\\\/\\\/vandapower.com\\\/es\\\/privacidad\\\/\",\"name\":\"Privacidad - Vandapower | Components and Cable Assemblies for Industrial Batteries\",\"isPartOf\":{\"@id\":\"https:\\\/\\\/vandapower.com\\\/be-nl\\\/#website\"},\"datePublished\":\"2021-10-22T07:12:54+00:00\",\"dateModified\":\"2022-05-27T08:09:49+00:00\",\"breadcrumb\":{\"@id\":\"https:\\\/\\\/vandapower.com\\\/es\\\/privacidad\\\/#breadcrumb\"},\"inLanguage\":\"es\",\"potentialAction\":[{\"@type\":\"ReadAction\",\"target\":[\"https:\\\/\\\/vandapower.com\\\/es\\\/privacidad\\\/\"]}]},{\"@type\":\"BreadcrumbList\",\"@id\":\"https:\\\/\\\/vandapower.com\\\/es\\\/privacidad\\\/#breadcrumb\",\"itemListElement\":[{\"@type\":\"ListItem\",\"position\":1,\"name\":\"Home\",\"item\":\"https:\\\/\\\/vandapower.com\\\/es\\\/home\\\/\"},{\"@type\":\"ListItem\",\"position\":2,\"name\":\"Privacidad\"}]},{\"@type\":\"WebSite\",\"@id\":\"https:\\\/\\\/vandapower.com\\\/be-nl\\\/#website\",\"url\":\"https:\\\/\\\/vandapower.com\\\/be-nl\\\/\",\"name\":\"Vandapower | Components and Cable Assemblies for Industrial Batteries\",\"description\":\"Through our product knowledge, our buffer stock and our flexible organization, we can deliver your components for industrial batteries quickly and customized to your needs\",\"publisher\":{\"@id\":\"https:\\\/\\\/vandapower.com\\\/be-nl\\\/#organization\"},\"potentialAction\":[{\"@type\":\"SearchAction\",\"target\":{\"@type\":\"EntryPoint\",\"urlTemplate\":\"https:\\\/\\\/vandapower.com\\\/be-nl\\\/?s={search_term_string}\"},\"query-input\":{\"@type\":\"PropertyValueSpecification\",\"valueRequired\":true,\"valueName\":\"search_term_string\"}}],\"inLanguage\":\"es\"},{\"@type\":\"Organization\",\"@id\":\"https:\\\/\\\/vandapower.com\\\/be-nl\\\/#organization\",\"name\":\"Vandapower\",\"url\":\"https:\\\/\\\/vandapower.com\\\/be-nl\\\/\",\"logo\":{\"@type\":\"ImageObject\",\"inLanguage\":\"es\",\"@id\":\"https:\\\/\\\/vandapower.com\\\/be-nl\\\/#\\\/schema\\\/logo\\\/image\\\/\",\"url\":\"https:\\\/\\\/vandapower.eu\\\/wp-content\\\/uploads\\\/2021\\\/07\\\/logo-Vandapower-tagline.svg\",\"contentUrl\":\"https:\\\/\\\/vandapower.eu\\\/wp-content\\\/uploads\\\/2021\\\/07\\\/logo-Vandapower-tagline.svg\",\"width\":1321,\"height\":1088,\"caption\":\"Vandapower\"},\"image\":{\"@id\":\"https:\\\/\\\/vandapower.com\\\/be-nl\\\/#\\\/schema\\\/logo\\\/image\\\/\"}}]}<\/script>\n<!-- \/ Yoast SEO plugin. -->","yoast_head_json":{"title":"Privacidad - Vandapower | Components and Cable Assemblies for Industrial Batteries","robots":{"index":"index","follow":"follow","max-snippet":"max-snippet:-1","max-image-preview":"max-image-preview:large","max-video-preview":"max-video-preview:-1"},"canonical":"https:\/\/vandapower.com\/es\/privacidad\/","og_locale":"es_ES","og_type":"article","og_title":"Privacidad - Vandapower | Components and Cable Assemblies for Industrial Batteries","og_description":"One-stop shopEntrega puntualAsesoramiento t\u00e9cnico independienteAsesoramiento t\u00e9cnico independienteSu privacidad es de gran importancia para Vandapower BVBA. Nos gustar\u00eda informarle a trav\u00e9s de nuestra Pol\u00edtica de Privacidad sobre la forma en que tratamos la recopilaci\u00f3n de informaci\u00f3n sobre los usuarios de nuestro sitio web. Al utilizar el sitio web, usted acepta las siguientes condiciones. \u00bfQu\u00e9 recogemos? Puede [&hellip;]","og_url":"https:\/\/vandapower.com\/es\/privacidad\/","og_site_name":"Vandapower | Components and Cable Assemblies for Industrial Batteries","article_modified_time":"2022-05-27T08:09:49+00:00","twitter_card":"summary_large_image","twitter_misc":{"Tiempo de lectura":"6 minutos"},"schema":{"@context":"https:\/\/schema.org","@graph":[{"@type":"WebPage","@id":"https:\/\/vandapower.com\/es\/privacidad\/","url":"https:\/\/vandapower.com\/es\/privacidad\/","name":"Privacidad - Vandapower | Components and Cable Assemblies for Industrial Batteries","isPartOf":{"@id":"https:\/\/vandapower.com\/be-nl\/#website"},"datePublished":"2021-10-22T07:12:54+00:00","dateModified":"2022-05-27T08:09:49+00:00","breadcrumb":{"@id":"https:\/\/vandapower.com\/es\/privacidad\/#breadcrumb"},"inLanguage":"es","potentialAction":[{"@type":"ReadAction","target":["https:\/\/vandapower.com\/es\/privacidad\/"]}]},{"@type":"BreadcrumbList","@id":"https:\/\/vandapower.com\/es\/privacidad\/#breadcrumb","itemListElement":[{"@type":"ListItem","position":1,"name":"Home","item":"https:\/\/vandapower.com\/es\/home\/"},{"@type":"ListItem","position":2,"name":"Privacidad"}]},{"@type":"WebSite","@id":"https:\/\/vandapower.com\/be-nl\/#website","url":"https:\/\/vandapower.com\/be-nl\/","name":"Vandapower | Components and Cable Assemblies for Industrial Batteries","description":"Through our product knowledge, our buffer stock and our flexible organization, we can deliver your components for industrial batteries quickly and customized to your needs","publisher":{"@id":"https:\/\/vandapower.com\/be-nl\/#organization"},"potentialAction":[{"@type":"SearchAction","target":{"@type":"EntryPoint","urlTemplate":"https:\/\/vandapower.com\/be-nl\/?s={search_term_string}"},"query-input":{"@type":"PropertyValueSpecification","valueRequired":true,"valueName":"search_term_string"}}],"inLanguage":"es"},{"@type":"Organization","@id":"https:\/\/vandapower.com\/be-nl\/#organization","name":"Vandapower","url":"https:\/\/vandapower.com\/be-nl\/","logo":{"@type":"ImageObject","inLanguage":"es","@id":"https:\/\/vandapower.com\/be-nl\/#\/schema\/logo\/image\/","url":"https:\/\/vandapower.eu\/wp-content\/uploads\/2021\/07\/logo-Vandapower-tagline.svg","contentUrl":"https:\/\/vandapower.eu\/wp-content\/uploads\/2021\/07\/logo-Vandapower-tagline.svg","width":1321,"height":1088,"caption":"Vandapower"},"image":{"@id":"https:\/\/vandapower.com\/be-nl\/#\/schema\/logo\/image\/"}}]}},"_links":{"self":[{"href":"https:\/\/vandapower.com\/es\/wp-json\/wp\/v2\/pages\/5223","targetHints":{"allow":["GET"]}}],"collection":[{"href":"https:\/\/vandapower.com\/es\/wp-json\/wp\/v2\/pages"}],"about":[{"href":"https:\/\/vandapower.com\/es\/wp-json\/wp\/v2\/types\/page"}],"author":[{"embeddable":true,"href":"https:\/\/vandapower.com\/es\/wp-json\/wp\/v2\/users\/1"}],"replies":[{"embeddable":true,"href":"https:\/\/vandapower.com\/es\/wp-json\/wp\/v2\/comments?post=5223"}],"version-history":[{"count":5,"href":"https:\/\/vandapower.com\/es\/wp-json\/wp\/v2\/pages\/5223\/revisions"}],"predecessor-version":[{"id":15486,"href":"https:\/\/vandapower.com\/es\/wp-json\/wp\/v2\/pages\/5223\/revisions\/15486"}],"wp:attachment":[{"href":"https:\/\/vandapower.com\/es\/wp-json\/wp\/v2\/media?parent=5223"}],"curies":[{"name":"wp","href":"https:\/\/api.w.org\/{rel}","templated":true}]}}