{"id":7288,"date":"2021-12-02T21:47:09","date_gmt":"2021-12-02T21:47:09","guid":{"rendered":"https:\/\/vandapower.eu\/abertax-e%c2%b2bms\/"},"modified":"2022-05-03T14:59:06","modified_gmt":"2022-05-03T14:59:06","slug":"abertax-e%c2%b2bms","status":"publish","type":"page","link":"https:\/\/vandapower.com\/de\/batteriekomponenten\/managementsysteme\/abertax-e%c2%b2bms\/","title":{"rendered":"ABERTAX e\u00b2BMS"},"content":{"rendered":"<p>[et_pb_section fb_built=&#8220;1&#8243; _builder_version=&#8220;4.9.7&#8243; _module_preset=&#8220;default&#8220; custom_padding=&#8220;0px||0px||true|false&#8220; global_colors_info=&#8220;{}&#8220; da_is_popup=&#8220;off&#8220; da_exit_intent=&#8220;off&#8220; da_has_close=&#8220;on&#8220; da_alt_close=&#8220;off&#8220; da_dark_close=&#8220;off&#8220; da_not_modal=&#8220;on&#8220; da_is_singular=&#8220;off&#8220; da_with_loader=&#8220;off&#8220; da_has_shadow=&#8220;on&#8220; da_disable_devices=&#8220;off|off|off&#8220;][et_pb_row module_class=&#8220;usp-header&#8220; _builder_version=&#8220;4.14.5&#8243; _module_preset=&#8220;default&#8220; width=&#8220;85%&#8220; custom_padding=&#8220;||0px||false|false&#8220; global_module=&#8220;2256&#8243; saved_tabs=&#8220;all&#8220; global_colors_info=&#8220;{}&#8220;][et_pb_column type=&#8220;4_4&#8243; _builder_version=&#8220;4.9.7&#8243; _module_preset=&#8220;default&#8220; global_colors_info=&#8220;{}&#8220;][et_pb_blurb image=&#8220;https:\/\/vandapower.eu\/wp-content\/uploads\/\/2021\/07\/One-stop-Shop.svg&#8220; icon_placement=&#8220;left&#8220; image_icon_width=&#8220;20px&#8220; _builder_version=&#8220;4.14.5&#8243; _module_preset=&#8220;default&#8220; body_font_size=&#8220;14px&#8220; body_line_height=&#8220;1.4em&#8220; width=&#8220;13%&#8220; width_tablet=&#8220;30%&#8220; width_phone=&#8220;100%&#8220; width_last_edited=&#8220;on|phone&#8220; custom_margin=&#8220;0px||10px||false|false&#8220; custom_padding=&#8220;||0px|0px|false|false&#8220; link_option_url=&#8220;https:\/\/vandapower.eu\/de\/warum-vandapower\/#onestop&#8220; custom_css_main_element=&#8220;display: inline-block;||&#8220; image_max_width=&#8220;20px&#8220; global_colors_info=&#8220;{}&#8220; content__hover_enabled=&#8220;off|hover&#8220; content__hover=&#8220;<\/p>\n<p><span style=%22text-decoration: underline;%22><span class=%22red%22>One-stop<\/span> shop<\/span><\/p>\n<p>&#8222;]<\/p>\n<p><span class=\"red\">One-stop<\/span> shop<\/p>\n<p>[\/et_pb_blurb][et_pb_blurb image=&#8220;https:\/\/vandapower.eu\/wp-content\/uploads\/\/2021\/07\/On-time-Delivery.svg&#8220; icon_placement=&#8220;left&#8220; image_icon_width=&#8220;20px&#8220; _builder_version=&#8220;4.14.5&#8243; _module_preset=&#8220;default&#8220; body_font_size=&#8220;14px&#8220; body_line_height=&#8220;1.4em&#8220; width=&#8220;16%&#8220; width_tablet=&#8220;30%&#8220; width_phone=&#8220;100%&#8220; width_last_edited=&#8220;on|phone&#8220; custom_margin=&#8220;0px||10px||false|false&#8220; custom_padding=&#8220;||0px|0px|false|false&#8220; link_option_url=&#8220;https:\/\/vandapower.eu\/de\/warum-vandapower\/#ontime&#8220; custom_css_main_element=&#8220;display: inline-block;&#8220; image_max_width=&#8220;20px&#8220; global_colors_info=&#8220;{}&#8220; content__hover_enabled=&#8220;off|hover&#8220; content__hover=&#8220;<\/p>\n<p><span style=%22text-decoration: underline;%22><span class=%22red%22>Tijdige<\/span> levering<\/span><\/p>\n<p>&#8222;]<span class=\"red\">P\u00fcnktliche<\/span> Lieferung[\/et_pb_blurb][et_pb_blurb image=&#8220;https:\/\/vandapower.eu\/wp-content\/uploads\/\/2021\/07\/Independent-Technical-Advice.svg&#8220; icon_placement=&#8220;left&#8220; image_icon_width=&#8220;18px&#8220; content_last_edited=&#8220;off|desktop&#8220; _builder_version=&#8220;4.14.5&#8243; _module_preset=&#8220;default&#8220; body_font_size=&#8220;14px&#8220; body_line_height=&#8220;2em&#8220; width=&#8220;25%&#8220; width_tablet=&#8220;39%&#8220; width_phone=&#8220;100%&#8220; width_last_edited=&#8220;on|phone&#8220; custom_margin=&#8220;||5px||false|false&#8220; custom_padding=&#8220;||0px|0px|false|false&#8220; link_option_url=&#8220;https:\/\/vandapower.eu\/de\/warum-vandapower\/#independent&#8220; custom_css_main_element=&#8220;display: inline-block;&#8220; image_max_width=&#8220;18px&#8220; global_colors_info=&#8220;{}&#8220; content__hover_enabled=&#8220;off|desktop&#8220; content__hover=&#8220;<\/p>\n<p><span style=%22text-decoration: underline;%22>Onafhankelijk <span class=%22red%22>technisch advies<\/span><\/span><\/p>\n<p>&#8222;]<\/p>\n<p>Unabh\u00e4ngige <span class=\"red\">technische Beratung<\/span><\/p>\n<p>[\/et_pb_blurb][\/et_pb_column][\/et_pb_row][\/et_pb_section][et_pb_section fb_built=&#8220;1&#8243; _builder_version=&#8220;4.9.7&#8243; _module_preset=&#8220;default&#8220; custom_padding=&#8220;0px||0px||false|false&#8220; global_colors_info=&#8220;{}&#8220; da_is_popup=&#8220;off&#8220; da_exit_intent=&#8220;off&#8220; da_has_close=&#8220;on&#8220; da_alt_close=&#8220;off&#8220; da_dark_close=&#8220;off&#8220; da_not_modal=&#8220;on&#8220; da_is_singular=&#8220;off&#8220; da_with_loader=&#8220;off&#8220; da_has_shadow=&#8220;on&#8220; da_disable_devices=&#8220;off|off|off&#8220;][et_pb_row column_structure=&#8220;2_3,1_3&#8243; _builder_version=&#8220;4.9.7&#8243; _module_preset=&#8220;default&#8220; global_colors_info=&#8220;{}&#8220;][et_pb_column type=&#8220;2_3&#8243; _builder_version=&#8220;4.9.7&#8243; _module_preset=&#8220;default&#8220; global_colors_info=&#8220;{}&#8220;][et_pb_text _builder_version=&#8220;4.9.7&#8243; _module_preset=&#8220;default&#8220; global_colors_info=&#8220;{}&#8220;]<\/p>\n<h1 class=\"red\">ABERTAX e\u00b2BMS<\/h1>\n<p>[\/et_pb_text][et_pb_text _builder_version=&#8220;4.9.7&#8243; _module_preset=&#8220;default&#8220; custom_margin=&#8220;||40px||false|false&#8220; global_colors_info=&#8220;{}&#8220;]<\/p>\n<p>e\u00b2 BMS ist eines der Batteriemanagementsysteme von Abertax Technologies in unserem Sortiment. Es liefert Ihnen Informationen \u00fcber den Zustand aller Ihrer Batterien, wie Spannung, S\u00e4urestand, Temperatur usw. Es zeigt Ihnen nicht nur den aktuellen Status, sondern speichert auch Daten aus der Vergangenheit. Dies erleichtert die \u00dcberwachung Ihrer Batterien.<\/p>\n<p>Das BMS kann von jedem, der sich mit Batterien auskennt, leicht installiert werden. Durch den kabellosen Betrieb ist es nicht notwendig, jemanden an den Arbeitsplatz zu schicken. Alles, was Sie brauchen, ist ein Webbrowser.<\/p>\n<p>Dieses BMS verf\u00fcgt \u00fcber ein eigenes Webportal, so dass Sie nicht mehr jede Batterie manuell \u00fcberpr\u00fcfen m\u00fcssen. Es zeigt Ihnen den Status jeder einzelnen Batterie an und gibt an, welche Batterien einen Alarm ausgel\u00f6st haben. Dar\u00fcber hinaus k\u00f6nnen Sie Daten in Diagrammen anzeigen, Berichte erstellen und Alarmbenachrichtigungen per E-Mail erhalten.<\/p>\n<p><a href=\"\/wp-content\/uploads\/2021\/07\/Abertax-e%C2%B2BMS-product-sheet-V1512.pdf\" class=\"mtli_attachment mtli_pdf\" target=\"_blank\" rel=\"noopener\">Klicken Sie hier<\/a><span> <\/span>f\u00fcr weitere Informationen \u00fcber das e\u00b2BMS von Abertax oder die Bestellcodes. Z\u00f6gern Sie nicht uns zu kontaktieren<span> <\/span><a href=\"https:\/\/vandapower.eu\/de\/kontakt\/\" target=\"_blank\" rel=\"noopener\"><span>Kontaktieren<\/span><\/a>Sie uns, wenn Sie Fragen haben. Wir helfen Ihnen gerne, das richtige BMS f\u00fcr Ihre spezifische Installation zu finden. Sind Sie auch auf der Suche nach anderen Komponenten? Als One-Stop-Shop kann Vandapower Ihnen fast alles liefern, was Sie f\u00fcr Ihre Batterien ben\u00f6tigen.<\/p>\n<p>[\/et_pb_text][\/et_pb_column][et_pb_column type=&#8220;1_3&#8243; _builder_version=&#8220;4.9.7&#8243; _module_preset=&#8220;default&#8220; global_colors_info=&#8220;{}&#8220;][et_pb_image src=&#8220;https:\/\/vandapower.eu\/wp-content\/uploads\/2021\/07\/e2BMS.jpg&#8220; title_text=&#8220;e2BMS&#8220; _builder_version=&#8220;4.9.7&#8243; _module_preset=&#8220;default&#8220; global_colors_info=&#8220;{}&#8220;][\/et_pb_image][\/et_pb_column][\/et_pb_row][et_pb_row column_structure=&#8220;1_2,1_2&#8243; make_equal=&#8220;on&#8220; _builder_version=&#8220;4.9.7&#8243; _module_preset=&#8220;default&#8220; custom_margin=&#8220;50px||50px||false|false&#8220; custom_padding=&#8220;||||false|false&#8220; global_colors_info=&#8220;{}&#8220;][et_pb_column type=&#8220;1_2&#8243; _builder_version=&#8220;4.9.7&#8243; _module_preset=&#8220;default&#8220; custom_padding=&#8220;20px|20px|20px|20px|true|true&#8220; border_width_all=&#8220;1px&#8220; border_color_all=&#8220;#e9e7e7&#8243; box_shadow_style=&#8220;preset4&#8243; box_shadow_horizontal=&#8220;4px&#8220; box_shadow_vertical=&#8220;4px&#8220; box_shadow_blur=&#8220;2px&#8220; box_shadow_color=&#8220;rgba(50,50,50,0.2)&#8220; global_colors_info=&#8220;{}&#8220;][et_pb_text module_class=&#8220;info-block&#8220; _builder_version=&#8220;4.9.7&#8243; _module_preset=&#8220;default&#8220; positioning=&#8220;relative&#8220; custom_margin=&#8220;||30px||false|false&#8220; border_color_all=&#8220;#e9e7e7&#8243; global_module=&#8220;3223&#8243; saved_tabs=&#8220;all&#8220; global_colors_info=&#8220;{}&#8220;]<\/p>\n<h2>Weitere Informationen zu diesem Produkt?<\/h2>\n<p><span>Wir halten f\u00fcr verschiedene unserer Produkte eine Menge auf Lager und damit helfen wir Ihnen bei einem m\u00f6glichen Defizit gerne weiter. Bitte z\u00f6gern Sie nicht, uns dar\u00fcber zu kontaktieren. In diese Weise k\u00f6nnen wir Ihnen weiterhelfen.<\/span><\/p>\n<p>[\/et_pb_text][et_pb_button button_url=&#8220;@ET-DC@eyJkeW5hbWljIjp0cnVlLCJjb250ZW50IjoicG9zdF9saW5rX3VybF9wYWdlIiwic2V0dGluZ3MiOnsicG9zdF9pZCI6IjczIn19@&#8220; button_text=&#8220;Kontaktieren Sie uns&#8220; _builder_version=&#8220;4.9.7&#8243; _dynamic_attributes=&#8220;button_url&#8220; _module_preset=&#8220;default&#8220; global_colors_info=&#8220;{}&#8220;][\/et_pb_button][\/et_pb_column][et_pb_column type=&#8220;1_2&#8243; _builder_version=&#8220;4.9.7&#8243; _module_preset=&#8220;default&#8220; custom_padding=&#8220;20px|20px|20px|20px|true|true&#8220; border_width_all=&#8220;1px&#8220; border_color_all=&#8220;#e9e7e7&#8243; box_shadow_style=&#8220;preset4&#8243; box_shadow_horizontal=&#8220;4px&#8220; box_shadow_vertical=&#8220;4px&#8220; box_shadow_blur=&#8220;2px&#8220; box_shadow_color=&#8220;rgba(50,50,50,0.2)&#8220; global_colors_info=&#8220;{}&#8220;][et_pb_text module_class=&#8220;info-block&#8220; _builder_version=&#8220;4.9.7&#8243; _module_preset=&#8220;default&#8220; positioning=&#8220;relative&#8220; custom_margin=&#8220;||0px||false|false&#8220; custom_padding=&#8220;||0px|||&#8220; border_color_all=&#8220;#e9e7e7&#8243; global_colors_info=&#8220;{}&#8220;]<\/p>\n<h2>Dateianh\u00e4nge<\/h2>\n<p>&nbsp;<\/p>\n<p>[\/et_pb_text][et_pb_text _builder_version=&#8220;4.9.7&#8243; _module_preset=&#8220;default&#8220; global_colors_info=&#8220;{}&#8220;]<a href=\"\/wp-content\/uploads\/2021\/07\/Abertax-e%C2%B2BMS-product-sheet-V1512.pdf\" class=\"mtli_attachment mtli_pdf\" target=\"_blank\" rel=\"attachment wp-att-3234 noopener\">Abertax e\u00b2BMS &#8211; Produktblatt V1512<\/a>[\/et_pb_text][\/et_pb_column][\/et_pb_row][\/et_pb_section]<\/p>\n","protected":false},"excerpt":{"rendered":"<p>One-stop shopP\u00fcnktliche LieferungUnabh\u00e4ngige technische BeratungABERTAX e\u00b2BMSe\u00b2 BMS ist eines der Batteriemanagementsysteme von Abertax Technologies in unserem Sortiment. Es liefert Ihnen Informationen \u00fcber den Zustand aller Ihrer Batterien, wie Spannung, S\u00e4urestand, Temperatur usw. Es zeigt Ihnen nicht nur den aktuellen Status, sondern speichert auch Daten aus der Vergangenheit. Dies erleichtert die \u00dcberwachung Ihrer Batterien. Das BMS [&hellip;]<\/p>\n","protected":false},"author":1,"featured_media":0,"parent":7539,"menu_order":0,"comment_status":"closed","ping_status":"closed","template":"","meta":{"_et_pb_use_builder":"on","_et_pb_old_content":"","_et_gb_content_width":"","om_disable_all_campaigns":false,"inline_featured_image":false,"_monsterinsights_skip_tracking":false,"_monsterinsights_sitenote_active":false,"_monsterinsights_sitenote_note":"","_monsterinsights_sitenote_category":0,"_uf_show_specific_survey":0,"_uf_disable_surveys":false,"footnotes":""},"class_list":["post-7288","page","type-page","status-publish","hentry"],"yoast_head":"<!-- This site is optimized with the Yoast SEO plugin v27.3 - https:\/\/yoast.com\/product\/yoast-seo-wordpress\/ -->\n<title>ABERTAX e\u00b2BMS - Vandapower | Components and Cable Assemblies for Industrial Batteries<\/title>\n<meta name=\"robots\" content=\"index, follow, max-snippet:-1, max-image-preview:large, max-video-preview:-1\" \/>\n<link rel=\"canonical\" href=\"https:\/\/vandapower.com\/de\/batteriekomponenten\/managementsysteme\/abertax-e\u00b2bms\/\" \/>\n<meta property=\"og:locale\" content=\"de_DE\" \/>\n<meta property=\"og:type\" content=\"article\" \/>\n<meta property=\"og:title\" content=\"ABERTAX e\u00b2BMS - Vandapower | Components and Cable Assemblies for Industrial Batteries\" \/>\n<meta property=\"og:description\" content=\"One-stop shopP\u00fcnktliche LieferungUnabh\u00e4ngige technische BeratungABERTAX e\u00b2BMSe\u00b2 BMS ist eines der Batteriemanagementsysteme von Abertax Technologies in unserem Sortiment. Es liefert Ihnen Informationen \u00fcber den Zustand aller Ihrer Batterien, wie Spannung, S\u00e4urestand, Temperatur usw. Es zeigt Ihnen nicht nur den aktuellen Status, sondern speichert auch Daten aus der Vergangenheit. Dies erleichtert die \u00dcberwachung Ihrer Batterien. Das BMS [&hellip;]\" \/>\n<meta property=\"og:url\" content=\"https:\/\/vandapower.com\/de\/batteriekomponenten\/managementsysteme\/abertax-e\u00b2bms\/\" \/>\n<meta property=\"og:site_name\" content=\"Vandapower | Components and Cable Assemblies for Industrial Batteries\" \/>\n<meta property=\"article:modified_time\" content=\"2022-05-03T14:59:06+00:00\" \/>\n<meta name=\"twitter:card\" content=\"summary_large_image\" \/>\n<meta name=\"twitter:label1\" content=\"Gesch\u00e4tzte Lesezeit\" \/>\n\t<meta name=\"twitter:data1\" content=\"5\u00a0Minuten\" \/>\n<script type=\"application\/ld+json\" class=\"yoast-schema-graph\">{\"@context\":\"https:\\\/\\\/schema.org\",\"@graph\":[{\"@type\":\"WebPage\",\"@id\":\"https:\\\/\\\/vandapower.com\\\/de\\\/batteriekomponenten\\\/managementsysteme\\\/abertax-e%c2%b2bms\\\/\",\"url\":\"https:\\\/\\\/vandapower.com\\\/de\\\/batteriekomponenten\\\/managementsysteme\\\/abertax-e%c2%b2bms\\\/\",\"name\":\"ABERTAX e\u00b2BMS - Vandapower | Components and Cable Assemblies for Industrial Batteries\",\"isPartOf\":{\"@id\":\"https:\\\/\\\/vandapower.com\\\/be-nl\\\/#website\"},\"datePublished\":\"2021-12-02T21:47:09+00:00\",\"dateModified\":\"2022-05-03T14:59:06+00:00\",\"breadcrumb\":{\"@id\":\"https:\\\/\\\/vandapower.com\\\/de\\\/batteriekomponenten\\\/managementsysteme\\\/abertax-e%c2%b2bms\\\/#breadcrumb\"},\"inLanguage\":\"de\",\"potentialAction\":[{\"@type\":\"ReadAction\",\"target\":[\"https:\\\/\\\/vandapower.com\\\/de\\\/batteriekomponenten\\\/managementsysteme\\\/abertax-e%c2%b2bms\\\/\"]}]},{\"@type\":\"BreadcrumbList\",\"@id\":\"https:\\\/\\\/vandapower.com\\\/de\\\/batteriekomponenten\\\/managementsysteme\\\/abertax-e%c2%b2bms\\\/#breadcrumb\",\"itemListElement\":[{\"@type\":\"ListItem\",\"position\":1,\"name\":\"Home\",\"item\":\"https:\\\/\\\/vandapower.com\\\/de\\\/\"},{\"@type\":\"ListItem\",\"position\":2,\"name\":\"Produkte\",\"item\":\"https:\\\/\\\/vandapower.com\\\/de\\\/batteriekomponenten\\\/\"},{\"@type\":\"ListItem\",\"position\":3,\"name\":\"Managementsysteme\",\"item\":\"https:\\\/\\\/vandapower.com\\\/de\\\/batteriekomponenten\\\/managementsysteme\\\/\"},{\"@type\":\"ListItem\",\"position\":4,\"name\":\"ABERTAX e\u00b2BMS\"}]},{\"@type\":\"WebSite\",\"@id\":\"https:\\\/\\\/vandapower.com\\\/be-nl\\\/#website\",\"url\":\"https:\\\/\\\/vandapower.com\\\/be-nl\\\/\",\"name\":\"Vandapower | Components and Cable Assemblies for Industrial Batteries\",\"description\":\"Through our product knowledge, our buffer stock and our flexible organization, we can deliver your components for industrial batteries quickly and customized to your needs\",\"publisher\":{\"@id\":\"https:\\\/\\\/vandapower.com\\\/be-nl\\\/#organization\"},\"potentialAction\":[{\"@type\":\"SearchAction\",\"target\":{\"@type\":\"EntryPoint\",\"urlTemplate\":\"https:\\\/\\\/vandapower.com\\\/be-nl\\\/?s={search_term_string}\"},\"query-input\":{\"@type\":\"PropertyValueSpecification\",\"valueRequired\":true,\"valueName\":\"search_term_string\"}}],\"inLanguage\":\"de\"},{\"@type\":\"Organization\",\"@id\":\"https:\\\/\\\/vandapower.com\\\/be-nl\\\/#organization\",\"name\":\"Vandapower\",\"url\":\"https:\\\/\\\/vandapower.com\\\/be-nl\\\/\",\"logo\":{\"@type\":\"ImageObject\",\"inLanguage\":\"de\",\"@id\":\"https:\\\/\\\/vandapower.com\\\/be-nl\\\/#\\\/schema\\\/logo\\\/image\\\/\",\"url\":\"https:\\\/\\\/vandapower.eu\\\/wp-content\\\/uploads\\\/2021\\\/07\\\/logo-Vandapower-tagline.svg\",\"contentUrl\":\"https:\\\/\\\/vandapower.eu\\\/wp-content\\\/uploads\\\/2021\\\/07\\\/logo-Vandapower-tagline.svg\",\"width\":1321,\"height\":1088,\"caption\":\"Vandapower\"},\"image\":{\"@id\":\"https:\\\/\\\/vandapower.com\\\/be-nl\\\/#\\\/schema\\\/logo\\\/image\\\/\"}}]}<\/script>\n<!-- \/ Yoast SEO plugin. -->","yoast_head_json":{"title":"ABERTAX e\u00b2BMS - Vandapower | Components and Cable Assemblies for Industrial Batteries","robots":{"index":"index","follow":"follow","max-snippet":"max-snippet:-1","max-image-preview":"max-image-preview:large","max-video-preview":"max-video-preview:-1"},"canonical":"https:\/\/vandapower.com\/de\/batteriekomponenten\/managementsysteme\/abertax-e\u00b2bms\/","og_locale":"de_DE","og_type":"article","og_title":"ABERTAX e\u00b2BMS - Vandapower | Components and Cable Assemblies for Industrial Batteries","og_description":"One-stop shopP\u00fcnktliche LieferungUnabh\u00e4ngige technische BeratungABERTAX e\u00b2BMSe\u00b2 BMS ist eines der Batteriemanagementsysteme von Abertax Technologies in unserem Sortiment. Es liefert Ihnen Informationen \u00fcber den Zustand aller Ihrer Batterien, wie Spannung, S\u00e4urestand, Temperatur usw. Es zeigt Ihnen nicht nur den aktuellen Status, sondern speichert auch Daten aus der Vergangenheit. Dies erleichtert die \u00dcberwachung Ihrer Batterien. Das BMS [&hellip;]","og_url":"https:\/\/vandapower.com\/de\/batteriekomponenten\/managementsysteme\/abertax-e\u00b2bms\/","og_site_name":"Vandapower | Components and Cable Assemblies for Industrial Batteries","article_modified_time":"2022-05-03T14:59:06+00:00","twitter_card":"summary_large_image","twitter_misc":{"Gesch\u00e4tzte Lesezeit":"5\u00a0Minuten"},"schema":{"@context":"https:\/\/schema.org","@graph":[{"@type":"WebPage","@id":"https:\/\/vandapower.com\/de\/batteriekomponenten\/managementsysteme\/abertax-e%c2%b2bms\/","url":"https:\/\/vandapower.com\/de\/batteriekomponenten\/managementsysteme\/abertax-e%c2%b2bms\/","name":"ABERTAX e\u00b2BMS - Vandapower | Components and Cable Assemblies for Industrial Batteries","isPartOf":{"@id":"https:\/\/vandapower.com\/be-nl\/#website"},"datePublished":"2021-12-02T21:47:09+00:00","dateModified":"2022-05-03T14:59:06+00:00","breadcrumb":{"@id":"https:\/\/vandapower.com\/de\/batteriekomponenten\/managementsysteme\/abertax-e%c2%b2bms\/#breadcrumb"},"inLanguage":"de","potentialAction":[{"@type":"ReadAction","target":["https:\/\/vandapower.com\/de\/batteriekomponenten\/managementsysteme\/abertax-e%c2%b2bms\/"]}]},{"@type":"BreadcrumbList","@id":"https:\/\/vandapower.com\/de\/batteriekomponenten\/managementsysteme\/abertax-e%c2%b2bms\/#breadcrumb","itemListElement":[{"@type":"ListItem","position":1,"name":"Home","item":"https:\/\/vandapower.com\/de\/"},{"@type":"ListItem","position":2,"name":"Produkte","item":"https:\/\/vandapower.com\/de\/batteriekomponenten\/"},{"@type":"ListItem","position":3,"name":"Managementsysteme","item":"https:\/\/vandapower.com\/de\/batteriekomponenten\/managementsysteme\/"},{"@type":"ListItem","position":4,"name":"ABERTAX e\u00b2BMS"}]},{"@type":"WebSite","@id":"https:\/\/vandapower.com\/be-nl\/#website","url":"https:\/\/vandapower.com\/be-nl\/","name":"Vandapower | Components and Cable Assemblies for Industrial Batteries","description":"Through our product knowledge, our buffer stock and our flexible organization, we can deliver your components for industrial batteries quickly and customized to your needs","publisher":{"@id":"https:\/\/vandapower.com\/be-nl\/#organization"},"potentialAction":[{"@type":"SearchAction","target":{"@type":"EntryPoint","urlTemplate":"https:\/\/vandapower.com\/be-nl\/?s={search_term_string}"},"query-input":{"@type":"PropertyValueSpecification","valueRequired":true,"valueName":"search_term_string"}}],"inLanguage":"de"},{"@type":"Organization","@id":"https:\/\/vandapower.com\/be-nl\/#organization","name":"Vandapower","url":"https:\/\/vandapower.com\/be-nl\/","logo":{"@type":"ImageObject","inLanguage":"de","@id":"https:\/\/vandapower.com\/be-nl\/#\/schema\/logo\/image\/","url":"https:\/\/vandapower.eu\/wp-content\/uploads\/2021\/07\/logo-Vandapower-tagline.svg","contentUrl":"https:\/\/vandapower.eu\/wp-content\/uploads\/2021\/07\/logo-Vandapower-tagline.svg","width":1321,"height":1088,"caption":"Vandapower"},"image":{"@id":"https:\/\/vandapower.com\/be-nl\/#\/schema\/logo\/image\/"}}]}},"_links":{"self":[{"href":"https:\/\/vandapower.com\/de\/wp-json\/wp\/v2\/pages\/7288","targetHints":{"allow":["GET"]}}],"collection":[{"href":"https:\/\/vandapower.com\/de\/wp-json\/wp\/v2\/pages"}],"about":[{"href":"https:\/\/vandapower.com\/de\/wp-json\/wp\/v2\/types\/page"}],"author":[{"embeddable":true,"href":"https:\/\/vandapower.com\/de\/wp-json\/wp\/v2\/users\/1"}],"replies":[{"embeddable":true,"href":"https:\/\/vandapower.com\/de\/wp-json\/wp\/v2\/comments?post=7288"}],"version-history":[{"count":8,"href":"https:\/\/vandapower.com\/de\/wp-json\/wp\/v2\/pages\/7288\/revisions"}],"predecessor-version":[{"id":15085,"href":"https:\/\/vandapower.com\/de\/wp-json\/wp\/v2\/pages\/7288\/revisions\/15085"}],"up":[{"embeddable":true,"href":"https:\/\/vandapower.com\/de\/wp-json\/wp\/v2\/pages\/7539"}],"wp:attachment":[{"href":"https:\/\/vandapower.com\/de\/wp-json\/wp\/v2\/media?parent=7288"}],"curies":[{"name":"wp","href":"https:\/\/api.w.org\/{rel}","templated":true}]}}