{"id":6393,"date":"2021-11-26T09:55:08","date_gmt":"2021-11-26T09:55:08","guid":{"rendered":"https:\/\/vandapower.eu\/batteriekomponenten\/steckverbinder\/app-powerpole-pak\/"},"modified":"2023-07-11T09:45:16","modified_gmt":"2023-07-11T07:45:16","slug":"app-powerpole-pak","status":"publish","type":"page","link":"https:\/\/vandapower.com\/de\/batteriekomponenten\/steckverbinder\/app-powerpole-pak\/","title":{"rendered":"Anderson Power\u2122 PowerPole\u00ae Pak"},"content":{"rendered":"<p>[et_pb_section fb_built=&#8220;1&#8243; _builder_version=&#8220;4.16&#8243; _module_preset=&#8220;default&#8220; custom_padding=&#8220;0px||0px||true|false&#8220; da_disable_devices=&#8220;off|off|off&#8220; global_colors_info=&#8220;{}&#8220; da_is_popup=&#8220;off&#8220; da_exit_intent=&#8220;off&#8220; da_has_close=&#8220;on&#8220; da_alt_close=&#8220;off&#8220; da_dark_close=&#8220;off&#8220; da_not_modal=&#8220;on&#8220; da_is_singular=&#8220;off&#8220; da_with_loader=&#8220;off&#8220; da_has_shadow=&#8220;on&#8220;][et_pb_row module_class=&#8220;usp-header&#8220; _builder_version=&#8220;4.14.5&#8243; _module_preset=&#8220;default&#8220; width=&#8220;85%&#8220; custom_padding=&#8220;||0px||false|false&#8220; global_module=&#8220;2256&#8243; saved_tabs=&#8220;all&#8220; global_colors_info=&#8220;{}&#8220;][et_pb_column type=&#8220;4_4&#8243; _builder_version=&#8220;4.16&#8243; _module_preset=&#8220;default&#8220; global_colors_info=&#8220;{}&#8220;][et_pb_blurb image=&#8220;https:\/\/vandapower.eu\/wp-content\/uploads\/\/2021\/07\/One-stop-Shop.svg&#8220; icon_placement=&#8220;left&#8220; image_icon_width=&#8220;20px&#8220; _builder_version=&#8220;4.16&#8243; _module_preset=&#8220;default&#8220; body_font_size=&#8220;14px&#8220; body_line_height=&#8220;1.4em&#8220; width=&#8220;13%&#8220; width_tablet=&#8220;30%&#8220; width_phone=&#8220;100%&#8220; width_last_edited=&#8220;on|phone&#8220; custom_margin=&#8220;0px||10px||false|false&#8220; custom_padding=&#8220;||0px|0px|false|false&#8220; link_option_url=&#8220;https:\/\/vandapower.eu\/en\/why-vandapower\/#onestop&#8220; custom_css_main_element=&#8220;display: inline-block;||&#8220; image_max_width=&#8220;20px&#8220; global_colors_info=&#8220;{}&#8220; content__hover_enabled=&#8220;off|hover&#8220; content__hover=&#8220;<\/p>\n<p><span style=%22text-decoration: underline;%22><span class=%22red%22>One-stop<\/span> shop<\/span><\/p>\n<p>&#8222;]<\/p>\n<p><span class=\"red\">One-stop<\/span> shop<\/p>\n<p>[\/et_pb_blurb][et_pb_blurb image=&#8220;https:\/\/vandapower.eu\/wp-content\/uploads\/\/2021\/07\/On-time-Delivery.svg&#8220; icon_placement=&#8220;left&#8220; image_icon_width=&#8220;20px&#8220; _builder_version=&#8220;4.16&#8243; _module_preset=&#8220;default&#8220; body_font_size=&#8220;14px&#8220; body_line_height=&#8220;1.4em&#8220; width=&#8220;16%&#8220; width_tablet=&#8220;30%&#8220; width_phone=&#8220;100%&#8220; width_last_edited=&#8220;on|phone&#8220; custom_margin=&#8220;0px||10px||false|false&#8220; custom_padding=&#8220;||0px|0px|false|false&#8220; link_option_url=&#8220;https:\/\/vandapower.eu\/en\/why-vandapower\/#ontime&#8220; custom_css_main_element=&#8220;display: inline-block;&#8220; image_max_width=&#8220;20px&#8220; global_colors_info=&#8220;{}&#8220; content__hover_enabled=&#8220;off|hover&#8220; content__hover=&#8220;<\/p>\n<p><span style=%22text-decoration: underline;%22><span class=%22red%22>Tijdige<\/span> levering<\/span><\/p>\n<p>&#8222;]<span class=\"red\">P\u00fcnktliche<\/span>Lieferung[\/et_pb_blurb][et_pb_blurb image=&#8220;https:\/\/vandapower.eu\/wp-content\/uploads\/\/2021\/07\/Independent-Technical-Advice.svg&#8220; icon_placement=&#8220;left&#8220; image_icon_width=&#8220;18px&#8220; content_last_edited=&#8220;off|desktop&#8220; _builder_version=&#8220;4.19.4&#8243; _module_preset=&#8220;default&#8220; body_font_size=&#8220;14px&#8220; body_line_height=&#8220;2em&#8220; width=&#8220;25%&#8220; width_tablet=&#8220;39%&#8220; width_phone=&#8220;100%&#8220; width_last_edited=&#8220;on|phone&#8220; custom_margin=&#8220;||5px|-25px|false|false&#8220; custom_padding=&#8220;||0px|0px|false|false&#8220; link_option_url=&#8220;https:\/\/vandapower.eu\/en\/why-vandapower\/#independent&#8220; custom_css_main_element=&#8220;display: inline-block;&#8220; image_max_width=&#8220;18px&#8220; global_colors_info=&#8220;{}&#8220; content__hover_enabled=&#8220;off|desktop&#8220; content__hover=&#8220;<\/p>\n<p><span style=%22text-decoration: underline;%22>Onafhankelijk <span class=%22red%22>technisch advies<\/span><\/span><\/p>\n<p>&#8222;]<\/p>\n<p><span class=\"red\">Independent<\/span> technical advice<\/p>\n<p>[\/et_pb_blurb][\/et_pb_column][\/et_pb_row][\/et_pb_section][et_pb_section fb_built=&#8220;1&#8243; _builder_version=&#8220;4.16&#8243; _module_preset=&#8220;default&#8220; custom_padding=&#8220;0px||0px||false|false&#8220; da_disable_devices=&#8220;off|off|off&#8220; global_colors_info=&#8220;{}&#8220; da_is_popup=&#8220;off&#8220; da_exit_intent=&#8220;off&#8220; da_has_close=&#8220;on&#8220; da_alt_close=&#8220;off&#8220; da_dark_close=&#8220;off&#8220; da_not_modal=&#8220;on&#8220; da_is_singular=&#8220;off&#8220; da_with_loader=&#8220;off&#8220; da_has_shadow=&#8220;on&#8220;][et_pb_row column_structure=&#8220;2_3,1_3&#8243; _builder_version=&#8220;4.16&#8243; _module_preset=&#8220;default&#8220; global_colors_info=&#8220;{}&#8220;][et_pb_column type=&#8220;2_3&#8243; _builder_version=&#8220;4.16&#8243; _module_preset=&#8220;default&#8220; global_colors_info=&#8220;{}&#8220;][et_pb_text _builder_version=&#8220;4.21.0&#8243; _module_preset=&#8220;default&#8220; hover_enabled=&#8220;0&#8243; global_colors_info=&#8220;{}&#8220; sticky_enabled=&#8220;0&#8243;]<\/p>\n<h1 class=\"red\">Anderson Power\u2122 PowerPole\u00ae Pak<\/h1>\n<p>[\/et_pb_text][et_pb_text _builder_version=&#8220;4.21.0&#8243; _module_preset=&#8220;default&#8220; custom_margin=&#8220;||40px||false|false&#8220; global_colors_info=&#8220;{}&#8220;]<\/p>\n<p>Powerpole Paks (Anderson Power\u2122) sind schwarze thermoplastische Geh\u00e4use, die um &#8222;Bl\u00f6cke&#8220; von Powerpole-Steckern (10 bis 45 A) angebracht werden k\u00f6nnen. Sie sind \u00e4u\u00dferst sto\u00dffest und korrosionsbest\u00e4ndig.<\/p>\n<p>Sie erm\u00f6glichen ein einfaches Koppeln und Entkoppeln elektrischer Ger\u00e4te in kommerziellen und industriellen Anwendungen. Die Kabelklemmen funktionieren als Zugentlastung und die integrierte Verriegelung vermeidet eine unerwartete Entkopplung Ihrer Ger\u00e4te. Die drei Geh\u00e4usetypen &#8211; Stecker mit Verriegelung, Stecker ohne Verriegelung und Snap-in-Geh\u00e4use &#8211; k\u00f6nnen 2 bis 8 Stromkreise aufnehmen.<\/p>\n<p>Das Blindmate Powerpole Pak wurde von Anderson Power\u2122 entwickelt, um die Nachfrage der Stromversorgungs- und Telekommunikationsindustrie nach modularen Blindmate-Verbindungen zu erf\u00fcllen. Diese Geh\u00e4use erm\u00f6glichen das blindes Koppeln einer 2&#215;4-Konfiguration von Anderson 15\/45 Powerpole-Steckverbinder, aber auch die 10 A und 30 A &#8218;make-first \/ break-last&#8216; Kontakte f\u00fcr Erdungen.<\/p>\n<p>[\/et_pb_text][\/et_pb_column][et_pb_column type=&#8220;1_3&#8243; _builder_version=&#8220;4.16&#8243; _module_preset=&#8220;default&#8220; global_colors_info=&#8220;{}&#8220;][et_pb_image src=&#8220;https:\/\/vandapower.eu\/wp-content\/uploads\/2021\/07\/APP_powerpolepak.jpg&#8220; title_text=&#8220;APP_powerpolepak&#8220; _builder_version=&#8220;4.16&#8243; _module_preset=&#8220;default&#8220; global_colors_info=&#8220;{}&#8220;][\/et_pb_image][et_pb_image src=&#8220;https:\/\/vandapower.com\/wp-content\/uploads\/2022\/09\/app-new-logo.png&#8220; title_text=&#8220;app new logo&#8220; url=&#8220;https:\/\/www.andersonpower.com\/us\/en.html&#8220; _builder_version=&#8220;4.21.0&#8243; _module_preset=&#8220;default&#8220; global_colors_info=&#8220;{}&#8220;][\/et_pb_image][\/et_pb_column][\/et_pb_row][et_pb_row make_equal=&#8220;on&#8220; _builder_version=&#8220;4.16&#8243; _module_preset=&#8220;default&#8220; custom_margin=&#8220;||50px||false|false&#8220; custom_padding=&#8220;||||false|false&#8220; global_colors_info=&#8220;{}&#8220;][et_pb_column type=&#8220;4_4&#8243; _builder_version=&#8220;4.16&#8243; _module_preset=&#8220;default&#8220; custom_padding=&#8220;20px|20px|20px|20px|true|true&#8220; border_width_all=&#8220;1px&#8220; border_color_all=&#8220;#e9e7e7&#8243; box_shadow_style=&#8220;preset4&#8243; box_shadow_horizontal=&#8220;4px&#8220; box_shadow_vertical=&#8220;4px&#8220; box_shadow_blur=&#8220;2px&#8220; box_shadow_color=&#8220;rgba(50,50,50,0.2)&#8220; global_colors_info=&#8220;{}&#8220;][et_pb_text module_class=&#8220;info-block&#8220; _builder_version=&#8220;4.9.7&#8243; _module_preset=&#8220;default&#8220; positioning=&#8220;relative&#8220; custom_margin=&#8220;||30px||false|false&#8220; border_color_all=&#8220;#e9e7e7&#8243; global_module=&#8220;3223&#8243; saved_tabs=&#8220;all&#8220; global_colors_info=&#8220;{}&#8220;]<\/p>\n<h2>Meer informatie over dit product?<\/h2>\n<p><span>We houden van ons productgamma een buffervoorraad aan waarmee we u graag uit de nood helpen. Aarzel niet om ons daarover aan te spreken zodat we u kunnen adviseren en helpen.<\/span><\/p>\n<p>[\/et_pb_text][et_pb_button button_url=&#8220;@ET-DC@eyJkeW5hbWljIjp0cnVlLCJjb250ZW50IjoicG9zdF9saW5rX3VybF9wYWdlIiwic2V0dGluZ3MiOnsicG9zdF9pZCI6IjczIn19@&#8220; button_text=&#8220;Kontaktieren Sie uns&#8220; _builder_version=&#8220;4.16&#8243; _dynamic_attributes=&#8220;button_url&#8220; _module_preset=&#8220;default&#8220; global_colors_info=&#8220;{}&#8220;][\/et_pb_button][\/et_pb_column][\/et_pb_row][\/et_pb_section]<\/p>\n","protected":false},"excerpt":{"rendered":"<p>One-stop shopP\u00fcnktlicheLieferungIndependent technical adviceAnderson Power\u2122 PowerPole\u00ae PakPowerpole Paks (Anderson Power\u2122) sind schwarze thermoplastische Geh\u00e4use, die um &#8222;Bl\u00f6cke&#8220; von Powerpole-Steckern (10 bis 45 A) angebracht werden k\u00f6nnen. Sie sind \u00e4u\u00dferst sto\u00dffest und korrosionsbest\u00e4ndig. Sie erm\u00f6glichen ein einfaches Koppeln und Entkoppeln elektrischer Ger\u00e4te in kommerziellen und industriellen Anwendungen. Die Kabelklemmen funktionieren als Zugentlastung und die integrierte Verriegelung [&hellip;]<\/p>\n","protected":false},"author":1,"featured_media":0,"parent":4871,"menu_order":0,"comment_status":"closed","ping_status":"closed","template":"","meta":{"_et_pb_use_builder":"on","_et_pb_old_content":"","_et_gb_content_width":"","om_disable_all_campaigns":false,"inline_featured_image":false,"_monsterinsights_skip_tracking":false,"_monsterinsights_sitenote_active":false,"_monsterinsights_sitenote_note":"","_monsterinsights_sitenote_category":0,"_uf_show_specific_survey":0,"_uf_disable_surveys":false,"footnotes":""},"class_list":["post-6393","page","type-page","status-publish","hentry"],"yoast_head":"<!-- This site is optimized with the Yoast SEO plugin v27.4 - https:\/\/yoast.com\/product\/yoast-seo-wordpress\/ -->\n<title>Anderson Power\u2122 PowerPole\u00ae Pak - Vandapower | Components and Cable Assemblies for Industrial Batteries<\/title>\n<meta name=\"description\" content=\"Powerpole Paks (Anderson Power Products) sind schwarze thermoplastische Geh\u00e4use, die um Powerpole-Steckerbl\u00f6cke (10 bis 45 A) herum angebracht werden k\u00f6nnen. Sie sind \u00e4u\u00dferst sto\u00dffest und korrosionsbest\u00e4ndig. Sie erm\u00f6glichen ein einfaches Koppeln und Entkoppeln elektrischer Ger\u00e4te in kommerziellen und industriellen Anwendungen. Die Kabelklemmen funktionieren als Zugentlastung und die integrierte Verriegelung vermeidet eine unerwartete Entkopplung Ihrer Ger\u00e4te. Die drei Geh\u00e4usetypen - Stecker mit Schloss, Stecker ohne Schloss und Snap-in-Geh\u00e4use - k\u00f6nnen 2 bis 8 Stromkreise aufnehmen. Das Blindmate Powerpole Pak wurde entwickelt, um die Frage nach modularen Blindmate-Verbindungen von der Stromversorgungs- und Kommunikationsindustrie zu beantworten. Diese Geh\u00e4use erm\u00f6glichen nicht nur das blinde Stecken einer 2\u00d74-Konfiguration von Andersons 15\/45 Powerpole-Steckern, sondern auch die 10A- und 30A-Schlie\u00dfer\/\u00d6ffner-Kontakte f\u00fcr Erdungszwecke.\" \/>\n<meta name=\"robots\" content=\"index, follow, max-snippet:-1, max-image-preview:large, max-video-preview:-1\" \/>\n<link rel=\"canonical\" href=\"https:\/\/vandapower.com\/de\/batteriekomponenten\/steckverbinder\/app-powerpole-pak\/\" \/>\n<meta property=\"og:locale\" content=\"de_DE\" \/>\n<meta property=\"og:type\" content=\"article\" \/>\n<meta property=\"og:title\" content=\"Anderson Power\u2122 PowerPole\u00ae Pak - Vandapower | Components and Cable Assemblies for Industrial Batteries\" \/>\n<meta property=\"og:description\" content=\"Powerpole Paks (Anderson Power Products) sind schwarze thermoplastische Geh\u00e4use, die um Powerpole-Steckerbl\u00f6cke (10 bis 45 A) herum angebracht werden k\u00f6nnen. Sie sind \u00e4u\u00dferst sto\u00dffest und korrosionsbest\u00e4ndig. Sie erm\u00f6glichen ein einfaches Koppeln und Entkoppeln elektrischer Ger\u00e4te in kommerziellen und industriellen Anwendungen. Die Kabelklemmen funktionieren als Zugentlastung und die integrierte Verriegelung vermeidet eine unerwartete Entkopplung Ihrer Ger\u00e4te. Die drei Geh\u00e4usetypen - Stecker mit Schloss, Stecker ohne Schloss und Snap-in-Geh\u00e4use - k\u00f6nnen 2 bis 8 Stromkreise aufnehmen. Das Blindmate Powerpole Pak wurde entwickelt, um die Frage nach modularen Blindmate-Verbindungen von der Stromversorgungs- und Kommunikationsindustrie zu beantworten. Diese Geh\u00e4use erm\u00f6glichen nicht nur das blinde Stecken einer 2\u00d74-Konfiguration von Andersons 15\/45 Powerpole-Steckern, sondern auch die 10A- und 30A-Schlie\u00dfer\/\u00d6ffner-Kontakte f\u00fcr Erdungszwecke.\" \/>\n<meta property=\"og:url\" content=\"https:\/\/vandapower.com\/de\/batteriekomponenten\/steckverbinder\/app-powerpole-pak\/\" \/>\n<meta property=\"og:site_name\" content=\"Vandapower | Components and Cable Assemblies for Industrial Batteries\" \/>\n<meta property=\"article:modified_time\" content=\"2023-07-11T07:45:16+00:00\" \/>\n<meta name=\"twitter:card\" content=\"summary_large_image\" \/>\n<meta name=\"twitter:label1\" content=\"Gesch\u00e4tzte Lesezeit\" \/>\n\t<meta name=\"twitter:data1\" content=\"5\u00a0Minuten\" \/>\n<script type=\"application\/ld+json\" class=\"yoast-schema-graph\">{\"@context\":\"https:\\\/\\\/schema.org\",\"@graph\":[{\"@type\":\"WebPage\",\"@id\":\"https:\\\/\\\/vandapower.com\\\/de\\\/batteriekomponenten\\\/steckverbinder\\\/app-powerpole-pak\\\/\",\"url\":\"https:\\\/\\\/vandapower.com\\\/de\\\/batteriekomponenten\\\/steckverbinder\\\/app-powerpole-pak\\\/\",\"name\":\"Anderson Power\u2122 PowerPole\u00ae Pak - Vandapower | Components and Cable Assemblies for Industrial Batteries\",\"isPartOf\":{\"@id\":\"https:\\\/\\\/vandapower.com\\\/be-nl\\\/#website\"},\"datePublished\":\"2021-11-26T09:55:08+00:00\",\"dateModified\":\"2023-07-11T07:45:16+00:00\",\"description\":\"Powerpole Paks (Anderson Power Products) sind schwarze thermoplastische Geh\u00e4use, die um Powerpole-Steckerbl\u00f6cke (10 bis 45 A) herum angebracht werden k\u00f6nnen. Sie sind \u00e4u\u00dferst sto\u00dffest und korrosionsbest\u00e4ndig. Sie erm\u00f6glichen ein einfaches Koppeln und Entkoppeln elektrischer Ger\u00e4te in kommerziellen und industriellen Anwendungen. Die Kabelklemmen funktionieren als Zugentlastung und die integrierte Verriegelung vermeidet eine unerwartete Entkopplung Ihrer Ger\u00e4te. Die drei Geh\u00e4usetypen - Stecker mit Schloss, Stecker ohne Schloss und Snap-in-Geh\u00e4use - k\u00f6nnen 2 bis 8 Stromkreise aufnehmen. Das Blindmate Powerpole Pak wurde entwickelt, um die Frage nach modularen Blindmate-Verbindungen von der Stromversorgungs- und Kommunikationsindustrie zu beantworten. Diese Geh\u00e4use erm\u00f6glichen nicht nur das blinde Stecken einer 2\u00d74-Konfiguration von Andersons 15\\\/45 Powerpole-Steckern, sondern auch die 10A- und 30A-Schlie\u00dfer\\\/\u00d6ffner-Kontakte f\u00fcr Erdungszwecke.\",\"breadcrumb\":{\"@id\":\"https:\\\/\\\/vandapower.com\\\/de\\\/batteriekomponenten\\\/steckverbinder\\\/app-powerpole-pak\\\/#breadcrumb\"},\"inLanguage\":\"de\",\"potentialAction\":[{\"@type\":\"ReadAction\",\"target\":[\"https:\\\/\\\/vandapower.com\\\/de\\\/batteriekomponenten\\\/steckverbinder\\\/app-powerpole-pak\\\/\"]}]},{\"@type\":\"BreadcrumbList\",\"@id\":\"https:\\\/\\\/vandapower.com\\\/de\\\/batteriekomponenten\\\/steckverbinder\\\/app-powerpole-pak\\\/#breadcrumb\",\"itemListElement\":[{\"@type\":\"ListItem\",\"position\":1,\"name\":\"Home\",\"item\":\"https:\\\/\\\/vandapower.com\\\/de\\\/\"},{\"@type\":\"ListItem\",\"position\":2,\"name\":\"Produkte\",\"item\":\"https:\\\/\\\/vandapower.com\\\/de\\\/batteriekomponenten\\\/\"},{\"@type\":\"ListItem\",\"position\":3,\"name\":\"Steckverbinder\",\"item\":\"https:\\\/\\\/vandapower.com\\\/de\\\/batteriekomponenten\\\/steckverbinder\\\/\"},{\"@type\":\"ListItem\",\"position\":4,\"name\":\"Anderson Power\u2122 PowerPole\u00ae Pak\"}]},{\"@type\":\"WebSite\",\"@id\":\"https:\\\/\\\/vandapower.com\\\/be-nl\\\/#website\",\"url\":\"https:\\\/\\\/vandapower.com\\\/be-nl\\\/\",\"name\":\"Vandapower | Components and Cable Assemblies for Industrial Batteries\",\"description\":\"Through our product knowledge, our buffer stock and our flexible organization, we can deliver your components for industrial batteries quickly and customized to your needs\",\"publisher\":{\"@id\":\"https:\\\/\\\/vandapower.com\\\/be-nl\\\/#organization\"},\"potentialAction\":[{\"@type\":\"SearchAction\",\"target\":{\"@type\":\"EntryPoint\",\"urlTemplate\":\"https:\\\/\\\/vandapower.com\\\/be-nl\\\/?s={search_term_string}\"},\"query-input\":{\"@type\":\"PropertyValueSpecification\",\"valueRequired\":true,\"valueName\":\"search_term_string\"}}],\"inLanguage\":\"de\"},{\"@type\":\"Organization\",\"@id\":\"https:\\\/\\\/vandapower.com\\\/be-nl\\\/#organization\",\"name\":\"Vandapower\",\"url\":\"https:\\\/\\\/vandapower.com\\\/be-nl\\\/\",\"logo\":{\"@type\":\"ImageObject\",\"inLanguage\":\"de\",\"@id\":\"https:\\\/\\\/vandapower.com\\\/be-nl\\\/#\\\/schema\\\/logo\\\/image\\\/\",\"url\":\"https:\\\/\\\/vandapower.eu\\\/wp-content\\\/uploads\\\/2021\\\/07\\\/logo-Vandapower-tagline.svg\",\"contentUrl\":\"https:\\\/\\\/vandapower.eu\\\/wp-content\\\/uploads\\\/2021\\\/07\\\/logo-Vandapower-tagline.svg\",\"width\":1321,\"height\":1088,\"caption\":\"Vandapower\"},\"image\":{\"@id\":\"https:\\\/\\\/vandapower.com\\\/be-nl\\\/#\\\/schema\\\/logo\\\/image\\\/\"}}]}<\/script>\n<!-- \/ Yoast SEO plugin. -->","yoast_head_json":{"title":"Anderson Power\u2122 PowerPole\u00ae Pak - Vandapower | Components and Cable Assemblies for Industrial Batteries","description":"Powerpole Paks (Anderson Power Products) sind schwarze thermoplastische Geh\u00e4use, die um Powerpole-Steckerbl\u00f6cke (10 bis 45 A) herum angebracht werden k\u00f6nnen. Sie sind \u00e4u\u00dferst sto\u00dffest und korrosionsbest\u00e4ndig. Sie erm\u00f6glichen ein einfaches Koppeln und Entkoppeln elektrischer Ger\u00e4te in kommerziellen und industriellen Anwendungen. Die Kabelklemmen funktionieren als Zugentlastung und die integrierte Verriegelung vermeidet eine unerwartete Entkopplung Ihrer Ger\u00e4te. Die drei Geh\u00e4usetypen - Stecker mit Schloss, Stecker ohne Schloss und Snap-in-Geh\u00e4use - k\u00f6nnen 2 bis 8 Stromkreise aufnehmen. Das Blindmate Powerpole Pak wurde entwickelt, um die Frage nach modularen Blindmate-Verbindungen von der Stromversorgungs- und Kommunikationsindustrie zu beantworten. Diese Geh\u00e4use erm\u00f6glichen nicht nur das blinde Stecken einer 2\u00d74-Konfiguration von Andersons 15\/45 Powerpole-Steckern, sondern auch die 10A- und 30A-Schlie\u00dfer\/\u00d6ffner-Kontakte f\u00fcr Erdungszwecke.","robots":{"index":"index","follow":"follow","max-snippet":"max-snippet:-1","max-image-preview":"max-image-preview:large","max-video-preview":"max-video-preview:-1"},"canonical":"https:\/\/vandapower.com\/de\/batteriekomponenten\/steckverbinder\/app-powerpole-pak\/","og_locale":"de_DE","og_type":"article","og_title":"Anderson Power\u2122 PowerPole\u00ae Pak - Vandapower | Components and Cable Assemblies for Industrial Batteries","og_description":"Powerpole Paks (Anderson Power Products) sind schwarze thermoplastische Geh\u00e4use, die um Powerpole-Steckerbl\u00f6cke (10 bis 45 A) herum angebracht werden k\u00f6nnen. Sie sind \u00e4u\u00dferst sto\u00dffest und korrosionsbest\u00e4ndig. Sie erm\u00f6glichen ein einfaches Koppeln und Entkoppeln elektrischer Ger\u00e4te in kommerziellen und industriellen Anwendungen. Die Kabelklemmen funktionieren als Zugentlastung und die integrierte Verriegelung vermeidet eine unerwartete Entkopplung Ihrer Ger\u00e4te. Die drei Geh\u00e4usetypen - Stecker mit Schloss, Stecker ohne Schloss und Snap-in-Geh\u00e4use - k\u00f6nnen 2 bis 8 Stromkreise aufnehmen. Das Blindmate Powerpole Pak wurde entwickelt, um die Frage nach modularen Blindmate-Verbindungen von der Stromversorgungs- und Kommunikationsindustrie zu beantworten. Diese Geh\u00e4use erm\u00f6glichen nicht nur das blinde Stecken einer 2\u00d74-Konfiguration von Andersons 15\/45 Powerpole-Steckern, sondern auch die 10A- und 30A-Schlie\u00dfer\/\u00d6ffner-Kontakte f\u00fcr Erdungszwecke.","og_url":"https:\/\/vandapower.com\/de\/batteriekomponenten\/steckverbinder\/app-powerpole-pak\/","og_site_name":"Vandapower | Components and Cable Assemblies for Industrial Batteries","article_modified_time":"2023-07-11T07:45:16+00:00","twitter_card":"summary_large_image","twitter_misc":{"Gesch\u00e4tzte Lesezeit":"5\u00a0Minuten"},"schema":{"@context":"https:\/\/schema.org","@graph":[{"@type":"WebPage","@id":"https:\/\/vandapower.com\/de\/batteriekomponenten\/steckverbinder\/app-powerpole-pak\/","url":"https:\/\/vandapower.com\/de\/batteriekomponenten\/steckverbinder\/app-powerpole-pak\/","name":"Anderson Power\u2122 PowerPole\u00ae Pak - Vandapower | Components and Cable Assemblies for Industrial Batteries","isPartOf":{"@id":"https:\/\/vandapower.com\/be-nl\/#website"},"datePublished":"2021-11-26T09:55:08+00:00","dateModified":"2023-07-11T07:45:16+00:00","description":"Powerpole Paks (Anderson Power Products) sind schwarze thermoplastische Geh\u00e4use, die um Powerpole-Steckerbl\u00f6cke (10 bis 45 A) herum angebracht werden k\u00f6nnen. Sie sind \u00e4u\u00dferst sto\u00dffest und korrosionsbest\u00e4ndig. Sie erm\u00f6glichen ein einfaches Koppeln und Entkoppeln elektrischer Ger\u00e4te in kommerziellen und industriellen Anwendungen. Die Kabelklemmen funktionieren als Zugentlastung und die integrierte Verriegelung vermeidet eine unerwartete Entkopplung Ihrer Ger\u00e4te. Die drei Geh\u00e4usetypen - Stecker mit Schloss, Stecker ohne Schloss und Snap-in-Geh\u00e4use - k\u00f6nnen 2 bis 8 Stromkreise aufnehmen. Das Blindmate Powerpole Pak wurde entwickelt, um die Frage nach modularen Blindmate-Verbindungen von der Stromversorgungs- und Kommunikationsindustrie zu beantworten. Diese Geh\u00e4use erm\u00f6glichen nicht nur das blinde Stecken einer 2\u00d74-Konfiguration von Andersons 15\/45 Powerpole-Steckern, sondern auch die 10A- und 30A-Schlie\u00dfer\/\u00d6ffner-Kontakte f\u00fcr Erdungszwecke.","breadcrumb":{"@id":"https:\/\/vandapower.com\/de\/batteriekomponenten\/steckverbinder\/app-powerpole-pak\/#breadcrumb"},"inLanguage":"de","potentialAction":[{"@type":"ReadAction","target":["https:\/\/vandapower.com\/de\/batteriekomponenten\/steckverbinder\/app-powerpole-pak\/"]}]},{"@type":"BreadcrumbList","@id":"https:\/\/vandapower.com\/de\/batteriekomponenten\/steckverbinder\/app-powerpole-pak\/#breadcrumb","itemListElement":[{"@type":"ListItem","position":1,"name":"Home","item":"https:\/\/vandapower.com\/de\/"},{"@type":"ListItem","position":2,"name":"Produkte","item":"https:\/\/vandapower.com\/de\/batteriekomponenten\/"},{"@type":"ListItem","position":3,"name":"Steckverbinder","item":"https:\/\/vandapower.com\/de\/batteriekomponenten\/steckverbinder\/"},{"@type":"ListItem","position":4,"name":"Anderson Power\u2122 PowerPole\u00ae Pak"}]},{"@type":"WebSite","@id":"https:\/\/vandapower.com\/be-nl\/#website","url":"https:\/\/vandapower.com\/be-nl\/","name":"Vandapower | Components and Cable Assemblies for Industrial Batteries","description":"Through our product knowledge, our buffer stock and our flexible organization, we can deliver your components for industrial batteries quickly and customized to your needs","publisher":{"@id":"https:\/\/vandapower.com\/be-nl\/#organization"},"potentialAction":[{"@type":"SearchAction","target":{"@type":"EntryPoint","urlTemplate":"https:\/\/vandapower.com\/be-nl\/?s={search_term_string}"},"query-input":{"@type":"PropertyValueSpecification","valueRequired":true,"valueName":"search_term_string"}}],"inLanguage":"de"},{"@type":"Organization","@id":"https:\/\/vandapower.com\/be-nl\/#organization","name":"Vandapower","url":"https:\/\/vandapower.com\/be-nl\/","logo":{"@type":"ImageObject","inLanguage":"de","@id":"https:\/\/vandapower.com\/be-nl\/#\/schema\/logo\/image\/","url":"https:\/\/vandapower.eu\/wp-content\/uploads\/2021\/07\/logo-Vandapower-tagline.svg","contentUrl":"https:\/\/vandapower.eu\/wp-content\/uploads\/2021\/07\/logo-Vandapower-tagline.svg","width":1321,"height":1088,"caption":"Vandapower"},"image":{"@id":"https:\/\/vandapower.com\/be-nl\/#\/schema\/logo\/image\/"}}]}},"_links":{"self":[{"href":"https:\/\/vandapower.com\/de\/wp-json\/wp\/v2\/pages\/6393","targetHints":{"allow":["GET"]}}],"collection":[{"href":"https:\/\/vandapower.com\/de\/wp-json\/wp\/v2\/pages"}],"about":[{"href":"https:\/\/vandapower.com\/de\/wp-json\/wp\/v2\/types\/page"}],"author":[{"embeddable":true,"href":"https:\/\/vandapower.com\/de\/wp-json\/wp\/v2\/users\/1"}],"replies":[{"embeddable":true,"href":"https:\/\/vandapower.com\/de\/wp-json\/wp\/v2\/comments?post=6393"}],"version-history":[{"count":14,"href":"https:\/\/vandapower.com\/de\/wp-json\/wp\/v2\/pages\/6393\/revisions"}],"predecessor-version":[{"id":21494,"href":"https:\/\/vandapower.com\/de\/wp-json\/wp\/v2\/pages\/6393\/revisions\/21494"}],"up":[{"embeddable":true,"href":"https:\/\/vandapower.com\/de\/wp-json\/wp\/v2\/pages\/4871"}],"wp:attachment":[{"href":"https:\/\/vandapower.com\/de\/wp-json\/wp\/v2\/media?parent=6393"}],"curies":[{"name":"wp","href":"https:\/\/api.w.org\/{rel}","templated":true}]}}