{"id":5027,"date":"2021-10-20T21:42:19","date_gmt":"2021-10-20T21:42:19","guid":{"rendered":"https:\/\/vandapower.eu\/steckverbinder\/app-compact-power-steckverbinder\/"},"modified":"2023-06-13T11:12:55","modified_gmt":"2023-06-13T09:12:55","slug":"app-compact-power-steckverbinder","status":"publish","type":"page","link":"https:\/\/vandapower.com\/de\/batteriekomponenten\/steckverbinder\/app-compact-power-steckverbinder\/","title":{"rendered":"Anderson Power\u2122 Compact Power Steckverbinder"},"content":{"rendered":"<p>[et_pb_section fb_built=&#8220;1&#8243; _builder_version=&#8220;4.16&#8243; _module_preset=&#8220;default&#8220; custom_padding=&#8220;0px||0px||true|false&#8220; da_disable_devices=&#8220;off|off|off&#8220; global_colors_info=&#8220;{}&#8220; da_is_popup=&#8220;off&#8220; da_exit_intent=&#8220;off&#8220; da_has_close=&#8220;on&#8220; da_alt_close=&#8220;off&#8220; da_dark_close=&#8220;off&#8220; da_not_modal=&#8220;on&#8220; da_is_singular=&#8220;off&#8220; da_with_loader=&#8220;off&#8220; da_has_shadow=&#8220;on&#8220;][et_pb_row module_class=&#8220;usp-header&#8220; _builder_version=&#8220;4.14.5&#8243; _module_preset=&#8220;default&#8220; width=&#8220;85%&#8220; custom_padding=&#8220;||0px||false|false&#8220; global_module=&#8220;2256&#8243; saved_tabs=&#8220;all&#8220; global_colors_info=&#8220;{}&#8220;][et_pb_column type=&#8220;4_4&#8243; _builder_version=&#8220;4.16&#8243; _module_preset=&#8220;default&#8220; global_colors_info=&#8220;{}&#8220;][et_pb_blurb image=&#8220;https:\/\/vandapower.eu\/wp-content\/uploads\/\/2021\/07\/One-stop-Shop.svg&#8220; icon_placement=&#8220;left&#8220; image_icon_width=&#8220;20px&#8220; _builder_version=&#8220;4.16&#8243; _module_preset=&#8220;default&#8220; body_font_size=&#8220;14px&#8220; body_line_height=&#8220;1.4em&#8220; width=&#8220;13%&#8220; width_tablet=&#8220;30%&#8220; width_phone=&#8220;100%&#8220; width_last_edited=&#8220;on|phone&#8220; custom_margin=&#8220;0px||10px||false|false&#8220; custom_padding=&#8220;||0px|0px|false|false&#8220; link_option_url=&#8220;https:\/\/vandapower.eu\/en\/why-vandapower\/#onestop&#8220; custom_css_main_element=&#8220;display: inline-block;||&#8220; image_max_width=&#8220;20px&#8220; global_colors_info=&#8220;{}&#8220; content__hover_enabled=&#8220;off|hover&#8220; content__hover=&#8220;<\/p>\n<p><span style=%22text-decoration: underline;%22><span class=%22red%22>One-stop<\/span> shop<\/span><\/p>\n<p>&#8222;]<\/p>\n<p><span class=\"red\">One-stop<\/span> shop<\/p>\n<p>[\/et_pb_blurb][et_pb_blurb image=&#8220;https:\/\/vandapower.eu\/wp-content\/uploads\/\/2021\/07\/On-time-Delivery.svg&#8220; icon_placement=&#8220;left&#8220; image_icon_width=&#8220;20px&#8220; _builder_version=&#8220;4.16&#8243; _module_preset=&#8220;default&#8220; body_font_size=&#8220;14px&#8220; body_line_height=&#8220;1.4em&#8220; width=&#8220;16%&#8220; width_tablet=&#8220;30%&#8220; width_phone=&#8220;100%&#8220; width_last_edited=&#8220;on|phone&#8220; custom_margin=&#8220;0px||10px||false|false&#8220; custom_padding=&#8220;||0px|0px|false|false&#8220; link_option_url=&#8220;https:\/\/vandapower.eu\/en\/why-vandapower\/#ontime&#8220; custom_css_main_element=&#8220;display: inline-block;&#8220; image_max_width=&#8220;20px&#8220; global_colors_info=&#8220;{}&#8220; content__hover_enabled=&#8220;off|hover&#8220; content__hover=&#8220;<\/p>\n<p><span style=%22text-decoration: underline;%22><span class=%22red%22>Tijdige<\/span> levering<\/span><\/p>\n<p>&#8222;]<span class=\"red\">P\u00fcnktliche<\/span>Lieferung[\/et_pb_blurb][et_pb_blurb image=&#8220;https:\/\/vandapower.eu\/wp-content\/uploads\/\/2021\/07\/Independent-Technical-Advice.svg&#8220; icon_placement=&#8220;left&#8220; image_icon_width=&#8220;18px&#8220; content_last_edited=&#8220;off|desktop&#8220; _builder_version=&#8220;4.19.4&#8243; _module_preset=&#8220;default&#8220; body_font_size=&#8220;14px&#8220; body_line_height=&#8220;2em&#8220; width=&#8220;25%&#8220; width_tablet=&#8220;39%&#8220; width_phone=&#8220;100%&#8220; width_last_edited=&#8220;on|phone&#8220; custom_margin=&#8220;||5px|-25px|false|false&#8220; custom_padding=&#8220;||0px|0px|false|false&#8220; link_option_url=&#8220;https:\/\/vandapower.eu\/en\/why-vandapower\/#independent&#8220; custom_css_main_element=&#8220;display: inline-block;&#8220; image_max_width=&#8220;18px&#8220; global_colors_info=&#8220;{}&#8220; content__hover_enabled=&#8220;off|desktop&#8220; content__hover=&#8220;<\/p>\n<p><span style=%22text-decoration: underline;%22>Onafhankelijk <span class=%22red%22>technisch advies<\/span><\/span><\/p>\n<p>&#8222;]<\/p>\n<p><span class=\"red\">Independent<\/span> technical advice<\/p>\n<p>[\/et_pb_blurb][\/et_pb_column][\/et_pb_row][\/et_pb_section][et_pb_section fb_built=&#8220;1&#8243; _builder_version=&#8220;4.16&#8243; _module_preset=&#8220;default&#8220; custom_padding=&#8220;0px||0px||false|false&#8220; da_disable_devices=&#8220;off|off|off&#8220; global_colors_info=&#8220;{}&#8220; da_is_popup=&#8220;off&#8220; da_exit_intent=&#8220;off&#8220; da_has_close=&#8220;on&#8220; da_alt_close=&#8220;off&#8220; da_dark_close=&#8220;off&#8220; da_not_modal=&#8220;on&#8220; da_is_singular=&#8220;off&#8220; da_with_loader=&#8220;off&#8220; da_has_shadow=&#8220;on&#8220;][et_pb_row column_structure=&#8220;2_3,1_3&#8243; _builder_version=&#8220;4.16&#8243; _module_preset=&#8220;default&#8220; global_colors_info=&#8220;{}&#8220;][et_pb_column type=&#8220;2_3&#8243; _builder_version=&#8220;4.16&#8243; _module_preset=&#8220;default&#8220; global_colors_info=&#8220;{}&#8220;][et_pb_text _builder_version=&#8220;4.21.0&#8243; _module_preset=&#8220;default&#8220; hover_enabled=&#8220;0&#8243; global_colors_info=&#8220;{}&#8220; sticky_enabled=&#8220;0&#8243;]<\/p>\n<h1 class=\"red\">Anderson Power\u2122 Compact Power Steckverbinder<\/h1>\n<p>[\/et_pb_text][et_pb_text _builder_version=&#8220;4.21.0&#8243; _module_preset=&#8220;default&#8220; custom_margin=&#8220;||40px||false|false&#8220; hover_enabled=&#8220;0&#8243; global_colors_info=&#8220;{}&#8220; sticky_enabled=&#8220;0&#8243;]<\/p>\n<p>Mit den Anderson Power\u2122 Power Drawer-Steckern haben unsere Kunden mehr Auswahl denn je, um ihre Anforderungen an den Stromanschluss zu erf\u00fcllen. Diese Stecker f\u00fcr gemischten Strom- und Signalabgriff werden nach hohen Qualit\u00e4tsstandards gefertigt. Die Schubladenserie kann f\u00fcr eine breite Palette von schubladenartigen Anwendungen wie Gleichrichter, Gro\u00dfrechner, Telekommunikations- und Netzwerkger\u00e4te verwendet werden.<\/p>\n<p>Er is ook de zeer gebruiksvriendelijke en flexibele Powermod HP-serie met IP20-bescherming en contactbeveiliging van het stopcontact. Ein wirklich erstklassiges Produkt von Anderson Power\u2122.<\/p>\n<p>[\/et_pb_text][\/et_pb_column][et_pb_column type=&#8220;1_3&#8243; _builder_version=&#8220;4.16&#8243; _module_preset=&#8220;default&#8220; global_colors_info=&#8220;{}&#8220;][et_pb_image src=&#8220;https:\/\/vandapower.eu\/wp-content\/uploads\/2021\/07\/Compact_power_connector.jpg&#8220; title_text=&#8220;Compact_Power_Steckverbinder&#8220; _builder_version=&#8220;4.16&#8243; _module_preset=&#8220;default&#8220; global_colors_info=&#8220;{}&#8220;][\/et_pb_image][et_pb_image src=&#8220;https:\/\/vandapower.com\/wp-content\/uploads\/2022\/09\/app-new-logo.png&#8220; _builder_version=&#8220;4.21.0&#8243; _module_preset=&#8220;default&#8220; title_text=&#8220;app new logo&#8220; url=&#8220;https:\/\/www.andersonpower.com\/us\/en.html&#8220; hover_enabled=&#8220;0&#8243; sticky_enabled=&#8220;0&#8243;][\/et_pb_image][\/et_pb_column][\/et_pb_row][et_pb_row make_equal=&#8220;on&#8220; _builder_version=&#8220;4.16&#8243; _module_preset=&#8220;default&#8220; custom_margin=&#8220;||50px||false|false&#8220; custom_padding=&#8220;||||false|false&#8220; global_colors_info=&#8220;{}&#8220;][et_pb_column type=&#8220;4_4&#8243; _builder_version=&#8220;4.16&#8243; _module_preset=&#8220;default&#8220; custom_padding=&#8220;20px|20px|20px|20px|true|true&#8220; border_width_all=&#8220;1px&#8220; border_color_all=&#8220;#e9e7e7&#8243; box_shadow_style=&#8220;preset4&#8243; box_shadow_horizontal=&#8220;4px&#8220; box_shadow_vertical=&#8220;4px&#8220; box_shadow_blur=&#8220;2px&#8220; box_shadow_color=&#8220;rgba(50,50,50,0.2)&#8220; global_colors_info=&#8220;{}&#8220;][et_pb_text module_class=&#8220;info-block&#8220; _builder_version=&#8220;4.9.7&#8243; _module_preset=&#8220;default&#8220; positioning=&#8220;relative&#8220; custom_margin=&#8220;||30px||false|false&#8220; border_color_all=&#8220;#e9e7e7&#8243; global_module=&#8220;3223&#8243; saved_tabs=&#8220;all&#8220; global_colors_info=&#8220;{}&#8220;]<\/p>\n<h2>Meer informatie over dit product?<\/h2>\n<p><span>We houden van ons productgamma een buffervoorraad aan waarmee we u graag uit de nood helpen. Aarzel niet om ons daarover aan te spreken zodat we u kunnen adviseren en helpen.<\/span><\/p>\n<p>[\/et_pb_text][et_pb_button button_url=&#8220;@ET-DC@eyJkeW5hbWljIjp0cnVlLCJjb250ZW50IjoicG9zdF9saW5rX3VybF9wYWdlIiwic2V0dGluZ3MiOnsicG9zdF9pZCI6IjczIn19@&#8220; button_text=&#8220;Kontaktieren Sie uns&#8220; _builder_version=&#8220;4.16&#8243; _dynamic_attributes=&#8220;button_url&#8220; _module_preset=&#8220;default&#8220; global_colors_info=&#8220;{}&#8220;][\/et_pb_button][\/et_pb_column][\/et_pb_row][\/et_pb_section]<\/p>\n","protected":false},"excerpt":{"rendered":"<p>One-stop shopP\u00fcnktlicheLieferungIndependent technical adviceAnderson Power\u2122 Compact Power SteckverbinderMit den Anderson Power\u2122 Power Drawer-Steckern haben unsere Kunden mehr Auswahl denn je, um ihre Anforderungen an den Stromanschluss zu erf\u00fcllen. Diese Stecker f\u00fcr gemischten Strom- und Signalabgriff werden nach hohen Qualit\u00e4tsstandards gefertigt. Die Schubladenserie kann f\u00fcr eine breite Palette von schubladenartigen Anwendungen wie Gleichrichter, Gro\u00dfrechner, Telekommunikations- und [&hellip;]<\/p>\n","protected":false},"author":1,"featured_media":0,"parent":4871,"menu_order":0,"comment_status":"closed","ping_status":"closed","template":"","meta":{"_et_pb_use_builder":"on","_et_pb_old_content":"","_et_gb_content_width":"","om_disable_all_campaigns":false,"inline_featured_image":false,"_monsterinsights_skip_tracking":false,"_monsterinsights_sitenote_active":false,"_monsterinsights_sitenote_note":"","_monsterinsights_sitenote_category":0,"_uf_show_specific_survey":0,"_uf_disable_surveys":false,"footnotes":""},"class_list":["post-5027","page","type-page","status-publish","hentry"],"yoast_head":"<!-- This site is optimized with the Yoast SEO plugin v27.4 - https:\/\/yoast.com\/product\/yoast-seo-wordpress\/ -->\n<title>Anderson Power\u2122 Compact Power Steckverbinder - Vandapower<\/title>\n<meta name=\"description\" content=\"Mit den Power Drawer-Steckern von Anderson Power Products haben unsere Kunden mehr Auswahl denn je, um ihre Anforderungen an den Stromanschluss zu erf\u00fcllen. Diese Stecker f\u00fcr gemischten Strom- und Signalabgriff werden nach hohen Qualit\u00e4tsstandards gefertigt. Die Schubladenserie kann f\u00fcr eine breite Palette von schubladenartigen Anwendungen wie Gleichrichter, Gro\u00dfrechner, Telekommunikations- und Netzwerkger\u00e4te verwendet werden. Es gibt auch die sehr einfach zu bedienende und flexible Powermod HP-Serie mit Schutzart IP20 und Ber\u00fchrungsschutz der Steckerbuchse.\" \/>\n<meta name=\"robots\" content=\"index, follow, max-snippet:-1, max-image-preview:large, max-video-preview:-1\" \/>\n<link rel=\"canonical\" href=\"https:\/\/vandapower.com\/de\/batteriekomponenten\/steckverbinder\/app-compact-power-steckverbinder\/\" \/>\n<meta property=\"og:locale\" content=\"de_DE\" \/>\n<meta property=\"og:type\" content=\"article\" \/>\n<meta property=\"og:title\" content=\"Anderson Power\u2122 Compact Power Steckverbinder - Vandapower\" \/>\n<meta property=\"og:description\" content=\"Mit den Power Drawer-Steckern von Anderson Power Products haben unsere Kunden mehr Auswahl denn je, um ihre Anforderungen an den Stromanschluss zu erf\u00fcllen. Diese Stecker f\u00fcr gemischten Strom- und Signalabgriff werden nach hohen Qualit\u00e4tsstandards gefertigt. Die Schubladenserie kann f\u00fcr eine breite Palette von schubladenartigen Anwendungen wie Gleichrichter, Gro\u00dfrechner, Telekommunikations- und Netzwerkger\u00e4te verwendet werden. Es gibt auch die sehr einfach zu bedienende und flexible Powermod HP-Serie mit Schutzart IP20 und Ber\u00fchrungsschutz der Steckerbuchse.\" \/>\n<meta property=\"og:url\" content=\"https:\/\/vandapower.com\/de\/batteriekomponenten\/steckverbinder\/app-compact-power-steckverbinder\/\" \/>\n<meta property=\"og:site_name\" content=\"Vandapower | Components and Cable Assemblies for Industrial Batteries\" \/>\n<meta property=\"article:modified_time\" content=\"2023-06-13T09:12:55+00:00\" \/>\n<meta name=\"twitter:card\" content=\"summary_large_image\" \/>\n<meta name=\"twitter:label1\" content=\"Gesch\u00e4tzte Lesezeit\" \/>\n\t<meta name=\"twitter:data1\" content=\"4\u00a0Minuten\" \/>\n<script type=\"application\/ld+json\" class=\"yoast-schema-graph\">{\"@context\":\"https:\\\/\\\/schema.org\",\"@graph\":[{\"@type\":\"WebPage\",\"@id\":\"https:\\\/\\\/vandapower.com\\\/de\\\/batteriekomponenten\\\/steckverbinder\\\/app-compact-power-steckverbinder\\\/\",\"url\":\"https:\\\/\\\/vandapower.com\\\/de\\\/batteriekomponenten\\\/steckverbinder\\\/app-compact-power-steckverbinder\\\/\",\"name\":\"Anderson Power\u2122 Compact Power Steckverbinder - Vandapower\",\"isPartOf\":{\"@id\":\"https:\\\/\\\/vandapower.com\\\/be-nl\\\/#website\"},\"datePublished\":\"2021-10-20T21:42:19+00:00\",\"dateModified\":\"2023-06-13T09:12:55+00:00\",\"description\":\"Mit den Power Drawer-Steckern von Anderson Power Products haben unsere Kunden mehr Auswahl denn je, um ihre Anforderungen an den Stromanschluss zu erf\u00fcllen. Diese Stecker f\u00fcr gemischten Strom- und Signalabgriff werden nach hohen Qualit\u00e4tsstandards gefertigt. Die Schubladenserie kann f\u00fcr eine breite Palette von schubladenartigen Anwendungen wie Gleichrichter, Gro\u00dfrechner, Telekommunikations- und Netzwerkger\u00e4te verwendet werden. Es gibt auch die sehr einfach zu bedienende und flexible Powermod HP-Serie mit Schutzart IP20 und Ber\u00fchrungsschutz der Steckerbuchse.\",\"breadcrumb\":{\"@id\":\"https:\\\/\\\/vandapower.com\\\/de\\\/batteriekomponenten\\\/steckverbinder\\\/app-compact-power-steckverbinder\\\/#breadcrumb\"},\"inLanguage\":\"de\",\"potentialAction\":[{\"@type\":\"ReadAction\",\"target\":[\"https:\\\/\\\/vandapower.com\\\/de\\\/batteriekomponenten\\\/steckverbinder\\\/app-compact-power-steckverbinder\\\/\"]}]},{\"@type\":\"BreadcrumbList\",\"@id\":\"https:\\\/\\\/vandapower.com\\\/de\\\/batteriekomponenten\\\/steckverbinder\\\/app-compact-power-steckverbinder\\\/#breadcrumb\",\"itemListElement\":[{\"@type\":\"ListItem\",\"position\":1,\"name\":\"Home\",\"item\":\"https:\\\/\\\/vandapower.com\\\/de\\\/\"},{\"@type\":\"ListItem\",\"position\":2,\"name\":\"Produkte\",\"item\":\"https:\\\/\\\/vandapower.com\\\/de\\\/batteriekomponenten\\\/\"},{\"@type\":\"ListItem\",\"position\":3,\"name\":\"Steckverbinder\",\"item\":\"https:\\\/\\\/vandapower.com\\\/de\\\/batteriekomponenten\\\/steckverbinder\\\/\"},{\"@type\":\"ListItem\",\"position\":4,\"name\":\"Anderson Power\u2122 Compact Power Steckverbinder\"}]},{\"@type\":\"WebSite\",\"@id\":\"https:\\\/\\\/vandapower.com\\\/be-nl\\\/#website\",\"url\":\"https:\\\/\\\/vandapower.com\\\/be-nl\\\/\",\"name\":\"Vandapower | Components and Cable Assemblies for Industrial Batteries\",\"description\":\"Through our product knowledge, our buffer stock and our flexible organization, we can deliver your components for industrial batteries quickly and customized to your needs\",\"publisher\":{\"@id\":\"https:\\\/\\\/vandapower.com\\\/be-nl\\\/#organization\"},\"potentialAction\":[{\"@type\":\"SearchAction\",\"target\":{\"@type\":\"EntryPoint\",\"urlTemplate\":\"https:\\\/\\\/vandapower.com\\\/be-nl\\\/?s={search_term_string}\"},\"query-input\":{\"@type\":\"PropertyValueSpecification\",\"valueRequired\":true,\"valueName\":\"search_term_string\"}}],\"inLanguage\":\"de\"},{\"@type\":\"Organization\",\"@id\":\"https:\\\/\\\/vandapower.com\\\/be-nl\\\/#organization\",\"name\":\"Vandapower\",\"url\":\"https:\\\/\\\/vandapower.com\\\/be-nl\\\/\",\"logo\":{\"@type\":\"ImageObject\",\"inLanguage\":\"de\",\"@id\":\"https:\\\/\\\/vandapower.com\\\/be-nl\\\/#\\\/schema\\\/logo\\\/image\\\/\",\"url\":\"https:\\\/\\\/vandapower.eu\\\/wp-content\\\/uploads\\\/2021\\\/07\\\/logo-Vandapower-tagline.svg\",\"contentUrl\":\"https:\\\/\\\/vandapower.eu\\\/wp-content\\\/uploads\\\/2021\\\/07\\\/logo-Vandapower-tagline.svg\",\"width\":1321,\"height\":1088,\"caption\":\"Vandapower\"},\"image\":{\"@id\":\"https:\\\/\\\/vandapower.com\\\/be-nl\\\/#\\\/schema\\\/logo\\\/image\\\/\"}}]}<\/script>\n<!-- \/ Yoast SEO plugin. -->","yoast_head_json":{"title":"Anderson Power\u2122 Compact Power Steckverbinder - Vandapower","description":"Mit den Power Drawer-Steckern von Anderson Power Products haben unsere Kunden mehr Auswahl denn je, um ihre Anforderungen an den Stromanschluss zu erf\u00fcllen. Diese Stecker f\u00fcr gemischten Strom- und Signalabgriff werden nach hohen Qualit\u00e4tsstandards gefertigt. Die Schubladenserie kann f\u00fcr eine breite Palette von schubladenartigen Anwendungen wie Gleichrichter, Gro\u00dfrechner, Telekommunikations- und Netzwerkger\u00e4te verwendet werden. Es gibt auch die sehr einfach zu bedienende und flexible Powermod HP-Serie mit Schutzart IP20 und Ber\u00fchrungsschutz der Steckerbuchse.","robots":{"index":"index","follow":"follow","max-snippet":"max-snippet:-1","max-image-preview":"max-image-preview:large","max-video-preview":"max-video-preview:-1"},"canonical":"https:\/\/vandapower.com\/de\/batteriekomponenten\/steckverbinder\/app-compact-power-steckverbinder\/","og_locale":"de_DE","og_type":"article","og_title":"Anderson Power\u2122 Compact Power Steckverbinder - Vandapower","og_description":"Mit den Power Drawer-Steckern von Anderson Power Products haben unsere Kunden mehr Auswahl denn je, um ihre Anforderungen an den Stromanschluss zu erf\u00fcllen. Diese Stecker f\u00fcr gemischten Strom- und Signalabgriff werden nach hohen Qualit\u00e4tsstandards gefertigt. Die Schubladenserie kann f\u00fcr eine breite Palette von schubladenartigen Anwendungen wie Gleichrichter, Gro\u00dfrechner, Telekommunikations- und Netzwerkger\u00e4te verwendet werden. Es gibt auch die sehr einfach zu bedienende und flexible Powermod HP-Serie mit Schutzart IP20 und Ber\u00fchrungsschutz der Steckerbuchse.","og_url":"https:\/\/vandapower.com\/de\/batteriekomponenten\/steckverbinder\/app-compact-power-steckverbinder\/","og_site_name":"Vandapower | Components and Cable Assemblies for Industrial Batteries","article_modified_time":"2023-06-13T09:12:55+00:00","twitter_card":"summary_large_image","twitter_misc":{"Gesch\u00e4tzte Lesezeit":"4\u00a0Minuten"},"schema":{"@context":"https:\/\/schema.org","@graph":[{"@type":"WebPage","@id":"https:\/\/vandapower.com\/de\/batteriekomponenten\/steckverbinder\/app-compact-power-steckverbinder\/","url":"https:\/\/vandapower.com\/de\/batteriekomponenten\/steckverbinder\/app-compact-power-steckverbinder\/","name":"Anderson Power\u2122 Compact Power Steckverbinder - Vandapower","isPartOf":{"@id":"https:\/\/vandapower.com\/be-nl\/#website"},"datePublished":"2021-10-20T21:42:19+00:00","dateModified":"2023-06-13T09:12:55+00:00","description":"Mit den Power Drawer-Steckern von Anderson Power Products haben unsere Kunden mehr Auswahl denn je, um ihre Anforderungen an den Stromanschluss zu erf\u00fcllen. Diese Stecker f\u00fcr gemischten Strom- und Signalabgriff werden nach hohen Qualit\u00e4tsstandards gefertigt. Die Schubladenserie kann f\u00fcr eine breite Palette von schubladenartigen Anwendungen wie Gleichrichter, Gro\u00dfrechner, Telekommunikations- und Netzwerkger\u00e4te verwendet werden. Es gibt auch die sehr einfach zu bedienende und flexible Powermod HP-Serie mit Schutzart IP20 und Ber\u00fchrungsschutz der Steckerbuchse.","breadcrumb":{"@id":"https:\/\/vandapower.com\/de\/batteriekomponenten\/steckverbinder\/app-compact-power-steckverbinder\/#breadcrumb"},"inLanguage":"de","potentialAction":[{"@type":"ReadAction","target":["https:\/\/vandapower.com\/de\/batteriekomponenten\/steckverbinder\/app-compact-power-steckverbinder\/"]}]},{"@type":"BreadcrumbList","@id":"https:\/\/vandapower.com\/de\/batteriekomponenten\/steckverbinder\/app-compact-power-steckverbinder\/#breadcrumb","itemListElement":[{"@type":"ListItem","position":1,"name":"Home","item":"https:\/\/vandapower.com\/de\/"},{"@type":"ListItem","position":2,"name":"Produkte","item":"https:\/\/vandapower.com\/de\/batteriekomponenten\/"},{"@type":"ListItem","position":3,"name":"Steckverbinder","item":"https:\/\/vandapower.com\/de\/batteriekomponenten\/steckverbinder\/"},{"@type":"ListItem","position":4,"name":"Anderson Power\u2122 Compact Power Steckverbinder"}]},{"@type":"WebSite","@id":"https:\/\/vandapower.com\/be-nl\/#website","url":"https:\/\/vandapower.com\/be-nl\/","name":"Vandapower | Components and Cable Assemblies for Industrial Batteries","description":"Through our product knowledge, our buffer stock and our flexible organization, we can deliver your components for industrial batteries quickly and customized to your needs","publisher":{"@id":"https:\/\/vandapower.com\/be-nl\/#organization"},"potentialAction":[{"@type":"SearchAction","target":{"@type":"EntryPoint","urlTemplate":"https:\/\/vandapower.com\/be-nl\/?s={search_term_string}"},"query-input":{"@type":"PropertyValueSpecification","valueRequired":true,"valueName":"search_term_string"}}],"inLanguage":"de"},{"@type":"Organization","@id":"https:\/\/vandapower.com\/be-nl\/#organization","name":"Vandapower","url":"https:\/\/vandapower.com\/be-nl\/","logo":{"@type":"ImageObject","inLanguage":"de","@id":"https:\/\/vandapower.com\/be-nl\/#\/schema\/logo\/image\/","url":"https:\/\/vandapower.eu\/wp-content\/uploads\/2021\/07\/logo-Vandapower-tagline.svg","contentUrl":"https:\/\/vandapower.eu\/wp-content\/uploads\/2021\/07\/logo-Vandapower-tagline.svg","width":1321,"height":1088,"caption":"Vandapower"},"image":{"@id":"https:\/\/vandapower.com\/be-nl\/#\/schema\/logo\/image\/"}}]}},"_links":{"self":[{"href":"https:\/\/vandapower.com\/de\/wp-json\/wp\/v2\/pages\/5027","targetHints":{"allow":["GET"]}}],"collection":[{"href":"https:\/\/vandapower.com\/de\/wp-json\/wp\/v2\/pages"}],"about":[{"href":"https:\/\/vandapower.com\/de\/wp-json\/wp\/v2\/types\/page"}],"author":[{"embeddable":true,"href":"https:\/\/vandapower.com\/de\/wp-json\/wp\/v2\/users\/1"}],"replies":[{"embeddable":true,"href":"https:\/\/vandapower.com\/de\/wp-json\/wp\/v2\/comments?post=5027"}],"version-history":[{"count":9,"href":"https:\/\/vandapower.com\/de\/wp-json\/wp\/v2\/pages\/5027\/revisions"}],"predecessor-version":[{"id":20725,"href":"https:\/\/vandapower.com\/de\/wp-json\/wp\/v2\/pages\/5027\/revisions\/20725"}],"up":[{"embeddable":true,"href":"https:\/\/vandapower.com\/de\/wp-json\/wp\/v2\/pages\/4871"}],"wp:attachment":[{"href":"https:\/\/vandapower.com\/de\/wp-json\/wp\/v2\/media?parent=5027"}],"curies":[{"name":"wp","href":"https:\/\/api.w.org\/{rel}","templated":true}]}}