{"id":4970,"date":"2021-10-20T20:34:00","date_gmt":"2021-10-20T20:34:00","guid":{"rendered":"https:\/\/vandapower.eu\/experte-fuer-technik-und-produkte\/"},"modified":"2021-11-05T08:20:47","modified_gmt":"2021-11-05T08:20:47","slug":"experte-fuer-technik-und-produkte","status":"publish","type":"page","link":"https:\/\/vandapower.com\/de\/stellenangebote\/experte-fuer-technik-und-produkte\/","title":{"rendered":"Experte f\u00fcr Technik und Produkte"},"content":{"rendered":"<p>[et_pb_section fb_built=&#8220;1&#8243; _builder_version=&#8220;4.9.7&#8243; _module_preset=&#8220;default&#8220; custom_padding=&#8220;0px||0px||true|false&#8220;][et_pb_row module_class=&#8220;usp-header&#8220; _builder_version=&#8220;4.9.7&#8243; _module_preset=&#8220;default&#8220; custom_padding=&#8220;||0px||false|false&#8220; global_module=&#8220;2256&#8243; saved_tabs=&#8220;all&#8220;][et_pb_column type=&#8220;4_4&#8243; _builder_version=&#8220;4.9.7&#8243; _module_preset=&#8220;default&#8220;][et_pb_blurb image=&#8220;https:\/\/vandapower.eu\/wp-content\/uploads\/\/2021\/07\/One-stop-Shop.svg&#8220; icon_placement=&#8220;left&#8220; image_max_width=&#8220;20px&#8220; _builder_version=&#8220;4.9.7&#8243; _module_preset=&#8220;default&#8220; body_font_size=&#8220;14px&#8220; body_line_height=&#8220;1.4em&#8220; width=&#8220;13%&#8220; width_tablet=&#8220;30%&#8220; width_phone=&#8220;100%&#8220; width_last_edited=&#8220;on|phone&#8220; custom_margin=&#8220;0px||10px||false|false&#8220; custom_padding=&#8220;||0px|0px|false|false&#8220; link_option_url=&#8220;https:\/\/vandapower.eu\/de\/warum-vandapower\/#onestop&#8220; custom_css_main_element=&#8220;display: inline-block;||&#8220; content__hover_enabled=&#8220;on|hover&#8220; content__hover=&#8220;<\/p>\n<p><span style=%22text-decoration: underline;%22><span class=%22red%22>One-stop<\/span> shop<\/span><\/p>\n<p>&#8222;]<\/p>\n<p><span class=\"red\">One-stop<\/span> shop<\/p>\n<p>[\/et_pb_blurb][et_pb_blurb image=&#8220;https:\/\/vandapower.eu\/wp-content\/uploads\/\/2021\/07\/On-time-Delivery.svg&#8220; icon_placement=&#8220;left&#8220; image_max_width=&#8220;20px&#8220; _builder_version=&#8220;4.9.7&#8243; _module_preset=&#8220;default&#8220; body_font_size=&#8220;14px&#8220; body_line_height=&#8220;1.4em&#8220; width=&#8220;13%&#8220; width_tablet=&#8220;30%&#8220; width_phone=&#8220;100%&#8220; width_last_edited=&#8220;on|phone&#8220; custom_margin=&#8220;0px||10px||false|false&#8220; custom_padding=&#8220;||0px|0px|false|false&#8220; link_option_url=&#8220;https:\/\/vandapower.eu\/de\/warum-vandapower\/#ontime&#8220; custom_css_main_element=&#8220;display: inline-block;&#8220; content__hover_enabled=&#8220;on|hover&#8220; content__hover=&#8220;<\/p>\n<p><span style=%22text-decoration: underline;%22><span class=%22red%22>Tijdige<\/span> levering<\/span><\/p>\n<p>&#8222;]<\/p>\n<p><span class=\"red\">P\u00fcnktliche<\/span>Lieferung<\/p>\n<p>[\/et_pb_blurb][et_pb_blurb image=&#8220;https:\/\/vandapower.eu\/wp-content\/uploads\/\/2021\/07\/Independent-Technical-Advice.svg&#8220; icon_placement=&#8220;left&#8220; image_max_width=&#8220;18px&#8220; _builder_version=&#8220;4.9.7&#8243; _module_preset=&#8220;default&#8220; body_font_size=&#8220;14px&#8220; body_line_height=&#8220;2em&#8220; width=&#8220;25%&#8220; width_tablet=&#8220;39%&#8220; width_phone=&#8220;100%&#8220; width_last_edited=&#8220;on|phone&#8220; custom_margin=&#8220;||5px||false|false&#8220; custom_padding=&#8220;||0px|0px|false|false&#8220; link_option_url=&#8220;https:\/\/vandapower.eu\/de\/warum-vandapower\/#independent&#8220; custom_css_main_element=&#8220;display: inline-block;&#8220; content__hover_enabled=&#8220;on|hover&#8220; content__hover=&#8220;<\/p>\n<p><span style=%22text-decoration: underline;%22>Onafhankelijk <span class=%22red%22>technisch advies<\/span><\/span><\/p>\n<p>&#8222;]<\/p>\n<p>Unabh\u00e4ngige <span class=\"red\">technische Beratung<\/span><\/p>\n<p>[\/et_pb_blurb][\/et_pb_column][\/et_pb_row][et_pb_row _builder_version=&#8220;4.9.7&#8243; _module_preset=&#8220;default&#8220; custom_margin=&#8220;0px||||false|false&#8220; custom_padding=&#8220;0px||0px||true|false&#8220;][et_pb_column type=&#8220;4_4&#8243; _builder_version=&#8220;4.9.7&#8243; _module_preset=&#8220;default&#8220;][et_pb_code _builder_version=&#8220;4.9.7&#8243; _module_preset=&#8220;default&#8220; custom_margin=&#8220;15px||0px||false|false&#8220;]<span><span><a href=\"https:\/\/vandapower.com\/de\/\">Home<\/a><\/span><\/span>[\/et_pb_code][\/et_pb_column][\/et_pb_row][\/et_pb_section][et_pb_section fb_built=&#8220;1&#8243; _builder_version=&#8220;4.9.7&#8243; _module_preset=&#8220;default&#8220; custom_padding=&#8220;0px||0px||false|false&#8220;][et_pb_row _builder_version=&#8220;4.9.7&#8243; _module_preset=&#8220;default&#8220;][et_pb_column type=&#8220;4_4&#8243; _builder_version=&#8220;4.9.7&#8243; _module_preset=&#8220;default&#8220;][et_pb_text _builder_version=&#8220;4.9.7&#8243; _module_preset=&#8220;default&#8220; hover_enabled=&#8220;0&#8243; sticky_enabled=&#8220;0&#8243;]<\/p>\n<h1>Experte f\u00fcr Technik und Produkte<\/h1>\n<p>[\/et_pb_text][et_pb_image src=&#8220;https:\/\/vandapower.eu\/wp-content\/uploads\/2021\/07\/top-vacature.jpg&#8220; _builder_version=&#8220;4.9.7&#8243; _module_preset=&#8220;default&#8220; title_text=&#8220;Top-Vakanz&#8220; hover_enabled=&#8220;0&#8243; sticky_enabled=&#8220;0&#8243;][\/et_pb_image][et_pb_text _builder_version=&#8220;4.9.7&#8243; _module_preset=&#8220;default&#8220; custom_margin=&#8220;||2px||false|false&#8220; hover_enabled=&#8220;0&#8243; sticky_enabled=&#8220;0&#8243;]<\/p>\n<p><strong>Wer ist Vandapower?<\/strong><\/p>\n<p><strong><span>Vandapower<\/span><\/strong>ist ein schnell wachsendes Unternehmen. Das Unternehmen ist Marktf\u00fchrer in der Nische des Vertriebs von Komponenten f\u00fcr Industriebatterien und verschiedene andere M\u00e4rkte. Unsere Kunden sind sowohl unabh\u00e4ngige KMU als auch multinationale Konzerne. \u00dcber unsere Niederlassungen in Oosterzele (Belgien) und Austin (Texas) bedienen wir Kunden in aller Welt.<\/p>\n<p>Wir sind bestrebt, unsere F\u00fchrungsposition in neuen M\u00e4rkten und Regionen auszubauen. Erm\u00f6glicht wird dies durch die Kombination unserer klaren Werte, talentierter Mitarbeiter, einer agilen Organisation und einem starken Fokus auf Kundenn\u00e4he, Marktkenntnis und Servicequalit\u00e4t.<\/p>\n<p><strong>Wen suchen wir?<\/strong><\/p>\n<p>Wir suchen <span>einen<\/span><strong><span>Technical &amp; Product Expert<\/span><\/strong> in Oosterzele zur Unterst\u00fctzung unserer Expansion in Europa, insbesondere auf dem Markt f\u00fcr Komponenten f\u00fcr die Elektromobilit\u00e4t.<\/p>\n<p>Als Technik- und Produktexperte werden Sie zur technischen Autorit\u00e4t f\u00fcr E-Mobilit\u00e4tskomponenten, insbesondere Elektromotorsteuerungen, Elektromotoren, Schalter und zugeh\u00f6rige Teile.<\/p>\n<p><span>Zu<\/span>Ihren <strong>Aufgaben<\/strong>geh\u00f6ren <span>unter anderem:<\/span><\/p>\n<p><strong>Technische Unterst\u00fctzung<\/strong><\/p>\n<ul>\n<li>Bereitstellung von produktbezogenen und technischen Informationen und Beratung f\u00fcr interne und externe Kunden nach Bedarf.<\/li>\n<li>Unterst\u00fctzung von Kunden bei der Entwicklung und Validierung von Antriebsstrangl\u00f6sungen unter Einbeziehung unserer Produktlinien.<\/li>\n<li>Schulung der Kollegen, damit sie sich nach M\u00f6glichkeit selbst versorgen k\u00f6nnen.<\/li>\n<li>Verwaltung und Durchf\u00fchrung kleinerer FuE-Projekte.<\/li>\n<\/ul>\n<p><strong>Produktportfolio-Management und Produktentwicklung<\/strong><\/p>\n<ul>\n<li>Als Teil des globalen Produktmanagement-Teams spezifizieren, suchen und implementieren Sie neue Produkte im Einklang mit der Unternehmensstrategie.<\/li>\n<li>Sie validieren neue Produkte, erstellen sie im ERP-System und stellen sicher, dass sie verkaufsf\u00e4hig sind.<\/li>\n<li>Bereitstellung der erforderlichen internen und externen Unterlagen und Schulungsmaterialien.<\/li>\n<li>Definieren Sie kundenspezifische Baugruppen oder Konfigurationen und garantieren Sie die \u00dcbereinstimmung mit den Anforderungen des Kunden. Bereitstellung klarer Produktionsrichtlinien, Schulungen und proaktiver Kommunikation f\u00fcr das Produktionsteam. <\/li>\n<\/ul>\n<p><strong>Management der Produktqualit\u00e4t<\/strong><\/p>\n<ul>\n<li>Analysieren Sie alle Probleme oder Fragen zur Produktqualit\u00e4t.<\/li>\n<li>Durchf\u00fchrung von Produktvalidierungstests sowohl f\u00fcr neue Produkte als auch f\u00fcr Montageverfahren.<\/li>\n<li>Bereitstellung von Input f\u00fcr 8D-Kundenberichte.<\/li>\n<\/ul>\n<p><strong>Sind Sie die richtige Person?<\/strong><\/p>\n<ul>\n<li>Sie haben einen Abschluss in<span> <\/span><strong>Technik<\/strong><span> <\/span>oder \u00e4hnliches durch Erfahrung. Sie haben technische Erfahrung in den Bereichen E-Mobilit\u00e4t, Elektromotoren und\/oder Antriebsstrangl\u00f6sungen. Sie sprechen flie\u00dfend<span> <\/span><strong>Englisch<\/strong><span> <\/span>und Sie verf\u00fcgen vorzugsweise \u00fcber (Grund-)Kenntnisse in<span> <\/span><strong>Niederl\u00e4ndisch.<\/strong><\/li>\n<li>Sie sind<span> <\/span><strong><span>l\u00f6sungsorientiert<\/span><\/strong>und<span> <\/span><strong>analytisch.<\/strong> Sie k\u00f6nnen komplizierte technische und Dienstleistungsangebote verstehen und erkl\u00e4ren. Sie arbeiten genau. Sie k\u00f6nnen<span> <\/span><strong>kaufm\u00e4nnisch denken<\/strong><span> <\/span>und die Arbeit mit Kunden. Sie sind mit dem Computer vertraut.<\/li>\n<li>Sie sind<span> <\/span><strong>unternehmerisch denkend, schnell lernend und hartn\u00e4ckig.<\/strong> Sie denken vorausschauend und ergreifen unerm\u00fcdlich Initiativen, um den Erfolg zu steigern. Sie haben eine Erfolgsbilanz von<span> <\/span><strong>\u00dcbererf\u00fcllung.<\/strong> Sie haben eine echte Hands-on-Mentalit\u00e4t.<\/li>\n<li>Sie haben \u00fcberlegene<span> <\/span><strong>Kommunikation<\/strong><span> <\/span>F\u00e4higkeiten und makellose Integrit\u00e4t. Unsere Werte wie Geradlinigkeit, Respekt, Zuverl\u00e4ssigkeit und Streben nach Spitzenleistungen sind f\u00fcr Sie selbstverst\u00e4ndlich. Sie akzeptieren Feedback und lernen aus Fehlern.<\/li>\n<\/ul>\n<p><strong>Was bieten wir an?<\/strong><\/p>\n<ul>\n<li>Wir bieten Ihnen eine Schl\u00fcsselrolle in einem<span> <\/span><strong>schnell wachsendes, internationales, spannendes Unternehmen.<\/strong> Wir bieten eine<span> <\/span><strong><span>Vollzeitjob<\/span><\/strong>.<\/li>\n<li>Sie treten einem<span> <\/span><strong><span>dynamisches<\/span><\/strong>Team leidenschaftlicher Menschen, in dem<span> <\/span><strong>Teamarbeit<\/strong><span> <\/span>und<span> <\/span><strong><span>das Streben nach Spitzenleistungen<\/span><\/strong> sind entscheidende Faktoren. Sie reisen gelegentlich.<\/li>\n<li>Wir bieten ein <span>wettbewerbsf\u00e4higes <\/span><strong><span>Gehalt<\/span><\/strong>mit einer wichtigen ergebnisorientierten Komponente<strong><span>,<\/span><\/strong> eine angenehme Atmosph\u00e4re und zahlreiche M\u00f6glichkeiten <span>zur<\/span><strong><span>pers\u00f6nlichen Weiterentwicklung<\/span><\/strong> in einem sich schnell entwickelnden Unternehmen mit einer starken Kultur und Vision.<\/li>\n<\/ul>\n<p><strong>Sind Sie interessiert?<\/strong><\/p>\n<p>Haben Sie das Gef\u00fchl<span> <\/span>durch das Lesen dieser <strong><span>Stellenbeschreibung<\/span><\/strong> ermutigt? Glauben Sie, dass wir Ihre n\u00e4chste Anlaufstelle f\u00fcr Wissen und Erfahrung sein k\u00f6nnen? Senden Sie Ihren Lebenslauf und Ihre Motivation an<span> <\/span><a href=\"mailto:jobs@vandapower.com\">jobs@vandapower.com<\/a><span> <\/span>auf Audrey Van De Velde aufmerksam gemacht.<\/p>\n<p>[\/et_pb_text][\/et_pb_column][\/et_pb_row][et_pb_row _builder_version=&#8220;4.9.7&#8243; _module_preset=&#8220;default&#8220;][et_pb_column _builder_version=&#8220;4.9.7&#8243; _module_preset=&#8220;default&#8220; type=&#8220;4_4&#8243;][et_pb_image src=&#8220;https:\/\/vandapower.eu\/wp-content\/uploads\/2021\/07\/bottom-vacature.jpg&#8220; _builder_version=&#8220;4.9.7&#8243; _module_preset=&#8220;default&#8220; title_text=&#8220;Bodenvakuum&#8220; hover_enabled=&#8220;0&#8243; sticky_enabled=&#8220;0&#8243;][\/et_pb_image][\/et_pb_column][\/et_pb_row][\/et_pb_section]<\/p>\n","protected":false},"excerpt":{"rendered":"<p>One-stop shopP\u00fcnktlicheLieferungUnabh\u00e4ngige technische Beratung<span><span><a href=\"https:\/\/vandapower.com\/de\/\">Home<\/a><\/span><\/span>Experte f\u00fcr Technik und ProdukteWer ist Vandapower? Vandapowerist ein schnell wachsendes Unternehmen. Das Unternehmen ist Marktf\u00fchrer in der Nische des Vertriebs von Komponenten f\u00fcr Industriebatterien und verschiedene andere M\u00e4rkte. Unsere Kunden sind sowohl unabh\u00e4ngige KMU als auch multinationale Konzerne. \u00dcber unsere Niederlassungen in Oosterzele (Belgien) und Austin (Texas) bedienen wir Kunden in [&hellip;]<\/p>\n","protected":false},"author":1,"featured_media":0,"parent":7146,"menu_order":0,"comment_status":"closed","ping_status":"closed","template":"","meta":{"_et_pb_use_builder":"on","_et_pb_old_content":"","_et_gb_content_width":"","om_disable_all_campaigns":false,"inline_featured_image":false,"_monsterinsights_skip_tracking":false,"_monsterinsights_sitenote_active":false,"_monsterinsights_sitenote_note":"","_monsterinsights_sitenote_category":0,"_uf_show_specific_survey":0,"_uf_disable_surveys":false,"footnotes":""},"class_list":["post-4970","page","type-page","status-publish","hentry"],"yoast_head":"<!-- This site is optimized with the Yoast SEO plugin v27.4 - https:\/\/yoast.com\/product\/yoast-seo-wordpress\/ -->\n<title>Experte f\u00fcr Technik und Produkte - Vandapower | Components and Cable Assemblies for Industrial Batteries<\/title>\n<meta name=\"robots\" content=\"index, follow, max-snippet:-1, max-image-preview:large, max-video-preview:-1\" \/>\n<link rel=\"canonical\" href=\"https:\/\/vandapower.com\/de\/stellenangebote\/experte-fuer-technik-und-produkte\/\" \/>\n<meta property=\"og:locale\" content=\"de_DE\" \/>\n<meta property=\"og:type\" content=\"article\" \/>\n<meta property=\"og:title\" content=\"Experte f\u00fcr Technik und Produkte - Vandapower | Components and Cable Assemblies for Industrial Batteries\" \/>\n<meta property=\"og:description\" content=\"One-stop shopP\u00fcnktlicheLieferungUnabh\u00e4ngige technische BeratungExperte f\u00fcr Technik und ProdukteWer ist Vandapower? Vandapowerist ein schnell wachsendes Unternehmen. Das Unternehmen ist Marktf\u00fchrer in der Nische des Vertriebs von Komponenten f\u00fcr Industriebatterien und verschiedene andere M\u00e4rkte. Unsere Kunden sind sowohl unabh\u00e4ngige KMU als auch multinationale Konzerne. \u00dcber unsere Niederlassungen in Oosterzele (Belgien) und Austin (Texas) bedienen wir Kunden in [&hellip;]\" \/>\n<meta property=\"og:url\" content=\"https:\/\/vandapower.com\/de\/stellenangebote\/experte-fuer-technik-und-produkte\/\" \/>\n<meta property=\"og:site_name\" content=\"Vandapower | Components and Cable Assemblies for Industrial Batteries\" \/>\n<meta property=\"article:modified_time\" content=\"2021-11-05T08:20:47+00:00\" \/>\n<meta name=\"twitter:card\" content=\"summary_large_image\" \/>\n<meta name=\"twitter:label1\" content=\"Gesch\u00e4tzte Lesezeit\" \/>\n\t<meta name=\"twitter:data1\" content=\"5\u00a0Minuten\" \/>\n<script type=\"application\/ld+json\" class=\"yoast-schema-graph\">{\"@context\":\"https:\\\/\\\/schema.org\",\"@graph\":[{\"@type\":\"WebPage\",\"@id\":\"https:\\\/\\\/vandapower.com\\\/de\\\/stellenangebote\\\/experte-fuer-technik-und-produkte\\\/\",\"url\":\"https:\\\/\\\/vandapower.com\\\/de\\\/stellenangebote\\\/experte-fuer-technik-und-produkte\\\/\",\"name\":\"Experte f\u00fcr Technik und Produkte - Vandapower | Components and Cable Assemblies for Industrial Batteries\",\"isPartOf\":{\"@id\":\"https:\\\/\\\/vandapower.com\\\/be-nl\\\/#website\"},\"datePublished\":\"2021-10-20T20:34:00+00:00\",\"dateModified\":\"2021-11-05T08:20:47+00:00\",\"breadcrumb\":{\"@id\":\"https:\\\/\\\/vandapower.com\\\/de\\\/stellenangebote\\\/experte-fuer-technik-und-produkte\\\/#breadcrumb\"},\"inLanguage\":\"de\",\"potentialAction\":[{\"@type\":\"ReadAction\",\"target\":[\"https:\\\/\\\/vandapower.com\\\/de\\\/stellenangebote\\\/experte-fuer-technik-und-produkte\\\/\"]}]},{\"@type\":\"BreadcrumbList\",\"@id\":\"https:\\\/\\\/vandapower.com\\\/de\\\/stellenangebote\\\/experte-fuer-technik-und-produkte\\\/#breadcrumb\",\"itemListElement\":[{\"@type\":\"ListItem\",\"position\":1,\"name\":\"Home\",\"item\":\"https:\\\/\\\/vandapower.com\\\/de\\\/\"},{\"@type\":\"ListItem\",\"position\":2,\"name\":\"Stellenangebote\",\"item\":\"https:\\\/\\\/vandapower.com\\\/de\\\/stellenangebote\\\/\"},{\"@type\":\"ListItem\",\"position\":3,\"name\":\"Experte f\u00fcr Technik und Produkte\"}]},{\"@type\":\"WebSite\",\"@id\":\"https:\\\/\\\/vandapower.com\\\/be-nl\\\/#website\",\"url\":\"https:\\\/\\\/vandapower.com\\\/be-nl\\\/\",\"name\":\"Vandapower | Components and Cable Assemblies for Industrial Batteries\",\"description\":\"Through our product knowledge, our buffer stock and our flexible organization, we can deliver your components for industrial batteries quickly and customized to your needs\",\"publisher\":{\"@id\":\"https:\\\/\\\/vandapower.com\\\/be-nl\\\/#organization\"},\"potentialAction\":[{\"@type\":\"SearchAction\",\"target\":{\"@type\":\"EntryPoint\",\"urlTemplate\":\"https:\\\/\\\/vandapower.com\\\/be-nl\\\/?s={search_term_string}\"},\"query-input\":{\"@type\":\"PropertyValueSpecification\",\"valueRequired\":true,\"valueName\":\"search_term_string\"}}],\"inLanguage\":\"de\"},{\"@type\":\"Organization\",\"@id\":\"https:\\\/\\\/vandapower.com\\\/be-nl\\\/#organization\",\"name\":\"Vandapower\",\"url\":\"https:\\\/\\\/vandapower.com\\\/be-nl\\\/\",\"logo\":{\"@type\":\"ImageObject\",\"inLanguage\":\"de\",\"@id\":\"https:\\\/\\\/vandapower.com\\\/be-nl\\\/#\\\/schema\\\/logo\\\/image\\\/\",\"url\":\"https:\\\/\\\/vandapower.eu\\\/wp-content\\\/uploads\\\/2021\\\/07\\\/logo-Vandapower-tagline.svg\",\"contentUrl\":\"https:\\\/\\\/vandapower.eu\\\/wp-content\\\/uploads\\\/2021\\\/07\\\/logo-Vandapower-tagline.svg\",\"width\":1321,\"height\":1088,\"caption\":\"Vandapower\"},\"image\":{\"@id\":\"https:\\\/\\\/vandapower.com\\\/be-nl\\\/#\\\/schema\\\/logo\\\/image\\\/\"}}]}<\/script>\n<!-- \/ Yoast SEO plugin. -->","yoast_head_json":{"title":"Experte f\u00fcr Technik und Produkte - Vandapower | Components and Cable Assemblies for Industrial Batteries","robots":{"index":"index","follow":"follow","max-snippet":"max-snippet:-1","max-image-preview":"max-image-preview:large","max-video-preview":"max-video-preview:-1"},"canonical":"https:\/\/vandapower.com\/de\/stellenangebote\/experte-fuer-technik-und-produkte\/","og_locale":"de_DE","og_type":"article","og_title":"Experte f\u00fcr Technik und Produkte - Vandapower | Components and Cable Assemblies for Industrial Batteries","og_description":"One-stop shopP\u00fcnktlicheLieferungUnabh\u00e4ngige technische BeratungExperte f\u00fcr Technik und ProdukteWer ist Vandapower? Vandapowerist ein schnell wachsendes Unternehmen. Das Unternehmen ist Marktf\u00fchrer in der Nische des Vertriebs von Komponenten f\u00fcr Industriebatterien und verschiedene andere M\u00e4rkte. Unsere Kunden sind sowohl unabh\u00e4ngige KMU als auch multinationale Konzerne. \u00dcber unsere Niederlassungen in Oosterzele (Belgien) und Austin (Texas) bedienen wir Kunden in [&hellip;]","og_url":"https:\/\/vandapower.com\/de\/stellenangebote\/experte-fuer-technik-und-produkte\/","og_site_name":"Vandapower | Components and Cable Assemblies for Industrial Batteries","article_modified_time":"2021-11-05T08:20:47+00:00","twitter_card":"summary_large_image","twitter_misc":{"Gesch\u00e4tzte Lesezeit":"5\u00a0Minuten"},"schema":{"@context":"https:\/\/schema.org","@graph":[{"@type":"WebPage","@id":"https:\/\/vandapower.com\/de\/stellenangebote\/experte-fuer-technik-und-produkte\/","url":"https:\/\/vandapower.com\/de\/stellenangebote\/experte-fuer-technik-und-produkte\/","name":"Experte f\u00fcr Technik und Produkte - Vandapower | Components and Cable Assemblies for Industrial Batteries","isPartOf":{"@id":"https:\/\/vandapower.com\/be-nl\/#website"},"datePublished":"2021-10-20T20:34:00+00:00","dateModified":"2021-11-05T08:20:47+00:00","breadcrumb":{"@id":"https:\/\/vandapower.com\/de\/stellenangebote\/experte-fuer-technik-und-produkte\/#breadcrumb"},"inLanguage":"de","potentialAction":[{"@type":"ReadAction","target":["https:\/\/vandapower.com\/de\/stellenangebote\/experte-fuer-technik-und-produkte\/"]}]},{"@type":"BreadcrumbList","@id":"https:\/\/vandapower.com\/de\/stellenangebote\/experte-fuer-technik-und-produkte\/#breadcrumb","itemListElement":[{"@type":"ListItem","position":1,"name":"Home","item":"https:\/\/vandapower.com\/de\/"},{"@type":"ListItem","position":2,"name":"Stellenangebote","item":"https:\/\/vandapower.com\/de\/stellenangebote\/"},{"@type":"ListItem","position":3,"name":"Experte f\u00fcr Technik und Produkte"}]},{"@type":"WebSite","@id":"https:\/\/vandapower.com\/be-nl\/#website","url":"https:\/\/vandapower.com\/be-nl\/","name":"Vandapower | Components and Cable Assemblies for Industrial Batteries","description":"Through our product knowledge, our buffer stock and our flexible organization, we can deliver your components for industrial batteries quickly and customized to your needs","publisher":{"@id":"https:\/\/vandapower.com\/be-nl\/#organization"},"potentialAction":[{"@type":"SearchAction","target":{"@type":"EntryPoint","urlTemplate":"https:\/\/vandapower.com\/be-nl\/?s={search_term_string}"},"query-input":{"@type":"PropertyValueSpecification","valueRequired":true,"valueName":"search_term_string"}}],"inLanguage":"de"},{"@type":"Organization","@id":"https:\/\/vandapower.com\/be-nl\/#organization","name":"Vandapower","url":"https:\/\/vandapower.com\/be-nl\/","logo":{"@type":"ImageObject","inLanguage":"de","@id":"https:\/\/vandapower.com\/be-nl\/#\/schema\/logo\/image\/","url":"https:\/\/vandapower.eu\/wp-content\/uploads\/2021\/07\/logo-Vandapower-tagline.svg","contentUrl":"https:\/\/vandapower.eu\/wp-content\/uploads\/2021\/07\/logo-Vandapower-tagline.svg","width":1321,"height":1088,"caption":"Vandapower"},"image":{"@id":"https:\/\/vandapower.com\/be-nl\/#\/schema\/logo\/image\/"}}]}},"_links":{"self":[{"href":"https:\/\/vandapower.com\/de\/wp-json\/wp\/v2\/pages\/4970","targetHints":{"allow":["GET"]}}],"collection":[{"href":"https:\/\/vandapower.com\/de\/wp-json\/wp\/v2\/pages"}],"about":[{"href":"https:\/\/vandapower.com\/de\/wp-json\/wp\/v2\/types\/page"}],"author":[{"embeddable":true,"href":"https:\/\/vandapower.com\/de\/wp-json\/wp\/v2\/users\/1"}],"replies":[{"embeddable":true,"href":"https:\/\/vandapower.com\/de\/wp-json\/wp\/v2\/comments?post=4970"}],"version-history":[{"count":12,"href":"https:\/\/vandapower.com\/de\/wp-json\/wp\/v2\/pages\/4970\/revisions"}],"predecessor-version":[{"id":6100,"href":"https:\/\/vandapower.com\/de\/wp-json\/wp\/v2\/pages\/4970\/revisions\/6100"}],"up":[{"embeddable":true,"href":"https:\/\/vandapower.com\/de\/wp-json\/wp\/v2\/pages\/7146"}],"wp:attachment":[{"href":"https:\/\/vandapower.com\/de\/wp-json\/wp\/v2\/media?parent=4970"}],"curies":[{"name":"wp","href":"https:\/\/api.w.org\/{rel}","templated":true}]}}