{"id":4966,"date":"2021-10-20T20:17:58","date_gmt":"2021-10-20T20:17:58","guid":{"rendered":"https:\/\/vandapower.eu\/it-programmierungsspezialist\/"},"modified":"2021-11-05T08:20:48","modified_gmt":"2021-11-05T08:20:48","slug":"it-programmierungsspezialist","status":"publish","type":"page","link":"https:\/\/vandapower.com\/de\/stellenangebote\/it-programmierungsspezialist\/","title":{"rendered":"IT-Programmierungsspezialist"},"content":{"rendered":"<p>[et_pb_section fb_built=&#8220;1&#8243; _builder_version=&#8220;4.9.7&#8243; _module_preset=&#8220;default&#8220; custom_padding=&#8220;0px||0px||true|false&#8220;][et_pb_row module_class=&#8220;usp-header&#8220; _builder_version=&#8220;4.9.7&#8243; _module_preset=&#8220;default&#8220; custom_padding=&#8220;||0px||false|false&#8220; global_module=&#8220;2256&#8243; saved_tabs=&#8220;all&#8220;][et_pb_column type=&#8220;4_4&#8243; _builder_version=&#8220;4.9.7&#8243; _module_preset=&#8220;default&#8220;][et_pb_blurb image=&#8220;https:\/\/vandapower.eu\/wp-content\/uploads\/\/2021\/07\/One-stop-Shop.svg&#8220; icon_placement=&#8220;left&#8220; image_max_width=&#8220;20px&#8220; _builder_version=&#8220;4.9.7&#8243; _module_preset=&#8220;default&#8220; body_font_size=&#8220;14px&#8220; body_line_height=&#8220;1.4em&#8220; width=&#8220;13%&#8220; width_tablet=&#8220;30%&#8220; width_phone=&#8220;100%&#8220; width_last_edited=&#8220;on|phone&#8220; custom_margin=&#8220;0px||10px||false|false&#8220; custom_padding=&#8220;||0px|0px|false|false&#8220; link_option_url=&#8220;https:\/\/vandapower.eu\/de\/warum-vandapower\/#onestop&#8220; custom_css_main_element=&#8220;display: inline-block;||&#8220; content__hover_enabled=&#8220;on|hover&#8220; content__hover=&#8220;<\/p>\n<p><span style=%22text-decoration: underline;%22><span class=%22red%22>One-stop<\/span> shop<\/span><\/p>\n<p>&#8222;]<\/p>\n<p><span class=\"red\">One-stop<\/span> shop<\/p>\n<p>[\/et_pb_blurb][et_pb_blurb image=&#8220;https:\/\/vandapower.eu\/wp-content\/uploads\/\/2021\/07\/On-time-Delivery.svg&#8220; icon_placement=&#8220;left&#8220; image_max_width=&#8220;20px&#8220; _builder_version=&#8220;4.9.7&#8243; _module_preset=&#8220;default&#8220; body_font_size=&#8220;14px&#8220; body_line_height=&#8220;1.4em&#8220; width=&#8220;13%&#8220; width_tablet=&#8220;30%&#8220; width_phone=&#8220;100%&#8220; width_last_edited=&#8220;on|phone&#8220; custom_margin=&#8220;0px||10px||false|false&#8220; custom_padding=&#8220;||0px|0px|false|false&#8220; link_option_url=&#8220;https:\/\/vandapower.eu\/de\/warum-vandapower\/#ontime&#8220; custom_css_main_element=&#8220;display: inline-block;&#8220; content__hover_enabled=&#8220;on|hover&#8220; content__hover=&#8220;<\/p>\n<p><span style=%22text-decoration: underline;%22><span class=%22red%22>Tijdige<\/span> levering<\/span><\/p>\n<p>&#8222;]<\/p>\n<p><span class=\"red\">P\u00fcnktliche<\/span>Lieferung<\/p>\n<p>[\/et_pb_blurb][et_pb_blurb image=&#8220;https:\/\/vandapower.eu\/wp-content\/uploads\/\/2021\/07\/Independent-Technical-Advice.svg&#8220; icon_placement=&#8220;left&#8220; image_max_width=&#8220;18px&#8220; _builder_version=&#8220;4.9.7&#8243; _module_preset=&#8220;default&#8220; body_font_size=&#8220;14px&#8220; body_line_height=&#8220;2em&#8220; width=&#8220;25%&#8220; width_tablet=&#8220;39%&#8220; width_phone=&#8220;100%&#8220; width_last_edited=&#8220;on|phone&#8220; custom_margin=&#8220;||5px||false|false&#8220; custom_padding=&#8220;||0px|0px|false|false&#8220; link_option_url=&#8220;https:\/\/vandapower.eu\/de\/warum-vandapower\/#independent&#8220; custom_css_main_element=&#8220;display: inline-block;&#8220; content__hover_enabled=&#8220;on|hover&#8220; content__hover=&#8220;<\/p>\n<p><span style=%22text-decoration: underline;%22>Onafhankelijk <span class=%22red%22>technisch advies<\/span><\/span><\/p>\n<p>&#8222;]<\/p>\n<p>Unabh\u00e4ngige <span class=\"red\">technische Beratung<\/span><\/p>\n<p>[\/et_pb_blurb][\/et_pb_column][\/et_pb_row][et_pb_row _builder_version=&#8220;4.9.7&#8243; _module_preset=&#8220;default&#8220; custom_margin=&#8220;0px||||false|false&#8220; custom_padding=&#8220;0px||0px||true|false&#8220;][et_pb_column type=&#8220;4_4&#8243; _builder_version=&#8220;4.9.7&#8243; _module_preset=&#8220;default&#8220;][et_pb_code _builder_version=&#8220;4.9.7&#8243; _module_preset=&#8220;default&#8220; custom_margin=&#8220;15px||0px||false|false&#8220;]<span><span><a href=\"https:\/\/vandapower.com\/de\/\">Home<\/a><\/span><\/span>[\/et_pb_code][\/et_pb_column][\/et_pb_row][\/et_pb_section][et_pb_section fb_built=&#8220;1&#8243; _builder_version=&#8220;4.9.7&#8243; _module_preset=&#8220;default&#8220; custom_padding=&#8220;0px||0px||false|false&#8220;][et_pb_row _builder_version=&#8220;4.9.7&#8243; _module_preset=&#8220;default&#8220;][et_pb_column type=&#8220;4_4&#8243; _builder_version=&#8220;4.9.7&#8243; _module_preset=&#8220;default&#8220;][et_pb_text _builder_version=&#8220;4.9.7&#8243; _module_preset=&#8220;default&#8220; hover_enabled=&#8220;0&#8243; sticky_enabled=&#8220;0&#8243;]<\/p>\n<h1>IT-Programmierungsspezialist<\/h1>\n<p>[\/et_pb_text][et_pb_image src=&#8220;https:\/\/vandapower.eu\/wp-content\/uploads\/2021\/07\/top-vacature.jpg&#8220; title_text=&#8220;Top-Vakanz&#8220; _builder_version=&#8220;4.9.7&#8243; _module_preset=&#8220;default&#8220;][\/et_pb_image][et_pb_text _builder_version=&#8220;4.9.7&#8243; _module_preset=&#8220;default&#8220; custom_margin=&#8220;||2px||false|false&#8220; hover_enabled=&#8220;0&#8243; sticky_enabled=&#8220;0&#8243;]<\/p>\n<p><strong>Wer ist Vandapower?<\/strong><\/p>\n<p><strong><span>Vandapower<\/span><\/strong>ist ein schnell wachsendes Unternehmen. Es ist der europ\u00e4ische Marktf\u00fchrer im Nischenmarkt des Vertriebs von Komponenten f\u00fcr Industriebatterien. Unsere Kunden sind sowohl unabh\u00e4ngige KMU als auch multinationale Konzerne. \u00dcber unsere Niederlassungen in Oosterzele (Belgien) und Austin (Texas) bedienen wir Kunden in aller Welt.<\/p>\n<p>Wir sind bestrebt, unsere F\u00fchrungsposition in neuen M\u00e4rkten und Regionen auszubauen. Erm\u00f6glicht wird dies durch die Kombination von starkem Teamgeist, talentierten Mitarbeitern, einer agilen Organisation und einem starken Fokus auf Kundenn\u00e4he und Servicequalit\u00e4t.<\/p>\n<p><strong>Wen suchen wir?<\/strong><\/p>\n<p>Wir suchen einen<span> <\/span><strong>Programmier <\/strong><strong>spezialist<\/strong><span> <\/span>der von allem gebissen wird, was mit<span> <\/span><strong>optimieren<\/strong><span> <\/span>das Arbeitsumfeld. Wie in unserem schnell wachsenden Unternehmen wird Ihre Aufgabenbeschreibung sehr breit gef\u00e4chert, herausfordernd und abwechslungsreich sein.<\/p>\n<p>Zu Ihren Aufgaben geh\u00f6ren:<\/p>\n<p><strong>Rolle der Programmierung<\/strong><\/p>\n<ul>\n<li>Entwicklung unseres ERP-Pakets<\/li>\n<li>Backend-Entwicklung f\u00fcr Unternehmenswebsites<\/li>\n<li>Schreiben leistungsf\u00e4higer zeitkritischer Software f\u00fcr das Windows-\u00d6kosystem<\/li>\n<li>Sie testen die entwickelten Software-Programme und bringen bei Bedarf Verbesserungen ein<\/li>\n<\/ul>\n<p><strong>Fachliche Rolle<\/strong><\/p>\n<p>Kenntnisse in:<\/p>\n<ul>\n<li>Java-Skript<\/li>\n<li>PHP<\/li>\n<li>SQL \/ Databases<\/li>\n<li>Java\/C#<\/li>\n<li>XML<\/li>\n<\/ul>\n<p><strong>Entwicklung<\/strong><\/p>\n<ul>\n<li>Aufbau eines grundlegenden Verst\u00e4ndnisses f\u00fcr das Gesch\u00e4ft und die Dienstleistungen von Vandapower.<\/li>\n<li>Aufbau einer engen Arbeitsbeziehung zu allen beteiligten Teammitgliedern.<\/li>\n<li>Jeder Tag ist eine neue Gelegenheit, am Ver\u00e4nderungsmanagement zu arbeiten, um das Unternehmen wachsen zu lassen.<\/li>\n<li>Probleml\u00f6sung und kritisches Denken sind Kernkompetenzen.<\/li>\n<li>Sie sind teamf\u00e4hig und kommunikationsfreudig. Sie sind flexibel, sowohl im Denken als auch im Handeln.<\/li>\n<li>Sie sind genau, analytisch, lernen, Prozesse auszuarbeiten und zu rationalisieren und nehmen eine kritische Prozessbewertung vor.<\/li>\n<li>Sie k\u00f6nnen gut selbst\u00e4ndig arbeiten und ein Projekt &#8222;von Grund auf&#8220; leiten.<\/li>\n<li>Sie sind zufrieden, wenn Sie L\u00f6sungen finden und im Chaos Struktur finden.<\/li>\n<\/ul>\n<p><strong>Sind Sie die richtige Person?<\/strong><\/p>\n<ul>\n<li>Sie sprechen flie\u00dfend <span>in <\/span><strong><span>Englisch<\/span><\/strong>. andereSprachen sind von Vorteil.<\/li>\n<li>Bachelor Angewandte ICT &#8211; Anwendungsentwicklung.<\/li>\n<li>Neben einer h\u00f6heren und einschl\u00e4gigen Ausbildung (mindestens Bachelor) verf\u00fcgen Sie bereits \u00fcber einige einschl\u00e4gige Erfahrungen. <\/li>\n<li>Sie sind<span> <\/span><strong><span>l\u00f6sungsorientiert<\/span><\/strong> und haben hervorragende<span> <\/span><strong><span>Einblick<\/span><\/strong>in Menschen und<span> <\/span><strong>Emotionale Intelligenz.<\/strong> Sie haben erfolgreich<span> <\/span><strong>erleben<\/strong><span> <\/span>in der IT-Branche, genauer gesagt in einer Programmierfunktion. Sie haben Erfahrung im Umgang mit verschiedenen IT-Tools. <\/li>\n<li>Sie sind<span> <\/span><strong><span>unternehmerisch,<\/span><\/strong> a<span> <\/span><strong>schnell lernend, technisch versiert und hartn\u00e4ckig.<\/strong> Eine echte<span> <\/span><strong>Baumeister.<span> <\/span><\/strong>Sie sind<span> <\/span><strong><span>vorausschauend<\/span><\/strong>denken und immer wieder Initiativen ergreifen, um den Erfolg voranzutreiben.<\/li>\n<li>Sie haben<span> <\/span><strong>hervorragende Kommunikationsf\u00e4higkeiten.<\/strong> Unsere Werte der<span> <\/span><strong>Geradlinige Kommunikation, Respekt, Zuverl\u00e4ssigkeit, Streben nach Spitzenleistungen<\/strong><span> <\/span>sind f\u00fcr Sie offensichtlich. Sie akzeptieren Feedback und Coaching auf einem steilen Lernpfad f\u00fcr sich selbst und f\u00fcr Vandapower. Man lernt aus Fehlern. Ihr direkter Vorgesetzter ist der IT-Manager.<\/li>\n<\/ul>\n<p><strong>Was bieten wir an?<\/strong><\/p>\n<ul>\n<li>Wir bieten Ihnen eine Schl\u00fcsselrolle in einem<span> <\/span><strong>schnell wachsendes, internationales, spannendes Unternehmen.<\/strong> Wir bieten eine<span> <\/span><strong><span>Vollzeitjob<\/span><\/strong>.<\/li>\n<li>Sie arbeiten <span>in<\/span>einem <strong><span>dynamischen<\/span><\/strong>Team von etwa 40 engagierten Mitarbeitern, in <span>dem<\/span><strong>Teamwork<\/strong><span>u<\/span><span>nd<\/span> <strong>Streben nach Spitzenleistungen<\/strong> <span>hoch<\/span>gesch\u00e4tzt werden.<\/li>\n<li>Wir bieten ein <span>wettbewerbsf\u00e4higes<\/span> <strong><span>Gehalt,<\/span><\/strong> eine angenehme Atmosph\u00e4re und zahlreiche M\u00f6glichkeiten <span>zur<\/span><strong><span>pers\u00f6nlichen Weiterentwicklung<\/span><\/strong> in einem sich schnell entwickelnden Unternehmen mit einer starken Kultur und Vision.<\/li>\n<\/ul>\n<p><strong>Sind Sie interessiert?<\/strong><\/p>\n<p>Haben Sie das Gef\u00fchl<span> <\/span>durch das Lesen dieser <strong><span>Stellenausschreibung<\/span><\/strong> angeregt? Glauben Sie, dass wir Ihre n\u00e4chste Steckdose f\u00fcr die Aufladung von Wissen und Energie sein k\u00f6nnen? Senden Sie Ihren Lebenslauf und Ihre Bewerbung an<span> <\/span><a href=\"mailto:jobs@vandapower.com\">jobs@vandapower.com<\/a><span> <\/span>auf Audrey Van De Velde aufmerksam gemacht.<\/p>\n<p>[\/et_pb_text][\/et_pb_column][\/et_pb_row][et_pb_row _builder_version=&#8220;4.9.7&#8243; _module_preset=&#8220;default&#8220;][et_pb_column type=&#8220;4_4&#8243; _builder_version=&#8220;4.9.7&#8243; _module_preset=&#8220;default&#8220;][et_pb_image src=&#8220;https:\/\/vandapower.eu\/wp-content\/uploads\/2021\/07\/bottom-vacature.jpg&#8220; title_text=&#8220;Bodenvakuum&#8220; _builder_version=&#8220;4.9.7&#8243; _module_preset=&#8220;default&#8220;][\/et_pb_image][\/et_pb_column][\/et_pb_row][\/et_pb_section]<\/p>\n","protected":false},"excerpt":{"rendered":"<p>One-stop shopP\u00fcnktlicheLieferungUnabh\u00e4ngige technische Beratung<span><span><a href=\"https:\/\/vandapower.com\/de\/\">Home<\/a><\/span><\/span>IT-ProgrammierungsspezialistWer ist Vandapower? Vandapowerist ein schnell wachsendes Unternehmen. Es ist der europ\u00e4ische Marktf\u00fchrer im Nischenmarkt des Vertriebs von Komponenten f\u00fcr Industriebatterien. Unsere Kunden sind sowohl unabh\u00e4ngige KMU als auch multinationale Konzerne. \u00dcber unsere Niederlassungen in Oosterzele (Belgien) und Austin (Texas) bedienen wir Kunden in aller Welt. Wir sind bestrebt, unsere F\u00fchrungsposition in [&hellip;]<\/p>\n","protected":false},"author":1,"featured_media":0,"parent":7146,"menu_order":0,"comment_status":"closed","ping_status":"closed","template":"","meta":{"_et_pb_use_builder":"on","_et_pb_old_content":"","_et_gb_content_width":"","om_disable_all_campaigns":false,"inline_featured_image":false,"_monsterinsights_skip_tracking":false,"_monsterinsights_sitenote_active":false,"_monsterinsights_sitenote_note":"","_monsterinsights_sitenote_category":0,"_uf_show_specific_survey":0,"_uf_disable_surveys":false,"footnotes":""},"class_list":["post-4966","page","type-page","status-publish","hentry"],"yoast_head":"<!-- This site is optimized with the Yoast SEO plugin v27.3 - https:\/\/yoast.com\/product\/yoast-seo-wordpress\/ -->\n<title>IT-Programmierungsspezialist - Vandapower | Components and Cable Assemblies for Industrial Batteries<\/title>\n<meta name=\"robots\" content=\"index, follow, max-snippet:-1, max-image-preview:large, max-video-preview:-1\" \/>\n<link rel=\"canonical\" href=\"https:\/\/vandapower.com\/de\/stellenangebote\/it-programmierungsspezialist\/\" \/>\n<meta property=\"og:locale\" content=\"de_DE\" \/>\n<meta property=\"og:type\" content=\"article\" \/>\n<meta property=\"og:title\" content=\"IT-Programmierungsspezialist - Vandapower | Components and Cable Assemblies for Industrial Batteries\" \/>\n<meta property=\"og:description\" content=\"One-stop shopP\u00fcnktlicheLieferungUnabh\u00e4ngige technische BeratungIT-ProgrammierungsspezialistWer ist Vandapower? Vandapowerist ein schnell wachsendes Unternehmen. Es ist der europ\u00e4ische Marktf\u00fchrer im Nischenmarkt des Vertriebs von Komponenten f\u00fcr Industriebatterien. Unsere Kunden sind sowohl unabh\u00e4ngige KMU als auch multinationale Konzerne. \u00dcber unsere Niederlassungen in Oosterzele (Belgien) und Austin (Texas) bedienen wir Kunden in aller Welt. Wir sind bestrebt, unsere F\u00fchrungsposition in [&hellip;]\" \/>\n<meta property=\"og:url\" content=\"https:\/\/vandapower.com\/de\/stellenangebote\/it-programmierungsspezialist\/\" \/>\n<meta property=\"og:site_name\" content=\"Vandapower | Components and Cable Assemblies for Industrial Batteries\" \/>\n<meta property=\"article:modified_time\" content=\"2021-11-05T08:20:48+00:00\" \/>\n<meta name=\"twitter:card\" content=\"summary_large_image\" \/>\n<meta name=\"twitter:label1\" content=\"Gesch\u00e4tzte Lesezeit\" \/>\n\t<meta name=\"twitter:data1\" content=\"5\u00a0Minuten\" \/>\n<script type=\"application\/ld+json\" class=\"yoast-schema-graph\">{\"@context\":\"https:\\\/\\\/schema.org\",\"@graph\":[{\"@type\":\"WebPage\",\"@id\":\"https:\\\/\\\/vandapower.com\\\/de\\\/stellenangebote\\\/it-programmierungsspezialist\\\/\",\"url\":\"https:\\\/\\\/vandapower.com\\\/de\\\/stellenangebote\\\/it-programmierungsspezialist\\\/\",\"name\":\"IT-Programmierungsspezialist - Vandapower | Components and Cable Assemblies for Industrial Batteries\",\"isPartOf\":{\"@id\":\"https:\\\/\\\/vandapower.com\\\/be-nl\\\/#website\"},\"datePublished\":\"2021-10-20T20:17:58+00:00\",\"dateModified\":\"2021-11-05T08:20:48+00:00\",\"breadcrumb\":{\"@id\":\"https:\\\/\\\/vandapower.com\\\/de\\\/stellenangebote\\\/it-programmierungsspezialist\\\/#breadcrumb\"},\"inLanguage\":\"de\",\"potentialAction\":[{\"@type\":\"ReadAction\",\"target\":[\"https:\\\/\\\/vandapower.com\\\/de\\\/stellenangebote\\\/it-programmierungsspezialist\\\/\"]}]},{\"@type\":\"BreadcrumbList\",\"@id\":\"https:\\\/\\\/vandapower.com\\\/de\\\/stellenangebote\\\/it-programmierungsspezialist\\\/#breadcrumb\",\"itemListElement\":[{\"@type\":\"ListItem\",\"position\":1,\"name\":\"Home\",\"item\":\"https:\\\/\\\/vandapower.com\\\/de\\\/\"},{\"@type\":\"ListItem\",\"position\":2,\"name\":\"Stellenangebote\",\"item\":\"https:\\\/\\\/vandapower.com\\\/de\\\/stellenangebote\\\/\"},{\"@type\":\"ListItem\",\"position\":3,\"name\":\"IT-Programmierungsspezialist\"}]},{\"@type\":\"WebSite\",\"@id\":\"https:\\\/\\\/vandapower.com\\\/be-nl\\\/#website\",\"url\":\"https:\\\/\\\/vandapower.com\\\/be-nl\\\/\",\"name\":\"Vandapower | Components and Cable Assemblies for Industrial Batteries\",\"description\":\"Through our product knowledge, our buffer stock and our flexible organization, we can deliver your components for industrial batteries quickly and customized to your needs\",\"publisher\":{\"@id\":\"https:\\\/\\\/vandapower.com\\\/be-nl\\\/#organization\"},\"potentialAction\":[{\"@type\":\"SearchAction\",\"target\":{\"@type\":\"EntryPoint\",\"urlTemplate\":\"https:\\\/\\\/vandapower.com\\\/be-nl\\\/?s={search_term_string}\"},\"query-input\":{\"@type\":\"PropertyValueSpecification\",\"valueRequired\":true,\"valueName\":\"search_term_string\"}}],\"inLanguage\":\"de\"},{\"@type\":\"Organization\",\"@id\":\"https:\\\/\\\/vandapower.com\\\/be-nl\\\/#organization\",\"name\":\"Vandapower\",\"url\":\"https:\\\/\\\/vandapower.com\\\/be-nl\\\/\",\"logo\":{\"@type\":\"ImageObject\",\"inLanguage\":\"de\",\"@id\":\"https:\\\/\\\/vandapower.com\\\/be-nl\\\/#\\\/schema\\\/logo\\\/image\\\/\",\"url\":\"https:\\\/\\\/vandapower.eu\\\/wp-content\\\/uploads\\\/2021\\\/07\\\/logo-Vandapower-tagline.svg\",\"contentUrl\":\"https:\\\/\\\/vandapower.eu\\\/wp-content\\\/uploads\\\/2021\\\/07\\\/logo-Vandapower-tagline.svg\",\"width\":1321,\"height\":1088,\"caption\":\"Vandapower\"},\"image\":{\"@id\":\"https:\\\/\\\/vandapower.com\\\/be-nl\\\/#\\\/schema\\\/logo\\\/image\\\/\"}}]}<\/script>\n<!-- \/ Yoast SEO plugin. -->","yoast_head_json":{"title":"IT-Programmierungsspezialist - Vandapower | Components and Cable Assemblies for Industrial Batteries","robots":{"index":"index","follow":"follow","max-snippet":"max-snippet:-1","max-image-preview":"max-image-preview:large","max-video-preview":"max-video-preview:-1"},"canonical":"https:\/\/vandapower.com\/de\/stellenangebote\/it-programmierungsspezialist\/","og_locale":"de_DE","og_type":"article","og_title":"IT-Programmierungsspezialist - Vandapower | Components and Cable Assemblies for Industrial Batteries","og_description":"One-stop shopP\u00fcnktlicheLieferungUnabh\u00e4ngige technische BeratungIT-ProgrammierungsspezialistWer ist Vandapower? Vandapowerist ein schnell wachsendes Unternehmen. Es ist der europ\u00e4ische Marktf\u00fchrer im Nischenmarkt des Vertriebs von Komponenten f\u00fcr Industriebatterien. Unsere Kunden sind sowohl unabh\u00e4ngige KMU als auch multinationale Konzerne. \u00dcber unsere Niederlassungen in Oosterzele (Belgien) und Austin (Texas) bedienen wir Kunden in aller Welt. Wir sind bestrebt, unsere F\u00fchrungsposition in [&hellip;]","og_url":"https:\/\/vandapower.com\/de\/stellenangebote\/it-programmierungsspezialist\/","og_site_name":"Vandapower | Components and Cable Assemblies for Industrial Batteries","article_modified_time":"2021-11-05T08:20:48+00:00","twitter_card":"summary_large_image","twitter_misc":{"Gesch\u00e4tzte Lesezeit":"5\u00a0Minuten"},"schema":{"@context":"https:\/\/schema.org","@graph":[{"@type":"WebPage","@id":"https:\/\/vandapower.com\/de\/stellenangebote\/it-programmierungsspezialist\/","url":"https:\/\/vandapower.com\/de\/stellenangebote\/it-programmierungsspezialist\/","name":"IT-Programmierungsspezialist - Vandapower | Components and Cable Assemblies for Industrial Batteries","isPartOf":{"@id":"https:\/\/vandapower.com\/be-nl\/#website"},"datePublished":"2021-10-20T20:17:58+00:00","dateModified":"2021-11-05T08:20:48+00:00","breadcrumb":{"@id":"https:\/\/vandapower.com\/de\/stellenangebote\/it-programmierungsspezialist\/#breadcrumb"},"inLanguage":"de","potentialAction":[{"@type":"ReadAction","target":["https:\/\/vandapower.com\/de\/stellenangebote\/it-programmierungsspezialist\/"]}]},{"@type":"BreadcrumbList","@id":"https:\/\/vandapower.com\/de\/stellenangebote\/it-programmierungsspezialist\/#breadcrumb","itemListElement":[{"@type":"ListItem","position":1,"name":"Home","item":"https:\/\/vandapower.com\/de\/"},{"@type":"ListItem","position":2,"name":"Stellenangebote","item":"https:\/\/vandapower.com\/de\/stellenangebote\/"},{"@type":"ListItem","position":3,"name":"IT-Programmierungsspezialist"}]},{"@type":"WebSite","@id":"https:\/\/vandapower.com\/be-nl\/#website","url":"https:\/\/vandapower.com\/be-nl\/","name":"Vandapower | Components and Cable Assemblies for Industrial Batteries","description":"Through our product knowledge, our buffer stock and our flexible organization, we can deliver your components for industrial batteries quickly and customized to your needs","publisher":{"@id":"https:\/\/vandapower.com\/be-nl\/#organization"},"potentialAction":[{"@type":"SearchAction","target":{"@type":"EntryPoint","urlTemplate":"https:\/\/vandapower.com\/be-nl\/?s={search_term_string}"},"query-input":{"@type":"PropertyValueSpecification","valueRequired":true,"valueName":"search_term_string"}}],"inLanguage":"de"},{"@type":"Organization","@id":"https:\/\/vandapower.com\/be-nl\/#organization","name":"Vandapower","url":"https:\/\/vandapower.com\/be-nl\/","logo":{"@type":"ImageObject","inLanguage":"de","@id":"https:\/\/vandapower.com\/be-nl\/#\/schema\/logo\/image\/","url":"https:\/\/vandapower.eu\/wp-content\/uploads\/2021\/07\/logo-Vandapower-tagline.svg","contentUrl":"https:\/\/vandapower.eu\/wp-content\/uploads\/2021\/07\/logo-Vandapower-tagline.svg","width":1321,"height":1088,"caption":"Vandapower"},"image":{"@id":"https:\/\/vandapower.com\/be-nl\/#\/schema\/logo\/image\/"}}]}},"_links":{"self":[{"href":"https:\/\/vandapower.com\/de\/wp-json\/wp\/v2\/pages\/4966","targetHints":{"allow":["GET"]}}],"collection":[{"href":"https:\/\/vandapower.com\/de\/wp-json\/wp\/v2\/pages"}],"about":[{"href":"https:\/\/vandapower.com\/de\/wp-json\/wp\/v2\/types\/page"}],"author":[{"embeddable":true,"href":"https:\/\/vandapower.com\/de\/wp-json\/wp\/v2\/users\/1"}],"replies":[{"embeddable":true,"href":"https:\/\/vandapower.com\/de\/wp-json\/wp\/v2\/comments?post=4966"}],"version-history":[{"count":5,"href":"https:\/\/vandapower.com\/de\/wp-json\/wp\/v2\/pages\/4966\/revisions"}],"predecessor-version":[{"id":6108,"href":"https:\/\/vandapower.com\/de\/wp-json\/wp\/v2\/pages\/4966\/revisions\/6108"}],"up":[{"embeddable":true,"href":"https:\/\/vandapower.com\/de\/wp-json\/wp\/v2\/pages\/7146"}],"wp:attachment":[{"href":"https:\/\/vandapower.com\/de\/wp-json\/wp\/v2\/media?parent=4966"}],"curies":[{"name":"wp","href":"https:\/\/api.w.org\/{rel}","templated":true}]}}