{"id":4887,"date":"2021-10-20T18:35:27","date_gmt":"2021-10-20T18:35:27","guid":{"rendered":"https:\/\/vandapower.eu\/kontakt\/"},"modified":"2023-07-06T16:41:58","modified_gmt":"2023-07-06T14:41:58","slug":"kontakt","status":"publish","type":"page","link":"https:\/\/vandapower.com\/de\/kontakt\/","title":{"rendered":"Kontakt"},"content":{"rendered":"<p>[et_pb_section fb_built=&#8220;1&#8243; _builder_version=&#8220;4.16&#8243; _module_preset=&#8220;default&#8220; custom_padding=&#8220;0px||0px||true|false&#8220; da_disable_devices=&#8220;off|off|off&#8220; global_colors_info=&#8220;{}&#8220; da_is_popup=&#8220;off&#8220; da_exit_intent=&#8220;off&#8220; da_has_close=&#8220;on&#8220; da_alt_close=&#8220;off&#8220; da_dark_close=&#8220;off&#8220; da_not_modal=&#8220;on&#8220; da_is_singular=&#8220;off&#8220; da_with_loader=&#8220;off&#8220; da_has_shadow=&#8220;on&#8220;][et_pb_row module_class=&#8220;usp-header&#8220; _builder_version=&#8220;4.14.5&#8243; _module_preset=&#8220;default&#8220; width=&#8220;85%&#8220; custom_padding=&#8220;||0px||false|false&#8220; global_module=&#8220;2256&#8243; saved_tabs=&#8220;all&#8220; global_colors_info=&#8220;{}&#8220;][et_pb_column type=&#8220;4_4&#8243; _builder_version=&#8220;4.16&#8243; _module_preset=&#8220;default&#8220; global_colors_info=&#8220;{}&#8220;][et_pb_blurb image=&#8220;https:\/\/vandapower.eu\/wp-content\/uploads\/\/2021\/07\/One-stop-Shop.svg&#8220; icon_placement=&#8220;left&#8220; image_icon_width=&#8220;20px&#8220; _builder_version=&#8220;4.16&#8243; _module_preset=&#8220;default&#8220; body_font_size=&#8220;14px&#8220; body_line_height=&#8220;1.4em&#8220; width=&#8220;13%&#8220; width_tablet=&#8220;30%&#8220; width_phone=&#8220;100%&#8220; width_last_edited=&#8220;on|phone&#8220; custom_margin=&#8220;0px||10px||false|false&#8220; custom_padding=&#8220;||0px|0px|false|false&#8220; link_option_url=&#8220;https:\/\/vandapower.eu\/de\/warum-vandapower\/#onestop&#8220; custom_css_main_element=&#8220;display: inline-block;||&#8220; image_max_width=&#8220;20px&#8220; global_colors_info=&#8220;{}&#8220; content__hover_enabled=&#8220;off|hover&#8220; content__hover=&#8220;<\/p>\n<p><span style=%22text-decoration: underline;%22><span class=%22red%22>One-stop<\/span> shop<\/span><\/p>\n<p>&#8222;]<\/p>\n<p><span class=\"red\">One-stop<\/span> shop<\/p>\n<p>[\/et_pb_blurb][et_pb_blurb image=&#8220;https:\/\/vandapower.eu\/wp-content\/uploads\/\/2021\/07\/On-time-Delivery.svg&#8220; icon_placement=&#8220;left&#8220; image_icon_width=&#8220;20px&#8220; _builder_version=&#8220;4.16&#8243; _module_preset=&#8220;default&#8220; body_font_size=&#8220;14px&#8220; body_line_height=&#8220;1.4em&#8220; width=&#8220;16%&#8220; width_tablet=&#8220;30%&#8220; width_phone=&#8220;100%&#8220; width_last_edited=&#8220;on|phone&#8220; custom_margin=&#8220;0px||10px||false|false&#8220; custom_padding=&#8220;||0px|0px|false|false&#8220; link_option_url=&#8220;https:\/\/vandapower.eu\/de\/warum-vandapower\/#ontime&#8220; custom_css_main_element=&#8220;display: inline-block;&#8220; image_max_width=&#8220;20px&#8220; global_colors_info=&#8220;{}&#8220; content__hover_enabled=&#8220;off|hover&#8220; content__hover=&#8220;<\/p>\n<p><span style=%22text-decoration: underline;%22><span class=%22red%22>Tijdige<\/span> levering<\/span><\/p>\n<p>&#8222;]<span class=\"red\">P\u00fcnktliche<\/span> Lieferung[\/et_pb_blurb][et_pb_blurb image=&#8220;https:\/\/vandapower.eu\/wp-content\/uploads\/\/2021\/07\/Independent-Technical-Advice.svg&#8220; icon_placement=&#8220;left&#8220; image_icon_width=&#8220;18px&#8220; content_last_edited=&#8220;off|desktop&#8220; _builder_version=&#8220;4.16&#8243; _module_preset=&#8220;default&#8220; body_font_size=&#8220;14px&#8220; body_line_height=&#8220;2em&#8220; width=&#8220;25%&#8220; width_tablet=&#8220;39%&#8220; width_phone=&#8220;100%&#8220; width_last_edited=&#8220;on|phone&#8220; custom_margin=&#8220;||5px||false|false&#8220; custom_padding=&#8220;||0px|0px|false|false&#8220; link_option_url=&#8220;https:\/\/vandapower.eu\/de\/warum-vandapower\/#independent&#8220; custom_css_main_element=&#8220;display: inline-block;&#8220; image_max_width=&#8220;18px&#8220; global_colors_info=&#8220;{}&#8220; content__hover_enabled=&#8220;off|desktop&#8220; content__hover=&#8220;<\/p>\n<p><span style=%22text-decoration: underline;%22>Onafhankelijk <span class=%22red%22>technisch advies<\/span><\/span><\/p>\n<p>&#8222;]<\/p>\n<p>Unabh\u00e4ngige <span class=\"red\">technische Beratung<\/span><\/p>\n<p>[\/et_pb_blurb][\/et_pb_column][\/et_pb_row][\/et_pb_section][et_pb_section fb_built=&#8220;1&#8243; _builder_version=&#8220;4.16&#8243; _module_preset=&#8220;default&#8220; custom_padding=&#8220;0px||20px||false|false&#8220; da_disable_devices=&#8220;off|off|off&#8220; global_colors_info=&#8220;{}&#8220; da_is_popup=&#8220;off&#8220; da_exit_intent=&#8220;off&#8220; da_has_close=&#8220;on&#8220; da_alt_close=&#8220;off&#8220; da_dark_close=&#8220;off&#8220; da_not_modal=&#8220;on&#8220; da_is_singular=&#8220;off&#8220; da_with_loader=&#8220;off&#8220; da_has_shadow=&#8220;on&#8220;][et_pb_row _builder_version=&#8220;4.16&#8243; _module_preset=&#8220;default&#8220; global_colors_info=&#8220;{}&#8220;][et_pb_column type=&#8220;4_4&#8243; _builder_version=&#8220;4.16&#8243; _module_preset=&#8220;default&#8220; global_colors_info=&#8220;{}&#8220;][et_pb_text _builder_version=&#8220;4.16&#8243; _module_preset=&#8220;default&#8220; global_colors_info=&#8220;{}&#8220;]<\/p>\n<h1>Was k\u00f6nnen wir f\u00fcr Sie tun?<\/h1>\n<p>[\/et_pb_text][et_pb_text _builder_version=&#8220;4.19.4&#8243; _module_preset=&#8220;default&#8220; custom_margin=&#8220;||40px||false|false&#8220; global_colors_info=&#8220;{}&#8220;]<\/p>\n<p>Haben Sie eine Frage zu unserer Produktpalette oder suchen Sie Beratung zu Komponenten f\u00fcr Industriebatterien oder Batterieladeger\u00e4te?<\/p>\n<p>Rufen Sie uns an unter <a href=\"tel:0032%209%20396%2059%2035\">+32 9 396 59 35<\/a>, schicken Sie uns eine E-Mail an <a href=\"mailto:info@vandapower.com\">info@vandapower.com<\/a> oder stellen Sie Ihre Frage einfach in dem unten stehenden Feld. Wir werden uns bald wieder bei Ihnen melden.<\/p>\n<p>[\/et_pb_text][et_pb_contact_form captcha=&#8220;off&#8220; email=&#8220;info@vandapower.com&#8220; submit_button_text=&#8220;Senden Sie&#8220; _builder_version=&#8220;4.21.0&#8243; _module_preset=&#8220;default&#8220; _unique_id=&#8220;87317716-a23e-4fb6-95d9-9cbe0ac09059&#8243; form_field_background_color=&#8220;#FFFFFF&#8220; form_field_focus_background_color=&#8220;#FFFFFF&#8220; hover_enabled=&#8220;0&#8243; border_radii=&#8220;on|4px|4px|4px|4px&#8220; border_width_all=&#8220;1px&#8220; border_color_all=&#8220;#cccccc&#8220; global_colors_info=&#8220;{}&#8220; custom_message=&#8220;There is a new contact request below.||et_pb_line_break_holder||||et_pb_line_break_holder||Name : %%name%%||et_pb_line_break_holder||Email : %%Email%%||et_pb_line_break_holder||Phone : %%tel%%||et_pb_line_break_holder||||et_pb_line_break_holder||Message : ||et_pb_line_break_holder||||et_pb_line_break_holder||%%message%%||et_pb_line_break_holder||&#8220; sticky_enabled=&#8220;0&#8243;][et_pb_contact_field field_id=&#8220;Message&#8220; field_title=&#8220;Bericht*&#8220; field_type=&#8220;text&#8220; fullwidth_field=&#8220;on&#8220; _builder_version=&#8220;4.16&#8243; global_colors_info=&#8220;{}&#8220; button_text_size__hover_enabled=&#8220;off&#8220; button_one_text_size__hover_enabled=&#8220;off&#8220; button_two_text_size__hover_enabled=&#8220;off&#8220; button_text_color__hover_enabled=&#8220;off&#8220; button_one_text_color__hover_enabled=&#8220;off&#8220; button_two_text_color__hover_enabled=&#8220;off&#8220; button_border_width__hover_enabled=&#8220;off&#8220; button_one_border_width__hover_enabled=&#8220;off&#8220; button_two_border_width__hover_enabled=&#8220;off&#8220; button_border_color__hover_enabled=&#8220;off&#8220; button_one_border_color__hover_enabled=&#8220;off&#8220; button_two_border_color__hover_enabled=&#8220;off&#8220; button_border_radius__hover_enabled=&#8220;off&#8220; button_one_border_radius__hover_enabled=&#8220;off&#8220; button_two_border_radius__hover_enabled=&#8220;off&#8220; button_letter_spacing__hover_enabled=&#8220;off&#8220; button_one_letter_spacing__hover_enabled=&#8220;off&#8220; button_two_letter_spacing__hover_enabled=&#8220;off&#8220; button_bg_color__hover_enabled=&#8220;off&#8220; button_one_bg_color__hover_enabled=&#8220;off&#8220; button_two_bg_color__hover_enabled=&#8220;off&#8220;][\/et_pb_contact_field][et_pb_contact_field field_id=&#8220;Name&#8220; field_title=&#8220;Naam*&#8220; fullwidth_field=&#8220;on&#8220; _builder_version=&#8220;4.16&#8243; global_colors_info=&#8220;{}&#8220; button_text_size__hover_enabled=&#8220;off&#8220; button_one_text_size__hover_enabled=&#8220;off&#8220; button_two_text_size__hover_enabled=&#8220;off&#8220; button_text_color__hover_enabled=&#8220;off&#8220; button_one_text_color__hover_enabled=&#8220;off&#8220; button_two_text_color__hover_enabled=&#8220;off&#8220; button_border_width__hover_enabled=&#8220;off&#8220; button_one_border_width__hover_enabled=&#8220;off&#8220; button_two_border_width__hover_enabled=&#8220;off&#8220; button_border_color__hover_enabled=&#8220;off&#8220; button_one_border_color__hover_enabled=&#8220;off&#8220; button_two_border_color__hover_enabled=&#8220;off&#8220; button_border_radius__hover_enabled=&#8220;off&#8220; button_one_border_radius__hover_enabled=&#8220;off&#8220; button_two_border_radius__hover_enabled=&#8220;off&#8220; button_letter_spacing__hover_enabled=&#8220;off&#8220; button_one_letter_spacing__hover_enabled=&#8220;off&#8220; button_two_letter_spacing__hover_enabled=&#8220;off&#8220; button_bg_color__hover_enabled=&#8220;off&#8220; button_one_bg_color__hover_enabled=&#8220;off&#8220; button_two_bg_color__hover_enabled=&#8220;off&#8220;][\/et_pb_contact_field][et_pb_contact_field field_id=&#8220;Email&#8220; field_title=&#8220;E-Mail Adresse*&#8220; field_type=&#8220;email&#8220; fullwidth_field=&#8220;on&#8220; _builder_version=&#8220;4.16&#8243; global_colors_info=&#8220;{}&#8220; button_text_size__hover_enabled=&#8220;off&#8220; button_one_text_size__hover_enabled=&#8220;off&#8220; button_two_text_size__hover_enabled=&#8220;off&#8220; button_text_color__hover_enabled=&#8220;off&#8220; button_one_text_color__hover_enabled=&#8220;off&#8220; button_two_text_color__hover_enabled=&#8220;off&#8220; button_border_width__hover_enabled=&#8220;off&#8220; button_one_border_width__hover_enabled=&#8220;off&#8220; button_two_border_width__hover_enabled=&#8220;off&#8220; button_border_color__hover_enabled=&#8220;off&#8220; button_one_border_color__hover_enabled=&#8220;off&#8220; button_two_border_color__hover_enabled=&#8220;off&#8220; button_border_radius__hover_enabled=&#8220;off&#8220; button_one_border_radius__hover_enabled=&#8220;off&#8220; button_two_border_radius__hover_enabled=&#8220;off&#8220; button_letter_spacing__hover_enabled=&#8220;off&#8220; button_one_letter_spacing__hover_enabled=&#8220;off&#8220; button_two_letter_spacing__hover_enabled=&#8220;off&#8220; button_bg_color__hover_enabled=&#8220;off&#8220; button_one_bg_color__hover_enabled=&#8220;off&#8220; button_two_bg_color__hover_enabled=&#8220;off&#8220;][\/et_pb_contact_field][et_pb_contact_field field_id=&#8220;tel&#8220; field_title=&#8220;Telefon&#8220; required_mark=&#8220;off&#8220; fullwidth_field=&#8220;on&#8220; _builder_version=&#8220;4.16&#8243; _module_preset=&#8220;default&#8220; global_colors_info=&#8220;{}&#8220;][\/et_pb_contact_field][et_pb_contact_field field_id=&#8220;Field_5&#8243; field_title=&#8220; &#8220; field_type=&#8220;checkbox&#8220; checkbox_options=&#8220;%91{%22value%22:%22Ich akzeptiere die %22,%22checked%22:0,%22dragID%22:-1,%22link_url%22:%22\/Privatsph\u00e4re%22,%22link_text%22:%22Erkl\u00e4rung zum Datenschutz*%22}%93&#8243; fullwidth_field=&#8220;on&#8220; _builder_version=&#8220;4.16&#8243; _module_preset=&#8220;default&#8220; global_colors_info=&#8220;{}&#8220;][\/et_pb_contact_field][\/et_pb_contact_form][et_pb_text _builder_version=&#8220;4.16&#8243; _module_preset=&#8220;default&#8220; header_3_font=&#8220;|700|||||||&#8220; header_3_font_size=&#8220;24px&#8220; header_3_line_height=&#8220;1.2em&#8220; global_colors_info=&#8220;{}&#8220;]<\/p>\n<h3>Allgemeine Kontaktinformationen Vandapower<\/h3>\n<p><span>Die Kontaktdaten (Adresse, Telefonnummer, MwSt.-Nummer, Kontonummer) einer bestimmten Gesch\u00e4ftseinheit finden Sie ganz einfach auf unserer Seite &#8222;Allgemeine Kontaktdaten&#8220;. <\/span><\/p>\n<p>[\/et_pb_text][et_pb_button button_url=&#8220;@ET-DC@eyJkeW5hbWljIjp0cnVlLCJjb250ZW50IjoicG9zdF9saW5rX3VybF9wYWdlIiwic2V0dGluZ3MiOnsicG9zdF9pZCI6IjQwNjYifX0=@&#8220; button_text=&#8220;Allgemeine Kontaktinformationen&#8220; _builder_version=&#8220;4.16&#8243; _dynamic_attributes=&#8220;button_url&#8220; _module_preset=&#8220;default&#8220; custom_button=&#8220;on&#8220; button_text_color=&#8220;#666666&#8243; button_bg_color=&#8220;RGBA(0,0,0,0)&#8220; button_border_color=&#8220;#666666&#8243; global_colors_info=&#8220;{}&#8220; button_text_color__hover_enabled=&#8220;on|hover&#8220; button_text_color__hover=&#8220;#FFFFFF&#8220; button_bg_color__hover=&#8220;#666666&#8243;][\/et_pb_button][\/et_pb_column][\/et_pb_row][\/et_pb_section]<\/p>\n","protected":false},"excerpt":{"rendered":"<p>One-stop shopP\u00fcnktliche LieferungUnabh\u00e4ngige technische BeratungWas k\u00f6nnen wir f\u00fcr Sie tun?Haben Sie eine Frage zu unserer Produktpalette oder suchen Sie Beratung zu Komponenten f\u00fcr Industriebatterien oder Batterieladeger\u00e4te? Rufen Sie uns an unter +32 9 396 59 35, schicken Sie uns eine E-Mail an info@vandapower.com oder stellen Sie Ihre Frage einfach in dem unten stehenden Feld. Wir [&hellip;]<\/p>\n","protected":false},"author":1,"featured_media":0,"parent":0,"menu_order":0,"comment_status":"closed","ping_status":"closed","template":"","meta":{"_et_pb_use_builder":"on","_et_pb_old_content":"","_et_gb_content_width":"","om_disable_all_campaigns":false,"inline_featured_image":false,"_monsterinsights_skip_tracking":false,"_monsterinsights_sitenote_active":false,"_monsterinsights_sitenote_note":"","_monsterinsights_sitenote_category":0,"_uf_show_specific_survey":0,"_uf_disable_surveys":false,"footnotes":""},"class_list":["post-4887","page","type-page","status-publish","hentry"],"yoast_head":"<!-- This site is optimized with the Yoast SEO plugin v27.3 - https:\/\/yoast.com\/product\/yoast-seo-wordpress\/ -->\n<title>Kontakt - Vandapower | Components and Cable Assemblies for Industrial Batteries<\/title>\n<meta name=\"description\" content=\"Haben Sie eine Frage zu unserer Produktpalette oder suchen Sie eine Beratung zu Komponenten f\u00fcr Industriebatterien oder Batterieladeger\u00e4te? Rufen Sie uns an unter +32 9 396 59 35, schicken Sie uns eine E-Mail an info@vandapower.com oder stellen Sie Ihre Frage einfach \u00fcber das unten stehende Feld. Wir werden uns schnell bei Ihnen melden.\" \/>\n<meta name=\"robots\" content=\"index, follow, max-snippet:-1, max-image-preview:large, max-video-preview:-1\" \/>\n<link rel=\"canonical\" href=\"https:\/\/vandapower.com\/de\/kontakt\/\" \/>\n<meta property=\"og:locale\" content=\"de_DE\" \/>\n<meta property=\"og:type\" content=\"article\" \/>\n<meta property=\"og:title\" content=\"Kontakt - Vandapower | Components and Cable Assemblies for Industrial Batteries\" \/>\n<meta property=\"og:description\" content=\"Haben Sie eine Frage zu unserer Produktpalette oder suchen Sie eine Beratung zu Komponenten f\u00fcr Industriebatterien oder Batterieladeger\u00e4te? Rufen Sie uns an unter +32 9 396 59 35, schicken Sie uns eine E-Mail an info@vandapower.com oder stellen Sie Ihre Frage einfach \u00fcber das unten stehende Feld. Wir werden uns schnell bei Ihnen melden.\" \/>\n<meta property=\"og:url\" content=\"https:\/\/vandapower.com\/de\/kontakt\/\" \/>\n<meta property=\"og:site_name\" content=\"Vandapower | Components and Cable Assemblies for Industrial Batteries\" \/>\n<meta property=\"article:modified_time\" content=\"2023-07-06T14:41:58+00:00\" \/>\n<meta name=\"twitter:card\" content=\"summary_large_image\" \/>\n<meta name=\"twitter:label1\" content=\"Gesch\u00e4tzte Lesezeit\" \/>\n\t<meta name=\"twitter:data1\" content=\"2\u00a0Minuten\" \/>\n<script type=\"application\/ld+json\" class=\"yoast-schema-graph\">{\"@context\":\"https:\\\/\\\/schema.org\",\"@graph\":[{\"@type\":\"WebPage\",\"@id\":\"https:\\\/\\\/vandapower.com\\\/de\\\/kontakt\\\/\",\"url\":\"https:\\\/\\\/vandapower.com\\\/de\\\/kontakt\\\/\",\"name\":\"Kontakt - Vandapower | Components and Cable Assemblies for Industrial Batteries\",\"isPartOf\":{\"@id\":\"https:\\\/\\\/vandapower.com\\\/be-nl\\\/#website\"},\"datePublished\":\"2021-10-20T18:35:27+00:00\",\"dateModified\":\"2023-07-06T14:41:58+00:00\",\"description\":\"Haben Sie eine Frage zu unserer Produktpalette oder suchen Sie eine Beratung zu Komponenten f\u00fcr Industriebatterien oder Batterieladeger\u00e4te? Rufen Sie uns an unter +32 9 396 59 35, schicken Sie uns eine E-Mail an info@vandapower.com oder stellen Sie Ihre Frage einfach \u00fcber das unten stehende Feld. Wir werden uns schnell bei Ihnen melden.\",\"breadcrumb\":{\"@id\":\"https:\\\/\\\/vandapower.com\\\/de\\\/kontakt\\\/#breadcrumb\"},\"inLanguage\":\"de\",\"potentialAction\":[{\"@type\":\"ReadAction\",\"target\":[\"https:\\\/\\\/vandapower.com\\\/de\\\/kontakt\\\/\"]}]},{\"@type\":\"BreadcrumbList\",\"@id\":\"https:\\\/\\\/vandapower.com\\\/de\\\/kontakt\\\/#breadcrumb\",\"itemListElement\":[{\"@type\":\"ListItem\",\"position\":1,\"name\":\"Home\",\"item\":\"https:\\\/\\\/vandapower.com\\\/de\\\/\"},{\"@type\":\"ListItem\",\"position\":2,\"name\":\"Kontakt\"}]},{\"@type\":\"WebSite\",\"@id\":\"https:\\\/\\\/vandapower.com\\\/be-nl\\\/#website\",\"url\":\"https:\\\/\\\/vandapower.com\\\/be-nl\\\/\",\"name\":\"Vandapower | Components and Cable Assemblies for Industrial Batteries\",\"description\":\"Through our product knowledge, our buffer stock and our flexible organization, we can deliver your components for industrial batteries quickly and customized to your needs\",\"publisher\":{\"@id\":\"https:\\\/\\\/vandapower.com\\\/be-nl\\\/#organization\"},\"potentialAction\":[{\"@type\":\"SearchAction\",\"target\":{\"@type\":\"EntryPoint\",\"urlTemplate\":\"https:\\\/\\\/vandapower.com\\\/be-nl\\\/?s={search_term_string}\"},\"query-input\":{\"@type\":\"PropertyValueSpecification\",\"valueRequired\":true,\"valueName\":\"search_term_string\"}}],\"inLanguage\":\"de\"},{\"@type\":\"Organization\",\"@id\":\"https:\\\/\\\/vandapower.com\\\/be-nl\\\/#organization\",\"name\":\"Vandapower\",\"url\":\"https:\\\/\\\/vandapower.com\\\/be-nl\\\/\",\"logo\":{\"@type\":\"ImageObject\",\"inLanguage\":\"de\",\"@id\":\"https:\\\/\\\/vandapower.com\\\/be-nl\\\/#\\\/schema\\\/logo\\\/image\\\/\",\"url\":\"https:\\\/\\\/vandapower.eu\\\/wp-content\\\/uploads\\\/2021\\\/07\\\/logo-Vandapower-tagline.svg\",\"contentUrl\":\"https:\\\/\\\/vandapower.eu\\\/wp-content\\\/uploads\\\/2021\\\/07\\\/logo-Vandapower-tagline.svg\",\"width\":1321,\"height\":1088,\"caption\":\"Vandapower\"},\"image\":{\"@id\":\"https:\\\/\\\/vandapower.com\\\/be-nl\\\/#\\\/schema\\\/logo\\\/image\\\/\"}}]}<\/script>\n<!-- \/ Yoast SEO plugin. -->","yoast_head_json":{"title":"Kontakt - Vandapower | Components and Cable Assemblies for Industrial Batteries","description":"Haben Sie eine Frage zu unserer Produktpalette oder suchen Sie eine Beratung zu Komponenten f\u00fcr Industriebatterien oder Batterieladeger\u00e4te? Rufen Sie uns an unter +32 9 396 59 35, schicken Sie uns eine E-Mail an info@vandapower.com oder stellen Sie Ihre Frage einfach \u00fcber das unten stehende Feld. Wir werden uns schnell bei Ihnen melden.","robots":{"index":"index","follow":"follow","max-snippet":"max-snippet:-1","max-image-preview":"max-image-preview:large","max-video-preview":"max-video-preview:-1"},"canonical":"https:\/\/vandapower.com\/de\/kontakt\/","og_locale":"de_DE","og_type":"article","og_title":"Kontakt - Vandapower | Components and Cable Assemblies for Industrial Batteries","og_description":"Haben Sie eine Frage zu unserer Produktpalette oder suchen Sie eine Beratung zu Komponenten f\u00fcr Industriebatterien oder Batterieladeger\u00e4te? Rufen Sie uns an unter +32 9 396 59 35, schicken Sie uns eine E-Mail an info@vandapower.com oder stellen Sie Ihre Frage einfach \u00fcber das unten stehende Feld. Wir werden uns schnell bei Ihnen melden.","og_url":"https:\/\/vandapower.com\/de\/kontakt\/","og_site_name":"Vandapower | Components and Cable Assemblies for Industrial Batteries","article_modified_time":"2023-07-06T14:41:58+00:00","twitter_card":"summary_large_image","twitter_misc":{"Gesch\u00e4tzte Lesezeit":"2\u00a0Minuten"},"schema":{"@context":"https:\/\/schema.org","@graph":[{"@type":"WebPage","@id":"https:\/\/vandapower.com\/de\/kontakt\/","url":"https:\/\/vandapower.com\/de\/kontakt\/","name":"Kontakt - Vandapower | Components and Cable Assemblies for Industrial Batteries","isPartOf":{"@id":"https:\/\/vandapower.com\/be-nl\/#website"},"datePublished":"2021-10-20T18:35:27+00:00","dateModified":"2023-07-06T14:41:58+00:00","description":"Haben Sie eine Frage zu unserer Produktpalette oder suchen Sie eine Beratung zu Komponenten f\u00fcr Industriebatterien oder Batterieladeger\u00e4te? Rufen Sie uns an unter +32 9 396 59 35, schicken Sie uns eine E-Mail an info@vandapower.com oder stellen Sie Ihre Frage einfach \u00fcber das unten stehende Feld. Wir werden uns schnell bei Ihnen melden.","breadcrumb":{"@id":"https:\/\/vandapower.com\/de\/kontakt\/#breadcrumb"},"inLanguage":"de","potentialAction":[{"@type":"ReadAction","target":["https:\/\/vandapower.com\/de\/kontakt\/"]}]},{"@type":"BreadcrumbList","@id":"https:\/\/vandapower.com\/de\/kontakt\/#breadcrumb","itemListElement":[{"@type":"ListItem","position":1,"name":"Home","item":"https:\/\/vandapower.com\/de\/"},{"@type":"ListItem","position":2,"name":"Kontakt"}]},{"@type":"WebSite","@id":"https:\/\/vandapower.com\/be-nl\/#website","url":"https:\/\/vandapower.com\/be-nl\/","name":"Vandapower | Components and Cable Assemblies for Industrial Batteries","description":"Through our product knowledge, our buffer stock and our flexible organization, we can deliver your components for industrial batteries quickly and customized to your needs","publisher":{"@id":"https:\/\/vandapower.com\/be-nl\/#organization"},"potentialAction":[{"@type":"SearchAction","target":{"@type":"EntryPoint","urlTemplate":"https:\/\/vandapower.com\/be-nl\/?s={search_term_string}"},"query-input":{"@type":"PropertyValueSpecification","valueRequired":true,"valueName":"search_term_string"}}],"inLanguage":"de"},{"@type":"Organization","@id":"https:\/\/vandapower.com\/be-nl\/#organization","name":"Vandapower","url":"https:\/\/vandapower.com\/be-nl\/","logo":{"@type":"ImageObject","inLanguage":"de","@id":"https:\/\/vandapower.com\/be-nl\/#\/schema\/logo\/image\/","url":"https:\/\/vandapower.eu\/wp-content\/uploads\/2021\/07\/logo-Vandapower-tagline.svg","contentUrl":"https:\/\/vandapower.eu\/wp-content\/uploads\/2021\/07\/logo-Vandapower-tagline.svg","width":1321,"height":1088,"caption":"Vandapower"},"image":{"@id":"https:\/\/vandapower.com\/be-nl\/#\/schema\/logo\/image\/"}}]}},"_links":{"self":[{"href":"https:\/\/vandapower.com\/de\/wp-json\/wp\/v2\/pages\/4887","targetHints":{"allow":["GET"]}}],"collection":[{"href":"https:\/\/vandapower.com\/de\/wp-json\/wp\/v2\/pages"}],"about":[{"href":"https:\/\/vandapower.com\/de\/wp-json\/wp\/v2\/types\/page"}],"author":[{"embeddable":true,"href":"https:\/\/vandapower.com\/de\/wp-json\/wp\/v2\/users\/1"}],"replies":[{"embeddable":true,"href":"https:\/\/vandapower.com\/de\/wp-json\/wp\/v2\/comments?post=4887"}],"version-history":[{"count":21,"href":"https:\/\/vandapower.com\/de\/wp-json\/wp\/v2\/pages\/4887\/revisions"}],"predecessor-version":[{"id":21034,"href":"https:\/\/vandapower.com\/de\/wp-json\/wp\/v2\/pages\/4887\/revisions\/21034"}],"wp:attachment":[{"href":"https:\/\/vandapower.com\/de\/wp-json\/wp\/v2\/media?parent=4887"}],"curies":[{"name":"wp","href":"https:\/\/api.w.org\/{rel}","templated":true}]}}