{"id":4874,"date":"2021-10-20T18:08:10","date_gmt":"2021-10-20T18:08:10","guid":{"rendered":"https:\/\/vandapower.eu\/privatsphaere\/"},"modified":"2022-05-27T08:08:18","modified_gmt":"2022-05-27T08:08:18","slug":"privatsphaere","status":"publish","type":"page","link":"https:\/\/vandapower.com\/de\/privatsphaere\/","title":{"rendered":"Privatsph\u00e4re"},"content":{"rendered":"<p>[et_pb_section fb_built=&#8220;1&#8243; _builder_version=&#8220;4.9.7&#8243; _module_preset=&#8220;default&#8220; custom_padding=&#8220;0px||0px||true|false&#8220; da_disable_devices=&#8220;off|off|off&#8220; global_colors_info=&#8220;{}&#8220; da_is_popup=&#8220;off&#8220; da_exit_intent=&#8220;off&#8220; da_has_close=&#8220;on&#8220; da_alt_close=&#8220;off&#8220; da_dark_close=&#8220;off&#8220; da_not_modal=&#8220;on&#8220; da_is_singular=&#8220;off&#8220; da_with_loader=&#8220;off&#8220; da_has_shadow=&#8220;on&#8220;][et_pb_row module_class=&#8220;usp-header&#8220; _builder_version=&#8220;4.14.5&#8243; _module_preset=&#8220;default&#8220; width=&#8220;85%&#8220; custom_padding=&#8220;||0px||false|false&#8220; global_module=&#8220;2256&#8243; saved_tabs=&#8220;all&#8220; global_colors_info=&#8220;{}&#8220;][et_pb_column type=&#8220;4_4&#8243; _builder_version=&#8220;4.9.7&#8243; _module_preset=&#8220;default&#8220; global_colors_info=&#8220;{}&#8220;][et_pb_blurb image=&#8220;https:\/\/vandapower.eu\/wp-content\/uploads\/\/2021\/07\/One-stop-Shop.svg&#8220; icon_placement=&#8220;left&#8220; image_icon_width=&#8220;20px&#8220; _builder_version=&#8220;4.14.5&#8243; _module_preset=&#8220;default&#8220; body_font_size=&#8220;14px&#8220; body_line_height=&#8220;1.4em&#8220; width=&#8220;13%&#8220; width_tablet=&#8220;30%&#8220; width_phone=&#8220;100%&#8220; width_last_edited=&#8220;on|phone&#8220; custom_margin=&#8220;0px||10px||false|false&#8220; custom_padding=&#8220;||0px|0px|false|false&#8220; link_option_url=&#8220;https:\/\/vandapower.eu\/de\/warum-vandapower\/#onestop&#8220; custom_css_main_element=&#8220;display: inline-block;||&#8220; image_max_width=&#8220;20px&#8220; global_colors_info=&#8220;{}&#8220; content__hover_enabled=&#8220;off|hover&#8220; content__hover=&#8220;<\/p>\n<p><span style=%22text-decoration: underline;%22><span class=%22red%22>One-stop<\/span> shop<\/span><\/p>\n<p>&#8222;]<\/p>\n<p><span class=\"red\">One-stop<\/span> shop<\/p>\n<p>[\/et_pb_blurb][et_pb_blurb image=&#8220;https:\/\/vandapower.eu\/wp-content\/uploads\/\/2021\/07\/On-time-Delivery.svg&#8220; icon_placement=&#8220;left&#8220; image_icon_width=&#8220;20px&#8220; _builder_version=&#8220;4.14.5&#8243; _module_preset=&#8220;default&#8220; body_font_size=&#8220;14px&#8220; body_line_height=&#8220;1.4em&#8220; width=&#8220;16%&#8220; width_tablet=&#8220;30%&#8220; width_phone=&#8220;100%&#8220; width_last_edited=&#8220;on|phone&#8220; custom_margin=&#8220;0px||10px||false|false&#8220; custom_padding=&#8220;||0px|0px|false|false&#8220; link_option_url=&#8220;https:\/\/vandapower.eu\/de\/warum-vandapower\/#ontime&#8220; custom_css_main_element=&#8220;display: inline-block;&#8220; image_max_width=&#8220;20px&#8220; global_colors_info=&#8220;{}&#8220; content__hover_enabled=&#8220;off|hover&#8220; content__hover=&#8220;<\/p>\n<p><span style=%22text-decoration: underline;%22><span class=%22red%22>Tijdige<\/span> levering<\/span><\/p>\n<p>&#8222;]<span class=\"red\">P\u00fcnktliche<\/span> Lieferung[\/et_pb_blurb][et_pb_blurb image=&#8220;https:\/\/vandapower.eu\/wp-content\/uploads\/\/2021\/07\/Independent-Technical-Advice.svg&#8220; icon_placement=&#8220;left&#8220; image_icon_width=&#8220;18px&#8220; content_last_edited=&#8220;off|desktop&#8220; _builder_version=&#8220;4.14.5&#8243; _module_preset=&#8220;default&#8220; body_font_size=&#8220;14px&#8220; body_line_height=&#8220;2em&#8220; width=&#8220;25%&#8220; width_tablet=&#8220;39%&#8220; width_phone=&#8220;100%&#8220; width_last_edited=&#8220;on|phone&#8220; custom_margin=&#8220;||5px||false|false&#8220; custom_padding=&#8220;||0px|0px|false|false&#8220; link_option_url=&#8220;https:\/\/vandapower.eu\/de\/warum-vandapower\/#independent&#8220; custom_css_main_element=&#8220;display: inline-block;&#8220; image_max_width=&#8220;18px&#8220; global_colors_info=&#8220;{}&#8220; content__hover_enabled=&#8220;off|desktop&#8220; content__hover=&#8220;<\/p>\n<p><span style=%22text-decoration: underline;%22>Onafhankelijk <span class=%22red%22>technisch advies<\/span><\/span><\/p>\n<p>&#8222;]<\/p>\n<p>Unabh\u00e4ngige <span class=\"red\">technische Beratung<\/span><\/p>\n<p>[\/et_pb_blurb][\/et_pb_column][\/et_pb_row][\/et_pb_section][et_pb_section fb_built=&#8220;1&#8243; _builder_version=&#8220;4.9.7&#8243; _module_preset=&#8220;default&#8220; custom_padding=&#8220;0px||0px||false|false&#8220; da_disable_devices=&#8220;off|off|off&#8220; global_colors_info=&#8220;{}&#8220; da_is_popup=&#8220;off&#8220; da_exit_intent=&#8220;off&#8220; da_has_close=&#8220;on&#8220; da_alt_close=&#8220;off&#8220; da_dark_close=&#8220;off&#8220; da_not_modal=&#8220;on&#8220; da_is_singular=&#8220;off&#8220; da_with_loader=&#8220;off&#8220; da_has_shadow=&#8220;on&#8220;][et_pb_row _builder_version=&#8220;4.9.7&#8243; _module_preset=&#8220;default&#8220; global_colors_info=&#8220;{}&#8220;][et_pb_column type=&#8220;4_4&#8243; _builder_version=&#8220;4.9.7&#8243; _module_preset=&#8220;default&#8220; global_colors_info=&#8220;{}&#8220;][et_pb_text _builder_version=&#8220;4.9.7&#8243; _module_preset=&#8220;default&#8220; global_colors_info=&#8220;{}&#8220;]<\/p>\n<h1>Vandapower respektiert Ihre Privatsph\u00e4re.<\/h1>\n<p>[\/et_pb_text][et_pb_text _builder_version=&#8220;4.9.7&#8243; _module_preset=&#8220;default&#8220; global_colors_info=&#8220;{}&#8220;]<\/p>\n<p><em>Ihre Privatsph\u00e4re ist f\u00fcr Vandapower BVBA von gro\u00dfer Bedeutung. Mit unserer Datenschutzerkl\u00e4rung m\u00f6chten wir Sie dar\u00fcber informieren, wie wir mit der Sammlung von Informationen \u00fcber die Nutzer unserer Website umgehen. Mit der Nutzung der Website erkl\u00e4ren Sie sich mit den folgenden Bedingungen einverstanden.<\/em><\/p>\n<p><em><strong>Was sammeln wir?<\/strong><span> <\/span>Sie k\u00f6nnen unsere Website anonym besuchen und auf diese Weise mehr \u00fcber Vandapower BVBA erfahren. Wir sammeln regelm\u00e4\u00dfig Informationen \u00fcber die Nutzer unserer Website, wie z. B. Browsertyp, Dauer des Besuchs, verwendete Seiten usw. Wir k\u00f6nnen Sie mit diesen Daten nicht identifizieren. Wir sammeln auch IP-Adressen, aber diese Informationen k\u00f6nnen im Allgemeinen nicht direkt auf Ihre Identit\u00e4t zur\u00fcckgef\u00fchrt werden. Ihre IP-Adresse l\u00e4sst sich nur auf den Namen Ihres Zugangsanbieters oder Ihres Firmennetzes zur\u00fcckf\u00fchren. Personenbezogene Daten werden nur erhoben, wenn Sie uns diese von sich aus mitteilen, z.B. f\u00fcr den Empfang unseres Newsletters oder f\u00fcr die Zusendung weiterer Informationen.<\/em><\/p>\n<p><em><strong>Wie verwenden wir sie?<\/strong><span> <\/span>Wenn Sie uns Ihre E-Mail-Adresse oder andere (indirekt identifizierbare) personenbezogene Daten zur Verf\u00fcgung stellen, werden wir diese Informationen nur verwenden, um Ihnen unseren Newsletter zuzusenden oder Ihre Fragen zu beantworten. Wenn Sie angegeben haben, dass Sie den Newsletter nicht mehr erhalten m\u00f6chten, wird Ihre E-Mail-Adresse aus unserer Datenbank gel\u00f6scht. Im Falle einer (wie auch immer gearteten) Umstrukturierung innerhalb von Vandapower BVBA kann es erforderlich sein, dass wir Ihre pers\u00f6nlichen Daten an eine andere Organisation weitergeben. Wir werden Ihre personenbezogenen Daten offenlegen, wenn wir der Meinung sind, dass wir aufgrund der einschl\u00e4gigen Gesetze oder Vorschriften dazu verpflichtet sind. Mit Ausnahme des Vorgenannten werden wir Ihre personenbezogenen Daten jedoch nicht an Dritte weitergeben, zu welchem Zweck auch immer, einschlie\u00dflich, aber nicht beschr\u00e4nkt auf Direktmarketingzwecke.<\/em><\/p>\n<p><em><strong>Google Analytics.<\/strong><span> <\/span>Vandapower BVBA benutzt Google Analytics, einen Webanalysedienst, der von Google Inc. (&#8222;Google&#8220;). Google Analytics verwendet Cookies, damit Vandapower BVBA analysieren kann, wie Sie die Website nutzen. Die durch den Cookie erzeugten Informationen (einschlie\u00dflich Ihrer IP-Adresse) werden an einen Server von Google in den Vereinigten Staaten \u00fcbertragen und dort gespeichert. Google verwendet diese Informationen, um zu verfolgen, wie Sie die Website von Vandapower BVBA nutzen, um Berichte \u00fcber die Aktivit\u00e4ten auf der Website von Vandapower BVBA zu erstellen und um weitere Dienstleistungen in Bezug auf die Websiteaktivit\u00e4ten und die Internetnutzung anzubieten. Google wird diese Informationen gegebenenfalls an Dritte \u00fcbertragen, sofern dies gesetzlich vorgeschrieben ist oder soweit Dritte diese Daten im Auftrag von Google verarbeiten. Google wird Ihre IP-Adresse nicht mit anderen von Google gespeicherten Daten kombinieren. Google und alle seine Tochtergesellschaften, einschlie\u00dflich Google Analytics, halten sich an die Datenschutzgrunds\u00e4tze des Privacy Shield des US-Wirtschaftsministeriums und der Europ\u00e4ischen Kommission und sind diesem angeschlossen. Sie k\u00f6nnen die Platzierung dieser Cookies ablehnen, indem Sie Ihren Browser so einstellen, dass Sie bei der n\u00e4chsten Nutzung der Website keine Cookies erhalten. Weitere Informationen zum Ein- und Ausschalten von Cookies finden Sie in der Anleitung und \/ oder in der Hilfefunktion Ihres Browsers.<\/em><\/p>\n<p><em><strong>Hyperlinks.<\/strong><span> <\/span>Zu Ihrer Bequemlichkeit haben wir auf unserer Website Hyperlinks zu den Websites Dritter, einschlie\u00dflich der Websites einer Reihe von Lieferanten von Vandapower BVBA, eingerichtet. Wir m\u00f6chten Sie darauf aufmerksam machen, dass, wenn Sie diese Websites besuchen, die Datenschutzpolitik dieser Dritten und nicht die von Vandapower BVBA auf die Aktivit\u00e4ten, die Sie auf diesen Websites durchf\u00fchren, und die Informationen, die Sie dort ver\u00f6ffentlichen, anwendbar ist.<\/em><\/p>\n<p><em><strong>Sicherheit.<\/strong><span> <\/span>Da die Online-\u00dcbermittlung Ihrer pers\u00f6nlichen Daten an Vandapower BVBA rein freiwillig ist und diese Daten nicht besonders sensibel sind, ergreifen wir keine Sicherheitsma\u00dfnahmen. Wir verwenden keine speziellen Verschl\u00fcsselungsmethoden. Weitere Informationen \u00fcber die Kommunikation mit Vandapower BVBA und die Nutzung der Website finden Sie in unserem Disclaimer.<\/em><\/p>\n<p><em><strong>\u00c4nderungsantr\u00e4ge.<\/strong><span> <\/span>Vandapower BVBA beh\u00e4lt sich das Recht vor, diese Datenschutzrichtlinie zu \u00e4ndern. Diese \u00c4nderungen werden auf dieser Website bekannt gegeben. Wenn Sie die Website nach der Anpassung weiterhin nutzen, gilt f\u00fcr diese Nutzung die angepasste Datenschutzrichtlinie.<\/em><\/p>\n<p><em><strong>Fragen und Aktualisierungen.<\/strong><span> <\/span>Wenn Sie Fragen oder Anregungen zum Datenschutz haben oder wenn Sie die uns zur Verf\u00fcgung gestellten personenbezogenen Daten \u00e4ndern m\u00f6chten, k\u00f6nnen Sie uns \u00fcber unsere Kontaktseite kontaktieren.<\/em><\/p>\n<p>[\/et_pb_text][\/et_pb_column][\/et_pb_row][\/et_pb_section]<\/p>\n","protected":false},"excerpt":{"rendered":"<p>One-stop shopP\u00fcnktliche LieferungUnabh\u00e4ngige technische BeratungVandapower respektiert Ihre Privatsph\u00e4re.Ihre Privatsph\u00e4re ist f\u00fcr Vandapower BVBA von gro\u00dfer Bedeutung. Mit unserer Datenschutzerkl\u00e4rung m\u00f6chten wir Sie dar\u00fcber informieren, wie wir mit der Sammlung von Informationen \u00fcber die Nutzer unserer Website umgehen. Mit der Nutzung der Website erkl\u00e4ren Sie sich mit den folgenden Bedingungen einverstanden. Was sammeln wir? Sie k\u00f6nnen [&hellip;]<\/p>\n","protected":false},"author":1,"featured_media":0,"parent":0,"menu_order":0,"comment_status":"closed","ping_status":"closed","template":"","meta":{"_et_pb_use_builder":"on","_et_pb_old_content":"","_et_gb_content_width":"","om_disable_all_campaigns":false,"inline_featured_image":false,"_monsterinsights_skip_tracking":false,"_monsterinsights_sitenote_active":false,"_monsterinsights_sitenote_note":"","_monsterinsights_sitenote_category":0,"_uf_show_specific_survey":0,"_uf_disable_surveys":false,"footnotes":""},"class_list":["post-4874","page","type-page","status-publish","hentry"],"yoast_head":"<!-- This site is optimized with the Yoast SEO plugin v27.3 - https:\/\/yoast.com\/product\/yoast-seo-wordpress\/ -->\n<title>Privatsph\u00e4re - Vandapower | Components and Cable Assemblies for Industrial Batteries<\/title>\n<meta name=\"robots\" content=\"index, follow, max-snippet:-1, max-image-preview:large, max-video-preview:-1\" \/>\n<link rel=\"canonical\" href=\"https:\/\/vandapower.com\/de\/privatsphaere\/\" \/>\n<meta property=\"og:locale\" content=\"de_DE\" \/>\n<meta property=\"og:type\" content=\"article\" \/>\n<meta property=\"og:title\" content=\"Privatsph\u00e4re - Vandapower | Components and Cable Assemblies for Industrial Batteries\" \/>\n<meta property=\"og:description\" content=\"One-stop shopP\u00fcnktliche LieferungUnabh\u00e4ngige technische BeratungVandapower respektiert Ihre Privatsph\u00e4re.Ihre Privatsph\u00e4re ist f\u00fcr Vandapower BVBA von gro\u00dfer Bedeutung. Mit unserer Datenschutzerkl\u00e4rung m\u00f6chten wir Sie dar\u00fcber informieren, wie wir mit der Sammlung von Informationen \u00fcber die Nutzer unserer Website umgehen. Mit der Nutzung der Website erkl\u00e4ren Sie sich mit den folgenden Bedingungen einverstanden. Was sammeln wir? Sie k\u00f6nnen [&hellip;]\" \/>\n<meta property=\"og:url\" content=\"https:\/\/vandapower.com\/de\/privatsphaere\/\" \/>\n<meta property=\"og:site_name\" content=\"Vandapower | Components and Cable Assemblies for Industrial Batteries\" \/>\n<meta property=\"article:modified_time\" content=\"2022-05-27T08:08:18+00:00\" \/>\n<meta name=\"twitter:card\" content=\"summary_large_image\" \/>\n<meta name=\"twitter:label1\" content=\"Gesch\u00e4tzte Lesezeit\" \/>\n\t<meta name=\"twitter:data1\" content=\"6\u00a0Minuten\" \/>\n<script type=\"application\/ld+json\" class=\"yoast-schema-graph\">{\"@context\":\"https:\\\/\\\/schema.org\",\"@graph\":[{\"@type\":\"WebPage\",\"@id\":\"https:\\\/\\\/vandapower.com\\\/de\\\/privatsphaere\\\/\",\"url\":\"https:\\\/\\\/vandapower.com\\\/de\\\/privatsphaere\\\/\",\"name\":\"Privatsph\u00e4re - Vandapower | Components and Cable Assemblies for Industrial Batteries\",\"isPartOf\":{\"@id\":\"https:\\\/\\\/vandapower.com\\\/be-nl\\\/#website\"},\"datePublished\":\"2021-10-20T18:08:10+00:00\",\"dateModified\":\"2022-05-27T08:08:18+00:00\",\"breadcrumb\":{\"@id\":\"https:\\\/\\\/vandapower.com\\\/de\\\/privatsphaere\\\/#breadcrumb\"},\"inLanguage\":\"de\",\"potentialAction\":[{\"@type\":\"ReadAction\",\"target\":[\"https:\\\/\\\/vandapower.com\\\/de\\\/privatsphaere\\\/\"]}]},{\"@type\":\"BreadcrumbList\",\"@id\":\"https:\\\/\\\/vandapower.com\\\/de\\\/privatsphaere\\\/#breadcrumb\",\"itemListElement\":[{\"@type\":\"ListItem\",\"position\":1,\"name\":\"Home\",\"item\":\"https:\\\/\\\/vandapower.com\\\/de\\\/\"},{\"@type\":\"ListItem\",\"position\":2,\"name\":\"Privatsph\u00e4re\"}]},{\"@type\":\"WebSite\",\"@id\":\"https:\\\/\\\/vandapower.com\\\/be-nl\\\/#website\",\"url\":\"https:\\\/\\\/vandapower.com\\\/be-nl\\\/\",\"name\":\"Vandapower | Components and Cable Assemblies for Industrial Batteries\",\"description\":\"Through our product knowledge, our buffer stock and our flexible organization, we can deliver your components for industrial batteries quickly and customized to your needs\",\"publisher\":{\"@id\":\"https:\\\/\\\/vandapower.com\\\/be-nl\\\/#organization\"},\"potentialAction\":[{\"@type\":\"SearchAction\",\"target\":{\"@type\":\"EntryPoint\",\"urlTemplate\":\"https:\\\/\\\/vandapower.com\\\/be-nl\\\/?s={search_term_string}\"},\"query-input\":{\"@type\":\"PropertyValueSpecification\",\"valueRequired\":true,\"valueName\":\"search_term_string\"}}],\"inLanguage\":\"de\"},{\"@type\":\"Organization\",\"@id\":\"https:\\\/\\\/vandapower.com\\\/be-nl\\\/#organization\",\"name\":\"Vandapower\",\"url\":\"https:\\\/\\\/vandapower.com\\\/be-nl\\\/\",\"logo\":{\"@type\":\"ImageObject\",\"inLanguage\":\"de\",\"@id\":\"https:\\\/\\\/vandapower.com\\\/be-nl\\\/#\\\/schema\\\/logo\\\/image\\\/\",\"url\":\"https:\\\/\\\/vandapower.eu\\\/wp-content\\\/uploads\\\/2021\\\/07\\\/logo-Vandapower-tagline.svg\",\"contentUrl\":\"https:\\\/\\\/vandapower.eu\\\/wp-content\\\/uploads\\\/2021\\\/07\\\/logo-Vandapower-tagline.svg\",\"width\":1321,\"height\":1088,\"caption\":\"Vandapower\"},\"image\":{\"@id\":\"https:\\\/\\\/vandapower.com\\\/be-nl\\\/#\\\/schema\\\/logo\\\/image\\\/\"}}]}<\/script>\n<!-- \/ Yoast SEO plugin. -->","yoast_head_json":{"title":"Privatsph\u00e4re - Vandapower | Components and Cable Assemblies for Industrial Batteries","robots":{"index":"index","follow":"follow","max-snippet":"max-snippet:-1","max-image-preview":"max-image-preview:large","max-video-preview":"max-video-preview:-1"},"canonical":"https:\/\/vandapower.com\/de\/privatsphaere\/","og_locale":"de_DE","og_type":"article","og_title":"Privatsph\u00e4re - Vandapower | Components and Cable Assemblies for Industrial Batteries","og_description":"One-stop shopP\u00fcnktliche LieferungUnabh\u00e4ngige technische BeratungVandapower respektiert Ihre Privatsph\u00e4re.Ihre Privatsph\u00e4re ist f\u00fcr Vandapower BVBA von gro\u00dfer Bedeutung. Mit unserer Datenschutzerkl\u00e4rung m\u00f6chten wir Sie dar\u00fcber informieren, wie wir mit der Sammlung von Informationen \u00fcber die Nutzer unserer Website umgehen. Mit der Nutzung der Website erkl\u00e4ren Sie sich mit den folgenden Bedingungen einverstanden. Was sammeln wir? Sie k\u00f6nnen [&hellip;]","og_url":"https:\/\/vandapower.com\/de\/privatsphaere\/","og_site_name":"Vandapower | Components and Cable Assemblies for Industrial Batteries","article_modified_time":"2022-05-27T08:08:18+00:00","twitter_card":"summary_large_image","twitter_misc":{"Gesch\u00e4tzte Lesezeit":"6\u00a0Minuten"},"schema":{"@context":"https:\/\/schema.org","@graph":[{"@type":"WebPage","@id":"https:\/\/vandapower.com\/de\/privatsphaere\/","url":"https:\/\/vandapower.com\/de\/privatsphaere\/","name":"Privatsph\u00e4re - Vandapower | Components and Cable Assemblies for Industrial Batteries","isPartOf":{"@id":"https:\/\/vandapower.com\/be-nl\/#website"},"datePublished":"2021-10-20T18:08:10+00:00","dateModified":"2022-05-27T08:08:18+00:00","breadcrumb":{"@id":"https:\/\/vandapower.com\/de\/privatsphaere\/#breadcrumb"},"inLanguage":"de","potentialAction":[{"@type":"ReadAction","target":["https:\/\/vandapower.com\/de\/privatsphaere\/"]}]},{"@type":"BreadcrumbList","@id":"https:\/\/vandapower.com\/de\/privatsphaere\/#breadcrumb","itemListElement":[{"@type":"ListItem","position":1,"name":"Home","item":"https:\/\/vandapower.com\/de\/"},{"@type":"ListItem","position":2,"name":"Privatsph\u00e4re"}]},{"@type":"WebSite","@id":"https:\/\/vandapower.com\/be-nl\/#website","url":"https:\/\/vandapower.com\/be-nl\/","name":"Vandapower | Components and Cable Assemblies for Industrial Batteries","description":"Through our product knowledge, our buffer stock and our flexible organization, we can deliver your components for industrial batteries quickly and customized to your needs","publisher":{"@id":"https:\/\/vandapower.com\/be-nl\/#organization"},"potentialAction":[{"@type":"SearchAction","target":{"@type":"EntryPoint","urlTemplate":"https:\/\/vandapower.com\/be-nl\/?s={search_term_string}"},"query-input":{"@type":"PropertyValueSpecification","valueRequired":true,"valueName":"search_term_string"}}],"inLanguage":"de"},{"@type":"Organization","@id":"https:\/\/vandapower.com\/be-nl\/#organization","name":"Vandapower","url":"https:\/\/vandapower.com\/be-nl\/","logo":{"@type":"ImageObject","inLanguage":"de","@id":"https:\/\/vandapower.com\/be-nl\/#\/schema\/logo\/image\/","url":"https:\/\/vandapower.eu\/wp-content\/uploads\/2021\/07\/logo-Vandapower-tagline.svg","contentUrl":"https:\/\/vandapower.eu\/wp-content\/uploads\/2021\/07\/logo-Vandapower-tagline.svg","width":1321,"height":1088,"caption":"Vandapower"},"image":{"@id":"https:\/\/vandapower.com\/be-nl\/#\/schema\/logo\/image\/"}}]}},"_links":{"self":[{"href":"https:\/\/vandapower.com\/de\/wp-json\/wp\/v2\/pages\/4874","targetHints":{"allow":["GET"]}}],"collection":[{"href":"https:\/\/vandapower.com\/de\/wp-json\/wp\/v2\/pages"}],"about":[{"href":"https:\/\/vandapower.com\/de\/wp-json\/wp\/v2\/types\/page"}],"author":[{"embeddable":true,"href":"https:\/\/vandapower.com\/de\/wp-json\/wp\/v2\/users\/1"}],"replies":[{"embeddable":true,"href":"https:\/\/vandapower.com\/de\/wp-json\/wp\/v2\/comments?post=4874"}],"version-history":[{"count":6,"href":"https:\/\/vandapower.com\/de\/wp-json\/wp\/v2\/pages\/4874\/revisions"}],"predecessor-version":[{"id":15483,"href":"https:\/\/vandapower.com\/de\/wp-json\/wp\/v2\/pages\/4874\/revisions\/15483"}],"wp:attachment":[{"href":"https:\/\/vandapower.com\/de\/wp-json\/wp\/v2\/media?parent=4874"}],"curies":[{"name":"wp","href":"https:\/\/api.w.org\/{rel}","templated":true}]}}