{"id":4867,"date":"2021-10-20T12:22:37","date_gmt":"2021-10-20T12:22:37","guid":{"rendered":"https:\/\/vandapower.eu\/verbinder-und-endableiter\/"},"modified":"2023-07-11T14:50:27","modified_gmt":"2023-07-11T12:50:27","slug":"verbinder-und-endableiter","status":"publish","type":"page","link":"https:\/\/vandapower.com\/de\/batteriekomponenten\/verbinder-und-endableiter\/","title":{"rendered":"Verbinder und Endableiter"},"content":{"rendered":"<p>[et_pb_section fb_built=&#8220;1&#8243; _builder_version=&#8220;4.16&#8243; _module_preset=&#8220;default&#8220; custom_padding=&#8220;0px||0px||true|false&#8220; da_disable_devices=&#8220;off|off|off&#8220; global_colors_info=&#8220;{}&#8220; da_is_popup=&#8220;off&#8220; da_exit_intent=&#8220;off&#8220; da_has_close=&#8220;on&#8220; da_alt_close=&#8220;off&#8220; da_dark_close=&#8220;off&#8220; da_not_modal=&#8220;on&#8220; da_is_singular=&#8220;off&#8220; da_with_loader=&#8220;off&#8220; da_has_shadow=&#8220;on&#8220;][et_pb_row module_class=&#8220;usp-header&#8220; _builder_version=&#8220;4.14.5&#8243; _module_preset=&#8220;default&#8220; width=&#8220;85%&#8220; custom_padding=&#8220;||0px||false|false&#8220; global_module=&#8220;2256&#8243; saved_tabs=&#8220;all&#8220; global_colors_info=&#8220;{}&#8220;][et_pb_column type=&#8220;4_4&#8243; _builder_version=&#8220;4.16&#8243; _module_preset=&#8220;default&#8220; global_colors_info=&#8220;{}&#8220;][et_pb_blurb image=&#8220;https:\/\/vandapower.eu\/wp-content\/uploads\/\/2021\/07\/One-stop-Shop.svg&#8220; icon_placement=&#8220;left&#8220; image_icon_width=&#8220;20px&#8220; _builder_version=&#8220;4.16&#8243; _module_preset=&#8220;default&#8220; body_font_size=&#8220;14px&#8220; body_line_height=&#8220;1.4em&#8220; width=&#8220;13%&#8220; width_tablet=&#8220;30%&#8220; width_phone=&#8220;100%&#8220; width_last_edited=&#8220;on|phone&#8220; custom_margin=&#8220;0px||10px||false|false&#8220; custom_padding=&#8220;||0px|0px|false|false&#8220; link_option_url=&#8220;https:\/\/vandapower.eu\/en\/why-vandapower\/#onestop&#8220; custom_css_main_element=&#8220;display: inline-block;||&#8220; image_max_width=&#8220;20px&#8220; global_colors_info=&#8220;{}&#8220; content__hover_enabled=&#8220;off|hover&#8220; content__hover=&#8220;<\/p>\n<p><span style=%22text-decoration: underline;%22><span class=%22red%22>One-stop<\/span> shop<\/span><\/p>\n<p>&#8222;]<\/p>\n<p><span class=\"red\">One-stop<\/span> shop<\/p>\n<p>[\/et_pb_blurb][et_pb_blurb image=&#8220;https:\/\/vandapower.eu\/wp-content\/uploads\/\/2021\/07\/On-time-Delivery.svg&#8220; icon_placement=&#8220;left&#8220; image_icon_width=&#8220;20px&#8220; _builder_version=&#8220;4.16&#8243; _module_preset=&#8220;default&#8220; body_font_size=&#8220;14px&#8220; body_line_height=&#8220;1.4em&#8220; width=&#8220;16%&#8220; width_tablet=&#8220;30%&#8220; width_phone=&#8220;100%&#8220; width_last_edited=&#8220;on|phone&#8220; custom_margin=&#8220;0px||10px||false|false&#8220; custom_padding=&#8220;||0px|0px|false|false&#8220; link_option_url=&#8220;https:\/\/vandapower.eu\/en\/why-vandapower\/#ontime&#8220; custom_css_main_element=&#8220;display: inline-block;&#8220; image_max_width=&#8220;20px&#8220; global_colors_info=&#8220;{}&#8220; content__hover_enabled=&#8220;off|hover&#8220; content__hover=&#8220;<\/p>\n<p><span style=%22text-decoration: underline;%22><span class=%22red%22>Tijdige<\/span> levering<\/span><\/p>\n<p>&#8222;]<span class=\"red\">P\u00fcnktliche<\/span>Lieferung[\/et_pb_blurb][et_pb_blurb image=&#8220;https:\/\/vandapower.eu\/wp-content\/uploads\/\/2021\/07\/Independent-Technical-Advice.svg&#8220; icon_placement=&#8220;left&#8220; image_icon_width=&#8220;18px&#8220; content_last_edited=&#8220;off|desktop&#8220; _builder_version=&#8220;4.19.4&#8243; _module_preset=&#8220;default&#8220; body_font_size=&#8220;14px&#8220; body_line_height=&#8220;2em&#8220; width=&#8220;25%&#8220; width_tablet=&#8220;39%&#8220; width_phone=&#8220;100%&#8220; width_last_edited=&#8220;on|phone&#8220; custom_margin=&#8220;||5px|-25px|false|false&#8220; custom_padding=&#8220;||0px|0px|false|false&#8220; link_option_url=&#8220;https:\/\/vandapower.eu\/en\/why-vandapower\/#independent&#8220; custom_css_main_element=&#8220;display: inline-block;&#8220; image_max_width=&#8220;18px&#8220; global_colors_info=&#8220;{}&#8220; content__hover_enabled=&#8220;off|desktop&#8220; content__hover=&#8220;<\/p>\n<p><span style=%22text-decoration: underline;%22>Onafhankelijk <span class=%22red%22>technisch advies<\/span><\/span><\/p>\n<p>&#8222;]<\/p>\n<p><span class=\"red\">Independent<\/span> technical advice<\/p>\n<p>[\/et_pb_blurb][\/et_pb_column][\/et_pb_row][\/et_pb_section][et_pb_section fb_built=&#8220;1&#8243; _builder_version=&#8220;4.16&#8243; _module_preset=&#8220;default&#8220; custom_padding=&#8220;0px||0px||false|false&#8220; da_disable_devices=&#8220;off|off|off&#8220; global_colors_info=&#8220;{}&#8220; da_is_popup=&#8220;off&#8220; da_exit_intent=&#8220;off&#8220; da_has_close=&#8220;on&#8220; da_alt_close=&#8220;off&#8220; da_dark_close=&#8220;off&#8220; da_not_modal=&#8220;on&#8220; da_is_singular=&#8220;off&#8220; da_with_loader=&#8220;off&#8220; da_has_shadow=&#8220;on&#8220;][et_pb_row _builder_version=&#8220;4.16&#8243; _module_preset=&#8220;default&#8220; global_colors_info=&#8220;{}&#8220;][et_pb_column type=&#8220;4_4&#8243; _builder_version=&#8220;4.16&#8243; _module_preset=&#8220;default&#8220; global_colors_info=&#8220;{}&#8220;][et_pb_text _builder_version=&#8220;4.16&#8243; _module_preset=&#8220;default&#8220; global_colors_info=&#8220;{}&#8220;]<\/p>\n<h1>Verbinder und Endableiter<\/h1>\n<p>[\/et_pb_text][et_pb_text _builder_version=&#8220;4.16&#8243; _module_preset=&#8220;default&#8220; custom_margin=&#8220;||40px||false|false&#8220; global_colors_info=&#8220;{}&#8220;]Verbinder und Endkabel aus Kupfer, isolierte Polschrauben f\u00fcr Blei-S\u00e4ure-Batterien.[\/et_pb_text][\/et_pb_column][\/et_pb_row][\/et_pb_section][et_pb_section fb_built=&#8220;1&#8243; _builder_version=&#8220;4.16&#8243; _module_preset=&#8220;default&#8220; background_color=&#8220;#f5f5f5&#8243; da_disable_devices=&#8220;off|off|off&#8220; global_colors_info=&#8220;{}&#8220; da_is_popup=&#8220;off&#8220; da_exit_intent=&#8220;off&#8220; da_has_close=&#8220;on&#8220; da_alt_close=&#8220;off&#8220; da_dark_close=&#8220;off&#8220; da_not_modal=&#8220;on&#8220; da_is_singular=&#8220;off&#8220; da_with_loader=&#8220;off&#8220; da_has_shadow=&#8220;on&#8220;][et_pb_row column_structure=&#8220;1_4,1_4,1_4,1_4&#8243; use_custom_gutter=&#8220;on&#8220; gutter_width=&#8220;2&#8243; make_equal=&#8220;on&#8220; _builder_version=&#8220;4.16&#8243; _module_preset=&#8220;default&#8220; global_colors_info=&#8220;{}&#8220;][et_pb_column type=&#8220;1_4&#8243; _builder_version=&#8220;4.16&#8243; _module_preset=&#8220;default&#8220; global_colors_info=&#8220;{}&#8220;][et_pb_blurb title=&#8220;Verbinder und Endableiter&#8220; image=&#8220;https:\/\/vandapower.com\/wp-content\/uploads\/2023\/07\/intercell-connectors-and-take-off-leads-1.png&#8220; _builder_version=&#8220;4.21.0&#8243; _dynamic_attributes=&#8220;link_option_url&#8220; _module_preset=&#8220;default&#8220; header_text_align=&#8220;center&#8220; header_font_size=&#8220;16px&#8220; height=&#8220;320px&#8220; custom_margin=&#8220;||28px||false|false&#8220; custom_padding=&#8220;|0px||0px|false|true&#8220; link_option_url=&#8220;@ET-DC@eyJkeW5hbWljIjp0cnVlLCJjb250ZW50IjoicG9zdF9saW5rX3VybF9wYWdlIiwic2V0dGluZ3MiOnsicG9zdF9pZCI6IjI2MDEifX0=@&#8220; hover_enabled=&#8220;0&#8243; global_colors_info=&#8220;{}&#8220; header_text_color__hover_enabled=&#8220;on|desktop&#8220; header_text_color__hover=&#8220;#E41800&#8243; title_text=&#8220;intercell connectors and take off leads (1)&#8220; sticky_enabled=&#8220;0&#8243;][\/et_pb_blurb][\/et_pb_column][et_pb_column type=&#8220;1_4&#8243; _builder_version=&#8220;4.16&#8243; _module_preset=&#8220;default&#8220; global_colors_info=&#8220;{}&#8220;][\/et_pb_column][et_pb_column type=&#8220;1_4&#8243; _builder_version=&#8220;4.16&#8243; _module_preset=&#8220;default&#8220; global_colors_info=&#8220;{}&#8220;][\/et_pb_column][et_pb_column type=&#8220;1_4&#8243; _builder_version=&#8220;4.16&#8243; _module_preset=&#8220;default&#8220; global_colors_info=&#8220;{}&#8220;][\/et_pb_column][\/et_pb_row][\/et_pb_section]<\/p>\n","protected":false},"excerpt":{"rendered":"<p>One-stop shopP\u00fcnktlicheLieferungIndependent technical adviceVerbinder und Endableiter Verbinder und Endkabel aus Kupfer, isolierte Polschrauben f\u00fcr Blei-S\u00e4ure-Batterien.<\/p>\n","protected":false},"author":1,"featured_media":4868,"parent":4903,"menu_order":0,"comment_status":"closed","ping_status":"closed","template":"","meta":{"_et_pb_use_builder":"on","_et_pb_old_content":"","_et_gb_content_width":"","om_disable_all_campaigns":false,"inline_featured_image":false,"_monsterinsights_skip_tracking":false,"_monsterinsights_sitenote_active":false,"_monsterinsights_sitenote_note":"","_monsterinsights_sitenote_category":0,"_uf_show_specific_survey":0,"_uf_disable_surveys":false,"footnotes":""},"class_list":["post-4867","page","type-page","status-publish","has-post-thumbnail","hentry"],"yoast_head":"<!-- This site is optimized with the Yoast SEO plugin v27.3 - https:\/\/yoast.com\/product\/yoast-seo-wordpress\/ -->\n<title>Verbinder und Endableiter -<\/title>\n<meta name=\"description\" content=\"Vandapower bietet kupferne und isolierte Anschlussbolzen f\u00fcr Blei-S\u00e4ure-Batterien an. Von der Marke FR\u00d6TEK Zellverbinder &amp; Endkabel. Vandapower verf\u00fcgt \u00fcber ein umfangreiches Sortiment an Fr\u00f6tek-Steckverbindern: geschwei\u00dfte und gepresste Steckverbinder (in Standard- und &#039;Perfect Hawker&#039;-Ausf\u00fchrung), Steckverbinder mit flexiblen Leitungen, Steckverbinder mit massiven Leitungen, Hybridsteckverbinder, Laststeckverbinder. Wir liefern auch Endkabel f\u00fcr den Anschluss an Batterien mit Schraubzellen sowie verschiedene Arten von Schrauben und Abdeckungen, die wir neben den einzelnen Komponenten auch montieren k\u00f6nnen. Wir produzieren Kabelleitungen inklusive Steckverbinder und Zubeh\u00f6r.\" \/>\n<meta name=\"robots\" content=\"index, follow, max-snippet:-1, max-image-preview:large, max-video-preview:-1\" \/>\n<link rel=\"canonical\" href=\"https:\/\/vandapower.com\/de\/batteriekomponenten\/verbinder-und-endableiter\/\" \/>\n<meta property=\"og:locale\" content=\"de_DE\" \/>\n<meta property=\"og:type\" content=\"article\" \/>\n<meta property=\"og:title\" content=\"Verbinder und Endableiter -\" \/>\n<meta property=\"og:description\" content=\"Vandapower bietet kupferne und isolierte Anschlussbolzen f\u00fcr Blei-S\u00e4ure-Batterien an. Von der Marke FR\u00d6TEK Zellverbinder &amp; Endkabel. Vandapower verf\u00fcgt \u00fcber ein umfangreiches Sortiment an Fr\u00f6tek-Steckverbindern: geschwei\u00dfte und gepresste Steckverbinder (in Standard- und &#039;Perfect Hawker&#039;-Ausf\u00fchrung), Steckverbinder mit flexiblen Leitungen, Steckverbinder mit massiven Leitungen, Hybridsteckverbinder, Laststeckverbinder. Wir liefern auch Endkabel f\u00fcr den Anschluss an Batterien mit Schraubzellen sowie verschiedene Arten von Schrauben und Abdeckungen, die wir neben den einzelnen Komponenten auch montieren k\u00f6nnen. Wir produzieren Kabelleitungen inklusive Steckverbinder und Zubeh\u00f6r.\" \/>\n<meta property=\"og:url\" content=\"https:\/\/vandapower.com\/de\/batteriekomponenten\/verbinder-und-endableiter\/\" \/>\n<meta property=\"og:site_name\" content=\"Vandapower | Components and Cable Assemblies for Industrial Batteries\" \/>\n<meta property=\"article:modified_time\" content=\"2023-07-11T12:50:27+00:00\" \/>\n<meta property=\"og:image\" content=\"https:\/\/vandapower.com\/wp-content\/uploads\/2021\/07\/intercell.jpg\" \/>\n\t<meta property=\"og:image:width\" content=\"720\" \/>\n\t<meta property=\"og:image:height\" content=\"640\" \/>\n\t<meta property=\"og:image:type\" content=\"image\/jpeg\" \/>\n<meta name=\"twitter:card\" content=\"summary_large_image\" \/>\n<meta name=\"twitter:label1\" content=\"Gesch\u00e4tzte Lesezeit\" \/>\n\t<meta name=\"twitter:data1\" content=\"4\u00a0Minuten\" \/>\n<script type=\"application\/ld+json\" class=\"yoast-schema-graph\">{\"@context\":\"https:\\\/\\\/schema.org\",\"@graph\":[{\"@type\":\"WebPage\",\"@id\":\"https:\\\/\\\/vandapower.com\\\/de\\\/batteriekomponenten\\\/verbinder-und-endableiter\\\/\",\"url\":\"https:\\\/\\\/vandapower.com\\\/de\\\/batteriekomponenten\\\/verbinder-und-endableiter\\\/\",\"name\":\"Verbinder und Endableiter -\",\"isPartOf\":{\"@id\":\"https:\\\/\\\/vandapower.com\\\/be-nl\\\/#website\"},\"primaryImageOfPage\":{\"@id\":\"https:\\\/\\\/vandapower.com\\\/de\\\/batteriekomponenten\\\/verbinder-und-endableiter\\\/#primaryimage\"},\"image\":{\"@id\":\"https:\\\/\\\/vandapower.com\\\/de\\\/batteriekomponenten\\\/verbinder-und-endableiter\\\/#primaryimage\"},\"thumbnailUrl\":\"https:\\\/\\\/vandapower.com\\\/wp-content\\\/uploads\\\/2021\\\/07\\\/intercell.jpg\",\"datePublished\":\"2021-10-20T12:22:37+00:00\",\"dateModified\":\"2023-07-11T12:50:27+00:00\",\"description\":\"Vandapower bietet kupferne und isolierte Anschlussbolzen f\u00fcr Blei-S\u00e4ure-Batterien an. Von der Marke FR\u00d6TEK Zellverbinder & Endkabel. Vandapower verf\u00fcgt \u00fcber ein umfangreiches Sortiment an Fr\u00f6tek-Steckverbindern: geschwei\u00dfte und gepresste Steckverbinder (in Standard- und 'Perfect Hawker'-Ausf\u00fchrung), Steckverbinder mit flexiblen Leitungen, Steckverbinder mit massiven Leitungen, Hybridsteckverbinder, Laststeckverbinder. Wir liefern auch Endkabel f\u00fcr den Anschluss an Batterien mit Schraubzellen sowie verschiedene Arten von Schrauben und Abdeckungen, die wir neben den einzelnen Komponenten auch montieren k\u00f6nnen. Wir produzieren Kabelleitungen inklusive Steckverbinder und Zubeh\u00f6r.\",\"breadcrumb\":{\"@id\":\"https:\\\/\\\/vandapower.com\\\/de\\\/batteriekomponenten\\\/verbinder-und-endableiter\\\/#breadcrumb\"},\"inLanguage\":\"de\",\"potentialAction\":[{\"@type\":\"ReadAction\",\"target\":[\"https:\\\/\\\/vandapower.com\\\/de\\\/batteriekomponenten\\\/verbinder-und-endableiter\\\/\"]}]},{\"@type\":\"ImageObject\",\"inLanguage\":\"de\",\"@id\":\"https:\\\/\\\/vandapower.com\\\/de\\\/batteriekomponenten\\\/verbinder-und-endableiter\\\/#primaryimage\",\"url\":\"https:\\\/\\\/vandapower.com\\\/wp-content\\\/uploads\\\/2021\\\/07\\\/intercell.jpg\",\"contentUrl\":\"https:\\\/\\\/vandapower.com\\\/wp-content\\\/uploads\\\/2021\\\/07\\\/intercell.jpg\",\"width\":720,\"height\":640},{\"@type\":\"BreadcrumbList\",\"@id\":\"https:\\\/\\\/vandapower.com\\\/de\\\/batteriekomponenten\\\/verbinder-und-endableiter\\\/#breadcrumb\",\"itemListElement\":[{\"@type\":\"ListItem\",\"position\":1,\"name\":\"Home\",\"item\":\"https:\\\/\\\/vandapower.com\\\/de\\\/\"},{\"@type\":\"ListItem\",\"position\":2,\"name\":\"Produkte\",\"item\":\"https:\\\/\\\/vandapower.com\\\/de\\\/batteriekomponenten\\\/\"},{\"@type\":\"ListItem\",\"position\":3,\"name\":\"Verbinder und Endableiter\"}]},{\"@type\":\"WebSite\",\"@id\":\"https:\\\/\\\/vandapower.com\\\/be-nl\\\/#website\",\"url\":\"https:\\\/\\\/vandapower.com\\\/be-nl\\\/\",\"name\":\"Vandapower | Components and Cable Assemblies for Industrial Batteries\",\"description\":\"Through our product knowledge, our buffer stock and our flexible organization, we can deliver your components for industrial batteries quickly and customized to your needs\",\"publisher\":{\"@id\":\"https:\\\/\\\/vandapower.com\\\/be-nl\\\/#organization\"},\"potentialAction\":[{\"@type\":\"SearchAction\",\"target\":{\"@type\":\"EntryPoint\",\"urlTemplate\":\"https:\\\/\\\/vandapower.com\\\/be-nl\\\/?s={search_term_string}\"},\"query-input\":{\"@type\":\"PropertyValueSpecification\",\"valueRequired\":true,\"valueName\":\"search_term_string\"}}],\"inLanguage\":\"de\"},{\"@type\":\"Organization\",\"@id\":\"https:\\\/\\\/vandapower.com\\\/be-nl\\\/#organization\",\"name\":\"Vandapower\",\"url\":\"https:\\\/\\\/vandapower.com\\\/be-nl\\\/\",\"logo\":{\"@type\":\"ImageObject\",\"inLanguage\":\"de\",\"@id\":\"https:\\\/\\\/vandapower.com\\\/be-nl\\\/#\\\/schema\\\/logo\\\/image\\\/\",\"url\":\"https:\\\/\\\/vandapower.eu\\\/wp-content\\\/uploads\\\/2021\\\/07\\\/logo-Vandapower-tagline.svg\",\"contentUrl\":\"https:\\\/\\\/vandapower.eu\\\/wp-content\\\/uploads\\\/2021\\\/07\\\/logo-Vandapower-tagline.svg\",\"width\":1321,\"height\":1088,\"caption\":\"Vandapower\"},\"image\":{\"@id\":\"https:\\\/\\\/vandapower.com\\\/be-nl\\\/#\\\/schema\\\/logo\\\/image\\\/\"}}]}<\/script>\n<!-- \/ Yoast SEO plugin. -->","yoast_head_json":{"title":"Verbinder und Endableiter -","description":"Vandapower bietet kupferne und isolierte Anschlussbolzen f\u00fcr Blei-S\u00e4ure-Batterien an. Von der Marke FR\u00d6TEK Zellverbinder & Endkabel. Vandapower verf\u00fcgt \u00fcber ein umfangreiches Sortiment an Fr\u00f6tek-Steckverbindern: geschwei\u00dfte und gepresste Steckverbinder (in Standard- und 'Perfect Hawker'-Ausf\u00fchrung), Steckverbinder mit flexiblen Leitungen, Steckverbinder mit massiven Leitungen, Hybridsteckverbinder, Laststeckverbinder. Wir liefern auch Endkabel f\u00fcr den Anschluss an Batterien mit Schraubzellen sowie verschiedene Arten von Schrauben und Abdeckungen, die wir neben den einzelnen Komponenten auch montieren k\u00f6nnen. Wir produzieren Kabelleitungen inklusive Steckverbinder und Zubeh\u00f6r.","robots":{"index":"index","follow":"follow","max-snippet":"max-snippet:-1","max-image-preview":"max-image-preview:large","max-video-preview":"max-video-preview:-1"},"canonical":"https:\/\/vandapower.com\/de\/batteriekomponenten\/verbinder-und-endableiter\/","og_locale":"de_DE","og_type":"article","og_title":"Verbinder und Endableiter -","og_description":"Vandapower bietet kupferne und isolierte Anschlussbolzen f\u00fcr Blei-S\u00e4ure-Batterien an. Von der Marke FR\u00d6TEK Zellverbinder & Endkabel. Vandapower verf\u00fcgt \u00fcber ein umfangreiches Sortiment an Fr\u00f6tek-Steckverbindern: geschwei\u00dfte und gepresste Steckverbinder (in Standard- und 'Perfect Hawker'-Ausf\u00fchrung), Steckverbinder mit flexiblen Leitungen, Steckverbinder mit massiven Leitungen, Hybridsteckverbinder, Laststeckverbinder. Wir liefern auch Endkabel f\u00fcr den Anschluss an Batterien mit Schraubzellen sowie verschiedene Arten von Schrauben und Abdeckungen, die wir neben den einzelnen Komponenten auch montieren k\u00f6nnen. Wir produzieren Kabelleitungen inklusive Steckverbinder und Zubeh\u00f6r.","og_url":"https:\/\/vandapower.com\/de\/batteriekomponenten\/verbinder-und-endableiter\/","og_site_name":"Vandapower | Components and Cable Assemblies for Industrial Batteries","article_modified_time":"2023-07-11T12:50:27+00:00","og_image":[{"width":720,"height":640,"url":"https:\/\/vandapower.com\/wp-content\/uploads\/2021\/07\/intercell.jpg","type":"image\/jpeg"}],"twitter_card":"summary_large_image","twitter_misc":{"Gesch\u00e4tzte Lesezeit":"4\u00a0Minuten"},"schema":{"@context":"https:\/\/schema.org","@graph":[{"@type":"WebPage","@id":"https:\/\/vandapower.com\/de\/batteriekomponenten\/verbinder-und-endableiter\/","url":"https:\/\/vandapower.com\/de\/batteriekomponenten\/verbinder-und-endableiter\/","name":"Verbinder und Endableiter -","isPartOf":{"@id":"https:\/\/vandapower.com\/be-nl\/#website"},"primaryImageOfPage":{"@id":"https:\/\/vandapower.com\/de\/batteriekomponenten\/verbinder-und-endableiter\/#primaryimage"},"image":{"@id":"https:\/\/vandapower.com\/de\/batteriekomponenten\/verbinder-und-endableiter\/#primaryimage"},"thumbnailUrl":"https:\/\/vandapower.com\/wp-content\/uploads\/2021\/07\/intercell.jpg","datePublished":"2021-10-20T12:22:37+00:00","dateModified":"2023-07-11T12:50:27+00:00","description":"Vandapower bietet kupferne und isolierte Anschlussbolzen f\u00fcr Blei-S\u00e4ure-Batterien an. Von der Marke FR\u00d6TEK Zellverbinder & Endkabel. Vandapower verf\u00fcgt \u00fcber ein umfangreiches Sortiment an Fr\u00f6tek-Steckverbindern: geschwei\u00dfte und gepresste Steckverbinder (in Standard- und 'Perfect Hawker'-Ausf\u00fchrung), Steckverbinder mit flexiblen Leitungen, Steckverbinder mit massiven Leitungen, Hybridsteckverbinder, Laststeckverbinder. Wir liefern auch Endkabel f\u00fcr den Anschluss an Batterien mit Schraubzellen sowie verschiedene Arten von Schrauben und Abdeckungen, die wir neben den einzelnen Komponenten auch montieren k\u00f6nnen. Wir produzieren Kabelleitungen inklusive Steckverbinder und Zubeh\u00f6r.","breadcrumb":{"@id":"https:\/\/vandapower.com\/de\/batteriekomponenten\/verbinder-und-endableiter\/#breadcrumb"},"inLanguage":"de","potentialAction":[{"@type":"ReadAction","target":["https:\/\/vandapower.com\/de\/batteriekomponenten\/verbinder-und-endableiter\/"]}]},{"@type":"ImageObject","inLanguage":"de","@id":"https:\/\/vandapower.com\/de\/batteriekomponenten\/verbinder-und-endableiter\/#primaryimage","url":"https:\/\/vandapower.com\/wp-content\/uploads\/2021\/07\/intercell.jpg","contentUrl":"https:\/\/vandapower.com\/wp-content\/uploads\/2021\/07\/intercell.jpg","width":720,"height":640},{"@type":"BreadcrumbList","@id":"https:\/\/vandapower.com\/de\/batteriekomponenten\/verbinder-und-endableiter\/#breadcrumb","itemListElement":[{"@type":"ListItem","position":1,"name":"Home","item":"https:\/\/vandapower.com\/de\/"},{"@type":"ListItem","position":2,"name":"Produkte","item":"https:\/\/vandapower.com\/de\/batteriekomponenten\/"},{"@type":"ListItem","position":3,"name":"Verbinder und Endableiter"}]},{"@type":"WebSite","@id":"https:\/\/vandapower.com\/be-nl\/#website","url":"https:\/\/vandapower.com\/be-nl\/","name":"Vandapower | Components and Cable Assemblies for Industrial Batteries","description":"Through our product knowledge, our buffer stock and our flexible organization, we can deliver your components for industrial batteries quickly and customized to your needs","publisher":{"@id":"https:\/\/vandapower.com\/be-nl\/#organization"},"potentialAction":[{"@type":"SearchAction","target":{"@type":"EntryPoint","urlTemplate":"https:\/\/vandapower.com\/be-nl\/?s={search_term_string}"},"query-input":{"@type":"PropertyValueSpecification","valueRequired":true,"valueName":"search_term_string"}}],"inLanguage":"de"},{"@type":"Organization","@id":"https:\/\/vandapower.com\/be-nl\/#organization","name":"Vandapower","url":"https:\/\/vandapower.com\/be-nl\/","logo":{"@type":"ImageObject","inLanguage":"de","@id":"https:\/\/vandapower.com\/be-nl\/#\/schema\/logo\/image\/","url":"https:\/\/vandapower.eu\/wp-content\/uploads\/2021\/07\/logo-Vandapower-tagline.svg","contentUrl":"https:\/\/vandapower.eu\/wp-content\/uploads\/2021\/07\/logo-Vandapower-tagline.svg","width":1321,"height":1088,"caption":"Vandapower"},"image":{"@id":"https:\/\/vandapower.com\/be-nl\/#\/schema\/logo\/image\/"}}]}},"_links":{"self":[{"href":"https:\/\/vandapower.com\/de\/wp-json\/wp\/v2\/pages\/4867","targetHints":{"allow":["GET"]}}],"collection":[{"href":"https:\/\/vandapower.com\/de\/wp-json\/wp\/v2\/pages"}],"about":[{"href":"https:\/\/vandapower.com\/de\/wp-json\/wp\/v2\/types\/page"}],"author":[{"embeddable":true,"href":"https:\/\/vandapower.com\/de\/wp-json\/wp\/v2\/users\/1"}],"replies":[{"embeddable":true,"href":"https:\/\/vandapower.com\/de\/wp-json\/wp\/v2\/comments?post=4867"}],"version-history":[{"count":11,"href":"https:\/\/vandapower.com\/de\/wp-json\/wp\/v2\/pages\/4867\/revisions"}],"predecessor-version":[{"id":21751,"href":"https:\/\/vandapower.com\/de\/wp-json\/wp\/v2\/pages\/4867\/revisions\/21751"}],"up":[{"embeddable":true,"href":"https:\/\/vandapower.com\/de\/wp-json\/wp\/v2\/pages\/4903"}],"wp:featuredmedia":[{"embeddable":true,"href":"https:\/\/vandapower.com\/de\/wp-json\/wp\/v2\/media\/4868"}],"wp:attachment":[{"href":"https:\/\/vandapower.com\/de\/wp-json\/wp\/v2\/media?parent=4867"}],"curies":[{"name":"wp","href":"https:\/\/api.w.org\/{rel}","templated":true}]}}