{"id":4864,"date":"2021-10-20T12:18:51","date_gmt":"2021-10-20T12:18:51","guid":{"rendered":"https:\/\/vandapower.eu\/kabel-und-kabelzubehoer\/"},"modified":"2023-07-11T14:26:27","modified_gmt":"2023-07-11T12:26:27","slug":"kabel-und-kabelzubehoer","status":"publish","type":"page","link":"https:\/\/vandapower.com\/de\/batteriekomponenten\/kabel-und-kabelzubehoer\/","title":{"rendered":"Kabel und Kabelzubeh\u00f6r"},"content":{"rendered":"<p>[et_pb_section fb_built=&#8220;1&#8243; _builder_version=&#8220;4.16&#8243; _module_preset=&#8220;default&#8220; custom_padding=&#8220;0px||0px||true|false&#8220; da_disable_devices=&#8220;off|off|off&#8220; global_colors_info=&#8220;{}&#8220; da_is_popup=&#8220;off&#8220; da_exit_intent=&#8220;off&#8220; da_has_close=&#8220;on&#8220; da_alt_close=&#8220;off&#8220; da_dark_close=&#8220;off&#8220; da_not_modal=&#8220;on&#8220; da_is_singular=&#8220;off&#8220; da_with_loader=&#8220;off&#8220; da_has_shadow=&#8220;on&#8220;][et_pb_row module_class=&#8220;usp-header&#8220; _builder_version=&#8220;4.14.5&#8243; _module_preset=&#8220;default&#8220; width=&#8220;85%&#8220; custom_padding=&#8220;||0px||false|false&#8220; global_module=&#8220;2256&#8243; saved_tabs=&#8220;all&#8220; global_colors_info=&#8220;{}&#8220;][et_pb_column type=&#8220;4_4&#8243; _builder_version=&#8220;4.16&#8243; _module_preset=&#8220;default&#8220; global_colors_info=&#8220;{}&#8220;][et_pb_blurb image=&#8220;https:\/\/vandapower.eu\/wp-content\/uploads\/\/2021\/07\/One-stop-Shop.svg&#8220; icon_placement=&#8220;left&#8220; image_icon_width=&#8220;20px&#8220; _builder_version=&#8220;4.16&#8243; _module_preset=&#8220;default&#8220; body_font_size=&#8220;14px&#8220; body_line_height=&#8220;1.4em&#8220; width=&#8220;13%&#8220; width_tablet=&#8220;30%&#8220; width_phone=&#8220;100%&#8220; width_last_edited=&#8220;on|phone&#8220; custom_margin=&#8220;0px||10px||false|false&#8220; custom_padding=&#8220;||0px|0px|false|false&#8220; link_option_url=&#8220;https:\/\/vandapower.eu\/en\/why-vandapower\/#onestop&#8220; custom_css_main_element=&#8220;display: inline-block;||&#8220; image_max_width=&#8220;20px&#8220; global_colors_info=&#8220;{}&#8220; content__hover_enabled=&#8220;off|hover&#8220; content__hover=&#8220;<\/p>\n<p><span style=%22text-decoration: underline;%22><span class=%22red%22>One-stop<\/span> shop<\/span><\/p>\n<p>&#8222;]<\/p>\n<p><span class=\"red\">One-stop<\/span> shop<\/p>\n<p>[\/et_pb_blurb][et_pb_blurb image=&#8220;https:\/\/vandapower.eu\/wp-content\/uploads\/\/2021\/07\/On-time-Delivery.svg&#8220; icon_placement=&#8220;left&#8220; image_icon_width=&#8220;20px&#8220; _builder_version=&#8220;4.16&#8243; _module_preset=&#8220;default&#8220; body_font_size=&#8220;14px&#8220; body_line_height=&#8220;1.4em&#8220; width=&#8220;16%&#8220; width_tablet=&#8220;30%&#8220; width_phone=&#8220;100%&#8220; width_last_edited=&#8220;on|phone&#8220; custom_margin=&#8220;0px||10px||false|false&#8220; custom_padding=&#8220;||0px|0px|false|false&#8220; link_option_url=&#8220;https:\/\/vandapower.eu\/en\/why-vandapower\/#ontime&#8220; custom_css_main_element=&#8220;display: inline-block;&#8220; image_max_width=&#8220;20px&#8220; global_colors_info=&#8220;{}&#8220; content__hover_enabled=&#8220;off|hover&#8220; content__hover=&#8220;<\/p>\n<p><span style=%22text-decoration: underline;%22><span class=%22red%22>Tijdige<\/span> levering<\/span><\/p>\n<p>&#8222;]<span class=\"red\">P\u00fcnktliche<\/span>Lieferung[\/et_pb_blurb][et_pb_blurb image=&#8220;https:\/\/vandapower.eu\/wp-content\/uploads\/\/2021\/07\/Independent-Technical-Advice.svg&#8220; icon_placement=&#8220;left&#8220; image_icon_width=&#8220;18px&#8220; content_last_edited=&#8220;off|desktop&#8220; _builder_version=&#8220;4.19.4&#8243; _module_preset=&#8220;default&#8220; body_font_size=&#8220;14px&#8220; body_line_height=&#8220;2em&#8220; width=&#8220;25%&#8220; width_tablet=&#8220;39%&#8220; width_phone=&#8220;100%&#8220; width_last_edited=&#8220;on|phone&#8220; custom_margin=&#8220;||5px|-25px|false|false&#8220; custom_padding=&#8220;||0px|0px|false|false&#8220; link_option_url=&#8220;https:\/\/vandapower.eu\/en\/why-vandapower\/#independent&#8220; custom_css_main_element=&#8220;display: inline-block;&#8220; image_max_width=&#8220;18px&#8220; global_colors_info=&#8220;{}&#8220; content__hover_enabled=&#8220;off|desktop&#8220; content__hover=&#8220;<\/p>\n<p><span style=%22text-decoration: underline;%22>Onafhankelijk <span class=%22red%22>technisch advies<\/span><\/span><\/p>\n<p>&#8222;]<\/p>\n<p><span class=\"red\">Independent<\/span> technical advice<\/p>\n<p>[\/et_pb_blurb][\/et_pb_column][\/et_pb_row][\/et_pb_section][et_pb_section fb_built=&#8220;1&#8243; _builder_version=&#8220;4.16&#8243; _module_preset=&#8220;default&#8220; custom_padding=&#8220;0px||0px||false|false&#8220; da_disable_devices=&#8220;off|off|off&#8220; global_colors_info=&#8220;{}&#8220; da_is_popup=&#8220;off&#8220; da_exit_intent=&#8220;off&#8220; da_has_close=&#8220;on&#8220; da_alt_close=&#8220;off&#8220; da_dark_close=&#8220;off&#8220; da_not_modal=&#8220;on&#8220; da_is_singular=&#8220;off&#8220; da_with_loader=&#8220;off&#8220; da_has_shadow=&#8220;on&#8220;][et_pb_row _builder_version=&#8220;4.16&#8243; _module_preset=&#8220;default&#8220; global_colors_info=&#8220;{}&#8220;][et_pb_column type=&#8220;4_4&#8243; _builder_version=&#8220;4.16&#8243; _module_preset=&#8220;default&#8220; global_colors_info=&#8220;{}&#8220;][et_pb_text _builder_version=&#8220;4.16&#8243; _module_preset=&#8220;default&#8220; global_colors_info=&#8220;{}&#8220;]<\/p>\n<h1>Kabel und Kabelzubeh\u00f6r<\/h1>\n<p>[\/et_pb_text][et_pb_text _builder_version=&#8220;4.16&#8243; _module_preset=&#8220;default&#8220; custom_margin=&#8220;||40px||false|false&#8220; global_colors_info=&#8220;{}&#8220;]H01N2D Schwei\u00dfkabel und Zwillingskabel f\u00fcr alle g\u00e4ngigen Durchmesser und eine breite Palette von Zubeh\u00f6r f\u00fcr Batterien, Batterieladeger\u00e4te und andere Anwendungen wie z. B. Lastwagen. Wir erf\u00fcllen auch gerne Ihren Bedarf an nicht standardisierten Kabeln. [\/et_pb_text][\/et_pb_column][\/et_pb_row][\/et_pb_section][et_pb_section fb_built=&#8220;1&#8243; _builder_version=&#8220;4.16&#8243; _module_preset=&#8220;default&#8220; background_color=&#8220;#f5f5f5&#8243; da_disable_devices=&#8220;off|off|off&#8220; global_colors_info=&#8220;{}&#8220; da_is_popup=&#8220;off&#8220; da_exit_intent=&#8220;off&#8220; da_has_close=&#8220;on&#8220; da_alt_close=&#8220;off&#8220; da_dark_close=&#8220;off&#8220; da_not_modal=&#8220;on&#8220; da_is_singular=&#8220;off&#8220; da_with_loader=&#8220;off&#8220; da_has_shadow=&#8220;on&#8220;][et_pb_row column_structure=&#8220;1_4,1_4,1_4,1_4&#8243; use_custom_gutter=&#8220;on&#8220; gutter_width=&#8220;2&#8243; make_equal=&#8220;on&#8220; _builder_version=&#8220;4.16&#8243; _module_preset=&#8220;default&#8220; global_colors_info=&#8220;{}&#8220;][et_pb_column type=&#8220;1_4&#8243; _builder_version=&#8220;4.16&#8243; _module_preset=&#8220;default&#8220; global_colors_info=&#8220;{}&#8220;][et_pb_blurb title=&#8220;Batteriekabel&#8220; image=&#8220;https:\/\/vandapower.com\/wp-content\/uploads\/2023\/07\/battery-cable-1.png&#8220; _builder_version=&#8220;4.21.0&#8243; _dynamic_attributes=&#8220;link_option_url&#8220; _module_preset=&#8220;default&#8220; header_text_align=&#8220;center&#8220; header_font_size=&#8220;16px&#8220; height=&#8220;320px&#8220; custom_margin=&#8220;||28px||false|false&#8220; custom_padding=&#8220;|0px||0px|false|true&#8220; link_option_url=&#8220;@ET-DC@eyJkeW5hbWljIjp0cnVlLCJjb250ZW50IjoicG9zdF9saW5rX3VybF9wYWdlIiwic2V0dGluZ3MiOnsicG9zdF9pZCI6IjI2MDcifX0=@&#8220; global_colors_info=&#8220;{}&#8220; header_text_color__hover_enabled=&#8220;on|desktop&#8220; header_text_color__hover=&#8220;#E41800&#8243;][\/et_pb_blurb][\/et_pb_column][et_pb_column type=&#8220;1_4&#8243; _builder_version=&#8220;4.16&#8243; _module_preset=&#8220;default&#8220; global_colors_info=&#8220;{}&#8220;][et_pb_blurb title=&#8220;Schutzkappen&#8220; image=&#8220;https:\/\/vandapower.com\/wp-content\/uploads\/2023\/07\/afdekkapjes.png&#8220; _builder_version=&#8220;4.21.0&#8243; _dynamic_attributes=&#8220;link_option_url&#8220; _module_preset=&#8220;default&#8220; header_text_align=&#8220;center&#8220; header_font_size=&#8220;16px&#8220; custom_margin=&#8220;||28px||false|false&#8220; custom_padding=&#8220;|0px||0px|false|true&#8220; link_option_url=&#8220;@ET-DC@eyJkeW5hbWljIjp0cnVlLCJjb250ZW50IjoicG9zdF9saW5rX3VybF9wYWdlIiwic2V0dGluZ3MiOnsicG9zdF9pZCI6IjI2MDkifX0=@&#8220; global_colors_info=&#8220;{}&#8220; header_text_color__hover_enabled=&#8220;on|desktop&#8220; header_text_color__hover=&#8220;#E41800&#8243;][\/et_pb_blurb][\/et_pb_column][et_pb_column type=&#8220;1_4&#8243; _builder_version=&#8220;4.16&#8243; _module_preset=&#8220;default&#8220; global_colors_info=&#8220;{}&#8220;][et_pb_blurb title=&#8220;Kabelzubeh\u00f6r&#8220; image=&#8220;https:\/\/vandapower.com\/wp-content\/uploads\/2023\/07\/Kabel-accessories.png&#8220; _builder_version=&#8220;4.21.0&#8243; _dynamic_attributes=&#8220;link_option_url&#8220; _module_preset=&#8220;default&#8220; header_text_align=&#8220;center&#8220; header_font_size=&#8220;16px&#8220; custom_margin=&#8220;||28px||false|false&#8220; custom_padding=&#8220;|0px||0px|false|true&#8220; link_option_url=&#8220;@ET-DC@eyJkeW5hbWljIjp0cnVlLCJjb250ZW50IjoicG9zdF9saW5rX3VybF9wYWdlIiwic2V0dGluZ3MiOnsicG9zdF9pZCI6IjI2MTEifX0=@&#8220; hover_enabled=&#8220;0&#8243; global_colors_info=&#8220;{}&#8220; header_text_color__hover_enabled=&#8220;on|desktop&#8220; header_text_color__hover=&#8220;#E41800&#8243; title_text=&#8220;Kabel accessories&#8220; sticky_enabled=&#8220;0&#8243;][\/et_pb_blurb][\/et_pb_column][et_pb_column type=&#8220;1_4&#8243; _builder_version=&#8220;4.16&#8243; _module_preset=&#8220;default&#8220; global_colors_info=&#8220;{}&#8220;][et_pb_blurb title=&#8220;REBLING Kabeldurchf\u00fchrungen&#8220; image=&#8220;https:\/\/vandapower.com\/wp-content\/uploads\/2023\/07\/Rebling-feed-through-terminals-1.png&#8220; _builder_version=&#8220;4.21.0&#8243; _dynamic_attributes=&#8220;link_option_url&#8220; _module_preset=&#8220;default&#8220; header_text_align=&#8220;center&#8220; header_font_size=&#8220;16px&#8220; custom_margin=&#8220;||28px||false|false&#8220; custom_padding=&#8220;|0px||0px|false|true&#8220; link_option_url=&#8220;@ET-DC@eyJkeW5hbWljIjp0cnVlLCJjb250ZW50IjoicG9zdF9saW5rX3VybF9wYWdlIiwic2V0dGluZ3MiOnsicG9zdF9pZCI6IjI2MTMifX0=@&#8220; global_colors_info=&#8220;{}&#8220; header_text_color__hover_enabled=&#8220;on|desktop&#8220; header_text_color__hover=&#8220;#E41800&#8243;][\/et_pb_blurb][\/et_pb_column][\/et_pb_row][\/et_pb_section]<\/p>\n","protected":false},"excerpt":{"rendered":"<p>One-stop shopP\u00fcnktlicheLieferungIndependent technical adviceKabel und Kabelzubeh\u00f6rH01N2D Schwei\u00dfkabel und Zwillingskabel f\u00fcr alle g\u00e4ngigen Durchmesser und eine breite Palette von Zubeh\u00f6r f\u00fcr Batterien, Batterieladeger\u00e4te und andere Anwendungen wie z. B. Lastwagen. Wir erf\u00fcllen auch gerne Ihren Bedarf an nicht standardisierten Kabeln.<\/p>\n","protected":false},"author":1,"featured_media":0,"parent":4903,"menu_order":0,"comment_status":"closed","ping_status":"closed","template":"","meta":{"_et_pb_use_builder":"on","_et_pb_old_content":"","_et_gb_content_width":"","om_disable_all_campaigns":false,"inline_featured_image":false,"_monsterinsights_skip_tracking":false,"_monsterinsights_sitenote_active":false,"_monsterinsights_sitenote_note":"","_monsterinsights_sitenote_category":0,"_uf_show_specific_survey":0,"_uf_disable_surveys":false,"footnotes":""},"class_list":["post-4864","page","type-page","status-publish","hentry"],"yoast_head":"<!-- This site is optimized with the Yoast SEO plugin v27.3 - https:\/\/yoast.com\/product\/yoast-seo-wordpress\/ -->\n<title>Kabel und Kabelzubeh\u00f6r - Kabelassemblages - Vandapower<\/title>\n<meta name=\"description\" content=\"Vandapower bietet Batteriekabel und Batteriekomponenten an. H01N2D Schwei\u00dfkabel und Zwillingskabel f\u00fcr alle g\u00e4ngigen Durchmesser und eine breite Palette von Zubeh\u00f6r f\u00fcr Batterien, Batterieladeger\u00e4te und andere Anwendungen wie z. B. Lastwagen. Wir erf\u00fcllen auch gerne Ihren Bedarf an nicht standardisierten Kabeln.\" \/>\n<meta name=\"robots\" content=\"index, follow, max-snippet:-1, max-image-preview:large, max-video-preview:-1\" \/>\n<link rel=\"canonical\" href=\"https:\/\/vandapower.com\/de\/batteriekomponenten\/kabel-und-kabelzubehoer\/\" \/>\n<meta property=\"og:locale\" content=\"de_DE\" \/>\n<meta property=\"og:type\" content=\"article\" \/>\n<meta property=\"og:title\" content=\"Kabel und Kabelzubeh\u00f6r - Kabelassemblages - Vandapower\" \/>\n<meta property=\"og:description\" content=\"Vandapower bietet Batteriekabel und Batteriekomponenten an. H01N2D Schwei\u00dfkabel und Zwillingskabel f\u00fcr alle g\u00e4ngigen Durchmesser und eine breite Palette von Zubeh\u00f6r f\u00fcr Batterien, Batterieladeger\u00e4te und andere Anwendungen wie z. B. Lastwagen. Wir erf\u00fcllen auch gerne Ihren Bedarf an nicht standardisierten Kabeln.\" \/>\n<meta property=\"og:url\" content=\"https:\/\/vandapower.com\/de\/batteriekomponenten\/kabel-und-kabelzubehoer\/\" \/>\n<meta property=\"og:site_name\" content=\"Vandapower | Components and Cable Assemblies for Industrial Batteries\" \/>\n<meta property=\"article:modified_time\" content=\"2023-07-11T12:26:27+00:00\" \/>\n<meta name=\"twitter:card\" content=\"summary_large_image\" \/>\n<meta name=\"twitter:label1\" content=\"Gesch\u00e4tzte Lesezeit\" \/>\n\t<meta name=\"twitter:data1\" content=\"5\u00a0Minuten\" \/>\n<script type=\"application\/ld+json\" class=\"yoast-schema-graph\">{\"@context\":\"https:\\\/\\\/schema.org\",\"@graph\":[{\"@type\":\"WebPage\",\"@id\":\"https:\\\/\\\/vandapower.com\\\/de\\\/batteriekomponenten\\\/kabel-und-kabelzubehoer\\\/\",\"url\":\"https:\\\/\\\/vandapower.com\\\/de\\\/batteriekomponenten\\\/kabel-und-kabelzubehoer\\\/\",\"name\":\"Kabel und Kabelzubeh\u00f6r - Kabelassemblages - Vandapower\",\"isPartOf\":{\"@id\":\"https:\\\/\\\/vandapower.com\\\/be-nl\\\/#website\"},\"datePublished\":\"2021-10-20T12:18:51+00:00\",\"dateModified\":\"2023-07-11T12:26:27+00:00\",\"description\":\"Vandapower bietet Batteriekabel und Batteriekomponenten an. H01N2D Schwei\u00dfkabel und Zwillingskabel f\u00fcr alle g\u00e4ngigen Durchmesser und eine breite Palette von Zubeh\u00f6r f\u00fcr Batterien, Batterieladeger\u00e4te und andere Anwendungen wie z. B. Lastwagen. Wir erf\u00fcllen auch gerne Ihren Bedarf an nicht standardisierten Kabeln.\",\"breadcrumb\":{\"@id\":\"https:\\\/\\\/vandapower.com\\\/de\\\/batteriekomponenten\\\/kabel-und-kabelzubehoer\\\/#breadcrumb\"},\"inLanguage\":\"de\",\"potentialAction\":[{\"@type\":\"ReadAction\",\"target\":[\"https:\\\/\\\/vandapower.com\\\/de\\\/batteriekomponenten\\\/kabel-und-kabelzubehoer\\\/\"]}]},{\"@type\":\"BreadcrumbList\",\"@id\":\"https:\\\/\\\/vandapower.com\\\/de\\\/batteriekomponenten\\\/kabel-und-kabelzubehoer\\\/#breadcrumb\",\"itemListElement\":[{\"@type\":\"ListItem\",\"position\":1,\"name\":\"Home\",\"item\":\"https:\\\/\\\/vandapower.com\\\/de\\\/\"},{\"@type\":\"ListItem\",\"position\":2,\"name\":\"Produkte\",\"item\":\"https:\\\/\\\/vandapower.com\\\/de\\\/batteriekomponenten\\\/\"},{\"@type\":\"ListItem\",\"position\":3,\"name\":\"Kabel und Kabelzubeh\u00f6r\"}]},{\"@type\":\"WebSite\",\"@id\":\"https:\\\/\\\/vandapower.com\\\/be-nl\\\/#website\",\"url\":\"https:\\\/\\\/vandapower.com\\\/be-nl\\\/\",\"name\":\"Vandapower | Components and Cable Assemblies for Industrial Batteries\",\"description\":\"Through our product knowledge, our buffer stock and our flexible organization, we can deliver your components for industrial batteries quickly and customized to your needs\",\"publisher\":{\"@id\":\"https:\\\/\\\/vandapower.com\\\/be-nl\\\/#organization\"},\"potentialAction\":[{\"@type\":\"SearchAction\",\"target\":{\"@type\":\"EntryPoint\",\"urlTemplate\":\"https:\\\/\\\/vandapower.com\\\/be-nl\\\/?s={search_term_string}\"},\"query-input\":{\"@type\":\"PropertyValueSpecification\",\"valueRequired\":true,\"valueName\":\"search_term_string\"}}],\"inLanguage\":\"de\"},{\"@type\":\"Organization\",\"@id\":\"https:\\\/\\\/vandapower.com\\\/be-nl\\\/#organization\",\"name\":\"Vandapower\",\"url\":\"https:\\\/\\\/vandapower.com\\\/be-nl\\\/\",\"logo\":{\"@type\":\"ImageObject\",\"inLanguage\":\"de\",\"@id\":\"https:\\\/\\\/vandapower.com\\\/be-nl\\\/#\\\/schema\\\/logo\\\/image\\\/\",\"url\":\"https:\\\/\\\/vandapower.eu\\\/wp-content\\\/uploads\\\/2021\\\/07\\\/logo-Vandapower-tagline.svg\",\"contentUrl\":\"https:\\\/\\\/vandapower.eu\\\/wp-content\\\/uploads\\\/2021\\\/07\\\/logo-Vandapower-tagline.svg\",\"width\":1321,\"height\":1088,\"caption\":\"Vandapower\"},\"image\":{\"@id\":\"https:\\\/\\\/vandapower.com\\\/be-nl\\\/#\\\/schema\\\/logo\\\/image\\\/\"}}]}<\/script>\n<!-- \/ Yoast SEO plugin. -->","yoast_head_json":{"title":"Kabel und Kabelzubeh\u00f6r - Kabelassemblages - Vandapower","description":"Vandapower bietet Batteriekabel und Batteriekomponenten an. H01N2D Schwei\u00dfkabel und Zwillingskabel f\u00fcr alle g\u00e4ngigen Durchmesser und eine breite Palette von Zubeh\u00f6r f\u00fcr Batterien, Batterieladeger\u00e4te und andere Anwendungen wie z. B. Lastwagen. Wir erf\u00fcllen auch gerne Ihren Bedarf an nicht standardisierten Kabeln.","robots":{"index":"index","follow":"follow","max-snippet":"max-snippet:-1","max-image-preview":"max-image-preview:large","max-video-preview":"max-video-preview:-1"},"canonical":"https:\/\/vandapower.com\/de\/batteriekomponenten\/kabel-und-kabelzubehoer\/","og_locale":"de_DE","og_type":"article","og_title":"Kabel und Kabelzubeh\u00f6r - Kabelassemblages - Vandapower","og_description":"Vandapower bietet Batteriekabel und Batteriekomponenten an. H01N2D Schwei\u00dfkabel und Zwillingskabel f\u00fcr alle g\u00e4ngigen Durchmesser und eine breite Palette von Zubeh\u00f6r f\u00fcr Batterien, Batterieladeger\u00e4te und andere Anwendungen wie z. B. Lastwagen. Wir erf\u00fcllen auch gerne Ihren Bedarf an nicht standardisierten Kabeln.","og_url":"https:\/\/vandapower.com\/de\/batteriekomponenten\/kabel-und-kabelzubehoer\/","og_site_name":"Vandapower | Components and Cable Assemblies for Industrial Batteries","article_modified_time":"2023-07-11T12:26:27+00:00","twitter_card":"summary_large_image","twitter_misc":{"Gesch\u00e4tzte Lesezeit":"5\u00a0Minuten"},"schema":{"@context":"https:\/\/schema.org","@graph":[{"@type":"WebPage","@id":"https:\/\/vandapower.com\/de\/batteriekomponenten\/kabel-und-kabelzubehoer\/","url":"https:\/\/vandapower.com\/de\/batteriekomponenten\/kabel-und-kabelzubehoer\/","name":"Kabel und Kabelzubeh\u00f6r - Kabelassemblages - Vandapower","isPartOf":{"@id":"https:\/\/vandapower.com\/be-nl\/#website"},"datePublished":"2021-10-20T12:18:51+00:00","dateModified":"2023-07-11T12:26:27+00:00","description":"Vandapower bietet Batteriekabel und Batteriekomponenten an. H01N2D Schwei\u00dfkabel und Zwillingskabel f\u00fcr alle g\u00e4ngigen Durchmesser und eine breite Palette von Zubeh\u00f6r f\u00fcr Batterien, Batterieladeger\u00e4te und andere Anwendungen wie z. B. Lastwagen. Wir erf\u00fcllen auch gerne Ihren Bedarf an nicht standardisierten Kabeln.","breadcrumb":{"@id":"https:\/\/vandapower.com\/de\/batteriekomponenten\/kabel-und-kabelzubehoer\/#breadcrumb"},"inLanguage":"de","potentialAction":[{"@type":"ReadAction","target":["https:\/\/vandapower.com\/de\/batteriekomponenten\/kabel-und-kabelzubehoer\/"]}]},{"@type":"BreadcrumbList","@id":"https:\/\/vandapower.com\/de\/batteriekomponenten\/kabel-und-kabelzubehoer\/#breadcrumb","itemListElement":[{"@type":"ListItem","position":1,"name":"Home","item":"https:\/\/vandapower.com\/de\/"},{"@type":"ListItem","position":2,"name":"Produkte","item":"https:\/\/vandapower.com\/de\/batteriekomponenten\/"},{"@type":"ListItem","position":3,"name":"Kabel und Kabelzubeh\u00f6r"}]},{"@type":"WebSite","@id":"https:\/\/vandapower.com\/be-nl\/#website","url":"https:\/\/vandapower.com\/be-nl\/","name":"Vandapower | Components and Cable Assemblies for Industrial Batteries","description":"Through our product knowledge, our buffer stock and our flexible organization, we can deliver your components for industrial batteries quickly and customized to your needs","publisher":{"@id":"https:\/\/vandapower.com\/be-nl\/#organization"},"potentialAction":[{"@type":"SearchAction","target":{"@type":"EntryPoint","urlTemplate":"https:\/\/vandapower.com\/be-nl\/?s={search_term_string}"},"query-input":{"@type":"PropertyValueSpecification","valueRequired":true,"valueName":"search_term_string"}}],"inLanguage":"de"},{"@type":"Organization","@id":"https:\/\/vandapower.com\/be-nl\/#organization","name":"Vandapower","url":"https:\/\/vandapower.com\/be-nl\/","logo":{"@type":"ImageObject","inLanguage":"de","@id":"https:\/\/vandapower.com\/be-nl\/#\/schema\/logo\/image\/","url":"https:\/\/vandapower.eu\/wp-content\/uploads\/2021\/07\/logo-Vandapower-tagline.svg","contentUrl":"https:\/\/vandapower.eu\/wp-content\/uploads\/2021\/07\/logo-Vandapower-tagline.svg","width":1321,"height":1088,"caption":"Vandapower"},"image":{"@id":"https:\/\/vandapower.com\/be-nl\/#\/schema\/logo\/image\/"}}]}},"_links":{"self":[{"href":"https:\/\/vandapower.com\/de\/wp-json\/wp\/v2\/pages\/4864","targetHints":{"allow":["GET"]}}],"collection":[{"href":"https:\/\/vandapower.com\/de\/wp-json\/wp\/v2\/pages"}],"about":[{"href":"https:\/\/vandapower.com\/de\/wp-json\/wp\/v2\/types\/page"}],"author":[{"embeddable":true,"href":"https:\/\/vandapower.com\/de\/wp-json\/wp\/v2\/users\/1"}],"replies":[{"embeddable":true,"href":"https:\/\/vandapower.com\/de\/wp-json\/wp\/v2\/comments?post=4864"}],"version-history":[{"count":19,"href":"https:\/\/vandapower.com\/de\/wp-json\/wp\/v2\/pages\/4864\/revisions"}],"predecessor-version":[{"id":21721,"href":"https:\/\/vandapower.com\/de\/wp-json\/wp\/v2\/pages\/4864\/revisions\/21721"}],"up":[{"embeddable":true,"href":"https:\/\/vandapower.com\/de\/wp-json\/wp\/v2\/pages\/4903"}],"wp:attachment":[{"href":"https:\/\/vandapower.com\/de\/wp-json\/wp\/v2\/media?parent=4864"}],"curies":[{"name":"wp","href":"https:\/\/api.w.org\/{rel}","templated":true}]}}