{"id":4861,"date":"2021-10-20T12:13:28","date_gmt":"2021-10-20T12:13:28","guid":{"rendered":"https:\/\/vandapower.eu\/produktionsassistent\/"},"modified":"2021-11-05T08:20:48","modified_gmt":"2021-11-05T08:20:48","slug":"produktionsassistent","status":"publish","type":"page","link":"https:\/\/vandapower.com\/de\/stellenangebote\/produktionsassistent\/","title":{"rendered":"Produktionsassistent"},"content":{"rendered":"<p>[et_pb_section fb_built=&#8220;1&#8243; _builder_version=&#8220;4.9.7&#8243; _module_preset=&#8220;default&#8220; custom_padding=&#8220;0px||0px||true|false&#8220;][et_pb_row module_class=&#8220;usp-header&#8220; _builder_version=&#8220;4.9.7&#8243; _module_preset=&#8220;default&#8220; custom_padding=&#8220;||0px||false|false&#8220; global_module=&#8220;2256&#8243; saved_tabs=&#8220;all&#8220;][et_pb_column type=&#8220;4_4&#8243; _builder_version=&#8220;4.9.7&#8243; _module_preset=&#8220;default&#8220;][et_pb_blurb image=&#8220;https:\/\/vandapower.eu\/wp-content\/uploads\/\/2021\/07\/One-stop-Shop.svg&#8220; icon_placement=&#8220;left&#8220; image_max_width=&#8220;20px&#8220; _builder_version=&#8220;4.9.7&#8243; _module_preset=&#8220;default&#8220; body_font_size=&#8220;14px&#8220; body_line_height=&#8220;1.4em&#8220; width=&#8220;13%&#8220; width_tablet=&#8220;30%&#8220; width_phone=&#8220;100%&#8220; width_last_edited=&#8220;on|phone&#8220; custom_margin=&#8220;0px||10px||false|false&#8220; custom_padding=&#8220;||0px|0px|false|false&#8220; link_option_url=&#8220;https:\/\/vandapower.eu\/de\/warum-vandapower\/#onestop&#8220; custom_css_main_element=&#8220;display: inline-block;||&#8220; content__hover_enabled=&#8220;on|hover&#8220; content__hover=&#8220;<\/p>\n<p><span style=%22text-decoration: underline;%22><span class=%22red%22>One-stop<\/span> shop<\/span><\/p>\n<p>&#8222;]<\/p>\n<p><span class=\"red\">One-stop<\/span> shop<\/p>\n<p>[\/et_pb_blurb][et_pb_blurb image=&#8220;https:\/\/vandapower.eu\/wp-content\/uploads\/\/2021\/07\/On-time-Delivery.svg&#8220; icon_placement=&#8220;left&#8220; image_max_width=&#8220;20px&#8220; _builder_version=&#8220;4.9.7&#8243; _module_preset=&#8220;default&#8220; body_font_size=&#8220;14px&#8220; body_line_height=&#8220;1.4em&#8220; width=&#8220;13%&#8220; width_tablet=&#8220;30%&#8220; width_phone=&#8220;100%&#8220; width_last_edited=&#8220;on|phone&#8220; custom_margin=&#8220;0px||10px||false|false&#8220; custom_padding=&#8220;||0px|0px|false|false&#8220; link_option_url=&#8220;https:\/\/vandapower.eu\/de\/warum-vandapower\/#ontime&#8220; custom_css_main_element=&#8220;display: inline-block;&#8220; content__hover_enabled=&#8220;on|hover&#8220; content__hover=&#8220;<\/p>\n<p><span style=%22text-decoration: underline;%22><span class=%22red%22>Tijdige<\/span> levering<\/span><\/p>\n<p>&#8222;]<\/p>\n<p><span class=\"red\">P\u00fcnktliche<\/span>Lieferung<\/p>\n<p>[\/et_pb_blurb][et_pb_blurb image=&#8220;https:\/\/vandapower.eu\/wp-content\/uploads\/\/2021\/07\/Independent-Technical-Advice.svg&#8220; icon_placement=&#8220;left&#8220; image_max_width=&#8220;18px&#8220; _builder_version=&#8220;4.9.7&#8243; _module_preset=&#8220;default&#8220; body_font_size=&#8220;14px&#8220; body_line_height=&#8220;2em&#8220; width=&#8220;25%&#8220; width_tablet=&#8220;39%&#8220; width_phone=&#8220;100%&#8220; width_last_edited=&#8220;on|phone&#8220; custom_margin=&#8220;||5px||false|false&#8220; custom_padding=&#8220;||0px|0px|false|false&#8220; link_option_url=&#8220;https:\/\/vandapower.eu\/de\/warum-vandapower\/#independent&#8220; custom_css_main_element=&#8220;display: inline-block;&#8220; content__hover_enabled=&#8220;on|hover&#8220; content__hover=&#8220;<\/p>\n<p><span style=%22text-decoration: underline;%22>Onafhankelijk <span class=%22red%22>technisch advies<\/span><\/span><\/p>\n<p>&#8222;]<\/p>\n<p>Unabh\u00e4ngige <span class=\"red\">technische Beratung<\/span><\/p>\n<p>[\/et_pb_blurb][\/et_pb_column][\/et_pb_row][et_pb_row _builder_version=&#8220;4.9.7&#8243; _module_preset=&#8220;default&#8220; custom_margin=&#8220;0px||||false|false&#8220; custom_padding=&#8220;0px||0px||true|false&#8220;][et_pb_column type=&#8220;4_4&#8243; _builder_version=&#8220;4.9.7&#8243; _module_preset=&#8220;default&#8220;][et_pb_code _builder_version=&#8220;4.9.7&#8243; _module_preset=&#8220;default&#8220; custom_margin=&#8220;15px||0px||false|false&#8220;]<span><span><a href=\"https:\/\/vandapower.com\/de\/\">Home<\/a><\/span><\/span>[\/et_pb_code][\/et_pb_column][\/et_pb_row][\/et_pb_section][et_pb_section fb_built=&#8220;1&#8243; _builder_version=&#8220;4.9.7&#8243; _module_preset=&#8220;default&#8220; custom_padding=&#8220;0px||0px||false|false&#8220;][et_pb_row _builder_version=&#8220;4.9.7&#8243; _module_preset=&#8220;default&#8220;][et_pb_column type=&#8220;4_4&#8243; _builder_version=&#8220;4.9.7&#8243; _module_preset=&#8220;default&#8220;][et_pb_text _builder_version=&#8220;4.9.7&#8243; _module_preset=&#8220;default&#8220; hover_enabled=&#8220;0&#8243; sticky_enabled=&#8220;0&#8243;]<\/p>\n<h1>Produktionsassistent<\/h1>\n<p>[\/et_pb_text][et_pb_image src=&#8220;https:\/\/vandapower.eu\/wp-content\/uploads\/2021\/07\/top-vacature.jpg&#8220; title_text=&#8220;Top-Vakanz&#8220; _builder_version=&#8220;4.9.7&#8243; _module_preset=&#8220;default&#8220;][\/et_pb_image][et_pb_text _builder_version=&#8220;4.9.7&#8243; _module_preset=&#8220;default&#8220; custom_margin=&#8220;||2px||false|false&#8220; hover_enabled=&#8220;0&#8243; sticky_enabled=&#8220;0&#8243;]<\/p>\n<p><strong>Wer ist Vandapower?<\/strong><\/p>\n<p><strong>Vandapower<\/strong>ist ein schnell wachsendes Unternehmen und europ\u00e4ischer Marktf\u00fchrer auf dem Nischenmarkt des Vertriebs von Teilen f\u00fcr Industriebatterien. Unsere Kunden sind sowohl kleine, unabh\u00e4ngige KMU als auch Batteriekonzerne. Durch unsere Niederlassungen in Oosterzele und Austin, Texas, haben wir Kunden in ganz Europa und Nordamerika.<\/p>\n<p>Wir wollen unsere F\u00fchrungsposition in neuen Segmenten und Regionen ausbauen. All dies wird durch eine Kombination aus starkem Teamgeist, talentierten Mitarbeitern, einer reibungslosen und flexiblen Organisation und einem sehr ausgepr\u00e4gten Fokus auf Kundenfreundlichkeit und schnellem, korrektem Service erm\u00f6glicht.<\/p>\n<p><strong>Welche Position haben wir zu bieten?<\/strong><\/p>\n<p>Wir sind auf der Suche nach einer <strong>starken<\/strong>Pers\u00f6nlichkeit, die sich mit der folgenden Stelle als <strong>Produktionsmitarbeiter<\/strong> voll identifizieren kann<strong>.<\/strong><\/p>\n<ul>\n<li>Als <strong>Mitarbeiter unserer Produktionsabteilung<\/strong> sorgen Sie vor allem daf\u00fcr, dass die <strong>angeforderten<\/strong>Baugruppen p\u00fcnktlich und korrekt hergestellt werden.\n<ul>\n<li><strong>Die Montage<\/strong> kann das Abl\u00e4ngen von Kabeln, das Zerlegen von Kabeln, das L\u00f6ten, das Pressen von Kontakten, das Zusammensetzen von Buchsen usw. umfassen.<\/li>\n<\/ul>\n<\/li>\n<li>Sie ergreifen die erforderlichen Ma\u00dfnahmen f\u00fcr die <strong>genaue<\/strong>und korrekte Vorbereitung der angeforderten Waren<\/li>\n<li>Sie k\u00f6nnen <strong>technische <\/strong><strong>Datenbl\u00e4tter<\/strong><strong>lesen<\/strong>und Dinge nach Plan zusammenstellen.<\/li>\n<li>Sie sind verantwortlich f\u00fcr die <strong>Verpackung und Stapelung der ausgehenden Waren. Sie haben Einblick in die richtige Verpackung von Waren.<\/strong><\/li>\n<li><strong>Sie k\u00f6nnen die manchmal etwas schwereren St\u00fccke (max. 30 kg) handhaben<\/strong><\/li>\n<li>Sie stellen den Mitarbeitern und Teamleitern die erforderlichen Informationen zur Verf\u00fcgung. Sie sind also ein guter <strong>Kommunikator<\/strong>.<\/li>\n<li>Sie tragen aktiv dazu bei, <strong>das Lager sauber zu halten.<\/strong><\/li>\n<li>Schlie\u00dflich k\u00f6nnen Sie f\u00fcr unser gesamtes Lager die notwendige <strong>Unterst\u00fctzung<\/strong> in allen Bereichen leisten. Waren einr\u00e4umen, Abf\u00e4lle sortieren und ordentlich entsorgen, f\u00fcr Ordnung am Arbeitsplatz sorgen.<\/li>\n<li>Erfahrung im F\u00fchren eines <strong>Gabelstaplers<\/strong>ist von Vorteil, aber nicht unbedingt erforderlich<\/li>\n<\/ul>\n<p><strong>Was k\u00f6nnen Sie uns anbieten?<\/strong><\/p>\n<ul>\n<li>Sie verf\u00fcgen \u00fcber solide und praktisch anwendbare Kenntnisse der <strong>niederl\u00e4ndischen<\/strong>Sprache <\/li>\n<li>Sie sind <strong>pr\u00e4zise, geduldig<\/strong> und haben ein <strong>Auge<\/strong>f\u00fcrs <strong>Detail<\/strong>, k\u00f6nnen mit stressigen, wechselnden Situationen umgehen und suchen immer nach der richtigen L\u00f6sung. Sie legen selbst <strong>Hand an und<\/strong> trauen sich, <strong>die notwendigen Initiativen<\/strong> zu ergreifen. <\/li>\n<li>Erfahrung in einer technischen Produktionsumgebung ist von Vorteil. <\/li>\n<li><strong>Kommunikationsst\u00e4rke<\/strong>, <strong>Kollegialit\u00e4t<\/strong>und <strong>Aufgeschlossenheit<\/strong> sind Eigenschaften, mit denen Sie sich identifizieren k\u00f6nnen. <\/li>\n<li>Sie sind unternehmungslustig, flexibel, genau und haben eine positive Einstellung zur Welt. <\/li>\n<li>Sie sind ein <strong>schelmischer<\/strong><strong>Tausendsassa<\/strong>, der in verschiedenen Bereichen zu Hause ist und in einem angenehmen und famili\u00e4ren Arbeitsumfeld abwechslungsreich, pr\u00e4zise und professionell arbeiten m\u00f6chte.<\/li>\n<\/ul>\n<p><strong>Was k\u00f6nnen wir anbieten?<\/strong><\/p>\n<ul>\n<li>Wir bieten Ihnen eine <strong>Aufgabe<\/strong>in einem internationalen und <strong>wachsenden<\/strong><strong>Arbeitsumfeld<\/strong>in einer <strong>Vollzeitstelle<\/strong>(38 Stunden) mit unbefristetem Vertrag. <\/li>\n<li>Sie werden Teil eines <strong>dynamischen<\/strong>Teams von etwa 30 Personen sein, in dem <strong>Kollegialit\u00e4t<\/strong>und harte <strong>Arbeit<\/strong>hoch gesch\u00e4tzt <strong>werden<\/strong>. <\/li>\n<li>Wir bieten ein attraktives <strong>Gehaltspaket<\/strong>, eine nette <strong>famili\u00e4re <\/strong><strong>Atmosph\u00e4re<\/strong>und sorgen f\u00fcr ausreichend Vitamine w\u00e4hrend der Arbeitswoche. <\/li>\n<\/ul>\n<p>Von Montag bis Freitag arbeiten wir von 8.30 Uhr bis 17.00 Uhr, am Freitag von 8.30 Uhr bis 15.00 Uhr.<br \/>Ort der dienstlichen Verwendung: Lange Ambachtstraat 16 in 9860 OOSTERZELE.<\/p>\n<p><strong>F\u00fchlen Sie sich angesprochen?<\/strong><\/p>\n<p>Gibt Ihnen die Lekt\u00fcre der obigen Stellenbeschreibung die n\u00f6tige <strong>Energie<\/strong>? Und glauben Sie, dass wir Ihr n\u00e4chster Ort sein k\u00f6nnten, an dem Sie Ihr Wissen und Ihre Kraft wieder aufladen k\u00f6nnen? Schicken Sie dann Ihren Lebenslauf und Ihr Anschreiben an <a href=\"mailto:jobs@vandapower.com\">jobs@vandapower.com<\/a> zu H\u00e4nden von Audrey Van De Velde.<\/p>\n<p>[\/et_pb_text][\/et_pb_column][\/et_pb_row][et_pb_row _builder_version=&#8220;4.9.7&#8243; _module_preset=&#8220;default&#8220;][et_pb_column type=&#8220;4_4&#8243; _builder_version=&#8220;4.9.7&#8243; _module_preset=&#8220;default&#8220;][et_pb_image src=&#8220;https:\/\/vandapower.eu\/wp-content\/uploads\/2021\/07\/bottom-vacature.jpg&#8220; title_text=&#8220;Bodenvakuum&#8220; _builder_version=&#8220;4.9.7&#8243; _module_preset=&#8220;default&#8220;][\/et_pb_image][\/et_pb_column][\/et_pb_row][\/et_pb_section]<\/p>\n","protected":false},"excerpt":{"rendered":"<p>One-stop shopP\u00fcnktlicheLieferungUnabh\u00e4ngige technische Beratung<span><span><a href=\"https:\/\/vandapower.com\/de\/\">Home<\/a><\/span><\/span>ProduktionsassistentWer ist Vandapower? Vandapowerist ein schnell wachsendes Unternehmen und europ\u00e4ischer Marktf\u00fchrer auf dem Nischenmarkt des Vertriebs von Teilen f\u00fcr Industriebatterien. Unsere Kunden sind sowohl kleine, unabh\u00e4ngige KMU als auch Batteriekonzerne. Durch unsere Niederlassungen in Oosterzele und Austin, Texas, haben wir Kunden in ganz Europa und Nordamerika. Wir wollen unsere F\u00fchrungsposition in neuen [&hellip;]<\/p>\n","protected":false},"author":1,"featured_media":0,"parent":7146,"menu_order":0,"comment_status":"closed","ping_status":"closed","template":"","meta":{"_et_pb_use_builder":"on","_et_pb_old_content":"","_et_gb_content_width":"","om_disable_all_campaigns":false,"inline_featured_image":false,"_monsterinsights_skip_tracking":false,"_monsterinsights_sitenote_active":false,"_monsterinsights_sitenote_note":"","_monsterinsights_sitenote_category":0,"_uf_show_specific_survey":0,"_uf_disable_surveys":false,"footnotes":""},"class_list":["post-4861","page","type-page","status-publish","hentry"],"yoast_head":"<!-- This site is optimized with the Yoast SEO plugin v27.4 - https:\/\/yoast.com\/product\/yoast-seo-wordpress\/ -->\n<title>Produktionsassistent - Vandapower | Components and Cable Assemblies for Industrial Batteries<\/title>\n<meta name=\"robots\" content=\"index, follow, max-snippet:-1, max-image-preview:large, max-video-preview:-1\" \/>\n<link rel=\"canonical\" href=\"https:\/\/vandapower.com\/de\/stellenangebote\/produktionsassistent\/\" \/>\n<meta property=\"og:locale\" content=\"de_DE\" \/>\n<meta property=\"og:type\" content=\"article\" \/>\n<meta property=\"og:title\" content=\"Produktionsassistent - Vandapower | Components and Cable Assemblies for Industrial Batteries\" \/>\n<meta property=\"og:description\" content=\"One-stop shopP\u00fcnktlicheLieferungUnabh\u00e4ngige technische BeratungProduktionsassistentWer ist Vandapower? Vandapowerist ein schnell wachsendes Unternehmen und europ\u00e4ischer Marktf\u00fchrer auf dem Nischenmarkt des Vertriebs von Teilen f\u00fcr Industriebatterien. Unsere Kunden sind sowohl kleine, unabh\u00e4ngige KMU als auch Batteriekonzerne. Durch unsere Niederlassungen in Oosterzele und Austin, Texas, haben wir Kunden in ganz Europa und Nordamerika. Wir wollen unsere F\u00fchrungsposition in neuen [&hellip;]\" \/>\n<meta property=\"og:url\" content=\"https:\/\/vandapower.com\/de\/stellenangebote\/produktionsassistent\/\" \/>\n<meta property=\"og:site_name\" content=\"Vandapower | Components and Cable Assemblies for Industrial Batteries\" \/>\n<meta property=\"article:modified_time\" content=\"2021-11-05T08:20:48+00:00\" \/>\n<meta name=\"twitter:card\" content=\"summary_large_image\" \/>\n<meta name=\"twitter:label1\" content=\"Gesch\u00e4tzte Lesezeit\" \/>\n\t<meta name=\"twitter:data1\" content=\"5\u00a0Minuten\" \/>\n<script type=\"application\/ld+json\" class=\"yoast-schema-graph\">{\"@context\":\"https:\\\/\\\/schema.org\",\"@graph\":[{\"@type\":\"WebPage\",\"@id\":\"https:\\\/\\\/vandapower.com\\\/de\\\/stellenangebote\\\/produktionsassistent\\\/\",\"url\":\"https:\\\/\\\/vandapower.com\\\/de\\\/stellenangebote\\\/produktionsassistent\\\/\",\"name\":\"Produktionsassistent - Vandapower | Components and Cable Assemblies for Industrial Batteries\",\"isPartOf\":{\"@id\":\"https:\\\/\\\/vandapower.com\\\/be-nl\\\/#website\"},\"datePublished\":\"2021-10-20T12:13:28+00:00\",\"dateModified\":\"2021-11-05T08:20:48+00:00\",\"breadcrumb\":{\"@id\":\"https:\\\/\\\/vandapower.com\\\/de\\\/stellenangebote\\\/produktionsassistent\\\/#breadcrumb\"},\"inLanguage\":\"de\",\"potentialAction\":[{\"@type\":\"ReadAction\",\"target\":[\"https:\\\/\\\/vandapower.com\\\/de\\\/stellenangebote\\\/produktionsassistent\\\/\"]}]},{\"@type\":\"BreadcrumbList\",\"@id\":\"https:\\\/\\\/vandapower.com\\\/de\\\/stellenangebote\\\/produktionsassistent\\\/#breadcrumb\",\"itemListElement\":[{\"@type\":\"ListItem\",\"position\":1,\"name\":\"Home\",\"item\":\"https:\\\/\\\/vandapower.com\\\/de\\\/\"},{\"@type\":\"ListItem\",\"position\":2,\"name\":\"Stellenangebote\",\"item\":\"https:\\\/\\\/vandapower.com\\\/de\\\/stellenangebote\\\/\"},{\"@type\":\"ListItem\",\"position\":3,\"name\":\"Produktionsassistent\"}]},{\"@type\":\"WebSite\",\"@id\":\"https:\\\/\\\/vandapower.com\\\/be-nl\\\/#website\",\"url\":\"https:\\\/\\\/vandapower.com\\\/be-nl\\\/\",\"name\":\"Vandapower | Components and Cable Assemblies for Industrial Batteries\",\"description\":\"Through our product knowledge, our buffer stock and our flexible organization, we can deliver your components for industrial batteries quickly and customized to your needs\",\"publisher\":{\"@id\":\"https:\\\/\\\/vandapower.com\\\/be-nl\\\/#organization\"},\"potentialAction\":[{\"@type\":\"SearchAction\",\"target\":{\"@type\":\"EntryPoint\",\"urlTemplate\":\"https:\\\/\\\/vandapower.com\\\/be-nl\\\/?s={search_term_string}\"},\"query-input\":{\"@type\":\"PropertyValueSpecification\",\"valueRequired\":true,\"valueName\":\"search_term_string\"}}],\"inLanguage\":\"de\"},{\"@type\":\"Organization\",\"@id\":\"https:\\\/\\\/vandapower.com\\\/be-nl\\\/#organization\",\"name\":\"Vandapower\",\"url\":\"https:\\\/\\\/vandapower.com\\\/be-nl\\\/\",\"logo\":{\"@type\":\"ImageObject\",\"inLanguage\":\"de\",\"@id\":\"https:\\\/\\\/vandapower.com\\\/be-nl\\\/#\\\/schema\\\/logo\\\/image\\\/\",\"url\":\"https:\\\/\\\/vandapower.eu\\\/wp-content\\\/uploads\\\/2021\\\/07\\\/logo-Vandapower-tagline.svg\",\"contentUrl\":\"https:\\\/\\\/vandapower.eu\\\/wp-content\\\/uploads\\\/2021\\\/07\\\/logo-Vandapower-tagline.svg\",\"width\":1321,\"height\":1088,\"caption\":\"Vandapower\"},\"image\":{\"@id\":\"https:\\\/\\\/vandapower.com\\\/be-nl\\\/#\\\/schema\\\/logo\\\/image\\\/\"}}]}<\/script>\n<!-- \/ Yoast SEO plugin. -->","yoast_head_json":{"title":"Produktionsassistent - Vandapower | Components and Cable Assemblies for Industrial Batteries","robots":{"index":"index","follow":"follow","max-snippet":"max-snippet:-1","max-image-preview":"max-image-preview:large","max-video-preview":"max-video-preview:-1"},"canonical":"https:\/\/vandapower.com\/de\/stellenangebote\/produktionsassistent\/","og_locale":"de_DE","og_type":"article","og_title":"Produktionsassistent - Vandapower | Components and Cable Assemblies for Industrial Batteries","og_description":"One-stop shopP\u00fcnktlicheLieferungUnabh\u00e4ngige technische BeratungProduktionsassistentWer ist Vandapower? Vandapowerist ein schnell wachsendes Unternehmen und europ\u00e4ischer Marktf\u00fchrer auf dem Nischenmarkt des Vertriebs von Teilen f\u00fcr Industriebatterien. Unsere Kunden sind sowohl kleine, unabh\u00e4ngige KMU als auch Batteriekonzerne. Durch unsere Niederlassungen in Oosterzele und Austin, Texas, haben wir Kunden in ganz Europa und Nordamerika. Wir wollen unsere F\u00fchrungsposition in neuen [&hellip;]","og_url":"https:\/\/vandapower.com\/de\/stellenangebote\/produktionsassistent\/","og_site_name":"Vandapower | Components and Cable Assemblies for Industrial Batteries","article_modified_time":"2021-11-05T08:20:48+00:00","twitter_card":"summary_large_image","twitter_misc":{"Gesch\u00e4tzte Lesezeit":"5\u00a0Minuten"},"schema":{"@context":"https:\/\/schema.org","@graph":[{"@type":"WebPage","@id":"https:\/\/vandapower.com\/de\/stellenangebote\/produktionsassistent\/","url":"https:\/\/vandapower.com\/de\/stellenangebote\/produktionsassistent\/","name":"Produktionsassistent - Vandapower | Components and Cable Assemblies for Industrial Batteries","isPartOf":{"@id":"https:\/\/vandapower.com\/be-nl\/#website"},"datePublished":"2021-10-20T12:13:28+00:00","dateModified":"2021-11-05T08:20:48+00:00","breadcrumb":{"@id":"https:\/\/vandapower.com\/de\/stellenangebote\/produktionsassistent\/#breadcrumb"},"inLanguage":"de","potentialAction":[{"@type":"ReadAction","target":["https:\/\/vandapower.com\/de\/stellenangebote\/produktionsassistent\/"]}]},{"@type":"BreadcrumbList","@id":"https:\/\/vandapower.com\/de\/stellenangebote\/produktionsassistent\/#breadcrumb","itemListElement":[{"@type":"ListItem","position":1,"name":"Home","item":"https:\/\/vandapower.com\/de\/"},{"@type":"ListItem","position":2,"name":"Stellenangebote","item":"https:\/\/vandapower.com\/de\/stellenangebote\/"},{"@type":"ListItem","position":3,"name":"Produktionsassistent"}]},{"@type":"WebSite","@id":"https:\/\/vandapower.com\/be-nl\/#website","url":"https:\/\/vandapower.com\/be-nl\/","name":"Vandapower | Components and Cable Assemblies for Industrial Batteries","description":"Through our product knowledge, our buffer stock and our flexible organization, we can deliver your components for industrial batteries quickly and customized to your needs","publisher":{"@id":"https:\/\/vandapower.com\/be-nl\/#organization"},"potentialAction":[{"@type":"SearchAction","target":{"@type":"EntryPoint","urlTemplate":"https:\/\/vandapower.com\/be-nl\/?s={search_term_string}"},"query-input":{"@type":"PropertyValueSpecification","valueRequired":true,"valueName":"search_term_string"}}],"inLanguage":"de"},{"@type":"Organization","@id":"https:\/\/vandapower.com\/be-nl\/#organization","name":"Vandapower","url":"https:\/\/vandapower.com\/be-nl\/","logo":{"@type":"ImageObject","inLanguage":"de","@id":"https:\/\/vandapower.com\/be-nl\/#\/schema\/logo\/image\/","url":"https:\/\/vandapower.eu\/wp-content\/uploads\/2021\/07\/logo-Vandapower-tagline.svg","contentUrl":"https:\/\/vandapower.eu\/wp-content\/uploads\/2021\/07\/logo-Vandapower-tagline.svg","width":1321,"height":1088,"caption":"Vandapower"},"image":{"@id":"https:\/\/vandapower.com\/be-nl\/#\/schema\/logo\/image\/"}}]}},"_links":{"self":[{"href":"https:\/\/vandapower.com\/de\/wp-json\/wp\/v2\/pages\/4861","targetHints":{"allow":["GET"]}}],"collection":[{"href":"https:\/\/vandapower.com\/de\/wp-json\/wp\/v2\/pages"}],"about":[{"href":"https:\/\/vandapower.com\/de\/wp-json\/wp\/v2\/types\/page"}],"author":[{"embeddable":true,"href":"https:\/\/vandapower.com\/de\/wp-json\/wp\/v2\/users\/1"}],"replies":[{"embeddable":true,"href":"https:\/\/vandapower.com\/de\/wp-json\/wp\/v2\/comments?post=4861"}],"version-history":[{"count":4,"href":"https:\/\/vandapower.com\/de\/wp-json\/wp\/v2\/pages\/4861\/revisions"}],"predecessor-version":[{"id":6105,"href":"https:\/\/vandapower.com\/de\/wp-json\/wp\/v2\/pages\/4861\/revisions\/6105"}],"up":[{"embeddable":true,"href":"https:\/\/vandapower.com\/de\/wp-json\/wp\/v2\/pages\/7146"}],"wp:attachment":[{"href":"https:\/\/vandapower.com\/de\/wp-json\/wp\/v2\/media?parent=4861"}],"curies":[{"name":"wp","href":"https:\/\/api.w.org\/{rel}","templated":true}]}}