{"id":2715,"date":"2021-07-05T13:46:30","date_gmt":"2021-07-05T13:46:30","guid":{"rendered":"https:\/\/vandapower.eu\/?page_id=2715"},"modified":"2023-07-11T09:36:59","modified_gmt":"2023-07-11T07:36:59","slug":"app-powerpole-pak","status":"publish","type":"page","link":"https:\/\/vandapower.com\/be-nl\/batterijcomponenten-en-kabelassemblages\/stekkers\/app-powerpole-pak\/","title":{"rendered":"Anderson Power\u2122 PowerPole\u00ae Pak"},"content":{"rendered":"<p>[et_pb_section fb_built=&#8221;1&#8243; _builder_version=&#8221;4.16&#8243; _module_preset=&#8221;default&#8221; custom_padding=&#8221;0px||0px||true|false&#8221; da_disable_devices=&#8221;off|off|off&#8221; global_colors_info=&#8221;{}&#8221; da_is_popup=&#8221;off&#8221; da_exit_intent=&#8221;off&#8221; da_has_close=&#8221;on&#8221; da_alt_close=&#8221;off&#8221; da_dark_close=&#8221;off&#8221; da_not_modal=&#8221;on&#8221; da_is_singular=&#8221;off&#8221; da_with_loader=&#8221;off&#8221; da_has_shadow=&#8221;on&#8221;][et_pb_row module_class=&#8221;usp-header&#8221; _builder_version=&#8221;4.14.5&#8243; _module_preset=&#8221;default&#8221; width=&#8221;85%&#8221; custom_padding=&#8221;||0px||false|false&#8221; global_module=&#8221;2256&#8243; saved_tabs=&#8221;all&#8221; global_colors_info=&#8221;{}&#8221;][et_pb_column type=&#8221;4_4&#8243; _builder_version=&#8221;4.16&#8243; _module_preset=&#8221;default&#8221; global_colors_info=&#8221;{}&#8221;][et_pb_blurb image=&#8221;https:\/\/vandapower.eu\/wp-content\/uploads\/\/2021\/07\/One-stop-Shop.svg&#8221; icon_placement=&#8221;left&#8221; image_icon_width=&#8221;20px&#8221; _builder_version=&#8221;4.16&#8243; _module_preset=&#8221;default&#8221; body_font_size=&#8221;14px&#8221; body_line_height=&#8221;1.4em&#8221; width=&#8221;13%&#8221; width_tablet=&#8221;30%&#8221; width_phone=&#8221;100%&#8221; width_last_edited=&#8221;on|phone&#8221; custom_margin=&#8221;0px||10px||false|false&#8221; custom_padding=&#8221;||0px|0px|false|false&#8221; link_option_url=&#8221;https:\/\/vandapower.eu\/en\/why-vandapower\/#onestop&#8221; custom_css_main_element=&#8221;display: inline-block;||&#8221; image_max_width=&#8221;20px&#8221; global_colors_info=&#8221;{}&#8221; content__hover_enabled=&#8221;off|hover&#8221; content__hover=&#8221;<\/p>\n<p><span style=%22text-decoration: underline;%22><span class=%22red%22>One-stop<\/span> shop<\/span><\/p>\n<p>&#8220;]<\/p>\n<p><span class=\"red\">One-stop<\/span> shop<\/p>\n<p>[\/et_pb_blurb][et_pb_blurb image=&#8221;https:\/\/vandapower.eu\/wp-content\/uploads\/\/2021\/07\/On-time-Delivery.svg&#8221; icon_placement=&#8221;left&#8221; image_icon_width=&#8221;20px&#8221; _builder_version=&#8221;4.16&#8243; _module_preset=&#8221;default&#8221; body_font_size=&#8221;14px&#8221; body_line_height=&#8221;1.4em&#8221; width=&#8221;16%&#8221; width_tablet=&#8221;30%&#8221; width_phone=&#8221;100%&#8221; width_last_edited=&#8221;on|phone&#8221; custom_margin=&#8221;0px||10px||false|false&#8221; custom_padding=&#8221;||0px|0px|false|false&#8221; link_option_url=&#8221;https:\/\/vandapower.eu\/en\/why-vandapower\/#ontime&#8221; custom_css_main_element=&#8221;display: inline-block;&#8221; image_max_width=&#8221;20px&#8221; global_colors_info=&#8221;{}&#8221; content__hover_enabled=&#8221;off|hover&#8221; content__hover=&#8221;<\/p>\n<p><span style=%22text-decoration: underline;%22><span class=%22red%22>Tijdige<\/span> levering<\/span><\/p>\n<p>&#8220;]<span class=\"red\">On-time<\/span> delivery[\/et_pb_blurb][et_pb_blurb image=&#8221;https:\/\/vandapower.eu\/wp-content\/uploads\/\/2021\/07\/Independent-Technical-Advice.svg&#8221; icon_placement=&#8221;left&#8221; image_icon_width=&#8221;18px&#8221; content_last_edited=&#8221;off|desktop&#8221; _builder_version=&#8221;4.19.4&#8243; _module_preset=&#8221;default&#8221; body_font_size=&#8221;14px&#8221; body_line_height=&#8221;2em&#8221; width=&#8221;25%&#8221; width_tablet=&#8221;39%&#8221; width_phone=&#8221;100%&#8221; width_last_edited=&#8221;on|phone&#8221; custom_margin=&#8221;||5px|-25px|false|false&#8221; custom_padding=&#8221;||0px|0px|false|false&#8221; link_option_url=&#8221;https:\/\/vandapower.eu\/en\/why-vandapower\/#independent&#8221; custom_css_main_element=&#8221;display: inline-block;&#8221; image_max_width=&#8221;18px&#8221; global_colors_info=&#8221;{}&#8221; content__hover_enabled=&#8221;off|desktop&#8221; content__hover=&#8221;<\/p>\n<p><span style=%22text-decoration: underline;%22>Onafhankelijk <span class=%22red%22>technisch advies<\/span><\/span><\/p>\n<p>&#8220;]<\/p>\n<p>Independant <span class=\"red\">technical advice<\/span><\/p>\n<p>[\/et_pb_blurb][\/et_pb_column][\/et_pb_row][\/et_pb_section][et_pb_section fb_built=&#8221;1&#8243; _builder_version=&#8221;4.16&#8243; _module_preset=&#8221;default&#8221; custom_padding=&#8221;0px||0px||false|false&#8221; da_disable_devices=&#8221;off|off|off&#8221; global_colors_info=&#8221;{}&#8221; da_is_popup=&#8221;off&#8221; da_exit_intent=&#8221;off&#8221; da_has_close=&#8221;on&#8221; da_alt_close=&#8221;off&#8221; da_dark_close=&#8221;off&#8221; da_not_modal=&#8221;on&#8221; da_is_singular=&#8221;off&#8221; da_with_loader=&#8221;off&#8221; da_has_shadow=&#8221;on&#8221;][et_pb_row column_structure=&#8221;2_3,1_3&#8243; _builder_version=&#8221;4.16&#8243; _module_preset=&#8221;default&#8221; global_colors_info=&#8221;{}&#8221;][et_pb_column type=&#8221;2_3&#8243; _builder_version=&#8221;4.16&#8243; _module_preset=&#8221;default&#8221; global_colors_info=&#8221;{}&#8221;][et_pb_text _builder_version=&#8221;4.21.0&#8243; _module_preset=&#8221;default&#8221; hover_enabled=&#8221;0&#8243; global_colors_info=&#8221;{}&#8221; sticky_enabled=&#8221;0&#8243;]<\/p>\n<h1 class=\"red\">Anderson Power\u2122 PowerPole\u00ae Pak<\/h1>\n<p>[\/et_pb_text][et_pb_text _builder_version=&#8221;4.21.0&#8243; _module_preset=&#8221;default&#8221; custom_margin=&#8221;||40px||false|false&#8221; global_colors_info=&#8221;{}&#8221;]<\/p>\n<p>Powerpole Paks (Anderson Power\u2122) zijn behuizingen uit zwart thermoplast die aangebracht kunnen worden rond &#8216;blokken&#8217; van Powerpole stekkers (10 tot 45 A). Ze zijn zeer bestendig tegen schokken en corrosie.<\/p>\n<p>Ze laten het eenvoudig koppelen en ontkoppelen van elektrische apparatuur toe in commerci\u00eble en industri\u00eble toepassingen. Kabelklemmen zorgen voor trekontlasting en de ge\u00efntegreerde vergrendeling voorkomt onvoorzien ontkoppelen van uw apparatuur. De drie types van behuizing &#8211; stekker met vergrendeling, stekker zonder vergrendeling en inklikbare &#8216;vrouwelijke&#8217; behuizing &#8211; kunnen 2 tot 8 circuits bevatten.<\/p>\n<p>De Blindmate Powerpole Pak werd ontwikkeld door Anderson Power\u2122 om tegemoet te komen aan de vraag naar modulaire Blindmate-verbindingen van de stroomvoorzienings- en telecommunicatie-industrie. Deze behuizingen laten niet alleen toe om een 2&#215;4-configuratie van Anderson&#8217;s 15\/45 Powerpole-stekkers blind te koppelen, maar even goed de 10 A en 30 A &#8216;make-first \/ break-last&#8217; contacten voor aardingsdoeleinden.<\/p>\n<p>[\/et_pb_text][\/et_pb_column][et_pb_column type=&#8221;1_3&#8243; _builder_version=&#8221;4.16&#8243; _module_preset=&#8221;default&#8221; global_colors_info=&#8221;{}&#8221;][et_pb_image src=&#8221;https:\/\/vandapower.eu\/wp-content\/uploads\/2021\/07\/APP_powerpolepak.jpg&#8221; title_text=&#8221;APP_powerpolepak&#8221; _builder_version=&#8221;4.16&#8243; _module_preset=&#8221;default&#8221; global_colors_info=&#8221;{}&#8221;][\/et_pb_image][et_pb_image src=&#8221;https:\/\/vandapower.com\/wp-content\/uploads\/2022\/09\/app-new-logo.png&#8221; title_text=&#8221;app new logo&#8221; url=&#8221;https:\/\/www.andersonpower.com\/us\/en.html&#8221; _builder_version=&#8221;4.21.0&#8243; _module_preset=&#8221;default&#8221; global_colors_info=&#8221;{}&#8221;][\/et_pb_image][\/et_pb_column][\/et_pb_row][et_pb_row make_equal=&#8221;on&#8221; _builder_version=&#8221;4.16&#8243; _module_preset=&#8221;default&#8221; custom_margin=&#8221;||50px||false|false&#8221; custom_padding=&#8221;||||false|false&#8221; global_colors_info=&#8221;{}&#8221;][et_pb_column type=&#8221;4_4&#8243; _builder_version=&#8221;4.16&#8243; _module_preset=&#8221;default&#8221; custom_padding=&#8221;20px|20px|20px|20px|true|true&#8221; border_width_all=&#8221;1px&#8221; border_color_all=&#8221;#e9e7e7&#8243; box_shadow_style=&#8221;preset4&#8243; box_shadow_horizontal=&#8221;4px&#8221; box_shadow_vertical=&#8221;4px&#8221; box_shadow_blur=&#8221;2px&#8221; box_shadow_color=&#8221;rgba(50,50,50,0.2)&#8221; global_colors_info=&#8221;{}&#8221;][et_pb_text module_class=&#8221;info-block&#8221; _builder_version=&#8221;4.9.7&#8243; _module_preset=&#8221;default&#8221; positioning=&#8221;relative&#8221; custom_margin=&#8221;||30px||false|false&#8221; border_color_all=&#8221;#e9e7e7&#8243; global_module=&#8221;3223&#8243; saved_tabs=&#8221;all&#8221; global_colors_info=&#8221;{}&#8221;]<\/p>\n<h2>Meer informatie over dit product?<\/h2>\n<p><span>We houden van ons productgamma een buffervoorraad aan waarmee we u graag uit de nood helpen. Aarzel niet om ons daarover aan te spreken zodat we u kunnen adviseren en helpen.<\/span><\/p>\n<p>[\/et_pb_text][et_pb_button button_url=&#8221;@ET-DC@eyJkeW5hbWljIjp0cnVlLCJjb250ZW50IjoicG9zdF9saW5rX3VybF9wYWdlIiwic2V0dGluZ3MiOnsicG9zdF9pZCI6IjczIn19@&#8221; button_text=&#8221;Contacteer ons&#8221; _builder_version=&#8221;4.16&#8243; _dynamic_attributes=&#8221;button_url&#8221; _module_preset=&#8221;default&#8221; global_colors_info=&#8221;{}&#8221;][\/et_pb_button][\/et_pb_column][\/et_pb_row][\/et_pb_section]<\/p>\n","protected":false},"excerpt":{"rendered":"<p>One-stop shopOn-time deliveryIndependant technical adviceAnderson Power\u2122 PowerPole\u00ae PakPowerpole Paks (Anderson Power\u2122) zijn behuizingen uit zwart thermoplast die aangebracht kunnen worden rond &#8216;blokken&#8217; van Powerpole stekkers (10 tot 45 A). Ze zijn zeer bestendig tegen schokken en corrosie. Ze laten het eenvoudig koppelen en ontkoppelen van elektrische apparatuur toe in commerci\u00eble en industri\u00eble toepassingen. Kabelklemmen zorgen [&hellip;]<\/p>\n","protected":false},"author":1,"featured_media":0,"parent":2391,"menu_order":0,"comment_status":"closed","ping_status":"closed","template":"","meta":{"_et_pb_use_builder":"on","_et_pb_old_content":"","_et_gb_content_width":"","om_disable_all_campaigns":false,"inline_featured_image":false,"_monsterinsights_skip_tracking":false,"_monsterinsights_sitenote_active":false,"_monsterinsights_sitenote_note":"","_monsterinsights_sitenote_category":0,"_uf_show_specific_survey":0,"_uf_disable_surveys":false,"footnotes":""},"class_list":["post-2715","page","type-page","status-publish","hentry"],"yoast_head":"<!-- This site is optimized with the Yoast SEO plugin v27.4 - https:\/\/yoast.com\/product\/yoast-seo-wordpress\/ -->\n<title>Anderson Power\u2122 PowerPole\u00ae Pak - Vandapower | Components and Cable Assemblies for Industrial Batteries<\/title>\n<meta name=\"description\" content=\"Powerpole Paks (Anderson Power Products) zijn behuizingen uit zwart thermoplast die aangebracht kunnen worden rond \u2018blokken\u2019 van Powerpole stekkers (10 tot 45 A). Ze zijn zeer bestendig tegen schokken en corrosie. Ze laten het eenvoudig koppelen en ontkoppelen van elektrische apparatuur toe in commerci\u00eble en industri\u00eble toepassingen. Kabelklemmen zorgen voor trekontlasting en de ge\u00efntegreerde vergrendeling voorkomt onvoorzien ontkoppelen van uw apparatuur. De drie types van behuizing \u2013 stekker met vergrendeling, stekker zonder vergrendeling en inklikbare \u2018vrouwelijke\u2019 behuizing \u2013 kunnen 2 tot 8 circuits bevatten. De Blindmate Powerpole Pak werd ontwikkeld om tegemoet te komen aan de vraag naar modulaire Blindmate-verbindingen van de stroomvoorzienings- en telecommunicatie-industrie. Deze behuizingen laten niet alleen toe om een 2\u00d74-configuratie van Anderson\u2019s 15\/45 Powerpole-stekkers blind te koppelen, maar even goed de 10 A en 30 A \u2018make-first \/ break-last\u2019 contacten voor aardingsdoeleinden.\" \/>\n<meta name=\"robots\" content=\"index, follow, max-snippet:-1, max-image-preview:large, max-video-preview:-1\" \/>\n<link rel=\"canonical\" href=\"https:\/\/vandapower.com\/be-nl\/batterijcomponenten-en-kabelassemblages\/stekkers\/app-powerpole-pak\/\" \/>\n<meta property=\"og:locale\" content=\"en_US\" \/>\n<meta property=\"og:type\" content=\"article\" \/>\n<meta property=\"og:title\" content=\"Anderson Power\u2122 PowerPole\u00ae Pak - Vandapower | Components and Cable Assemblies for Industrial Batteries\" \/>\n<meta property=\"og:description\" content=\"Powerpole Paks (Anderson Power Products) zijn behuizingen uit zwart thermoplast die aangebracht kunnen worden rond \u2018blokken\u2019 van Powerpole stekkers (10 tot 45 A). Ze zijn zeer bestendig tegen schokken en corrosie. Ze laten het eenvoudig koppelen en ontkoppelen van elektrische apparatuur toe in commerci\u00eble en industri\u00eble toepassingen. Kabelklemmen zorgen voor trekontlasting en de ge\u00efntegreerde vergrendeling voorkomt onvoorzien ontkoppelen van uw apparatuur. De drie types van behuizing \u2013 stekker met vergrendeling, stekker zonder vergrendeling en inklikbare \u2018vrouwelijke\u2019 behuizing \u2013 kunnen 2 tot 8 circuits bevatten. De Blindmate Powerpole Pak werd ontwikkeld om tegemoet te komen aan de vraag naar modulaire Blindmate-verbindingen van de stroomvoorzienings- en telecommunicatie-industrie. Deze behuizingen laten niet alleen toe om een 2\u00d74-configuratie van Anderson\u2019s 15\/45 Powerpole-stekkers blind te koppelen, maar even goed de 10 A en 30 A \u2018make-first \/ break-last\u2019 contacten voor aardingsdoeleinden.\" \/>\n<meta property=\"og:url\" content=\"https:\/\/vandapower.com\/be-nl\/batterijcomponenten-en-kabelassemblages\/stekkers\/app-powerpole-pak\/\" \/>\n<meta property=\"og:site_name\" content=\"Vandapower | Components and Cable Assemblies for Industrial Batteries\" \/>\n<meta property=\"article:modified_time\" content=\"2023-07-11T07:36:59+00:00\" \/>\n<meta name=\"twitter:card\" content=\"summary_large_image\" \/>\n<meta name=\"twitter:label1\" content=\"Est. reading time\" \/>\n\t<meta name=\"twitter:data1\" content=\"3 minutes\" \/>\n<script type=\"application\/ld+json\" class=\"yoast-schema-graph\">{\"@context\":\"https:\\\/\\\/schema.org\",\"@graph\":[{\"@type\":\"WebPage\",\"@id\":\"https:\\\/\\\/vandapower.com\\\/be-nl\\\/batterijcomponenten-en-kabelassemblages\\\/stekkers\\\/app-powerpole-pak\\\/\",\"url\":\"https:\\\/\\\/vandapower.com\\\/be-nl\\\/batterijcomponenten-en-kabelassemblages\\\/stekkers\\\/app-powerpole-pak\\\/\",\"name\":\"Anderson Power\u2122 PowerPole\u00ae Pak - Vandapower | Components and Cable Assemblies for Industrial Batteries\",\"isPartOf\":{\"@id\":\"https:\\\/\\\/vandapower.com\\\/be-nl\\\/#website\"},\"datePublished\":\"2021-07-05T13:46:30+00:00\",\"dateModified\":\"2023-07-11T07:36:59+00:00\",\"description\":\"Powerpole Paks (Anderson Power Products) zijn behuizingen uit zwart thermoplast die aangebracht kunnen worden rond \u2018blokken\u2019 van Powerpole stekkers (10 tot 45 A). Ze zijn zeer bestendig tegen schokken en corrosie. Ze laten het eenvoudig koppelen en ontkoppelen van elektrische apparatuur toe in commerci\u00eble en industri\u00eble toepassingen. Kabelklemmen zorgen voor trekontlasting en de ge\u00efntegreerde vergrendeling voorkomt onvoorzien ontkoppelen van uw apparatuur. De drie types van behuizing \u2013 stekker met vergrendeling, stekker zonder vergrendeling en inklikbare \u2018vrouwelijke\u2019 behuizing \u2013 kunnen 2 tot 8 circuits bevatten. De Blindmate Powerpole Pak werd ontwikkeld om tegemoet te komen aan de vraag naar modulaire Blindmate-verbindingen van de stroomvoorzienings- en telecommunicatie-industrie. Deze behuizingen laten niet alleen toe om een 2\u00d74-configuratie van Anderson\u2019s 15\\\/45 Powerpole-stekkers blind te koppelen, maar even goed de 10 A en 30 A \u2018make-first \\\/ break-last\u2019 contacten voor aardingsdoeleinden.\",\"breadcrumb\":{\"@id\":\"https:\\\/\\\/vandapower.com\\\/be-nl\\\/batterijcomponenten-en-kabelassemblages\\\/stekkers\\\/app-powerpole-pak\\\/#breadcrumb\"},\"inLanguage\":\"be-NL\",\"potentialAction\":[{\"@type\":\"ReadAction\",\"target\":[\"https:\\\/\\\/vandapower.com\\\/be-nl\\\/batterijcomponenten-en-kabelassemblages\\\/stekkers\\\/app-powerpole-pak\\\/\"]}]},{\"@type\":\"BreadcrumbList\",\"@id\":\"https:\\\/\\\/vandapower.com\\\/be-nl\\\/batterijcomponenten-en-kabelassemblages\\\/stekkers\\\/app-powerpole-pak\\\/#breadcrumb\",\"itemListElement\":[{\"@type\":\"ListItem\",\"position\":1,\"name\":\"Home\",\"item\":\"https:\\\/\\\/vandapower.com\\\/be-nl\\\/\"},{\"@type\":\"ListItem\",\"position\":2,\"name\":\"Batterijcomponenten\",\"item\":\"https:\\\/\\\/vandapower.com\\\/be-nl\\\/batterijcomponenten-en-kabelassemblages\\\/\"},{\"@type\":\"ListItem\",\"position\":3,\"name\":\"Stekkers\",\"item\":\"https:\\\/\\\/vandapower.com\\\/be-nl\\\/batterijcomponenten-en-kabelassemblages\\\/stekkers\\\/\"},{\"@type\":\"ListItem\",\"position\":4,\"name\":\"Anderson Power\u2122 PowerPole\u00ae Pak\"}]},{\"@type\":\"WebSite\",\"@id\":\"https:\\\/\\\/vandapower.com\\\/be-nl\\\/#website\",\"url\":\"https:\\\/\\\/vandapower.com\\\/be-nl\\\/\",\"name\":\"Vandapower | Components and Cable Assemblies for Industrial Batteries\",\"description\":\"Through our product knowledge, our buffer stock and our flexible organization, we can deliver your components for industrial batteries quickly and customized to your needs\",\"publisher\":{\"@id\":\"https:\\\/\\\/vandapower.com\\\/be-nl\\\/#organization\"},\"potentialAction\":[{\"@type\":\"SearchAction\",\"target\":{\"@type\":\"EntryPoint\",\"urlTemplate\":\"https:\\\/\\\/vandapower.com\\\/be-nl\\\/?s={search_term_string}\"},\"query-input\":{\"@type\":\"PropertyValueSpecification\",\"valueRequired\":true,\"valueName\":\"search_term_string\"}}],\"inLanguage\":\"be-NL\"},{\"@type\":\"Organization\",\"@id\":\"https:\\\/\\\/vandapower.com\\\/be-nl\\\/#organization\",\"name\":\"Vandapower\",\"url\":\"https:\\\/\\\/vandapower.com\\\/be-nl\\\/\",\"logo\":{\"@type\":\"ImageObject\",\"inLanguage\":\"be-NL\",\"@id\":\"https:\\\/\\\/vandapower.com\\\/be-nl\\\/#\\\/schema\\\/logo\\\/image\\\/\",\"url\":\"https:\\\/\\\/vandapower.eu\\\/wp-content\\\/uploads\\\/2021\\\/07\\\/logo-Vandapower-tagline.svg\",\"contentUrl\":\"https:\\\/\\\/vandapower.eu\\\/wp-content\\\/uploads\\\/2021\\\/07\\\/logo-Vandapower-tagline.svg\",\"width\":1321,\"height\":1088,\"caption\":\"Vandapower\"},\"image\":{\"@id\":\"https:\\\/\\\/vandapower.com\\\/be-nl\\\/#\\\/schema\\\/logo\\\/image\\\/\"}}]}<\/script>\n<!-- \/ Yoast SEO plugin. -->","yoast_head_json":{"title":"Anderson Power\u2122 PowerPole\u00ae Pak - Vandapower | Components and Cable Assemblies for Industrial Batteries","description":"Powerpole Paks (Anderson Power Products) zijn behuizingen uit zwart thermoplast die aangebracht kunnen worden rond \u2018blokken\u2019 van Powerpole stekkers (10 tot 45 A). Ze zijn zeer bestendig tegen schokken en corrosie. Ze laten het eenvoudig koppelen en ontkoppelen van elektrische apparatuur toe in commerci\u00eble en industri\u00eble toepassingen. Kabelklemmen zorgen voor trekontlasting en de ge\u00efntegreerde vergrendeling voorkomt onvoorzien ontkoppelen van uw apparatuur. De drie types van behuizing \u2013 stekker met vergrendeling, stekker zonder vergrendeling en inklikbare \u2018vrouwelijke\u2019 behuizing \u2013 kunnen 2 tot 8 circuits bevatten. De Blindmate Powerpole Pak werd ontwikkeld om tegemoet te komen aan de vraag naar modulaire Blindmate-verbindingen van de stroomvoorzienings- en telecommunicatie-industrie. Deze behuizingen laten niet alleen toe om een 2\u00d74-configuratie van Anderson\u2019s 15\/45 Powerpole-stekkers blind te koppelen, maar even goed de 10 A en 30 A \u2018make-first \/ break-last\u2019 contacten voor aardingsdoeleinden.","robots":{"index":"index","follow":"follow","max-snippet":"max-snippet:-1","max-image-preview":"max-image-preview:large","max-video-preview":"max-video-preview:-1"},"canonical":"https:\/\/vandapower.com\/be-nl\/batterijcomponenten-en-kabelassemblages\/stekkers\/app-powerpole-pak\/","og_locale":"en_US","og_type":"article","og_title":"Anderson Power\u2122 PowerPole\u00ae Pak - Vandapower | Components and Cable Assemblies for Industrial Batteries","og_description":"Powerpole Paks (Anderson Power Products) zijn behuizingen uit zwart thermoplast die aangebracht kunnen worden rond \u2018blokken\u2019 van Powerpole stekkers (10 tot 45 A). Ze zijn zeer bestendig tegen schokken en corrosie. Ze laten het eenvoudig koppelen en ontkoppelen van elektrische apparatuur toe in commerci\u00eble en industri\u00eble toepassingen. Kabelklemmen zorgen voor trekontlasting en de ge\u00efntegreerde vergrendeling voorkomt onvoorzien ontkoppelen van uw apparatuur. De drie types van behuizing \u2013 stekker met vergrendeling, stekker zonder vergrendeling en inklikbare \u2018vrouwelijke\u2019 behuizing \u2013 kunnen 2 tot 8 circuits bevatten. De Blindmate Powerpole Pak werd ontwikkeld om tegemoet te komen aan de vraag naar modulaire Blindmate-verbindingen van de stroomvoorzienings- en telecommunicatie-industrie. Deze behuizingen laten niet alleen toe om een 2\u00d74-configuratie van Anderson\u2019s 15\/45 Powerpole-stekkers blind te koppelen, maar even goed de 10 A en 30 A \u2018make-first \/ break-last\u2019 contacten voor aardingsdoeleinden.","og_url":"https:\/\/vandapower.com\/be-nl\/batterijcomponenten-en-kabelassemblages\/stekkers\/app-powerpole-pak\/","og_site_name":"Vandapower | Components and Cable Assemblies for Industrial Batteries","article_modified_time":"2023-07-11T07:36:59+00:00","twitter_card":"summary_large_image","twitter_misc":{"Est. reading time":"3 minutes"},"schema":{"@context":"https:\/\/schema.org","@graph":[{"@type":"WebPage","@id":"https:\/\/vandapower.com\/be-nl\/batterijcomponenten-en-kabelassemblages\/stekkers\/app-powerpole-pak\/","url":"https:\/\/vandapower.com\/be-nl\/batterijcomponenten-en-kabelassemblages\/stekkers\/app-powerpole-pak\/","name":"Anderson Power\u2122 PowerPole\u00ae Pak - Vandapower | Components and Cable Assemblies for Industrial Batteries","isPartOf":{"@id":"https:\/\/vandapower.com\/be-nl\/#website"},"datePublished":"2021-07-05T13:46:30+00:00","dateModified":"2023-07-11T07:36:59+00:00","description":"Powerpole Paks (Anderson Power Products) zijn behuizingen uit zwart thermoplast die aangebracht kunnen worden rond \u2018blokken\u2019 van Powerpole stekkers (10 tot 45 A). Ze zijn zeer bestendig tegen schokken en corrosie. Ze laten het eenvoudig koppelen en ontkoppelen van elektrische apparatuur toe in commerci\u00eble en industri\u00eble toepassingen. Kabelklemmen zorgen voor trekontlasting en de ge\u00efntegreerde vergrendeling voorkomt onvoorzien ontkoppelen van uw apparatuur. De drie types van behuizing \u2013 stekker met vergrendeling, stekker zonder vergrendeling en inklikbare \u2018vrouwelijke\u2019 behuizing \u2013 kunnen 2 tot 8 circuits bevatten. De Blindmate Powerpole Pak werd ontwikkeld om tegemoet te komen aan de vraag naar modulaire Blindmate-verbindingen van de stroomvoorzienings- en telecommunicatie-industrie. Deze behuizingen laten niet alleen toe om een 2\u00d74-configuratie van Anderson\u2019s 15\/45 Powerpole-stekkers blind te koppelen, maar even goed de 10 A en 30 A \u2018make-first \/ break-last\u2019 contacten voor aardingsdoeleinden.","breadcrumb":{"@id":"https:\/\/vandapower.com\/be-nl\/batterijcomponenten-en-kabelassemblages\/stekkers\/app-powerpole-pak\/#breadcrumb"},"inLanguage":"be-NL","potentialAction":[{"@type":"ReadAction","target":["https:\/\/vandapower.com\/be-nl\/batterijcomponenten-en-kabelassemblages\/stekkers\/app-powerpole-pak\/"]}]},{"@type":"BreadcrumbList","@id":"https:\/\/vandapower.com\/be-nl\/batterijcomponenten-en-kabelassemblages\/stekkers\/app-powerpole-pak\/#breadcrumb","itemListElement":[{"@type":"ListItem","position":1,"name":"Home","item":"https:\/\/vandapower.com\/be-nl\/"},{"@type":"ListItem","position":2,"name":"Batterijcomponenten","item":"https:\/\/vandapower.com\/be-nl\/batterijcomponenten-en-kabelassemblages\/"},{"@type":"ListItem","position":3,"name":"Stekkers","item":"https:\/\/vandapower.com\/be-nl\/batterijcomponenten-en-kabelassemblages\/stekkers\/"},{"@type":"ListItem","position":4,"name":"Anderson Power\u2122 PowerPole\u00ae Pak"}]},{"@type":"WebSite","@id":"https:\/\/vandapower.com\/be-nl\/#website","url":"https:\/\/vandapower.com\/be-nl\/","name":"Vandapower | Components and Cable Assemblies for Industrial Batteries","description":"Through our product knowledge, our buffer stock and our flexible organization, we can deliver your components for industrial batteries quickly and customized to your needs","publisher":{"@id":"https:\/\/vandapower.com\/be-nl\/#organization"},"potentialAction":[{"@type":"SearchAction","target":{"@type":"EntryPoint","urlTemplate":"https:\/\/vandapower.com\/be-nl\/?s={search_term_string}"},"query-input":{"@type":"PropertyValueSpecification","valueRequired":true,"valueName":"search_term_string"}}],"inLanguage":"be-NL"},{"@type":"Organization","@id":"https:\/\/vandapower.com\/be-nl\/#organization","name":"Vandapower","url":"https:\/\/vandapower.com\/be-nl\/","logo":{"@type":"ImageObject","inLanguage":"be-NL","@id":"https:\/\/vandapower.com\/be-nl\/#\/schema\/logo\/image\/","url":"https:\/\/vandapower.eu\/wp-content\/uploads\/2021\/07\/logo-Vandapower-tagline.svg","contentUrl":"https:\/\/vandapower.eu\/wp-content\/uploads\/2021\/07\/logo-Vandapower-tagline.svg","width":1321,"height":1088,"caption":"Vandapower"},"image":{"@id":"https:\/\/vandapower.com\/be-nl\/#\/schema\/logo\/image\/"}}]}},"_links":{"self":[{"href":"https:\/\/vandapower.com\/be-nl\/wp-json\/wp\/v2\/pages\/2715","targetHints":{"allow":["GET"]}}],"collection":[{"href":"https:\/\/vandapower.com\/be-nl\/wp-json\/wp\/v2\/pages"}],"about":[{"href":"https:\/\/vandapower.com\/be-nl\/wp-json\/wp\/v2\/types\/page"}],"author":[{"embeddable":true,"href":"https:\/\/vandapower.com\/be-nl\/wp-json\/wp\/v2\/users\/1"}],"replies":[{"embeddable":true,"href":"https:\/\/vandapower.com\/be-nl\/wp-json\/wp\/v2\/comments?post=2715"}],"version-history":[{"count":10,"href":"https:\/\/vandapower.com\/be-nl\/wp-json\/wp\/v2\/pages\/2715\/revisions"}],"predecessor-version":[{"id":21482,"href":"https:\/\/vandapower.com\/be-nl\/wp-json\/wp\/v2\/pages\/2715\/revisions\/21482"}],"up":[{"embeddable":true,"href":"https:\/\/vandapower.com\/be-nl\/wp-json\/wp\/v2\/pages\/2391"}],"wp:attachment":[{"href":"https:\/\/vandapower.com\/be-nl\/wp-json\/wp\/v2\/media?parent=2715"}],"curies":[{"name":"wp","href":"https:\/\/api.w.org\/{rel}","templated":true}]}}