{"id":2393,"date":"2021-07-05T10:16:21","date_gmt":"2021-07-05T10:16:21","guid":{"rendered":"https:\/\/vandapower.eu\/?page_id=2393"},"modified":"2023-07-11T14:38:26","modified_gmt":"2023-07-11T12:38:26","slug":"frotek-celverbinders-eindkabels","status":"publish","type":"page","link":"https:\/\/vandapower.com\/be-nl\/batterijcomponenten-en-kabelassemblages\/frotek-celverbinders-eindkabels\/","title":{"rendered":"Celverbinders &#038; eindkabels"},"content":{"rendered":"<p>[et_pb_section fb_built=&#8221;1&#8243; _builder_version=&#8221;4.16&#8243; _module_preset=&#8221;default&#8221; custom_padding=&#8221;0px||0px||true|false&#8221; da_disable_devices=&#8221;off|off|off&#8221; global_colors_info=&#8221;{}&#8221; da_is_popup=&#8221;off&#8221; da_exit_intent=&#8221;off&#8221; da_has_close=&#8221;on&#8221; da_alt_close=&#8221;off&#8221; da_dark_close=&#8221;off&#8221; da_not_modal=&#8221;on&#8221; da_is_singular=&#8221;off&#8221; da_with_loader=&#8221;off&#8221; da_has_shadow=&#8221;on&#8221;][et_pb_row module_class=&#8221;usp-header&#8221; _builder_version=&#8221;4.14.5&#8243; _module_preset=&#8221;default&#8221; width=&#8221;85%&#8221; custom_padding=&#8221;||0px||false|false&#8221; global_module=&#8221;2256&#8243; saved_tabs=&#8221;all&#8221; global_colors_info=&#8221;{}&#8221;][et_pb_column type=&#8221;4_4&#8243; _builder_version=&#8221;4.16&#8243; _module_preset=&#8221;default&#8221; global_colors_info=&#8221;{}&#8221;][et_pb_blurb image=&#8221;https:\/\/vandapower.eu\/wp-content\/uploads\/\/2021\/07\/One-stop-Shop.svg&#8221; icon_placement=&#8221;left&#8221; image_icon_width=&#8221;20px&#8221; _builder_version=&#8221;4.16&#8243; _module_preset=&#8221;default&#8221; body_font_size=&#8221;14px&#8221; body_line_height=&#8221;1.4em&#8221; width=&#8221;13%&#8221; width_tablet=&#8221;30%&#8221; width_phone=&#8221;100%&#8221; width_last_edited=&#8221;on|phone&#8221; custom_margin=&#8221;0px||10px||false|false&#8221; custom_padding=&#8221;||0px|0px|false|false&#8221; link_option_url=&#8221;https:\/\/vandapower.eu\/en\/why-vandapower\/#onestop&#8221; custom_css_main_element=&#8221;display: inline-block;||&#8221; image_max_width=&#8221;20px&#8221; global_colors_info=&#8221;{}&#8221; content__hover_enabled=&#8221;off|hover&#8221; content__hover=&#8221;<\/p>\n<p><span style=%22text-decoration: underline;%22><span class=%22red%22>One-stop<\/span> shop<\/span><\/p>\n<p>&#8220;]<\/p>\n<p><span class=\"red\">One-stop<\/span> shop<\/p>\n<p>[\/et_pb_blurb][et_pb_blurb image=&#8221;https:\/\/vandapower.eu\/wp-content\/uploads\/\/2021\/07\/On-time-Delivery.svg&#8221; icon_placement=&#8221;left&#8221; image_icon_width=&#8221;20px&#8221; _builder_version=&#8221;4.16&#8243; _module_preset=&#8221;default&#8221; body_font_size=&#8221;14px&#8221; body_line_height=&#8221;1.4em&#8221; width=&#8221;16%&#8221; width_tablet=&#8221;30%&#8221; width_phone=&#8221;100%&#8221; width_last_edited=&#8221;on|phone&#8221; custom_margin=&#8221;0px||10px||false|false&#8221; custom_padding=&#8221;||0px|0px|false|false&#8221; link_option_url=&#8221;https:\/\/vandapower.eu\/en\/why-vandapower\/#ontime&#8221; custom_css_main_element=&#8221;display: inline-block;&#8221; image_max_width=&#8221;20px&#8221; global_colors_info=&#8221;{}&#8221; content__hover_enabled=&#8221;off|hover&#8221; content__hover=&#8221;<\/p>\n<p><span style=%22text-decoration: underline;%22><span class=%22red%22>Tijdige<\/span> levering<\/span><\/p>\n<p>&#8220;]<span class=\"red\">On-time<\/span> delivery[\/et_pb_blurb][et_pb_blurb image=&#8221;https:\/\/vandapower.eu\/wp-content\/uploads\/\/2021\/07\/Independent-Technical-Advice.svg&#8221; icon_placement=&#8221;left&#8221; image_icon_width=&#8221;18px&#8221; content_last_edited=&#8221;off|desktop&#8221; _builder_version=&#8221;4.19.4&#8243; _module_preset=&#8221;default&#8221; body_font_size=&#8221;14px&#8221; body_line_height=&#8221;2em&#8221; width=&#8221;25%&#8221; width_tablet=&#8221;39%&#8221; width_phone=&#8221;100%&#8221; width_last_edited=&#8221;on|phone&#8221; custom_margin=&#8221;||5px|-25px|false|false&#8221; custom_padding=&#8221;||0px|0px|false|false&#8221; link_option_url=&#8221;https:\/\/vandapower.eu\/en\/why-vandapower\/#independent&#8221; custom_css_main_element=&#8221;display: inline-block;&#8221; image_max_width=&#8221;18px&#8221; global_colors_info=&#8221;{}&#8221; content__hover_enabled=&#8221;off|desktop&#8221; content__hover=&#8221;<\/p>\n<p><span style=%22text-decoration: underline;%22>Onafhankelijk <span class=%22red%22>technisch advies<\/span><\/span><\/p>\n<p>&#8220;]<\/p>\n<p>Independant <span class=\"red\">technical advice<\/span><\/p>\n<p>[\/et_pb_blurb][\/et_pb_column][\/et_pb_row][\/et_pb_section][et_pb_section fb_built=&#8221;1&#8243; _builder_version=&#8221;4.16&#8243; _module_preset=&#8221;default&#8221; custom_padding=&#8221;0px||0px||false|false&#8221; da_disable_devices=&#8221;off|off|off&#8221; global_colors_info=&#8221;{}&#8221; da_is_popup=&#8221;off&#8221; da_exit_intent=&#8221;off&#8221; da_has_close=&#8221;on&#8221; da_alt_close=&#8221;off&#8221; da_dark_close=&#8221;off&#8221; da_not_modal=&#8221;on&#8221; da_is_singular=&#8221;off&#8221; da_with_loader=&#8221;off&#8221; da_has_shadow=&#8221;on&#8221;][et_pb_row _builder_version=&#8221;4.16&#8243; _module_preset=&#8221;default&#8221; global_colors_info=&#8221;{}&#8221;][et_pb_column type=&#8221;4_4&#8243; _builder_version=&#8221;4.16&#8243; _module_preset=&#8221;default&#8221; global_colors_info=&#8221;{}&#8221;][et_pb_text _builder_version=&#8221;4.16&#8243; _module_preset=&#8221;default&#8221; global_colors_info=&#8221;{}&#8221;]<\/p>\n<h1>Celverbinders &amp; eindkabels<\/h1>\n<p>[\/et_pb_text][et_pb_text _builder_version=&#8221;4.16&#8243; _module_preset=&#8221;default&#8221; custom_margin=&#8221;||40px||false|false&#8221; global_colors_info=&#8221;{}&#8221;]Koperen celverbinders, eindkabels en ge\u00efsoleerde verbindingsbouten voor lood-zuurbatterijen.[\/et_pb_text][\/et_pb_column][\/et_pb_row][\/et_pb_section][et_pb_section fb_built=&#8221;1&#8243; _builder_version=&#8221;4.16&#8243; _module_preset=&#8221;default&#8221; background_color=&#8221;#f5f5f5&#8243; da_disable_devices=&#8221;off|off|off&#8221; global_colors_info=&#8221;{}&#8221; da_is_popup=&#8221;off&#8221; da_exit_intent=&#8221;off&#8221; da_has_close=&#8221;on&#8221; da_alt_close=&#8221;off&#8221; da_dark_close=&#8221;off&#8221; da_not_modal=&#8221;on&#8221; da_is_singular=&#8221;off&#8221; da_with_loader=&#8221;off&#8221; da_has_shadow=&#8221;on&#8221;][et_pb_row column_structure=&#8221;1_4,1_4,1_4,1_4&#8243; use_custom_gutter=&#8221;on&#8221; gutter_width=&#8221;2&#8243; make_equal=&#8221;on&#8221; _builder_version=&#8221;4.16&#8243; _module_preset=&#8221;default&#8221; global_colors_info=&#8221;{}&#8221;][et_pb_column type=&#8221;1_4&#8243; _builder_version=&#8221;4.16&#8243; _module_preset=&#8221;default&#8221; global_colors_info=&#8221;{}&#8221;][et_pb_blurb title=&#8221;Celverbinders &#038; eindkabels&#8221; image=&#8221;https:\/\/vandapower.com\/wp-content\/uploads\/2023\/07\/intercell-connectors-and-take-off-leads-1.png&#8221; _builder_version=&#8221;4.21.0&#8243; _dynamic_attributes=&#8221;link_option_url&#8221; _module_preset=&#8221;default&#8221; header_text_align=&#8221;center&#8221; header_font_size=&#8221;16px&#8221; height=&#8221;320px&#8221; custom_margin=&#8221;||28px||false|false&#8221; custom_padding=&#8221;|0px||0px|false|true&#8221; link_option_url=&#8221;@ET-DC@eyJkeW5hbWljIjp0cnVlLCJjb250ZW50IjoicG9zdF9saW5rX3VybF9wYWdlIiwic2V0dGluZ3MiOnsicG9zdF9pZCI6IjI2MDEifX0=@&#8221; hover_enabled=&#8221;0&#8243; global_colors_info=&#8221;{}&#8221; header_text_color__hover_enabled=&#8221;on|desktop&#8221; header_text_color__hover=&#8221;#E41800&#8243; title_text=&#8221;intercell connectors and take off leads (1)&#8221; sticky_enabled=&#8221;0&#8243;][\/et_pb_blurb][\/et_pb_column][et_pb_column type=&#8221;1_4&#8243; _builder_version=&#8221;4.16&#8243; _module_preset=&#8221;default&#8221; global_colors_info=&#8221;{}&#8221;][\/et_pb_column][et_pb_column type=&#8221;1_4&#8243; _builder_version=&#8221;4.16&#8243; _module_preset=&#8221;default&#8221; global_colors_info=&#8221;{}&#8221;][\/et_pb_column][et_pb_column type=&#8221;1_4&#8243; _builder_version=&#8221;4.16&#8243; _module_preset=&#8221;default&#8221; global_colors_info=&#8221;{}&#8221;][\/et_pb_column][\/et_pb_row][\/et_pb_section]<\/p>\n","protected":false},"excerpt":{"rendered":"<p>One-stop shopOn-time deliveryIndependant technical adviceCelverbinders &amp; eindkabels Koperen celverbinders, eindkabels en ge\u00efsoleerde verbindingsbouten voor lood-zuurbatterijen.<\/p>\n","protected":false},"author":1,"featured_media":2326,"parent":65,"menu_order":0,"comment_status":"closed","ping_status":"closed","template":"","meta":{"_et_pb_use_builder":"on","_et_pb_old_content":"","_et_gb_content_width":"","om_disable_all_campaigns":false,"inline_featured_image":false,"_monsterinsights_skip_tracking":false,"_monsterinsights_sitenote_active":false,"_monsterinsights_sitenote_note":"","_monsterinsights_sitenote_category":0,"_uf_show_specific_survey":0,"_uf_disable_surveys":false,"footnotes":""},"class_list":["post-2393","page","type-page","status-publish","has-post-thumbnail","hentry"],"yoast_head":"<!-- This site is optimized with the Yoast SEO plugin v27.3 - https:\/\/yoast.com\/product\/yoast-seo-wordpress\/ -->\n<title>Celverbinders &amp; eindkabels -<\/title>\n<meta name=\"description\" content=\"Vandapower biedt koperen Celverbinders &amp; eindkabels en ge\u00efsoleerde verbindingsbouten voor lood-zuur batterijen. Van het merk FR\u00d6TEK celverbinders &amp; eindkabels. Vandapower heeft een uitgebreid gamma Fr\u00f6tek-verbinders: gelast en geperst (in standaard en \u2018Perfect Hawker\u2019-type),flexibele loodverbinders, massiee loodverbinders, hybride verbinders, laadverbinders. Wij leveren ook de eindkabels voor de aansluiting op batterijen met cellen van het geschroefde type, evenals verschillende types van schroeven en afdekkapjes.Naast de aparte componenten, kunnen wij deze ook assembleren. Wij leveren kabelsets met stekkers en andere onderdelen reeds gemonteerd.\" \/>\n<meta name=\"robots\" content=\"index, follow, max-snippet:-1, max-image-preview:large, max-video-preview:-1\" \/>\n<link rel=\"canonical\" href=\"https:\/\/vandapower.com\/be-nl\/batterijcomponenten-en-kabelassemblages\/frotek-celverbinders-eindkabels\/\" \/>\n<meta property=\"og:locale\" content=\"en_US\" \/>\n<meta property=\"og:type\" content=\"article\" \/>\n<meta property=\"og:title\" content=\"Celverbinders &amp; eindkabels -\" \/>\n<meta property=\"og:description\" content=\"Vandapower biedt koperen Celverbinders &amp; eindkabels en ge\u00efsoleerde verbindingsbouten voor lood-zuur batterijen. Van het merk FR\u00d6TEK celverbinders &amp; eindkabels. Vandapower heeft een uitgebreid gamma Fr\u00f6tek-verbinders: gelast en geperst (in standaard en \u2018Perfect Hawker\u2019-type),flexibele loodverbinders, massiee loodverbinders, hybride verbinders, laadverbinders. Wij leveren ook de eindkabels voor de aansluiting op batterijen met cellen van het geschroefde type, evenals verschillende types van schroeven en afdekkapjes.Naast de aparte componenten, kunnen wij deze ook assembleren. Wij leveren kabelsets met stekkers en andere onderdelen reeds gemonteerd.\" \/>\n<meta property=\"og:url\" content=\"https:\/\/vandapower.com\/be-nl\/batterijcomponenten-en-kabelassemblages\/frotek-celverbinders-eindkabels\/\" \/>\n<meta property=\"og:site_name\" content=\"Vandapower | Components and Cable Assemblies for Industrial Batteries\" \/>\n<meta property=\"article:modified_time\" content=\"2023-07-11T12:38:26+00:00\" \/>\n<meta property=\"og:image\" content=\"https:\/\/vandapower.com\/wp-content\/uploads\/2021\/07\/intercell.jpg\" \/>\n\t<meta property=\"og:image:width\" content=\"720\" \/>\n\t<meta property=\"og:image:height\" content=\"640\" \/>\n\t<meta property=\"og:image:type\" content=\"image\/jpeg\" \/>\n<meta name=\"twitter:card\" content=\"summary_large_image\" \/>\n<meta name=\"twitter:label1\" content=\"Est. reading time\" \/>\n\t<meta name=\"twitter:data1\" content=\"2 minutes\" \/>\n<script type=\"application\/ld+json\" class=\"yoast-schema-graph\">{\"@context\":\"https:\\\/\\\/schema.org\",\"@graph\":[{\"@type\":\"WebPage\",\"@id\":\"https:\\\/\\\/vandapower.com\\\/be-nl\\\/batterijcomponenten-en-kabelassemblages\\\/frotek-celverbinders-eindkabels\\\/\",\"url\":\"https:\\\/\\\/vandapower.com\\\/be-nl\\\/batterijcomponenten-en-kabelassemblages\\\/frotek-celverbinders-eindkabels\\\/\",\"name\":\"Celverbinders & eindkabels -\",\"isPartOf\":{\"@id\":\"https:\\\/\\\/vandapower.com\\\/be-nl\\\/#website\"},\"primaryImageOfPage\":{\"@id\":\"https:\\\/\\\/vandapower.com\\\/be-nl\\\/batterijcomponenten-en-kabelassemblages\\\/frotek-celverbinders-eindkabels\\\/#primaryimage\"},\"image\":{\"@id\":\"https:\\\/\\\/vandapower.com\\\/be-nl\\\/batterijcomponenten-en-kabelassemblages\\\/frotek-celverbinders-eindkabels\\\/#primaryimage\"},\"thumbnailUrl\":\"https:\\\/\\\/vandapower.com\\\/wp-content\\\/uploads\\\/2021\\\/07\\\/intercell.jpg\",\"datePublished\":\"2021-07-05T10:16:21+00:00\",\"dateModified\":\"2023-07-11T12:38:26+00:00\",\"description\":\"Vandapower biedt koperen Celverbinders & eindkabels en ge\u00efsoleerde verbindingsbouten voor lood-zuur batterijen. Van het merk FR\u00d6TEK celverbinders & eindkabels. Vandapower heeft een uitgebreid gamma Fr\u00f6tek-verbinders: gelast en geperst (in standaard en \u2018Perfect Hawker\u2019-type),flexibele loodverbinders, massiee loodverbinders, hybride verbinders, laadverbinders. Wij leveren ook de eindkabels voor de aansluiting op batterijen met cellen van het geschroefde type, evenals verschillende types van schroeven en afdekkapjes.Naast de aparte componenten, kunnen wij deze ook assembleren. Wij leveren kabelsets met stekkers en andere onderdelen reeds gemonteerd.\",\"breadcrumb\":{\"@id\":\"https:\\\/\\\/vandapower.com\\\/be-nl\\\/batterijcomponenten-en-kabelassemblages\\\/frotek-celverbinders-eindkabels\\\/#breadcrumb\"},\"inLanguage\":\"be-NL\",\"potentialAction\":[{\"@type\":\"ReadAction\",\"target\":[\"https:\\\/\\\/vandapower.com\\\/be-nl\\\/batterijcomponenten-en-kabelassemblages\\\/frotek-celverbinders-eindkabels\\\/\"]}]},{\"@type\":\"ImageObject\",\"inLanguage\":\"be-NL\",\"@id\":\"https:\\\/\\\/vandapower.com\\\/be-nl\\\/batterijcomponenten-en-kabelassemblages\\\/frotek-celverbinders-eindkabels\\\/#primaryimage\",\"url\":\"https:\\\/\\\/vandapower.com\\\/wp-content\\\/uploads\\\/2021\\\/07\\\/intercell.jpg\",\"contentUrl\":\"https:\\\/\\\/vandapower.com\\\/wp-content\\\/uploads\\\/2021\\\/07\\\/intercell.jpg\",\"width\":720,\"height\":640},{\"@type\":\"BreadcrumbList\",\"@id\":\"https:\\\/\\\/vandapower.com\\\/be-nl\\\/batterijcomponenten-en-kabelassemblages\\\/frotek-celverbinders-eindkabels\\\/#breadcrumb\",\"itemListElement\":[{\"@type\":\"ListItem\",\"position\":1,\"name\":\"Home\",\"item\":\"https:\\\/\\\/vandapower.com\\\/be-nl\\\/\"},{\"@type\":\"ListItem\",\"position\":2,\"name\":\"Batterijcomponenten\",\"item\":\"https:\\\/\\\/vandapower.com\\\/be-nl\\\/batterijcomponenten-en-kabelassemblages\\\/\"},{\"@type\":\"ListItem\",\"position\":3,\"name\":\"Celverbinders &#038; eindkabels\"}]},{\"@type\":\"WebSite\",\"@id\":\"https:\\\/\\\/vandapower.com\\\/be-nl\\\/#website\",\"url\":\"https:\\\/\\\/vandapower.com\\\/be-nl\\\/\",\"name\":\"Vandapower | Components and Cable Assemblies for Industrial Batteries\",\"description\":\"Through our product knowledge, our buffer stock and our flexible organization, we can deliver your components for industrial batteries quickly and customized to your needs\",\"publisher\":{\"@id\":\"https:\\\/\\\/vandapower.com\\\/be-nl\\\/#organization\"},\"potentialAction\":[{\"@type\":\"SearchAction\",\"target\":{\"@type\":\"EntryPoint\",\"urlTemplate\":\"https:\\\/\\\/vandapower.com\\\/be-nl\\\/?s={search_term_string}\"},\"query-input\":{\"@type\":\"PropertyValueSpecification\",\"valueRequired\":true,\"valueName\":\"search_term_string\"}}],\"inLanguage\":\"be-NL\"},{\"@type\":\"Organization\",\"@id\":\"https:\\\/\\\/vandapower.com\\\/be-nl\\\/#organization\",\"name\":\"Vandapower\",\"url\":\"https:\\\/\\\/vandapower.com\\\/be-nl\\\/\",\"logo\":{\"@type\":\"ImageObject\",\"inLanguage\":\"be-NL\",\"@id\":\"https:\\\/\\\/vandapower.com\\\/be-nl\\\/#\\\/schema\\\/logo\\\/image\\\/\",\"url\":\"https:\\\/\\\/vandapower.eu\\\/wp-content\\\/uploads\\\/2021\\\/07\\\/logo-Vandapower-tagline.svg\",\"contentUrl\":\"https:\\\/\\\/vandapower.eu\\\/wp-content\\\/uploads\\\/2021\\\/07\\\/logo-Vandapower-tagline.svg\",\"width\":1321,\"height\":1088,\"caption\":\"Vandapower\"},\"image\":{\"@id\":\"https:\\\/\\\/vandapower.com\\\/be-nl\\\/#\\\/schema\\\/logo\\\/image\\\/\"}}]}<\/script>\n<!-- \/ Yoast SEO plugin. -->","yoast_head_json":{"title":"Celverbinders & eindkabels -","description":"Vandapower biedt koperen Celverbinders & eindkabels en ge\u00efsoleerde verbindingsbouten voor lood-zuur batterijen. Van het merk FR\u00d6TEK celverbinders & eindkabels. Vandapower heeft een uitgebreid gamma Fr\u00f6tek-verbinders: gelast en geperst (in standaard en \u2018Perfect Hawker\u2019-type),flexibele loodverbinders, massiee loodverbinders, hybride verbinders, laadverbinders. Wij leveren ook de eindkabels voor de aansluiting op batterijen met cellen van het geschroefde type, evenals verschillende types van schroeven en afdekkapjes.Naast de aparte componenten, kunnen wij deze ook assembleren. Wij leveren kabelsets met stekkers en andere onderdelen reeds gemonteerd.","robots":{"index":"index","follow":"follow","max-snippet":"max-snippet:-1","max-image-preview":"max-image-preview:large","max-video-preview":"max-video-preview:-1"},"canonical":"https:\/\/vandapower.com\/be-nl\/batterijcomponenten-en-kabelassemblages\/frotek-celverbinders-eindkabels\/","og_locale":"en_US","og_type":"article","og_title":"Celverbinders & eindkabels -","og_description":"Vandapower biedt koperen Celverbinders & eindkabels en ge\u00efsoleerde verbindingsbouten voor lood-zuur batterijen. Van het merk FR\u00d6TEK celverbinders & eindkabels. Vandapower heeft een uitgebreid gamma Fr\u00f6tek-verbinders: gelast en geperst (in standaard en \u2018Perfect Hawker\u2019-type),flexibele loodverbinders, massiee loodverbinders, hybride verbinders, laadverbinders. Wij leveren ook de eindkabels voor de aansluiting op batterijen met cellen van het geschroefde type, evenals verschillende types van schroeven en afdekkapjes.Naast de aparte componenten, kunnen wij deze ook assembleren. Wij leveren kabelsets met stekkers en andere onderdelen reeds gemonteerd.","og_url":"https:\/\/vandapower.com\/be-nl\/batterijcomponenten-en-kabelassemblages\/frotek-celverbinders-eindkabels\/","og_site_name":"Vandapower | Components and Cable Assemblies for Industrial Batteries","article_modified_time":"2023-07-11T12:38:26+00:00","og_image":[{"width":720,"height":640,"url":"https:\/\/vandapower.com\/wp-content\/uploads\/2021\/07\/intercell.jpg","type":"image\/jpeg"}],"twitter_card":"summary_large_image","twitter_misc":{"Est. reading time":"2 minutes"},"schema":{"@context":"https:\/\/schema.org","@graph":[{"@type":"WebPage","@id":"https:\/\/vandapower.com\/be-nl\/batterijcomponenten-en-kabelassemblages\/frotek-celverbinders-eindkabels\/","url":"https:\/\/vandapower.com\/be-nl\/batterijcomponenten-en-kabelassemblages\/frotek-celverbinders-eindkabels\/","name":"Celverbinders & eindkabels -","isPartOf":{"@id":"https:\/\/vandapower.com\/be-nl\/#website"},"primaryImageOfPage":{"@id":"https:\/\/vandapower.com\/be-nl\/batterijcomponenten-en-kabelassemblages\/frotek-celverbinders-eindkabels\/#primaryimage"},"image":{"@id":"https:\/\/vandapower.com\/be-nl\/batterijcomponenten-en-kabelassemblages\/frotek-celverbinders-eindkabels\/#primaryimage"},"thumbnailUrl":"https:\/\/vandapower.com\/wp-content\/uploads\/2021\/07\/intercell.jpg","datePublished":"2021-07-05T10:16:21+00:00","dateModified":"2023-07-11T12:38:26+00:00","description":"Vandapower biedt koperen Celverbinders & eindkabels en ge\u00efsoleerde verbindingsbouten voor lood-zuur batterijen. Van het merk FR\u00d6TEK celverbinders & eindkabels. Vandapower heeft een uitgebreid gamma Fr\u00f6tek-verbinders: gelast en geperst (in standaard en \u2018Perfect Hawker\u2019-type),flexibele loodverbinders, massiee loodverbinders, hybride verbinders, laadverbinders. Wij leveren ook de eindkabels voor de aansluiting op batterijen met cellen van het geschroefde type, evenals verschillende types van schroeven en afdekkapjes.Naast de aparte componenten, kunnen wij deze ook assembleren. Wij leveren kabelsets met stekkers en andere onderdelen reeds gemonteerd.","breadcrumb":{"@id":"https:\/\/vandapower.com\/be-nl\/batterijcomponenten-en-kabelassemblages\/frotek-celverbinders-eindkabels\/#breadcrumb"},"inLanguage":"be-NL","potentialAction":[{"@type":"ReadAction","target":["https:\/\/vandapower.com\/be-nl\/batterijcomponenten-en-kabelassemblages\/frotek-celverbinders-eindkabels\/"]}]},{"@type":"ImageObject","inLanguage":"be-NL","@id":"https:\/\/vandapower.com\/be-nl\/batterijcomponenten-en-kabelassemblages\/frotek-celverbinders-eindkabels\/#primaryimage","url":"https:\/\/vandapower.com\/wp-content\/uploads\/2021\/07\/intercell.jpg","contentUrl":"https:\/\/vandapower.com\/wp-content\/uploads\/2021\/07\/intercell.jpg","width":720,"height":640},{"@type":"BreadcrumbList","@id":"https:\/\/vandapower.com\/be-nl\/batterijcomponenten-en-kabelassemblages\/frotek-celverbinders-eindkabels\/#breadcrumb","itemListElement":[{"@type":"ListItem","position":1,"name":"Home","item":"https:\/\/vandapower.com\/be-nl\/"},{"@type":"ListItem","position":2,"name":"Batterijcomponenten","item":"https:\/\/vandapower.com\/be-nl\/batterijcomponenten-en-kabelassemblages\/"},{"@type":"ListItem","position":3,"name":"Celverbinders &#038; eindkabels"}]},{"@type":"WebSite","@id":"https:\/\/vandapower.com\/be-nl\/#website","url":"https:\/\/vandapower.com\/be-nl\/","name":"Vandapower | Components and Cable Assemblies for Industrial Batteries","description":"Through our product knowledge, our buffer stock and our flexible organization, we can deliver your components for industrial batteries quickly and customized to your needs","publisher":{"@id":"https:\/\/vandapower.com\/be-nl\/#organization"},"potentialAction":[{"@type":"SearchAction","target":{"@type":"EntryPoint","urlTemplate":"https:\/\/vandapower.com\/be-nl\/?s={search_term_string}"},"query-input":{"@type":"PropertyValueSpecification","valueRequired":true,"valueName":"search_term_string"}}],"inLanguage":"be-NL"},{"@type":"Organization","@id":"https:\/\/vandapower.com\/be-nl\/#organization","name":"Vandapower","url":"https:\/\/vandapower.com\/be-nl\/","logo":{"@type":"ImageObject","inLanguage":"be-NL","@id":"https:\/\/vandapower.com\/be-nl\/#\/schema\/logo\/image\/","url":"https:\/\/vandapower.eu\/wp-content\/uploads\/2021\/07\/logo-Vandapower-tagline.svg","contentUrl":"https:\/\/vandapower.eu\/wp-content\/uploads\/2021\/07\/logo-Vandapower-tagline.svg","width":1321,"height":1088,"caption":"Vandapower"},"image":{"@id":"https:\/\/vandapower.com\/be-nl\/#\/schema\/logo\/image\/"}}]}},"_links":{"self":[{"href":"https:\/\/vandapower.com\/be-nl\/wp-json\/wp\/v2\/pages\/2393","targetHints":{"allow":["GET"]}}],"collection":[{"href":"https:\/\/vandapower.com\/be-nl\/wp-json\/wp\/v2\/pages"}],"about":[{"href":"https:\/\/vandapower.com\/be-nl\/wp-json\/wp\/v2\/types\/page"}],"author":[{"embeddable":true,"href":"https:\/\/vandapower.com\/be-nl\/wp-json\/wp\/v2\/users\/1"}],"replies":[{"embeddable":true,"href":"https:\/\/vandapower.com\/be-nl\/wp-json\/wp\/v2\/comments?post=2393"}],"version-history":[{"count":10,"href":"https:\/\/vandapower.com\/be-nl\/wp-json\/wp\/v2\/pages\/2393\/revisions"}],"predecessor-version":[{"id":21742,"href":"https:\/\/vandapower.com\/be-nl\/wp-json\/wp\/v2\/pages\/2393\/revisions\/21742"}],"up":[{"embeddable":true,"href":"https:\/\/vandapower.com\/be-nl\/wp-json\/wp\/v2\/pages\/65"}],"wp:featuredmedia":[{"embeddable":true,"href":"https:\/\/vandapower.com\/be-nl\/wp-json\/wp\/v2\/media\/2326"}],"wp:attachment":[{"href":"https:\/\/vandapower.com\/be-nl\/wp-json\/wp\/v2\/media?parent=2393"}],"curies":[{"name":"wp","href":"https:\/\/api.w.org\/{rel}","templated":true}]}}